{"id":6215,"date":"2025-10-19T00:27:05","date_gmt":"2025-10-19T00:27:05","guid":{"rendered":"https:\/\/happyinaknit.com\/?post_type=product&#038;p=6215"},"modified":"2026-04-06T18:12:41","modified_gmt":"2026-04-06T18:12:41","slug":"lykke-blush-rotacinis-valas-prisukamiems-virbalams","status":"publish","type":"product","link":"https:\/\/happyinaknit.com\/ru\/product\/lykke-blush-rotacinis-valas-prisukamiems-virbalams\/","title":{"rendered":"Lykke Blush \u043a\u0440\u0443\u0442\u044f\u0449\u0430\u044f\u0441\u044f \u043b\u0435\u0441\u043a\u0430 \u0434\u043b\u044f \u0440\u0430\u0437\u044a\u0435\u043c\u043d\u044b\u0445 \u0441\u043f\u0438\u0446"},"content":{"rendered":"<p><strong>Lykke Blush<\/strong> \u0412\u0440\u0430\u0449\u0430\u044e\u0449\u0438\u0435\u0441\u044f \u0440\u043e\u043b\u0438\u043a\u0438 \u0438\u0437 \u043c\u044f\u0433\u043a\u043e\u0433\u043e \u043f\u043b\u0430\u0441\u0442\u0438\u043a\u0430 \u043d\u0435\u0436\u043d\u043e\u0433\u043e \u043f\u0435\u0440\u0441\u0438\u043a\u043e\u0432\u043e-\u0440\u043e\u0437\u043e\u0432\u043e\u0433\u043e \u0446\u0432\u0435\u0442\u0430. \u0420\u043e\u043b\u0438\u043a\u043e\u0432\u044b\u0435 \u0448\u0430\u0440\u043d\u0438\u0440\u044b \u0441\u043e \u0448\u043d\u0443\u0440\u0430\u043c\u0438 \u0438\u0437\u0433\u043e\u0442\u043e\u0432\u043b\u0435\u043d\u044b \u0438\u0437 \u043f\u0440\u043e\u0447\u043d\u043e\u0439 \u0441\u0442\u0430\u043b\u0438, \u0447\u0442\u043e \u043e\u0431\u0435\u0441\u043f\u0435\u0447\u0438\u0432\u0430\u0435\u0442 \u0441\u0442\u0430\u0431\u0438\u043b\u044c\u043d\u043e\u0435 \u0438 \u043f\u043b\u0430\u0432\u043d\u043e\u0435 \u0441\u043e\u0435\u0434\u0438\u043d\u0435\u043d\u0438\u0435. \u0420\u043e\u043b\u0438\u043a \u0432\u0440\u0430\u0449\u0430\u0435\u0442\u0441\u044f \u043d\u0430 360\u00b0, \u043f\u043e\u044d\u0442\u043e\u043c\u0443 \u043e\u043d \u043d\u0435 \u043f\u0435\u0440\u0435\u043a\u0440\u0443\u0447\u0438\u0432\u0430\u0435\u0442\u0441\u044f \u043f\u0440\u0438 \u0432\u044f\u0437\u0430\u043d\u0438\u0438 \u0438 \u043e\u0431\u0435\u0441\u043f\u0435\u0447\u0438\u0432\u0430\u0435\u0442 \u0434\u043e\u043f\u043e\u043b\u043d\u0438\u0442\u0435\u043b\u044c\u043d\u044b\u0439 \u043a\u043e\u043c\u0444\u043e\u0440\u0442.<\/p>\n<p>\u0423\u044d\u043b\u044c\u0441 \u043f\u043e\u0434\u0445\u043e\u0434\u0438\u0442 <b>Lykke<\/b>, <b>KnitPro<\/b>, <b>Lantern Moon<\/b> \u0438 <b>Wolle R\u00f6del<\/b> \u0440\u0430\u0437\u044a\u0435\u043c\u043d\u044b\u0445 \u0441\u043f\u0438\u0446<\/p>\n<p>\u0412 \u043a\u043e\u043c\u043f\u043b\u0435\u043a\u0442 \u0442\u0430\u043a\u0436\u0435 \u0432\u0445\u043e\u0434\u044f\u0442 \u043a\u043b\u044e\u0447 \u0434\u043b\u044f \u0437\u0430\u0442\u044f\u0436\u043a\u0438 \u0438 2 \u0442\u043e\u0440\u0446\u0435\u0432\u044b\u0445 \u0433\u043e\u043b\u043e\u0432\u043a\u0438.<\/p>\n<p>\u203c\ufe0f <i>\u041e\u0431\u0449\u0430\u044f \u0434\u043b\u0438\u043d\u0430 \u043f\u043e\u043a\u0430\u0437\u0430\u043d\u0430 \u0441 \u043f\u043e\u043c\u043e\u0449\u044c\u044e \u0448\u043d\u0443\u0440\u043e\u0432 - \u0440\u0435\u0430\u043b\u044c\u043d\u0430\u044f \u0434\u043b\u0438\u043d\u0430 \u043b\u0438\u043d\u0438\u0438 \u043a\u043e\u0440\u043e\u0447\u0435.<\/i><i><\/i><\/p>\n<p><b>\u0412 \u043a\u043e\u043c\u043f\u043b\u0435\u043a\u0442\u0435:<\/b><b><\/b><\/p>\n<p>-1 \u0432\u0440\u0430\u0449\u0430\u044e\u0449\u0438\u0439\u0441\u044f \u0440\u043e\u043b\u0438\u043a<\/p>\n<p>\u20222 \u0441\u0442\u043e\u043f\u043f\u0435\u0440\u0430<\/p>\n<p>\u20221 \u043a\u043b\u044e\u0447<\/p>\n<p><b>\u041c\u0430\u0442\u0435\u0440\u0438\u0430\u043b:<\/b> \u041c\u044f\u0433\u043a\u0438\u0439 \u043f\u043b\u0430\u0441\u0442\u0438\u043a, \u0441\u0442\u0430\u043b\u044c\u043d\u044b\u0435 \u043a\u043e\u043d\u043d\u0435\u043a\u0442\u043e\u0440\u044b<\/p>\n<p><b>\u0426\u0432\u0435\u0442:<\/b> \u041f\u0435\u0440\u0441\u0438\u043a\u043e\u0432\u043e-\u0440\u043e\u0437\u043e\u0432\u044b\u0439 (\u0440\u043e\u0437\u043e\u0432\u044b\u0439)<\/p>\n<p>\u041f\u0440\u0438\u043c\u0435\u0447\u0430\u043d\u0438\u0435: \u043e\u0442\u0442\u0435\u043d\u043a\u0438 \u0446\u0432\u0435\u0442\u043e\u0432 \u043c\u043e\u0433\u0443\u0442 \u043d\u0435\u0437\u043d\u0430\u0447\u0438\u0442\u0435\u043b\u044c\u043d\u043e \u043e\u0442\u043b\u0438\u0447\u0430\u0442\u044c\u0441\u044f \u0432 \u0437\u0430\u0432\u0438\u0441\u0438\u043c\u043e\u0441\u0442\u0438 \u043e\u0442 \u044d\u043a\u0440\u0430\u043d\u0430 \u0432\u0430\u0448\u0435\u0433\u043e \u0443\u0441\u0442\u0440\u043e\u0439\u0441\u0442\u0432\u0430.<\/p>","protected":false},"excerpt":{"rendered":"<p>Lykke Blush rotaciniai valai pagaminti i\u0161 mink\u0161to plastiko \u0161velnios persikin\u0117s ro\u017ein\u0117s spalvos. Valo jungtys su virbalais pagamintos i\u0161 tvirto plieno, u\u017etikrinan\u010dio stabil\u0173 ir skland\u0173 sujungim\u0105. Valas sukasi 360\u00b0, tod\u0117l mezgant nesusisuka ir suteikia papildomo patogumo. Valai tinka Lykke, KnitPro, Lantern Moon ir Wolle R\u00f6del prisukamiems virbalams. Rinkinyje taip pat yra u\u017ever\u017eimo raktelis ir 2 antgaliai. [&hellip;]<\/p>\n","protected":false},"featured_media":6217,"comment_status":"open","ping_status":"closed","template":"","meta":{"_acf_changed":false},"product_brand":[790],"product_cat":[15,19,864],"product_tag":[],"pro-kategorijos":[],"class_list":{"0":"post-6215","1":"product","2":"type-product","3":"status-publish","4":"has-post-thumbnail","6":"product_brand-lykke","7":"product_cat-visi-produktai","8":"product_cat-mezgimo-priemones","9":"product_cat-valai-virbalams","11":"first","12":"instock","13":"shipping-taxable","14":"purchasable","15":"product-type-variable"},"acf":[],"yoast_head":"<!-- This site is optimized with the Yoast SEO plugin v26.8 - https:\/\/yoast.com\/product\/yoast-seo-wordpress\/ -->\n<title>Lykke Blush Rotacinis Valas prisukamiems virbalams - Happyinaknit.com<\/title>\n<meta name=\"robots\" content=\"index, follow, max-snippet:-1, max-image-preview:large, max-video-preview:-1\" \/>\n<link rel=\"canonical\" href=\"https:\/\/happyinaknit.com\/ru\/product\/lykke-blush-rotacinis-valas-prisukamiems-virbalams\/\" \/>\n<meta property=\"og:locale\" content=\"ru_RU\" \/>\n<meta property=\"og:type\" content=\"article\" \/>\n<meta property=\"og:title\" content=\"Lykke Blush Rotacinis Valas prisukamiems virbalams - Happyinaknit.com\" \/>\n<meta property=\"og:description\" content=\"Lykke Blush rotaciniai valai pagaminti i\u0161 mink\u0161to plastiko \u0161velnios persikin\u0117s ro\u017ein\u0117s spalvos. Valo jungtys su virbalais pagamintos i\u0161 tvirto plieno, u\u017etikrinan\u010dio stabil\u0173 ir skland\u0173 sujungim\u0105. Valas sukasi 360\u00b0, tod\u0117l mezgant nesusisuka ir suteikia papildomo patogumo. Valai tinka Lykke, KnitPro, Lantern Moon ir Wolle R\u00f6del prisukamiems virbalams. Rinkinyje taip pat yra u\u017ever\u017eimo raktelis ir 2 antgaliai. [&hellip;]\" \/>\n<meta property=\"og:url\" content=\"https:\/\/happyinaknit.com\/ru\/product\/lykke-blush-rotacinis-valas-prisukamiems-virbalams\/\" \/>\n<meta property=\"og:site_name\" content=\"Happyinaknit.com\" \/>\n<meta property=\"article:modified_time\" content=\"2026-04-06T18:12:41+00:00\" \/>\n<meta property=\"og:image\" content=\"https:\/\/happyinaknit.com\/wp-content\/uploads\/2025\/10\/New-Pink-Swivel-Cords_1024x.jpg\" \/>\n\t<meta property=\"og:image:width\" content=\"1024\" \/>\n\t<meta property=\"og:image:height\" content=\"1024\" \/>\n\t<meta property=\"og:image:type\" content=\"image\/jpeg\" \/>\n<meta name=\"twitter:card\" content=\"summary_large_image\" \/>\n<meta name=\"twitter:label1\" content=\"\u041f\u0440\u0438\u043c\u0435\u0440\u043d\u043e\u0435 \u0432\u0440\u0435\u043c\u044f \u0434\u043b\u044f \u0447\u0442\u0435\u043d\u0438\u044f\" \/>\n\t<meta name=\"twitter:data1\" content=\"1 \u043c\u0438\u043d\u0443\u0442\u0430\" \/>\n<script type=\"application\/ld+json\" class=\"yoast-schema-graph\">{\"@context\":\"https:\/\/schema.org\",\"@graph\":[{\"@type\":\"WebPage\",\"@id\":\"https:\/\/happyinaknit.com\/produktas\/lykke-blush-rotacinis-valas-prisukamiems-virbalams\/\",\"url\":\"https:\/\/happyinaknit.com\/produktas\/lykke-blush-rotacinis-valas-prisukamiems-virbalams\/\",\"name\":\"Lykke Blush Rotacinis Valas prisukamiems virbalams - Happyinaknit.com\",\"isPartOf\":{\"@id\":\"https:\/\/happyinaknit.com\/lt\/#website\"},\"primaryImageOfPage\":{\"@id\":\"https:\/\/happyinaknit.com\/produktas\/lykke-blush-rotacinis-valas-prisukamiems-virbalams\/#primaryimage\"},\"image\":{\"@id\":\"https:\/\/happyinaknit.com\/produktas\/lykke-blush-rotacinis-valas-prisukamiems-virbalams\/#primaryimage\"},\"thumbnailUrl\":\"https:\/\/happyinaknit.com\/wp-content\/uploads\/2025\/10\/New-Pink-Swivel-Cords_1024x.jpg\",\"datePublished\":\"2025-10-19T00:27:05+00:00\",\"dateModified\":\"2026-04-06T18:12:41+00:00\",\"breadcrumb\":{\"@id\":\"https:\/\/happyinaknit.com\/produktas\/lykke-blush-rotacinis-valas-prisukamiems-virbalams\/#breadcrumb\"},\"inLanguage\":\"ru-RU\",\"potentialAction\":[{\"@type\":\"ReadAction\",\"target\":[\"https:\/\/happyinaknit.com\/produktas\/lykke-blush-rotacinis-valas-prisukamiems-virbalams\/\"]}]},{\"@type\":\"ImageObject\",\"inLanguage\":\"ru-RU\",\"@id\":\"https:\/\/happyinaknit.com\/produktas\/lykke-blush-rotacinis-valas-prisukamiems-virbalams\/#primaryimage\",\"url\":\"https:\/\/happyinaknit.com\/wp-content\/uploads\/2025\/10\/New-Pink-Swivel-Cords_1024x.jpg\",\"contentUrl\":\"https:\/\/happyinaknit.com\/wp-content\/uploads\/2025\/10\/New-Pink-Swivel-Cords_1024x.jpg\",\"width\":1024,\"height\":1024},{\"@type\":\"BreadcrumbList\",\"@id\":\"https:\/\/happyinaknit.com\/produktas\/lykke-blush-rotacinis-valas-prisukamiems-virbalams\/#breadcrumb\",\"itemListElement\":[{\"@type\":\"ListItem\",\"position\":1,\"name\":\"Home\",\"item\":\"https:\/\/happyinaknit.com\/lt\/\"},{\"@type\":\"ListItem\",\"position\":2,\"name\":\"Parduotuv\u0117\",\"item\":\"https:\/\/happyinaknit.com\/lt\/parduotuve\/\"},{\"@type\":\"ListItem\",\"position\":3,\"name\":\"Lykke Blush Rotacinis Valas prisukamiems virbalams\"}]},{\"@type\":\"WebSite\",\"@id\":\"https:\/\/happyinaknit.com\/lt\/#website\",\"url\":\"https:\/\/happyinaknit.com\/lt\/\",\"name\":\"Happyinaknit.com\",\"description\":\"\",\"potentialAction\":[{\"@type\":\"SearchAction\",\"target\":{\"@type\":\"EntryPoint\",\"urlTemplate\":\"https:\/\/happyinaknit.com\/lt\/?s={search_term_string}\"},\"query-input\":{\"@type\":\"PropertyValueSpecification\",\"valueRequired\":true,\"valueName\":\"search_term_string\"}}],\"inLanguage\":\"ru-RU\"}]}<\/script>\n<!-- \/ Yoast SEO plugin. -->","yoast_head_json":{"title":"Lykke Blush Rotacinis Valas prisukamiems virbalams - Happyinaknit.com","robots":{"index":"index","follow":"follow","max-snippet":"max-snippet:-1","max-image-preview":"max-image-preview:large","max-video-preview":"max-video-preview:-1"},"canonical":"https:\/\/happyinaknit.com\/ru\/product\/lykke-blush-rotacinis-valas-prisukamiems-virbalams\/","og_locale":"ru_RU","og_type":"article","og_title":"Lykke Blush Rotacinis Valas prisukamiems virbalams - Happyinaknit.com","og_description":"Lykke Blush rotaciniai valai pagaminti i\u0161 mink\u0161to plastiko \u0161velnios persikin\u0117s ro\u017ein\u0117s spalvos. Valo jungtys su virbalais pagamintos i\u0161 tvirto plieno, u\u017etikrinan\u010dio stabil\u0173 ir skland\u0173 sujungim\u0105. Valas sukasi 360\u00b0, tod\u0117l mezgant nesusisuka ir suteikia papildomo patogumo. Valai tinka Lykke, KnitPro, Lantern Moon ir Wolle R\u00f6del prisukamiems virbalams. Rinkinyje taip pat yra u\u017ever\u017eimo raktelis ir 2 antgaliai. [&hellip;]","og_url":"https:\/\/happyinaknit.com\/ru\/product\/lykke-blush-rotacinis-valas-prisukamiems-virbalams\/","og_site_name":"Happyinaknit.com","article_modified_time":"2026-04-06T18:12:41+00:00","og_image":[{"width":1024,"height":1024,"url":"https:\/\/happyinaknit.com\/wp-content\/uploads\/2025\/10\/New-Pink-Swivel-Cords_1024x.jpg","type":"image\/jpeg"}],"twitter_card":"summary_large_image","twitter_misc":{"\u041f\u0440\u0438\u043c\u0435\u0440\u043d\u043e\u0435 \u0432\u0440\u0435\u043c\u044f \u0434\u043b\u044f \u0447\u0442\u0435\u043d\u0438\u044f":"1 \u043c\u0438\u043d\u0443\u0442\u0430"},"schema":{"@context":"https:\/\/schema.org","@graph":[{"@type":"WebPage","@id":"https:\/\/happyinaknit.com\/produktas\/lykke-blush-rotacinis-valas-prisukamiems-virbalams\/","url":"https:\/\/happyinaknit.com\/produktas\/lykke-blush-rotacinis-valas-prisukamiems-virbalams\/","name":"Lykke Blush Rotacinis Valas prisukamiems virbalams - Happyinaknit.com","isPartOf":{"@id":"https:\/\/happyinaknit.com\/lt\/#website"},"primaryImageOfPage":{"@id":"https:\/\/happyinaknit.com\/produktas\/lykke-blush-rotacinis-valas-prisukamiems-virbalams\/#primaryimage"},"image":{"@id":"https:\/\/happyinaknit.com\/produktas\/lykke-blush-rotacinis-valas-prisukamiems-virbalams\/#primaryimage"},"thumbnailUrl":"https:\/\/happyinaknit.com\/wp-content\/uploads\/2025\/10\/New-Pink-Swivel-Cords_1024x.jpg","datePublished":"2025-10-19T00:27:05+00:00","dateModified":"2026-04-06T18:12:41+00:00","breadcrumb":{"@id":"https:\/\/happyinaknit.com\/produktas\/lykke-blush-rotacinis-valas-prisukamiems-virbalams\/#breadcrumb"},"inLanguage":"ru-RU","potentialAction":[{"@type":"ReadAction","target":["https:\/\/happyinaknit.com\/produktas\/lykke-blush-rotacinis-valas-prisukamiems-virbalams\/"]}]},{"@type":"ImageObject","inLanguage":"ru-RU","@id":"https:\/\/happyinaknit.com\/produktas\/lykke-blush-rotacinis-valas-prisukamiems-virbalams\/#primaryimage","url":"https:\/\/happyinaknit.com\/wp-content\/uploads\/2025\/10\/New-Pink-Swivel-Cords_1024x.jpg","contentUrl":"https:\/\/happyinaknit.com\/wp-content\/uploads\/2025\/10\/New-Pink-Swivel-Cords_1024x.jpg","width":1024,"height":1024},{"@type":"BreadcrumbList","@id":"https:\/\/happyinaknit.com\/produktas\/lykke-blush-rotacinis-valas-prisukamiems-virbalams\/#breadcrumb","itemListElement":[{"@type":"ListItem","position":1,"name":"Home","item":"https:\/\/happyinaknit.com\/lt\/"},{"@type":"ListItem","position":2,"name":"Parduotuv\u0117","item":"https:\/\/happyinaknit.com\/lt\/parduotuve\/"},{"@type":"ListItem","position":3,"name":"Lykke Blush Rotacinis Valas prisukamiems virbalams"}]},{"@type":"WebSite","@id":"https:\/\/happyinaknit.com\/lt\/#website","url":"https:\/\/happyinaknit.com\/lt\/","name":"Happyinaknit.com","description":"","potentialAction":[{"@type":"SearchAction","target":{"@type":"EntryPoint","urlTemplate":"https:\/\/happyinaknit.com\/lt\/?s={search_term_string}"},"query-input":{"@type":"PropertyValueSpecification","valueRequired":true,"valueName":"search_term_string"}}],"inLanguage":"ru-RU"}]}},"_links":{"self":[{"href":"https:\/\/happyinaknit.com\/ru\/wp-json\/wp\/v2\/product\/6215","targetHints":{"allow":["GET"]}}],"collection":[{"href":"https:\/\/happyinaknit.com\/ru\/wp-json\/wp\/v2\/product"}],"about":[{"href":"https:\/\/happyinaknit.com\/ru\/wp-json\/wp\/v2\/types\/product"}],"replies":[{"embeddable":true,"href":"https:\/\/happyinaknit.com\/ru\/wp-json\/wp\/v2\/comments?post=6215"}],"wp:featuredmedia":[{"embeddable":true,"href":"https:\/\/happyinaknit.com\/ru\/wp-json\/wp\/v2\/media\/6217"}],"wp:attachment":[{"href":"https:\/\/happyinaknit.com\/ru\/wp-json\/wp\/v2\/media?parent=6215"}],"wp:term":[{"taxonomy":"product_brand","embeddable":true,"href":"https:\/\/happyinaknit.com\/ru\/wp-json\/wp\/v2\/product_brand?post=6215"},{"taxonomy":"product_cat","embeddable":true,"href":"https:\/\/happyinaknit.com\/ru\/wp-json\/wp\/v2\/product_cat?post=6215"},{"taxonomy":"product_tag","embeddable":true,"href":"https:\/\/happyinaknit.com\/ru\/wp-json\/wp\/v2\/product_tag?post=6215"},{"taxonomy":"pro-kategorijos","embeddable":true,"href":"https:\/\/happyinaknit.com\/ru\/wp-json\/wp\/v2\/pro-kategorijos?post=6215"}],"curies":[{"name":"wp","href":"https:\/\/api.w.org\/{rel}","templated":true}]}}