{"id":6023,"date":"2025-10-18T21:01:23","date_gmt":"2025-10-18T21:01:23","guid":{"rendered":"https:\/\/happyinaknit.com\/?post_type=product&#038;p=6023"},"modified":"2026-03-13T12:40:57","modified_gmt":"2026-03-13T12:40:57","slug":"tulip-adatos-rinkinys-geltonas","status":"publish","type":"product","link":"https:\/\/happyinaknit.com\/ru\/product\/tulip-adatos-rinkinys-geltonas\/","title":{"rendered":"Tulip \u043d\u0430\u0431\u043e\u0440 \u0438\u0433\u043b \u0436\u0435\u043b\u0442\u044b\u0439"},"content":{"rendered":"<p>\u042d\u0442\u043e \u043d\u0430\u0431\u043e\u0440 \u0442\u043e\u043b\u0441\u0442\u044b\u0445 \u0433\u043e\u0431\u0435\u043b\u0435\u043d\u043e\u0432\u044b\u0445 \u0438\u0433\u043b \u0441 \u043f\u043e\u0437\u043e\u043b\u043e\u0447\u0435\u043d\u043d\u044b\u043c \u0443\u0448\u043a\u043e\u043c, \u043f\u0440\u0435\u0434\u043d\u0430\u0437\u043d\u0430\u0447\u0435\u043d\u043d\u044b\u0445 \u0434\u043b\u044f \u0448\u0438\u0442\u044c\u044f \u043f\u0440\u044f\u0436\u0435\u0439 \u0438 \u0442\u0440\u0438\u043a\u043e\u0442\u0430\u0436\u0430. \u0418\u0433\u043b\u044b \u0438\u0437\u0433\u043e\u0442\u043e\u0432\u043b\u0435\u043d\u044b \u0438\u0437 \u043d\u0438\u043a\u0435\u043b\u0438\u0440\u043e\u0432\u0430\u043d\u043d\u043e\u0439 \u0441\u0442\u0430\u043b\u0438, \u0438\u043c\u0435\u044e\u0442 \u0448\u0438\u0440\u043e\u043a\u043e\u0435, \u0443\u0434\u043b\u0438\u043d\u0435\u043d\u043d\u043e\u0435 \u0443\u0448\u043a\u043e \u0438 \u0442\u0443\u043f\u043e\u0439, \u0441\u043b\u0435\u0433\u043a\u0430 \u0438\u0437\u043e\u0433\u043d\u0443\u0442\u044b\u0439 \u043a\u043e\u043d\u0447\u0438\u043a, \u0431\u043b\u0430\u0433\u043e\u0434\u0430\u0440\u044f \u0447\u0435\u043c\u0443 \u043e\u043d\u0438 \u0438\u0434\u0435\u0430\u043b\u044c\u043d\u043e \u0441\u043a\u043e\u043b\u044c\u0437\u044f\u0442 \u043c\u0435\u0436\u0434\u0443 \u043f\u0435\u0442\u043b\u044f\u043c\u0438, \u043d\u0435 \u043f\u043e\u0432\u0440\u0435\u0436\u0434\u0430\u044f \u043f\u0440\u044f\u0436\u0443. \u041d\u0430\u0431\u043e\u0440 \u0443\u043f\u0430\u043a\u043e\u0432\u0430\u043d \u0432 \u043a\u043e\u043c\u043f\u0430\u043a\u0442\u043d\u044b\u0439 \u0444\u0443\u0442\u043b\u044f\u0440 \u0441 \u043c\u0430\u0433\u043d\u0438\u0442\u043d\u043e\u0439 \u0437\u0430\u0441\u0442\u0435\u0436\u043a\u043e\u0439 \u2013 \u0443\u0434\u043e\u0431\u043d\u043e \u0445\u0440\u0430\u043d\u0438\u0442\u044c \u0438 \u043f\u0435\u0440\u0435\u043d\u043e\u0441\u0438\u0442\u044c.<\/p>\n<p><b>\u0412 \u043a\u043e\u043c\u043f\u043b\u0435\u043a\u0442\u0435:<\/b><b><\/b><\/p>\n<p>\u2022\u2116 13 (2,40 \u00d7 70 \u043c\u043c)<\/p>\n<p>\u2022\u2116 15 (1,81 \u00d7 60 \u043c\u043c)<\/p>\n<p>\u2022\u2116 17 (1,35 \u00d7 54,5 \u043c\u043c)<\/p>\n<p>\u2022\u2116 20 (1,07 \u00d7 45,5 \u043c\u043c)<\/p>\n<p><b>\u041c\u0430\u0442\u0435\u0440\u0438\u0430\u043b:<\/b> \u043d\u0438\u043a\u0435\u043b\u0438\u0440\u043e\u0432\u0430\u043d\u043d\u0430\u044f \u0441\u0442\u0430\u043b\u044c, \u043f\u043e\u0437\u043e\u043b\u043e\u0447\u0435\u043d\u043d\u044b\u0439 \u043b\u044e\u0432\u0435\u0440\u0441<\/p>\n<p><b>\u0423\u043f\u0430\u043a\u043e\u0432\u043a\u0430:<\/b> \u0447\u0435\u0445\u043e\u043b \u0441 \u043c\u0430\u0433\u043d\u0438\u0442\u043d\u043e\u0439 \u0437\u0430\u0441\u0442\u0435\u0436\u043a\u043e\u0439<\/p>\n<p><b>\u0421\u0442\u0440\u0430\u043d\u0430 \u043f\u0440\u043e\u0438\u0441\u0445\u043e\u0436\u0434\u0435\u043d\u0438\u044f:<\/b> \u042f\u043f\u043e\u043d\u0438\u044f<\/p>\n<p>\u041f\u0440\u0438\u043c\u0435\u0447\u0430\u043d\u0438\u0435: \u043e\u0442\u0442\u0435\u043d\u043a\u0438 \u0446\u0432\u0435\u0442\u043e\u0432 \u043c\u043e\u0433\u0443\u0442 \u043d\u0435\u0437\u043d\u0430\u0447\u0438\u0442\u0435\u043b\u044c\u043d\u043e \u043e\u0442\u043b\u0438\u0447\u0430\u0442\u044c\u0441\u044f \u0432 \u0437\u0430\u0432\u0438\u0441\u0438\u043c\u043e\u0441\u0442\u0438 \u043e\u0442 \u044d\u043a\u0440\u0430\u043d\u0430 \u0432\u0430\u0448\u0435\u0433\u043e \u0443\u0441\u0442\u0440\u043e\u0439\u0441\u0442\u0432\u0430.<\/p>","protected":false},"excerpt":{"rendered":"<p>Tai stor\u0173 gobelenini\u0173 adat\u0173 rinkinys su paauksuota akut\u0117, skirtas si\u016blams ir trikota\u017einiams gaminiams si\u016bti. Adatos pagamintos i\u0161 nikeliuoto plieno, turi plat\u0173, pailg\u0105 akut\u0119 ir buk\u0105, \u0161iek tiek lenkt\u0105 galiuk\u0105, tod\u0117l puikiai slysta tarp mezgimo kilp\u0173 nepa\u017eeisdamos si\u016bl\u0173. Rinkinys supakuotas \u012f kompakti\u0161k\u0105 d\u0117kliuk\u0105 su magnetiniu u\u017esegimu \u2013 patogu laikyti ir ne\u0161iotis. Rinkinyje: \u2022Nr. 13 (2,40 \u00d7 [&hellip;]<\/p>\n","protected":false},"featured_media":6026,"comment_status":"open","ping_status":"closed","template":"","meta":{"_acf_changed":false},"product_brand":[757],"product_cat":[15,1080,20],"product_tag":[],"pro-kategorijos":[],"class_list":{"0":"post-6023","1":"product","2":"type-product","3":"status-publish","4":"has-post-thumbnail","6":"product_brand-tulip","7":"product_cat-visi-produktai","8":"product_cat-adatos","9":"product_cat-priedai-mezgimui","11":"first","12":"instock","13":"shipping-taxable","14":"purchasable","15":"product-type-simple"},"acf":[],"yoast_head":"<!-- This site is optimized with the Yoast SEO plugin v26.8 - https:\/\/yoast.com\/product\/yoast-seo-wordpress\/ -->\n<title>Tulip Adatos Rinkinys Geltonas - Happyinaknit.com<\/title>\n<meta name=\"robots\" content=\"index, follow, max-snippet:-1, max-image-preview:large, max-video-preview:-1\" \/>\n<link rel=\"canonical\" href=\"https:\/\/happyinaknit.com\/ru\/product\/tulip-adatos-rinkinys-geltonas\/\" \/>\n<meta property=\"og:locale\" content=\"ru_RU\" \/>\n<meta property=\"og:type\" content=\"article\" \/>\n<meta property=\"og:title\" content=\"Tulip Adatos Rinkinys Geltonas - Happyinaknit.com\" \/>\n<meta property=\"og:description\" content=\"Tai stor\u0173 gobelenini\u0173 adat\u0173 rinkinys su paauksuota akut\u0117, skirtas si\u016blams ir trikota\u017einiams gaminiams si\u016bti. Adatos pagamintos i\u0161 nikeliuoto plieno, turi plat\u0173, pailg\u0105 akut\u0119 ir buk\u0105, \u0161iek tiek lenkt\u0105 galiuk\u0105, tod\u0117l puikiai slysta tarp mezgimo kilp\u0173 nepa\u017eeisdamos si\u016bl\u0173. Rinkinys supakuotas \u012f kompakti\u0161k\u0105 d\u0117kliuk\u0105 su magnetiniu u\u017esegimu \u2013 patogu laikyti ir ne\u0161iotis. Rinkinyje: \u2022Nr. 13 (2,40 \u00d7 [&hellip;]\" \/>\n<meta property=\"og:url\" content=\"https:\/\/happyinaknit.com\/ru\/product\/tulip-adatos-rinkinys-geltonas\/\" \/>\n<meta property=\"og:site_name\" content=\"Happyinaknit.com\" \/>\n<meta property=\"article:modified_time\" content=\"2026-03-13T12:40:57+00:00\" \/>\n<meta property=\"og:image\" content=\"https:\/\/happyinaknit.com\/wp-content\/uploads\/2025\/10\/tapestry-needles-assorted-tulip-amicolle-bent-789x789.jpg.webp\" \/>\n\t<meta property=\"og:image:width\" content=\"789\" \/>\n\t<meta property=\"og:image:height\" content=\"789\" \/>\n\t<meta property=\"og:image:type\" content=\"image\/webp\" \/>\n<meta name=\"twitter:card\" content=\"summary_large_image\" \/>\n<script type=\"application\/ld+json\" class=\"yoast-schema-graph\">{\"@context\":\"https:\/\/schema.org\",\"@graph\":[{\"@type\":\"WebPage\",\"@id\":\"https:\/\/happyinaknit.com\/produktas\/tulip-adatos-rinkinys-geltonas\/\",\"url\":\"https:\/\/happyinaknit.com\/produktas\/tulip-adatos-rinkinys-geltonas\/\",\"name\":\"Tulip Adatos Rinkinys Geltonas - Happyinaknit.com\",\"isPartOf\":{\"@id\":\"https:\/\/happyinaknit.com\/lt\/#website\"},\"primaryImageOfPage\":{\"@id\":\"https:\/\/happyinaknit.com\/produktas\/tulip-adatos-rinkinys-geltonas\/#primaryimage\"},\"image\":{\"@id\":\"https:\/\/happyinaknit.com\/produktas\/tulip-adatos-rinkinys-geltonas\/#primaryimage\"},\"thumbnailUrl\":\"https:\/\/happyinaknit.com\/wp-content\/uploads\/2025\/10\/tapestry-needles-assorted-tulip-amicolle-bent-789x789.jpg.webp\",\"datePublished\":\"2025-10-18T21:01:23+00:00\",\"dateModified\":\"2026-03-13T12:40:57+00:00\",\"breadcrumb\":{\"@id\":\"https:\/\/happyinaknit.com\/produktas\/tulip-adatos-rinkinys-geltonas\/#breadcrumb\"},\"inLanguage\":\"ru-RU\",\"potentialAction\":[{\"@type\":\"ReadAction\",\"target\":[\"https:\/\/happyinaknit.com\/produktas\/tulip-adatos-rinkinys-geltonas\/\"]}]},{\"@type\":\"ImageObject\",\"inLanguage\":\"ru-RU\",\"@id\":\"https:\/\/happyinaknit.com\/produktas\/tulip-adatos-rinkinys-geltonas\/#primaryimage\",\"url\":\"https:\/\/happyinaknit.com\/wp-content\/uploads\/2025\/10\/tapestry-needles-assorted-tulip-amicolle-bent-789x789.jpg.webp\",\"contentUrl\":\"https:\/\/happyinaknit.com\/wp-content\/uploads\/2025\/10\/tapestry-needles-assorted-tulip-amicolle-bent-789x789.jpg.webp\",\"width\":789,\"height\":789},{\"@type\":\"BreadcrumbList\",\"@id\":\"https:\/\/happyinaknit.com\/produktas\/tulip-adatos-rinkinys-geltonas\/#breadcrumb\",\"itemListElement\":[{\"@type\":\"ListItem\",\"position\":1,\"name\":\"Home\",\"item\":\"https:\/\/happyinaknit.com\/lt\/\"},{\"@type\":\"ListItem\",\"position\":2,\"name\":\"Parduotuv\u0117\",\"item\":\"https:\/\/happyinaknit.com\/lt\/parduotuve\/\"},{\"@type\":\"ListItem\",\"position\":3,\"name\":\"Tulip Adatos Rinkinys Geltonas\"}]},{\"@type\":\"WebSite\",\"@id\":\"https:\/\/happyinaknit.com\/lt\/#website\",\"url\":\"https:\/\/happyinaknit.com\/lt\/\",\"name\":\"Happyinaknit.com\",\"description\":\"\",\"potentialAction\":[{\"@type\":\"SearchAction\",\"target\":{\"@type\":\"EntryPoint\",\"urlTemplate\":\"https:\/\/happyinaknit.com\/lt\/?s={search_term_string}\"},\"query-input\":{\"@type\":\"PropertyValueSpecification\",\"valueRequired\":true,\"valueName\":\"search_term_string\"}}],\"inLanguage\":\"ru-RU\"}]}<\/script>\n<!-- \/ Yoast SEO plugin. -->","yoast_head_json":{"title":"Tulip Adatos Rinkinys Geltonas - Happyinaknit.com","robots":{"index":"index","follow":"follow","max-snippet":"max-snippet:-1","max-image-preview":"max-image-preview:large","max-video-preview":"max-video-preview:-1"},"canonical":"https:\/\/happyinaknit.com\/ru\/product\/tulip-adatos-rinkinys-geltonas\/","og_locale":"ru_RU","og_type":"article","og_title":"Tulip Adatos Rinkinys Geltonas - Happyinaknit.com","og_description":"Tai stor\u0173 gobelenini\u0173 adat\u0173 rinkinys su paauksuota akut\u0117, skirtas si\u016blams ir trikota\u017einiams gaminiams si\u016bti. Adatos pagamintos i\u0161 nikeliuoto plieno, turi plat\u0173, pailg\u0105 akut\u0119 ir buk\u0105, \u0161iek tiek lenkt\u0105 galiuk\u0105, tod\u0117l puikiai slysta tarp mezgimo kilp\u0173 nepa\u017eeisdamos si\u016bl\u0173. Rinkinys supakuotas \u012f kompakti\u0161k\u0105 d\u0117kliuk\u0105 su magnetiniu u\u017esegimu \u2013 patogu laikyti ir ne\u0161iotis. Rinkinyje: \u2022Nr. 13 (2,40 \u00d7 [&hellip;]","og_url":"https:\/\/happyinaknit.com\/ru\/product\/tulip-adatos-rinkinys-geltonas\/","og_site_name":"Happyinaknit.com","article_modified_time":"2026-03-13T12:40:57+00:00","og_image":[{"width":789,"height":789,"url":"https:\/\/happyinaknit.com\/wp-content\/uploads\/2025\/10\/tapestry-needles-assorted-tulip-amicolle-bent-789x789.jpg.webp","type":"image\/webp"}],"twitter_card":"summary_large_image","schema":{"@context":"https:\/\/schema.org","@graph":[{"@type":"WebPage","@id":"https:\/\/happyinaknit.com\/produktas\/tulip-adatos-rinkinys-geltonas\/","url":"https:\/\/happyinaknit.com\/produktas\/tulip-adatos-rinkinys-geltonas\/","name":"Tulip Adatos Rinkinys Geltonas - Happyinaknit.com","isPartOf":{"@id":"https:\/\/happyinaknit.com\/lt\/#website"},"primaryImageOfPage":{"@id":"https:\/\/happyinaknit.com\/produktas\/tulip-adatos-rinkinys-geltonas\/#primaryimage"},"image":{"@id":"https:\/\/happyinaknit.com\/produktas\/tulip-adatos-rinkinys-geltonas\/#primaryimage"},"thumbnailUrl":"https:\/\/happyinaknit.com\/wp-content\/uploads\/2025\/10\/tapestry-needles-assorted-tulip-amicolle-bent-789x789.jpg.webp","datePublished":"2025-10-18T21:01:23+00:00","dateModified":"2026-03-13T12:40:57+00:00","breadcrumb":{"@id":"https:\/\/happyinaknit.com\/produktas\/tulip-adatos-rinkinys-geltonas\/#breadcrumb"},"inLanguage":"ru-RU","potentialAction":[{"@type":"ReadAction","target":["https:\/\/happyinaknit.com\/produktas\/tulip-adatos-rinkinys-geltonas\/"]}]},{"@type":"ImageObject","inLanguage":"ru-RU","@id":"https:\/\/happyinaknit.com\/produktas\/tulip-adatos-rinkinys-geltonas\/#primaryimage","url":"https:\/\/happyinaknit.com\/wp-content\/uploads\/2025\/10\/tapestry-needles-assorted-tulip-amicolle-bent-789x789.jpg.webp","contentUrl":"https:\/\/happyinaknit.com\/wp-content\/uploads\/2025\/10\/tapestry-needles-assorted-tulip-amicolle-bent-789x789.jpg.webp","width":789,"height":789},{"@type":"BreadcrumbList","@id":"https:\/\/happyinaknit.com\/produktas\/tulip-adatos-rinkinys-geltonas\/#breadcrumb","itemListElement":[{"@type":"ListItem","position":1,"name":"Home","item":"https:\/\/happyinaknit.com\/lt\/"},{"@type":"ListItem","position":2,"name":"Parduotuv\u0117","item":"https:\/\/happyinaknit.com\/lt\/parduotuve\/"},{"@type":"ListItem","position":3,"name":"Tulip Adatos Rinkinys Geltonas"}]},{"@type":"WebSite","@id":"https:\/\/happyinaknit.com\/lt\/#website","url":"https:\/\/happyinaknit.com\/lt\/","name":"Happyinaknit.com","description":"","potentialAction":[{"@type":"SearchAction","target":{"@type":"EntryPoint","urlTemplate":"https:\/\/happyinaknit.com\/lt\/?s={search_term_string}"},"query-input":{"@type":"PropertyValueSpecification","valueRequired":true,"valueName":"search_term_string"}}],"inLanguage":"ru-RU"}]}},"_links":{"self":[{"href":"https:\/\/happyinaknit.com\/ru\/wp-json\/wp\/v2\/product\/6023","targetHints":{"allow":["GET"]}}],"collection":[{"href":"https:\/\/happyinaknit.com\/ru\/wp-json\/wp\/v2\/product"}],"about":[{"href":"https:\/\/happyinaknit.com\/ru\/wp-json\/wp\/v2\/types\/product"}],"replies":[{"embeddable":true,"href":"https:\/\/happyinaknit.com\/ru\/wp-json\/wp\/v2\/comments?post=6023"}],"wp:featuredmedia":[{"embeddable":true,"href":"https:\/\/happyinaknit.com\/ru\/wp-json\/wp\/v2\/media\/6026"}],"wp:attachment":[{"href":"https:\/\/happyinaknit.com\/ru\/wp-json\/wp\/v2\/media?parent=6023"}],"wp:term":[{"taxonomy":"product_brand","embeddable":true,"href":"https:\/\/happyinaknit.com\/ru\/wp-json\/wp\/v2\/product_brand?post=6023"},{"taxonomy":"product_cat","embeddable":true,"href":"https:\/\/happyinaknit.com\/ru\/wp-json\/wp\/v2\/product_cat?post=6023"},{"taxonomy":"product_tag","embeddable":true,"href":"https:\/\/happyinaknit.com\/ru\/wp-json\/wp\/v2\/product_tag?post=6023"},{"taxonomy":"pro-kategorijos","embeddable":true,"href":"https:\/\/happyinaknit.com\/ru\/wp-json\/wp\/v2\/pro-kategorijos?post=6023"}],"curies":[{"name":"wp","href":"https:\/\/api.w.org\/{rel}","templated":true}]}}