{"id":6009,"date":"2025-10-18T20:29:04","date_gmt":"2025-10-18T20:29:04","guid":{"rendered":"https:\/\/happyinaknit.com\/?post_type=product&#038;p=6009"},"modified":"2025-10-27T17:22:15","modified_gmt":"2025-10-27T17:22:15","slug":"tulip-etimo-blue-vaselis","status":"publish","type":"product","link":"https:\/\/happyinaknit.com\/ru\/product\/tulip-etimo-blue-vaselis\/","title":{"rendered":"Tulip  Etimo Blue \u043a\u0440\u044e\u0447\u043e\u043a"},"content":{"rendered":"<p>\u041a\u0440\u044e\u0447\u043a\u0438 \u0434\u043b\u044f \u0432\u044f\u0437\u0430\u043d\u0438\u044f Tulip Etimo \u0441\u0435\u0440\u0438\u0438 Blue \u0443\u0434\u043e\u0431\u043d\u043e \u043b\u0435\u0436\u0430\u0442 \u0432 \u0440\u0443\u043a\u0435 \u0438 \u043e\u0431\u0435\u0441\u043f\u0435\u0447\u0438\u0432\u0430\u044e\u0442 \u043d\u0435\u0432\u0435\u0440\u043e\u044f\u0442\u043d\u043e \u043f\u043b\u0430\u0432\u043d\u043e\u0435 \u0432\u044f\u0437\u0430\u043d\u0438\u0435. \u042d\u0440\u0433\u043e\u043d\u043e\u043c\u0438\u0447\u043d\u0430\u044f \u0441\u0438\u043b\u0438\u043a\u043e\u043d\u043e\u0432\u0430\u044f \u0440\u0443\u0447\u043a\u0430 \u0441\u043e \u0441\u043f\u0435\u0446\u0438\u0430\u043b\u044c\u043d\u043e\u0439 \u0432\u044b\u0435\u043c\u043a\u043e\u0439 \u0434\u043b\u044f \u0431\u043e\u043b\u044c\u0448\u043e\u0433\u043e \u043f\u0430\u043b\u044c\u0446\u0430 \u0441\u043d\u0438\u0436\u0430\u0435\u0442 \u0443\u0441\u0442\u0430\u043b\u043e\u0441\u0442\u044c \u0440\u0443\u043a\u0438, \u0434\u0435\u043b\u0430\u044f \u044d\u0442\u043e\u0442 \u043a\u0440\u044e\u0447\u043e\u043a \u0438\u0434\u0435\u0430\u043b\u044c\u043d\u044b\u043c \u0432\u044b\u0431\u043e\u0440\u043e\u043c \u043a\u0430\u043a \u0434\u043b\u044f \u043d\u043e\u0432\u0438\u0447\u043a\u043e\u0432, \u0442\u0430\u043a \u0438 \u0434\u043b\u044f \u043f\u0440\u043e\u0444\u0435\u0441\u0441\u0438\u043e\u043d\u0430\u043b\u043e\u0432. \u0422\u0449\u0430\u0442\u0435\u043b\u044c\u043d\u043e \u043e\u0442\u043f\u043e\u043b\u0438\u0440\u043e\u0432\u0430\u043d\u043d\u0430\u044f \u0433\u043e\u043b\u043e\u0432\u043a\u0430  \u043a\u0440\u044e\u0447\u043a\u0430 \u0438\u0437\u0433\u043e\u0442\u043e\u0432\u043b\u0435\u043d\u0430 \u043f\u043e \u043e\u0440\u0438\u0433\u0438\u043d\u0430\u043b\u044c\u043d\u043e\u0439 \u0442\u0435\u0445\u043d\u043e\u043b\u043e\u0433\u0438\u0438 <i>Tulip<\/i> \u0447\u0442\u043e \u043f\u043e\u0437\u0432\u043e\u043b\u044f\u0435\u0442 \u043b\u0435\u0433\u043a\u043e \u043f\u043e\u0434\u0445\u0432\u0430\u0442\u044b\u0432\u0430\u0442\u044c  \u043d\u0438\u0442\u044c \u0438 \u043f\u043e\u0434\u0434\u0435\u0440\u0436\u0438\u0432\u0430\u0442\u044c \u0440\u0430\u0432\u043d\u043e\u043c\u0435\u0440\u043d\u043e\u0435 \u043d\u0430\u0442\u044f\u0436\u0435\u043d\u0438\u0435. \u0412\u0441\u0451 \u043f\u0440\u043e\u0434\u0443\u043c\u0430\u043d\u043e \u0434\u043e \u043c\u0435\u043b\u043e\u0447\u0435\u0439 \u2014 \u043e\u0442 \u044d\u0440\u0433\u043e\u043d\u043e\u043c\u0438\u043a\u0438 \u0434\u043e \u0446\u0432\u0435\u0442\u0430, \u043a\u043e\u0442\u043e\u0440\u044b\u0439 \u043c\u0435\u043d\u044f\u0435\u0442\u0441\u044f \u0432 \u0437\u0430\u0432\u0438\u0441\u0438\u043c\u043e\u0441\u0442\u0438 \u043e\u0442 \u0440\u0430\u0437\u043c\u0435\u0440\u0430.<\/p>\n<p><b>\u0414\u043b\u0438\u043d\u0430:<\/b> 15 \u0441\u043c<\/p>\n<p><b>\u041c\u0430\u0442\u0435\u0440\u0438\u0430\u043b:<\/b> \u0441\u0442\u0430\u043b\u044c<\/p>\n<p><b>\u0420\u0443\u0447\u043a\u0430:<\/b> \u0441\u0438\u043b\u0438\u043a\u043e\u043d<\/p>\n<p><b>\u0421\u0442\u0440\u0430\u043d\u0430 \u043f\u0440\u043e\u0438\u0441\u0445\u043e\u0436\u0434\u0435\u043d\u0438\u044f:<\/b> \u042f\u043f\u043e\u043d\u0438\u044f<\/p>\n<p>\u041f\u0440\u0438\u043c\u0435\u0447\u0430\u043d\u0438\u0435: \u043e\u0442\u0442\u0435\u043d\u043a\u0438 \u0446\u0432\u0435\u0442\u043e\u0432 \u043c\u043e\u0433\u0443\u0442 \u043d\u0435\u0437\u043d\u0430\u0447\u0438\u0442\u0435\u043b\u044c\u043d\u043e \u043e\u0442\u043b\u0438\u0447\u0430\u0442\u044c\u0441\u044f \u0432 \u0437\u0430\u0432\u0438\u0441\u0438\u043c\u043e\u0441\u0442\u0438 \u043e\u0442 \u044d\u043a\u0440\u0430\u043d\u0430 \u0432\u0430\u0448\u0435\u0433\u043e \u0443\u0441\u0442\u0440\u043e\u0439\u0441\u0442\u0432\u0430.<\/p>","protected":false},"excerpt":{"rendered":"<p>Tulip Etimo Blue serijos v\u0105\u0161eliai sukurti taip, kad nat\u016braliai priglust\u0173 prie rankos ir u\u017etikrint\u0173 itin skland\u0173 mezgim\u0105. D\u0117l ergonomi\u0161kos silikonin\u0117s rankenos su specialiu \u012fdubimu nyk\u0161\u010diui suma\u017einamas rankos nuovargis, tod\u0117l \u0161is v\u0105\u0161elis puikiai tinka tiek pradedantiesiems, tiek profesionalams. Precizi\u0161kai \u0161lifuota galvut\u0117, pagaminta naudojant originalius Tulip metodus, leid\u017eia lengvai paimti si\u016bl\u0105 ir palaikyti tolyg\u0173 tempim\u0105. Viskas apgalvota [&hellip;]<\/p>\n","protected":false},"featured_media":6012,"comment_status":"open","ping_status":"closed","template":"","meta":{"_acf_changed":false},"product_brand":[757],"product_cat":[15,19,870],"product_tag":[],"pro-kategorijos":[],"class_list":{"0":"post-6009","1":"product","2":"type-product","3":"status-publish","4":"has-post-thumbnail","6":"product_brand-tulip","7":"product_cat-visi-produktai","8":"product_cat-mezgimo-priemones","9":"product_cat-nerimo-vaseliai","11":"first","12":"outofstock","13":"shipping-taxable","14":"purchasable","15":"product-type-variable"},"acf":[],"yoast_head":"<!-- This site is optimized with the Yoast SEO plugin v26.8 - https:\/\/yoast.com\/product\/yoast-seo-wordpress\/ -->\n<title>Tulip Etimo Blue v\u0105\u0161elis - Happyinaknit.com<\/title>\n<meta name=\"robots\" content=\"index, follow, max-snippet:-1, max-image-preview:large, max-video-preview:-1\" \/>\n<link rel=\"canonical\" href=\"https:\/\/happyinaknit.com\/ru\/product\/tulip-etimo-blue-vaselis\/\" \/>\n<meta property=\"og:locale\" content=\"ru_RU\" \/>\n<meta property=\"og:type\" content=\"article\" \/>\n<meta property=\"og:title\" content=\"Tulip Etimo Blue v\u0105\u0161elis - Happyinaknit.com\" \/>\n<meta property=\"og:description\" content=\"Tulip Etimo Blue serijos v\u0105\u0161eliai sukurti taip, kad nat\u016braliai priglust\u0173 prie rankos ir u\u017etikrint\u0173 itin skland\u0173 mezgim\u0105. D\u0117l ergonomi\u0161kos silikonin\u0117s rankenos su specialiu \u012fdubimu nyk\u0161\u010diui suma\u017einamas rankos nuovargis, tod\u0117l \u0161is v\u0105\u0161elis puikiai tinka tiek pradedantiesiems, tiek profesionalams. Precizi\u0161kai \u0161lifuota galvut\u0117, pagaminta naudojant originalius Tulip metodus, leid\u017eia lengvai paimti si\u016bl\u0105 ir palaikyti tolyg\u0173 tempim\u0105. Viskas apgalvota [&hellip;]\" \/>\n<meta property=\"og:url\" content=\"https:\/\/happyinaknit.com\/ru\/product\/tulip-etimo-blue-vaselis\/\" \/>\n<meta property=\"og:site_name\" content=\"Happyinaknit.com\" \/>\n<meta property=\"article:modified_time\" content=\"2025-10-27T17:22:15+00:00\" \/>\n<meta property=\"og:image\" content=\"https:\/\/happyinaknit.com\/wp-content\/uploads\/2025\/10\/uncinetto-tulip-125mm-n4.jpg.webp\" \/>\n\t<meta property=\"og:image:width\" content=\"530\" \/>\n\t<meta property=\"og:image:height\" content=\"530\" \/>\n\t<meta property=\"og:image:type\" content=\"image\/webp\" \/>\n<meta name=\"twitter:card\" content=\"summary_large_image\" \/>\n<meta name=\"twitter:label1\" content=\"\u041f\u0440\u0438\u043c\u0435\u0440\u043d\u043e\u0435 \u0432\u0440\u0435\u043c\u044f \u0434\u043b\u044f \u0447\u0442\u0435\u043d\u0438\u044f\" \/>\n\t<meta name=\"twitter:data1\" content=\"1 \u043c\u0438\u043d\u0443\u0442\u0430\" \/>\n<script type=\"application\/ld+json\" class=\"yoast-schema-graph\">{\"@context\":\"https:\/\/schema.org\",\"@graph\":[{\"@type\":\"WebPage\",\"@id\":\"https:\/\/happyinaknit.com\/produktas\/tulip-etimo-blue-vaselis\/\",\"url\":\"https:\/\/happyinaknit.com\/produktas\/tulip-etimo-blue-vaselis\/\",\"name\":\"Tulip Etimo Blue v\u0105\u0161elis - Happyinaknit.com\",\"isPartOf\":{\"@id\":\"https:\/\/happyinaknit.com\/lt\/#website\"},\"primaryImageOfPage\":{\"@id\":\"https:\/\/happyinaknit.com\/produktas\/tulip-etimo-blue-vaselis\/#primaryimage\"},\"image\":{\"@id\":\"https:\/\/happyinaknit.com\/produktas\/tulip-etimo-blue-vaselis\/#primaryimage\"},\"thumbnailUrl\":\"https:\/\/happyinaknit.com\/wp-content\/uploads\/2025\/10\/uncinetto-tulip-125mm-n4.jpg.webp\",\"datePublished\":\"2025-10-18T20:29:04+00:00\",\"dateModified\":\"2025-10-27T17:22:15+00:00\",\"breadcrumb\":{\"@id\":\"https:\/\/happyinaknit.com\/produktas\/tulip-etimo-blue-vaselis\/#breadcrumb\"},\"inLanguage\":\"ru-RU\",\"potentialAction\":[{\"@type\":\"ReadAction\",\"target\":[\"https:\/\/happyinaknit.com\/produktas\/tulip-etimo-blue-vaselis\/\"]}]},{\"@type\":\"ImageObject\",\"inLanguage\":\"ru-RU\",\"@id\":\"https:\/\/happyinaknit.com\/produktas\/tulip-etimo-blue-vaselis\/#primaryimage\",\"url\":\"https:\/\/happyinaknit.com\/wp-content\/uploads\/2025\/10\/uncinetto-tulip-125mm-n4.jpg.webp\",\"contentUrl\":\"https:\/\/happyinaknit.com\/wp-content\/uploads\/2025\/10\/uncinetto-tulip-125mm-n4.jpg.webp\",\"width\":530,\"height\":530},{\"@type\":\"BreadcrumbList\",\"@id\":\"https:\/\/happyinaknit.com\/produktas\/tulip-etimo-blue-vaselis\/#breadcrumb\",\"itemListElement\":[{\"@type\":\"ListItem\",\"position\":1,\"name\":\"Home\",\"item\":\"https:\/\/happyinaknit.com\/lt\/\"},{\"@type\":\"ListItem\",\"position\":2,\"name\":\"Parduotuv\u0117\",\"item\":\"https:\/\/happyinaknit.com\/lt\/parduotuve\/\"},{\"@type\":\"ListItem\",\"position\":3,\"name\":\"Tulip Etimo Blue v\u0105\u0161elis\"}]},{\"@type\":\"WebSite\",\"@id\":\"https:\/\/happyinaknit.com\/lt\/#website\",\"url\":\"https:\/\/happyinaknit.com\/lt\/\",\"name\":\"Happyinaknit.com\",\"description\":\"\",\"potentialAction\":[{\"@type\":\"SearchAction\",\"target\":{\"@type\":\"EntryPoint\",\"urlTemplate\":\"https:\/\/happyinaknit.com\/lt\/?s={search_term_string}\"},\"query-input\":{\"@type\":\"PropertyValueSpecification\",\"valueRequired\":true,\"valueName\":\"search_term_string\"}}],\"inLanguage\":\"ru-RU\"}]}<\/script>\n<!-- \/ Yoast SEO plugin. -->","yoast_head_json":{"title":"Tulip Etimo Blue v\u0105\u0161elis - Happyinaknit.com","robots":{"index":"index","follow":"follow","max-snippet":"max-snippet:-1","max-image-preview":"max-image-preview:large","max-video-preview":"max-video-preview:-1"},"canonical":"https:\/\/happyinaknit.com\/ru\/product\/tulip-etimo-blue-vaselis\/","og_locale":"ru_RU","og_type":"article","og_title":"Tulip Etimo Blue v\u0105\u0161elis - Happyinaknit.com","og_description":"Tulip Etimo Blue serijos v\u0105\u0161eliai sukurti taip, kad nat\u016braliai priglust\u0173 prie rankos ir u\u017etikrint\u0173 itin skland\u0173 mezgim\u0105. D\u0117l ergonomi\u0161kos silikonin\u0117s rankenos su specialiu \u012fdubimu nyk\u0161\u010diui suma\u017einamas rankos nuovargis, tod\u0117l \u0161is v\u0105\u0161elis puikiai tinka tiek pradedantiesiems, tiek profesionalams. Precizi\u0161kai \u0161lifuota galvut\u0117, pagaminta naudojant originalius Tulip metodus, leid\u017eia lengvai paimti si\u016bl\u0105 ir palaikyti tolyg\u0173 tempim\u0105. Viskas apgalvota [&hellip;]","og_url":"https:\/\/happyinaknit.com\/ru\/product\/tulip-etimo-blue-vaselis\/","og_site_name":"Happyinaknit.com","article_modified_time":"2025-10-27T17:22:15+00:00","og_image":[{"width":530,"height":530,"url":"https:\/\/happyinaknit.com\/wp-content\/uploads\/2025\/10\/uncinetto-tulip-125mm-n4.jpg.webp","type":"image\/webp"}],"twitter_card":"summary_large_image","twitter_misc":{"\u041f\u0440\u0438\u043c\u0435\u0440\u043d\u043e\u0435 \u0432\u0440\u0435\u043c\u044f \u0434\u043b\u044f \u0447\u0442\u0435\u043d\u0438\u044f":"1 \u043c\u0438\u043d\u0443\u0442\u0430"},"schema":{"@context":"https:\/\/schema.org","@graph":[{"@type":"WebPage","@id":"https:\/\/happyinaknit.com\/produktas\/tulip-etimo-blue-vaselis\/","url":"https:\/\/happyinaknit.com\/produktas\/tulip-etimo-blue-vaselis\/","name":"Tulip Etimo Blue v\u0105\u0161elis - Happyinaknit.com","isPartOf":{"@id":"https:\/\/happyinaknit.com\/lt\/#website"},"primaryImageOfPage":{"@id":"https:\/\/happyinaknit.com\/produktas\/tulip-etimo-blue-vaselis\/#primaryimage"},"image":{"@id":"https:\/\/happyinaknit.com\/produktas\/tulip-etimo-blue-vaselis\/#primaryimage"},"thumbnailUrl":"https:\/\/happyinaknit.com\/wp-content\/uploads\/2025\/10\/uncinetto-tulip-125mm-n4.jpg.webp","datePublished":"2025-10-18T20:29:04+00:00","dateModified":"2025-10-27T17:22:15+00:00","breadcrumb":{"@id":"https:\/\/happyinaknit.com\/produktas\/tulip-etimo-blue-vaselis\/#breadcrumb"},"inLanguage":"ru-RU","potentialAction":[{"@type":"ReadAction","target":["https:\/\/happyinaknit.com\/produktas\/tulip-etimo-blue-vaselis\/"]}]},{"@type":"ImageObject","inLanguage":"ru-RU","@id":"https:\/\/happyinaknit.com\/produktas\/tulip-etimo-blue-vaselis\/#primaryimage","url":"https:\/\/happyinaknit.com\/wp-content\/uploads\/2025\/10\/uncinetto-tulip-125mm-n4.jpg.webp","contentUrl":"https:\/\/happyinaknit.com\/wp-content\/uploads\/2025\/10\/uncinetto-tulip-125mm-n4.jpg.webp","width":530,"height":530},{"@type":"BreadcrumbList","@id":"https:\/\/happyinaknit.com\/produktas\/tulip-etimo-blue-vaselis\/#breadcrumb","itemListElement":[{"@type":"ListItem","position":1,"name":"Home","item":"https:\/\/happyinaknit.com\/lt\/"},{"@type":"ListItem","position":2,"name":"Parduotuv\u0117","item":"https:\/\/happyinaknit.com\/lt\/parduotuve\/"},{"@type":"ListItem","position":3,"name":"Tulip Etimo Blue v\u0105\u0161elis"}]},{"@type":"WebSite","@id":"https:\/\/happyinaknit.com\/lt\/#website","url":"https:\/\/happyinaknit.com\/lt\/","name":"Happyinaknit.com","description":"","potentialAction":[{"@type":"SearchAction","target":{"@type":"EntryPoint","urlTemplate":"https:\/\/happyinaknit.com\/lt\/?s={search_term_string}"},"query-input":{"@type":"PropertyValueSpecification","valueRequired":true,"valueName":"search_term_string"}}],"inLanguage":"ru-RU"}]}},"_links":{"self":[{"href":"https:\/\/happyinaknit.com\/ru\/wp-json\/wp\/v2\/product\/6009","targetHints":{"allow":["GET"]}}],"collection":[{"href":"https:\/\/happyinaknit.com\/ru\/wp-json\/wp\/v2\/product"}],"about":[{"href":"https:\/\/happyinaknit.com\/ru\/wp-json\/wp\/v2\/types\/product"}],"replies":[{"embeddable":true,"href":"https:\/\/happyinaknit.com\/ru\/wp-json\/wp\/v2\/comments?post=6009"}],"wp:featuredmedia":[{"embeddable":true,"href":"https:\/\/happyinaknit.com\/ru\/wp-json\/wp\/v2\/media\/6012"}],"wp:attachment":[{"href":"https:\/\/happyinaknit.com\/ru\/wp-json\/wp\/v2\/media?parent=6009"}],"wp:term":[{"taxonomy":"product_brand","embeddable":true,"href":"https:\/\/happyinaknit.com\/ru\/wp-json\/wp\/v2\/product_brand?post=6009"},{"taxonomy":"product_cat","embeddable":true,"href":"https:\/\/happyinaknit.com\/ru\/wp-json\/wp\/v2\/product_cat?post=6009"},{"taxonomy":"product_tag","embeddable":true,"href":"https:\/\/happyinaknit.com\/ru\/wp-json\/wp\/v2\/product_tag?post=6009"},{"taxonomy":"pro-kategorijos","embeddable":true,"href":"https:\/\/happyinaknit.com\/ru\/wp-json\/wp\/v2\/pro-kategorijos?post=6009"}],"curies":[{"name":"wp","href":"https:\/\/api.w.org\/{rel}","templated":true}]}}