{"id":5958,"date":"2025-10-18T18:45:32","date_gmt":"2025-10-18T18:45:32","guid":{"rendered":"https:\/\/happyinaknit.com\/?post_type=product&#038;p=5958"},"modified":"2025-10-18T18:45:33","modified_gmt":"2025-10-18T18:45:33","slug":"tulip-plastikines-pagalbines-virbalai-pynems-su-zymekliu","status":"publish","type":"product","link":"https:\/\/happyinaknit.com\/ru\/product\/tulip-plastikines-pagalbines-virbalai-pynems-su-zymekliu\/","title":{"rendered":"\u041f\u043b\u0430\u0441\u0442\u0438\u043a\u043e\u0432\u044b\u0435 \u0441\u043f\u0438\u0446\u044b \u0434\u043b\u044f \u043a\u043e\u0441 Tulip   (\u0441 \u043c\u0430\u0440\u043a\u0435\u0440\u043e\u043c)"},"content":{"rendered":"<p>\u041d\u0430\u0431\u043e\u0440 \u043f\u043b\u0430\u0441\u0442\u0438\u043a\u043e\u0432\u044b\u0445 \u0441\u043f\u0438\u0446 \u0434\u043b\u044f \u0432\u044f\u0437\u0430\u043d\u0438\u044f \u043a\u043e\u0441 \u0438 \u0430\u0440\u0430\u043d\u043e\u0432\u044b\u0445 \u0443\u0437\u043e\u0440\u043e\u0432. \u042d\u0442\u0438 \u0432\u0441\u043f\u043e\u043c\u043e\u0433\u0430\u0442\u0435\u043b\u044c\u043d\u044b\u0435 \u0441\u043f\u0438\u0446\u044b \u043f\u043e\u0437\u0432\u043e\u043b\u044f\u044e\u0442 \u0443\u0434\u043e\u0431\u043d\u043e \u043f\u0435\u0440\u0435\u043c\u0435\u0449\u0430\u0442\u044c \u043f\u0435\u0442\u043b\u0438 \u0438 \u043f\u043e\u043b\u0443\u0447\u0430\u0442\u044c \u0430\u043a\u043a\u0443\u0440\u0430\u0442\u043d\u044b\u0435 \u043a\u043e\u0441\u044b \u0438\u043b\u0438 \u0434\u0440\u0443\u0433\u0438\u0435 \u0443\u0437\u043e\u0440\u044b \u0441 \u043f\u0435\u0442\u043b\u044f\u043c\u0438. \u041d\u0430 \u043a\u0430\u0436\u0434\u043e\u0439 \u0441\u043f\u0438\u0446\u0435 \u0435\u0441\u0442\u044c \u0443\u0434\u043e\u0431\u043d\u0430\u044f \u043c\u0435\u0442\u043a\u0430, \u043a\u043e\u0442\u043e\u0440\u0430\u044f \u043e\u0431\u043b\u0435\u0433\u0447\u0430\u0435\u0442 \u043e\u043f\u0440\u0435\u0434\u0435\u043b\u0435\u043d\u0438\u0435 \u0440\u0430\u0437\u043c\u0435\u0440\u0430.<\/p>\n<p><b>\u0412 \u043a\u043e\u043c\u043f\u043b\u0435\u043a\u0442 \u0432\u0445\u043e\u0434\u0438\u0442:<\/b> 3 \u0448\u0442.<\/p>\n<p><b>\u0414\u043b\u0438\u043d\u0430 \u0441\u043f\u0438\u0446\u044b:<\/b> 9,5 \u0441\u043c<\/p>\n<p><b>\u0420\u0430\u0437\u043c\u0435\u0440\u044b:<\/b><b><\/b><\/p>\n<p>\u2022<b>S<\/b> \u2013 3,25 \u043c\u043c<\/p>\n<p>\u2022<b>\u041c<\/b> \u2013 4,5 \u043c\u043c<\/p>\n<p>\u2022<b>L<\/b> \u2013 5,5 \u043c\u043c<\/p>\n<p><b>\u041c\u0430\u0442\u0435\u0440\u0438\u0430\u043b:<\/b> \u043f\u043b\u0430\u0441\u0442\u0438\u043a<\/p>\n<p><b>\u041f\u0440\u043e\u0438\u0437\u0432\u043e\u0434\u0438\u0442\u0435\u043b\u044c:<\/b> Tulip  (\u042f\u043f\u043e\u043d\u0438\u044f)<\/p>\n<p><b>\u041f\u0440\u0438\u043c\u0435\u0447\u0430\u043d\u0438\u0435:<\/b> \u0426\u0432\u0435\u0442\u043e\u0432\u044b\u0435 \u043e\u0442\u0442\u0435\u043d\u043a\u0438 \u043c\u043e\u0433\u0443\u0442 \u043d\u0435\u0437\u043d\u0430\u0447\u0438\u0442\u0435\u043b\u044c\u043d\u043e \u043e\u0442\u043b\u0438\u0447\u0430\u0442\u044c\u0441\u044f \u0432 \u0437\u0430\u0432\u0438\u0441\u0438\u043c\u043e\u0441\u0442\u0438 \u043e\u0442 \u044d\u043a\u0440\u0430\u043d\u0430 \u0432\u0430\u0448\u0435\u0433\u043e \u0443\u0441\u0442\u0440\u043e\u0439\u0441\u0442\u0432\u0430.<\/p>","protected":false},"excerpt":{"rendered":"<p>Plastikini\u0173 virbal\u0173 rinkinys pyn\u0117ms ir aran\u0173 ra\u0161tams megzti. \u0160ie pagalbiniai virbalai leid\u017eia patogiai perkelti akis ir i\u0161gauti tvarkingas pynes ar kitus ra\u0161tus su aki\u0173 persimetimais. Ant kiekvieno virbalo yra patogus \u017eymeklis, padedantis lengviau atskirti dyd\u017eius. Rinkin\u012f sudaro: 3 vnt. Virbalo ilgis: 9,5 cm Dyd\u017eiai: \u2022S \u2013 3,25 mm \u2022M \u2013 4,5 mm \u2022L \u2013 5,5 [&hellip;]<\/p>\n","protected":false},"featured_media":5959,"comment_status":"open","ping_status":"closed","template":"","meta":{"_acf_changed":false},"product_brand":[757],"product_cat":[15,19,866],"product_tag":[],"pro-kategorijos":[],"class_list":{"0":"post-5958","1":"product","2":"type-product","3":"status-publish","4":"has-post-thumbnail","6":"product_brand-tulip","7":"product_cat-visi-produktai","8":"product_cat-mezgimo-priemones","9":"product_cat-virbalai-pynems","11":"first","12":"instock","13":"shipping-taxable","14":"purchasable","15":"product-type-simple"},"acf":[],"yoast_head":"<!-- This site is optimized with the Yoast SEO plugin v26.8 - https:\/\/yoast.com\/product\/yoast-seo-wordpress\/ -->\n<title>Tulip Plastikin\u0117s Pagalbin\u0117s Virbalai Pyn\u0117ms (su \u017eymekliu) - Happyinaknit.com<\/title>\n<meta name=\"robots\" content=\"index, follow, max-snippet:-1, max-image-preview:large, max-video-preview:-1\" \/>\n<link rel=\"canonical\" href=\"https:\/\/happyinaknit.com\/ru\/product\/tulip-plastikines-pagalbines-virbalai-pynems-su-zymekliu\/\" \/>\n<meta property=\"og:locale\" content=\"ru_RU\" \/>\n<meta property=\"og:type\" content=\"article\" \/>\n<meta property=\"og:title\" content=\"Tulip Plastikin\u0117s Pagalbin\u0117s Virbalai Pyn\u0117ms (su \u017eymekliu) - Happyinaknit.com\" \/>\n<meta property=\"og:description\" content=\"Plastikini\u0173 virbal\u0173 rinkinys pyn\u0117ms ir aran\u0173 ra\u0161tams megzti. \u0160ie pagalbiniai virbalai leid\u017eia patogiai perkelti akis ir i\u0161gauti tvarkingas pynes ar kitus ra\u0161tus su aki\u0173 persimetimais. Ant kiekvieno virbalo yra patogus \u017eymeklis, padedantis lengviau atskirti dyd\u017eius. Rinkin\u012f sudaro: 3 vnt. Virbalo ilgis: 9,5 cm Dyd\u017eiai: \u2022S \u2013 3,25 mm \u2022M \u2013 4,5 mm \u2022L \u2013 5,5 [&hellip;]\" \/>\n<meta property=\"og:url\" content=\"https:\/\/happyinaknit.com\/ru\/product\/tulip-plastikines-pagalbines-virbalai-pynems-su-zymekliu\/\" \/>\n<meta property=\"og:site_name\" content=\"Happyinaknit.com\" \/>\n<meta property=\"article:modified_time\" content=\"2025-10-18T18:45:33+00:00\" \/>\n<meta property=\"og:image\" content=\"https:\/\/happyinaknit.com\/wp-content\/uploads\/2025\/10\/0002282332.jpg.webp\" \/>\n\t<meta property=\"og:image:width\" content=\"1000\" \/>\n\t<meta property=\"og:image:height\" content=\"1000\" \/>\n\t<meta property=\"og:image:type\" content=\"image\/webp\" \/>\n<meta name=\"twitter:card\" content=\"summary_large_image\" \/>\n<script type=\"application\/ld+json\" class=\"yoast-schema-graph\">{\"@context\":\"https:\/\/schema.org\",\"@graph\":[{\"@type\":\"WebPage\",\"@id\":\"https:\/\/happyinaknit.com\/produktas\/tulip-plastikines-pagalbines-virbalai-pynems-su-zymekliu\/\",\"url\":\"https:\/\/happyinaknit.com\/produktas\/tulip-plastikines-pagalbines-virbalai-pynems-su-zymekliu\/\",\"name\":\"Tulip Plastikin\u0117s Pagalbin\u0117s Virbalai Pyn\u0117ms (su \u017eymekliu) - Happyinaknit.com\",\"isPartOf\":{\"@id\":\"https:\/\/happyinaknit.com\/lt\/#website\"},\"primaryImageOfPage\":{\"@id\":\"https:\/\/happyinaknit.com\/produktas\/tulip-plastikines-pagalbines-virbalai-pynems-su-zymekliu\/#primaryimage\"},\"image\":{\"@id\":\"https:\/\/happyinaknit.com\/produktas\/tulip-plastikines-pagalbines-virbalai-pynems-su-zymekliu\/#primaryimage\"},\"thumbnailUrl\":\"https:\/\/happyinaknit.com\/wp-content\/uploads\/2025\/10\/0002282332.jpg.webp\",\"datePublished\":\"2025-10-18T18:45:32+00:00\",\"dateModified\":\"2025-10-18T18:45:33+00:00\",\"breadcrumb\":{\"@id\":\"https:\/\/happyinaknit.com\/produktas\/tulip-plastikines-pagalbines-virbalai-pynems-su-zymekliu\/#breadcrumb\"},\"inLanguage\":\"ru-RU\",\"potentialAction\":[{\"@type\":\"ReadAction\",\"target\":[\"https:\/\/happyinaknit.com\/produktas\/tulip-plastikines-pagalbines-virbalai-pynems-su-zymekliu\/\"]}]},{\"@type\":\"ImageObject\",\"inLanguage\":\"ru-RU\",\"@id\":\"https:\/\/happyinaknit.com\/produktas\/tulip-plastikines-pagalbines-virbalai-pynems-su-zymekliu\/#primaryimage\",\"url\":\"https:\/\/happyinaknit.com\/wp-content\/uploads\/2025\/10\/0002282332.jpg.webp\",\"contentUrl\":\"https:\/\/happyinaknit.com\/wp-content\/uploads\/2025\/10\/0002282332.jpg.webp\",\"width\":1000,\"height\":1000},{\"@type\":\"BreadcrumbList\",\"@id\":\"https:\/\/happyinaknit.com\/produktas\/tulip-plastikines-pagalbines-virbalai-pynems-su-zymekliu\/#breadcrumb\",\"itemListElement\":[{\"@type\":\"ListItem\",\"position\":1,\"name\":\"Home\",\"item\":\"https:\/\/happyinaknit.com\/lt\/\"},{\"@type\":\"ListItem\",\"position\":2,\"name\":\"Parduotuv\u0117\",\"item\":\"https:\/\/happyinaknit.com\/lt\/parduotuve\/\"},{\"@type\":\"ListItem\",\"position\":3,\"name\":\"Tulip Plastikin\u0117s Pagalbin\u0117s Virbalai Pyn\u0117ms (su \u017eymekliu)\"}]},{\"@type\":\"WebSite\",\"@id\":\"https:\/\/happyinaknit.com\/lt\/#website\",\"url\":\"https:\/\/happyinaknit.com\/lt\/\",\"name\":\"Happyinaknit.com\",\"description\":\"\",\"potentialAction\":[{\"@type\":\"SearchAction\",\"target\":{\"@type\":\"EntryPoint\",\"urlTemplate\":\"https:\/\/happyinaknit.com\/lt\/?s={search_term_string}\"},\"query-input\":{\"@type\":\"PropertyValueSpecification\",\"valueRequired\":true,\"valueName\":\"search_term_string\"}}],\"inLanguage\":\"ru-RU\"}]}<\/script>\n<!-- \/ Yoast SEO plugin. -->","yoast_head_json":{"title":"Tulip Plastikin\u0117s Pagalbin\u0117s Virbalai Pyn\u0117ms (su \u017eymekliu) - Happyinaknit.com","robots":{"index":"index","follow":"follow","max-snippet":"max-snippet:-1","max-image-preview":"max-image-preview:large","max-video-preview":"max-video-preview:-1"},"canonical":"https:\/\/happyinaknit.com\/ru\/product\/tulip-plastikines-pagalbines-virbalai-pynems-su-zymekliu\/","og_locale":"ru_RU","og_type":"article","og_title":"Tulip Plastikin\u0117s Pagalbin\u0117s Virbalai Pyn\u0117ms (su \u017eymekliu) - Happyinaknit.com","og_description":"Plastikini\u0173 virbal\u0173 rinkinys pyn\u0117ms ir aran\u0173 ra\u0161tams megzti. \u0160ie pagalbiniai virbalai leid\u017eia patogiai perkelti akis ir i\u0161gauti tvarkingas pynes ar kitus ra\u0161tus su aki\u0173 persimetimais. Ant kiekvieno virbalo yra patogus \u017eymeklis, padedantis lengviau atskirti dyd\u017eius. Rinkin\u012f sudaro: 3 vnt. Virbalo ilgis: 9,5 cm Dyd\u017eiai: \u2022S \u2013 3,25 mm \u2022M \u2013 4,5 mm \u2022L \u2013 5,5 [&hellip;]","og_url":"https:\/\/happyinaknit.com\/ru\/product\/tulip-plastikines-pagalbines-virbalai-pynems-su-zymekliu\/","og_site_name":"Happyinaknit.com","article_modified_time":"2025-10-18T18:45:33+00:00","og_image":[{"width":1000,"height":1000,"url":"https:\/\/happyinaknit.com\/wp-content\/uploads\/2025\/10\/0002282332.jpg.webp","type":"image\/webp"}],"twitter_card":"summary_large_image","schema":{"@context":"https:\/\/schema.org","@graph":[{"@type":"WebPage","@id":"https:\/\/happyinaknit.com\/produktas\/tulip-plastikines-pagalbines-virbalai-pynems-su-zymekliu\/","url":"https:\/\/happyinaknit.com\/produktas\/tulip-plastikines-pagalbines-virbalai-pynems-su-zymekliu\/","name":"Tulip Plastikin\u0117s Pagalbin\u0117s Virbalai Pyn\u0117ms (su \u017eymekliu) - Happyinaknit.com","isPartOf":{"@id":"https:\/\/happyinaknit.com\/lt\/#website"},"primaryImageOfPage":{"@id":"https:\/\/happyinaknit.com\/produktas\/tulip-plastikines-pagalbines-virbalai-pynems-su-zymekliu\/#primaryimage"},"image":{"@id":"https:\/\/happyinaknit.com\/produktas\/tulip-plastikines-pagalbines-virbalai-pynems-su-zymekliu\/#primaryimage"},"thumbnailUrl":"https:\/\/happyinaknit.com\/wp-content\/uploads\/2025\/10\/0002282332.jpg.webp","datePublished":"2025-10-18T18:45:32+00:00","dateModified":"2025-10-18T18:45:33+00:00","breadcrumb":{"@id":"https:\/\/happyinaknit.com\/produktas\/tulip-plastikines-pagalbines-virbalai-pynems-su-zymekliu\/#breadcrumb"},"inLanguage":"ru-RU","potentialAction":[{"@type":"ReadAction","target":["https:\/\/happyinaknit.com\/produktas\/tulip-plastikines-pagalbines-virbalai-pynems-su-zymekliu\/"]}]},{"@type":"ImageObject","inLanguage":"ru-RU","@id":"https:\/\/happyinaknit.com\/produktas\/tulip-plastikines-pagalbines-virbalai-pynems-su-zymekliu\/#primaryimage","url":"https:\/\/happyinaknit.com\/wp-content\/uploads\/2025\/10\/0002282332.jpg.webp","contentUrl":"https:\/\/happyinaknit.com\/wp-content\/uploads\/2025\/10\/0002282332.jpg.webp","width":1000,"height":1000},{"@type":"BreadcrumbList","@id":"https:\/\/happyinaknit.com\/produktas\/tulip-plastikines-pagalbines-virbalai-pynems-su-zymekliu\/#breadcrumb","itemListElement":[{"@type":"ListItem","position":1,"name":"Home","item":"https:\/\/happyinaknit.com\/lt\/"},{"@type":"ListItem","position":2,"name":"Parduotuv\u0117","item":"https:\/\/happyinaknit.com\/lt\/parduotuve\/"},{"@type":"ListItem","position":3,"name":"Tulip Plastikin\u0117s Pagalbin\u0117s Virbalai Pyn\u0117ms (su \u017eymekliu)"}]},{"@type":"WebSite","@id":"https:\/\/happyinaknit.com\/lt\/#website","url":"https:\/\/happyinaknit.com\/lt\/","name":"Happyinaknit.com","description":"","potentialAction":[{"@type":"SearchAction","target":{"@type":"EntryPoint","urlTemplate":"https:\/\/happyinaknit.com\/lt\/?s={search_term_string}"},"query-input":{"@type":"PropertyValueSpecification","valueRequired":true,"valueName":"search_term_string"}}],"inLanguage":"ru-RU"}]}},"_links":{"self":[{"href":"https:\/\/happyinaknit.com\/ru\/wp-json\/wp\/v2\/product\/5958","targetHints":{"allow":["GET"]}}],"collection":[{"href":"https:\/\/happyinaknit.com\/ru\/wp-json\/wp\/v2\/product"}],"about":[{"href":"https:\/\/happyinaknit.com\/ru\/wp-json\/wp\/v2\/types\/product"}],"replies":[{"embeddable":true,"href":"https:\/\/happyinaknit.com\/ru\/wp-json\/wp\/v2\/comments?post=5958"}],"wp:featuredmedia":[{"embeddable":true,"href":"https:\/\/happyinaknit.com\/ru\/wp-json\/wp\/v2\/media\/5959"}],"wp:attachment":[{"href":"https:\/\/happyinaknit.com\/ru\/wp-json\/wp\/v2\/media?parent=5958"}],"wp:term":[{"taxonomy":"product_brand","embeddable":true,"href":"https:\/\/happyinaknit.com\/ru\/wp-json\/wp\/v2\/product_brand?post=5958"},{"taxonomy":"product_cat","embeddable":true,"href":"https:\/\/happyinaknit.com\/ru\/wp-json\/wp\/v2\/product_cat?post=5958"},{"taxonomy":"product_tag","embeddable":true,"href":"https:\/\/happyinaknit.com\/ru\/wp-json\/wp\/v2\/product_tag?post=5958"},{"taxonomy":"pro-kategorijos","embeddable":true,"href":"https:\/\/happyinaknit.com\/ru\/wp-json\/wp\/v2\/pro-kategorijos?post=5958"}],"curies":[{"name":"wp","href":"https:\/\/api.w.org\/{rel}","templated":true}]}}