{"id":5927,"date":"2025-10-18T17:45:55","date_gmt":"2025-10-18T17:45:55","guid":{"rendered":"https:\/\/happyinaknit.com\/?post_type=product&#038;p=5927"},"modified":"2026-03-10T14:27:19","modified_gmt":"2026-03-10T14:27:19","slug":"tulip-bambukiniai-virbalai-su-valu-80-cm","status":"publish","type":"product","link":"https:\/\/happyinaknit.com\/ru\/product\/tulip-bambukiniai-virbalai-su-valu-80-cm\/","title":{"rendered":"\u0411\u0430\u043c\u0431\u0443\u043a\u043e\u0432\u044b\u0435 \u0441\u043f\u0438\u0446  Tulip \u043d\u0430  \u043b\u0435\u0441\u043a\u0435  80 \u0441\u043c"},"content":{"rendered":"<p>\u0412\u044b\u0441\u043e\u043a\u043e\u043a\u0430\u0447\u0435\u0441\u0442\u0432\u0435\u043d\u043d\u044b\u0439 <b>Tulip<\/b> \u0411\u0430\u043c\u0431\u0443\u043a\u043e\u0432\u044b\u0435 \u0441\u043f\u0438\u0446\u044b \u043d\u0430  \u043b\u0435\u0441\u043a\u0435  \u043b\u0451\u0433\u043a\u0438\u0435, \u043f\u0440\u0438\u044f\u0442\u043d\u044b\u0435  \u043d\u0430 \u043e\u0449\u0443\u043f\u044c \u0438 \u043e\u0447\u0435\u043d\u044c \u0443\u0434\u043e\u0431\u043d\u044b\u0435 \u043f\u0440\u0438  \u0432\u044f\u0437\u0430\u043d\u0438\u0438. \u0411\u0430\u043c\u0431\u0443\u043a \u043e\u0431\u0435\u0441\u043f\u0435\u0447\u0438\u0432\u0430\u0435\u0442 \u043f\u0440\u0438\u044f\u0442\u043d\u043e\u0435 \u0441\u043a\u043e\u043b\u044c\u0436\u0435\u043d\u0438\u0435 \u0438 \u0442\u0451\u043f\u043b\u043e\u0435 \u043e\u0449\u0443\u0449\u0435\u043d\u0438\u0435 \u0432 \u0440\u0443\u043a\u0430\u0445, \u0430 \u043b\u0435\u0441\u043a\u0430 \u044d\u043b\u0430\u0441\u0442\u0438\u0447\u043d\u0430\u044f, \u043f\u0440\u043e\u0447\u043d\u0430\u044f \u0438 \u043d\u0435 \u043f\u0435\u0440\u0435\u043a\u0440\u0443\u0447\u0438\u0432\u0430\u0435\u0442\u0441\u044f, \u0434\u0435\u043b\u0430\u044f \u0432\u044f\u0437\u0430\u043d\u0438\u0435 \u0435\u0449\u0451 \u0431\u043e\u043b\u0435\u0435 \u043f\u0440\u0438\u044f\u0442\u043d\u044b\u043c.<\/p>\n<p>\u0421\u043f\u0438\u0446\u044b \u0442\u0430\u043a\u043e\u0439 \u0434\u043b\u0438\u043d\u044b \u0438\u0434\u0435\u0430\u043b\u044c\u043d\u043e \u043f\u043e\u0434\u0445\u043e\u0434\u044f\u0442 \u0434\u043b\u044f \u0432\u044f\u0437\u0430\u043d\u0438\u044f \u0441\u0432\u0438\u0442\u0435\u0440\u043e\u0432, \u0448\u0430\u0440\u0444\u043e\u0432, \u0448\u0430\u043b\u0435\u0439 \u0438 \u0434\u0440\u0443\u0433\u0438\u0445 \u043a\u0440\u0443\u043f\u043d\u044b\u0445 \u0442\u0440\u0438\u043a\u043e\u0442\u0430\u0436\u043d\u044b\u0445 \u0438\u0437\u0434\u0435\u043b\u0438\u0439.<\/p>\n<p><b>\u041e\u0431\u0449\u0430\u044f \u0434\u043b\u0438\u043d\u0430<\/b><b>:<\/b> 80 \u0441\u043c<\/p>\n<p><b>\u041c\u0430\u0442\u0435\u0440\u0438\u0430\u043b:<\/b> \u0431\u0430\u043c\u0431\u0443\u043a, \u043f\u043b\u0430\u0441\u0442\u0438\u043a\u043e\u0432\u0430\u044f \u043b\u0438\u043d\u0438\u044f<\/p>\n<p><b>\u041f\u0440\u043e\u0438\u0437\u0432\u043e\u0434\u0438\u0442\u0435\u043b\u044c:<\/b> Tulip  (\u042f\u043f\u043e\u043d\u0438\u044f)<\/p>\n<p><b>\u041f\u0440\u0438\u043c\u0435\u0447\u0430\u043d\u0438\u0435:<\/b> \u0426\u0432\u0435\u0442\u043e\u0432\u044b\u0435 \u043e\u0442\u0442\u0435\u043d\u043a\u0438 \u043c\u043e\u0433\u0443\u0442 \u043d\u0435\u0437\u043d\u0430\u0447\u0438\u0442\u0435\u043b\u044c\u043d\u043e \u043e\u0442\u043b\u0438\u0447\u0430\u0442\u044c\u0441\u044f \u0432 \u0437\u0430\u0432\u0438\u0441\u0438\u043c\u043e\u0441\u0442\u0438 \u043e\u0442 \u044d\u043a\u0440\u0430\u043d\u0430 \u0432\u0430\u0448\u0435\u0433\u043e \u0443\u0441\u0442\u0440\u043e\u0439\u0441\u0442\u0432\u0430.<\/p>","protected":false},"excerpt":{"rendered":"<p>Auk\u0161tos kokyb\u0117s Tulip bambukiniai virbalai su valu \u2013 lengvi, \u0161veln\u016bs liesti ir labai patog\u016bs mezgimui. Bambukas u\u017etikrina malon\u0173 slydim\u0105 ir \u0161ilt\u0105 poj\u016bt\u012f rankose, o valas yra elastingas, tvirtas ir nesusisukantis, tod\u0117l mezgimas tampa dar malonesnis. \u0160io ilgio virbalai idealiai tinka megzti megztinius, \u0161alikus, skaras ar kitus didesnius mezginius. Bendras ilgis: 80 cm Med\u017eiaga: bambukas, plastikinis [&hellip;]<\/p>\n","protected":false},"featured_media":5914,"comment_status":"open","ping_status":"closed","template":"","meta":{"_acf_changed":false},"product_brand":[757],"product_cat":[15,19,862],"product_tag":[],"pro-kategorijos":[],"class_list":{"0":"post-5927","1":"product","2":"type-product","3":"status-publish","4":"has-post-thumbnail","6":"product_brand-tulip","7":"product_cat-visi-produktai","8":"product_cat-mezgimo-priemones","9":"product_cat-virbalai-su-valu","11":"first","12":"instock","13":"shipping-taxable","14":"purchasable","15":"product-type-variable"},"acf":[],"yoast_head":"<!-- This site is optimized with the Yoast SEO plugin v26.8 - https:\/\/yoast.com\/product\/yoast-seo-wordpress\/ -->\n<title>Tulip Bambukiniai Virbalai Su Valu 80 cm - Happyinaknit.com<\/title>\n<meta name=\"robots\" content=\"index, follow, max-snippet:-1, max-image-preview:large, max-video-preview:-1\" \/>\n<link rel=\"canonical\" href=\"https:\/\/happyinaknit.com\/ru\/product\/tulip-bambukiniai-virbalai-su-valu-80-cm\/\" \/>\n<meta property=\"og:locale\" content=\"ru_RU\" \/>\n<meta property=\"og:type\" content=\"article\" \/>\n<meta property=\"og:title\" content=\"Tulip Bambukiniai Virbalai Su Valu 80 cm - Happyinaknit.com\" \/>\n<meta property=\"og:description\" content=\"Auk\u0161tos kokyb\u0117s Tulip bambukiniai virbalai su valu \u2013 lengvi, \u0161veln\u016bs liesti ir labai patog\u016bs mezgimui. Bambukas u\u017etikrina malon\u0173 slydim\u0105 ir \u0161ilt\u0105 poj\u016bt\u012f rankose, o valas yra elastingas, tvirtas ir nesusisukantis, tod\u0117l mezgimas tampa dar malonesnis. \u0160io ilgio virbalai idealiai tinka megzti megztinius, \u0161alikus, skaras ar kitus didesnius mezginius. Bendras ilgis: 80 cm Med\u017eiaga: bambukas, plastikinis [&hellip;]\" \/>\n<meta property=\"og:url\" content=\"https:\/\/happyinaknit.com\/ru\/product\/tulip-bambukiniai-virbalai-su-valu-80-cm\/\" \/>\n<meta property=\"og:site_name\" content=\"Happyinaknit.com\" \/>\n<meta property=\"article:modified_time\" content=\"2026-03-10T14:27:19+00:00\" \/>\n<meta property=\"og:image\" content=\"https:\/\/happyinaknit.com\/wp-content\/uploads\/2025\/10\/tulip-knina-swivel-80cm-4mm-800x800.jpg.webp\" \/>\n\t<meta property=\"og:image:width\" content=\"800\" \/>\n\t<meta property=\"og:image:height\" content=\"800\" \/>\n\t<meta property=\"og:image:type\" content=\"image\/webp\" \/>\n<meta name=\"twitter:card\" content=\"summary_large_image\" \/>\n<script type=\"application\/ld+json\" class=\"yoast-schema-graph\">{\"@context\":\"https:\/\/schema.org\",\"@graph\":[{\"@type\":\"WebPage\",\"@id\":\"https:\/\/happyinaknit.com\/produktas\/tulip-bambukiniai-virbalai-su-valu-80-cm\/\",\"url\":\"https:\/\/happyinaknit.com\/produktas\/tulip-bambukiniai-virbalai-su-valu-80-cm\/\",\"name\":\"Tulip Bambukiniai Virbalai Su Valu 80 cm - Happyinaknit.com\",\"isPartOf\":{\"@id\":\"https:\/\/happyinaknit.com\/lt\/#website\"},\"primaryImageOfPage\":{\"@id\":\"https:\/\/happyinaknit.com\/produktas\/tulip-bambukiniai-virbalai-su-valu-80-cm\/#primaryimage\"},\"image\":{\"@id\":\"https:\/\/happyinaknit.com\/produktas\/tulip-bambukiniai-virbalai-su-valu-80-cm\/#primaryimage\"},\"thumbnailUrl\":\"https:\/\/happyinaknit.com\/wp-content\/uploads\/2025\/10\/tulip-knina-swivel-80cm-4mm-800x800.jpg.webp\",\"datePublished\":\"2025-10-18T17:45:55+00:00\",\"dateModified\":\"2026-03-10T14:27:19+00:00\",\"breadcrumb\":{\"@id\":\"https:\/\/happyinaknit.com\/produktas\/tulip-bambukiniai-virbalai-su-valu-80-cm\/#breadcrumb\"},\"inLanguage\":\"ru-RU\",\"potentialAction\":[{\"@type\":\"ReadAction\",\"target\":[\"https:\/\/happyinaknit.com\/produktas\/tulip-bambukiniai-virbalai-su-valu-80-cm\/\"]}]},{\"@type\":\"ImageObject\",\"inLanguage\":\"ru-RU\",\"@id\":\"https:\/\/happyinaknit.com\/produktas\/tulip-bambukiniai-virbalai-su-valu-80-cm\/#primaryimage\",\"url\":\"https:\/\/happyinaknit.com\/wp-content\/uploads\/2025\/10\/tulip-knina-swivel-80cm-4mm-800x800.jpg.webp\",\"contentUrl\":\"https:\/\/happyinaknit.com\/wp-content\/uploads\/2025\/10\/tulip-knina-swivel-80cm-4mm-800x800.jpg.webp\",\"width\":800,\"height\":800},{\"@type\":\"BreadcrumbList\",\"@id\":\"https:\/\/happyinaknit.com\/produktas\/tulip-bambukiniai-virbalai-su-valu-80-cm\/#breadcrumb\",\"itemListElement\":[{\"@type\":\"ListItem\",\"position\":1,\"name\":\"Home\",\"item\":\"https:\/\/happyinaknit.com\/lt\/\"},{\"@type\":\"ListItem\",\"position\":2,\"name\":\"Parduotuv\u0117\",\"item\":\"https:\/\/happyinaknit.com\/lt\/parduotuve\/\"},{\"@type\":\"ListItem\",\"position\":3,\"name\":\"Tulip Bambukiniai Virbalai Su Valu 80 cm\"}]},{\"@type\":\"WebSite\",\"@id\":\"https:\/\/happyinaknit.com\/lt\/#website\",\"url\":\"https:\/\/happyinaknit.com\/lt\/\",\"name\":\"Happyinaknit.com\",\"description\":\"\",\"potentialAction\":[{\"@type\":\"SearchAction\",\"target\":{\"@type\":\"EntryPoint\",\"urlTemplate\":\"https:\/\/happyinaknit.com\/lt\/?s={search_term_string}\"},\"query-input\":{\"@type\":\"PropertyValueSpecification\",\"valueRequired\":true,\"valueName\":\"search_term_string\"}}],\"inLanguage\":\"ru-RU\"}]}<\/script>\n<!-- \/ Yoast SEO plugin. -->","yoast_head_json":{"title":"Tulip Bambukiniai Virbalai Su Valu 80 cm - Happyinaknit.com","robots":{"index":"index","follow":"follow","max-snippet":"max-snippet:-1","max-image-preview":"max-image-preview:large","max-video-preview":"max-video-preview:-1"},"canonical":"https:\/\/happyinaknit.com\/ru\/product\/tulip-bambukiniai-virbalai-su-valu-80-cm\/","og_locale":"ru_RU","og_type":"article","og_title":"Tulip Bambukiniai Virbalai Su Valu 80 cm - Happyinaknit.com","og_description":"Auk\u0161tos kokyb\u0117s Tulip bambukiniai virbalai su valu \u2013 lengvi, \u0161veln\u016bs liesti ir labai patog\u016bs mezgimui. Bambukas u\u017etikrina malon\u0173 slydim\u0105 ir \u0161ilt\u0105 poj\u016bt\u012f rankose, o valas yra elastingas, tvirtas ir nesusisukantis, tod\u0117l mezgimas tampa dar malonesnis. \u0160io ilgio virbalai idealiai tinka megzti megztinius, \u0161alikus, skaras ar kitus didesnius mezginius. Bendras ilgis: 80 cm Med\u017eiaga: bambukas, plastikinis [&hellip;]","og_url":"https:\/\/happyinaknit.com\/ru\/product\/tulip-bambukiniai-virbalai-su-valu-80-cm\/","og_site_name":"Happyinaknit.com","article_modified_time":"2026-03-10T14:27:19+00:00","og_image":[{"width":800,"height":800,"url":"https:\/\/happyinaknit.com\/wp-content\/uploads\/2025\/10\/tulip-knina-swivel-80cm-4mm-800x800.jpg.webp","type":"image\/webp"}],"twitter_card":"summary_large_image","schema":{"@context":"https:\/\/schema.org","@graph":[{"@type":"WebPage","@id":"https:\/\/happyinaknit.com\/produktas\/tulip-bambukiniai-virbalai-su-valu-80-cm\/","url":"https:\/\/happyinaknit.com\/produktas\/tulip-bambukiniai-virbalai-su-valu-80-cm\/","name":"Tulip Bambukiniai Virbalai Su Valu 80 cm - Happyinaknit.com","isPartOf":{"@id":"https:\/\/happyinaknit.com\/lt\/#website"},"primaryImageOfPage":{"@id":"https:\/\/happyinaknit.com\/produktas\/tulip-bambukiniai-virbalai-su-valu-80-cm\/#primaryimage"},"image":{"@id":"https:\/\/happyinaknit.com\/produktas\/tulip-bambukiniai-virbalai-su-valu-80-cm\/#primaryimage"},"thumbnailUrl":"https:\/\/happyinaknit.com\/wp-content\/uploads\/2025\/10\/tulip-knina-swivel-80cm-4mm-800x800.jpg.webp","datePublished":"2025-10-18T17:45:55+00:00","dateModified":"2026-03-10T14:27:19+00:00","breadcrumb":{"@id":"https:\/\/happyinaknit.com\/produktas\/tulip-bambukiniai-virbalai-su-valu-80-cm\/#breadcrumb"},"inLanguage":"ru-RU","potentialAction":[{"@type":"ReadAction","target":["https:\/\/happyinaknit.com\/produktas\/tulip-bambukiniai-virbalai-su-valu-80-cm\/"]}]},{"@type":"ImageObject","inLanguage":"ru-RU","@id":"https:\/\/happyinaknit.com\/produktas\/tulip-bambukiniai-virbalai-su-valu-80-cm\/#primaryimage","url":"https:\/\/happyinaknit.com\/wp-content\/uploads\/2025\/10\/tulip-knina-swivel-80cm-4mm-800x800.jpg.webp","contentUrl":"https:\/\/happyinaknit.com\/wp-content\/uploads\/2025\/10\/tulip-knina-swivel-80cm-4mm-800x800.jpg.webp","width":800,"height":800},{"@type":"BreadcrumbList","@id":"https:\/\/happyinaknit.com\/produktas\/tulip-bambukiniai-virbalai-su-valu-80-cm\/#breadcrumb","itemListElement":[{"@type":"ListItem","position":1,"name":"Home","item":"https:\/\/happyinaknit.com\/lt\/"},{"@type":"ListItem","position":2,"name":"Parduotuv\u0117","item":"https:\/\/happyinaknit.com\/lt\/parduotuve\/"},{"@type":"ListItem","position":3,"name":"Tulip Bambukiniai Virbalai Su Valu 80 cm"}]},{"@type":"WebSite","@id":"https:\/\/happyinaknit.com\/lt\/#website","url":"https:\/\/happyinaknit.com\/lt\/","name":"Happyinaknit.com","description":"","potentialAction":[{"@type":"SearchAction","target":{"@type":"EntryPoint","urlTemplate":"https:\/\/happyinaknit.com\/lt\/?s={search_term_string}"},"query-input":{"@type":"PropertyValueSpecification","valueRequired":true,"valueName":"search_term_string"}}],"inLanguage":"ru-RU"}]}},"_links":{"self":[{"href":"https:\/\/happyinaknit.com\/ru\/wp-json\/wp\/v2\/product\/5927","targetHints":{"allow":["GET"]}}],"collection":[{"href":"https:\/\/happyinaknit.com\/ru\/wp-json\/wp\/v2\/product"}],"about":[{"href":"https:\/\/happyinaknit.com\/ru\/wp-json\/wp\/v2\/types\/product"}],"replies":[{"embeddable":true,"href":"https:\/\/happyinaknit.com\/ru\/wp-json\/wp\/v2\/comments?post=5927"}],"wp:featuredmedia":[{"embeddable":true,"href":"https:\/\/happyinaknit.com\/ru\/wp-json\/wp\/v2\/media\/5914"}],"wp:attachment":[{"href":"https:\/\/happyinaknit.com\/ru\/wp-json\/wp\/v2\/media?parent=5927"}],"wp:term":[{"taxonomy":"product_brand","embeddable":true,"href":"https:\/\/happyinaknit.com\/ru\/wp-json\/wp\/v2\/product_brand?post=5927"},{"taxonomy":"product_cat","embeddable":true,"href":"https:\/\/happyinaknit.com\/ru\/wp-json\/wp\/v2\/product_cat?post=5927"},{"taxonomy":"product_tag","embeddable":true,"href":"https:\/\/happyinaknit.com\/ru\/wp-json\/wp\/v2\/product_tag?post=5927"},{"taxonomy":"pro-kategorijos","embeddable":true,"href":"https:\/\/happyinaknit.com\/ru\/wp-json\/wp\/v2\/pro-kategorijos?post=5927"}],"curies":[{"name":"wp","href":"https:\/\/api.w.org\/{rel}","templated":true}]}}