{"id":5904,"date":"2025-10-18T17:11:48","date_gmt":"2025-10-18T17:11:48","guid":{"rendered":"https:\/\/happyinaknit.com\/?post_type=product&#038;p=5904"},"modified":"2025-10-28T12:16:05","modified_gmt":"2025-10-28T12:16:05","slug":"tulip-sirdeles-formos-mezgimo-zymekliai","status":"publish","type":"product","link":"https:\/\/happyinaknit.com\/ru\/product\/tulip-sirdeles-formos-mezgimo-zymekliai\/","title":{"rendered":"Tulip \u043c\u0430\u0440\u043a\u0435\u0440\u044b \u0434\u043b\u044f \u0432\u044f\u0437\u0430\u043d\u0438\u044f \u0432 \u0444\u043e\u0440\u043c\u0435 \u0441\u0435\u0440\u0434\u0446\u0430"},"content":{"rendered":"<p>\u041f\u043b\u0430\u0441\u0442\u0438\u043a\u043e\u0432\u044b\u0435 \u043c\u0430\u0440\u043a\u0435\u0440\u044b \u0434\u043b\u044f \u0432\u044f\u0437\u0430\u043d\u0438\u044f \u0432 \u0444\u043e\u0440\u043c\u0435 \u0441\u0435\u0440\u0434\u0446\u0430 \u2014 \u043f\u0440\u0430\u043a\u0442\u0438\u0447\u043d\u044b\u0435 \u0438 \u043c\u0438\u043b\u044b\u0435 \u043f\u043e\u043c\u043e\u0449\u043d\u0438\u043a\u0438 \u0434\u043b\u044f \u043a\u0430\u0436\u0434\u043e\u0439 \u0432\u044f\u0437\u0430\u043b\u044c\u0449\u0438\u0446\u044b. \u041e\u043d\u0438 \u043f\u043e\u043c\u043e\u0433\u0443\u0442 \u0432\u0430\u043c \u043b\u0435\u0433\u043a\u043e \u043e\u0442\u043c\u0435\u0442\u0438\u0442\u044c \u043d\u0430\u0447\u0430\u043b\u043e \u0443\u0437\u043e\u0440\u0430, \u043a\u043e\u043b\u0438\u0447\u0435\u0441\u0442\u0432\u043e \u043f\u0435\u0442\u0435\u043b\u044c \u0438\u043b\u0438 \u0434\u0440\u0443\u0433\u0438\u0435 \u0432\u0430\u0436\u043d\u044b\u0435 \u043c\u043e\u043c\u0435\u043d\u0442\u044b \u0432 \u0432\u044f\u0437\u0430\u043d\u0438\u0438.<\/p>\n<p><b>\u0420\u0430\u0437\u043c\u0435\u0440\u044b:<\/b><b><\/b><\/p>\n<p>\u2022<b>S<\/b> \u2013 \u043f\u043e\u0434\u0445\u043e\u0434\u0438\u0442 \u0434\u043b\u044f \u0441\u043f\u0438\u0446  2,0\u20133,0 \u043c\u043c<\/p>\n<p>\u2022<b>\u041c<\/b> \u2013 \u043f\u043e\u0434\u0445\u043e\u0434\u0438\u0442 \u0434\u043b\u044f \u0441\u043f\u0438\u0446 3,25\u20134,5 \u043c\u043c<\/p>\n<p>\u2022<b>L<\/b> \u2013 \u043f\u043e\u0434\u0445\u043e\u0434\u0438\u0442 \u0434\u043b\u044f \u0441\u043f\u0438\u0446 5,0\u20136,5 \u043c\u043c<\/p>\n<p>\u2022<b>XL<\/b> \u2013 \u043f\u043e\u0434\u0445\u043e\u0434\u0438\u0442 \u0434\u043b\u044f \u0438\u0433\u043b 7,0\u201312,0 \u043c\u043c<\/p>\n<p><b>\u041a\u043e\u043b\u0438\u0447\u0435\u0441\u0442\u0432\u043e \u0432 \u0443\u043f\u0430\u043a\u043e\u0432\u043a\u0435:<\/b> 7 \u0448\u0442.<\/p>\n<p><b>\u041c\u0430\u0442\u0435\u0440\u0438\u0430\u043b:<\/b> \u043f\u043b\u0430\u0441\u0442\u0438\u043a<\/p>\n<p><b>\u041f\u0440\u0438\u043c\u0435\u0447\u0430\u043d\u0438\u0435:<\/b> \u0426\u0432\u0435\u0442\u043e\u0432\u044b\u0435 \u043e\u0442\u0442\u0435\u043d\u043a\u0438 \u043c\u043e\u0433\u0443\u0442 \u043d\u0435\u0437\u043d\u0430\u0447\u0438\u0442\u0435\u043b\u044c\u043d\u043e \u043e\u0442\u043b\u0438\u0447\u0430\u0442\u044c\u0441\u044f \u0432 \u0437\u0430\u0432\u0438\u0441\u0438\u043c\u043e\u0441\u0442\u0438 \u043e\u0442 \u044d\u043a\u0440\u0430\u043d\u0430 \u0432\u0430\u0448\u0435\u0433\u043e \u0443\u0441\u0442\u0440\u043e\u0439\u0441\u0442\u0432\u0430.<\/p>","protected":false},"excerpt":{"rendered":"<p>Plastikiniai \u017eymekliai mezgimui \u0161irdel\u0117s formos \u2013 prakti\u0161ki ir mieli pagalbininkai kiekvienai mezg\u0117jai. Jie padeda lengvai pa\u017eym\u0117ti ra\u0161to prad\u017ei\u0105, aki\u0173 skai\u010diavim\u0105 ar kitas svarbias vietas mezginyje. Dyd\u017eiai: \u2022S \u2013 tinka virbalams 2,0\u20133,0 mm \u2022M \u2013 tinka virbalams 3,25\u20134,5 mm \u2022L \u2013 tinka virbalams 5,0\u20136,5 mm \u2022XL \u2013 tinka virbalams 7,0\u201312,0 mm Kiekis pakuot\u0117je: 7 vnt Med\u017eiaga: [&hellip;]<\/p>\n","protected":false},"featured_media":5906,"comment_status":"open","ping_status":"closed","template":"","meta":{"_acf_changed":false},"product_brand":[757],"product_cat":[15,20,1081],"product_tag":[],"pro-kategorijos":[],"class_list":{"0":"post-5904","1":"product","2":"type-product","3":"status-publish","4":"has-post-thumbnail","6":"product_brand-tulip","7":"product_cat-visi-produktai","8":"product_cat-priedai-mezgimui","9":"product_cat-zymekliai","11":"first","12":"instock","13":"shipping-taxable","14":"purchasable","15":"product-type-variable"},"acf":[],"yoast_head":"<!-- This site is optimized with the Yoast SEO plugin v26.8 - https:\/\/yoast.com\/product\/yoast-seo-wordpress\/ -->\n<title>Tulip \u0160irdel\u0117s Formos Mezgimo \u017dymekliai - Happyinaknit.com<\/title>\n<meta name=\"robots\" content=\"index, follow, max-snippet:-1, max-image-preview:large, max-video-preview:-1\" \/>\n<link rel=\"canonical\" href=\"https:\/\/happyinaknit.com\/ru\/product\/tulip-sirdeles-formos-mezgimo-zymekliai\/\" \/>\n<meta property=\"og:locale\" content=\"ru_RU\" \/>\n<meta property=\"og:type\" content=\"article\" \/>\n<meta property=\"og:title\" content=\"Tulip \u0160irdel\u0117s Formos Mezgimo \u017dymekliai - Happyinaknit.com\" \/>\n<meta property=\"og:description\" content=\"Plastikiniai \u017eymekliai mezgimui \u0161irdel\u0117s formos \u2013 prakti\u0161ki ir mieli pagalbininkai kiekvienai mezg\u0117jai. Jie padeda lengvai pa\u017eym\u0117ti ra\u0161to prad\u017ei\u0105, aki\u0173 skai\u010diavim\u0105 ar kitas svarbias vietas mezginyje. Dyd\u017eiai: \u2022S \u2013 tinka virbalams 2,0\u20133,0 mm \u2022M \u2013 tinka virbalams 3,25\u20134,5 mm \u2022L \u2013 tinka virbalams 5,0\u20136,5 mm \u2022XL \u2013 tinka virbalams 7,0\u201312,0 mm Kiekis pakuot\u0117je: 7 vnt Med\u017eiaga: [&hellip;]\" \/>\n<meta property=\"og:url\" content=\"https:\/\/happyinaknit.com\/ru\/product\/tulip-sirdeles-formos-mezgimo-zymekliai\/\" \/>\n<meta property=\"og:site_name\" content=\"Happyinaknit.com\" \/>\n<meta property=\"article:modified_time\" content=\"2025-10-28T12:16:05+00:00\" \/>\n<meta property=\"og:image\" content=\"https:\/\/happyinaknit.com\/wp-content\/uploads\/2025\/10\/AC-006e.jpg.webp\" \/>\n\t<meta property=\"og:image:width\" content=\"1000\" \/>\n\t<meta property=\"og:image:height\" content=\"1000\" \/>\n\t<meta property=\"og:image:type\" content=\"image\/webp\" \/>\n<meta name=\"twitter:card\" content=\"summary_large_image\" \/>\n<script type=\"application\/ld+json\" class=\"yoast-schema-graph\">{\"@context\":\"https:\/\/schema.org\",\"@graph\":[{\"@type\":\"WebPage\",\"@id\":\"https:\/\/happyinaknit.com\/produktas\/tulip-sirdeles-formos-mezgimo-zymekliai\/\",\"url\":\"https:\/\/happyinaknit.com\/produktas\/tulip-sirdeles-formos-mezgimo-zymekliai\/\",\"name\":\"Tulip \u0160irdel\u0117s Formos Mezgimo \u017dymekliai - Happyinaknit.com\",\"isPartOf\":{\"@id\":\"https:\/\/happyinaknit.com\/lt\/#website\"},\"primaryImageOfPage\":{\"@id\":\"https:\/\/happyinaknit.com\/produktas\/tulip-sirdeles-formos-mezgimo-zymekliai\/#primaryimage\"},\"image\":{\"@id\":\"https:\/\/happyinaknit.com\/produktas\/tulip-sirdeles-formos-mezgimo-zymekliai\/#primaryimage\"},\"thumbnailUrl\":\"https:\/\/happyinaknit.com\/wp-content\/uploads\/2025\/10\/AC-006e.jpg.webp\",\"datePublished\":\"2025-10-18T17:11:48+00:00\",\"dateModified\":\"2025-10-28T12:16:05+00:00\",\"breadcrumb\":{\"@id\":\"https:\/\/happyinaknit.com\/produktas\/tulip-sirdeles-formos-mezgimo-zymekliai\/#breadcrumb\"},\"inLanguage\":\"ru-RU\",\"potentialAction\":[{\"@type\":\"ReadAction\",\"target\":[\"https:\/\/happyinaknit.com\/produktas\/tulip-sirdeles-formos-mezgimo-zymekliai\/\"]}]},{\"@type\":\"ImageObject\",\"inLanguage\":\"ru-RU\",\"@id\":\"https:\/\/happyinaknit.com\/produktas\/tulip-sirdeles-formos-mezgimo-zymekliai\/#primaryimage\",\"url\":\"https:\/\/happyinaknit.com\/wp-content\/uploads\/2025\/10\/AC-006e.jpg.webp\",\"contentUrl\":\"https:\/\/happyinaknit.com\/wp-content\/uploads\/2025\/10\/AC-006e.jpg.webp\",\"width\":1000,\"height\":1000},{\"@type\":\"BreadcrumbList\",\"@id\":\"https:\/\/happyinaknit.com\/produktas\/tulip-sirdeles-formos-mezgimo-zymekliai\/#breadcrumb\",\"itemListElement\":[{\"@type\":\"ListItem\",\"position\":1,\"name\":\"Home\",\"item\":\"https:\/\/happyinaknit.com\/lt\/\"},{\"@type\":\"ListItem\",\"position\":2,\"name\":\"Parduotuv\u0117\",\"item\":\"https:\/\/happyinaknit.com\/lt\/parduotuve\/\"},{\"@type\":\"ListItem\",\"position\":3,\"name\":\"Tulip \u0160irdel\u0117s Formos Mezgimo \u017dymekliai\"}]},{\"@type\":\"WebSite\",\"@id\":\"https:\/\/happyinaknit.com\/lt\/#website\",\"url\":\"https:\/\/happyinaknit.com\/lt\/\",\"name\":\"Happyinaknit.com\",\"description\":\"\",\"potentialAction\":[{\"@type\":\"SearchAction\",\"target\":{\"@type\":\"EntryPoint\",\"urlTemplate\":\"https:\/\/happyinaknit.com\/lt\/?s={search_term_string}\"},\"query-input\":{\"@type\":\"PropertyValueSpecification\",\"valueRequired\":true,\"valueName\":\"search_term_string\"}}],\"inLanguage\":\"ru-RU\"}]}<\/script>\n<!-- \/ Yoast SEO plugin. -->","yoast_head_json":{"title":"Tulip \u0160irdel\u0117s Formos Mezgimo \u017dymekliai - Happyinaknit.com","robots":{"index":"index","follow":"follow","max-snippet":"max-snippet:-1","max-image-preview":"max-image-preview:large","max-video-preview":"max-video-preview:-1"},"canonical":"https:\/\/happyinaknit.com\/ru\/product\/tulip-sirdeles-formos-mezgimo-zymekliai\/","og_locale":"ru_RU","og_type":"article","og_title":"Tulip \u0160irdel\u0117s Formos Mezgimo \u017dymekliai - Happyinaknit.com","og_description":"Plastikiniai \u017eymekliai mezgimui \u0161irdel\u0117s formos \u2013 prakti\u0161ki ir mieli pagalbininkai kiekvienai mezg\u0117jai. Jie padeda lengvai pa\u017eym\u0117ti ra\u0161to prad\u017ei\u0105, aki\u0173 skai\u010diavim\u0105 ar kitas svarbias vietas mezginyje. Dyd\u017eiai: \u2022S \u2013 tinka virbalams 2,0\u20133,0 mm \u2022M \u2013 tinka virbalams 3,25\u20134,5 mm \u2022L \u2013 tinka virbalams 5,0\u20136,5 mm \u2022XL \u2013 tinka virbalams 7,0\u201312,0 mm Kiekis pakuot\u0117je: 7 vnt Med\u017eiaga: [&hellip;]","og_url":"https:\/\/happyinaknit.com\/ru\/product\/tulip-sirdeles-formos-mezgimo-zymekliai\/","og_site_name":"Happyinaknit.com","article_modified_time":"2025-10-28T12:16:05+00:00","og_image":[{"width":1000,"height":1000,"url":"https:\/\/happyinaknit.com\/wp-content\/uploads\/2025\/10\/AC-006e.jpg.webp","type":"image\/webp"}],"twitter_card":"summary_large_image","schema":{"@context":"https:\/\/schema.org","@graph":[{"@type":"WebPage","@id":"https:\/\/happyinaknit.com\/produktas\/tulip-sirdeles-formos-mezgimo-zymekliai\/","url":"https:\/\/happyinaknit.com\/produktas\/tulip-sirdeles-formos-mezgimo-zymekliai\/","name":"Tulip \u0160irdel\u0117s Formos Mezgimo \u017dymekliai - Happyinaknit.com","isPartOf":{"@id":"https:\/\/happyinaknit.com\/lt\/#website"},"primaryImageOfPage":{"@id":"https:\/\/happyinaknit.com\/produktas\/tulip-sirdeles-formos-mezgimo-zymekliai\/#primaryimage"},"image":{"@id":"https:\/\/happyinaknit.com\/produktas\/tulip-sirdeles-formos-mezgimo-zymekliai\/#primaryimage"},"thumbnailUrl":"https:\/\/happyinaknit.com\/wp-content\/uploads\/2025\/10\/AC-006e.jpg.webp","datePublished":"2025-10-18T17:11:48+00:00","dateModified":"2025-10-28T12:16:05+00:00","breadcrumb":{"@id":"https:\/\/happyinaknit.com\/produktas\/tulip-sirdeles-formos-mezgimo-zymekliai\/#breadcrumb"},"inLanguage":"ru-RU","potentialAction":[{"@type":"ReadAction","target":["https:\/\/happyinaknit.com\/produktas\/tulip-sirdeles-formos-mezgimo-zymekliai\/"]}]},{"@type":"ImageObject","inLanguage":"ru-RU","@id":"https:\/\/happyinaknit.com\/produktas\/tulip-sirdeles-formos-mezgimo-zymekliai\/#primaryimage","url":"https:\/\/happyinaknit.com\/wp-content\/uploads\/2025\/10\/AC-006e.jpg.webp","contentUrl":"https:\/\/happyinaknit.com\/wp-content\/uploads\/2025\/10\/AC-006e.jpg.webp","width":1000,"height":1000},{"@type":"BreadcrumbList","@id":"https:\/\/happyinaknit.com\/produktas\/tulip-sirdeles-formos-mezgimo-zymekliai\/#breadcrumb","itemListElement":[{"@type":"ListItem","position":1,"name":"Home","item":"https:\/\/happyinaknit.com\/lt\/"},{"@type":"ListItem","position":2,"name":"Parduotuv\u0117","item":"https:\/\/happyinaknit.com\/lt\/parduotuve\/"},{"@type":"ListItem","position":3,"name":"Tulip \u0160irdel\u0117s Formos Mezgimo \u017dymekliai"}]},{"@type":"WebSite","@id":"https:\/\/happyinaknit.com\/lt\/#website","url":"https:\/\/happyinaknit.com\/lt\/","name":"Happyinaknit.com","description":"","potentialAction":[{"@type":"SearchAction","target":{"@type":"EntryPoint","urlTemplate":"https:\/\/happyinaknit.com\/lt\/?s={search_term_string}"},"query-input":{"@type":"PropertyValueSpecification","valueRequired":true,"valueName":"search_term_string"}}],"inLanguage":"ru-RU"}]}},"_links":{"self":[{"href":"https:\/\/happyinaknit.com\/ru\/wp-json\/wp\/v2\/product\/5904","targetHints":{"allow":["GET"]}}],"collection":[{"href":"https:\/\/happyinaknit.com\/ru\/wp-json\/wp\/v2\/product"}],"about":[{"href":"https:\/\/happyinaknit.com\/ru\/wp-json\/wp\/v2\/types\/product"}],"replies":[{"embeddable":true,"href":"https:\/\/happyinaknit.com\/ru\/wp-json\/wp\/v2\/comments?post=5904"}],"wp:featuredmedia":[{"embeddable":true,"href":"https:\/\/happyinaknit.com\/ru\/wp-json\/wp\/v2\/media\/5906"}],"wp:attachment":[{"href":"https:\/\/happyinaknit.com\/ru\/wp-json\/wp\/v2\/media?parent=5904"}],"wp:term":[{"taxonomy":"product_brand","embeddable":true,"href":"https:\/\/happyinaknit.com\/ru\/wp-json\/wp\/v2\/product_brand?post=5904"},{"taxonomy":"product_cat","embeddable":true,"href":"https:\/\/happyinaknit.com\/ru\/wp-json\/wp\/v2\/product_cat?post=5904"},{"taxonomy":"product_tag","embeddable":true,"href":"https:\/\/happyinaknit.com\/ru\/wp-json\/wp\/v2\/product_tag?post=5904"},{"taxonomy":"pro-kategorijos","embeddable":true,"href":"https:\/\/happyinaknit.com\/ru\/wp-json\/wp\/v2\/pro-kategorijos?post=5904"}],"curies":[{"name":"wp","href":"https:\/\/api.w.org\/{rel}","templated":true}]}}