{"id":5878,"date":"2025-10-18T15:14:09","date_gmt":"2025-10-18T15:14:09","guid":{"rendered":"https:\/\/happyinaknit.com\/?post_type=product&#038;p=5878"},"modified":"2026-03-13T12:42:34","modified_gmt":"2026-03-13T12:42:34","slug":"tulip-projektine-rankdarbiu-krepsys","status":"publish","type":"product","link":"https:\/\/happyinaknit.com\/ru\/product\/tulip-projektine-rankdarbiu-krepsys\/","title":{"rendered":"Tulip Project \u0441\u0443\u043c\u043a\u0430 \u0434\u043b\u044f \u0440\u0443\u043a\u043e\u0434\u0435\u043b\u0438\u044f"},"content":{"rendered":"<p>\u0421\u0442\u0438\u043b\u044c\u043d\u0430\u044f  \u0438 \u0444\u0443\u043d\u043a\u0446\u0438\u043e\u043d\u0430\u043b\u044c\u043d\u0430\u044f \u043f\u0440\u043e\u0435\u043a\u0442\u043d\u0430\u044f \u0441\u0443\u043c\u043a\u0430  Tulip \u0438\u0437\u0433\u043e\u0442\u043e\u0432\u043b\u0435\u043d \u0438\u0437 \u043b\u0451\u0433\u043a\u043e\u0433\u043e \u0438 \u043f\u0440\u043e\u0447\u043d\u043e\u0433\u043e \u043f\u043e\u043b\u0438\u044d\u0441\u0442\u0435\u0440\u0430. \u041c\u0430\u0442\u0435\u0440\u0438\u0430\u043b \u0431\u044b\u0441\u0442\u0440\u043e \u0441\u043e\u0445\u043d\u0435\u0442, \u0447\u0442\u043e \u0434\u0435\u043b\u0430\u0435\u0442 \u0435\u0433\u043e \u0438\u0434\u0435\u0430\u043b\u044c\u043d\u044b\u043c \u0434\u043b\u044f \u0438\u0441\u043f\u043e\u043b\u044c\u0437\u043e\u0432\u0430\u043d\u0438\u044f \u043a\u0430\u043a \u0434\u043e\u043c\u0430, \u0442\u0430\u043a \u0438 \u043d\u0430 \u043f\u0440\u0438\u0440\u043e\u0434\u0435. \u0412 \u043a\u043e\u043c\u043f\u043b\u0435\u043a\u0442 \u0432\u0445\u043e\u0434\u044f\u0442 \u043e\u0441\u043d\u043e\u0432\u043d\u0430\u044f \u0441\u0443\u043c\u043a\u0430 \u0438 \u043e\u0442\u0434\u0435\u043b\u044c\u043d\u0430\u044f \u0441\u0443\u043c\u043a\u0430 \u0434\u043b\u044f \u043c\u043e\u0442\u043a\u0430<\/p>\n<p><b>\u041e\u0441\u043d\u043e\u0432\u043d\u0430\u044f \u0441\u0443\u043c\u043a\u0430<\/b><b><\/b><\/p>\n<p><b>\u0420\u0430\u0437\u043c\u0435\u0440:<\/b> 240 \u00d7 220 \u00d7 145 \u043c\u043c<\/p>\n<p>\u2022 \u0412\u043c\u0435\u0449\u0430\u0435\u0442 \u0432\u0441\u0435 \u043d\u0435\u043e\u0431\u0445\u043e\u0434\u0438\u043c\u043e\u0435 \u0434\u043b\u044f \u0432\u044f\u0437\u0430\u043d\u0438\u044f \u0441\u043f\u0438\u0446\u0430\u043c\u0438 \u0438\u043b\u0438 \u043a\u0440\u044e\u0447\u043a\u043e\u043c: \u043f\u0440\u044f\u0436\u0443, \u043d\u0435\u0437\u0430\u043a\u043e\u043d\u0447\u0435\u043d\u043d\u044b\u0435 \u043f\u0440\u043e\u0435\u043a\u0442\u044b, \u0441\u043f\u0438\u0446\u044b, \u043a\u0440\u044e\u0447\u043a\u0438 \u0438 \u0440\u0430\u0437\u043b\u0438\u0447\u043d\u044b\u0435 \u0430\u043a\u0441\u0435\u0441\u0441\u0443\u0430\u0440\u044b.<\/p>\n<p>\u2022\u0412\u043d\u0443\u0442\u0440\u0438 \u0435\u0441\u0442\u044c \u043c\u043d\u043e\u0436\u0435\u0441\u0442\u0432\u043e \u043d\u0435\u0431\u043e\u043b\u044c\u0448\u0438\u0445 \u043a\u0430\u0440\u043c\u0430\u043d\u043e\u0432 \u0434\u043b\u044f \u043c\u0435\u043b\u043a\u0438\u0445 \u043f\u0440\u0435\u0434\u043c\u0435\u0442\u043e\u0432.<\/p>\n<p>\u2022\u0411\u043e\u043b\u044c\u0448\u043e\u0439 \u0432\u043d\u0435\u0448\u043d\u0438\u0439 \u043a\u0430\u0440\u043c\u0430\u043d\u043d\u044b\u0439 \u043e\u0442\u0441\u0435\u043a \u0438\u0434\u0435\u0430\u043b\u044c\u043d\u043e \u043f\u043e\u0434\u0445\u043e\u0434\u0438\u0442 \u0434\u043b\u044f \u0445\u0440\u0430\u043d\u0435\u043d\u0438\u044f \u0441\u0445\u0435\u043c \u0434\u043b\u044f \u0432\u044f\u0437\u0430\u043d\u0438\u044f \u0438\u043b\u0438 \u043b\u0438\u0447\u043d\u044b\u0445 \u0432\u0435\u0449\u0435\u0439.<\/p>\n<p><b>\u0421\u0443\u043c\u043a\u0430 \u0434\u043b\u044f \u043c\u043e\u0442\u043a\u0430<\/b><b><\/b><\/p>\n<p><b>\u0420\u0430\u0437\u043c\u0435\u0440:<\/b> 200 \u00d7 200 \u00d7 120 \u043c\u043c<\/p>\n<p>\u2022\u0412\u043d\u0443\u0442\u0440\u0435\u043d\u043d\u0438\u0435 \u043a\u0430\u0440\u043c\u0430\u043d\u044b \u0434\u043b\u044f \u0445\u0440\u0430\u043d\u0435\u043d\u0438\u044f \u0438\u043d\u0441\u0442\u0440\u0443\u043c\u0435\u043d\u0442\u043e\u0432.<\/p>\n<p>\u2022\u0421 \u043a\u0430\u0440\u0430\u0431\u0438\u043d\u043e\u043c \u2013 \u043c\u043e\u0436\u043d\u043e \u043f\u0440\u0438\u043a\u0440\u0435\u043f\u0438\u0442\u044c \u043a \u0440\u0435\u043c\u043d\u044e \u0438\u043b\u0438 \u043f\u043e\u0432\u0435\u0441\u0438\u0442\u044c \u0432 \u043b\u044e\u0431\u043e\u043c \u043c\u0435\u0441\u0442\u0435.<\/p>\n<p>\u2022\u041c\u043e\u0436\u043d\u043e \u043d\u043e\u0441\u0438\u0442\u044c \u043d\u0430 \u043f\u043b\u0435\u0447\u0435 \u043a\u0430\u043a \u043e\u0442\u0434\u0435\u043b\u044c\u043d\u0443\u044e \u0441\u0443\u043c\u043a\u0443 \u0434\u043b\u044f \u043f\u0440\u044f\u0436\u0438.<\/p>\n<p>\u2022\u0423\u0434\u043e\u0431\u043d\u043e \u0438\u0441\u043f\u043e\u043b\u044c\u0437\u043e\u0432\u0430\u0442\u044c \u043f\u0440\u0438 \u0432\u044f\u0437\u0430\u043d\u0438\u0438 \u2014  \u043f\u043e\u043b\u043e\u0436\u0438\u0442\u0435 \u043a\u043b\u0443\u0431\u043e\u043a \u043f\u0440\u044f\u0436\u0438 \u0432 \u043d\u0435\u0433\u043e \u0438 \u043e\u043d \u043d\u0435 \u0443\u0431\u0435\u0436\u0438\u0442.<\/p>\n<p><b>\u0426\u0432\u0435\u0442\u0430:<\/b><b><\/b><\/p>\n<p>\u2022\u0421\u0438\u043d\u0438\u0439, \u0433\u043e\u0440\u0447\u0438\u0447\u043d\u044b\u0439, \u0444\u0443\u043a\u0441\u0438\u044f<\/p>\n<p><b>\u0424\u0443\u043d\u043a\u0446\u0438\u0438:<\/b><b><\/b><\/p>\n<p>\u2022 \u041b\u0435\u0433\u043a\u0430\u044f, \u043f\u0440\u043e\u0447\u043d\u0430\u044f \u0438 \u0431\u044b\u0441\u0442\u0440\u043e\u0441\u043e\u0445\u043d\u0443\u0449\u0430\u044f \u0442\u043a\u0430\u043d\u044c<\/p>\n<p>\u2022 \u041c\u043d\u043e\u0436\u0435\u0441\u0442\u0432\u043e \u043a\u0430\u0440\u043c\u0430\u043d\u043e\u0432 \u0438 \u0443\u0434\u043e\u0431\u043d\u0430\u044f \u0432\u043d\u0443\u0442\u0440\u0435\u043d\u043d\u044f\u044f \u043f\u043b\u0430\u043d\u0438\u0440\u043e\u0432\u043a\u0430<\/p>\n<p>\u2022 \u0418\u0434\u0435\u0430\u043b\u044c\u043d\u043e \u043f\u043e\u0434\u0445\u043e\u0434\u0438\u0442 \u0434\u043b\u044f \u043f\u0443\u0442\u0435\u0448\u0435\u0441\u0442\u0432\u0438\u0439 \u0438 \u0432\u044f\u0437\u0430\u043d\u0438\u044f \u043d\u0430 \u043e\u0442\u043a\u0440\u044b\u0442\u043e\u043c \u0432\u043e\u0437\u0434\u0443\u0445\u0435.<\/p>\n<p>\u2022 \u0421\u0442\u0438\u043b\u044c\u043d\u044b\u0439 \u044f\u043f\u043e\u043d\u0441\u043a\u0438\u0439 \u0434\u0438\u0437\u0430\u0439\u043d<\/p>\n<p><b>\u041f\u0440\u0438\u043c\u0435\u0447\u0430\u043d\u0438\u0435:<\/b> \u0426\u0432\u0435\u0442\u043e\u0432\u044b\u0435 \u043e\u0442\u0442\u0435\u043d\u043a\u0438 \u043c\u043e\u0433\u0443\u0442 \u043d\u0435\u0437\u043d\u0430\u0447\u0438\u0442\u0435\u043b\u044c\u043d\u043e \u043e\u0442\u043b\u0438\u0447\u0430\u0442\u044c\u0441\u044f \u0432 \u0437\u0430\u0432\u0438\u0441\u0438\u043c\u043e\u0441\u0442\u0438 \u043e\u0442 \u044d\u043a\u0440\u0430\u043d\u0430 \u0432\u0430\u0448\u0435\u0433\u043e \u0443\u0441\u0442\u0440\u043e\u0439\u0441\u0442\u0432\u0430.<\/p>","protected":false},"excerpt":{"rendered":"<p>Stilinga ir funkcionali \u201eTulip\u201c projektin\u0117 rankdarbi\u0173 kuprin\u0117\u2013krep\u0161ys pagaminta i\u0161 lengvo, patvaraus poliesterio. Med\u017eiaga greitai d\u017ei\u016bsta, tod\u0117l \u0161i rankin\u0117 idealiai tinka naudoti tiek namuose, tiek lauke. Rinkinyje yra pagrindin\u0117 rankin\u0117 ir atskiras si\u016bl\u0173 mai\u0161elis. Pagrindin\u0117 rankin\u0117 Dydis: 240 \u00d7 220 \u00d7 145 mm \u2022Talpina visk\u0105, ko reikia mezgimui ar n\u0117rimui: si\u016blus, nebaigtus darbus, virbalus, v\u0105\u0161elius ir [&hellip;]<\/p>\n","protected":false},"featured_media":5877,"comment_status":"open","ping_status":"closed","template":"","meta":{"_acf_changed":false},"product_brand":[757],"product_cat":[15,1079,20],"product_tag":[],"pro-kategorijos":[],"class_list":{"0":"post-5878","1":"product","2":"type-product","3":"status-publish","4":"has-post-thumbnail","6":"product_brand-tulip","7":"product_cat-visi-produktai","8":"product_cat-deklai","9":"product_cat-priedai-mezgimui","11":"first","12":"instock","13":"shipping-taxable","14":"purchasable","15":"product-type-variable"},"acf":[],"yoast_head":"<!-- This site is optimized with the Yoast SEO plugin v26.8 - https:\/\/yoast.com\/product\/yoast-seo-wordpress\/ -->\n<title>Tulip Projektin\u0117 Rankdarbi\u0173 Krep\u0161ys - Happyinaknit.com<\/title>\n<meta name=\"robots\" content=\"index, follow, max-snippet:-1, max-image-preview:large, max-video-preview:-1\" \/>\n<link rel=\"canonical\" href=\"https:\/\/happyinaknit.com\/ru\/product\/tulip-projektine-rankdarbiu-krepsys\/\" \/>\n<meta property=\"og:locale\" content=\"ru_RU\" \/>\n<meta property=\"og:type\" content=\"article\" \/>\n<meta property=\"og:title\" content=\"Tulip Projektin\u0117 Rankdarbi\u0173 Krep\u0161ys - Happyinaknit.com\" \/>\n<meta property=\"og:description\" content=\"Stilinga ir funkcionali \u201eTulip\u201c projektin\u0117 rankdarbi\u0173 kuprin\u0117\u2013krep\u0161ys pagaminta i\u0161 lengvo, patvaraus poliesterio. Med\u017eiaga greitai d\u017ei\u016bsta, tod\u0117l \u0161i rankin\u0117 idealiai tinka naudoti tiek namuose, tiek lauke. Rinkinyje yra pagrindin\u0117 rankin\u0117 ir atskiras si\u016bl\u0173 mai\u0161elis. Pagrindin\u0117 rankin\u0117 Dydis: 240 \u00d7 220 \u00d7 145 mm \u2022Talpina visk\u0105, ko reikia mezgimui ar n\u0117rimui: si\u016blus, nebaigtus darbus, virbalus, v\u0105\u0161elius ir [&hellip;]\" \/>\n<meta property=\"og:url\" content=\"https:\/\/happyinaknit.com\/ru\/product\/tulip-projektine-rankdarbiu-krepsys\/\" \/>\n<meta property=\"og:site_name\" content=\"Happyinaknit.com\" \/>\n<meta property=\"article:modified_time\" content=\"2026-03-13T12:42:34+00:00\" \/>\n<meta property=\"og:image\" content=\"https:\/\/happyinaknit.com\/wp-content\/uploads\/2025\/10\/tulip-project-bag-navy-400x400.png.webp\" \/>\n\t<meta property=\"og:image:width\" content=\"400\" \/>\n\t<meta property=\"og:image:height\" content=\"400\" \/>\n\t<meta property=\"og:image:type\" content=\"image\/webp\" \/>\n<meta name=\"twitter:card\" content=\"summary_large_image\" \/>\n<meta name=\"twitter:label1\" content=\"\u041f\u0440\u0438\u043c\u0435\u0440\u043d\u043e\u0435 \u0432\u0440\u0435\u043c\u044f \u0434\u043b\u044f \u0447\u0442\u0435\u043d\u0438\u044f\" \/>\n\t<meta name=\"twitter:data1\" content=\"1 \u043c\u0438\u043d\u0443\u0442\u0430\" \/>\n<script type=\"application\/ld+json\" class=\"yoast-schema-graph\">{\"@context\":\"https:\/\/schema.org\",\"@graph\":[{\"@type\":\"WebPage\",\"@id\":\"https:\/\/happyinaknit.com\/produktas\/tulip-projektine-rankdarbiu-krepsys\/\",\"url\":\"https:\/\/happyinaknit.com\/produktas\/tulip-projektine-rankdarbiu-krepsys\/\",\"name\":\"Tulip Projektin\u0117 Rankdarbi\u0173 Krep\u0161ys - Happyinaknit.com\",\"isPartOf\":{\"@id\":\"https:\/\/happyinaknit.com\/lt\/#website\"},\"primaryImageOfPage\":{\"@id\":\"https:\/\/happyinaknit.com\/produktas\/tulip-projektine-rankdarbiu-krepsys\/#primaryimage\"},\"image\":{\"@id\":\"https:\/\/happyinaknit.com\/produktas\/tulip-projektine-rankdarbiu-krepsys\/#primaryimage\"},\"thumbnailUrl\":\"https:\/\/happyinaknit.com\/wp-content\/uploads\/2025\/10\/tulip-project-bag-navy-400x400.png.webp\",\"datePublished\":\"2025-10-18T15:14:09+00:00\",\"dateModified\":\"2026-03-13T12:42:34+00:00\",\"breadcrumb\":{\"@id\":\"https:\/\/happyinaknit.com\/produktas\/tulip-projektine-rankdarbiu-krepsys\/#breadcrumb\"},\"inLanguage\":\"ru-RU\",\"potentialAction\":[{\"@type\":\"ReadAction\",\"target\":[\"https:\/\/happyinaknit.com\/produktas\/tulip-projektine-rankdarbiu-krepsys\/\"]}]},{\"@type\":\"ImageObject\",\"inLanguage\":\"ru-RU\",\"@id\":\"https:\/\/happyinaknit.com\/produktas\/tulip-projektine-rankdarbiu-krepsys\/#primaryimage\",\"url\":\"https:\/\/happyinaknit.com\/wp-content\/uploads\/2025\/10\/tulip-project-bag-navy-400x400.png.webp\",\"contentUrl\":\"https:\/\/happyinaknit.com\/wp-content\/uploads\/2025\/10\/tulip-project-bag-navy-400x400.png.webp\",\"width\":400,\"height\":400},{\"@type\":\"BreadcrumbList\",\"@id\":\"https:\/\/happyinaknit.com\/produktas\/tulip-projektine-rankdarbiu-krepsys\/#breadcrumb\",\"itemListElement\":[{\"@type\":\"ListItem\",\"position\":1,\"name\":\"Home\",\"item\":\"https:\/\/happyinaknit.com\/lt\/\"},{\"@type\":\"ListItem\",\"position\":2,\"name\":\"Parduotuv\u0117\",\"item\":\"https:\/\/happyinaknit.com\/lt\/parduotuve\/\"},{\"@type\":\"ListItem\",\"position\":3,\"name\":\"Tulip Projektin\u0117 Rankdarbi\u0173 Krep\u0161ys\"}]},{\"@type\":\"WebSite\",\"@id\":\"https:\/\/happyinaknit.com\/lt\/#website\",\"url\":\"https:\/\/happyinaknit.com\/lt\/\",\"name\":\"Happyinaknit.com\",\"description\":\"\",\"potentialAction\":[{\"@type\":\"SearchAction\",\"target\":{\"@type\":\"EntryPoint\",\"urlTemplate\":\"https:\/\/happyinaknit.com\/lt\/?s={search_term_string}\"},\"query-input\":{\"@type\":\"PropertyValueSpecification\",\"valueRequired\":true,\"valueName\":\"search_term_string\"}}],\"inLanguage\":\"ru-RU\"}]}<\/script>\n<!-- \/ Yoast SEO plugin. -->","yoast_head_json":{"title":"Tulip Projektin\u0117 Rankdarbi\u0173 Krep\u0161ys - Happyinaknit.com","robots":{"index":"index","follow":"follow","max-snippet":"max-snippet:-1","max-image-preview":"max-image-preview:large","max-video-preview":"max-video-preview:-1"},"canonical":"https:\/\/happyinaknit.com\/ru\/product\/tulip-projektine-rankdarbiu-krepsys\/","og_locale":"ru_RU","og_type":"article","og_title":"Tulip Projektin\u0117 Rankdarbi\u0173 Krep\u0161ys - Happyinaknit.com","og_description":"Stilinga ir funkcionali \u201eTulip\u201c projektin\u0117 rankdarbi\u0173 kuprin\u0117\u2013krep\u0161ys pagaminta i\u0161 lengvo, patvaraus poliesterio. Med\u017eiaga greitai d\u017ei\u016bsta, tod\u0117l \u0161i rankin\u0117 idealiai tinka naudoti tiek namuose, tiek lauke. Rinkinyje yra pagrindin\u0117 rankin\u0117 ir atskiras si\u016bl\u0173 mai\u0161elis. Pagrindin\u0117 rankin\u0117 Dydis: 240 \u00d7 220 \u00d7 145 mm \u2022Talpina visk\u0105, ko reikia mezgimui ar n\u0117rimui: si\u016blus, nebaigtus darbus, virbalus, v\u0105\u0161elius ir [&hellip;]","og_url":"https:\/\/happyinaknit.com\/ru\/product\/tulip-projektine-rankdarbiu-krepsys\/","og_site_name":"Happyinaknit.com","article_modified_time":"2026-03-13T12:42:34+00:00","og_image":[{"width":400,"height":400,"url":"https:\/\/happyinaknit.com\/wp-content\/uploads\/2025\/10\/tulip-project-bag-navy-400x400.png.webp","type":"image\/webp"}],"twitter_card":"summary_large_image","twitter_misc":{"\u041f\u0440\u0438\u043c\u0435\u0440\u043d\u043e\u0435 \u0432\u0440\u0435\u043c\u044f \u0434\u043b\u044f \u0447\u0442\u0435\u043d\u0438\u044f":"1 \u043c\u0438\u043d\u0443\u0442\u0430"},"schema":{"@context":"https:\/\/schema.org","@graph":[{"@type":"WebPage","@id":"https:\/\/happyinaknit.com\/produktas\/tulip-projektine-rankdarbiu-krepsys\/","url":"https:\/\/happyinaknit.com\/produktas\/tulip-projektine-rankdarbiu-krepsys\/","name":"Tulip Projektin\u0117 Rankdarbi\u0173 Krep\u0161ys - Happyinaknit.com","isPartOf":{"@id":"https:\/\/happyinaknit.com\/lt\/#website"},"primaryImageOfPage":{"@id":"https:\/\/happyinaknit.com\/produktas\/tulip-projektine-rankdarbiu-krepsys\/#primaryimage"},"image":{"@id":"https:\/\/happyinaknit.com\/produktas\/tulip-projektine-rankdarbiu-krepsys\/#primaryimage"},"thumbnailUrl":"https:\/\/happyinaknit.com\/wp-content\/uploads\/2025\/10\/tulip-project-bag-navy-400x400.png.webp","datePublished":"2025-10-18T15:14:09+00:00","dateModified":"2026-03-13T12:42:34+00:00","breadcrumb":{"@id":"https:\/\/happyinaknit.com\/produktas\/tulip-projektine-rankdarbiu-krepsys\/#breadcrumb"},"inLanguage":"ru-RU","potentialAction":[{"@type":"ReadAction","target":["https:\/\/happyinaknit.com\/produktas\/tulip-projektine-rankdarbiu-krepsys\/"]}]},{"@type":"ImageObject","inLanguage":"ru-RU","@id":"https:\/\/happyinaknit.com\/produktas\/tulip-projektine-rankdarbiu-krepsys\/#primaryimage","url":"https:\/\/happyinaknit.com\/wp-content\/uploads\/2025\/10\/tulip-project-bag-navy-400x400.png.webp","contentUrl":"https:\/\/happyinaknit.com\/wp-content\/uploads\/2025\/10\/tulip-project-bag-navy-400x400.png.webp","width":400,"height":400},{"@type":"BreadcrumbList","@id":"https:\/\/happyinaknit.com\/produktas\/tulip-projektine-rankdarbiu-krepsys\/#breadcrumb","itemListElement":[{"@type":"ListItem","position":1,"name":"Home","item":"https:\/\/happyinaknit.com\/lt\/"},{"@type":"ListItem","position":2,"name":"Parduotuv\u0117","item":"https:\/\/happyinaknit.com\/lt\/parduotuve\/"},{"@type":"ListItem","position":3,"name":"Tulip Projektin\u0117 Rankdarbi\u0173 Krep\u0161ys"}]},{"@type":"WebSite","@id":"https:\/\/happyinaknit.com\/lt\/#website","url":"https:\/\/happyinaknit.com\/lt\/","name":"Happyinaknit.com","description":"","potentialAction":[{"@type":"SearchAction","target":{"@type":"EntryPoint","urlTemplate":"https:\/\/happyinaknit.com\/lt\/?s={search_term_string}"},"query-input":{"@type":"PropertyValueSpecification","valueRequired":true,"valueName":"search_term_string"}}],"inLanguage":"ru-RU"}]}},"_links":{"self":[{"href":"https:\/\/happyinaknit.com\/ru\/wp-json\/wp\/v2\/product\/5878","targetHints":{"allow":["GET"]}}],"collection":[{"href":"https:\/\/happyinaknit.com\/ru\/wp-json\/wp\/v2\/product"}],"about":[{"href":"https:\/\/happyinaknit.com\/ru\/wp-json\/wp\/v2\/types\/product"}],"replies":[{"embeddable":true,"href":"https:\/\/happyinaknit.com\/ru\/wp-json\/wp\/v2\/comments?post=5878"}],"wp:featuredmedia":[{"embeddable":true,"href":"https:\/\/happyinaknit.com\/ru\/wp-json\/wp\/v2\/media\/5877"}],"wp:attachment":[{"href":"https:\/\/happyinaknit.com\/ru\/wp-json\/wp\/v2\/media?parent=5878"}],"wp:term":[{"taxonomy":"product_brand","embeddable":true,"href":"https:\/\/happyinaknit.com\/ru\/wp-json\/wp\/v2\/product_brand?post=5878"},{"taxonomy":"product_cat","embeddable":true,"href":"https:\/\/happyinaknit.com\/ru\/wp-json\/wp\/v2\/product_cat?post=5878"},{"taxonomy":"product_tag","embeddable":true,"href":"https:\/\/happyinaknit.com\/ru\/wp-json\/wp\/v2\/product_tag?post=5878"},{"taxonomy":"pro-kategorijos","embeddable":true,"href":"https:\/\/happyinaknit.com\/ru\/wp-json\/wp\/v2\/pro-kategorijos?post=5878"}],"curies":[{"name":"wp","href":"https:\/\/api.w.org\/{rel}","templated":true}]}}