{"id":5866,"date":"2025-10-18T14:40:46","date_gmt":"2025-10-18T14:40:46","guid":{"rendered":"https:\/\/happyinaknit.com\/?post_type=product&#038;p=5866"},"modified":"2025-11-30T08:58:18","modified_gmt":"2025-11-30T08:58:18","slug":"katia","status":"publish","type":"product","link":"https:\/\/happyinaknit.com\/ru\/product\/katia\/","title":{"rendered":"Katia \u043d\u0430\u0431\u043e\u0440 \u0441\u0442\u043e\u043f\u043f\u0435\u0440\u043e\u0432 \u0434\u043b\u044f \u0441\u043f\u0438\u0446 (24 \u0448\u0442.)"},"content":{"rendered":"<p data-start=\"0\" data-end=\"47\">\u041a\u0440\u0430\u0441\u043e\u0447\u043d\u044b\u0439 \u0438 \u043f\u0440\u0430\u043a\u0442\u0438\u0447\u043d\u044b\u0439 <strong data-start=\"72\" data-end=\"103\">\u043d\u0430\u0431\u043e\u0440 \u0441\u0442\u043e\u043f\u043f\u0435\u0440\u043e\u0432 \u0434\u043b\u044f \u0441\u043f\u0438\u0446 \u0438\u0437 \u0440\u0435\u0437\u0438\u043d\u044b EVA<\/strong> \u2013 \u043e\u0442\u043b\u0438\u0447\u043d\u044b\u0439 \u0441\u043f\u043e\u0441\u043e\u0431 \u0437\u0430\u0449\u0438\u0442\u0438\u0442\u044c \u0432\u044f\u0437\u0430\u043d\u044b\u0435 \u0438\u0437\u0434\u0435\u043b\u0438\u044f \u0438 \u0434\u043e\u0431\u0430\u0432\u0438\u0442\u044c \u0438\u043c \u0438\u0433\u0440\u0438\u0432\u043e\u0441\u0442\u0438. \u0421\u0442\u043e\u043f\u043f\u0435\u0440\u044b \u043f\u0440\u0435\u0434\u043e\u0442\u0432\u0440\u0430\u0449\u0430\u044e\u0442 \u0441\u043e\u0441\u043a\u0430\u043b\u044c\u0437\u044b\u0432\u0430\u043d\u0438\u0435 \u043f\u0435\u0442\u0435\u043b\u044c \u043f\u0440\u0438 \u0445\u0440\u0430\u043d\u0435\u043d\u0438\u0438 \u0438\u043b\u0438 \u0442\u0440\u0430\u043d\u0441\u043f\u043e\u0440\u0442\u0438\u0440\u043e\u0432\u043a\u0435.<\/p>\n<p data-start=\"277\" data-end=\"578\">\u041f\u0440\u043e\u0441\u0442\u043e \u0432\u0441\u0442\u0430\u0432\u044c\u0442\u0435 \u043a\u043e\u043d\u0447\u0438\u043a \u0441\u043f\u0438\u0446\u044b \u0432  \u043e\u0442\u0432\u0435\u0440\u0441\u0442\u0438\u0435 \u0438 \u043b\u0435\u0433\u043a\u043e \u043d\u0430\u0434\u0435\u043d\u044c\u0442\u0435 \u0435\u0433\u043e \u2014 \u0438\u0437-\u0437\u0430 \u044d\u043b\u0430\u0441\u0442\u0438\u0447\u043d\u043e\u0433\u043e  \u043c\u0430\u0442\u0435\u0440\u0438\u0430\u043b\u0430 \u043e\u043d\u0438 \u043d\u0430\u0434\u0435\u0436\u043d\u043e \u0443\u0434\u0435\u0440\u0436\u0438\u0432\u0430\u0435\u0442\u0441\u044f \u043d\u0430 \u043c\u0435\u0441\u0442\u0435.<br data-start=\"406\" data-end=\"409\" \/>\u0412 \u043a\u043e\u043c\u043f\u043b\u0435\u043a\u0442 \u0432\u0445\u043e\u0434\u044f\u0442 <strong data-start=\"424\" data-end=\"440\">24 \u0441\u0442\u043e\u043f\u043f\u0435\u0440\u0430<\/strong>, \u043f\u043e <strong data-start=\"445\" data-end=\"467\">4 \u043a\u0430\u0436\u0434\u043e\u0433\u043e \u0440\u0430\u0437\u043c\u0435\u0440\u0430<\/strong> (\u0432 \u043e\u0431\u0449\u0435\u043c <strong data-start=\"477\" data-end=\"490\">6 \u0440\u0430\u0437\u043c\u0435\u0440\u043e\u0432<\/strong>). \u041a\u0430\u0436\u0434\u043e\u0439 \u0440\u0430\u0437\u043c\u0435\u0440\u043d\u043e\u0439 \u0433\u0440\u0443\u043f\u043f\u0435 \u043f\u0440\u0438\u0441\u0432\u043e\u0435\u043d \u0441\u0432\u043e\u0439 \u0446\u0432\u0435\u0442, \u043f\u043e\u044d\u0442\u043e\u043c\u0443 \u0432\u044b \u043c\u043e\u0436\u0435\u0442\u0435 \u043b\u0435\u0433\u043a\u043e \u0438\u0445 \u0440\u0430\u0437\u043b\u0438\u0447\u0430\u0442\u044c.<\/p>\n<p data-start=\"580\" data-end=\"676\">\u041f\u043e\u0434\u0445\u043e\u0434\u0438\u0442 \u0434\u043b\u044f <strong data-start=\"586\" data-end=\"609\">\u0434\u043b\u044f \u0432\u0441\u0435\u0445 \u0442\u0438\u043f\u043e\u0432 \u0441\u043f\u0438\u0446<\/strong> \u2013 \u0434\u043b\u044f \u043f\u0440\u044f\u043c\u044b\u0445, \u043a\u0440\u0443\u0433\u043b\u044b\u0445 \u0438 \u043d\u043e\u0441\u043e\u0447\u043d\u044b\u0445 \u2013 <strong data-start=\"651\" data-end=\"673\">\u043e\u0442 2 \u043c\u043c \u0434\u043e 12 \u043c\u043c<\/strong>.<\/p>\n<p data-start=\"678\" data-end=\"692\"><strong data-start=\"678\" data-end=\"690\">\u0424\u0443\u043d\u043a\u0446\u0438\u0438:<\/strong><\/p>\n<ul data-start=\"693\" data-end=\"978\">\n<li data-start=\"693\" data-end=\"733\">\n<p data-start=\"695\" data-end=\"733\">\u041a\u043e\u043b\u0438\u0447\u0435\u0441\u0442\u0432\u043e: 24 \u0448\u0442. (6 \u0440\u0430\u0437\u043c\u0435\u0440\u043e\u0432 \u00d7 4 \u0448\u0442.)<\/p>\n<\/li>\n<li data-start=\"734\" data-end=\"756\">\n<p data-start=\"736\" data-end=\"756\">\u041c\u0430\u0442\u0435\u0440\u0438\u0430\u043b: \u0440\u0435\u0437\u0438\u043d\u0430 \u042d\u0412\u0410<\/p>\n<\/li>\n<li data-start=\"757\" data-end=\"816\">\n<p data-start=\"759\" data-end=\"816\">\u0426\u0432\u0435\u0442\u0430: \u0440\u0430\u0437\u043d\u044b\u0435 (\u043a\u0430\u0436\u0434\u044b\u0439 \u0440\u0430\u0437\u043c\u0435\u0440 \u2014 \u0440\u0430\u0437\u043d\u043e\u0433\u043e \u0446\u0432\u0435\u0442\u0430)<\/p>\n<\/li>\n<li data-start=\"817\" data-end=\"855\">\n<p data-start=\"819\" data-end=\"855\">\u041f\u043e\u0434\u0445\u043e\u0434\u0438\u0442 \u0434\u043b\u044f \u0441\u043f\u0438\u0446 \u043e\u0442 2 \u043c\u043c \u0434\u043e 12 \u043c\u043c.<\/p>\n<\/li>\n<li data-start=\"856\" data-end=\"912\">\n<p data-start=\"858\" data-end=\"912\">\u041f\u043e\u0434\u0445\u043e\u0434\u0438\u0442 \u0434\u043b\u044f \u043f\u0440\u044f\u043c\u044b\u0445, \u043a\u0440\u0443\u0433\u043e\u0432\u044b\u0445 \u0438 \u043d\u043e\u0441\u043e\u0447\u043d\u044b\u0445 \u0441\u043f\u0438\u0446.<\/p>\n<\/li>\n<li data-start=\"913\" data-end=\"943\">\n<p data-start=\"915\" data-end=\"943\">\u041f\u0440\u0435\u0434\u043e\u0442\u0432\u0440\u0430\u0449\u0430\u0435\u0442 \u0441\u043a\u043e\u043b\u044c\u0436\u0435\u043d\u0438\u0435 \u043f\u0435\u0442\u0435\u043b\u044c<\/p>\n<\/li>\n<li data-start=\"944\" data-end=\"978\">\n<p data-start=\"946\" data-end=\"978\">\u0423\u043f\u0430\u043a\u043e\u0432\u0430\u043d\u043e \u0432 \u043a\u0430\u0440\u0442\u043e\u043d\u043d\u0443\u044e \u043a\u043e\u0440\u043e\u0431\u043a\u0443.<\/p>\n<\/li>\n<\/ul>\n<p data-start=\"1015\" data-end=\"1103\" data-is-last-node=\"\" data-is-only-node=\"\"><strong data-start=\"1015\" data-end=\"1027\">\u041f\u0440\u0438\u043c\u0435\u0447\u0430\u043d\u0438\u0435:<\/strong> \u0426\u0432\u0435\u0442\u043e\u0432\u044b\u0435 \u043e\u0442\u0442\u0435\u043d\u043a\u0438 \u043c\u043e\u0433\u0443\u0442 \u043d\u0435\u0437\u043d\u0430\u0447\u0438\u0442\u0435\u043b\u044c\u043d\u043e \u043e\u0442\u043b\u0438\u0447\u0430\u0442\u044c\u0441\u044f \u0432 \u0437\u0430\u0432\u0438\u0441\u0438\u043c\u043e\u0441\u0442\u0438 \u043e\u0442 \u044d\u043a\u0440\u0430\u043d\u0430 \u0432\u0430\u0448\u0435\u0433\u043e \u0443\u0441\u0442\u0440\u043e\u0439\u0441\u0442\u0432\u0430.<\/p>","protected":false},"excerpt":{"rendered":"<p>Spalvingi ir prakti\u0161ki EVA gumos virbal\u0173 antgaliai \u2013 tai puikus b\u016bdas apsaugoti j\u016bs\u0173 mezginius ir suteikti jiems \u017eaismingumo. Antgaliai apsaugo akis nuo nuslydimo nuo virbal\u0173, kai mezginys paliekamas ar transportuojamas. Tiesiog \u012fstatykite virbalo galiuk\u0105 \u012f antgalio centr\u0105 ir lengvai u\u017emaukite \u2013 d\u0117l elastingos med\u017eiagos jie tvirtai laikosi vietoje.Rinkin\u012f sudaro 24 antgaliai, po 4 kiekvieno dyd\u017eio [&hellip;]<\/p>\n","protected":false},"featured_media":5850,"comment_status":"open","ping_status":"closed","template":"","meta":{"_acf_changed":false},"product_brand":[69],"product_cat":[15,868,20],"product_tag":[],"pro-kategorijos":[],"class_list":{"0":"post-5866","1":"product","2":"type-product","3":"status-publish","4":"has-post-thumbnail","6":"product_brand-concept-by-katia","7":"product_cat-visi-produktai","8":"product_cat-antgaliaistabdziukai","9":"product_cat-priedai-mezgimui","11":"first","12":"instock","13":"shipping-taxable","14":"purchasable","15":"product-type-simple"},"acf":[],"yoast_head":"<!-- This site is optimized with the Yoast SEO plugin v26.8 - https:\/\/yoast.com\/product\/yoast-seo-wordpress\/ -->\n<title>Katia Virbal\u0173 Antgali\u0173 Rinkinys (24 vnt.) - Happyinaknit.com<\/title>\n<meta name=\"robots\" content=\"index, follow, max-snippet:-1, max-image-preview:large, max-video-preview:-1\" \/>\n<link rel=\"canonical\" href=\"https:\/\/happyinaknit.com\/ru\/product\/katia\/\" \/>\n<meta property=\"og:locale\" content=\"ru_RU\" \/>\n<meta property=\"og:type\" content=\"article\" \/>\n<meta property=\"og:title\" content=\"Katia Virbal\u0173 Antgali\u0173 Rinkinys (24 vnt.) - Happyinaknit.com\" \/>\n<meta property=\"og:description\" content=\"Spalvingi ir prakti\u0161ki EVA gumos virbal\u0173 antgaliai \u2013 tai puikus b\u016bdas apsaugoti j\u016bs\u0173 mezginius ir suteikti jiems \u017eaismingumo. Antgaliai apsaugo akis nuo nuslydimo nuo virbal\u0173, kai mezginys paliekamas ar transportuojamas. Tiesiog \u012fstatykite virbalo galiuk\u0105 \u012f antgalio centr\u0105 ir lengvai u\u017emaukite \u2013 d\u0117l elastingos med\u017eiagos jie tvirtai laikosi vietoje.Rinkin\u012f sudaro 24 antgaliai, po 4 kiekvieno dyd\u017eio [&hellip;]\" \/>\n<meta property=\"og:url\" content=\"https:\/\/happyinaknit.com\/ru\/product\/katia\/\" \/>\n<meta property=\"og:site_name\" content=\"Happyinaknit.com\" \/>\n<meta property=\"article:modified_time\" content=\"2025-11-30T08:58:18+00:00\" \/>\n<meta property=\"og:image\" content=\"https:\/\/happyinaknit.com\/wp-content\/uploads\/2025\/10\/articulo-24-needle-stoppers-7095-a-c-katia-n.jpg\" \/>\n\t<meta property=\"og:image:width\" content=\"600\" \/>\n\t<meta property=\"og:image:height\" content=\"600\" \/>\n\t<meta property=\"og:image:type\" content=\"image\/jpeg\" \/>\n<meta name=\"twitter:card\" content=\"summary_large_image\" \/>\n<meta name=\"twitter:label1\" content=\"\u041f\u0440\u0438\u043c\u0435\u0440\u043d\u043e\u0435 \u0432\u0440\u0435\u043c\u044f \u0434\u043b\u044f \u0447\u0442\u0435\u043d\u0438\u044f\" \/>\n\t<meta name=\"twitter:data1\" content=\"1 \u043c\u0438\u043d\u0443\u0442\u0430\" \/>\n<script type=\"application\/ld+json\" class=\"yoast-schema-graph\">{\"@context\":\"https:\/\/schema.org\",\"@graph\":[{\"@type\":\"WebPage\",\"@id\":\"https:\/\/happyinaknit.com\/produktas\/katia\/\",\"url\":\"https:\/\/happyinaknit.com\/produktas\/katia\/\",\"name\":\"Katia Virbal\u0173 Antgali\u0173 Rinkinys (24 vnt.) - Happyinaknit.com\",\"isPartOf\":{\"@id\":\"https:\/\/happyinaknit.com\/lt\/#website\"},\"primaryImageOfPage\":{\"@id\":\"https:\/\/happyinaknit.com\/produktas\/katia\/#primaryimage\"},\"image\":{\"@id\":\"https:\/\/happyinaknit.com\/produktas\/katia\/#primaryimage\"},\"thumbnailUrl\":\"https:\/\/happyinaknit.com\/wp-content\/uploads\/2025\/10\/articulo-24-needle-stoppers-7095-a-c-katia-n.jpg\",\"datePublished\":\"2025-10-18T14:40:46+00:00\",\"dateModified\":\"2025-11-30T08:58:18+00:00\",\"breadcrumb\":{\"@id\":\"https:\/\/happyinaknit.com\/produktas\/katia\/#breadcrumb\"},\"inLanguage\":\"ru-RU\",\"potentialAction\":[{\"@type\":\"ReadAction\",\"target\":[\"https:\/\/happyinaknit.com\/produktas\/katia\/\"]}]},{\"@type\":\"ImageObject\",\"inLanguage\":\"ru-RU\",\"@id\":\"https:\/\/happyinaknit.com\/produktas\/katia\/#primaryimage\",\"url\":\"https:\/\/happyinaknit.com\/wp-content\/uploads\/2025\/10\/articulo-24-needle-stoppers-7095-a-c-katia-n.jpg\",\"contentUrl\":\"https:\/\/happyinaknit.com\/wp-content\/uploads\/2025\/10\/articulo-24-needle-stoppers-7095-a-c-katia-n.jpg\",\"width\":600,\"height\":600},{\"@type\":\"BreadcrumbList\",\"@id\":\"https:\/\/happyinaknit.com\/produktas\/katia\/#breadcrumb\",\"itemListElement\":[{\"@type\":\"ListItem\",\"position\":1,\"name\":\"Home\",\"item\":\"https:\/\/happyinaknit.com\/lt\/\"},{\"@type\":\"ListItem\",\"position\":2,\"name\":\"Parduotuv\u0117\",\"item\":\"https:\/\/happyinaknit.com\/lt\/parduotuve\/\"},{\"@type\":\"ListItem\",\"position\":3,\"name\":\"Katia Virbal\u0173 Antgali\u0173 Rinkinys (24 vnt.)\"}]},{\"@type\":\"WebSite\",\"@id\":\"https:\/\/happyinaknit.com\/lt\/#website\",\"url\":\"https:\/\/happyinaknit.com\/lt\/\",\"name\":\"Happyinaknit.com\",\"description\":\"\",\"potentialAction\":[{\"@type\":\"SearchAction\",\"target\":{\"@type\":\"EntryPoint\",\"urlTemplate\":\"https:\/\/happyinaknit.com\/lt\/?s={search_term_string}\"},\"query-input\":{\"@type\":\"PropertyValueSpecification\",\"valueRequired\":true,\"valueName\":\"search_term_string\"}}],\"inLanguage\":\"ru-RU\"}]}<\/script>\n<!-- \/ Yoast SEO plugin. -->","yoast_head_json":{"title":"Katia Virbal\u0173 Antgali\u0173 Rinkinys (24 vnt.) - Happyinaknit.com","robots":{"index":"index","follow":"follow","max-snippet":"max-snippet:-1","max-image-preview":"max-image-preview:large","max-video-preview":"max-video-preview:-1"},"canonical":"https:\/\/happyinaknit.com\/ru\/product\/katia\/","og_locale":"ru_RU","og_type":"article","og_title":"Katia Virbal\u0173 Antgali\u0173 Rinkinys (24 vnt.) - Happyinaknit.com","og_description":"Spalvingi ir prakti\u0161ki EVA gumos virbal\u0173 antgaliai \u2013 tai puikus b\u016bdas apsaugoti j\u016bs\u0173 mezginius ir suteikti jiems \u017eaismingumo. Antgaliai apsaugo akis nuo nuslydimo nuo virbal\u0173, kai mezginys paliekamas ar transportuojamas. Tiesiog \u012fstatykite virbalo galiuk\u0105 \u012f antgalio centr\u0105 ir lengvai u\u017emaukite \u2013 d\u0117l elastingos med\u017eiagos jie tvirtai laikosi vietoje.Rinkin\u012f sudaro 24 antgaliai, po 4 kiekvieno dyd\u017eio [&hellip;]","og_url":"https:\/\/happyinaknit.com\/ru\/product\/katia\/","og_site_name":"Happyinaknit.com","article_modified_time":"2025-11-30T08:58:18+00:00","og_image":[{"width":600,"height":600,"url":"https:\/\/happyinaknit.com\/wp-content\/uploads\/2025\/10\/articulo-24-needle-stoppers-7095-a-c-katia-n.jpg","type":"image\/jpeg"}],"twitter_card":"summary_large_image","twitter_misc":{"\u041f\u0440\u0438\u043c\u0435\u0440\u043d\u043e\u0435 \u0432\u0440\u0435\u043c\u044f \u0434\u043b\u044f \u0447\u0442\u0435\u043d\u0438\u044f":"1 \u043c\u0438\u043d\u0443\u0442\u0430"},"schema":{"@context":"https:\/\/schema.org","@graph":[{"@type":"WebPage","@id":"https:\/\/happyinaknit.com\/produktas\/katia\/","url":"https:\/\/happyinaknit.com\/produktas\/katia\/","name":"Katia Virbal\u0173 Antgali\u0173 Rinkinys (24 vnt.) - Happyinaknit.com","isPartOf":{"@id":"https:\/\/happyinaknit.com\/lt\/#website"},"primaryImageOfPage":{"@id":"https:\/\/happyinaknit.com\/produktas\/katia\/#primaryimage"},"image":{"@id":"https:\/\/happyinaknit.com\/produktas\/katia\/#primaryimage"},"thumbnailUrl":"https:\/\/happyinaknit.com\/wp-content\/uploads\/2025\/10\/articulo-24-needle-stoppers-7095-a-c-katia-n.jpg","datePublished":"2025-10-18T14:40:46+00:00","dateModified":"2025-11-30T08:58:18+00:00","breadcrumb":{"@id":"https:\/\/happyinaknit.com\/produktas\/katia\/#breadcrumb"},"inLanguage":"ru-RU","potentialAction":[{"@type":"ReadAction","target":["https:\/\/happyinaknit.com\/produktas\/katia\/"]}]},{"@type":"ImageObject","inLanguage":"ru-RU","@id":"https:\/\/happyinaknit.com\/produktas\/katia\/#primaryimage","url":"https:\/\/happyinaknit.com\/wp-content\/uploads\/2025\/10\/articulo-24-needle-stoppers-7095-a-c-katia-n.jpg","contentUrl":"https:\/\/happyinaknit.com\/wp-content\/uploads\/2025\/10\/articulo-24-needle-stoppers-7095-a-c-katia-n.jpg","width":600,"height":600},{"@type":"BreadcrumbList","@id":"https:\/\/happyinaknit.com\/produktas\/katia\/#breadcrumb","itemListElement":[{"@type":"ListItem","position":1,"name":"Home","item":"https:\/\/happyinaknit.com\/lt\/"},{"@type":"ListItem","position":2,"name":"Parduotuv\u0117","item":"https:\/\/happyinaknit.com\/lt\/parduotuve\/"},{"@type":"ListItem","position":3,"name":"Katia Virbal\u0173 Antgali\u0173 Rinkinys (24 vnt.)"}]},{"@type":"WebSite","@id":"https:\/\/happyinaknit.com\/lt\/#website","url":"https:\/\/happyinaknit.com\/lt\/","name":"Happyinaknit.com","description":"","potentialAction":[{"@type":"SearchAction","target":{"@type":"EntryPoint","urlTemplate":"https:\/\/happyinaknit.com\/lt\/?s={search_term_string}"},"query-input":{"@type":"PropertyValueSpecification","valueRequired":true,"valueName":"search_term_string"}}],"inLanguage":"ru-RU"}]}},"_links":{"self":[{"href":"https:\/\/happyinaknit.com\/ru\/wp-json\/wp\/v2\/product\/5866","targetHints":{"allow":["GET"]}}],"collection":[{"href":"https:\/\/happyinaknit.com\/ru\/wp-json\/wp\/v2\/product"}],"about":[{"href":"https:\/\/happyinaknit.com\/ru\/wp-json\/wp\/v2\/types\/product"}],"replies":[{"embeddable":true,"href":"https:\/\/happyinaknit.com\/ru\/wp-json\/wp\/v2\/comments?post=5866"}],"wp:featuredmedia":[{"embeddable":true,"href":"https:\/\/happyinaknit.com\/ru\/wp-json\/wp\/v2\/media\/5850"}],"wp:attachment":[{"href":"https:\/\/happyinaknit.com\/ru\/wp-json\/wp\/v2\/media?parent=5866"}],"wp:term":[{"taxonomy":"product_brand","embeddable":true,"href":"https:\/\/happyinaknit.com\/ru\/wp-json\/wp\/v2\/product_brand?post=5866"},{"taxonomy":"product_cat","embeddable":true,"href":"https:\/\/happyinaknit.com\/ru\/wp-json\/wp\/v2\/product_cat?post=5866"},{"taxonomy":"product_tag","embeddable":true,"href":"https:\/\/happyinaknit.com\/ru\/wp-json\/wp\/v2\/product_tag?post=5866"},{"taxonomy":"pro-kategorijos","embeddable":true,"href":"https:\/\/happyinaknit.com\/ru\/wp-json\/wp\/v2\/pro-kategorijos?post=5866"}],"curies":[{"name":"wp","href":"https:\/\/api.w.org\/{rel}","templated":true}]}}