{"id":5857,"date":"2025-10-18T14:17:30","date_gmt":"2025-10-18T14:17:30","guid":{"rendered":"https:\/\/happyinaknit.com\/?post_type=product&#038;p=5857"},"modified":"2025-11-10T13:40:18","modified_gmt":"2025-11-10T13:40:18","slug":"katia-magnetinis-apyrankes-tipo-laikiklis","status":"publish","type":"product","link":"https:\/\/happyinaknit.com\/ru\/product\/katia-magnetinis-apyrankes-tipo-laikiklis\/","title":{"rendered":"Katia \u043c\u0430\u0433\u043d\u0438\u0442\u043d\u044b\u0439 \u0434\u0435\u0440\u0436\u0430\u0442\u0435\u043b\u044c-\u0431\u0440\u0430\u0441\u043b\u0435\u0442"},"content":{"rendered":"<p>\u0423\u0434\u043e\u0431\u043d\u044b\u0439 \u0438 \u0441\u0442\u0438\u043b\u044c\u043d\u044b\u0439 \u043c\u0430\u0433\u043d\u0438\u0442\u043d\u044b\u0439 \u0434\u0435\u0440\u0436\u0430\u0442\u0435\u043b\u044c-\u0431\u0440\u0430\u0441\u043b\u0435\u0442  Katia \u043f\u043e\u0437\u0432\u043e\u043b\u0438\u0442 \u0432\u0430\u043c \u0432\u0441\u0435\u0433\u0434\u0430 \u0438\u043c\u0435\u0442\u044c \u043f\u043e\u0434 \u0440\u0443\u043a\u043e\u0439 \u0431\u0443\u043b\u0430\u0432\u043a\u0438, \u043c\u0435\u0442\u0430\u043b\u043b\u0438\u0447\u0435\u0441\u043a\u0438\u0435 \u043c\u0430\u0440\u043a\u0435\u0440\u044b \u0438\u043b\u0438 \u043c\u0430\u0433\u043d\u0438\u0442\u043d\u044b\u0439 \u0441\u0447\u0451\u0442\u0447\u0438\u043a \u0440\u044f\u0434\u043e\u0432. \u0411\u0440\u0430\u0441\u043b\u0435\u0442 \u0430\u0432\u0442\u043e\u043c\u0430\u0442\u0438\u0447\u0435\u0441\u043a\u0438 \u043a\u0440\u0435\u043f\u0438\u0442\u0441\u044f \u043d\u0430 \u0437\u0430\u043f\u044f\u0441\u0442\u044c\u0435, \u0447\u0442\u043e \u043f\u043e\u0437\u0432\u043e\u043b\u044f\u0435\u0442 \u043b\u0435\u0433\u043a\u043e \u043d\u0430\u0434\u0435\u0432\u0430\u0442\u044c \u0435\u0433\u043e \u0438 \u0438\u0441\u043f\u043e\u043b\u044c\u0437\u043e\u0432\u0430\u0442\u044c \u043a\u0430\u043a \u0432\u043e \u0432\u0440\u0435\u043c\u044f \u0432\u044f\u0437\u0430\u043d\u0438\u044f, \u0442\u0430\u043a \u0438 \u0432\u043e \u0432\u0440\u0435\u043c\u044f \u0448\u0438\u0442\u044c\u044f.<\/p>\n<p>\u041c\u0430\u0433\u043d\u0438\u0442\u043d\u0430\u044f \u043f\u043b\u0430\u0441\u0442\u0438\u043d\u0430 \u043d\u0430\u0434\u0451\u0436\u043d\u043e \u0443\u0434\u0435\u0440\u0436\u0438\u0432\u0430\u0435\u0442 \u043c\u0435\u0442\u0430\u043b\u043b\u0438\u0447\u0435\u0441\u043a\u0438\u0435 \u0430\u043a\u0441\u0435\u0441\u0441\u0443\u0430\u0440\u044b, \u0430 \u044d\u043b\u0435\u0433\u0430\u043d\u0442\u043d\u044b\u0439 \u0434\u0438\u0437\u0430\u0439\u043d \u0438 \u0443\u0434\u043e\u0431\u043d\u0430\u044f \u0444\u043e\u0440\u043c\u0430 \u043f\u043e\u0437\u0432\u043e\u043b\u044f\u044e\u0442 \u043a\u043e\u043c\u0444\u043e\u0440\u0442\u043d\u043e \u0440\u0430\u0431\u043e\u0442\u0430\u0442\u044c, \u043d\u0435 \u043e\u0442\u0432\u043b\u0435\u043a\u0430\u044f\u0441\u044c.\u0423\u043f\u0430\u043a\u043e\u0432\u0430\u043d  \u0432 \u043a\u0440\u0430\u0441\u0438\u0432\u043e\u0439 \u043a\u0432\u0430\u0434\u0440\u0430\u0442\u043d\u043e\u0439 \u043a\u043e\u0440\u043e\u0431\u043a\u0435 \u0438\u0437 \u043a\u043e\u043b\u043b\u0435\u043a\u0446\u0438\u0438 \"Katia 100% You\"<\/p>\n<p><b>\u0424\u0443\u043d\u043a\u0446\u0438\u0438:<\/b><b><\/b><\/p>\n<p>\u2022 \u0423\u0434\u0435\u0440\u0436\u0438\u0432\u0430\u0435\u0442 \u0431\u0443\u043b\u0430\u0432\u043a\u0438,  \u043c\u0435\u0442\u0430\u043b\u043b\u0438\u0447\u0435\u0441\u043a\u0438\u0435 \u043c\u0430\u0440\u043a\u0435\u0440\u044b \u0438\u043b\u0438 \u0441\u0447\u0435\u0442\u0447\u0438\u043a \u0440\u044f\u0434\u043e\u0432<\/p>\n<p>\u2022\u0410\u0432\u0442\u043e\u043c\u0430\u0442\u0438\u0447\u0435\u0441\u043a\u0438 \u0437\u0430\u0441\u0442\u0435\u0433\u0438\u0432\u0430\u0442\u044c \u0440\u0435\u043c\u0435\u0448\u043e\u043a \u043d\u0430 \u0437\u0430\u043f\u044f\u0441\u0442\u044c\u0435<\/p>\n<p>\u2022\u041c\u0430\u0433\u043d\u0438\u0442\u043d\u0430\u044f \u043f\u043b\u0430\u0441\u0442\u0438\u043d\u0430 \u2013 \u0434\u0438\u0430\u043c\u0435\u0442\u0440 4 \u0441\u043c<\/p>\n<p>\u2022\u0420\u0430\u0437\u043c\u0435\u0440 \u0431\u0440\u0430\u0441\u043b\u0435\u0442\u0430 \u2013 23 \u00d7 2,5 \u0441\u043c.<\/p>\n<p>\u2022\u0423\u043f\u0430\u043a\u043e\u0432\u0430\u043d\u043e \u0432 \u0441\u0442\u0438\u043b\u044c\u043d\u0443\u044e \u043a\u043e\u0440\u043e\u0431\u043a\u0443<\/p>\n<p><b>\u041f\u0440\u0438\u043c\u0435\u0447\u0430\u043d\u0438\u0435:<\/b> \u0426\u0432\u0435\u0442\u043e\u0432\u044b\u0435 \u043e\u0442\u0442\u0435\u043d\u043a\u0438 \u043c\u043e\u0433\u0443\u0442 \u043d\u0435\u0437\u043d\u0430\u0447\u0438\u0442\u0435\u043b\u044c\u043d\u043e \u043e\u0442\u043b\u0438\u0447\u0430\u0442\u044c\u0441\u044f \u0432 \u0437\u0430\u0432\u0438\u0441\u0438\u043c\u043e\u0441\u0442\u0438 \u043e\u0442 \u044d\u043a\u0440\u0430\u043d\u0430 \u0432\u0430\u0448\u0435\u0433\u043e \u0443\u0441\u0442\u0440\u043e\u0439\u0441\u0442\u0432\u0430.<\/p>","protected":false},"excerpt":{"rendered":"<p>Patogus ir stilingas \u201eKatia\u201c magnetinis apyrank\u0117s laikiklis leis visada tur\u0117ti po ranka smeigtukus, metalinius \u017eymeklius ar magnetin\u012f eili\u0173 skaitikl\u012f. Apyrank\u0117 automati\u0161kai prisitvirtina prie rie\u0161o, tod\u0117l j\u0105 lengva u\u017esid\u0117ti ir naudoti tiek mezgant, tiek siuvant. Magnetin\u0117 plok\u0161tel\u0117 tvirtai laiko metalinius priedus, o eleganti\u0161kas dizainas ir patogi forma leid\u017eia patogiai dirbti be papildom\u0173 pertrauk\u0173. Pateikiama dailioje kvadratin\u0117je [&hellip;]<\/p>\n","protected":false},"featured_media":5836,"comment_status":"open","ping_status":"closed","template":"","meta":{"_acf_changed":false},"product_brand":[69],"product_cat":[15,52,20],"product_tag":[],"pro-kategorijos":[],"class_list":{"0":"post-5857","1":"product","2":"type-product","3":"status-publish","4":"has-post-thumbnail","6":"product_brand-concept-by-katia","7":"product_cat-visi-produktai","8":"product_cat-kiti-mezgimo-reikmenys","9":"product_cat-priedai-mezgimui","11":"first","12":"instock","13":"shipping-taxable","14":"purchasable","15":"product-type-simple"},"acf":[],"yoast_head":"<!-- This site is optimized with the Yoast SEO plugin v26.8 - https:\/\/yoast.com\/product\/yoast-seo-wordpress\/ -->\n<title>Katia Magnetinis Apyrank\u0117s Tipo Laikiklis - Happyinaknit.com<\/title>\n<meta name=\"robots\" content=\"index, follow, max-snippet:-1, max-image-preview:large, max-video-preview:-1\" \/>\n<link rel=\"canonical\" href=\"https:\/\/happyinaknit.com\/ru\/product\/katia-magnetinis-apyrankes-tipo-laikiklis\/\" \/>\n<meta property=\"og:locale\" content=\"ru_RU\" \/>\n<meta property=\"og:type\" content=\"article\" \/>\n<meta property=\"og:title\" content=\"Katia Magnetinis Apyrank\u0117s Tipo Laikiklis - Happyinaknit.com\" \/>\n<meta property=\"og:description\" content=\"Patogus ir stilingas \u201eKatia\u201c magnetinis apyrank\u0117s laikiklis leis visada tur\u0117ti po ranka smeigtukus, metalinius \u017eymeklius ar magnetin\u012f eili\u0173 skaitikl\u012f. Apyrank\u0117 automati\u0161kai prisitvirtina prie rie\u0161o, tod\u0117l j\u0105 lengva u\u017esid\u0117ti ir naudoti tiek mezgant, tiek siuvant. Magnetin\u0117 plok\u0161tel\u0117 tvirtai laiko metalinius priedus, o eleganti\u0161kas dizainas ir patogi forma leid\u017eia patogiai dirbti be papildom\u0173 pertrauk\u0173. Pateikiama dailioje kvadratin\u0117je [&hellip;]\" \/>\n<meta property=\"og:url\" content=\"https:\/\/happyinaknit.com\/ru\/product\/katia-magnetinis-apyrankes-tipo-laikiklis\/\" \/>\n<meta property=\"og:site_name\" content=\"Happyinaknit.com\" \/>\n<meta property=\"article:modified_time\" content=\"2025-11-10T13:40:18+00:00\" \/>\n<meta property=\"og:image\" content=\"https:\/\/happyinaknit.com\/wp-content\/uploads\/2025\/10\/articulo-round-magnetic-bracelet-for-row-counter-pins-7476-a-c-04-katia-n.jpg\" \/>\n\t<meta property=\"og:image:width\" content=\"600\" \/>\n\t<meta property=\"og:image:height\" content=\"600\" \/>\n\t<meta property=\"og:image:type\" content=\"image\/jpeg\" \/>\n<meta name=\"twitter:card\" content=\"summary_large_image\" \/>\n<meta name=\"twitter:label1\" content=\"\u041f\u0440\u0438\u043c\u0435\u0440\u043d\u043e\u0435 \u0432\u0440\u0435\u043c\u044f \u0434\u043b\u044f \u0447\u0442\u0435\u043d\u0438\u044f\" \/>\n\t<meta name=\"twitter:data1\" content=\"1 \u043c\u0438\u043d\u0443\u0442\u0430\" \/>\n<script type=\"application\/ld+json\" class=\"yoast-schema-graph\">{\"@context\":\"https:\/\/schema.org\",\"@graph\":[{\"@type\":\"WebPage\",\"@id\":\"https:\/\/happyinaknit.com\/produktas\/katia-magnetinis-apyrankes-tipo-laikiklis\/\",\"url\":\"https:\/\/happyinaknit.com\/produktas\/katia-magnetinis-apyrankes-tipo-laikiklis\/\",\"name\":\"Katia Magnetinis Apyrank\u0117s Tipo Laikiklis - Happyinaknit.com\",\"isPartOf\":{\"@id\":\"https:\/\/happyinaknit.com\/lt\/#website\"},\"primaryImageOfPage\":{\"@id\":\"https:\/\/happyinaknit.com\/produktas\/katia-magnetinis-apyrankes-tipo-laikiklis\/#primaryimage\"},\"image\":{\"@id\":\"https:\/\/happyinaknit.com\/produktas\/katia-magnetinis-apyrankes-tipo-laikiklis\/#primaryimage\"},\"thumbnailUrl\":\"https:\/\/happyinaknit.com\/wp-content\/uploads\/2025\/10\/articulo-round-magnetic-bracelet-for-row-counter-pins-7476-a-c-04-katia-n.jpg\",\"datePublished\":\"2025-10-18T14:17:30+00:00\",\"dateModified\":\"2025-11-10T13:40:18+00:00\",\"breadcrumb\":{\"@id\":\"https:\/\/happyinaknit.com\/produktas\/katia-magnetinis-apyrankes-tipo-laikiklis\/#breadcrumb\"},\"inLanguage\":\"ru-RU\",\"potentialAction\":[{\"@type\":\"ReadAction\",\"target\":[\"https:\/\/happyinaknit.com\/produktas\/katia-magnetinis-apyrankes-tipo-laikiklis\/\"]}]},{\"@type\":\"ImageObject\",\"inLanguage\":\"ru-RU\",\"@id\":\"https:\/\/happyinaknit.com\/produktas\/katia-magnetinis-apyrankes-tipo-laikiklis\/#primaryimage\",\"url\":\"https:\/\/happyinaknit.com\/wp-content\/uploads\/2025\/10\/articulo-round-magnetic-bracelet-for-row-counter-pins-7476-a-c-04-katia-n.jpg\",\"contentUrl\":\"https:\/\/happyinaknit.com\/wp-content\/uploads\/2025\/10\/articulo-round-magnetic-bracelet-for-row-counter-pins-7476-a-c-04-katia-n.jpg\",\"width\":600,\"height\":600},{\"@type\":\"BreadcrumbList\",\"@id\":\"https:\/\/happyinaknit.com\/produktas\/katia-magnetinis-apyrankes-tipo-laikiklis\/#breadcrumb\",\"itemListElement\":[{\"@type\":\"ListItem\",\"position\":1,\"name\":\"Home\",\"item\":\"https:\/\/happyinaknit.com\/lt\/\"},{\"@type\":\"ListItem\",\"position\":2,\"name\":\"Parduotuv\u0117\",\"item\":\"https:\/\/happyinaknit.com\/lt\/parduotuve\/\"},{\"@type\":\"ListItem\",\"position\":3,\"name\":\"Katia Magnetinis Apyrank\u0117s Tipo Laikiklis\"}]},{\"@type\":\"WebSite\",\"@id\":\"https:\/\/happyinaknit.com\/lt\/#website\",\"url\":\"https:\/\/happyinaknit.com\/lt\/\",\"name\":\"Happyinaknit.com\",\"description\":\"\",\"potentialAction\":[{\"@type\":\"SearchAction\",\"target\":{\"@type\":\"EntryPoint\",\"urlTemplate\":\"https:\/\/happyinaknit.com\/lt\/?s={search_term_string}\"},\"query-input\":{\"@type\":\"PropertyValueSpecification\",\"valueRequired\":true,\"valueName\":\"search_term_string\"}}],\"inLanguage\":\"ru-RU\"}]}<\/script>\n<!-- \/ Yoast SEO plugin. -->","yoast_head_json":{"title":"Katia Magnetinis Apyrank\u0117s Tipo Laikiklis - Happyinaknit.com","robots":{"index":"index","follow":"follow","max-snippet":"max-snippet:-1","max-image-preview":"max-image-preview:large","max-video-preview":"max-video-preview:-1"},"canonical":"https:\/\/happyinaknit.com\/ru\/product\/katia-magnetinis-apyrankes-tipo-laikiklis\/","og_locale":"ru_RU","og_type":"article","og_title":"Katia Magnetinis Apyrank\u0117s Tipo Laikiklis - Happyinaknit.com","og_description":"Patogus ir stilingas \u201eKatia\u201c magnetinis apyrank\u0117s laikiklis leis visada tur\u0117ti po ranka smeigtukus, metalinius \u017eymeklius ar magnetin\u012f eili\u0173 skaitikl\u012f. Apyrank\u0117 automati\u0161kai prisitvirtina prie rie\u0161o, tod\u0117l j\u0105 lengva u\u017esid\u0117ti ir naudoti tiek mezgant, tiek siuvant. Magnetin\u0117 plok\u0161tel\u0117 tvirtai laiko metalinius priedus, o eleganti\u0161kas dizainas ir patogi forma leid\u017eia patogiai dirbti be papildom\u0173 pertrauk\u0173. Pateikiama dailioje kvadratin\u0117je [&hellip;]","og_url":"https:\/\/happyinaknit.com\/ru\/product\/katia-magnetinis-apyrankes-tipo-laikiklis\/","og_site_name":"Happyinaknit.com","article_modified_time":"2025-11-10T13:40:18+00:00","og_image":[{"width":600,"height":600,"url":"https:\/\/happyinaknit.com\/wp-content\/uploads\/2025\/10\/articulo-round-magnetic-bracelet-for-row-counter-pins-7476-a-c-04-katia-n.jpg","type":"image\/jpeg"}],"twitter_card":"summary_large_image","twitter_misc":{"\u041f\u0440\u0438\u043c\u0435\u0440\u043d\u043e\u0435 \u0432\u0440\u0435\u043c\u044f \u0434\u043b\u044f \u0447\u0442\u0435\u043d\u0438\u044f":"1 \u043c\u0438\u043d\u0443\u0442\u0430"},"schema":{"@context":"https:\/\/schema.org","@graph":[{"@type":"WebPage","@id":"https:\/\/happyinaknit.com\/produktas\/katia-magnetinis-apyrankes-tipo-laikiklis\/","url":"https:\/\/happyinaknit.com\/produktas\/katia-magnetinis-apyrankes-tipo-laikiklis\/","name":"Katia Magnetinis Apyrank\u0117s Tipo Laikiklis - Happyinaknit.com","isPartOf":{"@id":"https:\/\/happyinaknit.com\/lt\/#website"},"primaryImageOfPage":{"@id":"https:\/\/happyinaknit.com\/produktas\/katia-magnetinis-apyrankes-tipo-laikiklis\/#primaryimage"},"image":{"@id":"https:\/\/happyinaknit.com\/produktas\/katia-magnetinis-apyrankes-tipo-laikiklis\/#primaryimage"},"thumbnailUrl":"https:\/\/happyinaknit.com\/wp-content\/uploads\/2025\/10\/articulo-round-magnetic-bracelet-for-row-counter-pins-7476-a-c-04-katia-n.jpg","datePublished":"2025-10-18T14:17:30+00:00","dateModified":"2025-11-10T13:40:18+00:00","breadcrumb":{"@id":"https:\/\/happyinaknit.com\/produktas\/katia-magnetinis-apyrankes-tipo-laikiklis\/#breadcrumb"},"inLanguage":"ru-RU","potentialAction":[{"@type":"ReadAction","target":["https:\/\/happyinaknit.com\/produktas\/katia-magnetinis-apyrankes-tipo-laikiklis\/"]}]},{"@type":"ImageObject","inLanguage":"ru-RU","@id":"https:\/\/happyinaknit.com\/produktas\/katia-magnetinis-apyrankes-tipo-laikiklis\/#primaryimage","url":"https:\/\/happyinaknit.com\/wp-content\/uploads\/2025\/10\/articulo-round-magnetic-bracelet-for-row-counter-pins-7476-a-c-04-katia-n.jpg","contentUrl":"https:\/\/happyinaknit.com\/wp-content\/uploads\/2025\/10\/articulo-round-magnetic-bracelet-for-row-counter-pins-7476-a-c-04-katia-n.jpg","width":600,"height":600},{"@type":"BreadcrumbList","@id":"https:\/\/happyinaknit.com\/produktas\/katia-magnetinis-apyrankes-tipo-laikiklis\/#breadcrumb","itemListElement":[{"@type":"ListItem","position":1,"name":"Home","item":"https:\/\/happyinaknit.com\/lt\/"},{"@type":"ListItem","position":2,"name":"Parduotuv\u0117","item":"https:\/\/happyinaknit.com\/lt\/parduotuve\/"},{"@type":"ListItem","position":3,"name":"Katia Magnetinis Apyrank\u0117s Tipo Laikiklis"}]},{"@type":"WebSite","@id":"https:\/\/happyinaknit.com\/lt\/#website","url":"https:\/\/happyinaknit.com\/lt\/","name":"Happyinaknit.com","description":"","potentialAction":[{"@type":"SearchAction","target":{"@type":"EntryPoint","urlTemplate":"https:\/\/happyinaknit.com\/lt\/?s={search_term_string}"},"query-input":{"@type":"PropertyValueSpecification","valueRequired":true,"valueName":"search_term_string"}}],"inLanguage":"ru-RU"}]}},"_links":{"self":[{"href":"https:\/\/happyinaknit.com\/ru\/wp-json\/wp\/v2\/product\/5857","targetHints":{"allow":["GET"]}}],"collection":[{"href":"https:\/\/happyinaknit.com\/ru\/wp-json\/wp\/v2\/product"}],"about":[{"href":"https:\/\/happyinaknit.com\/ru\/wp-json\/wp\/v2\/types\/product"}],"replies":[{"embeddable":true,"href":"https:\/\/happyinaknit.com\/ru\/wp-json\/wp\/v2\/comments?post=5857"}],"wp:featuredmedia":[{"embeddable":true,"href":"https:\/\/happyinaknit.com\/ru\/wp-json\/wp\/v2\/media\/5836"}],"wp:attachment":[{"href":"https:\/\/happyinaknit.com\/ru\/wp-json\/wp\/v2\/media?parent=5857"}],"wp:term":[{"taxonomy":"product_brand","embeddable":true,"href":"https:\/\/happyinaknit.com\/ru\/wp-json\/wp\/v2\/product_brand?post=5857"},{"taxonomy":"product_cat","embeddable":true,"href":"https:\/\/happyinaknit.com\/ru\/wp-json\/wp\/v2\/product_cat?post=5857"},{"taxonomy":"product_tag","embeddable":true,"href":"https:\/\/happyinaknit.com\/ru\/wp-json\/wp\/v2\/product_tag?post=5857"},{"taxonomy":"pro-kategorijos","embeddable":true,"href":"https:\/\/happyinaknit.com\/ru\/wp-json\/wp\/v2\/pro-kategorijos?post=5857"}],"curies":[{"name":"wp","href":"https:\/\/api.w.org\/{rel}","templated":true}]}}