{"id":5833,"date":"2025-10-18T14:11:55","date_gmt":"2025-10-18T14:11:55","guid":{"rendered":"https:\/\/happyinaknit.com\/?post_type=product&#038;p=5833"},"modified":"2026-03-02T15:24:24","modified_gmt":"2026-03-02T15:24:24","slug":"katia-mezgimo-zymekliai","status":"publish","type":"product","link":"https:\/\/happyinaknit.com\/ru\/product\/katia-mezgimo-zymekliai\/","title":{"rendered":"Katia \u043c\u0430\u0440\u043a\u0435\u0440\u044b \u0434\u043b\u044f \u0432\u044f\u0437\u0430\u043d\u0438\u044f"},"content":{"rendered":"<p>\u0423\u0434\u043e\u0431\u043d\u044b\u0435 \u0438 \u044f\u0440\u043a\u0438\u0435 \u043c\u0430\u0440\u043a\u0435\u0440\u044b \u0434\u043b\u044f \u0432\u044f\u0437\u0430\u043d\u0438\u044f Katia \u043f\u043e\u043c\u043e\u0433\u0443\u0442 \u0432\u0430\u043c \u043b\u0435\u0433\u043a\u043e \u0440\u0430\u0437\u043c\u0435\u0447\u0430\u0442\u044c \u0440\u044f\u0434\u044b, \u043f\u043e\u0432\u0442\u043e\u0440\u044b \u0443\u0437\u043e\u0440\u043e\u0432 \u0438\u043b\u0438 \u043e\u0442\u0434\u0435\u043b\u044c\u043d\u044b\u0435 \u0443\u0447\u0430\u0441\u0442\u043a\u0438 \u0432\u044f\u0437\u0430\u043d\u0438\u044f. \u0418\u0434\u0435\u0430\u043b\u044c\u043d\u043e \u043f\u043e\u0434\u0445\u043e\u0434\u044f\u0442 \u043a\u0430\u043a \u0434\u043b\u044f \u043d\u0430\u0447\u0438\u043d\u0430\u044e\u0449\u0438\u0445, \u0442\u0430\u043a \u0438 \u0434\u043b\u044f \u043e\u043f\u044b\u0442\u043d\u044b\u0445 \u0432\u044f\u0437\u0430\u043b\u044c\u0449\u0438\u0446.<\/p>\n<p>\u0412 \u043d\u0430\u0431\u043e\u0440 \u0432\u0445\u043e\u0434\u044f\u0442 60 \u043c\u0430\u0440\u043a\u0435\u0440\u043e\u0432 \u0440\u0430\u0437\u043d\u044b\u0445 \u0446\u0432\u0435\u0442\u043e\u0432 \u2014 \u044d\u0442\u043e \u043f\u043e\u0437\u0432\u043e\u043b\u044f\u0435\u0442 \u0443\u0434\u043e\u0431\u043d\u043e \u0440\u0430\u0437\u0433\u0440\u0430\u043d\u0438\u0447\u0438\u0432\u0430\u0442\u044c \u0440\u0430\u0437\u043d\u044b\u0435 \u0447\u0430\u0441\u0442\u0438 \u0432\u044f\u0437\u0430\u043d\u0438\u044f \u0438 \u0441\u043e\u0431\u043b\u044e\u0434\u0430\u0442\u044c \u043f\u043e\u0440\u044f\u0434\u043e\u043a \u0432 \u0440\u0430\u0431\u043e\u0442\u0435.<\/p>\n<p><b>\u0412 \u043a\u043e\u043c\u043f\u043b\u0435\u043a\u0442 \u0432\u0445\u043e\u0434\u0438\u0442:<\/b> 60 \u043c\u0430\u0440\u043a\u0435\u0440\u043e\u0432 \u0440\u0430\u0437\u043d\u044b\u0445 \u0446\u0432\u0435\u0442\u043e\u0432<\/p>\n<p><b>\u041f\u0440\u0438\u043c\u0435\u0447\u0430\u043d\u0438\u0435:<\/b> \u0426\u0432\u0435\u0442\u043e\u0432\u044b\u0435 \u043e\u0442\u0442\u0435\u043d\u043a\u0438 \u043c\u043e\u0433\u0443\u0442 \u043d\u0435\u0437\u043d\u0430\u0447\u0438\u0442\u0435\u043b\u044c\u043d\u043e \u043e\u0442\u043b\u0438\u0447\u0430\u0442\u044c\u0441\u044f \u0432 \u0437\u0430\u0432\u0438\u0441\u0438\u043c\u043e\u0441\u0442\u0438 \u043e\u0442 \u044d\u043a\u0440\u0430\u043d\u0430 \u0432\u0430\u0448\u0435\u0433\u043e \u0443\u0441\u0442\u0440\u043e\u0439\u0441\u0442\u0432\u0430.<\/p>","protected":false},"excerpt":{"rendered":"<p>Patog\u016bs ir spalvingi \u201eKatia\u201c mezgimo \u017eymekliai pad\u0117s lengvai pa\u017eym\u0117ti eiles, ra\u0161t\u0173 pasikartojimus ar tam tikras mezginio vietas. Puikiai tinka tiek pradedantiesiems, tiek patyrusiems mezg\u0117jams. Rinkinyje yra 60 skirting\u0173 spalv\u0173 \u017eymekli\u0173 \u2013 tai leid\u017eia patogiai i\u0161skirti \u012fvairias mezginio dalis ir palaikyti tvark\u0105 darbo metu. Rinkin\u012f sudaro: 60 \u012fvairi\u0173 spalv\u0173 \u017eymekli\u0173 Pastaba: spalv\u0173 atspalviai gali \u0161iek tiek [&hellip;]<\/p>\n","protected":false},"featured_media":5855,"comment_status":"open","ping_status":"closed","template":"","meta":{"_acf_changed":false},"product_brand":[69],"product_cat":[15,20,1081],"product_tag":[],"pro-kategorijos":[],"class_list":{"0":"post-5833","1":"product","2":"type-product","3":"status-publish","4":"has-post-thumbnail","6":"product_brand-concept-by-katia","7":"product_cat-visi-produktai","8":"product_cat-priedai-mezgimui","9":"product_cat-zymekliai","11":"first","12":"instock","13":"shipping-taxable","14":"purchasable","15":"product-type-simple"},"acf":[],"yoast_head":"<!-- This site is optimized with the Yoast SEO plugin v26.8 - https:\/\/yoast.com\/product\/yoast-seo-wordpress\/ -->\n<title>Katia Mezgimo \u017dymekliai - Happyinaknit.com<\/title>\n<meta name=\"robots\" content=\"index, follow, max-snippet:-1, max-image-preview:large, max-video-preview:-1\" \/>\n<link rel=\"canonical\" href=\"https:\/\/happyinaknit.com\/ru\/product\/katia-mezgimo-zymekliai\/\" \/>\n<meta property=\"og:locale\" content=\"ru_RU\" \/>\n<meta property=\"og:type\" content=\"article\" \/>\n<meta property=\"og:title\" content=\"Katia Mezgimo \u017dymekliai - Happyinaknit.com\" \/>\n<meta property=\"og:description\" content=\"Patog\u016bs ir spalvingi \u201eKatia\u201c mezgimo \u017eymekliai pad\u0117s lengvai pa\u017eym\u0117ti eiles, ra\u0161t\u0173 pasikartojimus ar tam tikras mezginio vietas. Puikiai tinka tiek pradedantiesiems, tiek patyrusiems mezg\u0117jams. Rinkinyje yra 60 skirting\u0173 spalv\u0173 \u017eymekli\u0173 \u2013 tai leid\u017eia patogiai i\u0161skirti \u012fvairias mezginio dalis ir palaikyti tvark\u0105 darbo metu. Rinkin\u012f sudaro: 60 \u012fvairi\u0173 spalv\u0173 \u017eymekli\u0173 Pastaba: spalv\u0173 atspalviai gali \u0161iek tiek [&hellip;]\" \/>\n<meta property=\"og:url\" content=\"https:\/\/happyinaknit.com\/ru\/product\/katia-mezgimo-zymekliai\/\" \/>\n<meta property=\"og:site_name\" content=\"Happyinaknit.com\" \/>\n<meta property=\"article:modified_time\" content=\"2026-03-02T15:24:24+00:00\" \/>\n<meta property=\"og:image\" content=\"https:\/\/happyinaknit.com\/wp-content\/uploads\/2025\/10\/IMG_0105.jpg\" \/>\n\t<meta property=\"og:image:width\" content=\"1320\" \/>\n\t<meta property=\"og:image:height\" content=\"1166\" \/>\n\t<meta property=\"og:image:type\" content=\"image\/jpeg\" \/>\n<meta name=\"twitter:card\" content=\"summary_large_image\" \/>\n<script type=\"application\/ld+json\" class=\"yoast-schema-graph\">{\"@context\":\"https:\/\/schema.org\",\"@graph\":[{\"@type\":\"WebPage\",\"@id\":\"https:\/\/happyinaknit.com\/produktas\/katia-mezgimo-zymekliai\/\",\"url\":\"https:\/\/happyinaknit.com\/produktas\/katia-mezgimo-zymekliai\/\",\"name\":\"Katia Mezgimo \u017dymekliai - Happyinaknit.com\",\"isPartOf\":{\"@id\":\"https:\/\/happyinaknit.com\/lt\/#website\"},\"primaryImageOfPage\":{\"@id\":\"https:\/\/happyinaknit.com\/produktas\/katia-mezgimo-zymekliai\/#primaryimage\"},\"image\":{\"@id\":\"https:\/\/happyinaknit.com\/produktas\/katia-mezgimo-zymekliai\/#primaryimage\"},\"thumbnailUrl\":\"https:\/\/happyinaknit.com\/wp-content\/uploads\/2025\/10\/IMG_0105.jpg\",\"datePublished\":\"2025-10-18T14:11:55+00:00\",\"dateModified\":\"2026-03-02T15:24:24+00:00\",\"breadcrumb\":{\"@id\":\"https:\/\/happyinaknit.com\/produktas\/katia-mezgimo-zymekliai\/#breadcrumb\"},\"inLanguage\":\"ru-RU\",\"potentialAction\":[{\"@type\":\"ReadAction\",\"target\":[\"https:\/\/happyinaknit.com\/produktas\/katia-mezgimo-zymekliai\/\"]}]},{\"@type\":\"ImageObject\",\"inLanguage\":\"ru-RU\",\"@id\":\"https:\/\/happyinaknit.com\/produktas\/katia-mezgimo-zymekliai\/#primaryimage\",\"url\":\"https:\/\/happyinaknit.com\/wp-content\/uploads\/2025\/10\/IMG_0105.jpg\",\"contentUrl\":\"https:\/\/happyinaknit.com\/wp-content\/uploads\/2025\/10\/IMG_0105.jpg\",\"width\":1320,\"height\":1166},{\"@type\":\"BreadcrumbList\",\"@id\":\"https:\/\/happyinaknit.com\/produktas\/katia-mezgimo-zymekliai\/#breadcrumb\",\"itemListElement\":[{\"@type\":\"ListItem\",\"position\":1,\"name\":\"Home\",\"item\":\"https:\/\/happyinaknit.com\/lt\/\"},{\"@type\":\"ListItem\",\"position\":2,\"name\":\"Parduotuv\u0117\",\"item\":\"https:\/\/happyinaknit.com\/lt\/parduotuve\/\"},{\"@type\":\"ListItem\",\"position\":3,\"name\":\"Katia Mezgimo \u017dymekliai\"}]},{\"@type\":\"WebSite\",\"@id\":\"https:\/\/happyinaknit.com\/lt\/#website\",\"url\":\"https:\/\/happyinaknit.com\/lt\/\",\"name\":\"Happyinaknit.com\",\"description\":\"\",\"potentialAction\":[{\"@type\":\"SearchAction\",\"target\":{\"@type\":\"EntryPoint\",\"urlTemplate\":\"https:\/\/happyinaknit.com\/lt\/?s={search_term_string}\"},\"query-input\":{\"@type\":\"PropertyValueSpecification\",\"valueRequired\":true,\"valueName\":\"search_term_string\"}}],\"inLanguage\":\"ru-RU\"}]}<\/script>\n<!-- \/ Yoast SEO plugin. -->","yoast_head_json":{"title":"Katia Mezgimo \u017dymekliai - Happyinaknit.com","robots":{"index":"index","follow":"follow","max-snippet":"max-snippet:-1","max-image-preview":"max-image-preview:large","max-video-preview":"max-video-preview:-1"},"canonical":"https:\/\/happyinaknit.com\/ru\/product\/katia-mezgimo-zymekliai\/","og_locale":"ru_RU","og_type":"article","og_title":"Katia Mezgimo \u017dymekliai - Happyinaknit.com","og_description":"Patog\u016bs ir spalvingi \u201eKatia\u201c mezgimo \u017eymekliai pad\u0117s lengvai pa\u017eym\u0117ti eiles, ra\u0161t\u0173 pasikartojimus ar tam tikras mezginio vietas. Puikiai tinka tiek pradedantiesiems, tiek patyrusiems mezg\u0117jams. Rinkinyje yra 60 skirting\u0173 spalv\u0173 \u017eymekli\u0173 \u2013 tai leid\u017eia patogiai i\u0161skirti \u012fvairias mezginio dalis ir palaikyti tvark\u0105 darbo metu. Rinkin\u012f sudaro: 60 \u012fvairi\u0173 spalv\u0173 \u017eymekli\u0173 Pastaba: spalv\u0173 atspalviai gali \u0161iek tiek [&hellip;]","og_url":"https:\/\/happyinaknit.com\/ru\/product\/katia-mezgimo-zymekliai\/","og_site_name":"Happyinaknit.com","article_modified_time":"2026-03-02T15:24:24+00:00","og_image":[{"width":1320,"height":1166,"url":"https:\/\/happyinaknit.com\/wp-content\/uploads\/2025\/10\/IMG_0105.jpg","type":"image\/jpeg"}],"twitter_card":"summary_large_image","schema":{"@context":"https:\/\/schema.org","@graph":[{"@type":"WebPage","@id":"https:\/\/happyinaknit.com\/produktas\/katia-mezgimo-zymekliai\/","url":"https:\/\/happyinaknit.com\/produktas\/katia-mezgimo-zymekliai\/","name":"Katia Mezgimo \u017dymekliai - Happyinaknit.com","isPartOf":{"@id":"https:\/\/happyinaknit.com\/lt\/#website"},"primaryImageOfPage":{"@id":"https:\/\/happyinaknit.com\/produktas\/katia-mezgimo-zymekliai\/#primaryimage"},"image":{"@id":"https:\/\/happyinaknit.com\/produktas\/katia-mezgimo-zymekliai\/#primaryimage"},"thumbnailUrl":"https:\/\/happyinaknit.com\/wp-content\/uploads\/2025\/10\/IMG_0105.jpg","datePublished":"2025-10-18T14:11:55+00:00","dateModified":"2026-03-02T15:24:24+00:00","breadcrumb":{"@id":"https:\/\/happyinaknit.com\/produktas\/katia-mezgimo-zymekliai\/#breadcrumb"},"inLanguage":"ru-RU","potentialAction":[{"@type":"ReadAction","target":["https:\/\/happyinaknit.com\/produktas\/katia-mezgimo-zymekliai\/"]}]},{"@type":"ImageObject","inLanguage":"ru-RU","@id":"https:\/\/happyinaknit.com\/produktas\/katia-mezgimo-zymekliai\/#primaryimage","url":"https:\/\/happyinaknit.com\/wp-content\/uploads\/2025\/10\/IMG_0105.jpg","contentUrl":"https:\/\/happyinaknit.com\/wp-content\/uploads\/2025\/10\/IMG_0105.jpg","width":1320,"height":1166},{"@type":"BreadcrumbList","@id":"https:\/\/happyinaknit.com\/produktas\/katia-mezgimo-zymekliai\/#breadcrumb","itemListElement":[{"@type":"ListItem","position":1,"name":"Home","item":"https:\/\/happyinaknit.com\/lt\/"},{"@type":"ListItem","position":2,"name":"Parduotuv\u0117","item":"https:\/\/happyinaknit.com\/lt\/parduotuve\/"},{"@type":"ListItem","position":3,"name":"Katia Mezgimo \u017dymekliai"}]},{"@type":"WebSite","@id":"https:\/\/happyinaknit.com\/lt\/#website","url":"https:\/\/happyinaknit.com\/lt\/","name":"Happyinaknit.com","description":"","potentialAction":[{"@type":"SearchAction","target":{"@type":"EntryPoint","urlTemplate":"https:\/\/happyinaknit.com\/lt\/?s={search_term_string}"},"query-input":{"@type":"PropertyValueSpecification","valueRequired":true,"valueName":"search_term_string"}}],"inLanguage":"ru-RU"}]}},"_links":{"self":[{"href":"https:\/\/happyinaknit.com\/ru\/wp-json\/wp\/v2\/product\/5833","targetHints":{"allow":["GET"]}}],"collection":[{"href":"https:\/\/happyinaknit.com\/ru\/wp-json\/wp\/v2\/product"}],"about":[{"href":"https:\/\/happyinaknit.com\/ru\/wp-json\/wp\/v2\/types\/product"}],"replies":[{"embeddable":true,"href":"https:\/\/happyinaknit.com\/ru\/wp-json\/wp\/v2\/comments?post=5833"}],"wp:featuredmedia":[{"embeddable":true,"href":"https:\/\/happyinaknit.com\/ru\/wp-json\/wp\/v2\/media\/5855"}],"wp:attachment":[{"href":"https:\/\/happyinaknit.com\/ru\/wp-json\/wp\/v2\/media?parent=5833"}],"wp:term":[{"taxonomy":"product_brand","embeddable":true,"href":"https:\/\/happyinaknit.com\/ru\/wp-json\/wp\/v2\/product_brand?post=5833"},{"taxonomy":"product_cat","embeddable":true,"href":"https:\/\/happyinaknit.com\/ru\/wp-json\/wp\/v2\/product_cat?post=5833"},{"taxonomy":"product_tag","embeddable":true,"href":"https:\/\/happyinaknit.com\/ru\/wp-json\/wp\/v2\/product_tag?post=5833"},{"taxonomy":"pro-kategorijos","embeddable":true,"href":"https:\/\/happyinaknit.com\/ru\/wp-json\/wp\/v2\/pro-kategorijos?post=5833"}],"curies":[{"name":"wp","href":"https:\/\/api.w.org\/{rel}","templated":true}]}}