{"id":5825,"date":"2025-10-18T13:53:48","date_gmt":"2025-10-18T13:53:48","guid":{"rendered":"https:\/\/happyinaknit.com\/?post_type=product&#038;p=5825"},"modified":"2025-11-10T13:38:51","modified_gmt":"2025-11-10T13:38:51","slug":"katia-mezgimo-zymekliai-%f0%9f%90%88","status":"publish","type":"product","link":"https:\/\/happyinaknit.com\/ru\/product\/katia-mezgimo-zymekliai-%f0%9f%90%88\/","title":{"rendered":"Katia  \u043c\u0430\u0440\u043a\u0435\u0440\u044b \u0434\u043b\u044f \u0432\u044f\u0437\u0430\u043d\u0438\u044f  \ud83d\udc08"},"content":{"rendered":"<p>\u041e\u0447\u0430\u0440\u043e\u0432\u0430\u0442\u0435\u043b\u044c\u043d\u044b\u0439 <strong>\"Katia\"<\/strong> \u043c\u0430\u0440\u043a\u0435\u0440\u044b \u0434\u043b\u044f \u0432\u044f\u0437\u0430\u043d\u0438\u044f \u0432 \u0432\u0438\u0434\u0435 \u043a\u043e\u0448\u0430\u0447\u044c\u0438\u0445 \u0443\u0448\u0435\u043a \u0434\u043e\u0431\u0430\u0432\u044f\u0442 \u0432\u0430\u0448\u0435\u043c\u0443 \u0432\u044f\u0437\u0430\u043d\u0438\u044e \u0443\u0432\u043b\u0435\u043a\u0430\u0442\u0435\u043b\u044c\u043d\u043e\u0441\u0442\u0438 \u0438 \u0441\u0442\u0438\u043b\u044f. \u041e\u043d\u0438 \u043f\u043e\u043c\u043e\u0433\u0443\u0442 \u0432\u0430\u043c \u0443\u0434\u043e\u0431\u043d\u043e \u043e\u0442\u043c\u0435\u0447\u0430\u0442\u044c \u0440\u044f\u0434\u044b, \u0443\u0437\u043e\u0440\u044b \u0438\u043b\u0438 \u043e\u0442\u0434\u0435\u043b\u044c\u043d\u044b\u0435 \u0443\u0447\u0430\u0441\u0442\u043a\u0438 \u0432\u044f\u0437\u0430\u043d\u0438\u044f, \u0434\u0435\u043b\u0430\u044f \u0440\u0430\u0431\u043e\u0442\u0443 \u0435\u0449\u0451 \u0431\u043e\u043b\u0435\u0435 \u043f\u0440\u0438\u044f\u0442\u043d\u043e\u0439 \u0438 \u0430\u043a\u043a\u0443\u0440\u0430\u0442\u043d\u043e\u0439.<\/p>\n<p>\u0412 \u043d\u0430\u0431\u043e\u0440 \u0432\u0445\u043e\u0434\u044f\u0442 50 \u043c\u0430\u0440\u043a\u0435\u0440\u043e\u0432 \u0442\u0440\u0451\u0445 \u0440\u0430\u0437\u043d\u044b\u0445 \u0440\u0430\u0437\u043c\u0435\u0440\u043e\u0432 \u0438 \u0446\u0432\u0435\u0442\u043e\u0432, \u0447\u0442\u043e \u043f\u043e\u0437\u0432\u043e\u043b\u044f\u0435\u0442 \u043b\u0435\u0433\u043a\u043e \u043f\u043e\u0434\u043e\u0431\u0440\u0430\u0442\u044c \u043d\u0443\u0436\u043d\u044b\u0439 \u0440\u0430\u0437\u043c\u0435\u0440 \u0434\u043b\u044f \u0432\u0430\u0448\u0435\u0439 \u043f\u0440\u044f\u0436\u0438 \u0438\u043b\u0438 \u0441\u043f\u0438\u0446. \u041f\u0440\u0435\u043a\u0440\u0430\u0441\u043d\u043e\u0435 \u0434\u043e\u043f\u043e\u043b\u043d\u0435\u043d\u0438\u0435 \u043a \u0432\u0430\u0448\u0435\u0439 \u0441\u0443\u043c\u043a\u0435 \u0434\u043b\u044f \u0432\u044f\u0437\u0430\u043d\u0438\u044f!<\/p>\n<p><b>\u0412 \u043a\u043e\u043c\u043f\u043b\u0435\u043a\u0442 \u0432\u0445\u043e\u0434\u0438\u0442:<\/b><b><\/b><\/p>\n<p>\u2022\u0411\u0435\u043b\u044b\u0435 \u043c\u0430\u0440\u043a\u0435\u0440\u044b \u2013 10 \u043c\u043c (\u0441\u0430\u043c\u044b\u0435 \u043c\u0430\u043b\u0435\u043d\u044c\u043a\u0438\u0435)<\/p>\n<p>\u2022C\u0438\u043d\u0435-\u0437\u0435\u043b\u0435\u043d\u044b\u0435 \u2013 12 \u043c\u043c (\u0441\u0440\u0435\u0434\u043d\u0438\u0435)<\/p>\n<p>\u2022\u0424\u0438\u043e\u043b\u0435\u0442\u043e\u0432\u044b\u0435  \u2013 15 \u043c\u043c (\u0441\u0430\u043c\u044b\u0435 \u043a\u0440\u0443\u043f\u043d\u044b\u0435)<\/p>\n<p><b>\u041f\u0440\u0438\u043c\u0435\u0447\u0430\u043d\u0438\u0435:<\/b> \u0426\u0432\u0435\u0442\u043e\u0432\u044b\u0435 \u043e\u0442\u0442\u0435\u043d\u043a\u0438 \u043c\u043e\u0433\u0443\u0442 \u043d\u0435\u0437\u043d\u0430\u0447\u0438\u0442\u0435\u043b\u044c\u043d\u043e \u043e\u0442\u043b\u0438\u0447\u0430\u0442\u044c\u0441\u044f \u0432 \u0437\u0430\u0432\u0438\u0441\u0438\u043c\u043e\u0441\u0442\u0438 \u043e\u0442 \u044d\u043a\u0440\u0430\u043d\u0430 \u0432\u0430\u0448\u0435\u0433\u043e \u0443\u0441\u0442\u0440\u043e\u0439\u0441\u0442\u0432\u0430.<\/p>","protected":false},"excerpt":{"rendered":"<p>\u017dav\u016bs \u201eKatia\u201c mezgimo \u017eymekliai su ka\u010diuk\u0173 ausy\u010di\u0173 dizainu suteiks j\u016bs\u0173 mezginiams linksmumo ir stiliaus. Jie padeda patogiai pa\u017eym\u0117ti eiles, ra\u0161tus ar tam tikras mezginio vietas, kad darbas b\u016bt\u0173 dar malonesnis ir tvarkingesnis. Rinkinyje yra 50 \u017eied\u0173 trij\u0173 skirting\u0173 dyd\u017ei\u0173 ir spalv\u0173 \u2013 tai leid\u017eia lengvai pasirinkti reikiam\u0105 dyd\u012f pagal si\u016blus ar virbalus. Puikus priedas j\u016bs\u0173 [&hellip;]<\/p>\n","protected":false},"featured_media":5826,"comment_status":"open","ping_status":"closed","template":"","meta":{"_acf_changed":false},"product_brand":[69],"product_cat":[15,20,1081],"product_tag":[],"pro-kategorijos":[],"class_list":{"0":"post-5825","1":"product","2":"type-product","3":"status-publish","4":"has-post-thumbnail","6":"product_brand-concept-by-katia","7":"product_cat-visi-produktai","8":"product_cat-priedai-mezgimui","9":"product_cat-zymekliai","11":"first","12":"instock","13":"shipping-taxable","14":"purchasable","15":"product-type-simple"},"acf":[],"yoast_head":"<!-- This site is optimized with the Yoast SEO plugin v26.8 - https:\/\/yoast.com\/product\/yoast-seo-wordpress\/ -->\n<title>Katia mezgimo \u017eymekliai \ud83d\udc08 - Happyinaknit.com<\/title>\n<meta name=\"robots\" content=\"index, follow, max-snippet:-1, max-image-preview:large, max-video-preview:-1\" \/>\n<link rel=\"canonical\" href=\"https:\/\/happyinaknit.com\/ru\/product\/katia-mezgimo-zymekliai-\ud83d\udc08\/\" \/>\n<meta property=\"og:locale\" content=\"ru_RU\" \/>\n<meta property=\"og:type\" content=\"article\" \/>\n<meta property=\"og:title\" content=\"Katia mezgimo \u017eymekliai \ud83d\udc08 - Happyinaknit.com\" \/>\n<meta property=\"og:description\" content=\"\u017dav\u016bs \u201eKatia\u201c mezgimo \u017eymekliai su ka\u010diuk\u0173 ausy\u010di\u0173 dizainu suteiks j\u016bs\u0173 mezginiams linksmumo ir stiliaus. Jie padeda patogiai pa\u017eym\u0117ti eiles, ra\u0161tus ar tam tikras mezginio vietas, kad darbas b\u016bt\u0173 dar malonesnis ir tvarkingesnis. Rinkinyje yra 50 \u017eied\u0173 trij\u0173 skirting\u0173 dyd\u017ei\u0173 ir spalv\u0173 \u2013 tai leid\u017eia lengvai pasirinkti reikiam\u0105 dyd\u012f pagal si\u016blus ar virbalus. Puikus priedas j\u016bs\u0173 [&hellip;]\" \/>\n<meta property=\"og:url\" content=\"https:\/\/happyinaknit.com\/ru\/product\/katia-mezgimo-zymekliai-\ud83d\udc08\/\" \/>\n<meta property=\"og:site_name\" content=\"Happyinaknit.com\" \/>\n<meta property=\"article:modified_time\" content=\"2025-11-10T13:38:51+00:00\" \/>\n<meta property=\"og:image\" content=\"https:\/\/happyinaknit.com\/wp-content\/uploads\/2025\/10\/articulo-cat-stitch-markers-50pcs-7559-a-c-02-katia-n.jpg\" \/>\n\t<meta property=\"og:image:width\" content=\"600\" \/>\n\t<meta property=\"og:image:height\" content=\"600\" \/>\n\t<meta property=\"og:image:type\" content=\"image\/jpeg\" \/>\n<meta name=\"twitter:card\" content=\"summary_large_image\" \/>\n<script type=\"application\/ld+json\" class=\"yoast-schema-graph\">{\"@context\":\"https:\/\/schema.org\",\"@graph\":[{\"@type\":\"WebPage\",\"@id\":\"https:\/\/happyinaknit.com\/produktas\/katia-mezgimo-zymekliai-%f0%9f%90%88\/\",\"url\":\"https:\/\/happyinaknit.com\/produktas\/katia-mezgimo-zymekliai-%f0%9f%90%88\/\",\"name\":\"Katia mezgimo \u017eymekliai \ud83d\udc08 - Happyinaknit.com\",\"isPartOf\":{\"@id\":\"https:\/\/happyinaknit.com\/lt\/#website\"},\"primaryImageOfPage\":{\"@id\":\"https:\/\/happyinaknit.com\/produktas\/katia-mezgimo-zymekliai-%f0%9f%90%88\/#primaryimage\"},\"image\":{\"@id\":\"https:\/\/happyinaknit.com\/produktas\/katia-mezgimo-zymekliai-%f0%9f%90%88\/#primaryimage\"},\"thumbnailUrl\":\"https:\/\/happyinaknit.com\/wp-content\/uploads\/2025\/10\/articulo-cat-stitch-markers-50pcs-7559-a-c-02-katia-n.jpg\",\"datePublished\":\"2025-10-18T13:53:48+00:00\",\"dateModified\":\"2025-11-10T13:38:51+00:00\",\"breadcrumb\":{\"@id\":\"https:\/\/happyinaknit.com\/produktas\/katia-mezgimo-zymekliai-%f0%9f%90%88\/#breadcrumb\"},\"inLanguage\":\"ru-RU\",\"potentialAction\":[{\"@type\":\"ReadAction\",\"target\":[\"https:\/\/happyinaknit.com\/produktas\/katia-mezgimo-zymekliai-%f0%9f%90%88\/\"]}]},{\"@type\":\"ImageObject\",\"inLanguage\":\"ru-RU\",\"@id\":\"https:\/\/happyinaknit.com\/produktas\/katia-mezgimo-zymekliai-%f0%9f%90%88\/#primaryimage\",\"url\":\"https:\/\/happyinaknit.com\/wp-content\/uploads\/2025\/10\/articulo-cat-stitch-markers-50pcs-7559-a-c-02-katia-n.jpg\",\"contentUrl\":\"https:\/\/happyinaknit.com\/wp-content\/uploads\/2025\/10\/articulo-cat-stitch-markers-50pcs-7559-a-c-02-katia-n.jpg\",\"width\":600,\"height\":600},{\"@type\":\"BreadcrumbList\",\"@id\":\"https:\/\/happyinaknit.com\/produktas\/katia-mezgimo-zymekliai-%f0%9f%90%88\/#breadcrumb\",\"itemListElement\":[{\"@type\":\"ListItem\",\"position\":1,\"name\":\"Home\",\"item\":\"https:\/\/happyinaknit.com\/lt\/\"},{\"@type\":\"ListItem\",\"position\":2,\"name\":\"Parduotuv\u0117\",\"item\":\"https:\/\/happyinaknit.com\/lt\/parduotuve\/\"},{\"@type\":\"ListItem\",\"position\":3,\"name\":\"Katia mezgimo \u017eymekliai \ud83d\udc08\"}]},{\"@type\":\"WebSite\",\"@id\":\"https:\/\/happyinaknit.com\/lt\/#website\",\"url\":\"https:\/\/happyinaknit.com\/lt\/\",\"name\":\"Happyinaknit.com\",\"description\":\"\",\"potentialAction\":[{\"@type\":\"SearchAction\",\"target\":{\"@type\":\"EntryPoint\",\"urlTemplate\":\"https:\/\/happyinaknit.com\/lt\/?s={search_term_string}\"},\"query-input\":{\"@type\":\"PropertyValueSpecification\",\"valueRequired\":true,\"valueName\":\"search_term_string\"}}],\"inLanguage\":\"ru-RU\"}]}<\/script>\n<!-- \/ Yoast SEO plugin. -->","yoast_head_json":{"title":"Katia mezgimo \u017eymekliai \ud83d\udc08 - Happyinaknit.com","robots":{"index":"index","follow":"follow","max-snippet":"max-snippet:-1","max-image-preview":"max-image-preview:large","max-video-preview":"max-video-preview:-1"},"canonical":"https:\/\/happyinaknit.com\/ru\/product\/katia-mezgimo-zymekliai-\ud83d\udc08\/","og_locale":"ru_RU","og_type":"article","og_title":"Katia mezgimo \u017eymekliai \ud83d\udc08 - Happyinaknit.com","og_description":"\u017dav\u016bs \u201eKatia\u201c mezgimo \u017eymekliai su ka\u010diuk\u0173 ausy\u010di\u0173 dizainu suteiks j\u016bs\u0173 mezginiams linksmumo ir stiliaus. Jie padeda patogiai pa\u017eym\u0117ti eiles, ra\u0161tus ar tam tikras mezginio vietas, kad darbas b\u016bt\u0173 dar malonesnis ir tvarkingesnis. Rinkinyje yra 50 \u017eied\u0173 trij\u0173 skirting\u0173 dyd\u017ei\u0173 ir spalv\u0173 \u2013 tai leid\u017eia lengvai pasirinkti reikiam\u0105 dyd\u012f pagal si\u016blus ar virbalus. Puikus priedas j\u016bs\u0173 [&hellip;]","og_url":"https:\/\/happyinaknit.com\/ru\/product\/katia-mezgimo-zymekliai-\ud83d\udc08\/","og_site_name":"Happyinaknit.com","article_modified_time":"2025-11-10T13:38:51+00:00","og_image":[{"width":600,"height":600,"url":"https:\/\/happyinaknit.com\/wp-content\/uploads\/2025\/10\/articulo-cat-stitch-markers-50pcs-7559-a-c-02-katia-n.jpg","type":"image\/jpeg"}],"twitter_card":"summary_large_image","schema":{"@context":"https:\/\/schema.org","@graph":[{"@type":"WebPage","@id":"https:\/\/happyinaknit.com\/produktas\/katia-mezgimo-zymekliai-%f0%9f%90%88\/","url":"https:\/\/happyinaknit.com\/produktas\/katia-mezgimo-zymekliai-%f0%9f%90%88\/","name":"Katia mezgimo \u017eymekliai \ud83d\udc08 - Happyinaknit.com","isPartOf":{"@id":"https:\/\/happyinaknit.com\/lt\/#website"},"primaryImageOfPage":{"@id":"https:\/\/happyinaknit.com\/produktas\/katia-mezgimo-zymekliai-%f0%9f%90%88\/#primaryimage"},"image":{"@id":"https:\/\/happyinaknit.com\/produktas\/katia-mezgimo-zymekliai-%f0%9f%90%88\/#primaryimage"},"thumbnailUrl":"https:\/\/happyinaknit.com\/wp-content\/uploads\/2025\/10\/articulo-cat-stitch-markers-50pcs-7559-a-c-02-katia-n.jpg","datePublished":"2025-10-18T13:53:48+00:00","dateModified":"2025-11-10T13:38:51+00:00","breadcrumb":{"@id":"https:\/\/happyinaknit.com\/produktas\/katia-mezgimo-zymekliai-%f0%9f%90%88\/#breadcrumb"},"inLanguage":"ru-RU","potentialAction":[{"@type":"ReadAction","target":["https:\/\/happyinaknit.com\/produktas\/katia-mezgimo-zymekliai-%f0%9f%90%88\/"]}]},{"@type":"ImageObject","inLanguage":"ru-RU","@id":"https:\/\/happyinaknit.com\/produktas\/katia-mezgimo-zymekliai-%f0%9f%90%88\/#primaryimage","url":"https:\/\/happyinaknit.com\/wp-content\/uploads\/2025\/10\/articulo-cat-stitch-markers-50pcs-7559-a-c-02-katia-n.jpg","contentUrl":"https:\/\/happyinaknit.com\/wp-content\/uploads\/2025\/10\/articulo-cat-stitch-markers-50pcs-7559-a-c-02-katia-n.jpg","width":600,"height":600},{"@type":"BreadcrumbList","@id":"https:\/\/happyinaknit.com\/produktas\/katia-mezgimo-zymekliai-%f0%9f%90%88\/#breadcrumb","itemListElement":[{"@type":"ListItem","position":1,"name":"Home","item":"https:\/\/happyinaknit.com\/lt\/"},{"@type":"ListItem","position":2,"name":"Parduotuv\u0117","item":"https:\/\/happyinaknit.com\/lt\/parduotuve\/"},{"@type":"ListItem","position":3,"name":"Katia mezgimo \u017eymekliai \ud83d\udc08"}]},{"@type":"WebSite","@id":"https:\/\/happyinaknit.com\/lt\/#website","url":"https:\/\/happyinaknit.com\/lt\/","name":"Happyinaknit.com","description":"","potentialAction":[{"@type":"SearchAction","target":{"@type":"EntryPoint","urlTemplate":"https:\/\/happyinaknit.com\/lt\/?s={search_term_string}"},"query-input":{"@type":"PropertyValueSpecification","valueRequired":true,"valueName":"search_term_string"}}],"inLanguage":"ru-RU"}]}},"_links":{"self":[{"href":"https:\/\/happyinaknit.com\/ru\/wp-json\/wp\/v2\/product\/5825","targetHints":{"allow":["GET"]}}],"collection":[{"href":"https:\/\/happyinaknit.com\/ru\/wp-json\/wp\/v2\/product"}],"about":[{"href":"https:\/\/happyinaknit.com\/ru\/wp-json\/wp\/v2\/types\/product"}],"replies":[{"embeddable":true,"href":"https:\/\/happyinaknit.com\/ru\/wp-json\/wp\/v2\/comments?post=5825"}],"wp:featuredmedia":[{"embeddable":true,"href":"https:\/\/happyinaknit.com\/ru\/wp-json\/wp\/v2\/media\/5826"}],"wp:attachment":[{"href":"https:\/\/happyinaknit.com\/ru\/wp-json\/wp\/v2\/media?parent=5825"}],"wp:term":[{"taxonomy":"product_brand","embeddable":true,"href":"https:\/\/happyinaknit.com\/ru\/wp-json\/wp\/v2\/product_brand?post=5825"},{"taxonomy":"product_cat","embeddable":true,"href":"https:\/\/happyinaknit.com\/ru\/wp-json\/wp\/v2\/product_cat?post=5825"},{"taxonomy":"product_tag","embeddable":true,"href":"https:\/\/happyinaknit.com\/ru\/wp-json\/wp\/v2\/product_tag?post=5825"},{"taxonomy":"pro-kategorijos","embeddable":true,"href":"https:\/\/happyinaknit.com\/ru\/wp-json\/wp\/v2\/pro-kategorijos?post=5825"}],"curies":[{"name":"wp","href":"https:\/\/api.w.org\/{rel}","templated":true}]}}