{"id":5816,"date":"2025-10-18T13:01:19","date_gmt":"2025-10-18T13:01:19","guid":{"rendered":"https:\/\/happyinaknit.com\/?post_type=product&#038;p=5816"},"modified":"2025-10-18T13:01:20","modified_gmt":"2025-10-18T13:01:20","slug":"prym-permatomi-siuvimo-siulai-nr-70","status":"publish","type":"product","link":"https:\/\/happyinaknit.com\/ru\/product\/prym-permatomi-siuvimo-siulai-nr-70\/","title":{"rendered":"\u041d\u0438\u0442\u043a\u0438 \u0448\u0432\u0435\u0439\u043d\u044b\u0435 Prym \u043f\u0440\u043e\u0437\u0440\u0430\u0447\u043d\u044b\u0435 \u2116 70"},"content":{"rendered":"<p data-start=\"44\" data-end=\"219\">\u042d\u0442\u0438 <strong data-start=\"48\" data-end=\"79\">\u0441\u0432\u0435\u0440\u0445\u0442\u043e\u043d\u043a\u0438\u0435 \u0438 \u043f\u0440\u043e\u0447\u043d\u044b\u0435 \u043d\u0438\u0442\u043a\u0438<\/strong> \u0438\u0434\u0435\u0430\u043b\u044c\u043d\u043e \u043f\u043e\u0434\u0445\u043e\u0434\u0438\u0442 \u0434\u043b\u044f \u0448\u0438\u0442\u044c\u044f \u0442\u043e\u043d\u043a\u0438\u0445 \u0442\u043a\u0430\u043d\u0435\u0439 - \u0448\u0435\u043b\u043a\u0430, \u043f\u0440\u043e\u0437\u0440\u0430\u0447\u043d\u044b\u0445 \u0438\u043b\u0438 \u043f\u0435\u0441\u0442\u0440\u044b\u0445 \u0442\u043a\u0430\u043d\u0435\u0439, \u043a\u043e\u0433\u0434\u0430 \u043d\u0443\u0436\u043d\u043e \u043f\u043e\u043b\u0443\u0447\u0438\u0442\u044c \u043f\u043e\u0447\u0442\u0438 \u0440\u043e\u0432\u043d\u044b\u0435 \u0448\u0432\u044b <strong data-start=\"203\" data-end=\"216\">\u043d\u0435\u0432\u0438\u0434\u0438\u043c\u044b\u0439<\/strong>.<\/p>\n<p data-start=\"221\" data-end=\"431\">\u041f\u0440\u043e\u0437\u0440\u0430\u0447\u043d\u044b\u0435 \u043d\u0438\u0442\u0438 \u043c\u043e\u0433\u0443\u0442 \u0431\u044b\u0442\u044c <strong data-start=\"248\" data-end=\"271\">\u0441\u0432\u0435\u0442 \u0438\u043b\u0438 \u0442\u044c\u043c\u0430<\/strong>, \u0447\u0442\u043e \u043f\u043e\u0437\u0432\u043e\u043b\u044f\u0435\u0442 \u043b\u0435\u0433\u043a\u043e \u043f\u043e\u0434\u043e\u0431\u0440\u0430\u0442\u044c \u0438\u0445 \u043a \u0446\u0432\u0435\u0442\u0443 \u0442\u043a\u0430\u043d\u0438. \u041e\u043d\u0438 \u0434\u043e\u0441\u0442\u0443\u043f\u043d\u044b \u0432 <strong data-start=\"337\" data-end=\"353\">\u041a\u0430\u0442\u0443\u0448\u043a\u0430 200 \u043c<\/strong>, \u043f\u043e\u0434\u0445\u043e\u0434\u0438\u0442 \u0434\u043b\u044f \u043e\u0431\u043e\u0438\u0445 <strong data-start=\"368\" data-end=\"390\">\u0434\u043b\u044f \u0440\u0443\u0447\u043d\u043e\u0433\u043e \u0448\u0438\u0442\u044c\u044f<\/strong>, \u0442\u0430\u043a \u0438 \u0434\u043b\u044f <strong data-start=\"397\" data-end=\"428\">\u0434\u043b\u044f \u0438\u0441\u043f\u043e\u043b\u044c\u0437\u043e\u0432\u0430\u043d\u0438\u044f \u0432 \u0448\u0432\u0435\u0439\u043d\u043e\u0439 \u043c\u0430\u0448\u0438\u043d\u0435<\/strong>.<\/p>\n<p data-start=\"433\" data-end=\"675\">\u0421\u0434\u0435\u043b\u0430\u043d\u044b \u0438\u0437 <strong data-start=\"446\" data-end=\"475\">100 % \u043d\u0435\u0439\u043b\u043e\u043d (\u043f\u043e\u043b\u0438\u0430\u043c\u0438\u0434)<\/strong>, \u044d\u0442\u0438 \u043f\u043e\u0442\u043e\u043a\u0438 \u0445\u0430\u0440\u0430\u043a\u0442\u0435\u0440\u0438\u0437\u0443\u044e\u0442\u0441\u044f <strong data-start=\"497\" data-end=\"548\">\u0441 \u043e\u0441\u043e\u0431\u043e\u0439 \u044d\u043b\u0430\u0441\u0442\u0438\u0447\u043d\u043e\u0441\u0442\u044c\u044e \u0438 \u0432\u044b\u0441\u043e\u043a\u043e\u0439 \u043f\u0440\u043e\u0447\u043d\u043e\u0441\u0442\u044c\u044e \u043d\u0430 \u0440\u0430\u0437\u0440\u044b\u0432<\/strong>. \u041c\u043e\u0436\u043d\u043e \u0441\u0442\u0438\u0440\u0430\u0442\u044c \u0432 \u0441\u0442\u0438\u0440\u0430\u043b\u044c\u043d\u043e\u0439 \u043c\u0430\u0448\u0438\u043d\u0435 \u0434\u043e <strong data-start=\"581\" data-end=\"590\">95 \u00b0\u0421<\/strong>\u0423\u0433\u043b\u0443\u0431\u043b\u0435\u043d\u0438\u0435 \u0432 \u043a\u043e\u043b\u043f\u0430\u0447\u043a\u0435 \u043a\u0430\u0442\u0443\u0448\u043a\u0438 \u043f\u043e\u0437\u0432\u043e\u043b\u044f\u0435\u0442 \u0443\u0434\u043e\u0431\u043d\u043e \u0445\u0440\u0430\u043d\u0438\u0442\u044c \u043d\u0438\u0442\u044c, \u043a\u043e\u0433\u0434\u0430 \u043e\u043d\u0430 \u043d\u0435 \u0438\u0441\u043f\u043e\u043b\u044c\u0437\u0443\u0435\u0442\u0441\u044f.<\/p>\n<p data-start=\"677\" data-end=\"691\"><strong data-start=\"677\" data-end=\"689\">\u0424\u0443\u043d\u043a\u0446\u0438\u0438:<\/strong><\/p>\n<ul data-start=\"692\" data-end=\"908\">\n<li data-start=\"692\" data-end=\"732\">\n<p data-start=\"694\" data-end=\"732\">\u0421\u043e\u0441\u0442\u0430\u0432: 100 % \u043d\u0435\u0439\u043b\u043e\u043d (\u043f\u043e\u043b\u0438\u0430\u043c\u0438\u0434)<\/p>\n<\/li>\n<li data-start=\"733\" data-end=\"749\">\n<p data-start=\"735\" data-end=\"749\">\u0414\u043b\u0438\u043d\u0430: 200 \u043c<\/p>\n<\/li>\n<li data-start=\"750\" data-end=\"768\">\n<p data-start=\"752\" data-end=\"768\">\u0422\u043e\u043b\u0449\u0438\u043d\u0430: \u2116 70<\/p>\n<\/li>\n<li data-start=\"769\" data-end=\"808\">\n<p data-start=\"771\" data-end=\"808\">\u0426\u0432\u0435\u0442: \u043f\u0440\u043e\u0437\u0440\u0430\u0447\u043d\u044b\u0439 (\u0441\u0432\u0435\u0442\u043b\u044b\u0439 \u0438\u043b\u0438 \u0442\u0435\u043c\u043d\u044b\u0439)<\/p>\n<\/li>\n<li data-start=\"809\" data-end=\"835\">\n<p data-start=\"811\" data-end=\"835\">\u041f\u043e\u0434\u0445\u043e\u0434\u0438\u0442 \u0434\u043b\u044f \u0448\u0432\u0435\u0439\u043d\u044b\u0445 \u043c\u0430\u0448\u0438\u043d<\/p>\n<\/li>\n<li data-start=\"836\" data-end=\"880\">\n<p data-start=\"838\" data-end=\"880\">\u0412\u044b\u0441\u043e\u043a\u0430\u044f \u0442\u0435\u0440\u043c\u043e\u0441\u0442\u043e\u0439\u043a\u043e\u0441\u0442\u044c (\u0434\u043e 95 \u00b0C)<\/p>\n<\/li>\n<li data-start=\"881\" data-end=\"908\">\n<p data-start=\"883\" data-end=\"908\">\u041e\u0447\u0435\u043d\u044c \u044d\u043b\u0430\u0441\u0442\u0438\u0447\u043d\u044b\u0439 \u0438 \u043f\u0440\u043e\u0447\u043d\u044b\u0439<\/p>\n<\/li>\n<\/ul>\n<p data-start=\"910\" data-end=\"943\"><strong data-start=\"910\" data-end=\"925\">\u041f\u0440\u043e\u0438\u0437\u0432\u043e\u0434\u0438\u0442\u0435\u043b\u044c:<\/strong> Prym, \u0413\u0435\u0440\u043c\u0430\u043d\u0438\u044f<\/p>\n<p data-start=\"945\" data-end=\"1033\" data-is-last-node=\"\" data-is-only-node=\"\"><strong data-start=\"945\" data-end=\"957\">\u041f\u0440\u0438\u043c\u0435\u0447\u0430\u043d\u0438\u0435:<\/strong> \u0426\u0432\u0435\u0442\u043e\u0432\u044b\u0435 \u043e\u0442\u0442\u0435\u043d\u043a\u0438 \u043c\u043e\u0433\u0443\u0442 \u043d\u0435\u0437\u043d\u0430\u0447\u0438\u0442\u0435\u043b\u044c\u043d\u043e \u043e\u0442\u043b\u0438\u0447\u0430\u0442\u044c\u0441\u044f \u0432 \u0437\u0430\u0432\u0438\u0441\u0438\u043c\u043e\u0441\u0442\u0438 \u043e\u0442 \u044d\u043a\u0440\u0430\u043d\u0430 \u0432\u0430\u0448\u0435\u0433\u043e \u0443\u0441\u0442\u0440\u043e\u0439\u0441\u0442\u0432\u0430.<\/p>","protected":false},"excerpt":{"rendered":"<p>\u0160ie ypa\u010d ploni ir tvirti si\u016blai idealiai tinka si\u016bti ploniems audiniams \u2013 \u0161ilkui, permatomiems arba margiems audiniams, kai reikia, kad si\u016bl\u0117s b\u016bt\u0173 beveik nematomos. Permatomi si\u016blai gali b\u016bti \u0161vies\u016bs arba tams\u016bs, tod\u0117l juos lengva priderinti prie audinio spalvos. Jie tiekiami 200 m rit\u0117je, tinkami tiek rankiniam siuvimui, tiek naudojimui siuvimo ma\u0161inoje. Pagaminti i\u0161 100 % [&hellip;]<\/p>\n","protected":false},"featured_media":5817,"comment_status":"open","ping_status":"closed","template":"","meta":{"_acf_changed":false},"product_brand":[1072],"product_cat":[15,52],"product_tag":[],"pro-kategorijos":[],"class_list":{"0":"post-5816","1":"product","2":"type-product","3":"status-publish","4":"has-post-thumbnail","6":"product_brand-prym","7":"product_cat-visi-produktai","8":"product_cat-kiti-mezgimo-reikmenys","10":"first","11":"instock","12":"shipping-taxable","13":"purchasable","14":"product-type-simple"},"acf":[],"yoast_head":"<!-- This site is optimized with the Yoast SEO plugin v26.8 - https:\/\/yoast.com\/product\/yoast-seo-wordpress\/ -->\n<title>Prym permatomi siuvimo si\u016blai Nr. 70 - Happyinaknit.com<\/title>\n<meta name=\"robots\" content=\"index, follow, max-snippet:-1, max-image-preview:large, max-video-preview:-1\" \/>\n<link rel=\"canonical\" href=\"https:\/\/happyinaknit.com\/ru\/product\/prym-permatomi-siuvimo-siulai-nr-70\/\" \/>\n<meta property=\"og:locale\" content=\"ru_RU\" \/>\n<meta property=\"og:type\" content=\"article\" \/>\n<meta property=\"og:title\" content=\"Prym permatomi siuvimo si\u016blai Nr. 70 - Happyinaknit.com\" \/>\n<meta property=\"og:description\" content=\"\u0160ie ypa\u010d ploni ir tvirti si\u016blai idealiai tinka si\u016bti ploniems audiniams \u2013 \u0161ilkui, permatomiems arba margiems audiniams, kai reikia, kad si\u016bl\u0117s b\u016bt\u0173 beveik nematomos. Permatomi si\u016blai gali b\u016bti \u0161vies\u016bs arba tams\u016bs, tod\u0117l juos lengva priderinti prie audinio spalvos. Jie tiekiami 200 m rit\u0117je, tinkami tiek rankiniam siuvimui, tiek naudojimui siuvimo ma\u0161inoje. Pagaminti i\u0161 100 % [&hellip;]\" \/>\n<meta property=\"og:url\" content=\"https:\/\/happyinaknit.com\/ru\/product\/prym-permatomi-siuvimo-siulai-nr-70\/\" \/>\n<meta property=\"og:site_name\" content=\"Happyinaknit.com\" \/>\n<meta property=\"article:modified_time\" content=\"2025-10-18T13:01:20+00:00\" \/>\n<meta property=\"og:image\" content=\"https:\/\/happyinaknit.com\/wp-content\/uploads\/2025\/10\/elastic-naehfaden-schwarz_970010_2.jpg\" \/>\n\t<meta property=\"og:image:width\" content=\"1200\" \/>\n\t<meta property=\"og:image:height\" content=\"1200\" \/>\n\t<meta property=\"og:image:type\" content=\"image\/jpeg\" \/>\n<meta name=\"twitter:card\" content=\"summary_large_image\" \/>\n<meta name=\"twitter:label1\" content=\"\u041f\u0440\u0438\u043c\u0435\u0440\u043d\u043e\u0435 \u0432\u0440\u0435\u043c\u044f \u0434\u043b\u044f \u0447\u0442\u0435\u043d\u0438\u044f\" \/>\n\t<meta name=\"twitter:data1\" content=\"1 \u043c\u0438\u043d\u0443\u0442\u0430\" \/>\n<script type=\"application\/ld+json\" class=\"yoast-schema-graph\">{\"@context\":\"https:\/\/schema.org\",\"@graph\":[{\"@type\":\"WebPage\",\"@id\":\"https:\/\/happyinaknit.com\/produktas\/prym-permatomi-siuvimo-siulai-nr-70\/\",\"url\":\"https:\/\/happyinaknit.com\/produktas\/prym-permatomi-siuvimo-siulai-nr-70\/\",\"name\":\"Prym permatomi siuvimo si\u016blai Nr. 70 - Happyinaknit.com\",\"isPartOf\":{\"@id\":\"https:\/\/happyinaknit.com\/lt\/#website\"},\"primaryImageOfPage\":{\"@id\":\"https:\/\/happyinaknit.com\/produktas\/prym-permatomi-siuvimo-siulai-nr-70\/#primaryimage\"},\"image\":{\"@id\":\"https:\/\/happyinaknit.com\/produktas\/prym-permatomi-siuvimo-siulai-nr-70\/#primaryimage\"},\"thumbnailUrl\":\"https:\/\/happyinaknit.com\/wp-content\/uploads\/2025\/10\/elastic-naehfaden-schwarz_970010_2.jpg\",\"datePublished\":\"2025-10-18T13:01:19+00:00\",\"dateModified\":\"2025-10-18T13:01:20+00:00\",\"breadcrumb\":{\"@id\":\"https:\/\/happyinaknit.com\/produktas\/prym-permatomi-siuvimo-siulai-nr-70\/#breadcrumb\"},\"inLanguage\":\"ru-RU\",\"potentialAction\":[{\"@type\":\"ReadAction\",\"target\":[\"https:\/\/happyinaknit.com\/produktas\/prym-permatomi-siuvimo-siulai-nr-70\/\"]}]},{\"@type\":\"ImageObject\",\"inLanguage\":\"ru-RU\",\"@id\":\"https:\/\/happyinaknit.com\/produktas\/prym-permatomi-siuvimo-siulai-nr-70\/#primaryimage\",\"url\":\"https:\/\/happyinaknit.com\/wp-content\/uploads\/2025\/10\/elastic-naehfaden-schwarz_970010_2.jpg\",\"contentUrl\":\"https:\/\/happyinaknit.com\/wp-content\/uploads\/2025\/10\/elastic-naehfaden-schwarz_970010_2.jpg\",\"width\":1200,\"height\":1200},{\"@type\":\"BreadcrumbList\",\"@id\":\"https:\/\/happyinaknit.com\/produktas\/prym-permatomi-siuvimo-siulai-nr-70\/#breadcrumb\",\"itemListElement\":[{\"@type\":\"ListItem\",\"position\":1,\"name\":\"Home\",\"item\":\"https:\/\/happyinaknit.com\/lt\/\"},{\"@type\":\"ListItem\",\"position\":2,\"name\":\"Parduotuv\u0117\",\"item\":\"https:\/\/happyinaknit.com\/lt\/parduotuve\/\"},{\"@type\":\"ListItem\",\"position\":3,\"name\":\"Prym permatomi siuvimo si\u016blai Nr. 70\"}]},{\"@type\":\"WebSite\",\"@id\":\"https:\/\/happyinaknit.com\/lt\/#website\",\"url\":\"https:\/\/happyinaknit.com\/lt\/\",\"name\":\"Happyinaknit.com\",\"description\":\"\",\"potentialAction\":[{\"@type\":\"SearchAction\",\"target\":{\"@type\":\"EntryPoint\",\"urlTemplate\":\"https:\/\/happyinaknit.com\/lt\/?s={search_term_string}\"},\"query-input\":{\"@type\":\"PropertyValueSpecification\",\"valueRequired\":true,\"valueName\":\"search_term_string\"}}],\"inLanguage\":\"ru-RU\"}]}<\/script>\n<!-- \/ Yoast SEO plugin. -->","yoast_head_json":{"title":"Prym permatomi siuvimo si\u016blai Nr. 70 - Happyinaknit.com","robots":{"index":"index","follow":"follow","max-snippet":"max-snippet:-1","max-image-preview":"max-image-preview:large","max-video-preview":"max-video-preview:-1"},"canonical":"https:\/\/happyinaknit.com\/ru\/product\/prym-permatomi-siuvimo-siulai-nr-70\/","og_locale":"ru_RU","og_type":"article","og_title":"Prym permatomi siuvimo si\u016blai Nr. 70 - Happyinaknit.com","og_description":"\u0160ie ypa\u010d ploni ir tvirti si\u016blai idealiai tinka si\u016bti ploniems audiniams \u2013 \u0161ilkui, permatomiems arba margiems audiniams, kai reikia, kad si\u016bl\u0117s b\u016bt\u0173 beveik nematomos. Permatomi si\u016blai gali b\u016bti \u0161vies\u016bs arba tams\u016bs, tod\u0117l juos lengva priderinti prie audinio spalvos. Jie tiekiami 200 m rit\u0117je, tinkami tiek rankiniam siuvimui, tiek naudojimui siuvimo ma\u0161inoje. Pagaminti i\u0161 100 % [&hellip;]","og_url":"https:\/\/happyinaknit.com\/ru\/product\/prym-permatomi-siuvimo-siulai-nr-70\/","og_site_name":"Happyinaknit.com","article_modified_time":"2025-10-18T13:01:20+00:00","og_image":[{"width":1200,"height":1200,"url":"https:\/\/happyinaknit.com\/wp-content\/uploads\/2025\/10\/elastic-naehfaden-schwarz_970010_2.jpg","type":"image\/jpeg"}],"twitter_card":"summary_large_image","twitter_misc":{"\u041f\u0440\u0438\u043c\u0435\u0440\u043d\u043e\u0435 \u0432\u0440\u0435\u043c\u044f \u0434\u043b\u044f \u0447\u0442\u0435\u043d\u0438\u044f":"1 \u043c\u0438\u043d\u0443\u0442\u0430"},"schema":{"@context":"https:\/\/schema.org","@graph":[{"@type":"WebPage","@id":"https:\/\/happyinaknit.com\/produktas\/prym-permatomi-siuvimo-siulai-nr-70\/","url":"https:\/\/happyinaknit.com\/produktas\/prym-permatomi-siuvimo-siulai-nr-70\/","name":"Prym permatomi siuvimo si\u016blai Nr. 70 - Happyinaknit.com","isPartOf":{"@id":"https:\/\/happyinaknit.com\/lt\/#website"},"primaryImageOfPage":{"@id":"https:\/\/happyinaknit.com\/produktas\/prym-permatomi-siuvimo-siulai-nr-70\/#primaryimage"},"image":{"@id":"https:\/\/happyinaknit.com\/produktas\/prym-permatomi-siuvimo-siulai-nr-70\/#primaryimage"},"thumbnailUrl":"https:\/\/happyinaknit.com\/wp-content\/uploads\/2025\/10\/elastic-naehfaden-schwarz_970010_2.jpg","datePublished":"2025-10-18T13:01:19+00:00","dateModified":"2025-10-18T13:01:20+00:00","breadcrumb":{"@id":"https:\/\/happyinaknit.com\/produktas\/prym-permatomi-siuvimo-siulai-nr-70\/#breadcrumb"},"inLanguage":"ru-RU","potentialAction":[{"@type":"ReadAction","target":["https:\/\/happyinaknit.com\/produktas\/prym-permatomi-siuvimo-siulai-nr-70\/"]}]},{"@type":"ImageObject","inLanguage":"ru-RU","@id":"https:\/\/happyinaknit.com\/produktas\/prym-permatomi-siuvimo-siulai-nr-70\/#primaryimage","url":"https:\/\/happyinaknit.com\/wp-content\/uploads\/2025\/10\/elastic-naehfaden-schwarz_970010_2.jpg","contentUrl":"https:\/\/happyinaknit.com\/wp-content\/uploads\/2025\/10\/elastic-naehfaden-schwarz_970010_2.jpg","width":1200,"height":1200},{"@type":"BreadcrumbList","@id":"https:\/\/happyinaknit.com\/produktas\/prym-permatomi-siuvimo-siulai-nr-70\/#breadcrumb","itemListElement":[{"@type":"ListItem","position":1,"name":"Home","item":"https:\/\/happyinaknit.com\/lt\/"},{"@type":"ListItem","position":2,"name":"Parduotuv\u0117","item":"https:\/\/happyinaknit.com\/lt\/parduotuve\/"},{"@type":"ListItem","position":3,"name":"Prym permatomi siuvimo si\u016blai Nr. 70"}]},{"@type":"WebSite","@id":"https:\/\/happyinaknit.com\/lt\/#website","url":"https:\/\/happyinaknit.com\/lt\/","name":"Happyinaknit.com","description":"","potentialAction":[{"@type":"SearchAction","target":{"@type":"EntryPoint","urlTemplate":"https:\/\/happyinaknit.com\/lt\/?s={search_term_string}"},"query-input":{"@type":"PropertyValueSpecification","valueRequired":true,"valueName":"search_term_string"}}],"inLanguage":"ru-RU"}]}},"_links":{"self":[{"href":"https:\/\/happyinaknit.com\/ru\/wp-json\/wp\/v2\/product\/5816","targetHints":{"allow":["GET"]}}],"collection":[{"href":"https:\/\/happyinaknit.com\/ru\/wp-json\/wp\/v2\/product"}],"about":[{"href":"https:\/\/happyinaknit.com\/ru\/wp-json\/wp\/v2\/types\/product"}],"replies":[{"embeddable":true,"href":"https:\/\/happyinaknit.com\/ru\/wp-json\/wp\/v2\/comments?post=5816"}],"wp:featuredmedia":[{"embeddable":true,"href":"https:\/\/happyinaknit.com\/ru\/wp-json\/wp\/v2\/media\/5817"}],"wp:attachment":[{"href":"https:\/\/happyinaknit.com\/ru\/wp-json\/wp\/v2\/media?parent=5816"}],"wp:term":[{"taxonomy":"product_brand","embeddable":true,"href":"https:\/\/happyinaknit.com\/ru\/wp-json\/wp\/v2\/product_brand?post=5816"},{"taxonomy":"product_cat","embeddable":true,"href":"https:\/\/happyinaknit.com\/ru\/wp-json\/wp\/v2\/product_cat?post=5816"},{"taxonomy":"product_tag","embeddable":true,"href":"https:\/\/happyinaknit.com\/ru\/wp-json\/wp\/v2\/product_tag?post=5816"},{"taxonomy":"pro-kategorijos","embeddable":true,"href":"https:\/\/happyinaknit.com\/ru\/wp-json\/wp\/v2\/pro-kategorijos?post=5816"}],"curies":[{"name":"wp","href":"https:\/\/api.w.org\/{rel}","templated":true}]}}