{"id":5809,"date":"2025-10-18T12:46:52","date_gmt":"2025-10-18T12:46:52","guid":{"rendered":"https:\/\/happyinaknit.com\/?post_type=product&#038;p=5809"},"modified":"2025-10-28T13:21:49","modified_gmt":"2025-10-28T13:21:49","slug":"prym-virvutes-pynikas-225104","status":"publish","type":"product","link":"https:\/\/happyinaknit.com\/ru\/product\/prym-virvutes-pynikas-225104\/","title":{"rendered":"Prym \u043c\u0430\u0448\u0438\u043d\u043a\u0430 \u0434\u043b\u044f \u043f\u043b\u0435\u0442\u0435\u043d\u0438\u044f \u0448\u043d\u0443\u0440\u0430  (225104)"},"content":{"rendered":"<p data-start=\"69\" data-end=\"275\">\u042d\u0442\u0430 \u043c\u0430\u0448\u0438\u043d\u043a\u0430 \u043f\u0440\u0435\u0434\u043d\u0430\u0437\u043d\u0430\u0447\u0435\u043d\u0430 \u0434\u043b\u044f \u0441\u043e\u0437\u0434\u0430\u043d\u0438\u044f \u043a\u0440\u0443\u0433\u043b\u043e\u0432\u044f\u0437\u0430\u043d\u044b\u0445 \u0438\u0437\u0434\u0435\u043b\u0438\u0439 \u0438 \u0434\u0435\u043a\u043e\u0440\u0430\u0442\u0438\u0432\u043d\u044b\u0445 \u0448\u043d\u0443\u0440\u043e\u0432. \u041e\u043d\u0430 \u0438\u0437\u0433\u043e\u0442\u043e\u0432\u043b\u0435\u043d\u0430 \u0438\u0437 <strong data-start=\"166\" data-end=\"194\">\u043f\u0440\u043e\u0437\u0440\u0430\u0447\u043d\u043e\u0433\u043e, \u043f\u0440\u043e\u0447\u043d\u043e\u0433\u043e \u0430\u043a\u0440\u0438\u043b\u0430<\/strong>, \u0438 \u043d\u0430\u0432\u0435\u0440\u0445\u0443 \u0443 \u043d\u0435\u0435 \u0435\u0441\u0442\u044c <strong data-start=\"211\" data-end=\"244\">\u043a\u0440\u044e\u0447\u043a\u0438 \u0438\u0437 \u043d\u0435\u0440\u0436\u0430\u0432\u0435\u044e\u0449\u0435\u0439 \u0441\u0442\u0430\u043b\u0438<\/strong>\u043d\u0430 \u043a\u043e\u0442\u043e\u0440\u043e\u043c \u0444\u043e\u0440\u043c\u0438\u0440\u0443\u044e\u0442\u0441\u044f \u043f\u0435\u0442\u043b\u0438<\/p>\n<p data-start=\"277\" data-end=\"523\">\u041e\u0447\u0435\u043d\u044c \u043f\u0440\u043e\u0441\u0442 \u0432 \u0438\u0441\u043f\u043e\u043b\u044c\u0437\u043e\u0432\u0430\u043d\u0438\u0438 \u2013 \u0432 \u043a\u043e\u043c\u043f\u043b\u0435\u043a\u0442 \u0432\u0445\u043e\u0434\u0438\u0442: <strong data-start=\"317\" data-end=\"349\">\u0442\u0443\u043f\u0430\u044f \u043f\u043b\u0430\u0441\u0442\u0438\u043a\u043e\u0432\u0430\u044f \u043f\u0430\u043b\u043e\u0447\u043a\u0430<\/strong>, \u0434\u043b\u044f \u0443\u0434\u043e\u0431\u043d\u043e\u0433\u043e \u043f\u043e\u0434\u044a\u0451\u043c\u0430 \u043f\u0435\u0442\u0435\u043b\u044c. \u0421 \u043f\u043e\u043c\u043e\u0449\u044c\u044e \u044d\u0442\u043e\u0439 \u043a\u0443\u043a\u043b\u044b \u0432\u044b \u043b\u0435\u0433\u043a\u043e \u0441\u043c\u043e\u0436\u0435\u0442\u0435 \u0441\u043e\u0437\u0434\u0430\u0432\u0430\u0442\u044c \u043a\u0440\u0430\u0441\u0438\u0432\u044b\u0435, \u0440\u043e\u0432\u043d\u044b\u0435 \u043d\u0438\u0442\u0438, \u0438\u0434\u0435\u0430\u043b\u044c\u043d\u043e \u043f\u043e\u0434\u0445\u043e\u0434\u044f\u0449\u0438\u0435 \u0434\u043b\u044f \u0430\u043a\u0441\u0435\u0441\u0441\u0443\u0430\u0440\u043e\u0432, \u0443\u043a\u0440\u0430\u0448\u0435\u043d\u0438\u0439 \u0438\u043b\u0438 \u0442\u0432\u043e\u0440\u0447\u0435\u0441\u043a\u0438\u0445 \u043f\u0440\u043e\u0435\u043a\u0442\u043e\u0432.<\/p>\n<p data-start=\"525\" data-end=\"539\"><strong data-start=\"525\" data-end=\"537\">\u0424\u0443\u043d\u043a\u0446\u0438\u0438:<\/strong><\/p>\n<ul data-start=\"540\" data-end=\"772\">\n<li data-start=\"540\" data-end=\"583\">\n<p data-start=\"542\" data-end=\"583\">\u041c\u0430\u0442\u0435\u0440\u0438\u0430\u043b: \u0430\u043a\u0440\u0438\u043b, \u043d\u0435\u0440\u0436\u0430\u0432\u0435\u044e\u0449\u0430\u044f \u0441\u0442\u0430\u043b\u044c<\/p>\n<\/li>\n<li data-start=\"584\" data-end=\"638\">\n<p data-start=\"586\" data-end=\"638\">\u0412 \u043a\u043e\u043c\u043f\u043b\u0435\u043a\u0442 \u0432\u0445\u043e\u0434\u0438\u0442 \u0442\u0443\u043f\u0430\u044f \u043f\u043b\u0430\u0441\u0442\u0438\u043a\u043e\u0432\u0430\u044f \u043f\u0430\u043b\u043e\u0447\u043a\u0430 \u0434\u043b\u044f \u043f\u043e\u0434\u043d\u044f\u0442\u0438\u044f \u043f\u0435\u0442\u0435\u043b\u044c.<\/p>\n<\/li>\n<li data-start=\"639\" data-end=\"676\">\n<p data-start=\"641\" data-end=\"676\">\u041f\u0440\u043e\u0447\u043d\u044b\u0439, \u043f\u0440\u043e\u0441\u0442\u043e\u0439 \u0438 \u0443\u0434\u043e\u0431\u043d\u044b\u0439 \u0432 \u0438\u0441\u043f\u043e\u043b\u044c\u0437\u043e\u0432\u0430\u043d\u0438\u0438<\/p>\n<\/li>\n<li data-start=\"677\" data-end=\"720\">\n<p data-start=\"679\" data-end=\"720\">\u041f\u043e\u0437\u0432\u043e\u043b\u044f\u0435\u0442 \u0441\u043e\u0437\u0434\u0430\u0432\u0430\u0442\u044c \u0440\u043e\u0432\u043d\u044b\u0435 \u0432\u044f\u0437\u0430\u043d\u044b\u0435 \u0448\u043d\u0443\u0440\u044b.<\/p>\n<\/li>\n<li data-start=\"721\" data-end=\"772\">\n<p data-start=\"723\" data-end=\"772\">\u0422\u043e\u043b\u0449\u0438\u043d\u0430 \u043d\u0438\u0442\u0438 \u0437\u0430\u0432\u0438\u0441\u0438\u0442 \u043e\u0442 \u0434\u0438\u0430\u043c\u0435\u0442\u0440\u0430 \u043c\u0430\u0448\u0438\u043d\u043a\u0438<\/p>\n<\/li>\n<\/ul>\n<p data-start=\"774\" data-end=\"807\"><strong data-start=\"774\" data-end=\"789\">\u041f\u0440\u043e\u0438\u0437\u0432\u043e\u0434\u0438\u0442\u0435\u043b\u044c:<\/strong> Prym, \u0413\u0435\u0440\u043c\u0430\u043d\u0438\u044f<\/p>\n<p data-start=\"809\" data-end=\"897\" data-is-last-node=\"\" data-is-only-node=\"\"><strong data-start=\"809\" data-end=\"821\">\u041f\u0440\u0438\u043c\u0435\u0447\u0430\u043d\u0438\u0435:<\/strong> \u0426\u0432\u0435\u0442\u043e\u0432\u044b\u0435 \u043e\u0442\u0442\u0435\u043d\u043a\u0438 \u043c\u043e\u0433\u0443\u0442 \u043d\u0435\u0437\u043d\u0430\u0447\u0438\u0442\u0435\u043b\u044c\u043d\u043e \u043e\u0442\u043b\u0438\u0447\u0430\u0442\u044c\u0441\u044f \u0432 \u0437\u0430\u0432\u0438\u0441\u0438\u043c\u043e\u0441\u0442\u0438 \u043e\u0442 \u044d\u043a\u0440\u0430\u043d\u0430 \u0432\u0430\u0448\u0435\u0433\u043e \u0443\u0441\u0442\u0440\u043e\u0439\u0441\u0442\u0432\u0430.<\/p>","protected":false},"excerpt":{"rendered":"<p>\u0160i virvut\u0117s pynikas, \u00a0skirta kurti apvalius mezginius ir dekoratyvines virveles. Ji pagaminta i\u0161 skaidraus, tvirto akrilo, o vir\u0161uje turi ner\u016bdijan\u010dio plieno kabliukus, ant kuri\u0173 formuojamos akys. Naudoti itin paprasta \u2013 \u012f rinkin\u012f \u012feina bukas plastikinis pagaliukas, skirtas patogiam aki\u0173 pak\u0117limui. Su \u0161ia l\u0117lyte galima lengvai sukurti gra\u017eias, tolygias virveles, kurios idealiai tiks aksesuarams, papuo\u0161imams ar [&hellip;]<\/p>\n","protected":false},"featured_media":5806,"comment_status":"open","ping_status":"closed","template":"","meta":{"_acf_changed":false},"product_brand":[1072],"product_cat":[15,52,20],"product_tag":[],"pro-kategorijos":[],"class_list":{"0":"post-5809","1":"product","2":"type-product","3":"status-publish","4":"has-post-thumbnail","6":"product_brand-prym","7":"product_cat-visi-produktai","8":"product_cat-kiti-mezgimo-reikmenys","9":"product_cat-priedai-mezgimui","11":"first","12":"instock","13":"shipping-taxable","14":"purchasable","15":"product-type-simple"},"acf":[],"yoast_head":"<!-- This site is optimized with the Yoast SEO plugin v26.8 - https:\/\/yoast.com\/product\/yoast-seo-wordpress\/ -->\n<title>Prym virvut\u0117s pynikas (225104) - Happyinaknit.com<\/title>\n<meta name=\"robots\" content=\"index, follow, max-snippet:-1, max-image-preview:large, max-video-preview:-1\" \/>\n<link rel=\"canonical\" href=\"https:\/\/happyinaknit.com\/ru\/product\/prym-virvutes-pynikas-225104\/\" \/>\n<meta property=\"og:locale\" content=\"ru_RU\" \/>\n<meta property=\"og:type\" content=\"article\" \/>\n<meta property=\"og:title\" content=\"Prym virvut\u0117s pynikas (225104) - Happyinaknit.com\" \/>\n<meta property=\"og:description\" content=\"\u0160i virvut\u0117s pynikas, \u00a0skirta kurti apvalius mezginius ir dekoratyvines virveles. Ji pagaminta i\u0161 skaidraus, tvirto akrilo, o vir\u0161uje turi ner\u016bdijan\u010dio plieno kabliukus, ant kuri\u0173 formuojamos akys. Naudoti itin paprasta \u2013 \u012f rinkin\u012f \u012feina bukas plastikinis pagaliukas, skirtas patogiam aki\u0173 pak\u0117limui. Su \u0161ia l\u0117lyte galima lengvai sukurti gra\u017eias, tolygias virveles, kurios idealiai tiks aksesuarams, papuo\u0161imams ar [&hellip;]\" \/>\n<meta property=\"og:url\" content=\"https:\/\/happyinaknit.com\/ru\/product\/prym-virvutes-pynikas-225104\/\" \/>\n<meta property=\"og:site_name\" content=\"Happyinaknit.com\" \/>\n<meta property=\"article:modified_time\" content=\"2025-10-28T13:21:49+00:00\" \/>\n<meta property=\"og:image\" content=\"https:\/\/happyinaknit.com\/wp-content\/uploads\/2025\/10\/3-prym-virvutes-pynikas-225104-siulu-namai.jpg.webp\" \/>\n\t<meta property=\"og:image:width\" content=\"1000\" \/>\n\t<meta property=\"og:image:height\" content=\"1000\" \/>\n\t<meta property=\"og:image:type\" content=\"image\/webp\" \/>\n<meta name=\"twitter:card\" content=\"summary_large_image\" \/>\n<meta name=\"twitter:label1\" content=\"\u041f\u0440\u0438\u043c\u0435\u0440\u043d\u043e\u0435 \u0432\u0440\u0435\u043c\u044f \u0434\u043b\u044f \u0447\u0442\u0435\u043d\u0438\u044f\" \/>\n\t<meta name=\"twitter:data1\" content=\"1 \u043c\u0438\u043d\u0443\u0442\u0430\" \/>\n<script type=\"application\/ld+json\" class=\"yoast-schema-graph\">{\"@context\":\"https:\/\/schema.org\",\"@graph\":[{\"@type\":\"WebPage\",\"@id\":\"https:\/\/happyinaknit.com\/produktas\/prym-virvutes-pynikas-225104\/\",\"url\":\"https:\/\/happyinaknit.com\/produktas\/prym-virvutes-pynikas-225104\/\",\"name\":\"Prym virvut\u0117s pynikas (225104) - Happyinaknit.com\",\"isPartOf\":{\"@id\":\"https:\/\/happyinaknit.com\/lt\/#website\"},\"primaryImageOfPage\":{\"@id\":\"https:\/\/happyinaknit.com\/produktas\/prym-virvutes-pynikas-225104\/#primaryimage\"},\"image\":{\"@id\":\"https:\/\/happyinaknit.com\/produktas\/prym-virvutes-pynikas-225104\/#primaryimage\"},\"thumbnailUrl\":\"https:\/\/happyinaknit.com\/wp-content\/uploads\/2025\/10\/3-prym-virvutes-pynikas-225104-siulu-namai.jpg.webp\",\"datePublished\":\"2025-10-18T12:46:52+00:00\",\"dateModified\":\"2025-10-28T13:21:49+00:00\",\"breadcrumb\":{\"@id\":\"https:\/\/happyinaknit.com\/produktas\/prym-virvutes-pynikas-225104\/#breadcrumb\"},\"inLanguage\":\"ru-RU\",\"potentialAction\":[{\"@type\":\"ReadAction\",\"target\":[\"https:\/\/happyinaknit.com\/produktas\/prym-virvutes-pynikas-225104\/\"]}]},{\"@type\":\"ImageObject\",\"inLanguage\":\"ru-RU\",\"@id\":\"https:\/\/happyinaknit.com\/produktas\/prym-virvutes-pynikas-225104\/#primaryimage\",\"url\":\"https:\/\/happyinaknit.com\/wp-content\/uploads\/2025\/10\/3-prym-virvutes-pynikas-225104-siulu-namai.jpg.webp\",\"contentUrl\":\"https:\/\/happyinaknit.com\/wp-content\/uploads\/2025\/10\/3-prym-virvutes-pynikas-225104-siulu-namai.jpg.webp\",\"width\":1000,\"height\":1000},{\"@type\":\"BreadcrumbList\",\"@id\":\"https:\/\/happyinaknit.com\/produktas\/prym-virvutes-pynikas-225104\/#breadcrumb\",\"itemListElement\":[{\"@type\":\"ListItem\",\"position\":1,\"name\":\"Home\",\"item\":\"https:\/\/happyinaknit.com\/lt\/\"},{\"@type\":\"ListItem\",\"position\":2,\"name\":\"Parduotuv\u0117\",\"item\":\"https:\/\/happyinaknit.com\/lt\/parduotuve\/\"},{\"@type\":\"ListItem\",\"position\":3,\"name\":\"Prym virvut\u0117s pynikas (225104)\"}]},{\"@type\":\"WebSite\",\"@id\":\"https:\/\/happyinaknit.com\/lt\/#website\",\"url\":\"https:\/\/happyinaknit.com\/lt\/\",\"name\":\"Happyinaknit.com\",\"description\":\"\",\"potentialAction\":[{\"@type\":\"SearchAction\",\"target\":{\"@type\":\"EntryPoint\",\"urlTemplate\":\"https:\/\/happyinaknit.com\/lt\/?s={search_term_string}\"},\"query-input\":{\"@type\":\"PropertyValueSpecification\",\"valueRequired\":true,\"valueName\":\"search_term_string\"}}],\"inLanguage\":\"ru-RU\"}]}<\/script>\n<!-- \/ Yoast SEO plugin. -->","yoast_head_json":{"title":"Prym virvut\u0117s pynikas (225104) - Happyinaknit.com","robots":{"index":"index","follow":"follow","max-snippet":"max-snippet:-1","max-image-preview":"max-image-preview:large","max-video-preview":"max-video-preview:-1"},"canonical":"https:\/\/happyinaknit.com\/ru\/product\/prym-virvutes-pynikas-225104\/","og_locale":"ru_RU","og_type":"article","og_title":"Prym virvut\u0117s pynikas (225104) - Happyinaknit.com","og_description":"\u0160i virvut\u0117s pynikas, \u00a0skirta kurti apvalius mezginius ir dekoratyvines virveles. Ji pagaminta i\u0161 skaidraus, tvirto akrilo, o vir\u0161uje turi ner\u016bdijan\u010dio plieno kabliukus, ant kuri\u0173 formuojamos akys. Naudoti itin paprasta \u2013 \u012f rinkin\u012f \u012feina bukas plastikinis pagaliukas, skirtas patogiam aki\u0173 pak\u0117limui. Su \u0161ia l\u0117lyte galima lengvai sukurti gra\u017eias, tolygias virveles, kurios idealiai tiks aksesuarams, papuo\u0161imams ar [&hellip;]","og_url":"https:\/\/happyinaknit.com\/ru\/product\/prym-virvutes-pynikas-225104\/","og_site_name":"Happyinaknit.com","article_modified_time":"2025-10-28T13:21:49+00:00","og_image":[{"width":1000,"height":1000,"url":"https:\/\/happyinaknit.com\/wp-content\/uploads\/2025\/10\/3-prym-virvutes-pynikas-225104-siulu-namai.jpg.webp","type":"image\/webp"}],"twitter_card":"summary_large_image","twitter_misc":{"\u041f\u0440\u0438\u043c\u0435\u0440\u043d\u043e\u0435 \u0432\u0440\u0435\u043c\u044f \u0434\u043b\u044f \u0447\u0442\u0435\u043d\u0438\u044f":"1 \u043c\u0438\u043d\u0443\u0442\u0430"},"schema":{"@context":"https:\/\/schema.org","@graph":[{"@type":"WebPage","@id":"https:\/\/happyinaknit.com\/produktas\/prym-virvutes-pynikas-225104\/","url":"https:\/\/happyinaknit.com\/produktas\/prym-virvutes-pynikas-225104\/","name":"Prym virvut\u0117s pynikas (225104) - Happyinaknit.com","isPartOf":{"@id":"https:\/\/happyinaknit.com\/lt\/#website"},"primaryImageOfPage":{"@id":"https:\/\/happyinaknit.com\/produktas\/prym-virvutes-pynikas-225104\/#primaryimage"},"image":{"@id":"https:\/\/happyinaknit.com\/produktas\/prym-virvutes-pynikas-225104\/#primaryimage"},"thumbnailUrl":"https:\/\/happyinaknit.com\/wp-content\/uploads\/2025\/10\/3-prym-virvutes-pynikas-225104-siulu-namai.jpg.webp","datePublished":"2025-10-18T12:46:52+00:00","dateModified":"2025-10-28T13:21:49+00:00","breadcrumb":{"@id":"https:\/\/happyinaknit.com\/produktas\/prym-virvutes-pynikas-225104\/#breadcrumb"},"inLanguage":"ru-RU","potentialAction":[{"@type":"ReadAction","target":["https:\/\/happyinaknit.com\/produktas\/prym-virvutes-pynikas-225104\/"]}]},{"@type":"ImageObject","inLanguage":"ru-RU","@id":"https:\/\/happyinaknit.com\/produktas\/prym-virvutes-pynikas-225104\/#primaryimage","url":"https:\/\/happyinaknit.com\/wp-content\/uploads\/2025\/10\/3-prym-virvutes-pynikas-225104-siulu-namai.jpg.webp","contentUrl":"https:\/\/happyinaknit.com\/wp-content\/uploads\/2025\/10\/3-prym-virvutes-pynikas-225104-siulu-namai.jpg.webp","width":1000,"height":1000},{"@type":"BreadcrumbList","@id":"https:\/\/happyinaknit.com\/produktas\/prym-virvutes-pynikas-225104\/#breadcrumb","itemListElement":[{"@type":"ListItem","position":1,"name":"Home","item":"https:\/\/happyinaknit.com\/lt\/"},{"@type":"ListItem","position":2,"name":"Parduotuv\u0117","item":"https:\/\/happyinaknit.com\/lt\/parduotuve\/"},{"@type":"ListItem","position":3,"name":"Prym virvut\u0117s pynikas (225104)"}]},{"@type":"WebSite","@id":"https:\/\/happyinaknit.com\/lt\/#website","url":"https:\/\/happyinaknit.com\/lt\/","name":"Happyinaknit.com","description":"","potentialAction":[{"@type":"SearchAction","target":{"@type":"EntryPoint","urlTemplate":"https:\/\/happyinaknit.com\/lt\/?s={search_term_string}"},"query-input":{"@type":"PropertyValueSpecification","valueRequired":true,"valueName":"search_term_string"}}],"inLanguage":"ru-RU"}]}},"_links":{"self":[{"href":"https:\/\/happyinaknit.com\/ru\/wp-json\/wp\/v2\/product\/5809","targetHints":{"allow":["GET"]}}],"collection":[{"href":"https:\/\/happyinaknit.com\/ru\/wp-json\/wp\/v2\/product"}],"about":[{"href":"https:\/\/happyinaknit.com\/ru\/wp-json\/wp\/v2\/types\/product"}],"replies":[{"embeddable":true,"href":"https:\/\/happyinaknit.com\/ru\/wp-json\/wp\/v2\/comments?post=5809"}],"wp:featuredmedia":[{"embeddable":true,"href":"https:\/\/happyinaknit.com\/ru\/wp-json\/wp\/v2\/media\/5806"}],"wp:attachment":[{"href":"https:\/\/happyinaknit.com\/ru\/wp-json\/wp\/v2\/media?parent=5809"}],"wp:term":[{"taxonomy":"product_brand","embeddable":true,"href":"https:\/\/happyinaknit.com\/ru\/wp-json\/wp\/v2\/product_brand?post=5809"},{"taxonomy":"product_cat","embeddable":true,"href":"https:\/\/happyinaknit.com\/ru\/wp-json\/wp\/v2\/product_cat?post=5809"},{"taxonomy":"product_tag","embeddable":true,"href":"https:\/\/happyinaknit.com\/ru\/wp-json\/wp\/v2\/product_tag?post=5809"},{"taxonomy":"pro-kategorijos","embeddable":true,"href":"https:\/\/happyinaknit.com\/ru\/wp-json\/wp\/v2\/pro-kategorijos?post=5809"}],"curies":[{"name":"wp","href":"https:\/\/api.w.org\/{rel}","templated":true}]}}