{"id":5798,"date":"2025-10-18T12:37:12","date_gmt":"2025-10-18T12:37:12","guid":{"rendered":"https:\/\/happyinaknit.com\/?post_type=product&#038;p=5798"},"modified":"2025-10-28T12:00:58","modified_gmt":"2025-10-28T12:00:58","slug":"prym-issukama-adatine-su-adatomis","status":"publish","type":"product","link":"https:\/\/happyinaknit.com\/ru\/product\/prym-issukama-adatine-su-adatomis\/","title":{"rendered":"Prym \u0438\u0433\u043e\u043b\u044c\u043d\u0438\u0446\u0430 \u0441 \u0432\u044b\u0434\u0432\u0438\u0436\u043d\u044b\u043c \u0441\u0442\u0435\u0440\u0436\u043d\u0435\u043c \u0438 \u0438\u0433\u043b\u0430\u043c\u0438"},"content":{"rendered":"<p data-start=\"55\" data-end=\"329\">\u042d\u0442\u0438 <strong data-start=\"60\" data-end=\"104\">\u043e\u0447\u0435\u043d\u044c \u0442\u043e\u043d\u043a\u0438\u0435 \u0438 \u043f\u0440\u043e\u0447\u043d\u044b\u0435 \u0438\u0433\u043b\u044b<\/strong> \u0441\u0434\u0435\u043b\u0430\u043d\u044b \u0438\u0437 <strong data-start=\"119\" data-end=\"138\">\u0437\u0430\u043a\u0430\u043b\u0435\u043d\u043d\u043e\u0439 \u0441\u0442\u0430\u043b\u0438<\/strong>, \u0447\u0442\u043e \u0434\u0435\u043b\u0430\u0435\u0442 \u0438\u0445 \u043f\u0440\u043e\u0447\u043d\u044b\u043c\u0438 \u0438 \u0433\u0438\u0431\u043a\u0438\u043c\u0438. \u0411\u043b\u0430\u0433\u043e\u0434\u0430\u0440\u044f \u043e\u043f\u0442\u0438\u043c\u0430\u043b\u044c\u043d\u043e\u043c\u0443 \u0441\u043e\u043e\u0442\u043d\u043e\u0448\u0435\u043d\u0438\u044e \u0434\u043b\u0438\u043d\u044b \u0438 \u0442\u043e\u043b\u0449\u0438\u043d\u044b \u0438\u0433\u043b\u044b \u043e\u0441\u0442\u0430\u044e\u0442\u0441\u044f \u0441\u0442\u0430\u0431\u0438\u043b\u044c\u043d\u044b\u043c\u0438, \u043d\u043e \u043f\u0440\u0438 \u044d\u0442\u043e\u043c \u0434\u043e\u0441\u0442\u0430\u0442\u043e\u0447\u043d\u043e \u0433\u0438\u0431\u043a\u0438\u043c\u0438, \u0447\u0442\u043e\u0431\u044b \u043b\u0435\u0433\u043a\u043e \u043f\u0440\u043e\u0445\u043e\u0434\u0438\u0442\u044c \u0447\u0435\u0440\u0435\u0437 \u043d\u0435\u0441\u043a\u043e\u043b\u044c\u043a\u043e \u0441\u043b\u043e\u0451\u0432 \u0442\u043a\u0430\u043d\u0438.<\/p>\n<p data-start=\"331\" data-end=\"523\">\u0421\u0435\u0440\u0435\u0431\u0440\u044f\u043d\u044b\u0435, \u0438\u0434\u0435\u0430\u043b\u044c\u043d\u043e \u0441\u0438\u043c\u043c\u0435\u0442\u0440\u0438\u0447\u043d\u044b\u0435 \u0443\u0448\u043a\u0438 \u0431\u0435\u0437 \u043e\u0441\u0442\u0440\u044b\u0445 \u043a\u0440\u0430\u0435\u0432 \u0433\u0430\u0440\u0430\u043d\u0442\u0438\u0440\u0443\u044e\u0442, \u0447\u0442\u043e \u043d\u0438\u0442\u043a\u0430 \u043d\u0435 \u0437\u0430\u0441\u0442\u0440\u044f\u043d\u0435\u0442, \u0438 <strong data-start=\"422\" data-end=\"469\">\u0442\u0449\u0430\u0442\u0435\u043b\u044c\u043d\u043e \u043e\u0442\u0448\u043b\u0438\u0444\u043e\u0432\u0430\u043d\u043d\u044b\u0435 \u0438 \u0447\u0440\u0435\u0437\u0432\u044b\u0447\u0430\u0439\u043d\u043e \u043e\u0441\u0442\u0440\u044b\u0435 \u043a\u043e\u043d\u0447\u0438\u043a\u0438<\/strong> \u043f\u043e\u0437\u0432\u043e\u043b\u044f\u0435\u0442 \u0448\u0438\u0442\u044c \u0441 \u0438\u0441\u043a\u043b\u044e\u0447\u0438\u0442\u0435\u043b\u044c\u043d\u043e\u0439 \u0442\u043e\u0447\u043d\u043e\u0441\u0442\u044c\u044e, \u043d\u0435 \u043f\u043e\u0432\u0440\u0435\u0436\u0434\u0430\u044f \u0442\u043a\u0430\u043d\u044c.<\/p>\n<p data-start=\"525\" data-end=\"624\">\u042d\u0442\u0438 \u0438\u0433\u043b\u044b \u0441\u043e\u0447\u0435\u0442\u0430\u044e\u0442 \u0432 \u0441\u0435\u0431\u0435 \u0432\u0441\u0435 \u0445\u0430\u0440\u0430\u043a\u0442\u0435\u0440\u0438\u0441\u0442\u0438\u043a\u0438, \u043d\u0435\u043e\u0431\u0445\u043e\u0434\u0438\u043c\u044b\u0435 \u0434\u043b\u044f \u043a\u043e\u043c\u0444\u043e\u0440\u0442\u043d\u043e\u0433\u043e, \u0442\u043e\u0447\u043d\u043e\u0433\u043e \u0438 \u043f\u0440\u043e\u0444\u0435\u0441\u0441\u0438\u043e\u043d\u0430\u043b\u044c\u043d\u043e\u0433\u043e \u0448\u0438\u0442\u044c\u044f.<\/p>\n<p data-start=\"626\" data-end=\"640\"><strong data-start=\"626\" data-end=\"638\">\u0424\u0443\u043d\u043a\u0446\u0438\u0438:<\/strong><\/p>\n<ul data-start=\"641\" data-end=\"925\">\n<li data-start=\"641\" data-end=\"672\">\n<p data-start=\"643\" data-end=\"672\">\u041c\u0430\u0442\u0435\u0440\u0438\u0430\u043b: \u0437\u0430\u043a\u0430\u043b\u0435\u043d\u043d\u0430\u044f \u0441\u0442\u0430\u043b\u044c<\/p>\n<\/li>\n<li data-start=\"673\" data-end=\"724\">\n<p data-start=\"675\" data-end=\"724\">\u0422\u0438\u043f: \u0442\u043e\u043d\u043a\u0438\u0435 \u0438 \u043e\u0447\u0435\u043d\u044c \u0442\u043e\u043d\u043a\u0438\u0435 \u0438\u0433\u043b\u044b \u0434\u043b\u044f \u043a\u0432\u0438\u043b\u0442\u0438\u043d\u0433\u0430<\/p>\n<\/li>\n<li data-start=\"725\" data-end=\"773\">\n<p data-start=\"727\" data-end=\"773\">\u0420\u0430\u0437\u043c\u0435\u0440\u044b: 0,53 \u00d7 23\/26 \u043c\u043c \u0438\u043b\u0438 0,6 \u00d7 23\/26 \u043c\u043c<\/p>\n<\/li>\n<li data-start=\"774\" data-end=\"803\">\n<p data-start=\"776\" data-end=\"803\">\u041a\u043e\u043b\u0438\u0447\u0435\u0441\u0442\u0432\u043e \u0432 \u0443\u043f\u0430\u043a\u043e\u0432\u043a\u0435: 20 \u0448\u0442.<\/p>\n<\/li>\n<li data-start=\"804\" data-end=\"845\">\n<p data-start=\"806\" data-end=\"845\">\u0421\u0435\u0440\u0435\u0431\u0440\u044f\u043d\u043e\u0435 \u0443\u0448\u043a\u043e, \u0441\u0438\u043c\u043c\u0435\u0442\u0440\u0438\u0447\u043d\u043e\u0435  \u0438 \u0433\u043b\u0430\u0434\u043a\u043e\u0435<\/p>\n<\/li>\n<li data-start=\"846\" data-end=\"882\">\n<p data-start=\"848\" data-end=\"882\">\u041e\u0447\u0435\u043d\u044c \u043e\u0441\u0442\u0440\u044b\u0439, \u043f\u043e\u043b\u0438\u0440\u043e\u0432\u0430\u043d\u043d\u044b\u0439 \u043a\u043e\u043d\u0447\u0438\u043a<\/p>\n<\/li>\n<li data-start=\"883\" data-end=\"925\">\n<p data-start=\"885\" data-end=\"925\">\u0418\u0434\u0435\u0430\u043b\u044c\u043d\u044b\u0439 \u0431\u0430\u043b\u0430\u043d\u0441 \u0441\u0442\u0430\u0431\u0438\u043b\u044c\u043d\u043e\u0441\u0442\u0438 \u0438 \u0433\u0438\u0431\u043a\u043e\u0441\u0442\u0438<\/p>\n<\/li>\n<\/ul>\n<p data-start=\"927\" data-end=\"960\"><strong data-start=\"927\" data-end=\"942\">\u041f\u0440\u043e\u0438\u0437\u0432\u043e\u0434\u0438\u0442\u0435\u043b\u044c:<\/strong> Prym, \u0413\u0435\u0440\u043c\u0430\u043d\u0438\u044f<\/p>\n<p data-start=\"962\" data-end=\"1050\" data-is-last-node=\"\" data-is-only-node=\"\"><strong data-start=\"962\" data-end=\"974\">\u041f\u0440\u0438\u043c\u0435\u0447\u0430\u043d\u0438\u0435:<\/strong> \u0426\u0432\u0435\u0442\u043e\u0432\u044b\u0435 \u043e\u0442\u0442\u0435\u043d\u043a\u0438 \u043c\u043e\u0433\u0443\u0442 \u043d\u0435\u0437\u043d\u0430\u0447\u0438\u0442\u0435\u043b\u044c\u043d\u043e \u043e\u0442\u043b\u0438\u0447\u0430\u0442\u044c\u0441\u044f \u0432 \u0437\u0430\u0432\u0438\u0441\u0438\u043c\u043e\u0441\u0442\u0438 \u043e\u0442 \u044d\u043a\u0440\u0430\u043d\u0430 \u0432\u0430\u0448\u0435\u0433\u043e \u0443\u0441\u0442\u0440\u043e\u0439\u0441\u0442\u0432\u0430.<\/p>","protected":false},"excerpt":{"rendered":"<p>\u0160ios ypa\u010d plonos ir tvirtos \u00a0adatos pagamintos i\u0161 gr\u016bdinto plieno, tod\u0117l pasi\u017eymi ilgaam\u017ei\u0161kumu ir lankstumu. D\u0117l optimalaus ilgio ir storio santykio adatos i\u0161lieka stabilios, ta\u010diau pakankamai elastingos, kad lengvai slyst\u0173 per kelis audinio sluoksnius. Sidabrin\u0117s, tobulai simetri\u0161kos akut\u0117s be a\u0161tri\u0173 briaun\u0173 u\u017etikrina, kad si\u016blas nekli\u016bt\u0173, o kruop\u0161\u010diai \u0161lifuoti ir ypa\u010d a\u0161tr\u016bs galiukai leid\u017eia si\u016bti itin [&hellip;]<\/p>\n","protected":false},"featured_media":5801,"comment_status":"open","ping_status":"closed","template":"","meta":{"_acf_changed":false},"product_brand":[1072],"product_cat":[15,1080,20],"product_tag":[],"pro-kategorijos":[],"class_list":{"0":"post-5798","1":"product","2":"type-product","3":"status-publish","4":"has-post-thumbnail","6":"product_brand-prym","7":"product_cat-visi-produktai","8":"product_cat-adatos","9":"product_cat-priedai-mezgimui","11":"first","12":"instock","13":"shipping-taxable","14":"purchasable","15":"product-type-simple"},"acf":[],"yoast_head":"<!-- This site is optimized with the Yoast SEO plugin v26.8 - https:\/\/yoast.com\/product\/yoast-seo-wordpress\/ -->\n<title>Prym I\u0161sukama Adatin\u0117 su adatomis - Happyinaknit.com<\/title>\n<meta name=\"robots\" content=\"index, follow, max-snippet:-1, max-image-preview:large, max-video-preview:-1\" \/>\n<link rel=\"canonical\" href=\"https:\/\/happyinaknit.com\/ru\/product\/prym-issukama-adatine-su-adatomis\/\" \/>\n<meta property=\"og:locale\" content=\"ru_RU\" \/>\n<meta property=\"og:type\" content=\"article\" \/>\n<meta property=\"og:title\" content=\"Prym I\u0161sukama Adatin\u0117 su adatomis - Happyinaknit.com\" \/>\n<meta property=\"og:description\" content=\"\u0160ios ypa\u010d plonos ir tvirtos \u00a0adatos pagamintos i\u0161 gr\u016bdinto plieno, tod\u0117l pasi\u017eymi ilgaam\u017ei\u0161kumu ir lankstumu. D\u0117l optimalaus ilgio ir storio santykio adatos i\u0161lieka stabilios, ta\u010diau pakankamai elastingos, kad lengvai slyst\u0173 per kelis audinio sluoksnius. Sidabrin\u0117s, tobulai simetri\u0161kos akut\u0117s be a\u0161tri\u0173 briaun\u0173 u\u017etikrina, kad si\u016blas nekli\u016bt\u0173, o kruop\u0161\u010diai \u0161lifuoti ir ypa\u010d a\u0161tr\u016bs galiukai leid\u017eia si\u016bti itin [&hellip;]\" \/>\n<meta property=\"og:url\" content=\"https:\/\/happyinaknit.com\/ru\/product\/prym-issukama-adatine-su-adatomis\/\" \/>\n<meta property=\"og:site_name\" content=\"Happyinaknit.com\" \/>\n<meta property=\"article:modified_time\" content=\"2025-10-28T12:00:58+00:00\" \/>\n<meta property=\"og:image\" content=\"https:\/\/happyinaknit.com\/wp-content\/uploads\/2025\/10\/26894070.jpg.webp\" \/>\n\t<meta property=\"og:image:width\" content=\"350\" \/>\n\t<meta property=\"og:image:height\" content=\"350\" \/>\n\t<meta property=\"og:image:type\" content=\"image\/webp\" \/>\n<meta name=\"twitter:card\" content=\"summary_large_image\" \/>\n<meta name=\"twitter:label1\" content=\"\u041f\u0440\u0438\u043c\u0435\u0440\u043d\u043e\u0435 \u0432\u0440\u0435\u043c\u044f \u0434\u043b\u044f \u0447\u0442\u0435\u043d\u0438\u044f\" \/>\n\t<meta name=\"twitter:data1\" content=\"1 \u043c\u0438\u043d\u0443\u0442\u0430\" \/>\n<script type=\"application\/ld+json\" class=\"yoast-schema-graph\">{\"@context\":\"https:\/\/schema.org\",\"@graph\":[{\"@type\":\"WebPage\",\"@id\":\"https:\/\/happyinaknit.com\/produktas\/prym-issukama-adatine-su-adatomis\/\",\"url\":\"https:\/\/happyinaknit.com\/produktas\/prym-issukama-adatine-su-adatomis\/\",\"name\":\"Prym I\u0161sukama Adatin\u0117 su adatomis - Happyinaknit.com\",\"isPartOf\":{\"@id\":\"https:\/\/happyinaknit.com\/lt\/#website\"},\"primaryImageOfPage\":{\"@id\":\"https:\/\/happyinaknit.com\/produktas\/prym-issukama-adatine-su-adatomis\/#primaryimage\"},\"image\":{\"@id\":\"https:\/\/happyinaknit.com\/produktas\/prym-issukama-adatine-su-adatomis\/#primaryimage\"},\"thumbnailUrl\":\"https:\/\/happyinaknit.com\/wp-content\/uploads\/2025\/10\/26894070.jpg.webp\",\"datePublished\":\"2025-10-18T12:37:12+00:00\",\"dateModified\":\"2025-10-28T12:00:58+00:00\",\"breadcrumb\":{\"@id\":\"https:\/\/happyinaknit.com\/produktas\/prym-issukama-adatine-su-adatomis\/#breadcrumb\"},\"inLanguage\":\"ru-RU\",\"potentialAction\":[{\"@type\":\"ReadAction\",\"target\":[\"https:\/\/happyinaknit.com\/produktas\/prym-issukama-adatine-su-adatomis\/\"]}]},{\"@type\":\"ImageObject\",\"inLanguage\":\"ru-RU\",\"@id\":\"https:\/\/happyinaknit.com\/produktas\/prym-issukama-adatine-su-adatomis\/#primaryimage\",\"url\":\"https:\/\/happyinaknit.com\/wp-content\/uploads\/2025\/10\/26894070.jpg.webp\",\"contentUrl\":\"https:\/\/happyinaknit.com\/wp-content\/uploads\/2025\/10\/26894070.jpg.webp\",\"width\":350,\"height\":350},{\"@type\":\"BreadcrumbList\",\"@id\":\"https:\/\/happyinaknit.com\/produktas\/prym-issukama-adatine-su-adatomis\/#breadcrumb\",\"itemListElement\":[{\"@type\":\"ListItem\",\"position\":1,\"name\":\"Home\",\"item\":\"https:\/\/happyinaknit.com\/lt\/\"},{\"@type\":\"ListItem\",\"position\":2,\"name\":\"Parduotuv\u0117\",\"item\":\"https:\/\/happyinaknit.com\/lt\/parduotuve\/\"},{\"@type\":\"ListItem\",\"position\":3,\"name\":\"Prym I\u0161sukama Adatin\u0117 su adatomis\"}]},{\"@type\":\"WebSite\",\"@id\":\"https:\/\/happyinaknit.com\/lt\/#website\",\"url\":\"https:\/\/happyinaknit.com\/lt\/\",\"name\":\"Happyinaknit.com\",\"description\":\"\",\"potentialAction\":[{\"@type\":\"SearchAction\",\"target\":{\"@type\":\"EntryPoint\",\"urlTemplate\":\"https:\/\/happyinaknit.com\/lt\/?s={search_term_string}\"},\"query-input\":{\"@type\":\"PropertyValueSpecification\",\"valueRequired\":true,\"valueName\":\"search_term_string\"}}],\"inLanguage\":\"ru-RU\"}]}<\/script>\n<!-- \/ Yoast SEO plugin. -->","yoast_head_json":{"title":"Prym I\u0161sukama Adatin\u0117 su adatomis - Happyinaknit.com","robots":{"index":"index","follow":"follow","max-snippet":"max-snippet:-1","max-image-preview":"max-image-preview:large","max-video-preview":"max-video-preview:-1"},"canonical":"https:\/\/happyinaknit.com\/ru\/product\/prym-issukama-adatine-su-adatomis\/","og_locale":"ru_RU","og_type":"article","og_title":"Prym I\u0161sukama Adatin\u0117 su adatomis - Happyinaknit.com","og_description":"\u0160ios ypa\u010d plonos ir tvirtos \u00a0adatos pagamintos i\u0161 gr\u016bdinto plieno, tod\u0117l pasi\u017eymi ilgaam\u017ei\u0161kumu ir lankstumu. D\u0117l optimalaus ilgio ir storio santykio adatos i\u0161lieka stabilios, ta\u010diau pakankamai elastingos, kad lengvai slyst\u0173 per kelis audinio sluoksnius. Sidabrin\u0117s, tobulai simetri\u0161kos akut\u0117s be a\u0161tri\u0173 briaun\u0173 u\u017etikrina, kad si\u016blas nekli\u016bt\u0173, o kruop\u0161\u010diai \u0161lifuoti ir ypa\u010d a\u0161tr\u016bs galiukai leid\u017eia si\u016bti itin [&hellip;]","og_url":"https:\/\/happyinaknit.com\/ru\/product\/prym-issukama-adatine-su-adatomis\/","og_site_name":"Happyinaknit.com","article_modified_time":"2025-10-28T12:00:58+00:00","og_image":[{"width":350,"height":350,"url":"https:\/\/happyinaknit.com\/wp-content\/uploads\/2025\/10\/26894070.jpg.webp","type":"image\/webp"}],"twitter_card":"summary_large_image","twitter_misc":{"\u041f\u0440\u0438\u043c\u0435\u0440\u043d\u043e\u0435 \u0432\u0440\u0435\u043c\u044f \u0434\u043b\u044f \u0447\u0442\u0435\u043d\u0438\u044f":"1 \u043c\u0438\u043d\u0443\u0442\u0430"},"schema":{"@context":"https:\/\/schema.org","@graph":[{"@type":"WebPage","@id":"https:\/\/happyinaknit.com\/produktas\/prym-issukama-adatine-su-adatomis\/","url":"https:\/\/happyinaknit.com\/produktas\/prym-issukama-adatine-su-adatomis\/","name":"Prym I\u0161sukama Adatin\u0117 su adatomis - Happyinaknit.com","isPartOf":{"@id":"https:\/\/happyinaknit.com\/lt\/#website"},"primaryImageOfPage":{"@id":"https:\/\/happyinaknit.com\/produktas\/prym-issukama-adatine-su-adatomis\/#primaryimage"},"image":{"@id":"https:\/\/happyinaknit.com\/produktas\/prym-issukama-adatine-su-adatomis\/#primaryimage"},"thumbnailUrl":"https:\/\/happyinaknit.com\/wp-content\/uploads\/2025\/10\/26894070.jpg.webp","datePublished":"2025-10-18T12:37:12+00:00","dateModified":"2025-10-28T12:00:58+00:00","breadcrumb":{"@id":"https:\/\/happyinaknit.com\/produktas\/prym-issukama-adatine-su-adatomis\/#breadcrumb"},"inLanguage":"ru-RU","potentialAction":[{"@type":"ReadAction","target":["https:\/\/happyinaknit.com\/produktas\/prym-issukama-adatine-su-adatomis\/"]}]},{"@type":"ImageObject","inLanguage":"ru-RU","@id":"https:\/\/happyinaknit.com\/produktas\/prym-issukama-adatine-su-adatomis\/#primaryimage","url":"https:\/\/happyinaknit.com\/wp-content\/uploads\/2025\/10\/26894070.jpg.webp","contentUrl":"https:\/\/happyinaknit.com\/wp-content\/uploads\/2025\/10\/26894070.jpg.webp","width":350,"height":350},{"@type":"BreadcrumbList","@id":"https:\/\/happyinaknit.com\/produktas\/prym-issukama-adatine-su-adatomis\/#breadcrumb","itemListElement":[{"@type":"ListItem","position":1,"name":"Home","item":"https:\/\/happyinaknit.com\/lt\/"},{"@type":"ListItem","position":2,"name":"Parduotuv\u0117","item":"https:\/\/happyinaknit.com\/lt\/parduotuve\/"},{"@type":"ListItem","position":3,"name":"Prym I\u0161sukama Adatin\u0117 su adatomis"}]},{"@type":"WebSite","@id":"https:\/\/happyinaknit.com\/lt\/#website","url":"https:\/\/happyinaknit.com\/lt\/","name":"Happyinaknit.com","description":"","potentialAction":[{"@type":"SearchAction","target":{"@type":"EntryPoint","urlTemplate":"https:\/\/happyinaknit.com\/lt\/?s={search_term_string}"},"query-input":{"@type":"PropertyValueSpecification","valueRequired":true,"valueName":"search_term_string"}}],"inLanguage":"ru-RU"}]}},"_links":{"self":[{"href":"https:\/\/happyinaknit.com\/ru\/wp-json\/wp\/v2\/product\/5798","targetHints":{"allow":["GET"]}}],"collection":[{"href":"https:\/\/happyinaknit.com\/ru\/wp-json\/wp\/v2\/product"}],"about":[{"href":"https:\/\/happyinaknit.com\/ru\/wp-json\/wp\/v2\/types\/product"}],"replies":[{"embeddable":true,"href":"https:\/\/happyinaknit.com\/ru\/wp-json\/wp\/v2\/comments?post=5798"}],"wp:featuredmedia":[{"embeddable":true,"href":"https:\/\/happyinaknit.com\/ru\/wp-json\/wp\/v2\/media\/5801"}],"wp:attachment":[{"href":"https:\/\/happyinaknit.com\/ru\/wp-json\/wp\/v2\/media?parent=5798"}],"wp:term":[{"taxonomy":"product_brand","embeddable":true,"href":"https:\/\/happyinaknit.com\/ru\/wp-json\/wp\/v2\/product_brand?post=5798"},{"taxonomy":"product_cat","embeddable":true,"href":"https:\/\/happyinaknit.com\/ru\/wp-json\/wp\/v2\/product_cat?post=5798"},{"taxonomy":"product_tag","embeddable":true,"href":"https:\/\/happyinaknit.com\/ru\/wp-json\/wp\/v2\/product_tag?post=5798"},{"taxonomy":"pro-kategorijos","embeddable":true,"href":"https:\/\/happyinaknit.com\/ru\/wp-json\/wp\/v2\/pro-kategorijos?post=5798"}],"curies":[{"name":"wp","href":"https:\/\/api.w.org\/{rel}","templated":true}]}}