{"id":5796,"date":"2025-10-18T12:25:45","date_gmt":"2025-10-18T12:25:45","guid":{"rendered":"https:\/\/happyinaknit.com\/?post_type=product&#038;p=5796"},"modified":"2025-10-28T12:01:11","modified_gmt":"2025-10-28T12:01:11","slug":"prym-siuvinejimo-adatos-rankiniam-siuvimui-121440","status":"publish","type":"product","link":"https:\/\/happyinaknit.com\/ru\/product\/prym-siuvinejimo-adatos-rankiniam-siuvimui-121440\/","title":{"rendered":"Prym \u0438\u0433\u043b\u044b \u0434\u043b\u044f \u0448\u0438\u0442\u044c\u044f 121440"},"content":{"rendered":"<p data-start=\"57\" data-end=\"264\">\u0412 \u043a\u043e\u043c\u043f\u043b\u0435\u043a\u0442 \u0432\u0445\u043e\u0434\u044f\u0442 <strong data-start=\"72\" data-end=\"105\">20 \u0443\u043b\u044c\u0442\u0440\u0430\u0442\u043e\u043d\u043a\u0438\u0445 \u0438 \u043f\u0440\u043e\u0447\u043d\u044b\u0445 \u0438\u0433\u043b<\/strong> \u0441 \u0441\u0435\u0440\u0435\u0431\u0440\u044f\u043d\u043e\u0439 \u043f\u043e\u0432\u0435\u0440\u0445\u043d\u043e\u0441\u0442\u044c\u044e \u0443\u0448\u043a\u0430. \u042d\u0442\u0438 \u0438\u0433\u043b\u044b \u0438\u0434\u0435\u0430\u043b\u044c\u043d\u043e \u043f\u043e\u0434\u0445\u043e\u0434\u044f\u0442 \u0434\u043b\u044f <strong data-start=\"172\" data-end=\"230\">\u0434\u043b\u044f \u0440\u0443\u0447\u043d\u043e\u0433\u043e \u0448\u0438\u0442\u044c\u044f, \u043a\u0432\u0438\u043b\u0442\u0438\u043d\u0433\u0430 \u0438 \u0442\u043e\u043d\u043a\u043e\u0439 \u0440\u0430\u0431\u043e\u0442\u044b<\/strong>\u0442\u0440\u0435\u0431\u0443\u044e\u0449\u0438\u0435 \u0442\u043e\u0447\u043d\u043e\u0441\u0442\u0438.<\/p>\n<p data-start=\"266\" data-end=\"401\">\u041e\u0441\u0442\u0440\u044b\u0439, \u0441\u043f\u0435\u0446\u0438\u0430\u043b\u044c\u043d\u043e \u0437\u0430\u0442\u043e\u0447\u0435\u043d\u043d\u044b\u0439 \u043a\u043e\u043d\u0447\u0438\u043a \u0438\u0433\u043b\u044b \u043b\u0435\u0433\u043a\u043e \u043f\u0440\u043e\u043a\u0430\u043b\u044b\u0432\u0430\u0435\u0442 \u0442\u043a\u0430\u043d\u044c, \u0430 \u043f\u0440\u043e\u0447\u043d\u0430\u044f \u043a\u043e\u043d\u0441\u0442\u0440\u0443\u043a\u0446\u0438\u044f \u043e\u0431\u0435\u0441\u043f\u0435\u0447\u0438\u0432\u0430\u0435\u0442 \u0434\u043e\u043b\u0433\u043e\u0432\u0435\u0447\u043d\u043e\u0441\u0442\u044c \u0438\u0441\u043f\u043e\u043b\u044c\u0437\u043e\u0432\u0430\u043d\u0438\u044f.<\/p>\n<p data-start=\"403\" data-end=\"417\"><strong data-start=\"403\" data-end=\"415\">\u0424\u0443\u043d\u043a\u0446\u0438\u0438:<\/strong><\/p>\n<ul data-start=\"418\" data-end=\"594\">\n<li data-start=\"418\" data-end=\"437\">\n<p data-start=\"420\" data-end=\"437\">\u041a\u043e\u043b\u0438\u0447\u0435\u0441\u0442\u0432\u043e: 20 \u0448\u0442.<\/p>\n<\/li>\n<li data-start=\"438\" data-end=\"460\">\n<p data-start=\"440\" data-end=\"460\">\u0420\u0430\u0437\u043c\u0435\u0440: 26 \u00d7 0,6 \u043c\u043c<\/p>\n<\/li>\n<li data-start=\"461\" data-end=\"509\">\n<p data-start=\"463\" data-end=\"509\">\u0423\u043b\u044c\u0442\u0440\u0430\u0442\u043e\u043d\u043a\u0438\u0439, \u0441 \u0441\u0435\u0440\u0435\u0431\u0440\u0438\u0441\u0442\u043e\u0439 \u0441\u0435\u0442\u0447\u0430\u0442\u043e\u0439 \u043f\u043e\u0432\u0435\u0440\u0445\u043d\u043e\u0441\u0442\u044c\u044e<\/p>\n<\/li>\n<li data-start=\"510\" data-end=\"555\">\n<p data-start=\"512\" data-end=\"555\">\u0414\u043b\u044f \u0440\u0443\u0447\u043d\u043e\u0433\u043e \u0448\u0438\u0442\u044c\u044f \u0438 \u043a\u0432\u0438\u043b\u0442\u0438\u043d\u0433\u0430<\/p>\n<\/li>\n<li data-start=\"556\" data-end=\"594\">\n<p data-start=\"558\" data-end=\"594\">\u041e\u0441\u0442\u0440\u044b\u0439 \u043a\u043e\u043d\u0447\u0438\u043a \u0438 \u043f\u0440\u043e\u0447\u043d\u0430\u044f \u0441\u0442\u0430\u043b\u044c<\/p>\n<\/li>\n<\/ul>\n<p data-start=\"596\" data-end=\"629\"><strong data-start=\"596\" data-end=\"611\">\u041f\u0440\u043e\u0438\u0437\u0432\u043e\u0434\u0438\u0442\u0435\u043b\u044c:<\/strong> Prym, \u0413\u0435\u0440\u043c\u0430\u043d\u0438\u044f<\/p>\n<p data-start=\"631\" data-end=\"719\" data-is-last-node=\"\" data-is-only-node=\"\"><strong data-start=\"631\" data-end=\"643\">\u041f\u0440\u0438\u043c\u0435\u0447\u0430\u043d\u0438\u0435:<\/strong> \u0426\u0432\u0435\u0442\u043e\u0432\u044b\u0435 \u043e\u0442\u0442\u0435\u043d\u043a\u0438 \u043c\u043e\u0433\u0443\u0442 \u043d\u0435\u0437\u043d\u0430\u0447\u0438\u0442\u0435\u043b\u044c\u043d\u043e \u043e\u0442\u043b\u0438\u0447\u0430\u0442\u044c\u0441\u044f \u0432 \u0437\u0430\u0432\u0438\u0441\u0438\u043c\u043e\u0441\u0442\u0438 \u043e\u0442 \u044d\u043a\u0440\u0430\u043d\u0430 \u0432\u0430\u0448\u0435\u0433\u043e \u0443\u0441\u0442\u0440\u043e\u0439\u0441\u0442\u0432\u0430.<\/p>","protected":false},"excerpt":{"rendered":"<p>Rinkin\u012f sudaro 20 itin plon\u0173 ir tvirt\u0173 adat\u0173 su sidabriniu adatos aku\u010di\u0173 pavir\u0161iumi. \u0160ios adatos puikiai tinka rankiniam siuvimui, kviltavimui ir kruop\u0161tiems darbams, kuriems reikalingas tikslumas. A\u0161trus, specialiai nu\u0161lifuotas adatos galiukas lengvai prasiskverbia per audin\u012f, o tvirta konstrukcija u\u017etikrina ilgalaik\u012f naudojim\u0105. Savyb\u0117s: Kiekis: 20 vnt. Dydis: 26 \u00d7 0,6 mm Itin plonos, su sidabriniu aku\u010di\u0173 [&hellip;]<\/p>\n","protected":false},"featured_media":5794,"comment_status":"open","ping_status":"closed","template":"","meta":{"_acf_changed":false},"product_brand":[1072],"product_cat":[15,1080,20],"product_tag":[],"pro-kategorijos":[],"class_list":{"0":"post-5796","1":"product","2":"type-product","3":"status-publish","4":"has-post-thumbnail","6":"product_brand-prym","7":"product_cat-visi-produktai","8":"product_cat-adatos","9":"product_cat-priedai-mezgimui","11":"first","12":"instock","13":"shipping-taxable","14":"purchasable","15":"product-type-simple"},"acf":[],"yoast_head":"<!-- This site is optimized with the Yoast SEO plugin v26.8 - https:\/\/yoast.com\/product\/yoast-seo-wordpress\/ -->\n<title>Prym Siuvin\u0117jimo Adatos Rankiniam Siuvimui 121440 - Happyinaknit.com<\/title>\n<meta name=\"robots\" content=\"index, follow, max-snippet:-1, max-image-preview:large, max-video-preview:-1\" \/>\n<link rel=\"canonical\" href=\"https:\/\/happyinaknit.com\/ru\/product\/prym-siuvinejimo-adatos-rankiniam-siuvimui-121440\/\" \/>\n<meta property=\"og:locale\" content=\"ru_RU\" \/>\n<meta property=\"og:type\" content=\"article\" \/>\n<meta property=\"og:title\" content=\"Prym Siuvin\u0117jimo Adatos Rankiniam Siuvimui 121440 - Happyinaknit.com\" \/>\n<meta property=\"og:description\" content=\"Rinkin\u012f sudaro 20 itin plon\u0173 ir tvirt\u0173 adat\u0173 su sidabriniu adatos aku\u010di\u0173 pavir\u0161iumi. \u0160ios adatos puikiai tinka rankiniam siuvimui, kviltavimui ir kruop\u0161tiems darbams, kuriems reikalingas tikslumas. A\u0161trus, specialiai nu\u0161lifuotas adatos galiukas lengvai prasiskverbia per audin\u012f, o tvirta konstrukcija u\u017etikrina ilgalaik\u012f naudojim\u0105. Savyb\u0117s: Kiekis: 20 vnt. Dydis: 26 \u00d7 0,6 mm Itin plonos, su sidabriniu aku\u010di\u0173 [&hellip;]\" \/>\n<meta property=\"og:url\" content=\"https:\/\/happyinaknit.com\/ru\/product\/prym-siuvinejimo-adatos-rankiniam-siuvimui-121440\/\" \/>\n<meta property=\"og:site_name\" content=\"Happyinaknit.com\" \/>\n<meta property=\"article:modified_time\" content=\"2025-10-28T12:01:11+00:00\" \/>\n<meta property=\"og:image\" content=\"https:\/\/happyinaknit.com\/wp-content\/uploads\/2025\/10\/prym-121440-new-1-600x315-1.jpg\" \/>\n\t<meta property=\"og:image:width\" content=\"600\" \/>\n\t<meta property=\"og:image:height\" content=\"315\" \/>\n\t<meta property=\"og:image:type\" content=\"image\/jpeg\" \/>\n<meta name=\"twitter:card\" content=\"summary_large_image\" \/>\n<script type=\"application\/ld+json\" class=\"yoast-schema-graph\">{\"@context\":\"https:\/\/schema.org\",\"@graph\":[{\"@type\":\"WebPage\",\"@id\":\"https:\/\/happyinaknit.com\/produktas\/prym-siuvinejimo-adatos-rankiniam-siuvimui-121440\/\",\"url\":\"https:\/\/happyinaknit.com\/produktas\/prym-siuvinejimo-adatos-rankiniam-siuvimui-121440\/\",\"name\":\"Prym Siuvin\u0117jimo Adatos Rankiniam Siuvimui 121440 - Happyinaknit.com\",\"isPartOf\":{\"@id\":\"https:\/\/happyinaknit.com\/lt\/#website\"},\"primaryImageOfPage\":{\"@id\":\"https:\/\/happyinaknit.com\/produktas\/prym-siuvinejimo-adatos-rankiniam-siuvimui-121440\/#primaryimage\"},\"image\":{\"@id\":\"https:\/\/happyinaknit.com\/produktas\/prym-siuvinejimo-adatos-rankiniam-siuvimui-121440\/#primaryimage\"},\"thumbnailUrl\":\"https:\/\/happyinaknit.com\/wp-content\/uploads\/2025\/10\/prym-121440-new-1-600x315-1.jpg\",\"datePublished\":\"2025-10-18T12:25:45+00:00\",\"dateModified\":\"2025-10-28T12:01:11+00:00\",\"breadcrumb\":{\"@id\":\"https:\/\/happyinaknit.com\/produktas\/prym-siuvinejimo-adatos-rankiniam-siuvimui-121440\/#breadcrumb\"},\"inLanguage\":\"ru-RU\",\"potentialAction\":[{\"@type\":\"ReadAction\",\"target\":[\"https:\/\/happyinaknit.com\/produktas\/prym-siuvinejimo-adatos-rankiniam-siuvimui-121440\/\"]}]},{\"@type\":\"ImageObject\",\"inLanguage\":\"ru-RU\",\"@id\":\"https:\/\/happyinaknit.com\/produktas\/prym-siuvinejimo-adatos-rankiniam-siuvimui-121440\/#primaryimage\",\"url\":\"https:\/\/happyinaknit.com\/wp-content\/uploads\/2025\/10\/prym-121440-new-1-600x315-1.jpg\",\"contentUrl\":\"https:\/\/happyinaknit.com\/wp-content\/uploads\/2025\/10\/prym-121440-new-1-600x315-1.jpg\",\"width\":600,\"height\":315},{\"@type\":\"BreadcrumbList\",\"@id\":\"https:\/\/happyinaknit.com\/produktas\/prym-siuvinejimo-adatos-rankiniam-siuvimui-121440\/#breadcrumb\",\"itemListElement\":[{\"@type\":\"ListItem\",\"position\":1,\"name\":\"Home\",\"item\":\"https:\/\/happyinaknit.com\/lt\/\"},{\"@type\":\"ListItem\",\"position\":2,\"name\":\"Parduotuv\u0117\",\"item\":\"https:\/\/happyinaknit.com\/lt\/parduotuve\/\"},{\"@type\":\"ListItem\",\"position\":3,\"name\":\"Prym Siuvin\u0117jimo Adatos Rankiniam Siuvimui 121440\"}]},{\"@type\":\"WebSite\",\"@id\":\"https:\/\/happyinaknit.com\/lt\/#website\",\"url\":\"https:\/\/happyinaknit.com\/lt\/\",\"name\":\"Happyinaknit.com\",\"description\":\"\",\"potentialAction\":[{\"@type\":\"SearchAction\",\"target\":{\"@type\":\"EntryPoint\",\"urlTemplate\":\"https:\/\/happyinaknit.com\/lt\/?s={search_term_string}\"},\"query-input\":{\"@type\":\"PropertyValueSpecification\",\"valueRequired\":true,\"valueName\":\"search_term_string\"}}],\"inLanguage\":\"ru-RU\"}]}<\/script>\n<!-- \/ Yoast SEO plugin. -->","yoast_head_json":{"title":"Prym Siuvin\u0117jimo Adatos Rankiniam Siuvimui 121440 - Happyinaknit.com","robots":{"index":"index","follow":"follow","max-snippet":"max-snippet:-1","max-image-preview":"max-image-preview:large","max-video-preview":"max-video-preview:-1"},"canonical":"https:\/\/happyinaknit.com\/ru\/product\/prym-siuvinejimo-adatos-rankiniam-siuvimui-121440\/","og_locale":"ru_RU","og_type":"article","og_title":"Prym Siuvin\u0117jimo Adatos Rankiniam Siuvimui 121440 - Happyinaknit.com","og_description":"Rinkin\u012f sudaro 20 itin plon\u0173 ir tvirt\u0173 adat\u0173 su sidabriniu adatos aku\u010di\u0173 pavir\u0161iumi. \u0160ios adatos puikiai tinka rankiniam siuvimui, kviltavimui ir kruop\u0161tiems darbams, kuriems reikalingas tikslumas. A\u0161trus, specialiai nu\u0161lifuotas adatos galiukas lengvai prasiskverbia per audin\u012f, o tvirta konstrukcija u\u017etikrina ilgalaik\u012f naudojim\u0105. Savyb\u0117s: Kiekis: 20 vnt. Dydis: 26 \u00d7 0,6 mm Itin plonos, su sidabriniu aku\u010di\u0173 [&hellip;]","og_url":"https:\/\/happyinaknit.com\/ru\/product\/prym-siuvinejimo-adatos-rankiniam-siuvimui-121440\/","og_site_name":"Happyinaknit.com","article_modified_time":"2025-10-28T12:01:11+00:00","og_image":[{"width":600,"height":315,"url":"https:\/\/happyinaknit.com\/wp-content\/uploads\/2025\/10\/prym-121440-new-1-600x315-1.jpg","type":"image\/jpeg"}],"twitter_card":"summary_large_image","schema":{"@context":"https:\/\/schema.org","@graph":[{"@type":"WebPage","@id":"https:\/\/happyinaknit.com\/produktas\/prym-siuvinejimo-adatos-rankiniam-siuvimui-121440\/","url":"https:\/\/happyinaknit.com\/produktas\/prym-siuvinejimo-adatos-rankiniam-siuvimui-121440\/","name":"Prym Siuvin\u0117jimo Adatos Rankiniam Siuvimui 121440 - Happyinaknit.com","isPartOf":{"@id":"https:\/\/happyinaknit.com\/lt\/#website"},"primaryImageOfPage":{"@id":"https:\/\/happyinaknit.com\/produktas\/prym-siuvinejimo-adatos-rankiniam-siuvimui-121440\/#primaryimage"},"image":{"@id":"https:\/\/happyinaknit.com\/produktas\/prym-siuvinejimo-adatos-rankiniam-siuvimui-121440\/#primaryimage"},"thumbnailUrl":"https:\/\/happyinaknit.com\/wp-content\/uploads\/2025\/10\/prym-121440-new-1-600x315-1.jpg","datePublished":"2025-10-18T12:25:45+00:00","dateModified":"2025-10-28T12:01:11+00:00","breadcrumb":{"@id":"https:\/\/happyinaknit.com\/produktas\/prym-siuvinejimo-adatos-rankiniam-siuvimui-121440\/#breadcrumb"},"inLanguage":"ru-RU","potentialAction":[{"@type":"ReadAction","target":["https:\/\/happyinaknit.com\/produktas\/prym-siuvinejimo-adatos-rankiniam-siuvimui-121440\/"]}]},{"@type":"ImageObject","inLanguage":"ru-RU","@id":"https:\/\/happyinaknit.com\/produktas\/prym-siuvinejimo-adatos-rankiniam-siuvimui-121440\/#primaryimage","url":"https:\/\/happyinaknit.com\/wp-content\/uploads\/2025\/10\/prym-121440-new-1-600x315-1.jpg","contentUrl":"https:\/\/happyinaknit.com\/wp-content\/uploads\/2025\/10\/prym-121440-new-1-600x315-1.jpg","width":600,"height":315},{"@type":"BreadcrumbList","@id":"https:\/\/happyinaknit.com\/produktas\/prym-siuvinejimo-adatos-rankiniam-siuvimui-121440\/#breadcrumb","itemListElement":[{"@type":"ListItem","position":1,"name":"Home","item":"https:\/\/happyinaknit.com\/lt\/"},{"@type":"ListItem","position":2,"name":"Parduotuv\u0117","item":"https:\/\/happyinaknit.com\/lt\/parduotuve\/"},{"@type":"ListItem","position":3,"name":"Prym Siuvin\u0117jimo Adatos Rankiniam Siuvimui 121440"}]},{"@type":"WebSite","@id":"https:\/\/happyinaknit.com\/lt\/#website","url":"https:\/\/happyinaknit.com\/lt\/","name":"Happyinaknit.com","description":"","potentialAction":[{"@type":"SearchAction","target":{"@type":"EntryPoint","urlTemplate":"https:\/\/happyinaknit.com\/lt\/?s={search_term_string}"},"query-input":{"@type":"PropertyValueSpecification","valueRequired":true,"valueName":"search_term_string"}}],"inLanguage":"ru-RU"}]}},"_links":{"self":[{"href":"https:\/\/happyinaknit.com\/ru\/wp-json\/wp\/v2\/product\/5796","targetHints":{"allow":["GET"]}}],"collection":[{"href":"https:\/\/happyinaknit.com\/ru\/wp-json\/wp\/v2\/product"}],"about":[{"href":"https:\/\/happyinaknit.com\/ru\/wp-json\/wp\/v2\/types\/product"}],"replies":[{"embeddable":true,"href":"https:\/\/happyinaknit.com\/ru\/wp-json\/wp\/v2\/comments?post=5796"}],"wp:featuredmedia":[{"embeddable":true,"href":"https:\/\/happyinaknit.com\/ru\/wp-json\/wp\/v2\/media\/5794"}],"wp:attachment":[{"href":"https:\/\/happyinaknit.com\/ru\/wp-json\/wp\/v2\/media?parent=5796"}],"wp:term":[{"taxonomy":"product_brand","embeddable":true,"href":"https:\/\/happyinaknit.com\/ru\/wp-json\/wp\/v2\/product_brand?post=5796"},{"taxonomy":"product_cat","embeddable":true,"href":"https:\/\/happyinaknit.com\/ru\/wp-json\/wp\/v2\/product_cat?post=5796"},{"taxonomy":"product_tag","embeddable":true,"href":"https:\/\/happyinaknit.com\/ru\/wp-json\/wp\/v2\/product_tag?post=5796"},{"taxonomy":"pro-kategorijos","embeddable":true,"href":"https:\/\/happyinaknit.com\/ru\/wp-json\/wp\/v2\/pro-kategorijos?post=5796"}],"curies":[{"name":"wp","href":"https:\/\/api.w.org\/{rel}","templated":true}]}}