{"id":5789,"date":"2025-10-18T12:18:35","date_gmt":"2025-10-18T12:18:35","guid":{"rendered":"https:\/\/happyinaknit.com\/?post_type=product&#038;p=5789"},"modified":"2025-10-28T12:04:16","modified_gmt":"2025-10-28T12:04:16","slug":"prym-zirkles-gandras","status":"publish","type":"product","link":"https:\/\/happyinaknit.com\/ru\/product\/prym-zirkles-gandras\/","title":{"rendered":"Prym \u043d\u043e\u0436\u043d\u0438\u0446\u044b  \"\u0410\u0438\u0441\u0442\""},"content":{"rendered":"<p data-start=\"30\" data-end=\"279\">\u042d\u043b\u0435\u0433\u0430\u043d\u0442\u043d\u044b\u0435 \u00a0<strong data-start=\"60\" data-end=\"68\">Prym<\/strong> \u0448\u0432\u0435\u0439\u043d\u044b\u0435 \u043d\u043e\u0436\u043d\u0438\u0446\u044b \u00ab\u0410\u0438\u0441\u0442\u00bb \u2014 \u043a\u043b\u0430\u0441\u0441\u0438\u0447\u0435\u0441\u043a\u0438\u0439 \u0432\u044b\u0431\u043e\u0440 \u0434\u043b\u044f \u043b\u044e\u0431\u0438\u0442\u0435\u043b\u0435\u0439 \u0440\u0443\u043a\u043e\u0434\u0435\u043b\u0438\u044f. \u0422\u043e\u043d\u043a\u0438\u0435 \u0438 \u043e\u0441\u0442\u0440\u044b\u0435 \u043b\u0435\u0437\u0432\u0438\u044f \u043f\u043e\u0437\u0432\u043e\u043b\u044f\u044e\u0442 \u0440\u0435\u0437\u0430\u0442\u044c \u0434\u043e \u0441\u0430\u043c\u043e\u0433\u043e \u043a\u043e\u043d\u0447\u0438\u043a\u0430, \u0447\u0442\u043e \u0434\u0435\u043b\u0430\u0435\u0442 \u0438\u0445 \u0438\u0434\u0435\u0430\u043b\u044c\u043d\u044b\u043c\u0438 \u0434\u043b\u044f \u043e\u0431\u0440\u0430\u0431\u043e\u0442\u043a\u0438 \u043d\u0438\u0442\u043e\u043a, \u043f\u0435\u0442\u0435\u043b\u044c \u0438 \u043c\u0435\u043b\u043a\u0438\u0445 \u0434\u0435\u0442\u0430\u043b\u0435\u0439.<\/p>\n<p data-start=\"281\" data-end=\"397\">\u041a\u0440\u043e\u043c\u0435 \u0442\u043e\u0433\u043e, \u0438\u0445 <strong data-start=\"291\" data-end=\"329\">\u043e\u0440\u043d\u0430\u043c\u0435\u043d\u0442\u0438\u0440\u043e\u0432\u0430\u043d\u043d\u0430\u044f \u0444\u043e\u0440\u043c\u0430 \u0432 \u0432\u0438\u0434\u0435 \u0430\u0438\u0441\u0442\u0430<\/strong> \u043f\u0440\u0438\u0434\u0430\u0435\u0442 \u0438\u043d\u0441\u0442\u0440\u0443\u043c\u0435\u043d\u0442\u0443 \u043d\u0435 \u0442\u043e\u043b\u044c\u043a\u043e \u043f\u0440\u0430\u043a\u0442\u0438\u0447\u043d\u043e\u0441\u0442\u044c, \u043d\u043e \u0438 \u043d\u0435\u043f\u043e\u0432\u0442\u043e\u0440\u0438\u043c\u044b\u0439 \u0448\u0430\u0440\u043c.<\/p>\n<p data-start=\"399\" data-end=\"413\"><strong data-start=\"399\" data-end=\"411\">\u0424\u0443\u043d\u043a\u0446\u0438\u0438:<\/strong><\/p>\n<ul data-start=\"414\" data-end=\"553\">\n<li data-start=\"414\" data-end=\"429\">\n<p data-start=\"416\" data-end=\"429\">\u0414\u043b\u0438\u043d\u0430: 9 \u0441\u043c.<\/p>\n<\/li>\n<li data-start=\"430\" data-end=\"478\">\n<p data-start=\"432\" data-end=\"478\">\u0422\u043e\u043d\u043a\u0438\u0435, \u043e\u0441\u0442\u0440\u044b\u0435 \u043b\u0435\u0437\u0432\u0438\u044f \u0434\u043b\u044f \u0442\u043e\u0447\u043d\u043e\u0439 \u0440\u0435\u0437\u043a\u0438<\/p>\n<\/li>\n<li data-start=\"479\" data-end=\"520\">\n<p data-start=\"481\" data-end=\"520\">\u0423\u0434\u043e\u0431\u043d\u044b\u0435 \u0440\u0443\u0447\u043a\u0438 \u0438 \u043b\u0435\u0433\u043a\u0438\u0439 \u0432\u0435\u0441<\/p>\n<\/li>\n<li data-start=\"521\" data-end=\"553\">\n<p data-start=\"523\" data-end=\"553\">\u041a\u043b\u0430\u0441\u0441\u0438\u0447\u0435\u0441\u043a\u0438\u0439 \u0434\u0438\u0437\u0430\u0439\u043d \u00ab\u0430\u0438\u0441\u0442\u00bb<\/p>\n<\/li>\n<\/ul>\n<p data-start=\"555\" data-end=\"588\"><strong data-start=\"555\" data-end=\"570\">\u041f\u0440\u043e\u0438\u0437\u0432\u043e\u0434\u0438\u0442\u0435\u043b\u044c:<\/strong> Prym, \u0413\u0435\u0440\u043c\u0430\u043d\u0438\u044f<\/p>\n<p data-start=\"590\" data-end=\"678\" data-is-last-node=\"\" data-is-only-node=\"\"><strong data-start=\"590\" data-end=\"602\">\u041f\u0440\u0438\u043c\u0435\u0447\u0430\u043d\u0438\u0435:<\/strong> \u0426\u0432\u0435\u0442\u043e\u0432\u044b\u0435 \u043e\u0442\u0442\u0435\u043d\u043a\u0438 \u043c\u043e\u0433\u0443\u0442 \u043d\u0435\u0437\u043d\u0430\u0447\u0438\u0442\u0435\u043b\u044c\u043d\u043e \u043e\u0442\u043b\u0438\u0447\u0430\u0442\u044c\u0441\u044f \u0432 \u0437\u0430\u0432\u0438\u0441\u0438\u043c\u043e\u0441\u0442\u0438 \u043e\u0442 \u044d\u043a\u0440\u0430\u043d\u0430 \u0432\u0430\u0448\u0435\u0433\u043e \u0443\u0441\u0442\u0440\u043e\u0439\u0441\u0442\u0432\u0430.<\/p>","protected":false},"excerpt":{"rendered":"<p>Eleganti\u0161kos \u00a0Prym siuvimo \u017eirkl\u0117s \u201eGandras\u201c \u2013 klasikinis pasirinkimas rankdarbi\u0173 m\u0117g\u0117joms. Ploni, a\u0161tr\u016bs a\u0161menys leid\u017eia kirpti iki pat galiuko, tod\u0117l idealiai tinka si\u016bl\u0173, si\u016blini\u0173 kilpeli\u0173 ar smulki\u0173 detali\u0173 apdorojimui. Be to, j\u0173 ornamentuota forma gandro pavidalu suteikia \u012frankiui ne tik prakti\u0161kumo, bet ir i\u0161skirtinio \u017eavesio. Savyb\u0117s: Ilgis: 9 cm Ploni, a\u0161tr\u016bs a\u0161menys \u2013 precizi\u0161kam kirpimui Patogios [&hellip;]<\/p>\n","protected":false},"featured_media":5790,"comment_status":"open","ping_status":"closed","template":"","meta":{"_acf_changed":false},"product_brand":[1072],"product_cat":[15,20,90],"product_tag":[],"pro-kategorijos":[],"class_list":{"0":"post-5789","1":"product","2":"type-product","3":"status-publish","4":"has-post-thumbnail","6":"product_brand-prym","7":"product_cat-visi-produktai","8":"product_cat-priedai-mezgimui","9":"product_cat-zirkles","11":"first","12":"instock","13":"shipping-taxable","14":"purchasable","15":"product-type-simple"},"acf":[],"yoast_head":"<!-- This site is optimized with the Yoast SEO plugin v26.8 - https:\/\/yoast.com\/product\/yoast-seo-wordpress\/ -->\n<title>Prym \u017eirkl\u0117s \u201eGandras\u201c - Happyinaknit.com<\/title>\n<meta name=\"robots\" content=\"index, follow, max-snippet:-1, max-image-preview:large, max-video-preview:-1\" \/>\n<link rel=\"canonical\" href=\"https:\/\/happyinaknit.com\/ru\/product\/prym-zirkles-gandras\/\" \/>\n<meta property=\"og:locale\" content=\"ru_RU\" \/>\n<meta property=\"og:type\" content=\"article\" \/>\n<meta property=\"og:title\" content=\"Prym \u017eirkl\u0117s \u201eGandras\u201c - Happyinaknit.com\" \/>\n<meta property=\"og:description\" content=\"Eleganti\u0161kos \u00a0Prym siuvimo \u017eirkl\u0117s \u201eGandras\u201c \u2013 klasikinis pasirinkimas rankdarbi\u0173 m\u0117g\u0117joms. Ploni, a\u0161tr\u016bs a\u0161menys leid\u017eia kirpti iki pat galiuko, tod\u0117l idealiai tinka si\u016bl\u0173, si\u016blini\u0173 kilpeli\u0173 ar smulki\u0173 detali\u0173 apdorojimui. Be to, j\u0173 ornamentuota forma gandro pavidalu suteikia \u012frankiui ne tik prakti\u0161kumo, bet ir i\u0161skirtinio \u017eavesio. Savyb\u0117s: Ilgis: 9 cm Ploni, a\u0161tr\u016bs a\u0161menys \u2013 precizi\u0161kam kirpimui Patogios [&hellip;]\" \/>\n<meta property=\"og:url\" content=\"https:\/\/happyinaknit.com\/ru\/product\/prym-zirkles-gandras\/\" \/>\n<meta property=\"og:site_name\" content=\"Happyinaknit.com\" \/>\n<meta property=\"article:modified_time\" content=\"2025-10-28T12:04:16+00:00\" \/>\n<meta property=\"og:image\" content=\"https:\/\/happyinaknit.com\/wp-content\/uploads\/2025\/10\/\u03a8\u03b1\u03bb\u03af\u03b4\u03b9-\u039a\u03b5\u03bd\u03c4\u03ae\u03bc\u03b1\u03c4\u03bf\u03c2-9cm-\u03a0\u03b5\u03bb\u03b1\u03c1\u03b3\u03cc\u03c2-Prym-611445-2.jpg\" \/>\n\t<meta property=\"og:image:width\" content=\"800\" \/>\n\t<meta property=\"og:image:height\" content=\"800\" \/>\n\t<meta property=\"og:image:type\" content=\"image\/jpeg\" \/>\n<meta name=\"twitter:card\" content=\"summary_large_image\" \/>\n<script type=\"application\/ld+json\" class=\"yoast-schema-graph\">{\"@context\":\"https:\/\/schema.org\",\"@graph\":[{\"@type\":\"WebPage\",\"@id\":\"https:\/\/happyinaknit.com\/produktas\/prym-zirkles-gandras\/\",\"url\":\"https:\/\/happyinaknit.com\/produktas\/prym-zirkles-gandras\/\",\"name\":\"Prym \u017eirkl\u0117s \u201eGandras\u201c - Happyinaknit.com\",\"isPartOf\":{\"@id\":\"https:\/\/happyinaknit.com\/lt\/#website\"},\"primaryImageOfPage\":{\"@id\":\"https:\/\/happyinaknit.com\/produktas\/prym-zirkles-gandras\/#primaryimage\"},\"image\":{\"@id\":\"https:\/\/happyinaknit.com\/produktas\/prym-zirkles-gandras\/#primaryimage\"},\"thumbnailUrl\":\"https:\/\/happyinaknit.com\/wp-content\/uploads\/2025\/10\/\u03a8\u03b1\u03bb\u03af\u03b4\u03b9-\u039a\u03b5\u03bd\u03c4\u03ae\u03bc\u03b1\u03c4\u03bf\u03c2-9cm-\u03a0\u03b5\u03bb\u03b1\u03c1\u03b3\u03cc\u03c2-Prym-611445-2.jpg\",\"datePublished\":\"2025-10-18T12:18:35+00:00\",\"dateModified\":\"2025-10-28T12:04:16+00:00\",\"breadcrumb\":{\"@id\":\"https:\/\/happyinaknit.com\/produktas\/prym-zirkles-gandras\/#breadcrumb\"},\"inLanguage\":\"ru-RU\",\"potentialAction\":[{\"@type\":\"ReadAction\",\"target\":[\"https:\/\/happyinaknit.com\/produktas\/prym-zirkles-gandras\/\"]}]},{\"@type\":\"ImageObject\",\"inLanguage\":\"ru-RU\",\"@id\":\"https:\/\/happyinaknit.com\/produktas\/prym-zirkles-gandras\/#primaryimage\",\"url\":\"https:\/\/happyinaknit.com\/wp-content\/uploads\/2025\/10\/\u03a8\u03b1\u03bb\u03af\u03b4\u03b9-\u039a\u03b5\u03bd\u03c4\u03ae\u03bc\u03b1\u03c4\u03bf\u03c2-9cm-\u03a0\u03b5\u03bb\u03b1\u03c1\u03b3\u03cc\u03c2-Prym-611445-2.jpg\",\"contentUrl\":\"https:\/\/happyinaknit.com\/wp-content\/uploads\/2025\/10\/\u03a8\u03b1\u03bb\u03af\u03b4\u03b9-\u039a\u03b5\u03bd\u03c4\u03ae\u03bc\u03b1\u03c4\u03bf\u03c2-9cm-\u03a0\u03b5\u03bb\u03b1\u03c1\u03b3\u03cc\u03c2-Prym-611445-2.jpg\",\"width\":800,\"height\":800},{\"@type\":\"BreadcrumbList\",\"@id\":\"https:\/\/happyinaknit.com\/produktas\/prym-zirkles-gandras\/#breadcrumb\",\"itemListElement\":[{\"@type\":\"ListItem\",\"position\":1,\"name\":\"Home\",\"item\":\"https:\/\/happyinaknit.com\/lt\/\"},{\"@type\":\"ListItem\",\"position\":2,\"name\":\"Parduotuv\u0117\",\"item\":\"https:\/\/happyinaknit.com\/lt\/parduotuve\/\"},{\"@type\":\"ListItem\",\"position\":3,\"name\":\"Prym \u017eirkl\u0117s \u201eGandras\u201c\"}]},{\"@type\":\"WebSite\",\"@id\":\"https:\/\/happyinaknit.com\/lt\/#website\",\"url\":\"https:\/\/happyinaknit.com\/lt\/\",\"name\":\"Happyinaknit.com\",\"description\":\"\",\"potentialAction\":[{\"@type\":\"SearchAction\",\"target\":{\"@type\":\"EntryPoint\",\"urlTemplate\":\"https:\/\/happyinaknit.com\/lt\/?s={search_term_string}\"},\"query-input\":{\"@type\":\"PropertyValueSpecification\",\"valueRequired\":true,\"valueName\":\"search_term_string\"}}],\"inLanguage\":\"ru-RU\"}]}<\/script>\n<!-- \/ Yoast SEO plugin. -->","yoast_head_json":{"title":"Prym \u017eirkl\u0117s \u201eGandras\u201c - Happyinaknit.com","robots":{"index":"index","follow":"follow","max-snippet":"max-snippet:-1","max-image-preview":"max-image-preview:large","max-video-preview":"max-video-preview:-1"},"canonical":"https:\/\/happyinaknit.com\/ru\/product\/prym-zirkles-gandras\/","og_locale":"ru_RU","og_type":"article","og_title":"Prym \u017eirkl\u0117s \u201eGandras\u201c - Happyinaknit.com","og_description":"Eleganti\u0161kos \u00a0Prym siuvimo \u017eirkl\u0117s \u201eGandras\u201c \u2013 klasikinis pasirinkimas rankdarbi\u0173 m\u0117g\u0117joms. Ploni, a\u0161tr\u016bs a\u0161menys leid\u017eia kirpti iki pat galiuko, tod\u0117l idealiai tinka si\u016bl\u0173, si\u016blini\u0173 kilpeli\u0173 ar smulki\u0173 detali\u0173 apdorojimui. Be to, j\u0173 ornamentuota forma gandro pavidalu suteikia \u012frankiui ne tik prakti\u0161kumo, bet ir i\u0161skirtinio \u017eavesio. Savyb\u0117s: Ilgis: 9 cm Ploni, a\u0161tr\u016bs a\u0161menys \u2013 precizi\u0161kam kirpimui Patogios [&hellip;]","og_url":"https:\/\/happyinaknit.com\/ru\/product\/prym-zirkles-gandras\/","og_site_name":"Happyinaknit.com","article_modified_time":"2025-10-28T12:04:16+00:00","og_image":[{"width":800,"height":800,"url":"https:\/\/happyinaknit.com\/wp-content\/uploads\/2025\/10\/\u03a8\u03b1\u03bb\u03af\u03b4\u03b9-\u039a\u03b5\u03bd\u03c4\u03ae\u03bc\u03b1\u03c4\u03bf\u03c2-9cm-\u03a0\u03b5\u03bb\u03b1\u03c1\u03b3\u03cc\u03c2-Prym-611445-2.jpg","type":"image\/jpeg"}],"twitter_card":"summary_large_image","schema":{"@context":"https:\/\/schema.org","@graph":[{"@type":"WebPage","@id":"https:\/\/happyinaknit.com\/produktas\/prym-zirkles-gandras\/","url":"https:\/\/happyinaknit.com\/produktas\/prym-zirkles-gandras\/","name":"Prym \u017eirkl\u0117s \u201eGandras\u201c - Happyinaknit.com","isPartOf":{"@id":"https:\/\/happyinaknit.com\/lt\/#website"},"primaryImageOfPage":{"@id":"https:\/\/happyinaknit.com\/produktas\/prym-zirkles-gandras\/#primaryimage"},"image":{"@id":"https:\/\/happyinaknit.com\/produktas\/prym-zirkles-gandras\/#primaryimage"},"thumbnailUrl":"https:\/\/happyinaknit.com\/wp-content\/uploads\/2025\/10\/\u03a8\u03b1\u03bb\u03af\u03b4\u03b9-\u039a\u03b5\u03bd\u03c4\u03ae\u03bc\u03b1\u03c4\u03bf\u03c2-9cm-\u03a0\u03b5\u03bb\u03b1\u03c1\u03b3\u03cc\u03c2-Prym-611445-2.jpg","datePublished":"2025-10-18T12:18:35+00:00","dateModified":"2025-10-28T12:04:16+00:00","breadcrumb":{"@id":"https:\/\/happyinaknit.com\/produktas\/prym-zirkles-gandras\/#breadcrumb"},"inLanguage":"ru-RU","potentialAction":[{"@type":"ReadAction","target":["https:\/\/happyinaknit.com\/produktas\/prym-zirkles-gandras\/"]}]},{"@type":"ImageObject","inLanguage":"ru-RU","@id":"https:\/\/happyinaknit.com\/produktas\/prym-zirkles-gandras\/#primaryimage","url":"https:\/\/happyinaknit.com\/wp-content\/uploads\/2025\/10\/\u03a8\u03b1\u03bb\u03af\u03b4\u03b9-\u039a\u03b5\u03bd\u03c4\u03ae\u03bc\u03b1\u03c4\u03bf\u03c2-9cm-\u03a0\u03b5\u03bb\u03b1\u03c1\u03b3\u03cc\u03c2-Prym-611445-2.jpg","contentUrl":"https:\/\/happyinaknit.com\/wp-content\/uploads\/2025\/10\/\u03a8\u03b1\u03bb\u03af\u03b4\u03b9-\u039a\u03b5\u03bd\u03c4\u03ae\u03bc\u03b1\u03c4\u03bf\u03c2-9cm-\u03a0\u03b5\u03bb\u03b1\u03c1\u03b3\u03cc\u03c2-Prym-611445-2.jpg","width":800,"height":800},{"@type":"BreadcrumbList","@id":"https:\/\/happyinaknit.com\/produktas\/prym-zirkles-gandras\/#breadcrumb","itemListElement":[{"@type":"ListItem","position":1,"name":"Home","item":"https:\/\/happyinaknit.com\/lt\/"},{"@type":"ListItem","position":2,"name":"Parduotuv\u0117","item":"https:\/\/happyinaknit.com\/lt\/parduotuve\/"},{"@type":"ListItem","position":3,"name":"Prym \u017eirkl\u0117s \u201eGandras\u201c"}]},{"@type":"WebSite","@id":"https:\/\/happyinaknit.com\/lt\/#website","url":"https:\/\/happyinaknit.com\/lt\/","name":"Happyinaknit.com","description":"","potentialAction":[{"@type":"SearchAction","target":{"@type":"EntryPoint","urlTemplate":"https:\/\/happyinaknit.com\/lt\/?s={search_term_string}"},"query-input":{"@type":"PropertyValueSpecification","valueRequired":true,"valueName":"search_term_string"}}],"inLanguage":"ru-RU"}]}},"_links":{"self":[{"href":"https:\/\/happyinaknit.com\/ru\/wp-json\/wp\/v2\/product\/5789","targetHints":{"allow":["GET"]}}],"collection":[{"href":"https:\/\/happyinaknit.com\/ru\/wp-json\/wp\/v2\/product"}],"about":[{"href":"https:\/\/happyinaknit.com\/ru\/wp-json\/wp\/v2\/types\/product"}],"replies":[{"embeddable":true,"href":"https:\/\/happyinaknit.com\/ru\/wp-json\/wp\/v2\/comments?post=5789"}],"wp:featuredmedia":[{"embeddable":true,"href":"https:\/\/happyinaknit.com\/ru\/wp-json\/wp\/v2\/media\/5790"}],"wp:attachment":[{"href":"https:\/\/happyinaknit.com\/ru\/wp-json\/wp\/v2\/media?parent=5789"}],"wp:term":[{"taxonomy":"product_brand","embeddable":true,"href":"https:\/\/happyinaknit.com\/ru\/wp-json\/wp\/v2\/product_brand?post=5789"},{"taxonomy":"product_cat","embeddable":true,"href":"https:\/\/happyinaknit.com\/ru\/wp-json\/wp\/v2\/product_cat?post=5789"},{"taxonomy":"product_tag","embeddable":true,"href":"https:\/\/happyinaknit.com\/ru\/wp-json\/wp\/v2\/product_tag?post=5789"},{"taxonomy":"pro-kategorijos","embeddable":true,"href":"https:\/\/happyinaknit.com\/ru\/wp-json\/wp\/v2\/pro-kategorijos?post=5789"}],"curies":[{"name":"wp","href":"https:\/\/api.w.org\/{rel}","templated":true}]}}