{"id":5784,"date":"2025-10-18T12:07:31","date_gmt":"2025-10-18T12:07:31","guid":{"rendered":"https:\/\/happyinaknit.com\/?post_type=product&#038;p=5784"},"modified":"2025-10-18T12:07:32","modified_gmt":"2025-10-18T12:07:32","slug":"prym-2-siulu-antpirstis-jacquard","status":"publish","type":"product","link":"https:\/\/happyinaknit.com\/ru\/product\/prym-2-siulu-antpirstis-jacquard\/","title":{"rendered":"Prym \u043d\u0430\u043f\u0451\u0440\u0441\u0442\u043e\u043a \u0434\u043b\u044f  \u0436\u0430\u043a\u043a\u0430\u0440\u0434\u0430"},"content":{"rendered":"<p data-start=\"51\" data-end=\"302\">\u0423\u0434\u043e\u0431\u043d\u044b\u0439 \u0438 \u0444\u0443\u043d\u043a\u0446\u0438\u043e\u043d\u0430\u043b\u044c\u043d\u044b\u0439 <strong data-start=\"75\" data-end=\"83\">Prym<\/strong> \u043d\u0430\u043f\u0451\u0440\u0441\u0442\u043e\u043a \u043f\u0440\u0435\u0434\u043d\u0430\u0437\u043d\u0430\u0447\u0435\u043d \u0434\u043b\u044f \u0432\u044f\u0437\u0430\u043d\u0438\u044f \u0434\u0432\u0443\u0445 \u0438 \u0431\u043e\u043b\u0435\u0435 \u043d\u0438\u0442\u0435\u0439 \u043e\u0434\u043d\u043e\u0432\u0440\u0435\u043c\u0435\u043d\u043d\u043e. \u042d\u0442\u043e \u043d\u0435\u0437\u0430\u043c\u0435\u043d\u0438\u043c\u044b\u0439 \u0438\u043d\u0441\u0442\u0440\u0443\u043c\u0435\u043d\u0442 \u0434\u043b\u044f <strong data-start=\"174\" data-end=\"191\">\u0436\u0430\u043a\u043a\u0430\u0440\u0434\u043e\u0432\u044b\u0435 \u0443\u0437\u043e\u0440\u044b<\/strong> \u0438 <strong data-start=\"195\" data-end=\"221\">\u043c\u043d\u043e\u0433\u043e\u0446\u0432\u0435\u0442\u043d\u044b\u0435 \u0442\u0435\u0445\u043d\u0438\u043a\u0438<\/strong> \u043a\u043e\u0442\u043e\u0440\u044b\u0439 \u043f\u043e\u043c\u043e\u0433\u0430\u0435\u0442 \u0430\u043a\u043a\u0443\u0440\u0430\u0442\u043d\u043e \u0440\u0430\u0437\u0434\u0435\u043b\u044f\u0442\u044c \u043d\u0438\u0442\u0438 \u0438 \u043f\u043e\u0434\u0434\u0435\u0440\u0436\u0438\u0432\u0430\u0442\u044c \u0440\u0430\u0432\u043d\u043e\u043c\u0435\u0440\u043d\u043e\u0435 \u043d\u0430\u0442\u044f\u0436\u0435\u043d\u0438\u0435.<\/p>\n<p data-start=\"304\" data-end=\"417\">\u041d\u0430\u043f\u0451\u0440\u0441\u0442\u043e\u043a \u0438\u043c\u0435\u0435\u0442 \u043d\u0435\u0441\u043a\u043e\u043b\u044c\u043a\u043e \u043e\u0442\u0434\u0435\u043b\u044c\u043d\u044b\u0445 \u0436\u0435\u043b\u043e\u0431\u043a\u043e\u0432 \u0434\u043b\u044f \u043d\u0438\u0442\u043e\u043a, \u0431\u043b\u0430\u0433\u043e\u0434\u0430\u0440\u044f \u0447\u0435\u043c\u0443 \u043e\u043d\u0438 \u043d\u0435 \u0441\u043f\u0443\u0442\u044b\u0432\u0430\u044e\u0442\u0441\u044f, \u0430 \u0432\u044f\u0437\u0430\u043d\u0438\u0435 \u0441\u0442\u0430\u043d\u043e\u0432\u0438\u0442\u0441\u044f \u0433\u043b\u0430\u0434\u043a\u0438\u043c \u0438 \u043f\u0440\u0438\u044f\u0442\u043d\u044b\u043c.<\/p>\n<p data-start=\"419\" data-end=\"433\"><strong data-start=\"419\" data-end=\"431\">\u0424\u0443\u043d\u043a\u0446\u0438\u0438:<\/strong><\/p>\n<ul data-start=\"434\" data-end=\"603\">\n<li data-start=\"434\" data-end=\"487\">\n<p data-start=\"436\" data-end=\"487\">\u0414\u043b\u044f \u0436\u0430\u043a\u043a\u0430\u0440\u0434\u0430 \u0438 \u0434\u0440\u0443\u0433\u0438\u0445 \u0434\u0432\u0443\u0445\u043d\u0438\u0442\u043e\u0447\u043d\u044b\u0445 \u0442\u0435\u0445\u043d\u0438\u043a<\/p>\n<\/li>\n<li data-start=\"488\" data-end=\"534\">\n<p data-start=\"490\" data-end=\"534\">\u041f\u043e\u043c\u043e\u0433\u0430\u0435\u0442 \u043f\u043e\u0434\u0434\u0435\u0440\u0436\u0438\u0432\u0430\u0442\u044c \u043f\u043e\u0440\u044f\u0434\u043e\u043a \u0438 \u0440\u0430\u0432\u043d\u043e\u043c\u0435\u0440\u043d\u043e \u0441\u043d\u0438\u043c\u0430\u0442\u044c \u043d\u0430\u043f\u0440\u044f\u0436\u0435\u043d\u0438\u0435<\/p>\n<\/li>\n<li data-start=\"535\" data-end=\"566\">\n<p data-start=\"537\" data-end=\"566\">\u0423\u0434\u043e\u0431\u043d\u044b\u0439, \u043f\u0440\u043e\u0447\u043d\u044b\u0439 \u0438 \u043b\u0435\u0433\u043a\u0438\u0439<\/p>\n<\/li>\n<li data-start=\"567\" data-end=\"603\">\n<p data-start=\"569\" data-end=\"603\">\u041f\u043e\u0434\u0445\u043e\u0434\u0438\u0442 \u0434\u043b\u044f \u043f\u0430\u043b\u044c\u0446\u0435\u0432 \u0440\u0430\u0437\u043d\u043e\u0433\u043e \u0440\u0430\u0437\u043c\u0435\u0440\u0430.<\/p>\n<\/li>\n<\/ul>\n<p data-start=\"605\" data-end=\"638\"><strong data-start=\"605\" data-end=\"620\">\u041f\u0440\u043e\u0438\u0437\u0432\u043e\u0434\u0438\u0442\u0435\u043b\u044c:<\/strong> Prym, \u0413\u0435\u0440\u043c\u0430\u043d\u0438\u044f<\/p>\n<p data-start=\"640\" data-end=\"728\" data-is-last-node=\"\" data-is-only-node=\"\"><strong data-start=\"640\" data-end=\"652\">\u041f\u0440\u0438\u043c\u0435\u0447\u0430\u043d\u0438\u0435:<\/strong> \u0426\u0432\u0435\u0442\u043e\u0432\u044b\u0435 \u043e\u0442\u0442\u0435\u043d\u043a\u0438 \u043c\u043e\u0433\u0443\u0442 \u043d\u0435\u0437\u043d\u0430\u0447\u0438\u0442\u0435\u043b\u044c\u043d\u043e \u043e\u0442\u043b\u0438\u0447\u0430\u0442\u044c\u0441\u044f \u0432 \u0437\u0430\u0432\u0438\u0441\u0438\u043c\u043e\u0441\u0442\u0438 \u043e\u0442 \u044d\u043a\u0440\u0430\u043d\u0430 \u0432\u0430\u0448\u0435\u0433\u043e \u0443\u0441\u0442\u0440\u043e\u0439\u0441\u0442\u0432\u0430.<\/p>","protected":false},"excerpt":{"rendered":"<p>Patogus ir funkcionalus Prym antpir\u0161tis skirtas mezgimui dviem ar daugiau spalv\u0173 vienu metu. Tai nepakei\u010diamas \u012frankis \u017eakardo ra\u0161t\u0173 ir daugiapalv\u0117s technikos m\u0117g\u0117jams \u2013 padeda tvarkingai atskirti si\u016blus ir palaikyti vienod\u0105 j\u0173 \u012ftempim\u0105. Antpir\u0161tis turi kelis atskirus griovelius si\u016blams, tod\u0117l jie nesusipina ir mezgimas tampa sklandus bei malonus. Savyb\u0117s: Skirtas \u017eakardo ir kitoms dviej\u0173 si\u016bl\u0173 technikoms [&hellip;]<\/p>\n","protected":false},"featured_media":5788,"comment_status":"open","ping_status":"closed","template":"","meta":{"_acf_changed":false},"product_brand":[1072],"product_cat":[15,52,20],"product_tag":[],"pro-kategorijos":[],"class_list":{"0":"post-5784","1":"product","2":"type-product","3":"status-publish","4":"has-post-thumbnail","6":"product_brand-prym","7":"product_cat-visi-produktai","8":"product_cat-kiti-mezgimo-reikmenys","9":"product_cat-priedai-mezgimui","11":"first","12":"instock","13":"shipping-taxable","14":"purchasable","15":"product-type-simple"},"acf":[],"yoast_head":"<!-- This site is optimized with the Yoast SEO plugin v26.8 - https:\/\/yoast.com\/product\/yoast-seo-wordpress\/ -->\n<title>Prym 2 si\u016bl\u0173 antpir\u0161tis \u201eJacquard\u201c - Happyinaknit.com<\/title>\n<meta name=\"robots\" content=\"index, follow, max-snippet:-1, max-image-preview:large, max-video-preview:-1\" \/>\n<link rel=\"canonical\" href=\"https:\/\/happyinaknit.com\/ru\/product\/prym-2-siulu-antpirstis-jacquard\/\" \/>\n<meta property=\"og:locale\" content=\"ru_RU\" \/>\n<meta property=\"og:type\" content=\"article\" \/>\n<meta property=\"og:title\" content=\"Prym 2 si\u016bl\u0173 antpir\u0161tis \u201eJacquard\u201c - Happyinaknit.com\" \/>\n<meta property=\"og:description\" content=\"Patogus ir funkcionalus Prym antpir\u0161tis skirtas mezgimui dviem ar daugiau spalv\u0173 vienu metu. Tai nepakei\u010diamas \u012frankis \u017eakardo ra\u0161t\u0173 ir daugiapalv\u0117s technikos m\u0117g\u0117jams \u2013 padeda tvarkingai atskirti si\u016blus ir palaikyti vienod\u0105 j\u0173 \u012ftempim\u0105. Antpir\u0161tis turi kelis atskirus griovelius si\u016blams, tod\u0117l jie nesusipina ir mezgimas tampa sklandus bei malonus. Savyb\u0117s: Skirtas \u017eakardo ir kitoms dviej\u0173 si\u016bl\u0173 technikoms [&hellip;]\" \/>\n<meta property=\"og:url\" content=\"https:\/\/happyinaknit.com\/ru\/product\/prym-2-siulu-antpirstis-jacquard\/\" \/>\n<meta property=\"og:site_name\" content=\"Happyinaknit.com\" \/>\n<meta property=\"article:modified_time\" content=\"2025-10-18T12:07:32+00:00\" \/>\n<meta property=\"og:image\" content=\"https:\/\/happyinaknit.com\/wp-content\/uploads\/2025\/10\/item-17500159-0-2022-01-28.webp\" \/>\n\t<meta property=\"og:image:width\" content=\"550\" \/>\n\t<meta property=\"og:image:height\" content=\"683\" \/>\n\t<meta property=\"og:image:type\" content=\"image\/webp\" \/>\n<meta name=\"twitter:card\" content=\"summary_large_image\" \/>\n<script type=\"application\/ld+json\" class=\"yoast-schema-graph\">{\"@context\":\"https:\/\/schema.org\",\"@graph\":[{\"@type\":\"WebPage\",\"@id\":\"https:\/\/happyinaknit.com\/produktas\/prym-2-siulu-antpirstis-jacquard\/\",\"url\":\"https:\/\/happyinaknit.com\/produktas\/prym-2-siulu-antpirstis-jacquard\/\",\"name\":\"Prym 2 si\u016bl\u0173 antpir\u0161tis \u201eJacquard\u201c - Happyinaknit.com\",\"isPartOf\":{\"@id\":\"https:\/\/happyinaknit.com\/lt\/#website\"},\"primaryImageOfPage\":{\"@id\":\"https:\/\/happyinaknit.com\/produktas\/prym-2-siulu-antpirstis-jacquard\/#primaryimage\"},\"image\":{\"@id\":\"https:\/\/happyinaknit.com\/produktas\/prym-2-siulu-antpirstis-jacquard\/#primaryimage\"},\"thumbnailUrl\":\"https:\/\/happyinaknit.com\/wp-content\/uploads\/2025\/10\/item-17500159-0-2022-01-28.webp\",\"datePublished\":\"2025-10-18T12:07:31+00:00\",\"dateModified\":\"2025-10-18T12:07:32+00:00\",\"breadcrumb\":{\"@id\":\"https:\/\/happyinaknit.com\/produktas\/prym-2-siulu-antpirstis-jacquard\/#breadcrumb\"},\"inLanguage\":\"ru-RU\",\"potentialAction\":[{\"@type\":\"ReadAction\",\"target\":[\"https:\/\/happyinaknit.com\/produktas\/prym-2-siulu-antpirstis-jacquard\/\"]}]},{\"@type\":\"ImageObject\",\"inLanguage\":\"ru-RU\",\"@id\":\"https:\/\/happyinaknit.com\/produktas\/prym-2-siulu-antpirstis-jacquard\/#primaryimage\",\"url\":\"https:\/\/happyinaknit.com\/wp-content\/uploads\/2025\/10\/item-17500159-0-2022-01-28.webp\",\"contentUrl\":\"https:\/\/happyinaknit.com\/wp-content\/uploads\/2025\/10\/item-17500159-0-2022-01-28.webp\",\"width\":550,\"height\":683},{\"@type\":\"BreadcrumbList\",\"@id\":\"https:\/\/happyinaknit.com\/produktas\/prym-2-siulu-antpirstis-jacquard\/#breadcrumb\",\"itemListElement\":[{\"@type\":\"ListItem\",\"position\":1,\"name\":\"Home\",\"item\":\"https:\/\/happyinaknit.com\/lt\/\"},{\"@type\":\"ListItem\",\"position\":2,\"name\":\"Parduotuv\u0117\",\"item\":\"https:\/\/happyinaknit.com\/lt\/parduotuve\/\"},{\"@type\":\"ListItem\",\"position\":3,\"name\":\"Prym 2 si\u016bl\u0173 antpir\u0161tis \u201eJacquard\u201c\"}]},{\"@type\":\"WebSite\",\"@id\":\"https:\/\/happyinaknit.com\/lt\/#website\",\"url\":\"https:\/\/happyinaknit.com\/lt\/\",\"name\":\"Happyinaknit.com\",\"description\":\"\",\"potentialAction\":[{\"@type\":\"SearchAction\",\"target\":{\"@type\":\"EntryPoint\",\"urlTemplate\":\"https:\/\/happyinaknit.com\/lt\/?s={search_term_string}\"},\"query-input\":{\"@type\":\"PropertyValueSpecification\",\"valueRequired\":true,\"valueName\":\"search_term_string\"}}],\"inLanguage\":\"ru-RU\"}]}<\/script>\n<!-- \/ Yoast SEO plugin. -->","yoast_head_json":{"title":"Prym 2 si\u016bl\u0173 antpir\u0161tis \u201eJacquard\u201c - Happyinaknit.com","robots":{"index":"index","follow":"follow","max-snippet":"max-snippet:-1","max-image-preview":"max-image-preview:large","max-video-preview":"max-video-preview:-1"},"canonical":"https:\/\/happyinaknit.com\/ru\/product\/prym-2-siulu-antpirstis-jacquard\/","og_locale":"ru_RU","og_type":"article","og_title":"Prym 2 si\u016bl\u0173 antpir\u0161tis \u201eJacquard\u201c - Happyinaknit.com","og_description":"Patogus ir funkcionalus Prym antpir\u0161tis skirtas mezgimui dviem ar daugiau spalv\u0173 vienu metu. Tai nepakei\u010diamas \u012frankis \u017eakardo ra\u0161t\u0173 ir daugiapalv\u0117s technikos m\u0117g\u0117jams \u2013 padeda tvarkingai atskirti si\u016blus ir palaikyti vienod\u0105 j\u0173 \u012ftempim\u0105. Antpir\u0161tis turi kelis atskirus griovelius si\u016blams, tod\u0117l jie nesusipina ir mezgimas tampa sklandus bei malonus. Savyb\u0117s: Skirtas \u017eakardo ir kitoms dviej\u0173 si\u016bl\u0173 technikoms [&hellip;]","og_url":"https:\/\/happyinaknit.com\/ru\/product\/prym-2-siulu-antpirstis-jacquard\/","og_site_name":"Happyinaknit.com","article_modified_time":"2025-10-18T12:07:32+00:00","og_image":[{"width":550,"height":683,"url":"https:\/\/happyinaknit.com\/wp-content\/uploads\/2025\/10\/item-17500159-0-2022-01-28.webp","type":"image\/webp"}],"twitter_card":"summary_large_image","schema":{"@context":"https:\/\/schema.org","@graph":[{"@type":"WebPage","@id":"https:\/\/happyinaknit.com\/produktas\/prym-2-siulu-antpirstis-jacquard\/","url":"https:\/\/happyinaknit.com\/produktas\/prym-2-siulu-antpirstis-jacquard\/","name":"Prym 2 si\u016bl\u0173 antpir\u0161tis \u201eJacquard\u201c - Happyinaknit.com","isPartOf":{"@id":"https:\/\/happyinaknit.com\/lt\/#website"},"primaryImageOfPage":{"@id":"https:\/\/happyinaknit.com\/produktas\/prym-2-siulu-antpirstis-jacquard\/#primaryimage"},"image":{"@id":"https:\/\/happyinaknit.com\/produktas\/prym-2-siulu-antpirstis-jacquard\/#primaryimage"},"thumbnailUrl":"https:\/\/happyinaknit.com\/wp-content\/uploads\/2025\/10\/item-17500159-0-2022-01-28.webp","datePublished":"2025-10-18T12:07:31+00:00","dateModified":"2025-10-18T12:07:32+00:00","breadcrumb":{"@id":"https:\/\/happyinaknit.com\/produktas\/prym-2-siulu-antpirstis-jacquard\/#breadcrumb"},"inLanguage":"ru-RU","potentialAction":[{"@type":"ReadAction","target":["https:\/\/happyinaknit.com\/produktas\/prym-2-siulu-antpirstis-jacquard\/"]}]},{"@type":"ImageObject","inLanguage":"ru-RU","@id":"https:\/\/happyinaknit.com\/produktas\/prym-2-siulu-antpirstis-jacquard\/#primaryimage","url":"https:\/\/happyinaknit.com\/wp-content\/uploads\/2025\/10\/item-17500159-0-2022-01-28.webp","contentUrl":"https:\/\/happyinaknit.com\/wp-content\/uploads\/2025\/10\/item-17500159-0-2022-01-28.webp","width":550,"height":683},{"@type":"BreadcrumbList","@id":"https:\/\/happyinaknit.com\/produktas\/prym-2-siulu-antpirstis-jacquard\/#breadcrumb","itemListElement":[{"@type":"ListItem","position":1,"name":"Home","item":"https:\/\/happyinaknit.com\/lt\/"},{"@type":"ListItem","position":2,"name":"Parduotuv\u0117","item":"https:\/\/happyinaknit.com\/lt\/parduotuve\/"},{"@type":"ListItem","position":3,"name":"Prym 2 si\u016bl\u0173 antpir\u0161tis \u201eJacquard\u201c"}]},{"@type":"WebSite","@id":"https:\/\/happyinaknit.com\/lt\/#website","url":"https:\/\/happyinaknit.com\/lt\/","name":"Happyinaknit.com","description":"","potentialAction":[{"@type":"SearchAction","target":{"@type":"EntryPoint","urlTemplate":"https:\/\/happyinaknit.com\/lt\/?s={search_term_string}"},"query-input":{"@type":"PropertyValueSpecification","valueRequired":true,"valueName":"search_term_string"}}],"inLanguage":"ru-RU"}]}},"_links":{"self":[{"href":"https:\/\/happyinaknit.com\/ru\/wp-json\/wp\/v2\/product\/5784","targetHints":{"allow":["GET"]}}],"collection":[{"href":"https:\/\/happyinaknit.com\/ru\/wp-json\/wp\/v2\/product"}],"about":[{"href":"https:\/\/happyinaknit.com\/ru\/wp-json\/wp\/v2\/types\/product"}],"replies":[{"embeddable":true,"href":"https:\/\/happyinaknit.com\/ru\/wp-json\/wp\/v2\/comments?post=5784"}],"wp:featuredmedia":[{"embeddable":true,"href":"https:\/\/happyinaknit.com\/ru\/wp-json\/wp\/v2\/media\/5788"}],"wp:attachment":[{"href":"https:\/\/happyinaknit.com\/ru\/wp-json\/wp\/v2\/media?parent=5784"}],"wp:term":[{"taxonomy":"product_brand","embeddable":true,"href":"https:\/\/happyinaknit.com\/ru\/wp-json\/wp\/v2\/product_brand?post=5784"},{"taxonomy":"product_cat","embeddable":true,"href":"https:\/\/happyinaknit.com\/ru\/wp-json\/wp\/v2\/product_cat?post=5784"},{"taxonomy":"product_tag","embeddable":true,"href":"https:\/\/happyinaknit.com\/ru\/wp-json\/wp\/v2\/product_tag?post=5784"},{"taxonomy":"pro-kategorijos","embeddable":true,"href":"https:\/\/happyinaknit.com\/ru\/wp-json\/wp\/v2\/pro-kategorijos?post=5784"}],"curies":[{"name":"wp","href":"https:\/\/api.w.org\/{rel}","templated":true}]}}