{"id":5773,"date":"2025-10-18T11:30:09","date_gmt":"2025-10-18T11:30:09","guid":{"rendered":"https:\/\/happyinaknit.com\/?post_type=product&#038;p=5773"},"modified":"2026-02-01T21:42:03","modified_gmt":"2026-02-01T21:42:03","slug":"prym-kliju-piestukas-aqua-marker","status":"publish","type":"product","link":"https:\/\/happyinaknit.com\/ru\/product\/prym-kliju-piestukas-aqua-marker\/","title":{"rendered":"Prym \"Aqua Marker\" \u043a\u043b\u0435\u0439-\u043a\u0430\u0440\u0430\u043d\u0434\u0430\u0448"},"content":{"rendered":"<p data-start=\"42\" data-end=\"291\">\u041a\u043b\u0435\u0439-\u043a\u0430\u0440\u0430\u043d\u0434\u0430\u0448 <strong data-start=\"58\" data-end=\"78\">Prym \"Aqua Marker\"<\/strong> \u043f\u0440\u0435\u0434\u043d\u0430\u0437\u043d\u0430\u0447\u0435\u043d \u0434\u043b\u044f \u0432\u0440\u0435\u043c\u0435\u043d\u043d\u043e\u0439 \u0444\u0438\u043a\u0441\u0430\u0446\u0438\u0438 \u0440\u0430\u0437\u043b\u0438\u0447\u043d\u044b\u0445 \u0448\u0432\u0435\u0439\u043d\u044b\u0445 \u0438 \u0440\u0443\u043a\u043e\u0434\u0435\u043b\u044c\u043d\u044b\u0445 \u0434\u0435\u0442\u0430\u043b\u0435\u0439 \u2014 \u043a\u0440\u0443\u0436\u0435\u0432\u0430, \u043c\u043e\u043b\u043d\u0438\u0439, \u0440\u0430\u0444\u0438\u0438 \u0438 \u0434\u0440\u0443\u0433\u0438\u0445 \u0434\u0435\u043a\u043e\u0440\u0430\u0442\u0438\u0432\u043d\u044b\u0445 \u043b\u0435\u043d\u0442. \u041d\u0435\u0437\u0430\u043c\u0435\u043d\u0438\u043c\u044b\u0439 \u043f\u043e\u043c\u043e\u0449\u043d\u0438\u043a \u043a\u0430\u043a \u043f\u0440\u0438 \u0440\u0443\u0447\u043d\u043e\u043c, \u0442\u0430\u043a \u0438 \u043f\u0440\u0438 \u043c\u0430\u0448\u0438\u043d\u043d\u043e\u043c \u0448\u0438\u0442\u044c\u0435.<\/p>\n<p data-start=\"293\" data-end=\"489\">\u041a\u043b\u0435\u0439 \u0438\u0437\u043d\u0430\u0447\u0430\u043b\u044c\u043d\u043e \u0438\u043c\u0435\u0435\u0442 <strong data-start=\"316\" data-end=\"345\">\u043c\u044f\u0433\u043a\u0438\u0439 \u0436\u0435\u043b\u0442\u044b\u0439 \u043e\u0442\u0442\u0435\u043d\u043e\u043a<\/strong>, \u043f\u043e\u044d\u0442\u043e\u043c\u0443 \u043e\u0431\u0440\u0430\u0431\u043e\u0442\u0430\u043d\u043d\u0430\u044f \u043e\u0431\u043b\u0430\u0441\u0442\u044c \u0445\u043e\u0440\u043e\u0448\u043e \u0432\u0438\u0434\u043d\u0430. \u041f\u043e\u0441\u043b\u0435 \u0432\u044b\u0441\u044b\u0445\u0430\u043d\u0438\u044f \u0446\u0432\u0435\u0442 \u043f\u043e\u043b\u043d\u043e\u0441\u0442\u044c\u044e <strong data-start=\"413\" data-end=\"425\">\u0438\u0441\u0447\u0435\u0437\u0430\u0435\u0442<\/strong>, \u0438 \u043a\u043b\u0435\u0439 \u0441\u0442\u0430\u043d\u043e\u0432\u0438\u0442\u0441\u044f <strong data-start=\"442\" data-end=\"486\">\u043f\u0440\u043e\u0437\u0440\u0430\u0447\u043d\u044b\u0439 \u0438 \u043f\u043e\u043b\u043d\u043e\u0441\u0442\u044c\u044e \u0441\u043c\u044b\u0432\u0430\u0435\u043c\u044b\u0439 \u0432\u043e\u0434\u043e\u0439<\/strong>.<\/p>\n<p data-start=\"491\" data-end=\"505\"><strong data-start=\"491\" data-end=\"503\">\u0424\u0443\u043d\u043a\u0446\u0438\u0438:<\/strong><\/p>\n<ul data-start=\"506\" data-end=\"758\">\n<li data-start=\"506\" data-end=\"574\">\n<p data-start=\"508\" data-end=\"574\">\u041f\u043e\u0434\u0445\u043e\u0434\u0438\u0442 \u0434\u043b\u044f \u043a\u0440\u0435\u043f\u043b\u0435\u043d\u0438\u044f \u043a\u0440\u0443\u0436\u0435\u0432\u0430, \u043b\u0435\u043d\u0442, \u043c\u043e\u043b\u043d\u0438\u0439, \u0440\u0430\u0444\u0438\u0438 \u0438 \u0442. \u0434.<\/p>\n<\/li>\n<li data-start=\"575\" data-end=\"625\">\n<p data-start=\"577\" data-end=\"625\">\u0416\u0435\u043b\u0442\u044b\u0439 \u043e\u0442\u0442\u0435\u043d\u043e\u043a \u043f\u043e\u043c\u043e\u0433\u0430\u0435\u0442 \u0443\u0432\u0438\u0434\u0435\u0442\u044c \u043e\u0431\u0440\u0430\u0431\u043e\u0442\u0430\u043d\u043d\u0443\u044e \u043e\u0431\u043b\u0430\u0441\u0442\u044c<\/p>\n<\/li>\n<li data-start=\"626\" data-end=\"669\">\n<p data-start=\"628\" data-end=\"669\">\u041f\u043e\u0441\u043b\u0435 \u0432\u044b\u0441\u044b\u0445\u0430\u043d\u0438\u044f \u043a\u043b\u0435\u0439 \u0441\u0442\u0430\u043d\u043e\u0432\u0438\u0442\u0441\u044f \u043f\u043e\u043b\u043d\u043e\u0441\u0442\u044c\u044e \u043f\u0440\u043e\u0437\u0440\u0430\u0447\u043d\u044b\u043c.<\/p>\n<\/li>\n<li data-start=\"670\" data-end=\"701\">\n<p data-start=\"672\" data-end=\"701\">\u041b\u0435\u0433\u043a\u043e \u0441\u043c\u044b\u0432\u0430\u0435\u0442\u0441\u044f \u0432\u043e\u0434\u043e\u0439.<\/p>\n<\/li>\n<li data-start=\"702\" data-end=\"758\">\n<p data-start=\"704\" data-end=\"758\">\u041c\u043e\u0436\u043d\u043e \u0437\u0430\u043f\u0440\u0430\u0432\u043b\u044f\u0442\u044c \u0437\u0430\u043f\u0430\u0441\u043d\u044b\u043c \u043a\u0430\u0440\u0442\u0440\u0438\u0434\u0436\u0435\u043c \u0441 \u043a\u043b\u0435\u0435\u043c (<em data-start=\"747\" data-end=\"755\">refill<\/em>)<\/p>\n<\/li>\n<\/ul>\n<p data-start=\"760\" data-end=\"793\"><strong data-start=\"760\" data-end=\"775\">\u041f\u0440\u043e\u0438\u0437\u0432\u043e\u0434\u0438\u0442\u0435\u043b\u044c:<\/strong> Prym, \u0413\u0435\u0440\u043c\u0430\u043d\u0438\u044f<\/p>\n<p data-start=\"795\" data-end=\"883\" data-is-last-node=\"\" data-is-only-node=\"\"><strong data-start=\"795\" data-end=\"807\">\u041f\u0440\u0438\u043c\u0435\u0447\u0430\u043d\u0438\u0435:<\/strong> \u0426\u0432\u0435\u0442\u043e\u0432\u044b\u0435 \u043e\u0442\u0442\u0435\u043d\u043a\u0438 \u043c\u043e\u0433\u0443\u0442 \u043d\u0435\u0437\u043d\u0430\u0447\u0438\u0442\u0435\u043b\u044c\u043d\u043e \u043e\u0442\u043b\u0438\u0447\u0430\u0442\u044c\u0441\u044f \u0432 \u0437\u0430\u0432\u0438\u0441\u0438\u043c\u043e\u0441\u0442\u0438 \u043e\u0442 \u044d\u043a\u0440\u0430\u043d\u0430 \u0432\u0430\u0448\u0435\u0433\u043e \u0443\u0441\u0442\u0440\u043e\u0439\u0441\u0442\u0432\u0430.<\/p>","protected":false},"excerpt":{"rendered":"<p>Klij\u0173 pie\u0161tukas Prym Aqua Marker skirtas laikinai fiksuoti \u012fvairias siuvimo ir rankdarbi\u0173 detales \u2013 n\u0117rinius, u\u017etrauktukus, rafij\u0105 ir kitas dekoratyvines juosteles. Tai nepakei\u010diamas pagalbininkas tiek siuvant rankomis, tiek ma\u0161ina. Klijai i\u0161 prad\u017ei\u0173 turi \u0161velniai gelton\u0105 atspalv\u012f, tod\u0117l ai\u0161kiai matosi u\u017etepta vieta. Po i\u0161d\u017ei\u016bvimo spalva visi\u0161kai i\u0161nyksta, o klijai tampa skaidr\u016bs ir visi\u0161kai i\u0161siplauna vandeniu. Savyb\u0117s: [&hellip;]<\/p>\n","protected":false},"featured_media":5774,"comment_status":"open","ping_status":"closed","template":"","meta":{"_acf_changed":false},"product_brand":[1072],"product_cat":[15,1083,20],"product_tag":[],"pro-kategorijos":[],"class_list":{"0":"post-5773","1":"product","2":"type-product","3":"status-publish","4":"has-post-thumbnail","6":"product_brand-prym","7":"product_cat-visi-produktai","8":"product_cat-lateksasklijai","9":"product_cat-priedai-mezgimui","11":"first","12":"instock","13":"shipping-taxable","14":"purchasable","15":"product-type-simple"},"acf":[],"yoast_head":"<!-- This site is optimized with the Yoast SEO plugin v26.8 - https:\/\/yoast.com\/product\/yoast-seo-wordpress\/ -->\n<title>Prym klij\u0173 pie\u0161tukas \u201eAqua Marker\u201c - Happyinaknit.com<\/title>\n<meta name=\"robots\" content=\"index, follow, max-snippet:-1, max-image-preview:large, max-video-preview:-1\" \/>\n<link rel=\"canonical\" href=\"https:\/\/happyinaknit.com\/ru\/product\/prym-kliju-piestukas-aqua-marker\/\" \/>\n<meta property=\"og:locale\" content=\"ru_RU\" \/>\n<meta property=\"og:type\" content=\"article\" \/>\n<meta property=\"og:title\" content=\"Prym klij\u0173 pie\u0161tukas \u201eAqua Marker\u201c - Happyinaknit.com\" \/>\n<meta property=\"og:description\" content=\"Klij\u0173 pie\u0161tukas Prym Aqua Marker skirtas laikinai fiksuoti \u012fvairias siuvimo ir rankdarbi\u0173 detales \u2013 n\u0117rinius, u\u017etrauktukus, rafij\u0105 ir kitas dekoratyvines juosteles. Tai nepakei\u010diamas pagalbininkas tiek siuvant rankomis, tiek ma\u0161ina. Klijai i\u0161 prad\u017ei\u0173 turi \u0161velniai gelton\u0105 atspalv\u012f, tod\u0117l ai\u0161kiai matosi u\u017etepta vieta. Po i\u0161d\u017ei\u016bvimo spalva visi\u0161kai i\u0161nyksta, o klijai tampa skaidr\u016bs ir visi\u0161kai i\u0161siplauna vandeniu. Savyb\u0117s: [&hellip;]\" \/>\n<meta property=\"og:url\" content=\"https:\/\/happyinaknit.com\/ru\/product\/prym-kliju-piestukas-aqua-marker\/\" \/>\n<meta property=\"og:site_name\" content=\"Happyinaknit.com\" \/>\n<meta property=\"article:modified_time\" content=\"2026-02-01T21:42:03+00:00\" \/>\n<meta property=\"og:image\" content=\"https:\/\/happyinaknit.com\/wp-content\/uploads\/2025\/10\/1qe27frksyupvhbwwp50cuuvit8krsfr.jpeg\" \/>\n\t<meta property=\"og:image:width\" content=\"1280\" \/>\n\t<meta property=\"og:image:height\" content=\"1280\" \/>\n\t<meta property=\"og:image:type\" content=\"image\/jpeg\" \/>\n<meta name=\"twitter:card\" content=\"summary_large_image\" \/>\n<meta name=\"twitter:label1\" content=\"\u041f\u0440\u0438\u043c\u0435\u0440\u043d\u043e\u0435 \u0432\u0440\u0435\u043c\u044f \u0434\u043b\u044f \u0447\u0442\u0435\u043d\u0438\u044f\" \/>\n\t<meta name=\"twitter:data1\" content=\"1 \u043c\u0438\u043d\u0443\u0442\u0430\" \/>\n<script type=\"application\/ld+json\" class=\"yoast-schema-graph\">{\"@context\":\"https:\/\/schema.org\",\"@graph\":[{\"@type\":\"WebPage\",\"@id\":\"https:\/\/happyinaknit.com\/produktas\/prym-kliju-piestukas-aqua-marker\/\",\"url\":\"https:\/\/happyinaknit.com\/produktas\/prym-kliju-piestukas-aqua-marker\/\",\"name\":\"Prym klij\u0173 pie\u0161tukas \u201eAqua Marker\u201c - Happyinaknit.com\",\"isPartOf\":{\"@id\":\"https:\/\/happyinaknit.com\/lt\/#website\"},\"primaryImageOfPage\":{\"@id\":\"https:\/\/happyinaknit.com\/produktas\/prym-kliju-piestukas-aqua-marker\/#primaryimage\"},\"image\":{\"@id\":\"https:\/\/happyinaknit.com\/produktas\/prym-kliju-piestukas-aqua-marker\/#primaryimage\"},\"thumbnailUrl\":\"https:\/\/happyinaknit.com\/wp-content\/uploads\/2025\/10\/1qe27frksyupvhbwwp50cuuvit8krsfr.jpeg\",\"datePublished\":\"2025-10-18T11:30:09+00:00\",\"dateModified\":\"2026-02-01T21:42:03+00:00\",\"breadcrumb\":{\"@id\":\"https:\/\/happyinaknit.com\/produktas\/prym-kliju-piestukas-aqua-marker\/#breadcrumb\"},\"inLanguage\":\"ru-RU\",\"potentialAction\":[{\"@type\":\"ReadAction\",\"target\":[\"https:\/\/happyinaknit.com\/produktas\/prym-kliju-piestukas-aqua-marker\/\"]}]},{\"@type\":\"ImageObject\",\"inLanguage\":\"ru-RU\",\"@id\":\"https:\/\/happyinaknit.com\/produktas\/prym-kliju-piestukas-aqua-marker\/#primaryimage\",\"url\":\"https:\/\/happyinaknit.com\/wp-content\/uploads\/2025\/10\/1qe27frksyupvhbwwp50cuuvit8krsfr.jpeg\",\"contentUrl\":\"https:\/\/happyinaknit.com\/wp-content\/uploads\/2025\/10\/1qe27frksyupvhbwwp50cuuvit8krsfr.jpeg\",\"width\":1280,\"height\":1280},{\"@type\":\"BreadcrumbList\",\"@id\":\"https:\/\/happyinaknit.com\/produktas\/prym-kliju-piestukas-aqua-marker\/#breadcrumb\",\"itemListElement\":[{\"@type\":\"ListItem\",\"position\":1,\"name\":\"Home\",\"item\":\"https:\/\/happyinaknit.com\/lt\/\"},{\"@type\":\"ListItem\",\"position\":2,\"name\":\"Parduotuv\u0117\",\"item\":\"https:\/\/happyinaknit.com\/lt\/parduotuve\/\"},{\"@type\":\"ListItem\",\"position\":3,\"name\":\"Prym klij\u0173 pie\u0161tukas \u201eAqua Marker\u201c\"}]},{\"@type\":\"WebSite\",\"@id\":\"https:\/\/happyinaknit.com\/lt\/#website\",\"url\":\"https:\/\/happyinaknit.com\/lt\/\",\"name\":\"Happyinaknit.com\",\"description\":\"\",\"potentialAction\":[{\"@type\":\"SearchAction\",\"target\":{\"@type\":\"EntryPoint\",\"urlTemplate\":\"https:\/\/happyinaknit.com\/lt\/?s={search_term_string}\"},\"query-input\":{\"@type\":\"PropertyValueSpecification\",\"valueRequired\":true,\"valueName\":\"search_term_string\"}}],\"inLanguage\":\"ru-RU\"}]}<\/script>\n<!-- \/ Yoast SEO plugin. -->","yoast_head_json":{"title":"Prym klij\u0173 pie\u0161tukas \u201eAqua Marker\u201c - Happyinaknit.com","robots":{"index":"index","follow":"follow","max-snippet":"max-snippet:-1","max-image-preview":"max-image-preview:large","max-video-preview":"max-video-preview:-1"},"canonical":"https:\/\/happyinaknit.com\/ru\/product\/prym-kliju-piestukas-aqua-marker\/","og_locale":"ru_RU","og_type":"article","og_title":"Prym klij\u0173 pie\u0161tukas \u201eAqua Marker\u201c - Happyinaknit.com","og_description":"Klij\u0173 pie\u0161tukas Prym Aqua Marker skirtas laikinai fiksuoti \u012fvairias siuvimo ir rankdarbi\u0173 detales \u2013 n\u0117rinius, u\u017etrauktukus, rafij\u0105 ir kitas dekoratyvines juosteles. Tai nepakei\u010diamas pagalbininkas tiek siuvant rankomis, tiek ma\u0161ina. Klijai i\u0161 prad\u017ei\u0173 turi \u0161velniai gelton\u0105 atspalv\u012f, tod\u0117l ai\u0161kiai matosi u\u017etepta vieta. Po i\u0161d\u017ei\u016bvimo spalva visi\u0161kai i\u0161nyksta, o klijai tampa skaidr\u016bs ir visi\u0161kai i\u0161siplauna vandeniu. Savyb\u0117s: [&hellip;]","og_url":"https:\/\/happyinaknit.com\/ru\/product\/prym-kliju-piestukas-aqua-marker\/","og_site_name":"Happyinaknit.com","article_modified_time":"2026-02-01T21:42:03+00:00","og_image":[{"width":1280,"height":1280,"url":"https:\/\/happyinaknit.com\/wp-content\/uploads\/2025\/10\/1qe27frksyupvhbwwp50cuuvit8krsfr.jpeg","type":"image\/jpeg"}],"twitter_card":"summary_large_image","twitter_misc":{"\u041f\u0440\u0438\u043c\u0435\u0440\u043d\u043e\u0435 \u0432\u0440\u0435\u043c\u044f \u0434\u043b\u044f \u0447\u0442\u0435\u043d\u0438\u044f":"1 \u043c\u0438\u043d\u0443\u0442\u0430"},"schema":{"@context":"https:\/\/schema.org","@graph":[{"@type":"WebPage","@id":"https:\/\/happyinaknit.com\/produktas\/prym-kliju-piestukas-aqua-marker\/","url":"https:\/\/happyinaknit.com\/produktas\/prym-kliju-piestukas-aqua-marker\/","name":"Prym klij\u0173 pie\u0161tukas \u201eAqua Marker\u201c - Happyinaknit.com","isPartOf":{"@id":"https:\/\/happyinaknit.com\/lt\/#website"},"primaryImageOfPage":{"@id":"https:\/\/happyinaknit.com\/produktas\/prym-kliju-piestukas-aqua-marker\/#primaryimage"},"image":{"@id":"https:\/\/happyinaknit.com\/produktas\/prym-kliju-piestukas-aqua-marker\/#primaryimage"},"thumbnailUrl":"https:\/\/happyinaknit.com\/wp-content\/uploads\/2025\/10\/1qe27frksyupvhbwwp50cuuvit8krsfr.jpeg","datePublished":"2025-10-18T11:30:09+00:00","dateModified":"2026-02-01T21:42:03+00:00","breadcrumb":{"@id":"https:\/\/happyinaknit.com\/produktas\/prym-kliju-piestukas-aqua-marker\/#breadcrumb"},"inLanguage":"ru-RU","potentialAction":[{"@type":"ReadAction","target":["https:\/\/happyinaknit.com\/produktas\/prym-kliju-piestukas-aqua-marker\/"]}]},{"@type":"ImageObject","inLanguage":"ru-RU","@id":"https:\/\/happyinaknit.com\/produktas\/prym-kliju-piestukas-aqua-marker\/#primaryimage","url":"https:\/\/happyinaknit.com\/wp-content\/uploads\/2025\/10\/1qe27frksyupvhbwwp50cuuvit8krsfr.jpeg","contentUrl":"https:\/\/happyinaknit.com\/wp-content\/uploads\/2025\/10\/1qe27frksyupvhbwwp50cuuvit8krsfr.jpeg","width":1280,"height":1280},{"@type":"BreadcrumbList","@id":"https:\/\/happyinaknit.com\/produktas\/prym-kliju-piestukas-aqua-marker\/#breadcrumb","itemListElement":[{"@type":"ListItem","position":1,"name":"Home","item":"https:\/\/happyinaknit.com\/lt\/"},{"@type":"ListItem","position":2,"name":"Parduotuv\u0117","item":"https:\/\/happyinaknit.com\/lt\/parduotuve\/"},{"@type":"ListItem","position":3,"name":"Prym klij\u0173 pie\u0161tukas \u201eAqua Marker\u201c"}]},{"@type":"WebSite","@id":"https:\/\/happyinaknit.com\/lt\/#website","url":"https:\/\/happyinaknit.com\/lt\/","name":"Happyinaknit.com","description":"","potentialAction":[{"@type":"SearchAction","target":{"@type":"EntryPoint","urlTemplate":"https:\/\/happyinaknit.com\/lt\/?s={search_term_string}"},"query-input":{"@type":"PropertyValueSpecification","valueRequired":true,"valueName":"search_term_string"}}],"inLanguage":"ru-RU"}]}},"_links":{"self":[{"href":"https:\/\/happyinaknit.com\/ru\/wp-json\/wp\/v2\/product\/5773","targetHints":{"allow":["GET"]}}],"collection":[{"href":"https:\/\/happyinaknit.com\/ru\/wp-json\/wp\/v2\/product"}],"about":[{"href":"https:\/\/happyinaknit.com\/ru\/wp-json\/wp\/v2\/types\/product"}],"replies":[{"embeddable":true,"href":"https:\/\/happyinaknit.com\/ru\/wp-json\/wp\/v2\/comments?post=5773"}],"wp:featuredmedia":[{"embeddable":true,"href":"https:\/\/happyinaknit.com\/ru\/wp-json\/wp\/v2\/media\/5774"}],"wp:attachment":[{"href":"https:\/\/happyinaknit.com\/ru\/wp-json\/wp\/v2\/media?parent=5773"}],"wp:term":[{"taxonomy":"product_brand","embeddable":true,"href":"https:\/\/happyinaknit.com\/ru\/wp-json\/wp\/v2\/product_brand?post=5773"},{"taxonomy":"product_cat","embeddable":true,"href":"https:\/\/happyinaknit.com\/ru\/wp-json\/wp\/v2\/product_cat?post=5773"},{"taxonomy":"product_tag","embeddable":true,"href":"https:\/\/happyinaknit.com\/ru\/wp-json\/wp\/v2\/product_tag?post=5773"},{"taxonomy":"pro-kategorijos","embeddable":true,"href":"https:\/\/happyinaknit.com\/ru\/wp-json\/wp\/v2\/pro-kategorijos?post=5773"}],"curies":[{"name":"wp","href":"https:\/\/api.w.org\/{rel}","templated":true}]}}