{"id":5763,"date":"2025-10-17T23:48:58","date_gmt":"2025-10-17T23:48:58","guid":{"rendered":"https:\/\/happyinaknit.com\/?post_type=product&#038;p=5763"},"modified":"2026-03-02T21:55:24","modified_gmt":"2026-03-02T21:55:24","slug":"clover-antpirstis-jacquard","status":"publish","type":"product","link":"https:\/\/happyinaknit.com\/ru\/product\/clover-antpirstis-jacquard\/","title":{"rendered":"Clover \u043d\u0430\u043f\u0435\u0440\u0441\u0442\u043e\u043a  \u201eJacquard\u201c"},"content":{"rendered":"<p data-start=\"53\" data-end=\"334\">\u0423\u0434\u043e\u0431\u043d\u044b\u0439 <strong data-start=\"61\" data-end=\"71\">Clover<\/strong> \u043d\u0430\u043f\u0451\u0440\u0441\u0442\u043e\u043a \u043f\u0440\u0435\u0434\u043d\u0430\u0437\u043d\u0430\u0447\u0435\u043d \u0434\u043b\u044f \u0443\u0434\u043e\u0431\u043d\u043e\u0433\u043e \u0443\u043f\u0440\u0430\u0432\u043b\u0435\u043d\u0438\u044f \u043f\u0440\u044f\u0436\u0435\u0439 \u0438 \u043f\u0440\u0435\u0434\u043e\u0442\u0432\u0440\u0430\u0449\u0435\u043d\u0438\u044f \u0435\u0451 \u0441\u043f\u0443\u0442\u044b\u0432\u0430\u043d\u0438\u044f \u043f\u0440\u0438 \u0432\u044f\u0437\u0430\u043d\u0438\u0438 \u043f\u0440\u044f\u0436\u0430\u043c\u0438 \u0434\u0432\u0443\u0445 \u0438\u043b\u0438 \u0442\u0440\u0451\u0445 \u0446\u0432\u0435\u0442\u043e\u0432. \u042d\u0442\u043e \u043d\u0435\u0437\u0430\u043c\u0435\u043d\u0438\u043c\u044b\u0439 \u0438\u043d\u0441\u0442\u0440\u0443\u043c\u0435\u043d\u0442 \u0434\u043b\u044f \u043b\u044e\u0431\u0438\u0442\u0435\u043b\u0435\u0439 <strong data-start=\"237\" data-end=\"254\">\u0436\u0430\u043a\u043a\u0430\u0440\u0434\u043e\u0432\u044b\u0435 \u0443\u0437\u043e\u0440\u044b<\/strong> \u2013 \u043f\u043e\u0437\u0432\u043e\u043b\u044f\u0435\u0442 \u043f\u043e\u0434\u0434\u0435\u0440\u0436\u0438\u0432\u0430\u0442\u044c \u043f\u043e\u0441\u0442\u043e\u044f\u043d\u043d\u043e\u0435 \u043d\u0430\u0442\u044f\u0436\u0435\u043d\u0438\u0435 \u0438 \u0430\u043a\u043a\u0443\u0440\u0430\u0442\u043d\u0443\u044e \u0432\u044f\u0437\u0430\u043b\u044c\u043d\u0443\u044e \u043f\u043e\u0432\u0435\u0440\u0445\u043d\u043e\u0441\u0442\u044c.<\/p>\n<p data-start=\"336\" data-end=\"527\">\u041d\u0430\u043f\u0451\u0440\u0441\u0442\u043e\u043a \u0438\u043c\u0435\u0435\u0442 \u043e\u0442\u0434\u0435\u043b\u044c\u043d\u044b\u0435 \u043a\u0430\u043d\u0430\u0432\u043a\u0438 \u0434\u043b\u044f \u043a\u0430\u0436\u0434\u043e\u0433\u043e \u0446\u0432\u0435\u0442\u0430 \u043d\u0438\u0442\u0438, \u0447\u0442\u043e \u0434\u0435\u043b\u0430\u0435\u0442 \u0432\u044f\u0437\u0430\u043d\u0438\u0435 \u0431\u043e\u043b\u0435\u0435 \u0431\u044b\u0441\u0442\u0440\u044b\u043c \u0438 \u0442\u043e\u0447\u043d\u044b\u043c. \u0418\u0437\u0433\u043e\u0442\u043e\u0432\u043b\u0435\u043d \u0438\u0437 \u043f\u0440\u043e\u0447\u043d\u043e\u0433\u043e, \u043d\u043e \u0433\u0438\u0431\u043a\u043e\u0433\u043e \u043f\u043b\u0430\u0441\u0442\u0438\u043a\u0430, \u043a\u043e\u0442\u043e\u0440\u044b\u0439 \u0430\u0434\u0430\u043f\u0442\u0438\u0440\u0443\u0435\u0442\u0441\u044f \u043a \u0444\u043e\u0440\u043c\u0435 \u043f\u0430\u043b\u044c\u0446\u0430.<\/p>\n<p data-start=\"529\" data-end=\"543\"><strong data-start=\"529\" data-end=\"541\">\u0424\u0443\u043d\u043a\u0446\u0438\u0438:<\/strong><\/p>\n<ul data-start=\"544\" data-end=\"783\">\n<li data-start=\"544\" data-end=\"593\">\n<p data-start=\"546\" data-end=\"593\">\u0423\u0434\u043e\u0431\u043d\u043e \u0443\u0434\u0435\u0440\u0436\u0438\u0432\u0430\u0435\u0442 2-3 \u043f\u0440\u044f\u0434\u0438, \u043f\u0440\u0435\u0434\u043e\u0442\u0432\u0440\u0430\u0449\u0430\u044f \u0438\u0445 \u0441\u043f\u0443\u0442\u044b\u0432\u0430\u043d\u0438\u0435.<\/p>\n<\/li>\n<li data-start=\"594\" data-end=\"636\">\n<p data-start=\"596\" data-end=\"636\">\u041f\u043e\u043c\u043e\u0433\u0430\u0435\u0442 \u043f\u043e\u0434\u0434\u0435\u0440\u0436\u0438\u0432\u0430\u0442\u044c \u0440\u0430\u0432\u043d\u043e\u043c\u0435\u0440\u043d\u043e\u0435 \u043d\u0430\u0442\u044f\u0436\u0435\u043d\u0438\u0435 \u043d\u0438\u0442\u0438<\/p>\n<\/li>\n<li data-start=\"637\" data-end=\"686\">\n<p data-start=\"639\" data-end=\"686\">\u041f\u0440\u0435\u0434\u043d\u0430\u0437\u043d\u0430\u0447\u0435\u043d\u0430 \u0434\u043b\u044f \u0432\u044f\u0437\u0430\u043d\u0438\u044f \u0436\u0430\u043a\u043a\u0430\u0440\u0434\u043e\u0432\u044b\u0445 \u0438 \u0446\u0432\u0435\u0442\u043d\u044b\u0445 \u0443\u0437\u043e\u0440\u043e\u0432.<\/p>\n<\/li>\n<li data-start=\"687\" data-end=\"728\">\n<p data-start=\"689\" data-end=\"728\">\u0418\u0437\u0433\u043e\u0442\u043e\u0432\u043b\u0435\u043d \u0438\u0437 \u043f\u0440\u043e\u0447\u043d\u043e\u0433\u043e \u0438 \u043b\u0435\u0433\u043a\u043e\u0433\u043e \u043f\u043b\u0430\u0441\u0442\u0438\u043a\u0430.<\/p>\n<\/li>\n<li data-start=\"729\" data-end=\"783\">\n<p data-start=\"731\" data-end=\"783\">\u0423\u043d\u0438\u0432\u0435\u0440\u0441\u0430\u043b\u044c\u043d\u044b\u0439 \u0440\u0430\u0437\u043c\u0435\u0440 \u2013 \u043f\u043e\u0434\u0445\u043e\u0434\u0438\u0442 \u0434\u043b\u044f \u043f\u0430\u043b\u044c\u0446\u0435\u0432 \u0440\u0430\u0437\u043d\u043e\u0439 \u0442\u043e\u043b\u0449\u0438\u043d\u044b.<\/p>\n<\/li>\n<\/ul>\n<p data-start=\"785\" data-end=\"810\"><strong data-start=\"785\" data-end=\"808\">\u0420\u0430\u0437\u043c\u0435\u0440\u044b:<\/strong><\/p>\n<ul data-start=\"811\" data-end=\"881\">\n<li data-start=\"811\" data-end=\"845\">\n<p data-start=\"813\" data-end=\"845\">\u0420\u0430\u0437\u043c\u0435\u0440 L (45-48 \u043c\u043c)<\/p>\n<\/li>\n<li data-start=\"846\" data-end=\"881\">\n<p data-start=\"848\" data-end=\"881\">\u0420\u0430\u0437\u043c\u0435\u0440 M (42-45 \u043c\u043c)<\/p>\n<\/li>\n<\/ul>\n<p data-start=\"883\" data-end=\"1006\" data-is-last-node=\"\" data-is-only-node=\"\"><strong data-start=\"883\" data-end=\"898\">\u041f\u0440\u043e\u0438\u0437\u0432\u043e\u0434\u0438\u0442\u0435\u043b\u044c:<\/strong> Clover, \u042f\u043f\u043e\u043d\u0438\u044f<\/p>\n<p data-start=\"883\" data-end=\"1006\" data-is-last-node=\"\" data-is-only-node=\"\"><strong data-start=\"918\" data-end=\"930\">\u041f\u0440\u0438\u043c\u0435\u0447\u0430\u043d\u0438\u0435:<\/strong> \u0426\u0432\u0435\u0442\u043e\u0432\u044b\u0435 \u043e\u0442\u0442\u0435\u043d\u043a\u0438 \u043c\u043e\u0433\u0443\u0442 \u043d\u0435\u0437\u043d\u0430\u0447\u0438\u0442\u0435\u043b\u044c\u043d\u043e \u043e\u0442\u043b\u0438\u0447\u0430\u0442\u044c\u0441\u044f \u0432 \u0437\u0430\u0432\u0438\u0441\u0438\u043c\u043e\u0441\u0442\u0438 \u043e\u0442 \u044d\u043a\u0440\u0430\u043d\u0430 \u0432\u0430\u0448\u0435\u0433\u043e \u0443\u0441\u0442\u0440\u043e\u0439\u0441\u0442\u0432\u0430.<\/p>","protected":false},"excerpt":{"rendered":"<p>Patogus Clover antpir\u0161tis\u2013skirtukas sukurtas tam, kad megzdami dviem ar trimis spalvomis gal\u0117tum\u0117te lengvai valdyti si\u016blus ir i\u0161vengtum\u0117te j\u0173 susipynimo. Tai nepakei\u010diamas \u012frankis \u017eakardo ra\u0161t\u0173 m\u0117g\u0117jams \u2013 leid\u017eia palaikyti pastov\u0173 \u012ftempim\u0105 ir tvarking\u0105 mezginio pavir\u0161i\u0173. Antpir\u0161tis turi atskirus griovelius kiekvienai si\u016blo spalvai, tod\u0117l mezgimas tampa greitesnis ir tikslesnis. Pagamintas i\u0161 tvirto, bet lankstaus plastiko, prisitaikan\u010dio prie [&hellip;]<\/p>\n","protected":false},"featured_media":5768,"comment_status":"open","ping_status":"closed","template":"","meta":{"_acf_changed":false},"product_brand":[1074],"product_cat":[15,52,20],"product_tag":[],"pro-kategorijos":[],"class_list":{"0":"post-5763","1":"product","2":"type-product","3":"status-publish","4":"has-post-thumbnail","6":"product_brand-clover","7":"product_cat-visi-produktai","8":"product_cat-kiti-mezgimo-reikmenys","9":"product_cat-priedai-mezgimui","11":"first","12":"instock","13":"shipping-taxable","14":"purchasable","15":"product-type-variable"},"acf":[],"yoast_head":"<!-- This site is optimized with the Yoast SEO plugin v26.8 - https:\/\/yoast.com\/product\/yoast-seo-wordpress\/ -->\n<title>Clover antpir\u0161tis \u201eJacquard\u201c - Happyinaknit.com<\/title>\n<meta name=\"robots\" content=\"index, follow, max-snippet:-1, max-image-preview:large, max-video-preview:-1\" \/>\n<link rel=\"canonical\" href=\"https:\/\/happyinaknit.com\/ru\/product\/clover-antpirstis-jacquard\/\" \/>\n<meta property=\"og:locale\" content=\"ru_RU\" \/>\n<meta property=\"og:type\" content=\"article\" \/>\n<meta property=\"og:title\" content=\"Clover antpir\u0161tis \u201eJacquard\u201c - Happyinaknit.com\" \/>\n<meta property=\"og:description\" content=\"Patogus Clover antpir\u0161tis\u2013skirtukas sukurtas tam, kad megzdami dviem ar trimis spalvomis gal\u0117tum\u0117te lengvai valdyti si\u016blus ir i\u0161vengtum\u0117te j\u0173 susipynimo. Tai nepakei\u010diamas \u012frankis \u017eakardo ra\u0161t\u0173 m\u0117g\u0117jams \u2013 leid\u017eia palaikyti pastov\u0173 \u012ftempim\u0105 ir tvarking\u0105 mezginio pavir\u0161i\u0173. Antpir\u0161tis turi atskirus griovelius kiekvienai si\u016blo spalvai, tod\u0117l mezgimas tampa greitesnis ir tikslesnis. Pagamintas i\u0161 tvirto, bet lankstaus plastiko, prisitaikan\u010dio prie [&hellip;]\" \/>\n<meta property=\"og:url\" content=\"https:\/\/happyinaknit.com\/ru\/product\/clover-antpirstis-jacquard\/\" \/>\n<meta property=\"og:site_name\" content=\"Happyinaknit.com\" \/>\n<meta property=\"article:modified_time\" content=\"2026-03-02T21:55:24+00:00\" \/>\n<meta property=\"og:image\" content=\"https:\/\/happyinaknit.com\/wp-content\/uploads\/2025\/10\/719tZ3b2-cL._UF8941000_QL80_.jpg\" \/>\n\t<meta property=\"og:image:width\" content=\"894\" \/>\n\t<meta property=\"og:image:height\" content=\"894\" \/>\n\t<meta property=\"og:image:type\" content=\"image\/jpeg\" \/>\n<meta name=\"twitter:card\" content=\"summary_large_image\" \/>\n<meta name=\"twitter:label1\" content=\"\u041f\u0440\u0438\u043c\u0435\u0440\u043d\u043e\u0435 \u0432\u0440\u0435\u043c\u044f \u0434\u043b\u044f \u0447\u0442\u0435\u043d\u0438\u044f\" \/>\n\t<meta name=\"twitter:data1\" content=\"1 \u043c\u0438\u043d\u0443\u0442\u0430\" \/>\n<script type=\"application\/ld+json\" class=\"yoast-schema-graph\">{\"@context\":\"https:\/\/schema.org\",\"@graph\":[{\"@type\":\"WebPage\",\"@id\":\"https:\/\/happyinaknit.com\/produktas\/clover-antpirstis-jacquard\/\",\"url\":\"https:\/\/happyinaknit.com\/produktas\/clover-antpirstis-jacquard\/\",\"name\":\"Clover antpir\u0161tis \u201eJacquard\u201c - Happyinaknit.com\",\"isPartOf\":{\"@id\":\"https:\/\/happyinaknit.com\/lt\/#website\"},\"primaryImageOfPage\":{\"@id\":\"https:\/\/happyinaknit.com\/produktas\/clover-antpirstis-jacquard\/#primaryimage\"},\"image\":{\"@id\":\"https:\/\/happyinaknit.com\/produktas\/clover-antpirstis-jacquard\/#primaryimage\"},\"thumbnailUrl\":\"https:\/\/happyinaknit.com\/wp-content\/uploads\/2025\/10\/719tZ3b2-cL._UF8941000_QL80_.jpg\",\"datePublished\":\"2025-10-17T23:48:58+00:00\",\"dateModified\":\"2026-03-02T21:55:24+00:00\",\"breadcrumb\":{\"@id\":\"https:\/\/happyinaknit.com\/produktas\/clover-antpirstis-jacquard\/#breadcrumb\"},\"inLanguage\":\"ru-RU\",\"potentialAction\":[{\"@type\":\"ReadAction\",\"target\":[\"https:\/\/happyinaknit.com\/produktas\/clover-antpirstis-jacquard\/\"]}]},{\"@type\":\"ImageObject\",\"inLanguage\":\"ru-RU\",\"@id\":\"https:\/\/happyinaknit.com\/produktas\/clover-antpirstis-jacquard\/#primaryimage\",\"url\":\"https:\/\/happyinaknit.com\/wp-content\/uploads\/2025\/10\/719tZ3b2-cL._UF8941000_QL80_.jpg\",\"contentUrl\":\"https:\/\/happyinaknit.com\/wp-content\/uploads\/2025\/10\/719tZ3b2-cL._UF8941000_QL80_.jpg\",\"width\":894,\"height\":894},{\"@type\":\"BreadcrumbList\",\"@id\":\"https:\/\/happyinaknit.com\/produktas\/clover-antpirstis-jacquard\/#breadcrumb\",\"itemListElement\":[{\"@type\":\"ListItem\",\"position\":1,\"name\":\"Home\",\"item\":\"https:\/\/happyinaknit.com\/lt\/\"},{\"@type\":\"ListItem\",\"position\":2,\"name\":\"Parduotuv\u0117\",\"item\":\"https:\/\/happyinaknit.com\/lt\/parduotuve\/\"},{\"@type\":\"ListItem\",\"position\":3,\"name\":\"Clover antpir\u0161tis \u201eJacquard\u201c\"}]},{\"@type\":\"WebSite\",\"@id\":\"https:\/\/happyinaknit.com\/lt\/#website\",\"url\":\"https:\/\/happyinaknit.com\/lt\/\",\"name\":\"Happyinaknit.com\",\"description\":\"\",\"potentialAction\":[{\"@type\":\"SearchAction\",\"target\":{\"@type\":\"EntryPoint\",\"urlTemplate\":\"https:\/\/happyinaknit.com\/lt\/?s={search_term_string}\"},\"query-input\":{\"@type\":\"PropertyValueSpecification\",\"valueRequired\":true,\"valueName\":\"search_term_string\"}}],\"inLanguage\":\"ru-RU\"}]}<\/script>\n<!-- \/ Yoast SEO plugin. -->","yoast_head_json":{"title":"Clover antpir\u0161tis \u201eJacquard\u201c - Happyinaknit.com","robots":{"index":"index","follow":"follow","max-snippet":"max-snippet:-1","max-image-preview":"max-image-preview:large","max-video-preview":"max-video-preview:-1"},"canonical":"https:\/\/happyinaknit.com\/ru\/product\/clover-antpirstis-jacquard\/","og_locale":"ru_RU","og_type":"article","og_title":"Clover antpir\u0161tis \u201eJacquard\u201c - Happyinaknit.com","og_description":"Patogus Clover antpir\u0161tis\u2013skirtukas sukurtas tam, kad megzdami dviem ar trimis spalvomis gal\u0117tum\u0117te lengvai valdyti si\u016blus ir i\u0161vengtum\u0117te j\u0173 susipynimo. Tai nepakei\u010diamas \u012frankis \u017eakardo ra\u0161t\u0173 m\u0117g\u0117jams \u2013 leid\u017eia palaikyti pastov\u0173 \u012ftempim\u0105 ir tvarking\u0105 mezginio pavir\u0161i\u0173. Antpir\u0161tis turi atskirus griovelius kiekvienai si\u016blo spalvai, tod\u0117l mezgimas tampa greitesnis ir tikslesnis. Pagamintas i\u0161 tvirto, bet lankstaus plastiko, prisitaikan\u010dio prie [&hellip;]","og_url":"https:\/\/happyinaknit.com\/ru\/product\/clover-antpirstis-jacquard\/","og_site_name":"Happyinaknit.com","article_modified_time":"2026-03-02T21:55:24+00:00","og_image":[{"width":894,"height":894,"url":"https:\/\/happyinaknit.com\/wp-content\/uploads\/2025\/10\/719tZ3b2-cL._UF8941000_QL80_.jpg","type":"image\/jpeg"}],"twitter_card":"summary_large_image","twitter_misc":{"\u041f\u0440\u0438\u043c\u0435\u0440\u043d\u043e\u0435 \u0432\u0440\u0435\u043c\u044f \u0434\u043b\u044f \u0447\u0442\u0435\u043d\u0438\u044f":"1 \u043c\u0438\u043d\u0443\u0442\u0430"},"schema":{"@context":"https:\/\/schema.org","@graph":[{"@type":"WebPage","@id":"https:\/\/happyinaknit.com\/produktas\/clover-antpirstis-jacquard\/","url":"https:\/\/happyinaknit.com\/produktas\/clover-antpirstis-jacquard\/","name":"Clover antpir\u0161tis \u201eJacquard\u201c - Happyinaknit.com","isPartOf":{"@id":"https:\/\/happyinaknit.com\/lt\/#website"},"primaryImageOfPage":{"@id":"https:\/\/happyinaknit.com\/produktas\/clover-antpirstis-jacquard\/#primaryimage"},"image":{"@id":"https:\/\/happyinaknit.com\/produktas\/clover-antpirstis-jacquard\/#primaryimage"},"thumbnailUrl":"https:\/\/happyinaknit.com\/wp-content\/uploads\/2025\/10\/719tZ3b2-cL._UF8941000_QL80_.jpg","datePublished":"2025-10-17T23:48:58+00:00","dateModified":"2026-03-02T21:55:24+00:00","breadcrumb":{"@id":"https:\/\/happyinaknit.com\/produktas\/clover-antpirstis-jacquard\/#breadcrumb"},"inLanguage":"ru-RU","potentialAction":[{"@type":"ReadAction","target":["https:\/\/happyinaknit.com\/produktas\/clover-antpirstis-jacquard\/"]}]},{"@type":"ImageObject","inLanguage":"ru-RU","@id":"https:\/\/happyinaknit.com\/produktas\/clover-antpirstis-jacquard\/#primaryimage","url":"https:\/\/happyinaknit.com\/wp-content\/uploads\/2025\/10\/719tZ3b2-cL._UF8941000_QL80_.jpg","contentUrl":"https:\/\/happyinaknit.com\/wp-content\/uploads\/2025\/10\/719tZ3b2-cL._UF8941000_QL80_.jpg","width":894,"height":894},{"@type":"BreadcrumbList","@id":"https:\/\/happyinaknit.com\/produktas\/clover-antpirstis-jacquard\/#breadcrumb","itemListElement":[{"@type":"ListItem","position":1,"name":"Home","item":"https:\/\/happyinaknit.com\/lt\/"},{"@type":"ListItem","position":2,"name":"Parduotuv\u0117","item":"https:\/\/happyinaknit.com\/lt\/parduotuve\/"},{"@type":"ListItem","position":3,"name":"Clover antpir\u0161tis \u201eJacquard\u201c"}]},{"@type":"WebSite","@id":"https:\/\/happyinaknit.com\/lt\/#website","url":"https:\/\/happyinaknit.com\/lt\/","name":"Happyinaknit.com","description":"","potentialAction":[{"@type":"SearchAction","target":{"@type":"EntryPoint","urlTemplate":"https:\/\/happyinaknit.com\/lt\/?s={search_term_string}"},"query-input":{"@type":"PropertyValueSpecification","valueRequired":true,"valueName":"search_term_string"}}],"inLanguage":"ru-RU"}]}},"_links":{"self":[{"href":"https:\/\/happyinaknit.com\/ru\/wp-json\/wp\/v2\/product\/5763","targetHints":{"allow":["GET"]}}],"collection":[{"href":"https:\/\/happyinaknit.com\/ru\/wp-json\/wp\/v2\/product"}],"about":[{"href":"https:\/\/happyinaknit.com\/ru\/wp-json\/wp\/v2\/types\/product"}],"replies":[{"embeddable":true,"href":"https:\/\/happyinaknit.com\/ru\/wp-json\/wp\/v2\/comments?post=5763"}],"wp:featuredmedia":[{"embeddable":true,"href":"https:\/\/happyinaknit.com\/ru\/wp-json\/wp\/v2\/media\/5768"}],"wp:attachment":[{"href":"https:\/\/happyinaknit.com\/ru\/wp-json\/wp\/v2\/media?parent=5763"}],"wp:term":[{"taxonomy":"product_brand","embeddable":true,"href":"https:\/\/happyinaknit.com\/ru\/wp-json\/wp\/v2\/product_brand?post=5763"},{"taxonomy":"product_cat","embeddable":true,"href":"https:\/\/happyinaknit.com\/ru\/wp-json\/wp\/v2\/product_cat?post=5763"},{"taxonomy":"product_tag","embeddable":true,"href":"https:\/\/happyinaknit.com\/ru\/wp-json\/wp\/v2\/product_tag?post=5763"},{"taxonomy":"pro-kategorijos","embeddable":true,"href":"https:\/\/happyinaknit.com\/ru\/wp-json\/wp\/v2\/pro-kategorijos?post=5763"}],"curies":[{"name":"wp","href":"https:\/\/api.w.org\/{rel}","templated":true}]}}