{"id":5759,"date":"2025-10-17T23:40:26","date_gmt":"2025-10-17T23:40:26","guid":{"rendered":"https:\/\/happyinaknit.com\/?post_type=product&#038;p=5759"},"modified":"2025-10-17T23:40:27","modified_gmt":"2025-10-17T23:40:27","slug":"clover-pakabukas-siulu-kirptuvas","status":"publish","type":"product","link":"https:\/\/happyinaknit.com\/ru\/product\/clover-pakabukas-siulu-kirptuvas\/","title":{"rendered":"Clover \u043a\u0443\u043b\u043e\u043d-\u043d\u0438\u0442\u0435\u043e\u0431\u0440\u0435\u0437\u0430\u0442\u0435\u043b\u044c"},"content":{"rendered":"<p data-start=\"40\" data-end=\"262\">\u042d\u043b\u0435\u0433\u0430\u043d\u0442\u043d\u044b\u0439 \u0438 \u0444\u0443\u043d\u043a\u0446\u0438\u043e\u043d\u0430\u043b\u044c\u043d\u044b\u0439 <strong data-start=\"69\" data-end=\"79\">Clover<\/strong> \u043a\u0443\u043b\u043e\u043d-\u043d\u043e\u0436\u043d\u0438\u0446\u044b \u2014 \u043d\u0435\u0437\u0430\u043c\u0435\u043d\u0438\u043c\u044b\u0439 \u043f\u043e\u043c\u043e\u0449\u043d\u0438\u043a \u0434\u043b\u044f \u0432\u044f\u0437\u0430\u043b\u044c\u0449\u0438\u0446 \u0438 \u0448\u0432\u0435\u0439. \u041e\u0441\u0442\u0440\u044b\u0439 \u0434\u0438\u0441\u043a\u043e\u0432\u044b\u0439 \u043d\u043e\u0436, \u0441\u043f\u0440\u044f\u0442\u0430\u043d\u043d\u044b\u0439 \u0432\u043d\u0443\u0442\u0440\u0438, \u043f\u043e\u0437\u0432\u043e\u043b\u044f\u0435\u0442 \u043b\u0435\u0433\u043a\u043e \u0438 \u0431\u0435\u0437\u043e\u043f\u0430\u0441\u043d\u043e \u043e\u0431\u0440\u0435\u0437\u0430\u0442\u044c \u043d\u0438\u0442\u043a\u0438 \u0432 \u043b\u044e\u0431\u043e\u043c \u043c\u0435\u0441\u0442\u0435 \u0438 \u0432 \u043b\u044e\u0431\u043e\u0435 \u0432\u0440\u0435\u043c\u044f.<\/p>\n<p data-start=\"264\" data-end=\"378\">\u041a\u0443\u043b\u043e\u043d \u043c\u043e\u0436\u043d\u043e \u043d\u043e\u0441\u0438\u0442\u044c \u043d\u0430 \u0448\u0435\u0435 \u043a\u0430\u043a \u0441\u0442\u0438\u043b\u044c\u043d\u044b\u0439 \u0430\u043a\u0441\u0435\u0441\u0441\u0443\u0430\u0440 \u0438\u043b\u0438 \u043f\u0440\u0438\u043a\u0440\u0435\u043f\u0438\u0442\u044c \u043d\u0430 \u043a\u0430\u0442\u0443\u0448\u043a\u0443 \u0441 \u043d\u0438\u0442\u043a\u0430\u043c\u0438 \u2014 \u043e\u043d \u0432\u0441\u0435\u0433\u0434\u0430 \u0431\u0443\u0434\u0435\u0442 \u043f\u043e\u0434 \u0440\u0443\u043a\u043e\u0439.<\/p>\n<p data-start=\"380\" data-end=\"394\"><strong data-start=\"380\" data-end=\"392\">\u0424\u0443\u043d\u043a\u0446\u0438\u0438:<\/strong><\/p>\n<ul data-start=\"395\" data-end=\"581\">\n<li data-start=\"395\" data-end=\"439\">\n<p data-start=\"397\" data-end=\"439\">\u041e\u0441\u0442\u0440\u044b\u0439 \u0434\u0438\u0441\u043a\u043e\u0432\u044b\u0439 \u043d\u043e\u0436 \u0434\u043b\u044f \u043d\u0430\u0440\u0435\u0437\u0430\u043d\u0438\u044f \u043d\u0438\u0442\u043e\u043a<\/p>\n<\/li>\n<li data-start=\"440\" data-end=\"485\">\n<p data-start=\"442\" data-end=\"485\">\u0411\u0435\u0437\u043e\u043f\u0430\u0441\u043d\u043e \u0432 \u0438\u0441\u043f\u043e\u043b\u044c\u0437\u043e\u0432\u0430\u043d\u0438\u0438 \u2014 \u043b\u0435\u0437\u0432\u0438\u044f \u0441\u043f\u0440\u044f\u0442\u0430\u043d\u044b \u0432 \u043a\u043e\u0440\u043f\u0443\u0441\u0435<\/p>\n<\/li>\n<li data-start=\"486\" data-end=\"544\">\n<p data-start=\"488\" data-end=\"544\">\u041c\u043e\u0436\u043d\u043e \u0438\u0441\u043f\u043e\u043b\u044c\u0437\u043e\u0432\u0430\u0442\u044c \u043a\u0430\u043a \u043a\u0443\u043b\u043e\u043d \u0438\u043b\u0438 \u043f\u0440\u0438\u043a\u0440\u0435\u043f\u0438\u0442\u044c \u043a \u043a\u0430\u0442\u0443\u0448\u043a\u0435.<\/p>\n<\/li>\n<li data-start=\"545\" data-end=\"581\">\n<p data-start=\"547\" data-end=\"581\">\u041f\u0440\u043e\u0447\u043d\u044b\u0439 \u0438 \u0434\u0435\u043a\u043e\u0440\u0430\u0442\u0438\u0432\u043d\u044b\u0439 \u0434\u0438\u0437\u0430\u0439\u043d<\/p>\n<\/li>\n<\/ul>\n<p data-start=\"583\" data-end=\"604\"><strong data-start=\"583\" data-end=\"602\">\u0414\u043e\u0441\u0442\u0443\u043f\u043d\u044b\u0435 \u0441\u0442\u0438\u043b\u0438:<\/strong><\/p>\n<ul data-start=\"605\" data-end=\"646\">\n<li data-start=\"605\" data-end=\"626\">\n<p data-start=\"607\" data-end=\"626\">\u0410\u043d\u0442\u0438\u0447\u043d\u043e\u0435 \u0441\u0435\u0440\u0435\u0431\u0440\u043e<\/p>\n<\/li>\n<li data-start=\"627\" data-end=\"646\">\n<p data-start=\"629\" data-end=\"646\">\u0410\u043d\u0442\u0438\u0447\u043d\u043e\u0435 \u0437\u043e\u043b\u043e\u0442\u043e<\/p>\n<\/li>\n<\/ul>\n<p data-start=\"648\" data-end=\"771\" data-is-last-node=\"\" data-is-only-node=\"\"><strong data-start=\"648\" data-end=\"663\">\u041f\u0440\u043e\u0438\u0437\u0432\u043e\u0434\u0438\u0442\u0435\u043b\u044c:<\/strong> Clover, \u042f\u043f\u043e\u043d\u0438\u044f<br data-start=\"680\" data-end=\"683\" \/><strong data-start=\"683\" data-end=\"695\">\u041f\u0440\u0438\u043c\u0435\u0447\u0430\u043d\u0438\u0435:<\/strong> \u0426\u0432\u0435\u0442\u043e\u0432\u044b\u0435 \u043e\u0442\u0442\u0435\u043d\u043a\u0438 \u043c\u043e\u0433\u0443\u0442 \u043d\u0435\u0437\u043d\u0430\u0447\u0438\u0442\u0435\u043b\u044c\u043d\u043e \u043e\u0442\u043b\u0438\u0447\u0430\u0442\u044c\u0441\u044f \u0432 \u0437\u0430\u0432\u0438\u0441\u0438\u043c\u043e\u0441\u0442\u0438 \u043e\u0442 \u044d\u043a\u0440\u0430\u043d\u0430 \u0432\u0430\u0448\u0435\u0433\u043e \u0443\u0441\u0442\u0440\u043e\u0439\u0441\u0442\u0432\u0430.<\/p>","protected":false},"excerpt":{"rendered":"<p>Eleganti\u0161kas ir funkcionalus Clover pakabukas\u2013kirptuvas \u2013 nepakei\u010diamas pagalbininkas mezg\u0117joms ir siuv\u0117joms. Viduje pasl\u0117ptas a\u0161trus diskinis peiliukas leid\u017eia lengvai ir saugiai nukirpti si\u016blus bet kur ir bet kada. Pakabuk\u0105 galima ne\u0161ioti ant kaklo kaip stiling\u0105 aksesuar\u0105 arba u\u017ed\u0117ti ant si\u016bl\u0173 rit\u0117s \u2013 jis visada bus po ranka. Savyb\u0117s: A\u0161trus diskinis peiliukas si\u016blams kirpti Saugus naudoti \u2013 [&hellip;]<\/p>\n","protected":false},"featured_media":5751,"comment_status":"open","ping_status":"closed","template":"","meta":{"_acf_changed":false},"product_brand":[1074],"product_cat":[15,20,90],"product_tag":[],"pro-kategorijos":[],"class_list":{"0":"post-5759","1":"product","2":"type-product","3":"status-publish","4":"has-post-thumbnail","6":"product_brand-clover","7":"product_cat-visi-produktai","8":"product_cat-priedai-mezgimui","9":"product_cat-zirkles","11":"first","12":"instock","13":"shipping-taxable","14":"purchasable","15":"product-type-variable"},"acf":[],"yoast_head":"<!-- This site is optimized with the Yoast SEO plugin v26.8 - https:\/\/yoast.com\/product\/yoast-seo-wordpress\/ -->\n<title>Clover pakabukas\u2013si\u016bl\u0173 kirptuvas - Happyinaknit.com<\/title>\n<meta name=\"robots\" content=\"index, follow, max-snippet:-1, max-image-preview:large, max-video-preview:-1\" \/>\n<link rel=\"canonical\" href=\"https:\/\/happyinaknit.com\/ru\/product\/clover-pakabukas-siulu-kirptuvas\/\" \/>\n<meta property=\"og:locale\" content=\"ru_RU\" \/>\n<meta property=\"og:type\" content=\"article\" \/>\n<meta property=\"og:title\" content=\"Clover pakabukas\u2013si\u016bl\u0173 kirptuvas - Happyinaknit.com\" \/>\n<meta property=\"og:description\" content=\"Eleganti\u0161kas ir funkcionalus Clover pakabukas\u2013kirptuvas \u2013 nepakei\u010diamas pagalbininkas mezg\u0117joms ir siuv\u0117joms. Viduje pasl\u0117ptas a\u0161trus diskinis peiliukas leid\u017eia lengvai ir saugiai nukirpti si\u016blus bet kur ir bet kada. Pakabuk\u0105 galima ne\u0161ioti ant kaklo kaip stiling\u0105 aksesuar\u0105 arba u\u017ed\u0117ti ant si\u016bl\u0173 rit\u0117s \u2013 jis visada bus po ranka. Savyb\u0117s: A\u0161trus diskinis peiliukas si\u016blams kirpti Saugus naudoti \u2013 [&hellip;]\" \/>\n<meta property=\"og:url\" content=\"https:\/\/happyinaknit.com\/ru\/product\/clover-pakabukas-siulu-kirptuvas\/\" \/>\n<meta property=\"og:site_name\" content=\"Happyinaknit.com\" \/>\n<meta property=\"article:modified_time\" content=\"2025-10-17T23:40:27+00:00\" \/>\n<meta property=\"og:image\" content=\"https:\/\/happyinaknit.com\/wp-content\/uploads\/2025\/10\/Clover-Yarn-Cutter-Pendant-Antique-Gold_d4c28ed3-49a5-41ab-bb44-6ecda39e35c4.cfc7ef200c26a96b0e280866c988eb71.jpeg.webp\" \/>\n\t<meta property=\"og:image:width\" content=\"768\" \/>\n\t<meta property=\"og:image:height\" content=\"768\" \/>\n\t<meta property=\"og:image:type\" content=\"image\/webp\" \/>\n<meta name=\"twitter:card\" content=\"summary_large_image\" \/>\n<meta name=\"twitter:label1\" content=\"\u041f\u0440\u0438\u043c\u0435\u0440\u043d\u043e\u0435 \u0432\u0440\u0435\u043c\u044f \u0434\u043b\u044f \u0447\u0442\u0435\u043d\u0438\u044f\" \/>\n\t<meta name=\"twitter:data1\" content=\"1 \u043c\u0438\u043d\u0443\u0442\u0430\" \/>\n<script type=\"application\/ld+json\" class=\"yoast-schema-graph\">{\"@context\":\"https:\/\/schema.org\",\"@graph\":[{\"@type\":\"WebPage\",\"@id\":\"https:\/\/happyinaknit.com\/produktas\/clover-pakabukas-siulu-kirptuvas\/\",\"url\":\"https:\/\/happyinaknit.com\/produktas\/clover-pakabukas-siulu-kirptuvas\/\",\"name\":\"Clover pakabukas\u2013si\u016bl\u0173 kirptuvas - Happyinaknit.com\",\"isPartOf\":{\"@id\":\"https:\/\/happyinaknit.com\/lt\/#website\"},\"primaryImageOfPage\":{\"@id\":\"https:\/\/happyinaknit.com\/produktas\/clover-pakabukas-siulu-kirptuvas\/#primaryimage\"},\"image\":{\"@id\":\"https:\/\/happyinaknit.com\/produktas\/clover-pakabukas-siulu-kirptuvas\/#primaryimage\"},\"thumbnailUrl\":\"https:\/\/happyinaknit.com\/wp-content\/uploads\/2025\/10\/Clover-Yarn-Cutter-Pendant-Antique-Gold_d4c28ed3-49a5-41ab-bb44-6ecda39e35c4.cfc7ef200c26a96b0e280866c988eb71.jpeg.webp\",\"datePublished\":\"2025-10-17T23:40:26+00:00\",\"dateModified\":\"2025-10-17T23:40:27+00:00\",\"breadcrumb\":{\"@id\":\"https:\/\/happyinaknit.com\/produktas\/clover-pakabukas-siulu-kirptuvas\/#breadcrumb\"},\"inLanguage\":\"ru-RU\",\"potentialAction\":[{\"@type\":\"ReadAction\",\"target\":[\"https:\/\/happyinaknit.com\/produktas\/clover-pakabukas-siulu-kirptuvas\/\"]}]},{\"@type\":\"ImageObject\",\"inLanguage\":\"ru-RU\",\"@id\":\"https:\/\/happyinaknit.com\/produktas\/clover-pakabukas-siulu-kirptuvas\/#primaryimage\",\"url\":\"https:\/\/happyinaknit.com\/wp-content\/uploads\/2025\/10\/Clover-Yarn-Cutter-Pendant-Antique-Gold_d4c28ed3-49a5-41ab-bb44-6ecda39e35c4.cfc7ef200c26a96b0e280866c988eb71.jpeg.webp\",\"contentUrl\":\"https:\/\/happyinaknit.com\/wp-content\/uploads\/2025\/10\/Clover-Yarn-Cutter-Pendant-Antique-Gold_d4c28ed3-49a5-41ab-bb44-6ecda39e35c4.cfc7ef200c26a96b0e280866c988eb71.jpeg.webp\",\"width\":768,\"height\":768},{\"@type\":\"BreadcrumbList\",\"@id\":\"https:\/\/happyinaknit.com\/produktas\/clover-pakabukas-siulu-kirptuvas\/#breadcrumb\",\"itemListElement\":[{\"@type\":\"ListItem\",\"position\":1,\"name\":\"Home\",\"item\":\"https:\/\/happyinaknit.com\/lt\/\"},{\"@type\":\"ListItem\",\"position\":2,\"name\":\"Parduotuv\u0117\",\"item\":\"https:\/\/happyinaknit.com\/lt\/parduotuve\/\"},{\"@type\":\"ListItem\",\"position\":3,\"name\":\"Clover pakabukas\u2013si\u016bl\u0173 kirptuvas\"}]},{\"@type\":\"WebSite\",\"@id\":\"https:\/\/happyinaknit.com\/lt\/#website\",\"url\":\"https:\/\/happyinaknit.com\/lt\/\",\"name\":\"Happyinaknit.com\",\"description\":\"\",\"potentialAction\":[{\"@type\":\"SearchAction\",\"target\":{\"@type\":\"EntryPoint\",\"urlTemplate\":\"https:\/\/happyinaknit.com\/lt\/?s={search_term_string}\"},\"query-input\":{\"@type\":\"PropertyValueSpecification\",\"valueRequired\":true,\"valueName\":\"search_term_string\"}}],\"inLanguage\":\"ru-RU\"}]}<\/script>\n<!-- \/ Yoast SEO plugin. -->","yoast_head_json":{"title":"Clover pakabukas\u2013si\u016bl\u0173 kirptuvas - Happyinaknit.com","robots":{"index":"index","follow":"follow","max-snippet":"max-snippet:-1","max-image-preview":"max-image-preview:large","max-video-preview":"max-video-preview:-1"},"canonical":"https:\/\/happyinaknit.com\/ru\/product\/clover-pakabukas-siulu-kirptuvas\/","og_locale":"ru_RU","og_type":"article","og_title":"Clover pakabukas\u2013si\u016bl\u0173 kirptuvas - Happyinaknit.com","og_description":"Eleganti\u0161kas ir funkcionalus Clover pakabukas\u2013kirptuvas \u2013 nepakei\u010diamas pagalbininkas mezg\u0117joms ir siuv\u0117joms. Viduje pasl\u0117ptas a\u0161trus diskinis peiliukas leid\u017eia lengvai ir saugiai nukirpti si\u016blus bet kur ir bet kada. Pakabuk\u0105 galima ne\u0161ioti ant kaklo kaip stiling\u0105 aksesuar\u0105 arba u\u017ed\u0117ti ant si\u016bl\u0173 rit\u0117s \u2013 jis visada bus po ranka. Savyb\u0117s: A\u0161trus diskinis peiliukas si\u016blams kirpti Saugus naudoti \u2013 [&hellip;]","og_url":"https:\/\/happyinaknit.com\/ru\/product\/clover-pakabukas-siulu-kirptuvas\/","og_site_name":"Happyinaknit.com","article_modified_time":"2025-10-17T23:40:27+00:00","og_image":[{"width":768,"height":768,"url":"https:\/\/happyinaknit.com\/wp-content\/uploads\/2025\/10\/Clover-Yarn-Cutter-Pendant-Antique-Gold_d4c28ed3-49a5-41ab-bb44-6ecda39e35c4.cfc7ef200c26a96b0e280866c988eb71.jpeg.webp","type":"image\/webp"}],"twitter_card":"summary_large_image","twitter_misc":{"\u041f\u0440\u0438\u043c\u0435\u0440\u043d\u043e\u0435 \u0432\u0440\u0435\u043c\u044f \u0434\u043b\u044f \u0447\u0442\u0435\u043d\u0438\u044f":"1 \u043c\u0438\u043d\u0443\u0442\u0430"},"schema":{"@context":"https:\/\/schema.org","@graph":[{"@type":"WebPage","@id":"https:\/\/happyinaknit.com\/produktas\/clover-pakabukas-siulu-kirptuvas\/","url":"https:\/\/happyinaknit.com\/produktas\/clover-pakabukas-siulu-kirptuvas\/","name":"Clover pakabukas\u2013si\u016bl\u0173 kirptuvas - Happyinaknit.com","isPartOf":{"@id":"https:\/\/happyinaknit.com\/lt\/#website"},"primaryImageOfPage":{"@id":"https:\/\/happyinaknit.com\/produktas\/clover-pakabukas-siulu-kirptuvas\/#primaryimage"},"image":{"@id":"https:\/\/happyinaknit.com\/produktas\/clover-pakabukas-siulu-kirptuvas\/#primaryimage"},"thumbnailUrl":"https:\/\/happyinaknit.com\/wp-content\/uploads\/2025\/10\/Clover-Yarn-Cutter-Pendant-Antique-Gold_d4c28ed3-49a5-41ab-bb44-6ecda39e35c4.cfc7ef200c26a96b0e280866c988eb71.jpeg.webp","datePublished":"2025-10-17T23:40:26+00:00","dateModified":"2025-10-17T23:40:27+00:00","breadcrumb":{"@id":"https:\/\/happyinaknit.com\/produktas\/clover-pakabukas-siulu-kirptuvas\/#breadcrumb"},"inLanguage":"ru-RU","potentialAction":[{"@type":"ReadAction","target":["https:\/\/happyinaknit.com\/produktas\/clover-pakabukas-siulu-kirptuvas\/"]}]},{"@type":"ImageObject","inLanguage":"ru-RU","@id":"https:\/\/happyinaknit.com\/produktas\/clover-pakabukas-siulu-kirptuvas\/#primaryimage","url":"https:\/\/happyinaknit.com\/wp-content\/uploads\/2025\/10\/Clover-Yarn-Cutter-Pendant-Antique-Gold_d4c28ed3-49a5-41ab-bb44-6ecda39e35c4.cfc7ef200c26a96b0e280866c988eb71.jpeg.webp","contentUrl":"https:\/\/happyinaknit.com\/wp-content\/uploads\/2025\/10\/Clover-Yarn-Cutter-Pendant-Antique-Gold_d4c28ed3-49a5-41ab-bb44-6ecda39e35c4.cfc7ef200c26a96b0e280866c988eb71.jpeg.webp","width":768,"height":768},{"@type":"BreadcrumbList","@id":"https:\/\/happyinaknit.com\/produktas\/clover-pakabukas-siulu-kirptuvas\/#breadcrumb","itemListElement":[{"@type":"ListItem","position":1,"name":"Home","item":"https:\/\/happyinaknit.com\/lt\/"},{"@type":"ListItem","position":2,"name":"Parduotuv\u0117","item":"https:\/\/happyinaknit.com\/lt\/parduotuve\/"},{"@type":"ListItem","position":3,"name":"Clover pakabukas\u2013si\u016bl\u0173 kirptuvas"}]},{"@type":"WebSite","@id":"https:\/\/happyinaknit.com\/lt\/#website","url":"https:\/\/happyinaknit.com\/lt\/","name":"Happyinaknit.com","description":"","potentialAction":[{"@type":"SearchAction","target":{"@type":"EntryPoint","urlTemplate":"https:\/\/happyinaknit.com\/lt\/?s={search_term_string}"},"query-input":{"@type":"PropertyValueSpecification","valueRequired":true,"valueName":"search_term_string"}}],"inLanguage":"ru-RU"}]}},"_links":{"self":[{"href":"https:\/\/happyinaknit.com\/ru\/wp-json\/wp\/v2\/product\/5759","targetHints":{"allow":["GET"]}}],"collection":[{"href":"https:\/\/happyinaknit.com\/ru\/wp-json\/wp\/v2\/product"}],"about":[{"href":"https:\/\/happyinaknit.com\/ru\/wp-json\/wp\/v2\/types\/product"}],"replies":[{"embeddable":true,"href":"https:\/\/happyinaknit.com\/ru\/wp-json\/wp\/v2\/comments?post=5759"}],"wp:featuredmedia":[{"embeddable":true,"href":"https:\/\/happyinaknit.com\/ru\/wp-json\/wp\/v2\/media\/5751"}],"wp:attachment":[{"href":"https:\/\/happyinaknit.com\/ru\/wp-json\/wp\/v2\/media?parent=5759"}],"wp:term":[{"taxonomy":"product_brand","embeddable":true,"href":"https:\/\/happyinaknit.com\/ru\/wp-json\/wp\/v2\/product_brand?post=5759"},{"taxonomy":"product_cat","embeddable":true,"href":"https:\/\/happyinaknit.com\/ru\/wp-json\/wp\/v2\/product_cat?post=5759"},{"taxonomy":"product_tag","embeddable":true,"href":"https:\/\/happyinaknit.com\/ru\/wp-json\/wp\/v2\/product_tag?post=5759"},{"taxonomy":"pro-kategorijos","embeddable":true,"href":"https:\/\/happyinaknit.com\/ru\/wp-json\/wp\/v2\/pro-kategorijos?post=5759"}],"curies":[{"name":"wp","href":"https:\/\/api.w.org\/{rel}","templated":true}]}}