{"id":5738,"date":"2025-10-17T23:22:40","date_gmt":"2025-10-17T23:22:40","guid":{"rendered":"https:\/\/happyinaknit.com\/?post_type=product&#038;p=5738"},"modified":"2026-02-08T19:02:24","modified_gmt":"2026-02-08T19:02:24","slug":"clover-virbalu-laikikliai-spiraliniai-small-nr-3123","status":"publish","type":"product","link":"https:\/\/happyinaknit.com\/ru\/product\/clover-virbalu-laikikliai-spiraliniai-small-nr-3123\/","title":{"rendered":"Clover \u0434\u0435\u0440\u0436\u0430\u0442\u0435\u043b\u0438 \u0434\u043b\u044f \u0441\u043f\u0438\u0446 \"\u0421\u043f\u0438\u0440\u0430\u043b\u044c\" Small  (\u2116 3123)"},"content":{"rendered":"<p data-start=\"64\" data-end=\"292\">\u041a\u0440\u0430\u0441\u043e\u0447\u043d\u044b\u0435 <strong data-start=\"74\" data-end=\"84\">Clover<\/strong> \u0434\u0435\u0440\u0436\u0430\u0442\u0435\u043b\u0438 \u0434\u043b\u044f \u0441\u043f\u0438\u0446 \u0441\u043f\u0438\u0440\u0430\u043b\u044c\u043d\u043e\u0439 \u0444\u043e\u0440\u043c\u044b \u2014 \u043f\u0440\u0430\u043a\u0442\u0438\u0447\u043d\u043e\u0435 \u0438 \u0441\u0442\u0438\u043b\u044c\u043d\u043e\u0435 \u0440\u0435\u0448\u0435\u043d\u0438\u0435 \u0434\u043b\u044f \u0445\u0440\u0430\u043d\u0435\u043d\u0438\u044f \u0432\u044f\u0437\u0430\u043b\u044c\u043d\u044b\u0445 \u0438\u043d\u0441\u0442\u0440\u0443\u043c\u0435\u043d\u0442\u043e\u0432. \u041e\u043d\u0438 \u043f\u0440\u0435\u0434\u043d\u0430\u0437\u043d\u0430\u0447\u0435\u043d\u044b \u0434\u043b\u044f \u0431\u0435\u0440\u0435\u0436\u043d\u043e\u0433\u043e \u0441\u043e\u0435\u0434\u0438\u043d\u0435\u043d\u0438\u044f \u0441\u043f\u0438\u0446 \u0438 \u0437\u0430\u0449\u0438\u0442\u044b \u0438\u0445 \u043e\u0442 \u0441\u043e\u0441\u043a\u0430\u043b\u044c\u0437\u044b\u0432\u0430\u043d\u0438\u044f \u0438 \u0440\u0430\u0441\u043f\u0443\u0441\u043a\u0430\u043d\u0438\u044f.<\/p>\n<p data-start=\"294\" data-end=\"410\">\u0411\u043b\u0430\u0433\u043e\u0434\u0430\u0440\u044f \u0433\u0438\u0431\u043a\u043e\u043c\u0443, \u043d\u043e \u043f\u0440\u043e\u0447\u043d\u043e\u043c\u0443 \u043f\u043b\u0430\u0441\u0442\u0438\u043a\u0443 \u0434\u0435\u0440\u0436\u0430\u0442\u0435\u043b\u0438 \u043b\u0435\u0433\u043a\u043e \u0430\u0434\u0430\u043f\u0442\u0438\u0440\u0443\u044e\u0442\u0441\u044f \u043a \u0440\u0430\u0437\u043b\u0438\u0447\u043d\u044b\u043c \u0442\u0438\u043f\u0430\u043c \u0441\u043f\u0438\u0446 \u0438 \u043d\u0430\u0434\u0435\u0436\u043d\u043e \u0443\u0434\u0435\u0440\u0436\u0438\u0432\u0430\u044e\u0442 \u0438\u0445.<\/p>\n<p data-start=\"412\" data-end=\"424\"><strong data-start=\"412\" data-end=\"422\">\u041f\u043e\u0434\u0445\u043e\u0434\u0438\u0442 \u0434\u043b\u044f:<\/strong><\/p>\n<ul data-start=\"425\" data-end=\"540\">\n<li data-start=\"425\" data-end=\"463\">\n<p data-start=\"427\" data-end=\"463\">\u0434\u043b\u044f \u0447\u0443\u043b\u043e\u0447\u043d\u044b\u0445  \u0441\u043f\u0438\u0446 (2,0\u20134,0 \u043c\u043c)<\/p>\n<\/li>\n<li data-start=\"464\" data-end=\"503\">\n<p data-start=\"466\" data-end=\"503\">\u0434\u043b\u044f \u043a\u0440\u0443\u0433\u043e\u0432\u044b\u0445 \u0441\u043f\u0438\u0446 (2,75-5,5 \u043c\u043c)<\/p>\n<\/li>\n<li data-start=\"504\" data-end=\"540\">\n<p data-start=\"506\" data-end=\"540\">\u0434\u043b\u044f \u043f\u0440\u044f\u043c\u044b\u0445 \u0441\u043f\u0438\u0446 (2,75\u20135,5 \u043c\u043c)<\/p>\n<\/li>\n<\/ul>\n<p data-start=\"542\" data-end=\"656\"><strong data-start=\"542\" data-end=\"561\">\u0412 \u043a\u043e\u043c\u043f\u043b\u0435\u043a\u0442 \u0432\u0445\u043e\u0434\u0438\u0442:<\/strong><br data-start=\"561\" data-end=\"564\" \/>5 \u0434\u0435\u0440\u0436\u0430\u0442\u0435\u043b\u0435\u0439 \u0441\u043f\u0438\u0440\u0430\u043b\u044c\u043d\u043e\u0439 \u0444\u043e\u0440\u043c\u044b <strong data-start=\"593\" data-end=\"645\">\u0444\u0438\u043e\u043b\u0435\u0442\u043e\u0432\u044b\u0439, \u0437\u0435\u043b\u0435\u043d\u044b\u0439, \u0431\u0435\u043b\u044b\u0439, \u0441\u0438\u043d\u0438\u0439 \u0438 \u043e\u0440\u0430\u043d\u0436\u0435\u0432\u044b\u0439<\/strong> \u0446\u0432\u0435\u0442\u0430<\/p>\n<p data-start=\"658\" data-end=\"672\"><strong data-start=\"658\" data-end=\"670\">\u0424\u0443\u043d\u043a\u0446\u0438\u0438:<\/strong><\/p>\n<ul data-start=\"673\" data-end=\"882\">\n<li data-start=\"673\" data-end=\"727\">\n<p data-start=\"675\" data-end=\"727\">\u042d\u043b\u0430\u0441\u0442\u0438\u0447\u043d\u044b\u0435, \u043d\u043e \u043f\u0440\u043e\u0447\u043d\u043e \u0443\u0434\u0435\u0440\u0436\u0438\u0432\u0430\u044e\u0442 \u0441\u043f\u0438\u0446\u044b (\u0434\u043e 5 \u0448\u0442.)<\/p>\n<\/li>\n<li data-start=\"728\" data-end=\"774\">\n<p data-start=\"730\" data-end=\"774\">\u041d\u0435 \u0441\u043a\u043e\u043b\u044c\u0437\u044f\u0442 \u0438 \u043d\u0435 \u043f\u043e\u0432\u0440\u0435\u0436\u0434\u0430\u044e\u0442 \u043f\u043e\u0432\u0435\u0440\u0445\u043d\u043e\u0441\u0442\u044c \u0441\u043f\u0438\u0446<\/p>\n<\/li>\n<li data-start=\"775\" data-end=\"828\">\n<p data-start=\"777\" data-end=\"828\">\u041f\u0440\u043e\u0441\u0442\u043e\u0442\u0430 \u0438\u0441\u043f\u043e\u043b\u044c\u0437\u043e\u0432\u0430\u043d\u0438\u044f \u2014 \u043f\u0440\u043e\u0441\u0442\u043e \u043d\u0430\u0434\u0435\u043d\u044c\u0442\u0435 \u0438\u0445 \u043d\u0430 \u043a\u043e\u043d\u0446\u044b \u0441\u043f\u0438\u0446<\/p>\n<\/li>\n<li data-start=\"829\" data-end=\"882\">\n<p data-start=\"831\" data-end=\"882\">\u042f\u0440\u043a\u0438\u0435 \u0446\u0432\u0435\u0442\u0430 \u043f\u043e\u0437\u0432\u043e\u043b\u044f\u044e\u0442 \u043b\u0435\u0433\u043a\u043e \u043d\u0430\u0439\u0442\u0438 \u0441\u0440\u0435\u0434\u0438 \u0438\u043d\u0441\u0442\u0440\u0443\u043c\u0435\u043d\u0442\u043e\u0432<\/p>\n<\/li>\n<\/ul>\n<p data-start=\"884\" data-end=\"1007\" data-is-last-node=\"\" data-is-only-node=\"\"><strong data-start=\"884\" data-end=\"899\">\u041f\u0440\u043e\u0438\u0437\u0432\u043e\u0434\u0438\u0442\u0435\u043b\u044c:<\/strong> Clover, \u042f\u043f\u043e\u043d\u0438\u044f<br data-start=\"916\" data-end=\"919\" \/><strong data-start=\"919\" data-end=\"931\">\u041f\u0440\u0438\u043c\u0435\u0447\u0430\u043d\u0438\u0435:<\/strong> \u0426\u0432\u0435\u0442\u043e\u0432\u044b\u0435 \u043e\u0442\u0442\u0435\u043d\u043a\u0438 \u043c\u043e\u0433\u0443\u0442 \u043d\u0435\u0437\u043d\u0430\u0447\u0438\u0442\u0435\u043b\u044c\u043d\u043e \u043e\u0442\u043b\u0438\u0447\u0430\u0442\u044c\u0441\u044f \u0432 \u0437\u0430\u0432\u0438\u0441\u0438\u043c\u043e\u0441\u0442\u0438 \u043e\u0442 \u044d\u043a\u0440\u0430\u043d\u0430 \u0432\u0430\u0448\u0435\u0433\u043e \u0443\u0441\u0442\u0440\u043e\u0439\u0441\u0442\u0432\u0430.<\/p>","protected":false},"excerpt":{"rendered":"<p>Spalvingi Clover spiral\u0117s formos virbal\u0173 laikikliai \u2013 tai prakti\u0161kas ir stilingas sprendimas j\u016bs\u0173 mezgimo \u012frankiams laikyti. Jie skirti \u0161velniam virbal\u0173 sujungimui ir apsaugai, kad virbalai nei\u0161slyst\u0173 ir mezginys nei\u0161irt\u0173. D\u0117l lankstaus, bet tvirto plastiko laikikliai lengvai prisitaiko prie \u012fvairaus tipo virbal\u0173 ir juos saugiai laiko. Tinka: kojininiams virbalams (2,0\u20134,0 mm) apskritiems virbalams (2,75\u20135,5 mm) tiesiems [&hellip;]<\/p>\n","protected":false},"featured_media":5741,"comment_status":"open","ping_status":"closed","template":"","meta":{"_acf_changed":false},"product_brand":[1074],"product_cat":[15,868,1350,20],"product_tag":[],"pro-kategorijos":[],"class_list":{"0":"post-5738","1":"product","2":"type-product","3":"status-publish","4":"has-post-thumbnail","6":"product_brand-clover","7":"product_cat-visi-produktai","8":"product_cat-antgaliaistabdziukai","9":"product_cat-laikikliai","10":"product_cat-priedai-mezgimui","12":"first","13":"outofstock","14":"shipping-taxable","15":"purchasable","16":"product-type-simple"},"acf":[],"yoast_head":"<!-- This site is optimized with the Yoast SEO plugin v26.8 - https:\/\/yoast.com\/product\/yoast-seo-wordpress\/ -->\n<title>Clover virbal\u0173 laikikliai \u201eSpiraliniai\u201c Small (Nr. 3123) - Happyinaknit.com<\/title>\n<meta name=\"robots\" content=\"index, follow, max-snippet:-1, max-image-preview:large, max-video-preview:-1\" \/>\n<link rel=\"canonical\" href=\"https:\/\/happyinaknit.com\/ru\/product\/clover-virbalu-laikikliai-spiraliniai-small-nr-3123\/\" \/>\n<meta property=\"og:locale\" content=\"ru_RU\" \/>\n<meta property=\"og:type\" content=\"article\" \/>\n<meta property=\"og:title\" content=\"Clover virbal\u0173 laikikliai \u201eSpiraliniai\u201c Small (Nr. 3123) - Happyinaknit.com\" \/>\n<meta property=\"og:description\" content=\"Spalvingi Clover spiral\u0117s formos virbal\u0173 laikikliai \u2013 tai prakti\u0161kas ir stilingas sprendimas j\u016bs\u0173 mezgimo \u012frankiams laikyti. Jie skirti \u0161velniam virbal\u0173 sujungimui ir apsaugai, kad virbalai nei\u0161slyst\u0173 ir mezginys nei\u0161irt\u0173. D\u0117l lankstaus, bet tvirto plastiko laikikliai lengvai prisitaiko prie \u012fvairaus tipo virbal\u0173 ir juos saugiai laiko. Tinka: kojininiams virbalams (2,0\u20134,0 mm) apskritiems virbalams (2,75\u20135,5 mm) tiesiems [&hellip;]\" \/>\n<meta property=\"og:url\" content=\"https:\/\/happyinaknit.com\/ru\/product\/clover-virbalu-laikikliai-spiraliniai-small-nr-3123\/\" \/>\n<meta property=\"og:site_name\" content=\"Happyinaknit.com\" \/>\n<meta property=\"article:modified_time\" content=\"2026-02-08T19:02:24+00:00\" \/>\n<meta property=\"og:image\" content=\"https:\/\/happyinaknit.com\/wp-content\/uploads\/2025\/10\/051221354519_2122_2048x.jpg.webp\" \/>\n\t<meta property=\"og:image:width\" content=\"2048\" \/>\n\t<meta property=\"og:image:height\" content=\"2048\" \/>\n\t<meta property=\"og:image:type\" content=\"image\/webp\" \/>\n<meta name=\"twitter:card\" content=\"summary_large_image\" \/>\n<meta name=\"twitter:label1\" content=\"\u041f\u0440\u0438\u043c\u0435\u0440\u043d\u043e\u0435 \u0432\u0440\u0435\u043c\u044f \u0434\u043b\u044f \u0447\u0442\u0435\u043d\u0438\u044f\" \/>\n\t<meta name=\"twitter:data1\" content=\"1 \u043c\u0438\u043d\u0443\u0442\u0430\" \/>\n<script type=\"application\/ld+json\" class=\"yoast-schema-graph\">{\"@context\":\"https:\/\/schema.org\",\"@graph\":[{\"@type\":\"WebPage\",\"@id\":\"https:\/\/happyinaknit.com\/produktas\/clover-virbalu-laikikliai-spiraliniai-small-nr-3123\/\",\"url\":\"https:\/\/happyinaknit.com\/produktas\/clover-virbalu-laikikliai-spiraliniai-small-nr-3123\/\",\"name\":\"Clover virbal\u0173 laikikliai \u201eSpiraliniai\u201c Small (Nr. 3123) - Happyinaknit.com\",\"isPartOf\":{\"@id\":\"https:\/\/happyinaknit.com\/lt\/#website\"},\"primaryImageOfPage\":{\"@id\":\"https:\/\/happyinaknit.com\/produktas\/clover-virbalu-laikikliai-spiraliniai-small-nr-3123\/#primaryimage\"},\"image\":{\"@id\":\"https:\/\/happyinaknit.com\/produktas\/clover-virbalu-laikikliai-spiraliniai-small-nr-3123\/#primaryimage\"},\"thumbnailUrl\":\"https:\/\/happyinaknit.com\/wp-content\/uploads\/2025\/10\/051221354519_2122_2048x.jpg.webp\",\"datePublished\":\"2025-10-17T23:22:40+00:00\",\"dateModified\":\"2026-02-08T19:02:24+00:00\",\"breadcrumb\":{\"@id\":\"https:\/\/happyinaknit.com\/produktas\/clover-virbalu-laikikliai-spiraliniai-small-nr-3123\/#breadcrumb\"},\"inLanguage\":\"ru-RU\",\"potentialAction\":[{\"@type\":\"ReadAction\",\"target\":[\"https:\/\/happyinaknit.com\/produktas\/clover-virbalu-laikikliai-spiraliniai-small-nr-3123\/\"]}]},{\"@type\":\"ImageObject\",\"inLanguage\":\"ru-RU\",\"@id\":\"https:\/\/happyinaknit.com\/produktas\/clover-virbalu-laikikliai-spiraliniai-small-nr-3123\/#primaryimage\",\"url\":\"https:\/\/happyinaknit.com\/wp-content\/uploads\/2025\/10\/051221354519_2122_2048x.jpg.webp\",\"contentUrl\":\"https:\/\/happyinaknit.com\/wp-content\/uploads\/2025\/10\/051221354519_2122_2048x.jpg.webp\",\"width\":2048,\"height\":2048},{\"@type\":\"BreadcrumbList\",\"@id\":\"https:\/\/happyinaknit.com\/produktas\/clover-virbalu-laikikliai-spiraliniai-small-nr-3123\/#breadcrumb\",\"itemListElement\":[{\"@type\":\"ListItem\",\"position\":1,\"name\":\"Home\",\"item\":\"https:\/\/happyinaknit.com\/lt\/\"},{\"@type\":\"ListItem\",\"position\":2,\"name\":\"Parduotuv\u0117\",\"item\":\"https:\/\/happyinaknit.com\/lt\/parduotuve\/\"},{\"@type\":\"ListItem\",\"position\":3,\"name\":\"Clover virbal\u0173 laikikliai \u201eSpiraliniai\u201c Small (Nr. 3123)\"}]},{\"@type\":\"WebSite\",\"@id\":\"https:\/\/happyinaknit.com\/lt\/#website\",\"url\":\"https:\/\/happyinaknit.com\/lt\/\",\"name\":\"Happyinaknit.com\",\"description\":\"\",\"potentialAction\":[{\"@type\":\"SearchAction\",\"target\":{\"@type\":\"EntryPoint\",\"urlTemplate\":\"https:\/\/happyinaknit.com\/lt\/?s={search_term_string}\"},\"query-input\":{\"@type\":\"PropertyValueSpecification\",\"valueRequired\":true,\"valueName\":\"search_term_string\"}}],\"inLanguage\":\"ru-RU\"}]}<\/script>\n<!-- \/ Yoast SEO plugin. -->","yoast_head_json":{"title":"Clover virbal\u0173 laikikliai \u201eSpiraliniai\u201c Small (Nr. 3123) - Happyinaknit.com","robots":{"index":"index","follow":"follow","max-snippet":"max-snippet:-1","max-image-preview":"max-image-preview:large","max-video-preview":"max-video-preview:-1"},"canonical":"https:\/\/happyinaknit.com\/ru\/product\/clover-virbalu-laikikliai-spiraliniai-small-nr-3123\/","og_locale":"ru_RU","og_type":"article","og_title":"Clover virbal\u0173 laikikliai \u201eSpiraliniai\u201c Small (Nr. 3123) - Happyinaknit.com","og_description":"Spalvingi Clover spiral\u0117s formos virbal\u0173 laikikliai \u2013 tai prakti\u0161kas ir stilingas sprendimas j\u016bs\u0173 mezgimo \u012frankiams laikyti. Jie skirti \u0161velniam virbal\u0173 sujungimui ir apsaugai, kad virbalai nei\u0161slyst\u0173 ir mezginys nei\u0161irt\u0173. D\u0117l lankstaus, bet tvirto plastiko laikikliai lengvai prisitaiko prie \u012fvairaus tipo virbal\u0173 ir juos saugiai laiko. Tinka: kojininiams virbalams (2,0\u20134,0 mm) apskritiems virbalams (2,75\u20135,5 mm) tiesiems [&hellip;]","og_url":"https:\/\/happyinaknit.com\/ru\/product\/clover-virbalu-laikikliai-spiraliniai-small-nr-3123\/","og_site_name":"Happyinaknit.com","article_modified_time":"2026-02-08T19:02:24+00:00","og_image":[{"width":2048,"height":2048,"url":"https:\/\/happyinaknit.com\/wp-content\/uploads\/2025\/10\/051221354519_2122_2048x.jpg.webp","type":"image\/webp"}],"twitter_card":"summary_large_image","twitter_misc":{"\u041f\u0440\u0438\u043c\u0435\u0440\u043d\u043e\u0435 \u0432\u0440\u0435\u043c\u044f \u0434\u043b\u044f \u0447\u0442\u0435\u043d\u0438\u044f":"1 \u043c\u0438\u043d\u0443\u0442\u0430"},"schema":{"@context":"https:\/\/schema.org","@graph":[{"@type":"WebPage","@id":"https:\/\/happyinaknit.com\/produktas\/clover-virbalu-laikikliai-spiraliniai-small-nr-3123\/","url":"https:\/\/happyinaknit.com\/produktas\/clover-virbalu-laikikliai-spiraliniai-small-nr-3123\/","name":"Clover virbal\u0173 laikikliai \u201eSpiraliniai\u201c Small (Nr. 3123) - Happyinaknit.com","isPartOf":{"@id":"https:\/\/happyinaknit.com\/lt\/#website"},"primaryImageOfPage":{"@id":"https:\/\/happyinaknit.com\/produktas\/clover-virbalu-laikikliai-spiraliniai-small-nr-3123\/#primaryimage"},"image":{"@id":"https:\/\/happyinaknit.com\/produktas\/clover-virbalu-laikikliai-spiraliniai-small-nr-3123\/#primaryimage"},"thumbnailUrl":"https:\/\/happyinaknit.com\/wp-content\/uploads\/2025\/10\/051221354519_2122_2048x.jpg.webp","datePublished":"2025-10-17T23:22:40+00:00","dateModified":"2026-02-08T19:02:24+00:00","breadcrumb":{"@id":"https:\/\/happyinaknit.com\/produktas\/clover-virbalu-laikikliai-spiraliniai-small-nr-3123\/#breadcrumb"},"inLanguage":"ru-RU","potentialAction":[{"@type":"ReadAction","target":["https:\/\/happyinaknit.com\/produktas\/clover-virbalu-laikikliai-spiraliniai-small-nr-3123\/"]}]},{"@type":"ImageObject","inLanguage":"ru-RU","@id":"https:\/\/happyinaknit.com\/produktas\/clover-virbalu-laikikliai-spiraliniai-small-nr-3123\/#primaryimage","url":"https:\/\/happyinaknit.com\/wp-content\/uploads\/2025\/10\/051221354519_2122_2048x.jpg.webp","contentUrl":"https:\/\/happyinaknit.com\/wp-content\/uploads\/2025\/10\/051221354519_2122_2048x.jpg.webp","width":2048,"height":2048},{"@type":"BreadcrumbList","@id":"https:\/\/happyinaknit.com\/produktas\/clover-virbalu-laikikliai-spiraliniai-small-nr-3123\/#breadcrumb","itemListElement":[{"@type":"ListItem","position":1,"name":"Home","item":"https:\/\/happyinaknit.com\/lt\/"},{"@type":"ListItem","position":2,"name":"Parduotuv\u0117","item":"https:\/\/happyinaknit.com\/lt\/parduotuve\/"},{"@type":"ListItem","position":3,"name":"Clover virbal\u0173 laikikliai \u201eSpiraliniai\u201c Small (Nr. 3123)"}]},{"@type":"WebSite","@id":"https:\/\/happyinaknit.com\/lt\/#website","url":"https:\/\/happyinaknit.com\/lt\/","name":"Happyinaknit.com","description":"","potentialAction":[{"@type":"SearchAction","target":{"@type":"EntryPoint","urlTemplate":"https:\/\/happyinaknit.com\/lt\/?s={search_term_string}"},"query-input":{"@type":"PropertyValueSpecification","valueRequired":true,"valueName":"search_term_string"}}],"inLanguage":"ru-RU"}]}},"_links":{"self":[{"href":"https:\/\/happyinaknit.com\/ru\/wp-json\/wp\/v2\/product\/5738","targetHints":{"allow":["GET"]}}],"collection":[{"href":"https:\/\/happyinaknit.com\/ru\/wp-json\/wp\/v2\/product"}],"about":[{"href":"https:\/\/happyinaknit.com\/ru\/wp-json\/wp\/v2\/types\/product"}],"replies":[{"embeddable":true,"href":"https:\/\/happyinaknit.com\/ru\/wp-json\/wp\/v2\/comments?post=5738"}],"wp:featuredmedia":[{"embeddable":true,"href":"https:\/\/happyinaknit.com\/ru\/wp-json\/wp\/v2\/media\/5741"}],"wp:attachment":[{"href":"https:\/\/happyinaknit.com\/ru\/wp-json\/wp\/v2\/media?parent=5738"}],"wp:term":[{"taxonomy":"product_brand","embeddable":true,"href":"https:\/\/happyinaknit.com\/ru\/wp-json\/wp\/v2\/product_brand?post=5738"},{"taxonomy":"product_cat","embeddable":true,"href":"https:\/\/happyinaknit.com\/ru\/wp-json\/wp\/v2\/product_cat?post=5738"},{"taxonomy":"product_tag","embeddable":true,"href":"https:\/\/happyinaknit.com\/ru\/wp-json\/wp\/v2\/product_tag?post=5738"},{"taxonomy":"pro-kategorijos","embeddable":true,"href":"https:\/\/happyinaknit.com\/ru\/wp-json\/wp\/v2\/pro-kategorijos?post=5738"}],"curies":[{"name":"wp","href":"https:\/\/api.w.org\/{rel}","templated":true}]}}