{"id":5731,"date":"2025-10-17T23:15:00","date_gmt":"2025-10-17T23:15:00","guid":{"rendered":"https:\/\/happyinaknit.com\/?post_type=product&#038;p=5731"},"modified":"2025-10-24T22:35:54","modified_gmt":"2025-10-24T22:35:54","slug":"clover-audinio-segtukai-nr-3185","status":"publish","type":"product","link":"https:\/\/happyinaknit.com\/ru\/product\/clover-audinio-segtukai-nr-3185\/","title":{"rendered":"Clover \u0437\u0430\u0436\u0438\u043c\u044b \u0434\u043b\u044f \u0442\u043a\u0430\u043d\u0438 Clover (\u2116 3185)"},"content":{"rendered":"<p data-start=\"42\" data-end=\"357\">\u0412\u044b\u0441\u043e\u043a\u043e\u043a\u0430\u0447\u0435\u0441\u0442\u0432\u0435\u043d\u043d\u044b\u0439 <strong data-start=\"58\" data-end=\"68\">Clover<\/strong> \u0437\u0430\u0436\u0438\u043c\u044b \u2014 \u043e\u0442\u043b\u0438\u0447\u043d\u0430\u044f \u0430\u043b\u044c\u0442\u0435\u0440\u043d\u0430\u0442\u0438\u0432\u0430 \u0431\u0443\u043b\u0430\u0432\u043a\u0430\u043c \u0438 \u043d\u0438\u0442\u043a\u0430\u043c, \u043a\u043e\u0433\u0434\u0430 \u0432\u0430\u043c \u043d\u0443\u0436\u043d\u043e \u0437\u0430\u043a\u0440\u0435\u043f\u0438\u0442\u044c \u043d\u0435\u0441\u043a\u043e\u043b\u044c\u043a\u043e \u0441\u043b\u043e\u0451\u0432 \u0442\u043a\u0430\u043d\u0438 \u0438\u043b\u0438 \u0440\u0430\u0431\u043e\u0442\u0430\u0442\u044c \u0441 \u0442\u043e\u043b\u0441\u0442\u044b\u043c\u0438, \u0442\u044f\u0436\u0451\u043b\u044b\u043c\u0438 \u043c\u0430\u0442\u0435\u0440\u0438\u0430\u043b\u0430\u043c\u0438. \u0421\u043a\u043e\u0431\u044b \u0448\u0438\u0440\u043e\u043a\u043e \u0440\u0430\u0441\u043a\u0440\u044b\u0432\u0430\u044e\u0442\u0441\u044f, \u0438\u043c\u0435\u044e\u0442 \u043c\u0435\u0440\u043d\u044b\u0435 \u043c\u0435\u0442\u043a\u0438 \u0438 \u043f\u043b\u043e\u0441\u043a\u0443\u044e \u043d\u0438\u0436\u043d\u044e\u044e \u0447\u0430\u0441\u0442\u044c, \u0447\u0442\u043e \u0434\u0435\u043b\u0430\u0435\u0442 \u0438\u0445 \u0447\u0440\u0435\u0437\u0432\u044b\u0447\u0430\u0439\u043d\u043e \u0443\u0434\u043e\u0431\u043d\u044b\u043c\u0438 \u0434\u043b\u044f \u0438\u0441\u043f\u043e\u043b\u044c\u0437\u043e\u0432\u0430\u043d\u0438\u044f \u043d\u0430 \u0448\u0432\u0435\u0439\u043d\u043e\u0439 \u043c\u0430\u0448\u0438\u043d\u0435 \u0438\u043b\u0438 \u043e\u0432\u0435\u0440\u043b\u043e\u043a\u0435.<\/p>\n<p data-start=\"359\" data-end=\"482\"><strong data-start=\"359\" data-end=\"378\">\u0412 \u043a\u043e\u043c\u043f\u043b\u0435\u043a\u0442 \u0432\u0445\u043e\u0434\u0438\u0442:<\/strong><br data-start=\"378\" data-end=\"381\" \/>10 \u0437\u0430\u0436\u0438\u043c\u043e\u0432 (\u043f\u043e 2 \u043a\u0430\u0436\u0434\u043e\u0433\u043e \u0446\u0432\u0435\u0442\u0430): <strong data-start=\"424\" data-end=\"480\">\u0436\u0435\u043b\u0442\u044b\u0439, \u043e\u0440\u0430\u043d\u0436\u0435\u0432\u044b\u0439, \u0440\u043e\u0437\u043e\u0432\u044b\u0439, \u0444\u0438\u043e\u043b\u0435\u0442\u043e\u0432\u044b\u0439 \u0438 \u0441\u0438\u043d\u0438\u0439<\/strong><\/p>\n<p data-start=\"484\" data-end=\"498\"><strong data-start=\"484\" data-end=\"496\">\u0424\u0443\u043d\u043a\u0446\u0438\u0438:<\/strong><\/p>\n<ul data-start=\"499\" data-end=\"747\">\n<li data-start=\"499\" data-end=\"541\">\n<p data-start=\"501\" data-end=\"541\">\u041d\u0430\u0434\u0435\u0436\u043d\u043e \u0443\u0434\u0435\u0440\u0436\u0438\u0432\u0430\u0435\u0442 \u043d\u0435\u0441\u043a\u043e\u043b\u044c\u043a\u043e \u0441\u043b\u043e\u0435\u0432 \u0442\u043a\u0430\u043d\u0438<\/p>\n<\/li>\n<li data-start=\"542\" data-end=\"590\">\n<p data-start=\"544\" data-end=\"590\">\u0411\u0435\u0437\u043e\u043f\u0430\u0441\u043d\u0435\u0435 \u0431\u0443\u043b\u0430\u0432\u043e\u043a \u2014 \u043d\u0435 \u043f\u043e\u0440\u0442\u0438\u0442 \u0442\u043a\u0430\u043d\u044c.<\/p>\n<\/li>\n<li data-start=\"591\" data-end=\"646\">\n<p data-start=\"593\" data-end=\"646\">\u0423 \u0432\u0430\u0441 \u0435\u0441\u0442\u044c <strong data-start=\"598\" data-end=\"619\">\u043f\u043b\u043e\u0441\u043a\u043e\u0435 \u043e\u0441\u043d\u043e\u0432\u0430\u043d\u0438\u0435<\/strong> \u0434\u043b\u044f \u0443\u0434\u043e\u0431\u0441\u0442\u0432\u0430 \u043d\u0430  \u0448\u0432\u0435\u0439\u043d\u043e\u0439 \u043c\u0430\u0448\u0438\u043d\u0435<\/p>\n<\/li>\n<li data-start=\"687\" data-end=\"747\">\n<p data-start=\"689\" data-end=\"747\">\u0418\u0434\u0435\u0430\u043b\u044c\u043d\u043e \u043f\u043e\u0434\u0445\u043e\u0434\u0438\u0442 \u043a\u0430\u043a \u0434\u043b\u044f \u043f\u0440\u043e\u0444\u0435\u0441\u0441\u0438\u043e\u043d\u0430\u043b\u043e\u0432, \u0442\u0430\u043a \u0438 \u0434\u043b\u044f \u043d\u043e\u0432\u0438\u0447\u043a\u043e\u0432.<\/p>\n<\/li>\n<\/ul>\n<p data-start=\"749\" data-end=\"872\" data-is-last-node=\"\" data-is-only-node=\"\"><strong data-start=\"749\" data-end=\"764\">\u041f\u0440\u043e\u0438\u0437\u0432\u043e\u0434\u0438\u0442\u0435\u043b\u044c:<\/strong> Clover, \u042f\u043f\u043e\u043d\u0438\u044f<br data-start=\"781\" data-end=\"784\" \/><strong data-start=\"784\" data-end=\"796\">\u041f\u0440\u0438\u043c\u0435\u0447\u0430\u043d\u0438\u0435:<\/strong> \u0426\u0432\u0435\u0442\u043e\u0432\u044b\u0435 \u043e\u0442\u0442\u0435\u043d\u043a\u0438 \u043c\u043e\u0433\u0443\u0442 \u043d\u0435\u0437\u043d\u0430\u0447\u0438\u0442\u0435\u043b\u044c\u043d\u043e \u043e\u0442\u043b\u0438\u0447\u0430\u0442\u044c\u0441\u044f \u0432 \u0437\u0430\u0432\u0438\u0441\u0438\u043c\u043e\u0441\u0442\u0438 \u043e\u0442 \u044d\u043a\u0440\u0430\u043d\u0430 \u0432\u0430\u0448\u0435\u0433\u043e \u0443\u0441\u0442\u0440\u043e\u0439\u0441\u0442\u0432\u0430.<\/p>","protected":false},"excerpt":{"rendered":"<p>Auk\u0161tos kokyb\u0117s Clover segtukai \u2013 puiki alternatyva smeigtukams ar si\u016bl\u0173 \u012fv\u0117rimui, kai reikia pritvirtinti kelis audinio sluoksnius ar dirbti su stora, sunki\u0105ja med\u017eiaga. Segtukai pla\u010diai atsiveria, turi matavimo \u017eym\u0117jimus ir plok\u0161\u010di\u0105 apatin\u0119 pus\u0119, tod\u0117l yra itin patog\u016bs naudojant siuvimo ma\u0161ina ar overloku. Rinkin\u012f sudaro:10 segtuk\u0173 (po 2 vnt. kiekvienos spalvos): geltoni, oran\u017einiai, ro\u017einiai, violetiniai ir [&hellip;]<\/p>\n","protected":false},"featured_media":5737,"comment_status":"open","ping_status":"closed","template":"","meta":{"_acf_changed":false},"product_brand":[1074],"product_cat":[15,1082,52,1350,20],"product_tag":[],"pro-kategorijos":[],"class_list":{"0":"post-5731","1":"product","2":"type-product","3":"status-publish","4":"has-post-thumbnail","6":"product_brand-clover","7":"product_cat-visi-produktai","8":"product_cat-blokavimo-priemones","9":"product_cat-kiti-mezgimo-reikmenys","10":"product_cat-laikikliai","11":"product_cat-priedai-mezgimui","13":"first","14":"instock","15":"shipping-taxable","16":"purchasable","17":"product-type-simple"},"acf":[],"yoast_head":"<!-- This site is optimized with the Yoast SEO plugin v26.8 - https:\/\/yoast.com\/product\/yoast-seo-wordpress\/ -->\n<title>Clover audinio segtukai (Nr. 3185) - Happyinaknit.com<\/title>\n<meta name=\"robots\" content=\"index, follow, max-snippet:-1, max-image-preview:large, max-video-preview:-1\" \/>\n<link rel=\"canonical\" href=\"https:\/\/happyinaknit.com\/ru\/product\/clover-audinio-segtukai-nr-3185\/\" \/>\n<meta property=\"og:locale\" content=\"ru_RU\" \/>\n<meta property=\"og:type\" content=\"article\" \/>\n<meta property=\"og:title\" content=\"Clover audinio segtukai (Nr. 3185) - Happyinaknit.com\" \/>\n<meta property=\"og:description\" content=\"Auk\u0161tos kokyb\u0117s Clover segtukai \u2013 puiki alternatyva smeigtukams ar si\u016bl\u0173 \u012fv\u0117rimui, kai reikia pritvirtinti kelis audinio sluoksnius ar dirbti su stora, sunki\u0105ja med\u017eiaga. Segtukai pla\u010diai atsiveria, turi matavimo \u017eym\u0117jimus ir plok\u0161\u010di\u0105 apatin\u0119 pus\u0119, tod\u0117l yra itin patog\u016bs naudojant siuvimo ma\u0161ina ar overloku. Rinkin\u012f sudaro:10 segtuk\u0173 (po 2 vnt. kiekvienos spalvos): geltoni, oran\u017einiai, ro\u017einiai, violetiniai ir [&hellip;]\" \/>\n<meta property=\"og:url\" content=\"https:\/\/happyinaknit.com\/ru\/product\/clover-audinio-segtukai-nr-3185\/\" \/>\n<meta property=\"og:site_name\" content=\"Happyinaknit.com\" \/>\n<meta property=\"article:modified_time\" content=\"2025-10-24T22:35:54+00:00\" \/>\n<meta property=\"og:image\" content=\"https:\/\/happyinaknit.com\/wp-content\/uploads\/2025\/10\/LG-0735_01000.jpg\" \/>\n\t<meta property=\"og:image:width\" content=\"750\" \/>\n\t<meta property=\"og:image:height\" content=\"750\" \/>\n\t<meta property=\"og:image:type\" content=\"image\/jpeg\" \/>\n<meta name=\"twitter:card\" content=\"summary_large_image\" \/>\n<meta name=\"twitter:label1\" content=\"\u041f\u0440\u0438\u043c\u0435\u0440\u043d\u043e\u0435 \u0432\u0440\u0435\u043c\u044f \u0434\u043b\u044f \u0447\u0442\u0435\u043d\u0438\u044f\" \/>\n\t<meta name=\"twitter:data1\" content=\"1 \u043c\u0438\u043d\u0443\u0442\u0430\" \/>\n<script type=\"application\/ld+json\" class=\"yoast-schema-graph\">{\"@context\":\"https:\/\/schema.org\",\"@graph\":[{\"@type\":\"WebPage\",\"@id\":\"https:\/\/happyinaknit.com\/produktas\/clover-audinio-segtukai-nr-3185\/\",\"url\":\"https:\/\/happyinaknit.com\/produktas\/clover-audinio-segtukai-nr-3185\/\",\"name\":\"Clover audinio segtukai (Nr. 3185) - Happyinaknit.com\",\"isPartOf\":{\"@id\":\"https:\/\/happyinaknit.com\/lt\/#website\"},\"primaryImageOfPage\":{\"@id\":\"https:\/\/happyinaknit.com\/produktas\/clover-audinio-segtukai-nr-3185\/#primaryimage\"},\"image\":{\"@id\":\"https:\/\/happyinaknit.com\/produktas\/clover-audinio-segtukai-nr-3185\/#primaryimage\"},\"thumbnailUrl\":\"https:\/\/happyinaknit.com\/wp-content\/uploads\/2025\/10\/LG-0735_01000.jpg\",\"datePublished\":\"2025-10-17T23:15:00+00:00\",\"dateModified\":\"2025-10-24T22:35:54+00:00\",\"breadcrumb\":{\"@id\":\"https:\/\/happyinaknit.com\/produktas\/clover-audinio-segtukai-nr-3185\/#breadcrumb\"},\"inLanguage\":\"ru-RU\",\"potentialAction\":[{\"@type\":\"ReadAction\",\"target\":[\"https:\/\/happyinaknit.com\/produktas\/clover-audinio-segtukai-nr-3185\/\"]}]},{\"@type\":\"ImageObject\",\"inLanguage\":\"ru-RU\",\"@id\":\"https:\/\/happyinaknit.com\/produktas\/clover-audinio-segtukai-nr-3185\/#primaryimage\",\"url\":\"https:\/\/happyinaknit.com\/wp-content\/uploads\/2025\/10\/LG-0735_01000.jpg\",\"contentUrl\":\"https:\/\/happyinaknit.com\/wp-content\/uploads\/2025\/10\/LG-0735_01000.jpg\",\"width\":750,\"height\":750},{\"@type\":\"BreadcrumbList\",\"@id\":\"https:\/\/happyinaknit.com\/produktas\/clover-audinio-segtukai-nr-3185\/#breadcrumb\",\"itemListElement\":[{\"@type\":\"ListItem\",\"position\":1,\"name\":\"Home\",\"item\":\"https:\/\/happyinaknit.com\/lt\/\"},{\"@type\":\"ListItem\",\"position\":2,\"name\":\"Parduotuv\u0117\",\"item\":\"https:\/\/happyinaknit.com\/lt\/parduotuve\/\"},{\"@type\":\"ListItem\",\"position\":3,\"name\":\"Clover audinio segtukai (Nr. 3185)\"}]},{\"@type\":\"WebSite\",\"@id\":\"https:\/\/happyinaknit.com\/lt\/#website\",\"url\":\"https:\/\/happyinaknit.com\/lt\/\",\"name\":\"Happyinaknit.com\",\"description\":\"\",\"potentialAction\":[{\"@type\":\"SearchAction\",\"target\":{\"@type\":\"EntryPoint\",\"urlTemplate\":\"https:\/\/happyinaknit.com\/lt\/?s={search_term_string}\"},\"query-input\":{\"@type\":\"PropertyValueSpecification\",\"valueRequired\":true,\"valueName\":\"search_term_string\"}}],\"inLanguage\":\"ru-RU\"}]}<\/script>\n<!-- \/ Yoast SEO plugin. -->","yoast_head_json":{"title":"Clover audinio segtukai (Nr. 3185) - Happyinaknit.com","robots":{"index":"index","follow":"follow","max-snippet":"max-snippet:-1","max-image-preview":"max-image-preview:large","max-video-preview":"max-video-preview:-1"},"canonical":"https:\/\/happyinaknit.com\/ru\/product\/clover-audinio-segtukai-nr-3185\/","og_locale":"ru_RU","og_type":"article","og_title":"Clover audinio segtukai (Nr. 3185) - Happyinaknit.com","og_description":"Auk\u0161tos kokyb\u0117s Clover segtukai \u2013 puiki alternatyva smeigtukams ar si\u016bl\u0173 \u012fv\u0117rimui, kai reikia pritvirtinti kelis audinio sluoksnius ar dirbti su stora, sunki\u0105ja med\u017eiaga. Segtukai pla\u010diai atsiveria, turi matavimo \u017eym\u0117jimus ir plok\u0161\u010di\u0105 apatin\u0119 pus\u0119, tod\u0117l yra itin patog\u016bs naudojant siuvimo ma\u0161ina ar overloku. Rinkin\u012f sudaro:10 segtuk\u0173 (po 2 vnt. kiekvienos spalvos): geltoni, oran\u017einiai, ro\u017einiai, violetiniai ir [&hellip;]","og_url":"https:\/\/happyinaknit.com\/ru\/product\/clover-audinio-segtukai-nr-3185\/","og_site_name":"Happyinaknit.com","article_modified_time":"2025-10-24T22:35:54+00:00","og_image":[{"width":750,"height":750,"url":"https:\/\/happyinaknit.com\/wp-content\/uploads\/2025\/10\/LG-0735_01000.jpg","type":"image\/jpeg"}],"twitter_card":"summary_large_image","twitter_misc":{"\u041f\u0440\u0438\u043c\u0435\u0440\u043d\u043e\u0435 \u0432\u0440\u0435\u043c\u044f \u0434\u043b\u044f \u0447\u0442\u0435\u043d\u0438\u044f":"1 \u043c\u0438\u043d\u0443\u0442\u0430"},"schema":{"@context":"https:\/\/schema.org","@graph":[{"@type":"WebPage","@id":"https:\/\/happyinaknit.com\/produktas\/clover-audinio-segtukai-nr-3185\/","url":"https:\/\/happyinaknit.com\/produktas\/clover-audinio-segtukai-nr-3185\/","name":"Clover audinio segtukai (Nr. 3185) - Happyinaknit.com","isPartOf":{"@id":"https:\/\/happyinaknit.com\/lt\/#website"},"primaryImageOfPage":{"@id":"https:\/\/happyinaknit.com\/produktas\/clover-audinio-segtukai-nr-3185\/#primaryimage"},"image":{"@id":"https:\/\/happyinaknit.com\/produktas\/clover-audinio-segtukai-nr-3185\/#primaryimage"},"thumbnailUrl":"https:\/\/happyinaknit.com\/wp-content\/uploads\/2025\/10\/LG-0735_01000.jpg","datePublished":"2025-10-17T23:15:00+00:00","dateModified":"2025-10-24T22:35:54+00:00","breadcrumb":{"@id":"https:\/\/happyinaknit.com\/produktas\/clover-audinio-segtukai-nr-3185\/#breadcrumb"},"inLanguage":"ru-RU","potentialAction":[{"@type":"ReadAction","target":["https:\/\/happyinaknit.com\/produktas\/clover-audinio-segtukai-nr-3185\/"]}]},{"@type":"ImageObject","inLanguage":"ru-RU","@id":"https:\/\/happyinaknit.com\/produktas\/clover-audinio-segtukai-nr-3185\/#primaryimage","url":"https:\/\/happyinaknit.com\/wp-content\/uploads\/2025\/10\/LG-0735_01000.jpg","contentUrl":"https:\/\/happyinaknit.com\/wp-content\/uploads\/2025\/10\/LG-0735_01000.jpg","width":750,"height":750},{"@type":"BreadcrumbList","@id":"https:\/\/happyinaknit.com\/produktas\/clover-audinio-segtukai-nr-3185\/#breadcrumb","itemListElement":[{"@type":"ListItem","position":1,"name":"Home","item":"https:\/\/happyinaknit.com\/lt\/"},{"@type":"ListItem","position":2,"name":"Parduotuv\u0117","item":"https:\/\/happyinaknit.com\/lt\/parduotuve\/"},{"@type":"ListItem","position":3,"name":"Clover audinio segtukai (Nr. 3185)"}]},{"@type":"WebSite","@id":"https:\/\/happyinaknit.com\/lt\/#website","url":"https:\/\/happyinaknit.com\/lt\/","name":"Happyinaknit.com","description":"","potentialAction":[{"@type":"SearchAction","target":{"@type":"EntryPoint","urlTemplate":"https:\/\/happyinaknit.com\/lt\/?s={search_term_string}"},"query-input":{"@type":"PropertyValueSpecification","valueRequired":true,"valueName":"search_term_string"}}],"inLanguage":"ru-RU"}]}},"_links":{"self":[{"href":"https:\/\/happyinaknit.com\/ru\/wp-json\/wp\/v2\/product\/5731","targetHints":{"allow":["GET"]}}],"collection":[{"href":"https:\/\/happyinaknit.com\/ru\/wp-json\/wp\/v2\/product"}],"about":[{"href":"https:\/\/happyinaknit.com\/ru\/wp-json\/wp\/v2\/types\/product"}],"replies":[{"embeddable":true,"href":"https:\/\/happyinaknit.com\/ru\/wp-json\/wp\/v2\/comments?post=5731"}],"wp:featuredmedia":[{"embeddable":true,"href":"https:\/\/happyinaknit.com\/ru\/wp-json\/wp\/v2\/media\/5737"}],"wp:attachment":[{"href":"https:\/\/happyinaknit.com\/ru\/wp-json\/wp\/v2\/media?parent=5731"}],"wp:term":[{"taxonomy":"product_brand","embeddable":true,"href":"https:\/\/happyinaknit.com\/ru\/wp-json\/wp\/v2\/product_brand?post=5731"},{"taxonomy":"product_cat","embeddable":true,"href":"https:\/\/happyinaknit.com\/ru\/wp-json\/wp\/v2\/product_cat?post=5731"},{"taxonomy":"product_tag","embeddable":true,"href":"https:\/\/happyinaknit.com\/ru\/wp-json\/wp\/v2\/product_tag?post=5731"},{"taxonomy":"pro-kategorijos","embeddable":true,"href":"https:\/\/happyinaknit.com\/ru\/wp-json\/wp\/v2\/pro-kategorijos?post=5731"}],"curies":[{"name":"wp","href":"https:\/\/api.w.org\/{rel}","templated":true}]}}