{"id":5728,"date":"2025-10-17T22:54:36","date_gmt":"2025-10-17T22:54:36","guid":{"rendered":"https:\/\/happyinaknit.com\/?post_type=product&#038;p=5728"},"modified":"2025-10-18T08:00:59","modified_gmt":"2025-10-18T08:00:59","slug":"clover-nr-339","status":"publish","type":"product","link":"https:\/\/happyinaknit.com\/ru\/product\/clover-nr-339\/","title":{"rendered":"Clover \u043d\u0430\u0431\u043e\u0440 \u0438\u0433\u043b  (\u2116 339)"},"content":{"rendered":"<p data-start=\"64\" data-end=\"324\">\u0423\u0434\u043e\u0431\u043d\u044b\u0439 <strong data-start=\"72\" data-end=\"82\">Clover<\/strong> \u043d\u0430\u0431\u043e\u0440,  \u0432 \u043a\u043e\u0442\u043e\u0440\u043e\u043c \u043d\u0430\u0445\u043e\u0434\u044f\u0442\u0441\u044f 3 \u0438\u0433\u043b\u044b \u0434\u043b\u044f \u0441\u0448\u0438\u0432\u0430\u043d\u0438\u044f \u0442\u0440\u0438\u043a\u043e\u0442\u0430\u0436\u043d\u044b\u0445 \u0438\u0437\u0434\u0435\u043b\u0438\u0439, \u0437\u0430\u043f\u0440\u0430\u0432\u043b\u0435\u043d\u0438\u044f \u043a\u043e\u043d\u0447\u0438\u043a\u043e\u0432 \u043d\u0438\u0442\u0435\u0439 \u0438 \u043e\u0442\u0434\u0435\u043b\u043a\u0438. \u0418\u0433\u043b\u044b \u043d\u0430\u0434\u0435\u0436\u043d\u043e \u0445\u0440\u0430\u043d\u044f\u0442\u0441\u044f \u0432 \u044d\u043b\u0435\u0433\u0430\u043d\u0442\u043d\u043e\u043c \u0444\u0443\u0442\u043b\u044f\u0440\u0435 \u0441 \u0437\u0430\u0432\u0438\u043d\u0447\u0438\u0432\u0430\u044e\u0449\u0435\u0439\u0441\u044f \u043a\u0440\u044b\u0448\u043a\u043e\u0439 \u2014 \u0443\u0434\u043e\u0431\u043d\u043e \u0431\u0440\u0430\u0442\u044c \u0441 \u0441\u043e\u0431\u043e\u0439 \u0438\u043b\u0438 \u0445\u0440\u0430\u043d\u0438\u0442\u044c \u0432 \u0448\u0432\u0435\u0439\u043d\u043e\u0439 \u043a\u043e\u0440\u043e\u0431\u043a\u0435.<\/p>\n<p data-start=\"326\" data-end=\"347\"><strong data-start=\"326\" data-end=\"345\">\u0412 \u043a\u043e\u043c\u043f\u043b\u0435\u043a\u0442 \u0432\u0445\u043e\u0434\u0438\u0442:<\/strong><\/p>\n<ul data-start=\"348\" data-end=\"396\">\n<li data-start=\"348\" data-end=\"396\">\n<p data-start=\"350\" data-end=\"396\">3 \u0440\u0430\u0437\u043c\u0435\u0440\u0430 \u0438\u0433\u043b <strong data-start=\"366\" data-end=\"394\">\u2116 13, \u2116 17 \u0438 \u2116 20<\/strong><\/p>\n<\/li>\n<\/ul>\n<p data-start=\"398\" data-end=\"412\"><strong data-start=\"398\" data-end=\"410\">\u0424\u0443\u043d\u043a\u0446\u0438\u0438:<\/strong><\/p>\n<ul data-start=\"413\" data-end=\"605\">\n<li data-start=\"413\" data-end=\"462\">\n<p data-start=\"415\" data-end=\"462\">\u0423\u0434\u043e\u0431\u043d\u044b\u0439 <strong data-start=\"423\" data-end=\"443\">\u043d\u0430\u0432\u0438\u043d\u0447\u0438\u0432\u0430\u044e\u0449\u0438\u0439\u0441\u044f \u043a\u043e\u0440\u043f\u0443\u0441<\/strong> \u0434\u043b\u044f \u0431\u0435\u0437\u043e\u043f\u0430\u0441\u043d\u043e\u0433\u043e \u0445\u0440\u0430\u043d\u0435\u043d\u0438\u044f<\/p>\n<\/li>\n<li data-start=\"463\" data-end=\"519\">\n<p data-start=\"465\" data-end=\"519\">\u0413\u043b\u0430\u0434\u043a\u0430\u044f \u043c\u0435\u0442\u0430\u043b\u043b\u0438\u0447\u0435\u0441\u043a\u0430\u044f \u043f\u043e\u0432\u0435\u0440\u0445\u043d\u043e\u0441\u0442\u044c, \u043b\u0435\u0433\u043a\u043e \u0441\u043a\u043e\u043b\u044c\u0437\u0438\u0442 \u043c\u0435\u0436\u0434\u0443 \u043d\u0438\u0442\u044f\u043c\u0438<\/p>\n<\/li>\n<li data-start=\"520\" data-end=\"577\">\n<p data-start=\"522\" data-end=\"577\">\u041f\u043e\u0434\u0445\u043e\u0434\u0438\u0442 \u0434\u043b\u044f \u0448\u0438\u0442\u044c\u044f \u0442\u0440\u0438\u043a\u043e\u0442\u0430\u0436\u043d\u044b\u0445 \u0438\u0437\u0434\u0435\u043b\u0438\u0439 \u0438 \u0437\u0430\u043f\u0440\u0430\u0432\u043a\u0438 \u043a\u043e\u043d\u0447\u0438\u0432 \u043f\u0440\u044f\u0436\u0438<\/p>\n<\/li>\n<li data-start=\"578\" data-end=\"605\">\n<p data-start=\"580\" data-end=\"605\">\u0412\u044b\u0441\u043e\u043a\u043e\u0435 \u044f\u043f\u043e\u043d\u0441\u043a\u043e\u0435 \u043a\u0430\u0447\u0435\u0441\u0442\u0432\u043e<\/p>\n<\/li>\n<\/ul>\n<p data-start=\"607\" data-end=\"730\" data-is-last-node=\"\" data-is-only-node=\"\"><strong data-start=\"607\" data-end=\"622\">\u041f\u0440\u043e\u0438\u0437\u0432\u043e\u0434\u0438\u0442\u0435\u043b\u044c:<\/strong> Clover, \u042f\u043f\u043e\u043d\u0438\u044f<br data-start=\"639\" data-end=\"642\" \/><strong data-start=\"642\" data-end=\"654\">\u041f\u0440\u0438\u043c\u0435\u0447\u0430\u043d\u0438\u0435:<\/strong> \u0426\u0432\u0435\u0442\u043e\u0432\u044b\u0435 \u043e\u0442\u0442\u0435\u043d\u043a\u0438 \u043c\u043e\u0433\u0443\u0442 \u043d\u0435\u0437\u043d\u0430\u0447\u0438\u0442\u0435\u043b\u044c\u043d\u043e \u043e\u0442\u043b\u0438\u0447\u0430\u0442\u044c\u0441\u044f \u0432 \u0437\u0430\u0432\u0438\u0441\u0438\u043c\u043e\u0441\u0442\u0438 \u043e\u0442 \u044d\u043a\u0440\u0430\u043d\u0430 \u0432\u0430\u0448\u0435\u0433\u043e \u0443\u0441\u0442\u0440\u043e\u0439\u0441\u0442\u0432\u0430.<\/p>","protected":false},"excerpt":{"rendered":"<p>Patogus Clover rinkinys, kuriame yra trys auk\u0161tos kokyb\u0117s adatos mezgini\u0173 sujungimui, si\u016bl\u0173 gal\u0173 pasl\u0117pimui ir u\u017ebaigimo darbams. Adatos saugiai laikomos eleganti\u0161kame korpuse su u\u017esukamu dangteliu \u2013 patogu pasiimti su savimi ar laikyti siuvimo d\u0117\u017eut\u0117je. Rinkin\u012f sudaro: 3 adatos dyd\u017ei\u0173 Nr. 13, Nr. 17 ir Nr. 20 Savyb\u0117s: Patogus u\u017esukamas d\u0117klas saugiam laikymui Lygus metalinis pavir\u0161ius, [&hellip;]<\/p>\n","protected":false},"featured_media":5711,"comment_status":"open","ping_status":"closed","template":"","meta":{"_acf_changed":false},"product_brand":[1074],"product_cat":[15,1080,20],"product_tag":[],"pro-kategorijos":[],"class_list":{"0":"post-5728","1":"product","2":"type-product","3":"status-publish","4":"has-post-thumbnail","6":"product_brand-clover","7":"product_cat-visi-produktai","8":"product_cat-adatos","9":"product_cat-priedai-mezgimui","11":"first","12":"instock","13":"shipping-taxable","14":"purchasable","15":"product-type-simple"},"acf":[],"yoast_head":"<!-- This site is optimized with the Yoast SEO plugin v26.8 - https:\/\/yoast.com\/product\/yoast-seo-wordpress\/ -->\n<title>Clover adat\u0173 rinkinys (Nr. 339) - Happyinaknit.com<\/title>\n<meta name=\"robots\" content=\"index, follow, max-snippet:-1, max-image-preview:large, max-video-preview:-1\" \/>\n<link rel=\"canonical\" href=\"https:\/\/happyinaknit.com\/ru\/product\/clover-nr-339\/\" \/>\n<meta property=\"og:locale\" content=\"ru_RU\" \/>\n<meta property=\"og:type\" content=\"article\" \/>\n<meta property=\"og:title\" content=\"Clover adat\u0173 rinkinys (Nr. 339) - Happyinaknit.com\" \/>\n<meta property=\"og:description\" content=\"Patogus Clover rinkinys, kuriame yra trys auk\u0161tos kokyb\u0117s adatos mezgini\u0173 sujungimui, si\u016bl\u0173 gal\u0173 pasl\u0117pimui ir u\u017ebaigimo darbams. Adatos saugiai laikomos eleganti\u0161kame korpuse su u\u017esukamu dangteliu \u2013 patogu pasiimti su savimi ar laikyti siuvimo d\u0117\u017eut\u0117je. Rinkin\u012f sudaro: 3 adatos dyd\u017ei\u0173 Nr. 13, Nr. 17 ir Nr. 20 Savyb\u0117s: Patogus u\u017esukamas d\u0117klas saugiam laikymui Lygus metalinis pavir\u0161ius, [&hellip;]\" \/>\n<meta property=\"og:url\" content=\"https:\/\/happyinaknit.com\/ru\/product\/clover-nr-339\/\" \/>\n<meta property=\"og:site_name\" content=\"Happyinaknit.com\" \/>\n<meta property=\"article:modified_time\" content=\"2025-10-18T08:00:59+00:00\" \/>\n<meta property=\"og:image\" content=\"https:\/\/happyinaknit.com\/wp-content\/uploads\/2025\/10\/Chibi339.jpg.webp\" \/>\n\t<meta property=\"og:image:width\" content=\"700\" \/>\n\t<meta property=\"og:image:height\" content=\"700\" \/>\n\t<meta property=\"og:image:type\" content=\"image\/webp\" \/>\n<meta name=\"twitter:card\" content=\"summary_large_image\" \/>\n<script type=\"application\/ld+json\" class=\"yoast-schema-graph\">{\"@context\":\"https:\/\/schema.org\",\"@graph\":[{\"@type\":\"WebPage\",\"@id\":\"https:\/\/happyinaknit.com\/produktas\/clover-nr-339\/\",\"url\":\"https:\/\/happyinaknit.com\/produktas\/clover-nr-339\/\",\"name\":\"Clover adat\u0173 rinkinys (Nr. 339) - Happyinaknit.com\",\"isPartOf\":{\"@id\":\"https:\/\/happyinaknit.com\/lt\/#website\"},\"primaryImageOfPage\":{\"@id\":\"https:\/\/happyinaknit.com\/produktas\/clover-nr-339\/#primaryimage\"},\"image\":{\"@id\":\"https:\/\/happyinaknit.com\/produktas\/clover-nr-339\/#primaryimage\"},\"thumbnailUrl\":\"https:\/\/happyinaknit.com\/wp-content\/uploads\/2025\/10\/Chibi339.jpg.webp\",\"datePublished\":\"2025-10-17T22:54:36+00:00\",\"dateModified\":\"2025-10-18T08:00:59+00:00\",\"breadcrumb\":{\"@id\":\"https:\/\/happyinaknit.com\/produktas\/clover-nr-339\/#breadcrumb\"},\"inLanguage\":\"ru-RU\",\"potentialAction\":[{\"@type\":\"ReadAction\",\"target\":[\"https:\/\/happyinaknit.com\/produktas\/clover-nr-339\/\"]}]},{\"@type\":\"ImageObject\",\"inLanguage\":\"ru-RU\",\"@id\":\"https:\/\/happyinaknit.com\/produktas\/clover-nr-339\/#primaryimage\",\"url\":\"https:\/\/happyinaknit.com\/wp-content\/uploads\/2025\/10\/Chibi339.jpg.webp\",\"contentUrl\":\"https:\/\/happyinaknit.com\/wp-content\/uploads\/2025\/10\/Chibi339.jpg.webp\",\"width\":700,\"height\":700},{\"@type\":\"BreadcrumbList\",\"@id\":\"https:\/\/happyinaknit.com\/produktas\/clover-nr-339\/#breadcrumb\",\"itemListElement\":[{\"@type\":\"ListItem\",\"position\":1,\"name\":\"Home\",\"item\":\"https:\/\/happyinaknit.com\/lt\/\"},{\"@type\":\"ListItem\",\"position\":2,\"name\":\"Parduotuv\u0117\",\"item\":\"https:\/\/happyinaknit.com\/lt\/parduotuve\/\"},{\"@type\":\"ListItem\",\"position\":3,\"name\":\"Clover adat\u0173 rinkinys (Nr. 339)\"}]},{\"@type\":\"WebSite\",\"@id\":\"https:\/\/happyinaknit.com\/lt\/#website\",\"url\":\"https:\/\/happyinaknit.com\/lt\/\",\"name\":\"Happyinaknit.com\",\"description\":\"\",\"potentialAction\":[{\"@type\":\"SearchAction\",\"target\":{\"@type\":\"EntryPoint\",\"urlTemplate\":\"https:\/\/happyinaknit.com\/lt\/?s={search_term_string}\"},\"query-input\":{\"@type\":\"PropertyValueSpecification\",\"valueRequired\":true,\"valueName\":\"search_term_string\"}}],\"inLanguage\":\"ru-RU\"}]}<\/script>\n<!-- \/ Yoast SEO plugin. -->","yoast_head_json":{"title":"Clover adat\u0173 rinkinys (Nr. 339) - Happyinaknit.com","robots":{"index":"index","follow":"follow","max-snippet":"max-snippet:-1","max-image-preview":"max-image-preview:large","max-video-preview":"max-video-preview:-1"},"canonical":"https:\/\/happyinaknit.com\/ru\/product\/clover-nr-339\/","og_locale":"ru_RU","og_type":"article","og_title":"Clover adat\u0173 rinkinys (Nr. 339) - Happyinaknit.com","og_description":"Patogus Clover rinkinys, kuriame yra trys auk\u0161tos kokyb\u0117s adatos mezgini\u0173 sujungimui, si\u016bl\u0173 gal\u0173 pasl\u0117pimui ir u\u017ebaigimo darbams. Adatos saugiai laikomos eleganti\u0161kame korpuse su u\u017esukamu dangteliu \u2013 patogu pasiimti su savimi ar laikyti siuvimo d\u0117\u017eut\u0117je. Rinkin\u012f sudaro: 3 adatos dyd\u017ei\u0173 Nr. 13, Nr. 17 ir Nr. 20 Savyb\u0117s: Patogus u\u017esukamas d\u0117klas saugiam laikymui Lygus metalinis pavir\u0161ius, [&hellip;]","og_url":"https:\/\/happyinaknit.com\/ru\/product\/clover-nr-339\/","og_site_name":"Happyinaknit.com","article_modified_time":"2025-10-18T08:00:59+00:00","og_image":[{"width":700,"height":700,"url":"https:\/\/happyinaknit.com\/wp-content\/uploads\/2025\/10\/Chibi339.jpg.webp","type":"image\/webp"}],"twitter_card":"summary_large_image","schema":{"@context":"https:\/\/schema.org","@graph":[{"@type":"WebPage","@id":"https:\/\/happyinaknit.com\/produktas\/clover-nr-339\/","url":"https:\/\/happyinaknit.com\/produktas\/clover-nr-339\/","name":"Clover adat\u0173 rinkinys (Nr. 339) - Happyinaknit.com","isPartOf":{"@id":"https:\/\/happyinaknit.com\/lt\/#website"},"primaryImageOfPage":{"@id":"https:\/\/happyinaknit.com\/produktas\/clover-nr-339\/#primaryimage"},"image":{"@id":"https:\/\/happyinaknit.com\/produktas\/clover-nr-339\/#primaryimage"},"thumbnailUrl":"https:\/\/happyinaknit.com\/wp-content\/uploads\/2025\/10\/Chibi339.jpg.webp","datePublished":"2025-10-17T22:54:36+00:00","dateModified":"2025-10-18T08:00:59+00:00","breadcrumb":{"@id":"https:\/\/happyinaknit.com\/produktas\/clover-nr-339\/#breadcrumb"},"inLanguage":"ru-RU","potentialAction":[{"@type":"ReadAction","target":["https:\/\/happyinaknit.com\/produktas\/clover-nr-339\/"]}]},{"@type":"ImageObject","inLanguage":"ru-RU","@id":"https:\/\/happyinaknit.com\/produktas\/clover-nr-339\/#primaryimage","url":"https:\/\/happyinaknit.com\/wp-content\/uploads\/2025\/10\/Chibi339.jpg.webp","contentUrl":"https:\/\/happyinaknit.com\/wp-content\/uploads\/2025\/10\/Chibi339.jpg.webp","width":700,"height":700},{"@type":"BreadcrumbList","@id":"https:\/\/happyinaknit.com\/produktas\/clover-nr-339\/#breadcrumb","itemListElement":[{"@type":"ListItem","position":1,"name":"Home","item":"https:\/\/happyinaknit.com\/lt\/"},{"@type":"ListItem","position":2,"name":"Parduotuv\u0117","item":"https:\/\/happyinaknit.com\/lt\/parduotuve\/"},{"@type":"ListItem","position":3,"name":"Clover adat\u0173 rinkinys (Nr. 339)"}]},{"@type":"WebSite","@id":"https:\/\/happyinaknit.com\/lt\/#website","url":"https:\/\/happyinaknit.com\/lt\/","name":"Happyinaknit.com","description":"","potentialAction":[{"@type":"SearchAction","target":{"@type":"EntryPoint","urlTemplate":"https:\/\/happyinaknit.com\/lt\/?s={search_term_string}"},"query-input":{"@type":"PropertyValueSpecification","valueRequired":true,"valueName":"search_term_string"}}],"inLanguage":"ru-RU"}]}},"_links":{"self":[{"href":"https:\/\/happyinaknit.com\/ru\/wp-json\/wp\/v2\/product\/5728","targetHints":{"allow":["GET"]}}],"collection":[{"href":"https:\/\/happyinaknit.com\/ru\/wp-json\/wp\/v2\/product"}],"about":[{"href":"https:\/\/happyinaknit.com\/ru\/wp-json\/wp\/v2\/types\/product"}],"replies":[{"embeddable":true,"href":"https:\/\/happyinaknit.com\/ru\/wp-json\/wp\/v2\/comments?post=5728"}],"wp:featuredmedia":[{"embeddable":true,"href":"https:\/\/happyinaknit.com\/ru\/wp-json\/wp\/v2\/media\/5711"}],"wp:attachment":[{"href":"https:\/\/happyinaknit.com\/ru\/wp-json\/wp\/v2\/media?parent=5728"}],"wp:term":[{"taxonomy":"product_brand","embeddable":true,"href":"https:\/\/happyinaknit.com\/ru\/wp-json\/wp\/v2\/product_brand?post=5728"},{"taxonomy":"product_cat","embeddable":true,"href":"https:\/\/happyinaknit.com\/ru\/wp-json\/wp\/v2\/product_cat?post=5728"},{"taxonomy":"product_tag","embeddable":true,"href":"https:\/\/happyinaknit.com\/ru\/wp-json\/wp\/v2\/product_tag?post=5728"},{"taxonomy":"pro-kategorijos","embeddable":true,"href":"https:\/\/happyinaknit.com\/ru\/wp-json\/wp\/v2\/pro-kategorijos?post=5728"}],"curies":[{"name":"wp","href":"https:\/\/api.w.org\/{rel}","templated":true}]}}