{"id":5715,"date":"2025-10-17T22:38:30","date_gmt":"2025-10-17T22:38:30","guid":{"rendered":"https:\/\/happyinaknit.com\/?post_type=product&#038;p=5715"},"modified":"2026-02-23T13:10:19","modified_gmt":"2026-02-23T13:10:19","slug":"clover-amour-nerimo-vaseliai","status":"publish","type":"product","link":"https:\/\/happyinaknit.com\/ru\/product\/clover-amour-nerimo-vaseliai\/","title":{"rendered":"Clover Amour \u043a\u0440\u044e\u0447\u043a\u0438 \u0434\u043b\u044f \u0432\u044f\u0437\u0430\u043d\u0438\u044f"},"content":{"rendered":"<p data-start=\"0\" data-end=\"33\"><strong data-start=\"0\" data-end=\"31\">\u041a\u0440\u044e\u0447\u043e\u043a \u0434\u043b\u044f \u0432\u044f\u0437\u0430\u043d\u0438\u044f Clover Amour<\/strong><\/p>\n<p data-start=\"35\" data-end=\"260\">\u0423\u0434\u043e\u0431\u043d\u044b\u0439 \u0438 \u044d\u0440\u0433\u043e\u043d\u043e\u043c\u0438\u0447\u043d\u044b\u0439 <strong data-start=\"59\" data-end=\"75\">\u041a\u043b\u0435\u0432\u0435\u0440 \u0410\u043c\u0443\u0440<\/strong> \u041a\u0440\u044e\u0447\u043e\u043a \u0440\u0430\u0437\u0440\u0430\u0431\u043e\u0442\u0430\u043d, \u0447\u0442\u043e\u0431\u044b \u0441\u0434\u0435\u043b\u0430\u0442\u044c \u0432\u044f\u0437\u0430\u043d\u0438\u0435 \u043b\u0451\u0433\u043a\u0438\u043c \u0438 \u043f\u0440\u0438\u044f\u0442\u043d\u044b\u043c, \u0434\u0430\u0436\u0435 \u043f\u0440\u0438 \u0434\u043b\u0438\u0442\u0435\u043b\u044c\u043d\u043e\u0439 \u0440\u0430\u0431\u043e\u0442\u0435. \u0421\u043f\u0435\u0446\u0438\u0430\u043b\u044c\u043d\u0430\u044f \u0444\u043e\u0440\u043c\u0430 \u0438 \u043c\u044f\u0433\u043a\u0430\u044f, \u043d\u0435\u0441\u043a\u043e\u043b\u044c\u0437\u044f\u0449\u0430\u044f \u0440\u0443\u0447\u043a\u0430 \u043e\u0431\u0435\u0441\u043f\u0435\u0447\u0438\u0432\u0430\u044e\u0442 \u043a\u043e\u043c\u0444\u043e\u0440\u0442 \u0438 \u0442\u043e\u0447\u043d\u043e\u0441\u0442\u044c \u043a\u0430\u0436\u0434\u043e\u0433\u043e \u0434\u0432\u0438\u0436\u0435\u043d\u0438\u044f.<\/p>\n<p data-start=\"262\" data-end=\"276\"><strong data-start=\"262\" data-end=\"274\">\u0424\u0443\u043d\u043a\u0446\u0438\u0438:<\/strong><\/p>\n<ul data-start=\"277\" data-end=\"685\">\n<li data-start=\"277\" data-end=\"366\">\n<p data-start=\"279\" data-end=\"366\">\u041e\u0447\u0435\u043d\u044c <strong data-start=\"289\" data-end=\"324\">\u043f\u043b\u0430\u0432\u043d\u043e \u0441\u043a\u043e\u043b\u044c\u0437\u044f\u0449\u0438\u0439 \u043a\u0440\u044e\u0447\u043e\u043a<\/strong> \u043f\u0440\u0435\u0434\u043e\u0442\u0432\u0440\u0430\u0449\u0430\u0435\u0442 \u0437\u0430\u0441\u0442\u0440\u0435\u0432\u0430\u043d\u0438\u0435 \u0438 \u0441\u043e\u0441\u043a\u0430\u043b\u044c\u0437\u044b\u0432\u0430\u043d\u0438\u0435 \u043d\u0438\u0442\u0438.<\/p>\n<\/li>\n<li data-start=\"367\" data-end=\"435\">\n<p data-start=\"369\" data-end=\"435\"><strong data-start=\"369\" data-end=\"397\">\u0423\u0434\u043b\u0438\u043d\u0435\u043d\u043d\u0430\u044f \u043f\u0440\u044f\u043c\u0430\u044f \u0447\u0430\u0441\u0442\u044c<\/strong> \u043f\u043e\u043c\u043e\u0433\u0430\u0435\u0442 \u043f\u043e\u0434\u0434\u0435\u0440\u0436\u0438\u0432\u0430\u0442\u044c \u043e\u0434\u0438\u043d\u0430\u043a\u043e\u0432\u044b\u0439 \u0440\u0430\u0437\u043c\u0435\u0440 \u0433\u043b\u0430\u0437.<\/p>\n<\/li>\n<li data-start=\"436\" data-end=\"525\">\n<p data-start=\"438\" data-end=\"525\"><strong data-start=\"438\" data-end=\"471\">\u042d\u0440\u0433\u043e\u043d\u043e\u043c\u0438\u0447\u043d\u0430\u044f \u043c\u044f\u0433\u043a\u0430\u044f \u0440\u0443\u043a\u043e\u044f\u0442\u043a\u0430<\/strong> \u0443\u0434\u043e\u0431\u043d\u043e \u043b\u0435\u0436\u0438\u0442 \u0432 \u0440\u0443\u043a\u0435 \u0438 \u0441\u043d\u0438\u0436\u0430\u0435\u0442 \u043d\u0430\u043f\u0440\u044f\u0436\u0435\u043d\u0438\u0435 \u0432 \u043f\u0430\u043b\u044c\u0446\u0430\u0445.<\/p>\n<\/li>\n<li data-start=\"526\" data-end=\"624\">\n<p data-start=\"528\" data-end=\"624\"><strong data-start=\"528\" data-end=\"545\">\u0422\u0440\u0435\u0445\u043c\u0435\u0440\u043d\u0430\u044f \u0444\u043e\u0440\u043c\u0430<\/strong> \u0441\u043e\u043e\u0442\u0432\u0435\u0442\u0441\u0442\u0432\u0443\u0435\u0442 \u0435\u0441\u0442\u0435\u0441\u0442\u0432\u0435\u043d\u043d\u043e\u043c\u0443 \u0443\u0433\u043b\u0443 \u0441\u0433\u0438\u0431\u0430 \u043f\u0430\u043b\u044c\u0446\u0435\u0432 - \u0441\u043d\u0438\u0436\u0430\u0435\u0442 \u0443\u0442\u043e\u043c\u043b\u044f\u0435\u043c\u043e\u0441\u0442\u044c \u043f\u0440\u0438 \u0434\u043b\u0438\u0442\u0435\u043b\u044c\u043d\u043e\u043c \u0432\u044f\u0437\u0430\u043d\u0438\u0438.<\/p>\n<\/li>\n<li data-start=\"625\" data-end=\"685\">\n<p data-start=\"627\" data-end=\"685\">\u041f\u043e\u0434\u0445\u043e\u0434\u0438\u0442 \u043a\u0430\u043a \u0434\u043b\u044f \u043d\u0430\u0447\u0438\u043d\u0430\u044e\u0449\u0438\u0445, \u0442\u0430\u043a \u0438 \u0434\u043b\u044f \u043e\u043f\u044b\u0442\u043d\u044b\u0445 \u0432\u044f\u0437\u0430\u043b\u044c\u0449\u0438\u0446.<\/p>\n<\/li>\n<\/ul>\n<p data-start=\"687\" data-end=\"759\"><strong data-start=\"687\" data-end=\"700\">\u041c\u0430\u0442\u0435\u0440\u0438\u0430\u043b:<\/strong><br data-start=\"700\" data-end=\"703\" \/>\u0410\u043b\u044e\u043c\u0438\u043d\u0438\u0439 (\u0440\u044b\u0431\u044c\u044f \u0433\u043e\u043b\u043e\u0432\u0430) \/ \u043c\u044f\u0433\u043a\u0430\u044f \u0440\u0435\u0437\u0438\u043d\u043e\u0432\u0430\u044f \u0440\u0443\u0447\u043a\u0430<\/p>\n<p data-start=\"761\" data-end=\"795\"><strong data-start=\"761\" data-end=\"776\">\u041f\u0440\u043e\u0438\u0437\u0432\u043e\u0434\u0438\u0442\u0435\u043b\u044c:<\/strong> Clover, \u042f\u043f\u043e\u043d\u0438\u044f<\/p>\n<p data-start=\"797\" data-end=\"885\" data-is-last-node=\"\" data-is-only-node=\"\"><strong data-start=\"797\" data-end=\"809\">\u041f\u0440\u0438\u043c\u0435\u0447\u0430\u043d\u0438\u0435:<\/strong> \u0426\u0432\u0435\u0442\u043e\u0432\u044b\u0435 \u043e\u0442\u0442\u0435\u043d\u043a\u0438 \u043c\u043e\u0433\u0443\u0442 \u043d\u0435\u0437\u043d\u0430\u0447\u0438\u0442\u0435\u043b\u044c\u043d\u043e \u043e\u0442\u043b\u0438\u0447\u0430\u0442\u044c\u0441\u044f \u0432 \u0437\u0430\u0432\u0438\u0441\u0438\u043c\u043e\u0441\u0442\u0438 \u043e\u0442 \u044d\u043a\u0440\u0430\u043d\u0430 \u0432\u0430\u0448\u0435\u0433\u043e \u0443\u0441\u0442\u0440\u043e\u0439\u0441\u0442\u0432\u0430.<\/p>","protected":false},"excerpt":{"rendered":"<p>Clover Amour n\u0117rimo v\u0105\u0161elis Patogus ir ergonomi\u0161kas Clover Amour v\u0105\u0161elis sukurtas taip, kad mezgimas b\u016bt\u0173 lengvas ir malonus net ilgo darbo metu. Speciali forma ir \u0161velni, neslystanti ranken\u0117l\u0117 u\u017etikrina komfort\u0105 bei tikslum\u0105 kiekviename judesyje. Savyb\u0117s: Ypatingai skland\u017eiai slystantis kabliukas neleid\u017eia si\u016blui u\u017estrigti ar i\u0161slysti. Pailginta tiesioji dalis padeda i\u0161laikyti vienod\u0105 aki\u0173 dyd\u012f. Ergonomi\u0161ka mink\u0161ta ranken\u0117l\u0117 [&hellip;]<\/p>\n","protected":false},"featured_media":5719,"comment_status":"open","ping_status":"closed","template":"","meta":{"_acf_changed":false},"product_brand":[1074],"product_cat":[15,19,870],"product_tag":[],"pro-kategorijos":[],"class_list":{"0":"post-5715","1":"product","2":"type-product","3":"status-publish","4":"has-post-thumbnail","6":"product_brand-clover","7":"product_cat-visi-produktai","8":"product_cat-mezgimo-priemones","9":"product_cat-nerimo-vaseliai","11":"first","12":"instock","13":"shipping-taxable","14":"purchasable","15":"product-type-variable"},"acf":[],"yoast_head":"<!-- This site is optimized with the Yoast SEO plugin v26.8 - https:\/\/yoast.com\/product\/yoast-seo-wordpress\/ -->\n<title>Clover Amour n\u0117rimo v\u0105\u0161eliai - Happyinaknit.com<\/title>\n<meta name=\"robots\" content=\"index, follow, max-snippet:-1, max-image-preview:large, max-video-preview:-1\" \/>\n<link rel=\"canonical\" href=\"https:\/\/happyinaknit.com\/ru\/product\/clover-amour-nerimo-vaseliai\/\" \/>\n<meta property=\"og:locale\" content=\"ru_RU\" \/>\n<meta property=\"og:type\" content=\"article\" \/>\n<meta property=\"og:title\" content=\"Clover Amour n\u0117rimo v\u0105\u0161eliai - Happyinaknit.com\" \/>\n<meta property=\"og:description\" content=\"Clover Amour n\u0117rimo v\u0105\u0161elis Patogus ir ergonomi\u0161kas Clover Amour v\u0105\u0161elis sukurtas taip, kad mezgimas b\u016bt\u0173 lengvas ir malonus net ilgo darbo metu. Speciali forma ir \u0161velni, neslystanti ranken\u0117l\u0117 u\u017etikrina komfort\u0105 bei tikslum\u0105 kiekviename judesyje. Savyb\u0117s: Ypatingai skland\u017eiai slystantis kabliukas neleid\u017eia si\u016blui u\u017estrigti ar i\u0161slysti. Pailginta tiesioji dalis padeda i\u0161laikyti vienod\u0105 aki\u0173 dyd\u012f. Ergonomi\u0161ka mink\u0161ta ranken\u0117l\u0117 [&hellip;]\" \/>\n<meta property=\"og:url\" content=\"https:\/\/happyinaknit.com\/ru\/product\/clover-amour-nerimo-vaseliai\/\" \/>\n<meta property=\"og:site_name\" content=\"Happyinaknit.com\" \/>\n<meta property=\"article:modified_time\" content=\"2026-02-23T13:10:19+00:00\" \/>\n<meta property=\"og:image\" content=\"https:\/\/happyinaknit.com\/wp-content\/uploads\/2025\/10\/clover-amour-crochet-16052-dv-p.webp.jpeg\" \/>\n\t<meta property=\"og:image:width\" content=\"1080\" \/>\n\t<meta property=\"og:image:height\" content=\"1080\" \/>\n\t<meta property=\"og:image:type\" content=\"image\/jpeg\" \/>\n<meta name=\"twitter:card\" content=\"summary_large_image\" \/>\n<meta name=\"twitter:label1\" content=\"\u041f\u0440\u0438\u043c\u0435\u0440\u043d\u043e\u0435 \u0432\u0440\u0435\u043c\u044f \u0434\u043b\u044f \u0447\u0442\u0435\u043d\u0438\u044f\" \/>\n\t<meta name=\"twitter:data1\" content=\"1 \u043c\u0438\u043d\u0443\u0442\u0430\" \/>\n<script type=\"application\/ld+json\" class=\"yoast-schema-graph\">{\"@context\":\"https:\/\/schema.org\",\"@graph\":[{\"@type\":\"WebPage\",\"@id\":\"https:\/\/happyinaknit.com\/produktas\/clover-amour-nerimo-vaseliai\/\",\"url\":\"https:\/\/happyinaknit.com\/produktas\/clover-amour-nerimo-vaseliai\/\",\"name\":\"Clover Amour n\u0117rimo v\u0105\u0161eliai - Happyinaknit.com\",\"isPartOf\":{\"@id\":\"https:\/\/happyinaknit.com\/lt\/#website\"},\"primaryImageOfPage\":{\"@id\":\"https:\/\/happyinaknit.com\/produktas\/clover-amour-nerimo-vaseliai\/#primaryimage\"},\"image\":{\"@id\":\"https:\/\/happyinaknit.com\/produktas\/clover-amour-nerimo-vaseliai\/#primaryimage\"},\"thumbnailUrl\":\"https:\/\/happyinaknit.com\/wp-content\/uploads\/2025\/10\/clover-amour-crochet-16052-dv-p.webp.jpeg\",\"datePublished\":\"2025-10-17T22:38:30+00:00\",\"dateModified\":\"2026-02-23T13:10:19+00:00\",\"breadcrumb\":{\"@id\":\"https:\/\/happyinaknit.com\/produktas\/clover-amour-nerimo-vaseliai\/#breadcrumb\"},\"inLanguage\":\"ru-RU\",\"potentialAction\":[{\"@type\":\"ReadAction\",\"target\":[\"https:\/\/happyinaknit.com\/produktas\/clover-amour-nerimo-vaseliai\/\"]}]},{\"@type\":\"ImageObject\",\"inLanguage\":\"ru-RU\",\"@id\":\"https:\/\/happyinaknit.com\/produktas\/clover-amour-nerimo-vaseliai\/#primaryimage\",\"url\":\"https:\/\/happyinaknit.com\/wp-content\/uploads\/2025\/10\/clover-amour-crochet-16052-dv-p.webp.jpeg\",\"contentUrl\":\"https:\/\/happyinaknit.com\/wp-content\/uploads\/2025\/10\/clover-amour-crochet-16052-dv-p.webp.jpeg\",\"width\":1080,\"height\":1080},{\"@type\":\"BreadcrumbList\",\"@id\":\"https:\/\/happyinaknit.com\/produktas\/clover-amour-nerimo-vaseliai\/#breadcrumb\",\"itemListElement\":[{\"@type\":\"ListItem\",\"position\":1,\"name\":\"Home\",\"item\":\"https:\/\/happyinaknit.com\/lt\/\"},{\"@type\":\"ListItem\",\"position\":2,\"name\":\"Parduotuv\u0117\",\"item\":\"https:\/\/happyinaknit.com\/lt\/parduotuve\/\"},{\"@type\":\"ListItem\",\"position\":3,\"name\":\"Clover Amour n\u0117rimo v\u0105\u0161eliai\"}]},{\"@type\":\"WebSite\",\"@id\":\"https:\/\/happyinaknit.com\/lt\/#website\",\"url\":\"https:\/\/happyinaknit.com\/lt\/\",\"name\":\"Happyinaknit.com\",\"description\":\"\",\"potentialAction\":[{\"@type\":\"SearchAction\",\"target\":{\"@type\":\"EntryPoint\",\"urlTemplate\":\"https:\/\/happyinaknit.com\/lt\/?s={search_term_string}\"},\"query-input\":{\"@type\":\"PropertyValueSpecification\",\"valueRequired\":true,\"valueName\":\"search_term_string\"}}],\"inLanguage\":\"ru-RU\"}]}<\/script>\n<!-- \/ Yoast SEO plugin. -->","yoast_head_json":{"title":"Clover Amour n\u0117rimo v\u0105\u0161eliai - Happyinaknit.com","robots":{"index":"index","follow":"follow","max-snippet":"max-snippet:-1","max-image-preview":"max-image-preview:large","max-video-preview":"max-video-preview:-1"},"canonical":"https:\/\/happyinaknit.com\/ru\/product\/clover-amour-nerimo-vaseliai\/","og_locale":"ru_RU","og_type":"article","og_title":"Clover Amour n\u0117rimo v\u0105\u0161eliai - Happyinaknit.com","og_description":"Clover Amour n\u0117rimo v\u0105\u0161elis Patogus ir ergonomi\u0161kas Clover Amour v\u0105\u0161elis sukurtas taip, kad mezgimas b\u016bt\u0173 lengvas ir malonus net ilgo darbo metu. Speciali forma ir \u0161velni, neslystanti ranken\u0117l\u0117 u\u017etikrina komfort\u0105 bei tikslum\u0105 kiekviename judesyje. Savyb\u0117s: Ypatingai skland\u017eiai slystantis kabliukas neleid\u017eia si\u016blui u\u017estrigti ar i\u0161slysti. Pailginta tiesioji dalis padeda i\u0161laikyti vienod\u0105 aki\u0173 dyd\u012f. Ergonomi\u0161ka mink\u0161ta ranken\u0117l\u0117 [&hellip;]","og_url":"https:\/\/happyinaknit.com\/ru\/product\/clover-amour-nerimo-vaseliai\/","og_site_name":"Happyinaknit.com","article_modified_time":"2026-02-23T13:10:19+00:00","og_image":[{"width":1080,"height":1080,"url":"https:\/\/happyinaknit.com\/wp-content\/uploads\/2025\/10\/clover-amour-crochet-16052-dv-p.webp.jpeg","type":"image\/jpeg"}],"twitter_card":"summary_large_image","twitter_misc":{"\u041f\u0440\u0438\u043c\u0435\u0440\u043d\u043e\u0435 \u0432\u0440\u0435\u043c\u044f \u0434\u043b\u044f \u0447\u0442\u0435\u043d\u0438\u044f":"1 \u043c\u0438\u043d\u0443\u0442\u0430"},"schema":{"@context":"https:\/\/schema.org","@graph":[{"@type":"WebPage","@id":"https:\/\/happyinaknit.com\/produktas\/clover-amour-nerimo-vaseliai\/","url":"https:\/\/happyinaknit.com\/produktas\/clover-amour-nerimo-vaseliai\/","name":"Clover Amour n\u0117rimo v\u0105\u0161eliai - Happyinaknit.com","isPartOf":{"@id":"https:\/\/happyinaknit.com\/lt\/#website"},"primaryImageOfPage":{"@id":"https:\/\/happyinaknit.com\/produktas\/clover-amour-nerimo-vaseliai\/#primaryimage"},"image":{"@id":"https:\/\/happyinaknit.com\/produktas\/clover-amour-nerimo-vaseliai\/#primaryimage"},"thumbnailUrl":"https:\/\/happyinaknit.com\/wp-content\/uploads\/2025\/10\/clover-amour-crochet-16052-dv-p.webp.jpeg","datePublished":"2025-10-17T22:38:30+00:00","dateModified":"2026-02-23T13:10:19+00:00","breadcrumb":{"@id":"https:\/\/happyinaknit.com\/produktas\/clover-amour-nerimo-vaseliai\/#breadcrumb"},"inLanguage":"ru-RU","potentialAction":[{"@type":"ReadAction","target":["https:\/\/happyinaknit.com\/produktas\/clover-amour-nerimo-vaseliai\/"]}]},{"@type":"ImageObject","inLanguage":"ru-RU","@id":"https:\/\/happyinaknit.com\/produktas\/clover-amour-nerimo-vaseliai\/#primaryimage","url":"https:\/\/happyinaknit.com\/wp-content\/uploads\/2025\/10\/clover-amour-crochet-16052-dv-p.webp.jpeg","contentUrl":"https:\/\/happyinaknit.com\/wp-content\/uploads\/2025\/10\/clover-amour-crochet-16052-dv-p.webp.jpeg","width":1080,"height":1080},{"@type":"BreadcrumbList","@id":"https:\/\/happyinaknit.com\/produktas\/clover-amour-nerimo-vaseliai\/#breadcrumb","itemListElement":[{"@type":"ListItem","position":1,"name":"Home","item":"https:\/\/happyinaknit.com\/lt\/"},{"@type":"ListItem","position":2,"name":"Parduotuv\u0117","item":"https:\/\/happyinaknit.com\/lt\/parduotuve\/"},{"@type":"ListItem","position":3,"name":"Clover Amour n\u0117rimo v\u0105\u0161eliai"}]},{"@type":"WebSite","@id":"https:\/\/happyinaknit.com\/lt\/#website","url":"https:\/\/happyinaknit.com\/lt\/","name":"Happyinaknit.com","description":"","potentialAction":[{"@type":"SearchAction","target":{"@type":"EntryPoint","urlTemplate":"https:\/\/happyinaknit.com\/lt\/?s={search_term_string}"},"query-input":{"@type":"PropertyValueSpecification","valueRequired":true,"valueName":"search_term_string"}}],"inLanguage":"ru-RU"}]}},"_links":{"self":[{"href":"https:\/\/happyinaknit.com\/ru\/wp-json\/wp\/v2\/product\/5715","targetHints":{"allow":["GET"]}}],"collection":[{"href":"https:\/\/happyinaknit.com\/ru\/wp-json\/wp\/v2\/product"}],"about":[{"href":"https:\/\/happyinaknit.com\/ru\/wp-json\/wp\/v2\/types\/product"}],"replies":[{"embeddable":true,"href":"https:\/\/happyinaknit.com\/ru\/wp-json\/wp\/v2\/comments?post=5715"}],"wp:featuredmedia":[{"embeddable":true,"href":"https:\/\/happyinaknit.com\/ru\/wp-json\/wp\/v2\/media\/5719"}],"wp:attachment":[{"href":"https:\/\/happyinaknit.com\/ru\/wp-json\/wp\/v2\/media?parent=5715"}],"wp:term":[{"taxonomy":"product_brand","embeddable":true,"href":"https:\/\/happyinaknit.com\/ru\/wp-json\/wp\/v2\/product_brand?post=5715"},{"taxonomy":"product_cat","embeddable":true,"href":"https:\/\/happyinaknit.com\/ru\/wp-json\/wp\/v2\/product_cat?post=5715"},{"taxonomy":"product_tag","embeddable":true,"href":"https:\/\/happyinaknit.com\/ru\/wp-json\/wp\/v2\/product_tag?post=5715"},{"taxonomy":"pro-kategorijos","embeddable":true,"href":"https:\/\/happyinaknit.com\/ru\/wp-json\/wp\/v2\/pro-kategorijos?post=5715"}],"curies":[{"name":"wp","href":"https:\/\/api.w.org\/{rel}","templated":true}]}}