{"id":5682,"date":"2025-10-17T21:49:41","date_gmt":"2025-10-17T21:49:41","guid":{"rendered":"https:\/\/happyinaknit.com\/?post_type=product&#038;p=5682"},"modified":"2025-12-01T16:31:41","modified_gmt":"2025-12-01T16:31:41","slug":"seeknit-koshitsu-virbalai-su-valu-80-cm","status":"publish","type":"product","link":"https:\/\/happyinaknit.com\/ru\/product\/seeknit-koshitsu-virbalai-su-valu-80-cm\/","title":{"rendered":"\u0421\u043f\u0438\u0446\u044b Seeknit Koshitsu \u043d\u0430 \u043b\u0435\u0441\u043a\u0435  80 \u0441\u043c"},"content":{"rendered":"<p data-start=\"88\" data-end=\"409\"><strong data-start=\"88\" data-end=\"111\">Seeknit Koshitsu <\/strong>\u00a0- \u044d\u0442\u043e\u0442 <strong data-start=\"118\" data-end=\"136\">\u043f\u0440\u0435\u043c\u0438\u0443\u043c-\u043a\u043b\u0430\u0441\u0441<\/strong> \u0441\u043f\u0438\u0446\u044b, \u043f\u0440\u043e\u0438\u0437\u0432\u043e\u0434\u044f\u0442\u0441\u044f \u0432 \u042f\u043f\u043e\u043d\u0438\u0438 <strong data-start=\"171\" data-end=\"184\">\u0441 1916 \u0433\u043e\u0434\u0430<\/strong>, \u0438\u0441\u043f\u043e\u043b\u044c\u0437\u0443\u044f \u0442\u043e\u043b\u044c\u043a\u043e \u0442\u0449\u0430\u0442\u0435\u043b\u044c\u043d\u043e \u043e\u0442\u043e\u0431\u0440\u0430\u043d\u043d\u044b\u0435 <strong data-start=\"220\" data-end=\"228\">mos<\/strong> \u0438 <strong data-start=\"232\" data-end=\"242\">madake<\/strong> \u0431\u0430\u043c\u0431\u0443\u043a. \u042d\u0442\u0438 \u0441\u043f\u0438\u0446\u044b \u043e\u0442\u043b\u0438\u0447\u0430\u044e\u0442\u0441\u044f <strong data-start=\"276\" data-end=\"303\">\u043f\u0440\u043e\u0447\u043d\u043e\u0441\u0442\u044c, \u0434\u043e\u043b\u0433\u043e\u0432\u0435\u0447\u043d\u043e\u0441\u0442\u044c<\/strong> \u0438 <strong data-start=\"307\" data-end=\"346\">\u0441 \u0438\u0434\u0435\u0430\u043b\u044c\u043d\u043e \u0433\u043b\u0430\u0434\u043a\u043e\u0439 \u043f\u043e\u0432\u0435\u0440\u0445\u043d\u043e\u0441\u0442\u044c\u044e<\/strong>, \u0431\u043b\u0430\u0433\u043e\u0434\u0430\u0440\u044f \u0447\u0435\u043c\u0443 \u043f\u0440\u044f\u0436\u0430 \u043b\u0435\u0433\u043a\u043e \u0441\u043a\u043e\u043b\u044c\u0437\u0438\u0442 \u0438 \u0432\u044f\u0437\u0430\u043d\u0438\u0435 \u0441\u0442\u0430\u043d\u043e\u0432\u0438\u0442\u0441\u044f \u043d\u0435\u043e\u0431\u044b\u043a\u043d\u043e\u0432\u0435\u043d\u043d\u043e \u043f\u0440\u0438\u044f\u0442\u043d\u044b\u043c.<\/p>\n<p data-start=\"411\" data-end=\"696\">\u0421\u043f\u0438\u0446\u044b \u0441\u0435\u0440\u0438\u0438 <strong data-start=\"419\" data-end=\"431\">Koshitsu<\/strong> \u043e\u0442\u043b\u0438\u0447\u0430\u044e\u0442\u0441\u044f \u0441\u0432\u043e\u0438\u043c <strong data-start=\"457\" data-end=\"488\">\u0442\u0435\u043c\u043d\u043e-\u043a\u043e\u0440\u0438\u0447\u043d\u0435\u0432\u044b\u043c \u0446\u0432\u0435\u0442\u043e\u043c<\/strong>, \u043a\u043e\u0442\u043e\u0440\u044b\u0439 \u043f\u043e\u043b\u0443\u0447\u0430\u044e\u0442 \u043f\u0443\u0442\u0435\u043c \u0441\u043f\u0435\u0446\u0438\u0430\u043b\u044c\u043d\u043e\u0439 \u043e\u0431\u0440\u0430\u0431\u043e\u0442\u043a\u0438 \u0431\u0430\u043c\u0431\u0443\u043a\u0430 \u043f\u0440\u0438 \u0432\u044b\u0441\u043e\u043a\u043e\u0439 \u0442\u0435\u043c\u043f\u0435\u0440\u0430\u0442\u0443\u0440\u0435 \u0438 \u0434\u0430\u0432\u043b\u0435\u043d\u0438\u0438. \u041f\u043e\u0441\u043b\u0435 \u044d\u0442\u043e\u0433\u043e \u0438\u0445 \u0442\u0449\u0430\u0442\u0435\u043b\u044c\u043d\u043e <strong data-start=\"597\" data-end=\"637\">\u043e\u0442\u043f\u043e\u043b\u0438\u0440\u043e\u0432\u044b\u0432\u0430\u044e\u0442   \u043d\u0430\u0442\u0443\u0440\u0430\u043b\u044c\u043d\u044b\u043c \u0440\u0430\u0441\u0442\u0438\u0442\u0435\u043b\u044c\u043d\u044b\u043c \u0432\u043e\u0441\u043a\u043e\u043c<\/strong>, \u0442\u0435\u043c \u0441\u0430\u043c\u044b\u043c \u0441\u0442\u0430\u043d\u043e\u0432\u044f\u0441\u044c \u0435\u0449\u0435 \u0431\u043e\u043b\u0435\u0435 \u0443\u0441\u0442\u043e\u0439\u0447\u0438\u0432\u044b\u043c \u043a \u043f\u043e\u0432\u0440\u0435\u0436\u0434\u0435\u043d\u0438\u044f\u043c \u0438 \u0434\u0435\u0444\u043e\u0440\u043c\u0430\u0446\u0438\u044f\u043c.<\/p>\n<p data-start=\"698\" data-end=\"852\">\u0421\u043f\u0438\u0446\u044b \u0438\u043c\u0435\u044e\u0442 <strong data-start=\"712\" data-end=\"740\">\u0412\u0440\u0430\u0449\u0430\u044e\u0449\u0435\u0435\u0441\u044f \u043d\u0430 360\u00b0 \u0441\u043e\u0435\u0434\u0438\u043d\u0435\u043d\u0438\u0435<\/strong>, \u0431\u043b\u0430\u0433\u043e\u0434\u0430\u0440\u044f \u0447\u0435\u043c\u0443 \u043b\u0435\u0441\u043a\u0430 \u043d\u0438\u043a\u043e\u0433\u0434\u0430 \u043d\u0435 \u043f\u0435\u0440\u0435\u043a\u0440\u0443\u0447\u0438\u0432\u0430\u0435\u0442\u0441\u044f, \u0430 \u0432\u044f\u0437\u0430\u043d\u0438\u0435 \u043e\u0441\u0442\u0430\u0435\u0442\u0441\u044f \u043f\u043b\u0430\u0432\u043d\u044b\u043c \u0438 \u043a\u043e\u043c\u0444\u043e\u0440\u0442\u043d\u044b\u043c \u0434\u0430\u0436\u0435 \u043f\u0440\u0438 \u0440\u0430\u0431\u043e\u0442\u0435 \u0441 \u0431\u043e\u043b\u044c\u0448\u0438\u043c\u0438 \u043f\u0440\u043e\u0435\u043a\u0442\u0430\u043c\u0438.<\/p>\n<p data-start=\"854\" data-end=\"868\"><strong data-start=\"854\" data-end=\"866\">\u0424\u0443\u043d\u043a\u0446\u0438\u0438:<\/strong><\/p>\n<ul data-start=\"869\" data-end=\"1209\">\n<li data-start=\"869\" data-end=\"941\">\n<p data-start=\"871\" data-end=\"941\">\u0418\u0437\u0433\u043e\u0442\u043e\u0432\u043b\u0435\u043d\u043e \u0438\u0437 \u044f\u043f\u043e\u043d\u0441\u043a\u043e\u0433\u043e \u0431\u0430\u043c\u0431\u0443\u043a\u0430 \u0432\u044b\u0441\u043e\u0447\u0430\u0439\u0448\u0435\u0433\u043e \u043a\u0430\u0447\u0435\u0441\u0442\u0432\u0430.<\/p>\n<\/li>\n<li data-start=\"942\" data-end=\"1013\">\n<p data-start=\"944\" data-end=\"1013\">\u041e\u0442\u043f\u043e\u043b\u0438\u0440\u043e\u0432\u0430\u043d\u043e \u043d\u0430\u0442\u0443\u0440\u0430\u043b\u044c\u043d\u044b\u043c \u0440\u0430\u0441\u0442\u0438\u0442\u0435\u043b\u044c\u043d\u044b\u043c \u0432\u043e\u0441\u043a\u043e\u043c \u2013 \u043d\u0435\u043e\u0431\u044b\u0447\u0430\u0439\u043d\u043e \u0433\u043b\u0430\u0434\u043a\u043e\u0435 \u0438 \u043f\u0440\u0438\u044f\u0442\u043d\u043e\u0435 \u043d\u0430 \u043e\u0449\u0443\u043f\u044c.<\/p>\n<\/li>\n<li data-start=\"1014\" data-end=\"1061\">\n<p data-start=\"1016\" data-end=\"1061\">\u041f\u043e\u0432\u044b\u0448\u0435\u043d\u043d\u0430\u044f \u043f\u0440\u043e\u0447\u043d\u043e\u0441\u0442\u044c \u0437\u0430 \u0441\u0447\u0435\u0442 \u0442\u0435\u0440\u043c\u043e\u043e\u0431\u0440\u0430\u0431\u043e\u0442\u043a\u0438<\/p>\n<\/li>\n<li data-start=\"1062\" data-end=\"1119\">\n<p data-start=\"1064\" data-end=\"1119\">\u0412\u0440\u0430\u0449\u0430\u044e\u0449\u0438\u0439\u0441\u044f \u043d\u0430 360\u00b0 \u0441\u043e\u0435\u0434\u0438\u043d\u0438\u0442\u0435\u043b\u044c \u2014 \u0431\u0435\u0437 \u043f\u0435\u0440\u0435\u043a\u0440\u0443\u0447\u0438\u0432\u0430\u043d\u0438\u0439 \u0438 \u0443\u0437\u043b\u043e\u0432<\/p>\n<\/li>\n<li data-start=\"1120\" data-end=\"1176\">\n<p data-start=\"1122\" data-end=\"1176\">\u0420\u0430\u0437\u043c\u0435\u0440\u044b, \u0432\u044b\u0433\u0440\u0430\u0432\u0438\u0440\u043e\u0432\u0430\u043d\u043d\u044b\u0435 \u043b\u0430\u0437\u0435\u0440\u043e\u043c, \u043d\u0435 \u0441\u043e\u0442\u0440\u0443\u0442\u0441\u044f \u0441\u043e \u0432\u0440\u0435\u043c\u0435\u043d\u0435\u043c.<\/p>\n<\/li>\n<li data-start=\"1177\" data-end=\"1209\">\n<p data-start=\"1179\" data-end=\"1209\">\u041b\u0435\u0433\u043a\u0438\u0439, \u0442\u0435\u043f\u043b\u044b\u0439 \u0438 \u044d\u0440\u0433\u043e\u043d\u043e\u043c\u0438\u0447\u043d\u044b\u0439<\/p>\n<\/li>\n<\/ul>\n<p data-start=\"1211\" data-end=\"1229\"><strong data-start=\"1211\" data-end=\"1227\">\u0418\u0437\u043c\u0435\u0440\u0435\u043d\u0438\u044f:<\/strong><\/p>\n<ul data-start=\"1230\" data-end=\"1328\">\n<li data-start=\"1230\" data-end=\"1265\">\n<p data-start=\"1232\" data-end=\"1265\">\u0414\u043b\u0438\u043d\u0430 \u0441\u043f\u0438\u0446: \u043e\u043a\u043e\u043b\u043e <strong data-start=\"1252\" data-end=\"1263\">12,5 \u0441\u043c<\/strong><\/p>\n<\/li>\n<li data-start=\"1266\" data-end=\"1296\">\n<p data-start=\"1268\" data-end=\"1296\">\u0414\u043b\u0438\u043d\u0430 \u043b\u0435\u0441\u043a\u0438: \u043f\u0440\u0438\u0431\u043b. <strong data-start=\"1285\" data-end=\"1294\">57 \u0441\u043c<\/strong><\/p>\n<\/li>\n<li data-start=\"1297\" data-end=\"1328\">\n<p data-start=\"1299\" data-end=\"1328\">\u041e\u0431\u0449\u0430\u044f \u0434\u043b\u0438\u043d\u0430: \u043e\u043a\u043e\u043b\u043e <strong data-start=\"1319\" data-end=\"1328\">80 \u0441\u043c<\/strong><\/p>\n<\/li>\n<\/ul>\n<p data-start=\"1330\" data-end=\"1394\"><strong data-start=\"1330\" data-end=\"1343\">\u041c\u0430\u0442\u0435\u0440\u0438\u0430\u043b:<\/strong> \u044f\u043f\u043e\u043d\u0441\u043a\u0438\u0439 \u0431\u0430\u043c\u0431\u0443\u043a<br data-start=\"1363\" data-end=\"1366\" \/><strong data-start=\"1366\" data-end=\"1383\">\u0421\u0442\u0440\u0430\u043d\u0430 \u043f\u0440\u043e\u0438\u0441\u0445\u043e\u0436\u0434\u0435\u043d\u0438\u044f:<\/strong> \u042f\u043f\u043e\u043d\u0438\u044f<\/p>\n<p data-start=\"1396\" data-end=\"1484\" data-is-last-node=\"\" data-is-only-node=\"\"><strong data-start=\"1396\" data-end=\"1408\">\u041f\u0440\u0438\u043c\u0435\u0447\u0430\u043d\u0438\u0435:<\/strong> \u0426\u0432\u0435\u0442\u043e\u0432\u044b\u0435 \u043e\u0442\u0442\u0435\u043d\u043a\u0438 \u043c\u043e\u0433\u0443\u0442 \u043d\u0435\u0437\u043d\u0430\u0447\u0438\u0442\u0435\u043b\u044c\u043d\u043e \u043e\u0442\u043b\u0438\u0447\u0430\u0442\u044c\u0441\u044f \u0432 \u0437\u0430\u0432\u0438\u0441\u0438\u043c\u043e\u0441\u0442\u0438 \u043e\u0442 \u044d\u043a\u0440\u0430\u043d\u0430 \u0432\u0430\u0448\u0435\u0433\u043e \u0443\u0441\u0442\u0440\u043e\u0439\u0441\u0442\u0432\u0430.<\/p>","protected":false},"excerpt":{"rendered":"<p>Seeknit Koshitsu \u00a0\u2013 tai premium klas\u0117s virbalai, gaminami Japonijoje nuo 1916 met\u0173, naudojant tik kruop\u0161\u010diai atrinkt\u0105 moso ir madake bambuk\u0105. \u0160ie virbalai i\u0161siskiria tvirtumu, ilgaam\u017ei\u0161kumu ir nepriekai\u0161tingai glotniu pavir\u0161iumi, tod\u0117l si\u016blai slysta lengvai, o mezgimas tampa itin malonus. Serijos Koshitsu virbalai i\u0161siskiria savo \u0161ilta, tamsiai rusva spalva, kuri gaunama d\u0117l specialaus bambuko apdorojimo auk\u0161toje temperat\u016broje [&hellip;]<\/p>\n","protected":false},"featured_media":5689,"comment_status":"open","ping_status":"closed","template":"","meta":{"_acf_changed":false},"product_brand":[1068],"product_cat":[15,19,862],"product_tag":[],"pro-kategorijos":[],"class_list":{"0":"post-5682","1":"product","2":"type-product","3":"status-publish","4":"has-post-thumbnail","6":"product_brand-ka-seeknit","7":"product_cat-visi-produktai","8":"product_cat-mezgimo-priemones","9":"product_cat-virbalai-su-valu","11":"first","12":"instock","13":"shipping-taxable","14":"purchasable","15":"product-type-variable"},"acf":[],"yoast_head":"<!-- This site is optimized with the Yoast SEO plugin v26.8 - https:\/\/yoast.com\/product\/yoast-seo-wordpress\/ -->\n<title>Seeknit Koshitsu virbalai su valu 80 cm - Happyinaknit.com<\/title>\n<meta name=\"robots\" content=\"index, follow, max-snippet:-1, max-image-preview:large, max-video-preview:-1\" \/>\n<link rel=\"canonical\" href=\"https:\/\/happyinaknit.com\/ru\/product\/seeknit-koshitsu-virbalai-su-valu-80-cm\/\" \/>\n<meta property=\"og:locale\" content=\"ru_RU\" \/>\n<meta property=\"og:type\" content=\"article\" \/>\n<meta property=\"og:title\" content=\"Seeknit Koshitsu virbalai su valu 80 cm - Happyinaknit.com\" \/>\n<meta property=\"og:description\" content=\"Seeknit Koshitsu \u00a0\u2013 tai premium klas\u0117s virbalai, gaminami Japonijoje nuo 1916 met\u0173, naudojant tik kruop\u0161\u010diai atrinkt\u0105 moso ir madake bambuk\u0105. \u0160ie virbalai i\u0161siskiria tvirtumu, ilgaam\u017ei\u0161kumu ir nepriekai\u0161tingai glotniu pavir\u0161iumi, tod\u0117l si\u016blai slysta lengvai, o mezgimas tampa itin malonus. Serijos Koshitsu virbalai i\u0161siskiria savo \u0161ilta, tamsiai rusva spalva, kuri gaunama d\u0117l specialaus bambuko apdorojimo auk\u0161toje temperat\u016broje [&hellip;]\" \/>\n<meta property=\"og:url\" content=\"https:\/\/happyinaknit.com\/ru\/product\/seeknit-koshitsu-virbalai-su-valu-80-cm\/\" \/>\n<meta property=\"og:site_name\" content=\"Happyinaknit.com\" \/>\n<meta property=\"article:modified_time\" content=\"2025-12-01T16:31:41+00:00\" \/>\n<meta name=\"twitter:card\" content=\"summary_large_image\" \/>\n<meta name=\"twitter:label1\" content=\"\u041f\u0440\u0438\u043c\u0435\u0440\u043d\u043e\u0435 \u0432\u0440\u0435\u043c\u044f \u0434\u043b\u044f \u0447\u0442\u0435\u043d\u0438\u044f\" \/>\n\t<meta name=\"twitter:data1\" content=\"1 \u043c\u0438\u043d\u0443\u0442\u0430\" \/>\n<script type=\"application\/ld+json\" class=\"yoast-schema-graph\">{\"@context\":\"https:\/\/schema.org\",\"@graph\":[{\"@type\":\"WebPage\",\"@id\":\"https:\/\/happyinaknit.com\/produktas\/seeknit-koshitsu-virbalai-su-valu-80-cm\/\",\"url\":\"https:\/\/happyinaknit.com\/produktas\/seeknit-koshitsu-virbalai-su-valu-80-cm\/\",\"name\":\"Seeknit Koshitsu virbalai su valu 80 cm - Happyinaknit.com\",\"isPartOf\":{\"@id\":\"https:\/\/happyinaknit.com\/lt\/#website\"},\"primaryImageOfPage\":{\"@id\":\"https:\/\/happyinaknit.com\/produktas\/seeknit-koshitsu-virbalai-su-valu-80-cm\/#primaryimage\"},\"image\":{\"@id\":\"https:\/\/happyinaknit.com\/produktas\/seeknit-koshitsu-virbalai-su-valu-80-cm\/#primaryimage\"},\"thumbnailUrl\":\"https:\/\/happyinaknit.com\/wp-content\/uploads\/2025\/10\/il_570xN.3695244588_e512.jpg.avif\",\"datePublished\":\"2025-10-17T21:49:41+00:00\",\"dateModified\":\"2025-12-01T16:31:41+00:00\",\"breadcrumb\":{\"@id\":\"https:\/\/happyinaknit.com\/produktas\/seeknit-koshitsu-virbalai-su-valu-80-cm\/#breadcrumb\"},\"inLanguage\":\"ru-RU\",\"potentialAction\":[{\"@type\":\"ReadAction\",\"target\":[\"https:\/\/happyinaknit.com\/produktas\/seeknit-koshitsu-virbalai-su-valu-80-cm\/\"]}]},{\"@type\":\"ImageObject\",\"inLanguage\":\"ru-RU\",\"@id\":\"https:\/\/happyinaknit.com\/produktas\/seeknit-koshitsu-virbalai-su-valu-80-cm\/#primaryimage\",\"url\":\"https:\/\/happyinaknit.com\/wp-content\/uploads\/2025\/10\/il_570xN.3695244588_e512.jpg.avif\",\"contentUrl\":\"https:\/\/happyinaknit.com\/wp-content\/uploads\/2025\/10\/il_570xN.3695244588_e512.jpg.avif\",\"width\":570,\"height\":570},{\"@type\":\"BreadcrumbList\",\"@id\":\"https:\/\/happyinaknit.com\/produktas\/seeknit-koshitsu-virbalai-su-valu-80-cm\/#breadcrumb\",\"itemListElement\":[{\"@type\":\"ListItem\",\"position\":1,\"name\":\"Home\",\"item\":\"https:\/\/happyinaknit.com\/lt\/\"},{\"@type\":\"ListItem\",\"position\":2,\"name\":\"Parduotuv\u0117\",\"item\":\"https:\/\/happyinaknit.com\/lt\/parduotuve\/\"},{\"@type\":\"ListItem\",\"position\":3,\"name\":\"Seeknit Koshitsu virbalai su valu 80 cm\"}]},{\"@type\":\"WebSite\",\"@id\":\"https:\/\/happyinaknit.com\/lt\/#website\",\"url\":\"https:\/\/happyinaknit.com\/lt\/\",\"name\":\"Happyinaknit.com\",\"description\":\"\",\"potentialAction\":[{\"@type\":\"SearchAction\",\"target\":{\"@type\":\"EntryPoint\",\"urlTemplate\":\"https:\/\/happyinaknit.com\/lt\/?s={search_term_string}\"},\"query-input\":{\"@type\":\"PropertyValueSpecification\",\"valueRequired\":true,\"valueName\":\"search_term_string\"}}],\"inLanguage\":\"ru-RU\"}]}<\/script>\n<!-- \/ Yoast SEO plugin. -->","yoast_head_json":{"title":"Seeknit Koshitsu virbalai su valu 80 cm - Happyinaknit.com","robots":{"index":"index","follow":"follow","max-snippet":"max-snippet:-1","max-image-preview":"max-image-preview:large","max-video-preview":"max-video-preview:-1"},"canonical":"https:\/\/happyinaknit.com\/ru\/product\/seeknit-koshitsu-virbalai-su-valu-80-cm\/","og_locale":"ru_RU","og_type":"article","og_title":"Seeknit Koshitsu virbalai su valu 80 cm - Happyinaknit.com","og_description":"Seeknit Koshitsu \u00a0\u2013 tai premium klas\u0117s virbalai, gaminami Japonijoje nuo 1916 met\u0173, naudojant tik kruop\u0161\u010diai atrinkt\u0105 moso ir madake bambuk\u0105. \u0160ie virbalai i\u0161siskiria tvirtumu, ilgaam\u017ei\u0161kumu ir nepriekai\u0161tingai glotniu pavir\u0161iumi, tod\u0117l si\u016blai slysta lengvai, o mezgimas tampa itin malonus. Serijos Koshitsu virbalai i\u0161siskiria savo \u0161ilta, tamsiai rusva spalva, kuri gaunama d\u0117l specialaus bambuko apdorojimo auk\u0161toje temperat\u016broje [&hellip;]","og_url":"https:\/\/happyinaknit.com\/ru\/product\/seeknit-koshitsu-virbalai-su-valu-80-cm\/","og_site_name":"Happyinaknit.com","article_modified_time":"2025-12-01T16:31:41+00:00","twitter_card":"summary_large_image","twitter_misc":{"\u041f\u0440\u0438\u043c\u0435\u0440\u043d\u043e\u0435 \u0432\u0440\u0435\u043c\u044f \u0434\u043b\u044f \u0447\u0442\u0435\u043d\u0438\u044f":"1 \u043c\u0438\u043d\u0443\u0442\u0430"},"schema":{"@context":"https:\/\/schema.org","@graph":[{"@type":"WebPage","@id":"https:\/\/happyinaknit.com\/produktas\/seeknit-koshitsu-virbalai-su-valu-80-cm\/","url":"https:\/\/happyinaknit.com\/produktas\/seeknit-koshitsu-virbalai-su-valu-80-cm\/","name":"Seeknit Koshitsu virbalai su valu 80 cm - Happyinaknit.com","isPartOf":{"@id":"https:\/\/happyinaknit.com\/lt\/#website"},"primaryImageOfPage":{"@id":"https:\/\/happyinaknit.com\/produktas\/seeknit-koshitsu-virbalai-su-valu-80-cm\/#primaryimage"},"image":{"@id":"https:\/\/happyinaknit.com\/produktas\/seeknit-koshitsu-virbalai-su-valu-80-cm\/#primaryimage"},"thumbnailUrl":"https:\/\/happyinaknit.com\/wp-content\/uploads\/2025\/10\/il_570xN.3695244588_e512.jpg.avif","datePublished":"2025-10-17T21:49:41+00:00","dateModified":"2025-12-01T16:31:41+00:00","breadcrumb":{"@id":"https:\/\/happyinaknit.com\/produktas\/seeknit-koshitsu-virbalai-su-valu-80-cm\/#breadcrumb"},"inLanguage":"ru-RU","potentialAction":[{"@type":"ReadAction","target":["https:\/\/happyinaknit.com\/produktas\/seeknit-koshitsu-virbalai-su-valu-80-cm\/"]}]},{"@type":"ImageObject","inLanguage":"ru-RU","@id":"https:\/\/happyinaknit.com\/produktas\/seeknit-koshitsu-virbalai-su-valu-80-cm\/#primaryimage","url":"https:\/\/happyinaknit.com\/wp-content\/uploads\/2025\/10\/il_570xN.3695244588_e512.jpg.avif","contentUrl":"https:\/\/happyinaknit.com\/wp-content\/uploads\/2025\/10\/il_570xN.3695244588_e512.jpg.avif","width":570,"height":570},{"@type":"BreadcrumbList","@id":"https:\/\/happyinaknit.com\/produktas\/seeknit-koshitsu-virbalai-su-valu-80-cm\/#breadcrumb","itemListElement":[{"@type":"ListItem","position":1,"name":"Home","item":"https:\/\/happyinaknit.com\/lt\/"},{"@type":"ListItem","position":2,"name":"Parduotuv\u0117","item":"https:\/\/happyinaknit.com\/lt\/parduotuve\/"},{"@type":"ListItem","position":3,"name":"Seeknit Koshitsu virbalai su valu 80 cm"}]},{"@type":"WebSite","@id":"https:\/\/happyinaknit.com\/lt\/#website","url":"https:\/\/happyinaknit.com\/lt\/","name":"Happyinaknit.com","description":"","potentialAction":[{"@type":"SearchAction","target":{"@type":"EntryPoint","urlTemplate":"https:\/\/happyinaknit.com\/lt\/?s={search_term_string}"},"query-input":{"@type":"PropertyValueSpecification","valueRequired":true,"valueName":"search_term_string"}}],"inLanguage":"ru-RU"}]}},"_links":{"self":[{"href":"https:\/\/happyinaknit.com\/ru\/wp-json\/wp\/v2\/product\/5682","targetHints":{"allow":["GET"]}}],"collection":[{"href":"https:\/\/happyinaknit.com\/ru\/wp-json\/wp\/v2\/product"}],"about":[{"href":"https:\/\/happyinaknit.com\/ru\/wp-json\/wp\/v2\/types\/product"}],"replies":[{"embeddable":true,"href":"https:\/\/happyinaknit.com\/ru\/wp-json\/wp\/v2\/comments?post=5682"}],"wp:featuredmedia":[{"embeddable":true,"href":"https:\/\/happyinaknit.com\/ru\/wp-json\/wp\/v2\/media\/5689"}],"wp:attachment":[{"href":"https:\/\/happyinaknit.com\/ru\/wp-json\/wp\/v2\/media?parent=5682"}],"wp:term":[{"taxonomy":"product_brand","embeddable":true,"href":"https:\/\/happyinaknit.com\/ru\/wp-json\/wp\/v2\/product_brand?post=5682"},{"taxonomy":"product_cat","embeddable":true,"href":"https:\/\/happyinaknit.com\/ru\/wp-json\/wp\/v2\/product_cat?post=5682"},{"taxonomy":"product_tag","embeddable":true,"href":"https:\/\/happyinaknit.com\/ru\/wp-json\/wp\/v2\/product_tag?post=5682"},{"taxonomy":"pro-kategorijos","embeddable":true,"href":"https:\/\/happyinaknit.com\/ru\/wp-json\/wp\/v2\/pro-kategorijos?post=5682"}],"curies":[{"name":"wp","href":"https:\/\/api.w.org\/{rel}","templated":true}]}}