{"id":5681,"date":"2025-10-17T21:39:05","date_gmt":"2025-10-17T21:39:05","guid":{"rendered":"https:\/\/happyinaknit.com\/?post_type=product&#038;p=5681"},"modified":"2025-10-17T21:39:05","modified_gmt":"2025-10-17T21:39:05","slug":"ka-seeknit-shirotake-adatu-rinkinys","status":"publish","type":"product","link":"https:\/\/happyinaknit.com\/ru\/product\/ka-seeknit-shirotake-adatu-rinkinys\/","title":{"rendered":"KA Seeknit Shirotake \u043d\u0430\u0431\u043e\u0440 \u0438\u0433\u043b"},"content":{"rendered":"<p data-start=\"63\" data-end=\"315\"><strong data-start=\"63\" data-end=\"87\">KA Seeknit Shirotake<\/strong> \u043d\u0430\u0431\u043e\u0440 \u0438\u0433\u043b \u2014 \u044d\u0442\u043e \u0432\u044b\u0441\u043e\u043a\u043e\u043a\u0430\u0447\u0435\u0441\u0442\u0432\u0435\u043d\u043d\u044b\u0439 \u0438\u043d\u0441\u0442\u0440\u0443\u043c\u0435\u043d\u0442 \u0434\u043b\u044f \u0448\u0438\u0442\u044c\u044f \u0442\u0440\u0438\u043a\u043e\u0442\u0430\u0436\u043d\u044b\u0445 \u0438\u0437\u0434\u0435\u043b\u0438\u0439, \u0437\u0430\u043f\u0440\u0430\u0432\u043a\u0438 \u043d\u0438\u0442\u043e\u043a \u0438\u043b\u0438 \u0441\u043e\u0435\u0434\u0438\u043d\u0435\u043d\u0438\u044f \u0434\u0435\u0442\u0430\u043b\u0435\u0439. \u0418\u0437\u0433\u043e\u0442\u043e\u0432\u043b\u0435\u043d\u044b \u0438\u0437 <strong data-start=\"219\" data-end=\"251\">\u043d\u0430\u0442\u0443\u0440\u0430\u043b\u044c\u043d\u043e\u0433\u043e  \u044f\u043f\u043e\u043d\u0441\u043a\u043e\u0433\u043e  \u0431\u0430\u043c\u0431\u0443\u043a\u0430.<\/strong>\u042d\u0442\u0438 \u0438\u0433\u043b\u044b \u043b\u0435\u0433\u043a\u0438\u0435  \u0438 \u0438\u0445 \u043f\u0440\u0438\u044f\u0442\u043d\u043e \u0434\u0435\u0440\u0436\u0430\u0442\u044c \u0432 \u0440\u0443\u043a\u0435.<\/p>\n<p data-start=\"317\" data-end=\"462\">\u0418\u0434\u0435\u0430\u043b\u044c\u043d\u043e \u043e\u0442\u043f\u043e\u043b\u0438\u0440\u043e\u0432\u0430\u043d\u043d\u0430\u044f \u043f\u043e\u0432\u0435\u0440\u0445\u043d\u043e\u0441\u0442\u044c \u043f\u043e\u0437\u0432\u043e\u043b\u044f\u0435\u0442 \u043d\u0438\u0442\u0438 \u043b\u0435\u0433\u043a\u043e \u0441\u043a\u043e\u043b\u044c\u0437\u0438\u0442\u044c \u0438 \u043d\u0435 \u0442\u044f\u043d\u0443\u0442\u044c \u0432\u043e\u043b\u043e\u043a\u043d\u0430, \u0447\u0442\u043e \u0434\u0435\u043b\u0430\u0435\u0442 \u044d\u0442\u0438 \u0438\u0433\u043b\u044b \u043e\u0441\u043e\u0431\u0435\u043d\u043d\u043e \u043f\u043e\u0434\u0445\u043e\u0434\u044f\u0449\u0438\u043c\u0438 \u0434\u043b\u044f \u0434\u0435\u043b\u0438\u043a\u0430\u0442\u043d\u044b\u0445, \u043d\u0430\u0442\u0443\u0440\u0430\u043b\u044c\u043d\u044b\u0445 \u043d\u0438\u0442\u0435\u0439.<\/p>\n<p data-start=\"464\" data-end=\"526\"><strong data-start=\"464\" data-end=\"483\">\u0412 \u043a\u043e\u043c\u043f\u043b\u0435\u043a\u0442 \u0432\u0445\u043e\u0434\u0438\u0442:<\/strong><br data-start=\"483\" data-end=\"486\" \/>\u2022 3 \u0431\u0430\u043c\u0431\u0443\u043a\u043e\u0432\u044b\u0435 \u0438\u0433\u043b\u044b \u0440\u0430\u0437\u043d\u044b\u0445 \u0440\u0430\u0437\u043c\u0435\u0440\u043e\u0432<\/p>\n<p data-start=\"528\" data-end=\"542\"><strong data-start=\"528\" data-end=\"540\">\u0424\u0443\u043d\u043a\u0446\u0438\u0438:<\/strong><\/p>\n<ul data-start=\"543\" data-end=\"741\">\n<li data-start=\"543\" data-end=\"594\">\n<p data-start=\"545\" data-end=\"594\">\u0418\u0437\u0433\u043e\u0442\u043e\u0432\u043b\u0435\u043d\u043e \u0438\u0437 \u0432\u044b\u0441\u043e\u043a\u043e\u043a\u0430\u0447\u0435\u0441\u0442\u0432\u0435\u043d\u043d\u043e\u0433\u043e \u044f\u043f\u043e\u043d\u0441\u043a\u043e\u0433\u043e \u0431\u0430\u043c\u0431\u0443\u043a\u0430.<\/p>\n<\/li>\n<li data-start=\"595\" data-end=\"641\">\n<p data-start=\"597\" data-end=\"641\">\u0418\u0434\u0435\u0430\u043b\u044c\u043d\u043e \u0433\u043b\u0430\u0434\u043a\u0430\u044f \u043f\u043e\u0432\u0435\u0440\u0445\u043d\u043e\u0441\u0442\u044c, \u043f\u0440\u0438\u044f\u0442\u043d\u0430\u044f \u043d\u0430 \u043e\u0449\u0443\u043f\u044c<\/p>\n<\/li>\n<li data-start=\"642\" data-end=\"675\">\n<p data-start=\"644\" data-end=\"675\">\u041f\u0440\u043e\u0447\u043d\u044b\u0439, \u0434\u043e\u043b\u0433\u043e\u0432\u0435\u0447\u043d\u044b\u0439 \u0438 \u043b\u0435\u0433\u043a\u0438\u0439<\/p>\n<\/li>\n<li data-start=\"676\" data-end=\"741\">\n<p data-start=\"678\" data-end=\"741\">\u0418\u0434\u0435\u0430\u043b\u044c\u043d\u043e \u043f\u043e\u0434\u0445\u043e\u0434\u0438\u0442 \u0434\u043b\u044f \u0448\u0438\u0442\u044c\u044f \u0442\u0440\u0438\u043a\u043e\u0442\u0430\u0436\u043d\u044b\u0445 \u0438\u0437\u0434\u0435\u043b\u0438\u0439, \u0441\u043a\u0440\u044b\u0442\u0438\u044f \u043d\u0438\u0442\u043e\u043a \u0438 \u043e\u0442\u0434\u0435\u043b\u043a\u0438.<\/p>\n<\/li>\n<\/ul>\n<p data-start=\"743\" data-end=\"817\"><strong data-start=\"743\" data-end=\"754\">\u0412\u0435\u0441:<\/strong> 3 \u0448\u0442.<br data-start=\"761\" data-end=\"764\" \/><strong data-start=\"764\" data-end=\"777\">\u041c\u0430\u0442\u0435\u0440\u0438\u0430\u043b:<\/strong> \u0431\u0430\u043c\u0431\u0443\u043a<br data-start=\"786\" data-end=\"789\" \/><strong data-start=\"789\" data-end=\"806\">\u0421\u0442\u0440\u0430\u043d\u0430 \u043f\u0440\u043e\u0438\u0441\u0445\u043e\u0436\u0434\u0435\u043d\u0438\u044f:<\/strong> \u042f\u043f\u043e\u043d\u0438\u044f<\/p>\n<p data-start=\"819\" data-end=\"907\" data-is-last-node=\"\" data-is-only-node=\"\"><strong data-start=\"819\" data-end=\"831\">\u041f\u0440\u0438\u043c\u0435\u0447\u0430\u043d\u0438\u0435:<\/strong> \u0426\u0432\u0435\u0442\u043e\u0432\u044b\u0435 \u043e\u0442\u0442\u0435\u043d\u043a\u0438 \u043c\u043e\u0433\u0443\u0442 \u043d\u0435\u0437\u043d\u0430\u0447\u0438\u0442\u0435\u043b\u044c\u043d\u043e \u043e\u0442\u043b\u0438\u0447\u0430\u0442\u044c\u0441\u044f \u0432 \u0437\u0430\u0432\u0438\u0441\u0438\u043c\u043e\u0441\u0442\u0438 \u043e\u0442 \u044d\u043a\u0440\u0430\u043d\u0430 \u0432\u0430\u0448\u0435\u0433\u043e \u0443\u0441\u0442\u0440\u043e\u0439\u0441\u0442\u0432\u0430.<\/p>","protected":false},"excerpt":{"rendered":"<p>KA Seeknit Shirotake adat\u0173 rinkinys \u2013 tai auk\u0161tos kokyb\u0117s \u012frankis, skirtas megzt\u0173 gamini\u0173 siuvimui, si\u016bl\u0173 \u012fv\u0117rimui ar detali\u0173 sujungimui. Pagamintos i\u0161 nat\u016bralaus japoni\u0161ko bambuko, \u0161ios adatos yra lengvos, \u0161iltos ir malonios laikyti rankoje. Tobulai nupoliruotas pavir\u0161ius leid\u017eia si\u016blui slysti lengvai ir netraukia pluo\u0161to, tod\u0117l \u0161ios adatos ypa\u010d tinka jautriems, nat\u016braliems si\u016blams. Rinkin\u012f sudaro:\u2022 3 bambukin\u0117s [&hellip;]<\/p>\n","protected":false},"featured_media":5660,"comment_status":"open","ping_status":"closed","template":"","meta":{"_acf_changed":false},"product_brand":[1068],"product_cat":[15,1080,20],"product_tag":[],"pro-kategorijos":[],"class_list":{"0":"post-5681","1":"product","2":"type-product","3":"status-publish","4":"has-post-thumbnail","6":"product_brand-ka-seeknit","7":"product_cat-visi-produktai","8":"product_cat-adatos","9":"product_cat-priedai-mezgimui","11":"first","12":"instock","13":"shipping-taxable","14":"purchasable","15":"product-type-simple"},"acf":[],"yoast_head":"<!-- This site is optimized with the Yoast SEO plugin v26.8 - https:\/\/yoast.com\/product\/yoast-seo-wordpress\/ -->\n<title>KA Seeknit Shirotake adat\u0173 rinkinys - Happyinaknit.com<\/title>\n<meta name=\"robots\" content=\"index, follow, max-snippet:-1, max-image-preview:large, max-video-preview:-1\" \/>\n<link rel=\"canonical\" href=\"https:\/\/happyinaknit.com\/ru\/product\/ka-seeknit-shirotake-adatu-rinkinys\/\" \/>\n<meta property=\"og:locale\" content=\"ru_RU\" \/>\n<meta property=\"og:type\" content=\"article\" \/>\n<meta property=\"og:title\" content=\"KA Seeknit Shirotake adat\u0173 rinkinys - Happyinaknit.com\" \/>\n<meta property=\"og:description\" content=\"KA Seeknit Shirotake adat\u0173 rinkinys \u2013 tai auk\u0161tos kokyb\u0117s \u012frankis, skirtas megzt\u0173 gamini\u0173 siuvimui, si\u016bl\u0173 \u012fv\u0117rimui ar detali\u0173 sujungimui. Pagamintos i\u0161 nat\u016bralaus japoni\u0161ko bambuko, \u0161ios adatos yra lengvos, \u0161iltos ir malonios laikyti rankoje. Tobulai nupoliruotas pavir\u0161ius leid\u017eia si\u016blui slysti lengvai ir netraukia pluo\u0161to, tod\u0117l \u0161ios adatos ypa\u010d tinka jautriems, nat\u016braliems si\u016blams. Rinkin\u012f sudaro:\u2022 3 bambukin\u0117s [&hellip;]\" \/>\n<meta property=\"og:url\" content=\"https:\/\/happyinaknit.com\/ru\/product\/ka-seeknit-shirotake-adatu-rinkinys\/\" \/>\n<meta property=\"og:site_name\" content=\"Happyinaknit.com\" \/>\n<meta property=\"og:image\" content=\"https:\/\/happyinaknit.com\/wp-content\/uploads\/2025\/10\/See_Knit_Shirotake_Bamboo_Blunt_Needles_Package.jpg.webp\" \/>\n\t<meta property=\"og:image:width\" content=\"1000\" \/>\n\t<meta property=\"og:image:height\" content=\"1000\" \/>\n\t<meta property=\"og:image:type\" content=\"image\/webp\" \/>\n<meta name=\"twitter:card\" content=\"summary_large_image\" \/>\n<meta name=\"twitter:label1\" content=\"\u041f\u0440\u0438\u043c\u0435\u0440\u043d\u043e\u0435 \u0432\u0440\u0435\u043c\u044f \u0434\u043b\u044f \u0447\u0442\u0435\u043d\u0438\u044f\" \/>\n\t<meta name=\"twitter:data1\" content=\"1 \u043c\u0438\u043d\u0443\u0442\u0430\" \/>\n<script type=\"application\/ld+json\" class=\"yoast-schema-graph\">{\"@context\":\"https:\/\/schema.org\",\"@graph\":[{\"@type\":\"WebPage\",\"@id\":\"https:\/\/happyinaknit.com\/produktas\/ka-seeknit-shirotake-adatu-rinkinys\/\",\"url\":\"https:\/\/happyinaknit.com\/produktas\/ka-seeknit-shirotake-adatu-rinkinys\/\",\"name\":\"KA Seeknit Shirotake adat\u0173 rinkinys - Happyinaknit.com\",\"isPartOf\":{\"@id\":\"https:\/\/happyinaknit.com\/lt\/#website\"},\"primaryImageOfPage\":{\"@id\":\"https:\/\/happyinaknit.com\/produktas\/ka-seeknit-shirotake-adatu-rinkinys\/#primaryimage\"},\"image\":{\"@id\":\"https:\/\/happyinaknit.com\/produktas\/ka-seeknit-shirotake-adatu-rinkinys\/#primaryimage\"},\"thumbnailUrl\":\"https:\/\/happyinaknit.com\/wp-content\/uploads\/2025\/10\/See_Knit_Shirotake_Bamboo_Blunt_Needles_Package.jpg.webp\",\"datePublished\":\"2025-10-17T21:39:05+00:00\",\"breadcrumb\":{\"@id\":\"https:\/\/happyinaknit.com\/produktas\/ka-seeknit-shirotake-adatu-rinkinys\/#breadcrumb\"},\"inLanguage\":\"ru-RU\",\"potentialAction\":[{\"@type\":\"ReadAction\",\"target\":[\"https:\/\/happyinaknit.com\/produktas\/ka-seeknit-shirotake-adatu-rinkinys\/\"]}]},{\"@type\":\"ImageObject\",\"inLanguage\":\"ru-RU\",\"@id\":\"https:\/\/happyinaknit.com\/produktas\/ka-seeknit-shirotake-adatu-rinkinys\/#primaryimage\",\"url\":\"https:\/\/happyinaknit.com\/wp-content\/uploads\/2025\/10\/See_Knit_Shirotake_Bamboo_Blunt_Needles_Package.jpg.webp\",\"contentUrl\":\"https:\/\/happyinaknit.com\/wp-content\/uploads\/2025\/10\/See_Knit_Shirotake_Bamboo_Blunt_Needles_Package.jpg.webp\",\"width\":1000,\"height\":1000},{\"@type\":\"BreadcrumbList\",\"@id\":\"https:\/\/happyinaknit.com\/produktas\/ka-seeknit-shirotake-adatu-rinkinys\/#breadcrumb\",\"itemListElement\":[{\"@type\":\"ListItem\",\"position\":1,\"name\":\"Home\",\"item\":\"https:\/\/happyinaknit.com\/lt\/\"},{\"@type\":\"ListItem\",\"position\":2,\"name\":\"Parduotuv\u0117\",\"item\":\"https:\/\/happyinaknit.com\/lt\/parduotuve\/\"},{\"@type\":\"ListItem\",\"position\":3,\"name\":\"KA Seeknit Shirotake adat\u0173 rinkinys\"}]},{\"@type\":\"WebSite\",\"@id\":\"https:\/\/happyinaknit.com\/lt\/#website\",\"url\":\"https:\/\/happyinaknit.com\/lt\/\",\"name\":\"Happyinaknit.com\",\"description\":\"\",\"potentialAction\":[{\"@type\":\"SearchAction\",\"target\":{\"@type\":\"EntryPoint\",\"urlTemplate\":\"https:\/\/happyinaknit.com\/lt\/?s={search_term_string}\"},\"query-input\":{\"@type\":\"PropertyValueSpecification\",\"valueRequired\":true,\"valueName\":\"search_term_string\"}}],\"inLanguage\":\"ru-RU\"}]}<\/script>\n<!-- \/ Yoast SEO plugin. -->","yoast_head_json":{"title":"KA Seeknit Shirotake adat\u0173 rinkinys - Happyinaknit.com","robots":{"index":"index","follow":"follow","max-snippet":"max-snippet:-1","max-image-preview":"max-image-preview:large","max-video-preview":"max-video-preview:-1"},"canonical":"https:\/\/happyinaknit.com\/ru\/product\/ka-seeknit-shirotake-adatu-rinkinys\/","og_locale":"ru_RU","og_type":"article","og_title":"KA Seeknit Shirotake adat\u0173 rinkinys - Happyinaknit.com","og_description":"KA Seeknit Shirotake adat\u0173 rinkinys \u2013 tai auk\u0161tos kokyb\u0117s \u012frankis, skirtas megzt\u0173 gamini\u0173 siuvimui, si\u016bl\u0173 \u012fv\u0117rimui ar detali\u0173 sujungimui. Pagamintos i\u0161 nat\u016bralaus japoni\u0161ko bambuko, \u0161ios adatos yra lengvos, \u0161iltos ir malonios laikyti rankoje. Tobulai nupoliruotas pavir\u0161ius leid\u017eia si\u016blui slysti lengvai ir netraukia pluo\u0161to, tod\u0117l \u0161ios adatos ypa\u010d tinka jautriems, nat\u016braliems si\u016blams. Rinkin\u012f sudaro:\u2022 3 bambukin\u0117s [&hellip;]","og_url":"https:\/\/happyinaknit.com\/ru\/product\/ka-seeknit-shirotake-adatu-rinkinys\/","og_site_name":"Happyinaknit.com","og_image":[{"width":1000,"height":1000,"url":"https:\/\/happyinaknit.com\/wp-content\/uploads\/2025\/10\/See_Knit_Shirotake_Bamboo_Blunt_Needles_Package.jpg.webp","type":"image\/webp"}],"twitter_card":"summary_large_image","twitter_misc":{"\u041f\u0440\u0438\u043c\u0435\u0440\u043d\u043e\u0435 \u0432\u0440\u0435\u043c\u044f \u0434\u043b\u044f \u0447\u0442\u0435\u043d\u0438\u044f":"1 \u043c\u0438\u043d\u0443\u0442\u0430"},"schema":{"@context":"https:\/\/schema.org","@graph":[{"@type":"WebPage","@id":"https:\/\/happyinaknit.com\/produktas\/ka-seeknit-shirotake-adatu-rinkinys\/","url":"https:\/\/happyinaknit.com\/produktas\/ka-seeknit-shirotake-adatu-rinkinys\/","name":"KA Seeknit Shirotake adat\u0173 rinkinys - Happyinaknit.com","isPartOf":{"@id":"https:\/\/happyinaknit.com\/lt\/#website"},"primaryImageOfPage":{"@id":"https:\/\/happyinaknit.com\/produktas\/ka-seeknit-shirotake-adatu-rinkinys\/#primaryimage"},"image":{"@id":"https:\/\/happyinaknit.com\/produktas\/ka-seeknit-shirotake-adatu-rinkinys\/#primaryimage"},"thumbnailUrl":"https:\/\/happyinaknit.com\/wp-content\/uploads\/2025\/10\/See_Knit_Shirotake_Bamboo_Blunt_Needles_Package.jpg.webp","datePublished":"2025-10-17T21:39:05+00:00","breadcrumb":{"@id":"https:\/\/happyinaknit.com\/produktas\/ka-seeknit-shirotake-adatu-rinkinys\/#breadcrumb"},"inLanguage":"ru-RU","potentialAction":[{"@type":"ReadAction","target":["https:\/\/happyinaknit.com\/produktas\/ka-seeknit-shirotake-adatu-rinkinys\/"]}]},{"@type":"ImageObject","inLanguage":"ru-RU","@id":"https:\/\/happyinaknit.com\/produktas\/ka-seeknit-shirotake-adatu-rinkinys\/#primaryimage","url":"https:\/\/happyinaknit.com\/wp-content\/uploads\/2025\/10\/See_Knit_Shirotake_Bamboo_Blunt_Needles_Package.jpg.webp","contentUrl":"https:\/\/happyinaknit.com\/wp-content\/uploads\/2025\/10\/See_Knit_Shirotake_Bamboo_Blunt_Needles_Package.jpg.webp","width":1000,"height":1000},{"@type":"BreadcrumbList","@id":"https:\/\/happyinaknit.com\/produktas\/ka-seeknit-shirotake-adatu-rinkinys\/#breadcrumb","itemListElement":[{"@type":"ListItem","position":1,"name":"Home","item":"https:\/\/happyinaknit.com\/lt\/"},{"@type":"ListItem","position":2,"name":"Parduotuv\u0117","item":"https:\/\/happyinaknit.com\/lt\/parduotuve\/"},{"@type":"ListItem","position":3,"name":"KA Seeknit Shirotake adat\u0173 rinkinys"}]},{"@type":"WebSite","@id":"https:\/\/happyinaknit.com\/lt\/#website","url":"https:\/\/happyinaknit.com\/lt\/","name":"Happyinaknit.com","description":"","potentialAction":[{"@type":"SearchAction","target":{"@type":"EntryPoint","urlTemplate":"https:\/\/happyinaknit.com\/lt\/?s={search_term_string}"},"query-input":{"@type":"PropertyValueSpecification","valueRequired":true,"valueName":"search_term_string"}}],"inLanguage":"ru-RU"}]}},"_links":{"self":[{"href":"https:\/\/happyinaknit.com\/ru\/wp-json\/wp\/v2\/product\/5681","targetHints":{"allow":["GET"]}}],"collection":[{"href":"https:\/\/happyinaknit.com\/ru\/wp-json\/wp\/v2\/product"}],"about":[{"href":"https:\/\/happyinaknit.com\/ru\/wp-json\/wp\/v2\/types\/product"}],"replies":[{"embeddable":true,"href":"https:\/\/happyinaknit.com\/ru\/wp-json\/wp\/v2\/comments?post=5681"}],"wp:featuredmedia":[{"embeddable":true,"href":"https:\/\/happyinaknit.com\/ru\/wp-json\/wp\/v2\/media\/5660"}],"wp:attachment":[{"href":"https:\/\/happyinaknit.com\/ru\/wp-json\/wp\/v2\/media?parent=5681"}],"wp:term":[{"taxonomy":"product_brand","embeddable":true,"href":"https:\/\/happyinaknit.com\/ru\/wp-json\/wp\/v2\/product_brand?post=5681"},{"taxonomy":"product_cat","embeddable":true,"href":"https:\/\/happyinaknit.com\/ru\/wp-json\/wp\/v2\/product_cat?post=5681"},{"taxonomy":"product_tag","embeddable":true,"href":"https:\/\/happyinaknit.com\/ru\/wp-json\/wp\/v2\/product_tag?post=5681"},{"taxonomy":"pro-kategorijos","embeddable":true,"href":"https:\/\/happyinaknit.com\/ru\/wp-json\/wp\/v2\/pro-kategorijos?post=5681"}],"curies":[{"name":"wp","href":"https:\/\/api.w.org\/{rel}","templated":true}]}}