{"id":5664,"date":"2025-10-17T21:03:41","date_gmt":"2025-10-17T21:03:41","guid":{"rendered":"https:\/\/happyinaknit.com\/?post_type=product&#038;p=5664"},"modified":"2026-01-04T19:36:26","modified_gmt":"2026-01-04T19:36:26","slug":"ka-seeknit-shirotake-japoniski-bambukiniai-virbalai-su-valu-60-cm","status":"publish","type":"product","link":"https:\/\/happyinaknit.com\/ru\/product\/ka-seeknit-shirotake-japoniski-bambukiniai-virbalai-su-valu-60-cm\/","title":{"rendered":"KA Seeknit Shirotake \u2013 \u044f\u043f\u043e\u043d\u0441\u043a\u0438\u0435 \u0431\u0430\u043c\u0431\u0443\u043a\u043e\u0432\u044b\u0435 \u0441\u043f\u0438\u0446\u044b \u0441 \u043b\u0435\u0441\u043a\u043e\u0439 60 \u0441\u043c"},"content":{"rendered":"<p data-start=\"69\" data-end=\"319\"><strong data-start=\"69\" data-end=\"90\">Seeknit Shirotake<\/strong> \u2013 \u044d\u0442\u043e \u044f\u043f\u043e\u043d\u0441\u043a\u0438\u0435 \u0441\u043f\u0438\u0446\u044b \u0432\u044b\u0441\u043e\u0447\u0430\u0439\u0448\u0435\u0433\u043e \u043a\u0430\u0447\u0435\u0441\u0442\u0432\u0430, \u0438\u0437\u0433\u043e\u0442\u043e\u0432\u043b\u0435\u043d\u043d\u044b\u0435 \u0438\u0437 \u0438\u0441\u043a\u043b\u044e\u0447\u0438\u0442\u0435\u043b\u044c\u043d\u043e \u043f\u0440\u043e\u0447\u043d\u043e\u0433\u043e \u0438 \u044d\u043b\u0430\u0441\u0442\u0438\u0447\u043d\u043e\u0433\u043e \u0431\u0430\u043c\u0431\u0443\u043a\u0430. \u041a\u0430\u0436\u0434\u0430\u044f \u0441\u043f\u0438\u0446\u0430 \u0442\u0449\u0430\u0442\u0435\u043b\u044c\u043d\u043e \u043e\u0442\u043f\u043e\u043b\u0438\u0440\u043e\u0432\u0430\u043d\u0430 \u043d\u0430\u0442\u0443\u0440\u0430\u043b\u044c\u043d\u044b\u043c \u0432\u043e\u0441\u043a\u043e\u043c, \u0431\u043b\u0430\u0433\u043e\u0434\u0430\u0440\u044f \u0447\u0435\u043c\u0443 \u043f\u043e\u0432\u0435\u0440\u0445\u043d\u043e\u0441\u0442\u044c \u0438\u0434\u0435\u0430\u043b\u044c\u043d\u043e \u0433\u043b\u0430\u0434\u043a\u0430\u044f \u2013 \u043d\u0438\u0442\u0438 \u0441\u043a\u043e\u043b\u044c\u0437\u044f\u0442 \u043b\u0435\u0433\u043a\u043e \u0438 \u0440\u0430\u0432\u043d\u043e\u043c\u0435\u0440\u043d\u043e.<\/p>\n<p data-start=\"321\" data-end=\"547\">\u0420\u0430\u0437\u043c\u0435\u0440\u044b, \u0432\u044b\u0433\u0440\u0430\u0432\u0438\u0440\u043e\u0432\u0430\u043d\u043d\u044b\u0435 \u043d\u0430 \u0441\u043f\u0438\u0446\u0430\u0445, \u043d\u0438\u043a\u043e\u0433\u0434\u0430 \u043d\u0435 \u0441\u043e\u0442\u0440\u0443\u0442\u0441\u044f, \u0438 \u0432\u0441\u0435 <strong data-start=\"382\" data-end=\"393\">Seeknit<\/strong> \u043a\u0440\u0443\u0433\u043e\u0432\u044b\u0435 \u0441\u043f\u0438\u0446\u044b \u0438\u043c\u0435\u044e\u0442 <strong data-start=\"416\" data-end=\"443\">\u043a\u0440\u0443\u0442\u044f\u0449\u0438\u0439\u0441\u044f \u043f\u0430\u0442\u0440\u043e\u043d<\/strong>, \u043a\u043e\u0442\u043e\u0440\u044b\u0439 \u043f\u0440\u0435\u0434\u043e\u0442\u0432\u0440\u0430\u0449\u0430\u0435\u0442 \u0441\u043a\u0440\u0443\u0447\u0438\u0432\u0430\u043d\u0438\u0435 \u0438 \u0438\u0437\u0433\u0438\u0431. \u0421\u0430\u043c\u0438 \u0441\u043f\u0438\u0446\u044b \u043f\u0440\u0438\u044f\u0442\u043d\u044b\u0435 \u0438 \u0447\u0440\u0435\u0437\u0432\u044b\u0447\u0430\u0439\u043d\u043e \u0443\u0434\u043e\u0431\u043d\u044b\u0435 \u0434\u043b\u044f \u0432\u044f\u0437\u0430\u043d\u0438\u044f.<\/p>\n<p data-start=\"549\" data-end=\"563\"><strong data-start=\"549\" data-end=\"561\">\u0424\u0443\u043d\u043a\u0446\u0438\u0438:<\/strong><\/p>\n<ul data-start=\"564\" data-end=\"880\">\n<li data-start=\"564\" data-end=\"615\">\n<p data-start=\"566\" data-end=\"615\">\u0418\u0437\u0433\u043e\u0442\u043e\u0432\u043b\u0435\u043d \u0438\u0437  \u043f\u0440\u043e\u0447\u043d\u043e\u0433\u043e \u044f\u043f\u043e\u043d\u0441\u043a\u043e\u0433\u043e \u0431\u0430\u043c\u0431\u0443\u043a\u0430.<\/p>\n<\/li>\n<li data-start=\"616\" data-end=\"674\">\n<p data-start=\"618\" data-end=\"674\">\u0418\u0434\u0435\u0430\u043b\u044c\u043d\u043e \u0433\u043b\u0430\u0434\u043a\u0430\u044f \u043f\u043e\u0432\u0435\u0440\u0445\u043d\u043e\u0441\u0442\u044c, \u043e\u0442\u043f\u043e\u043b\u0438\u0440\u043e\u0432\u0430\u043d\u043d\u0430\u044f \u043d\u0430\u0442\u0443\u0440\u0430\u043b\u044c\u043d\u044b\u043c \u0432\u043e\u0441\u043a\u043e\u043c<\/p>\n<\/li>\n<li data-start=\"675\" data-end=\"727\">\n<p data-start=\"677\" data-end=\"727\">\u0413\u0440\u0430\u0432\u043a\u0430 \u0440\u0430\u0437\u043c\u0435\u0440\u043e\u0432, \u043a\u043e\u0442\u043e\u0440\u0430\u044f \u043d\u0438\u043a\u043e\u0433\u0434\u0430 \u043d\u0435 \u0441\u043e\u0442\u0440\u0435\u0442\u0441\u044f<\/p>\n<\/li>\n<li data-start=\"728\" data-end=\"790\">\n<p data-start=\"730\" data-end=\"790\">\u0412\u0440\u0430\u0449\u0430\u044e\u0449\u0430\u044f\u0441\u044f \u043b\u0435\u0441\u043a\u0430 \u2013 \u0437\u0430\u0449\u0438\u0442\u0430 \u043e\u0442 \u0440\u0430\u0441\u0442\u044f\u0436\u0435\u043d\u0438\u044f \u0438 \u0441\u043a\u0440\u0443\u0447\u0438\u0432\u0430\u043d\u0438\u044f<\/p>\n<\/li>\n<li data-start=\"791\" data-end=\"830\">\n<p data-start=\"793\" data-end=\"830\">\u041c\u044f\u0433\u043a\u0430\u044f, \u0433\u0438\u0431\u043a\u0430\u044f \u0438 \u043f\u0440\u043e\u0447\u043d\u0430\u044f \u043b\u0435\u0441\u043a\u0430<\/p>\n<\/li>\n<li data-start=\"831\" data-end=\"880\">\n<p data-start=\"833\" data-end=\"880\">\u041b\u0435\u0433\u043a\u0438\u0435 \u0438 \u043e\u0447\u0435\u043d\u044c \u0443\u0434\u043e\u0431\u043d\u043e \u0434\u0435\u0440\u0436\u0430\u0442\u044c  \u0432 \u0440\u0443\u043a\u0435.<\/p>\n<\/li>\n<\/ul>\n<p data-start=\"882\" data-end=\"984\"><strong data-start=\"882\" data-end=\"895\">\u041c\u0430\u0442\u0435\u0440\u0438\u0430\u043b:<\/strong> \u044f\u043f\u043e\u043d\u0441\u043a\u0438\u0439 \u0431\u0430\u043c\u0431\u0443\u043a<br data-start=\"915\" data-end=\"918\" \/><strong data-start=\"918\" data-end=\"928\">\u0422\u0438\u043f:<\/strong> \u043a\u0440\u0443\u0433\u043e\u0432\u044b\u0435 \u0441\u043f\u0438\u0446\u044b \u043d\u0430  \u043b\u0435\u0441\u043a\u0435<br data-start=\"953\" data-end=\"956\" \/><strong data-start=\"956\" data-end=\"973\">\u0421\u0442\u0440\u0430\u043d\u0430 \u043f\u0440\u043e\u0438\u0441\u0445\u043e\u0436\u0434\u0435\u043d\u0438\u044f:<\/strong> \u042f\u043f\u043e\u043d\u0438\u044f<\/p>\n<p data-start=\"986\" data-end=\"1074\" data-is-last-node=\"\" data-is-only-node=\"\"><strong data-start=\"986\" data-end=\"998\">\u041f\u0440\u0438\u043c\u0435\u0447\u0430\u043d\u0438\u0435:<\/strong> \u0426\u0432\u0435\u0442\u043e\u0432\u044b\u0435 \u043e\u0442\u0442\u0435\u043d\u043a\u0438 \u043c\u043e\u0433\u0443\u0442 \u043d\u0435\u0437\u043d\u0430\u0447\u0438\u0442\u0435\u043b\u044c\u043d\u043e \u043e\u0442\u043b\u0438\u0447\u0430\u0442\u044c\u0441\u044f \u0432 \u0437\u0430\u0432\u0438\u0441\u0438\u043c\u043e\u0441\u0442\u0438 \u043e\u0442 \u044d\u043a\u0440\u0430\u043d\u0430 \u0432\u0430\u0448\u0435\u0433\u043e \u0443\u0441\u0442\u0440\u043e\u0439\u0441\u0442\u0432\u0430.<\/p>","protected":false},"excerpt":{"rendered":"<p>Seeknit Shirotake \u2013 tai auk\u0161\u010diausios kokyb\u0117s japoni\u0161ki virbalai, pagaminti i\u0161 ypatingo tvirto ir elastingo bambuko. Kiekvienas virbalas kruop\u0161\u010diai nupoliruotas nat\u016braliu va\u0161ku, tod\u0117l pavir\u0161ius idealiai lygus \u2013 si\u016blai slysta lengvai ir tolygiai. Ant virbal\u0173 i\u0161graviruoti dyd\u017eiai niekada nenusitrina, o visi Seeknit apval\u016bs virbalai turi s besisukan\u010diais valais, kurie apsaugo nuo susisukimo ir \u012flinkim\u0173. Patys valai \u2013 [&hellip;]<\/p>\n","protected":false},"featured_media":5657,"comment_status":"open","ping_status":"closed","template":"","meta":{"_acf_changed":false},"product_brand":[1068],"product_cat":[15,19,862],"product_tag":[],"pro-kategorijos":[],"class_list":{"0":"post-5664","1":"product","2":"type-product","3":"status-publish","4":"has-post-thumbnail","6":"product_brand-ka-seeknit","7":"product_cat-visi-produktai","8":"product_cat-mezgimo-priemones","9":"product_cat-virbalai-su-valu","11":"first","12":"outofstock","13":"shipping-taxable","14":"product-type-variable"},"acf":[],"yoast_head":"<!-- This site is optimized with the Yoast SEO plugin v26.8 - https:\/\/yoast.com\/product\/yoast-seo-wordpress\/ -->\n<title>KA Seeknit Shirotake \u2013 japoni\u0161ki bambukiniai virbalai su valu 60 cm - Happyinaknit.com<\/title>\n<meta name=\"robots\" content=\"index, follow, max-snippet:-1, max-image-preview:large, max-video-preview:-1\" \/>\n<link rel=\"canonical\" href=\"https:\/\/happyinaknit.com\/ru\/product\/ka-seeknit-shirotake-japoniski-bambukiniai-virbalai-su-valu-60-cm\/\" \/>\n<meta property=\"og:locale\" content=\"ru_RU\" \/>\n<meta property=\"og:type\" content=\"article\" \/>\n<meta property=\"og:title\" content=\"KA Seeknit Shirotake \u2013 japoni\u0161ki bambukiniai virbalai su valu 60 cm - Happyinaknit.com\" \/>\n<meta property=\"og:description\" content=\"Seeknit Shirotake \u2013 tai auk\u0161\u010diausios kokyb\u0117s japoni\u0161ki virbalai, pagaminti i\u0161 ypatingo tvirto ir elastingo bambuko. Kiekvienas virbalas kruop\u0161\u010diai nupoliruotas nat\u016braliu va\u0161ku, tod\u0117l pavir\u0161ius idealiai lygus \u2013 si\u016blai slysta lengvai ir tolygiai. Ant virbal\u0173 i\u0161graviruoti dyd\u017eiai niekada nenusitrina, o visi Seeknit apval\u016bs virbalai turi s besisukan\u010diais valais, kurie apsaugo nuo susisukimo ir \u012flinkim\u0173. Patys valai \u2013 [&hellip;]\" \/>\n<meta property=\"og:url\" content=\"https:\/\/happyinaknit.com\/ru\/product\/ka-seeknit-shirotake-japoniski-bambukiniai-virbalai-su-valu-60-cm\/\" \/>\n<meta property=\"og:site_name\" content=\"Happyinaknit.com\" \/>\n<meta property=\"article:modified_time\" content=\"2026-01-04T19:36:26+00:00\" \/>\n<meta property=\"og:image\" content=\"https:\/\/happyinaknit.com\/wp-content\/uploads\/2025\/10\/il_fullxfull.3709396310_np55.jpg.webp\" \/>\n\t<meta property=\"og:image:width\" content=\"2000\" \/>\n\t<meta property=\"og:image:height\" content=\"2000\" \/>\n\t<meta property=\"og:image:type\" content=\"image\/webp\" \/>\n<meta name=\"twitter:card\" content=\"summary_large_image\" \/>\n<meta name=\"twitter:label1\" content=\"\u041f\u0440\u0438\u043c\u0435\u0440\u043d\u043e\u0435 \u0432\u0440\u0435\u043c\u044f \u0434\u043b\u044f \u0447\u0442\u0435\u043d\u0438\u044f\" \/>\n\t<meta name=\"twitter:data1\" content=\"1 \u043c\u0438\u043d\u0443\u0442\u0430\" \/>\n<script type=\"application\/ld+json\" class=\"yoast-schema-graph\">{\"@context\":\"https:\/\/schema.org\",\"@graph\":[{\"@type\":\"WebPage\",\"@id\":\"https:\/\/happyinaknit.com\/produktas\/ka-seeknit-shirotake-japoniski-bambukiniai-virbalai-su-valu-60-cm\/\",\"url\":\"https:\/\/happyinaknit.com\/produktas\/ka-seeknit-shirotake-japoniski-bambukiniai-virbalai-su-valu-60-cm\/\",\"name\":\"KA Seeknit Shirotake \u2013 japoni\u0161ki bambukiniai virbalai su valu 60 cm - Happyinaknit.com\",\"isPartOf\":{\"@id\":\"https:\/\/happyinaknit.com\/lt\/#website\"},\"primaryImageOfPage\":{\"@id\":\"https:\/\/happyinaknit.com\/produktas\/ka-seeknit-shirotake-japoniski-bambukiniai-virbalai-su-valu-60-cm\/#primaryimage\"},\"image\":{\"@id\":\"https:\/\/happyinaknit.com\/produktas\/ka-seeknit-shirotake-japoniski-bambukiniai-virbalai-su-valu-60-cm\/#primaryimage\"},\"thumbnailUrl\":\"https:\/\/happyinaknit.com\/wp-content\/uploads\/2025\/10\/il_fullxfull.3709396310_np55.jpg.webp\",\"datePublished\":\"2025-10-17T21:03:41+00:00\",\"dateModified\":\"2026-01-04T19:36:26+00:00\",\"breadcrumb\":{\"@id\":\"https:\/\/happyinaknit.com\/produktas\/ka-seeknit-shirotake-japoniski-bambukiniai-virbalai-su-valu-60-cm\/#breadcrumb\"},\"inLanguage\":\"ru-RU\",\"potentialAction\":[{\"@type\":\"ReadAction\",\"target\":[\"https:\/\/happyinaknit.com\/produktas\/ka-seeknit-shirotake-japoniski-bambukiniai-virbalai-su-valu-60-cm\/\"]}]},{\"@type\":\"ImageObject\",\"inLanguage\":\"ru-RU\",\"@id\":\"https:\/\/happyinaknit.com\/produktas\/ka-seeknit-shirotake-japoniski-bambukiniai-virbalai-su-valu-60-cm\/#primaryimage\",\"url\":\"https:\/\/happyinaknit.com\/wp-content\/uploads\/2025\/10\/il_fullxfull.3709396310_np55.jpg.webp\",\"contentUrl\":\"https:\/\/happyinaknit.com\/wp-content\/uploads\/2025\/10\/il_fullxfull.3709396310_np55.jpg.webp\",\"width\":2000,\"height\":2000},{\"@type\":\"BreadcrumbList\",\"@id\":\"https:\/\/happyinaknit.com\/produktas\/ka-seeknit-shirotake-japoniski-bambukiniai-virbalai-su-valu-60-cm\/#breadcrumb\",\"itemListElement\":[{\"@type\":\"ListItem\",\"position\":1,\"name\":\"Home\",\"item\":\"https:\/\/happyinaknit.com\/lt\/\"},{\"@type\":\"ListItem\",\"position\":2,\"name\":\"Parduotuv\u0117\",\"item\":\"https:\/\/happyinaknit.com\/lt\/parduotuve\/\"},{\"@type\":\"ListItem\",\"position\":3,\"name\":\"KA Seeknit Shirotake \u2013 japoni\u0161ki bambukiniai virbalai su valu 60 cm\"}]},{\"@type\":\"WebSite\",\"@id\":\"https:\/\/happyinaknit.com\/lt\/#website\",\"url\":\"https:\/\/happyinaknit.com\/lt\/\",\"name\":\"Happyinaknit.com\",\"description\":\"\",\"potentialAction\":[{\"@type\":\"SearchAction\",\"target\":{\"@type\":\"EntryPoint\",\"urlTemplate\":\"https:\/\/happyinaknit.com\/lt\/?s={search_term_string}\"},\"query-input\":{\"@type\":\"PropertyValueSpecification\",\"valueRequired\":true,\"valueName\":\"search_term_string\"}}],\"inLanguage\":\"ru-RU\"}]}<\/script>\n<!-- \/ Yoast SEO plugin. -->","yoast_head_json":{"title":"KA Seeknit Shirotake \u2013 japoni\u0161ki bambukiniai virbalai su valu 60 cm - Happyinaknit.com","robots":{"index":"index","follow":"follow","max-snippet":"max-snippet:-1","max-image-preview":"max-image-preview:large","max-video-preview":"max-video-preview:-1"},"canonical":"https:\/\/happyinaknit.com\/ru\/product\/ka-seeknit-shirotake-japoniski-bambukiniai-virbalai-su-valu-60-cm\/","og_locale":"ru_RU","og_type":"article","og_title":"KA Seeknit Shirotake \u2013 japoni\u0161ki bambukiniai virbalai su valu 60 cm - Happyinaknit.com","og_description":"Seeknit Shirotake \u2013 tai auk\u0161\u010diausios kokyb\u0117s japoni\u0161ki virbalai, pagaminti i\u0161 ypatingo tvirto ir elastingo bambuko. Kiekvienas virbalas kruop\u0161\u010diai nupoliruotas nat\u016braliu va\u0161ku, tod\u0117l pavir\u0161ius idealiai lygus \u2013 si\u016blai slysta lengvai ir tolygiai. Ant virbal\u0173 i\u0161graviruoti dyd\u017eiai niekada nenusitrina, o visi Seeknit apval\u016bs virbalai turi s besisukan\u010diais valais, kurie apsaugo nuo susisukimo ir \u012flinkim\u0173. Patys valai \u2013 [&hellip;]","og_url":"https:\/\/happyinaknit.com\/ru\/product\/ka-seeknit-shirotake-japoniski-bambukiniai-virbalai-su-valu-60-cm\/","og_site_name":"Happyinaknit.com","article_modified_time":"2026-01-04T19:36:26+00:00","og_image":[{"width":2000,"height":2000,"url":"https:\/\/happyinaknit.com\/wp-content\/uploads\/2025\/10\/il_fullxfull.3709396310_np55.jpg.webp","type":"image\/webp"}],"twitter_card":"summary_large_image","twitter_misc":{"\u041f\u0440\u0438\u043c\u0435\u0440\u043d\u043e\u0435 \u0432\u0440\u0435\u043c\u044f \u0434\u043b\u044f \u0447\u0442\u0435\u043d\u0438\u044f":"1 \u043c\u0438\u043d\u0443\u0442\u0430"},"schema":{"@context":"https:\/\/schema.org","@graph":[{"@type":"WebPage","@id":"https:\/\/happyinaknit.com\/produktas\/ka-seeknit-shirotake-japoniski-bambukiniai-virbalai-su-valu-60-cm\/","url":"https:\/\/happyinaknit.com\/produktas\/ka-seeknit-shirotake-japoniski-bambukiniai-virbalai-su-valu-60-cm\/","name":"KA Seeknit Shirotake \u2013 japoni\u0161ki bambukiniai virbalai su valu 60 cm - Happyinaknit.com","isPartOf":{"@id":"https:\/\/happyinaknit.com\/lt\/#website"},"primaryImageOfPage":{"@id":"https:\/\/happyinaknit.com\/produktas\/ka-seeknit-shirotake-japoniski-bambukiniai-virbalai-su-valu-60-cm\/#primaryimage"},"image":{"@id":"https:\/\/happyinaknit.com\/produktas\/ka-seeknit-shirotake-japoniski-bambukiniai-virbalai-su-valu-60-cm\/#primaryimage"},"thumbnailUrl":"https:\/\/happyinaknit.com\/wp-content\/uploads\/2025\/10\/il_fullxfull.3709396310_np55.jpg.webp","datePublished":"2025-10-17T21:03:41+00:00","dateModified":"2026-01-04T19:36:26+00:00","breadcrumb":{"@id":"https:\/\/happyinaknit.com\/produktas\/ka-seeknit-shirotake-japoniski-bambukiniai-virbalai-su-valu-60-cm\/#breadcrumb"},"inLanguage":"ru-RU","potentialAction":[{"@type":"ReadAction","target":["https:\/\/happyinaknit.com\/produktas\/ka-seeknit-shirotake-japoniski-bambukiniai-virbalai-su-valu-60-cm\/"]}]},{"@type":"ImageObject","inLanguage":"ru-RU","@id":"https:\/\/happyinaknit.com\/produktas\/ka-seeknit-shirotake-japoniski-bambukiniai-virbalai-su-valu-60-cm\/#primaryimage","url":"https:\/\/happyinaknit.com\/wp-content\/uploads\/2025\/10\/il_fullxfull.3709396310_np55.jpg.webp","contentUrl":"https:\/\/happyinaknit.com\/wp-content\/uploads\/2025\/10\/il_fullxfull.3709396310_np55.jpg.webp","width":2000,"height":2000},{"@type":"BreadcrumbList","@id":"https:\/\/happyinaknit.com\/produktas\/ka-seeknit-shirotake-japoniski-bambukiniai-virbalai-su-valu-60-cm\/#breadcrumb","itemListElement":[{"@type":"ListItem","position":1,"name":"Home","item":"https:\/\/happyinaknit.com\/lt\/"},{"@type":"ListItem","position":2,"name":"Parduotuv\u0117","item":"https:\/\/happyinaknit.com\/lt\/parduotuve\/"},{"@type":"ListItem","position":3,"name":"KA Seeknit Shirotake \u2013 japoni\u0161ki bambukiniai virbalai su valu 60 cm"}]},{"@type":"WebSite","@id":"https:\/\/happyinaknit.com\/lt\/#website","url":"https:\/\/happyinaknit.com\/lt\/","name":"Happyinaknit.com","description":"","potentialAction":[{"@type":"SearchAction","target":{"@type":"EntryPoint","urlTemplate":"https:\/\/happyinaknit.com\/lt\/?s={search_term_string}"},"query-input":{"@type":"PropertyValueSpecification","valueRequired":true,"valueName":"search_term_string"}}],"inLanguage":"ru-RU"}]}},"_links":{"self":[{"href":"https:\/\/happyinaknit.com\/ru\/wp-json\/wp\/v2\/product\/5664","targetHints":{"allow":["GET"]}}],"collection":[{"href":"https:\/\/happyinaknit.com\/ru\/wp-json\/wp\/v2\/product"}],"about":[{"href":"https:\/\/happyinaknit.com\/ru\/wp-json\/wp\/v2\/types\/product"}],"replies":[{"embeddable":true,"href":"https:\/\/happyinaknit.com\/ru\/wp-json\/wp\/v2\/comments?post=5664"}],"wp:featuredmedia":[{"embeddable":true,"href":"https:\/\/happyinaknit.com\/ru\/wp-json\/wp\/v2\/media\/5657"}],"wp:attachment":[{"href":"https:\/\/happyinaknit.com\/ru\/wp-json\/wp\/v2\/media?parent=5664"}],"wp:term":[{"taxonomy":"product_brand","embeddable":true,"href":"https:\/\/happyinaknit.com\/ru\/wp-json\/wp\/v2\/product_brand?post=5664"},{"taxonomy":"product_cat","embeddable":true,"href":"https:\/\/happyinaknit.com\/ru\/wp-json\/wp\/v2\/product_cat?post=5664"},{"taxonomy":"product_tag","embeddable":true,"href":"https:\/\/happyinaknit.com\/ru\/wp-json\/wp\/v2\/product_tag?post=5664"},{"taxonomy":"pro-kategorijos","embeddable":true,"href":"https:\/\/happyinaknit.com\/ru\/wp-json\/wp\/v2\/pro-kategorijos?post=5664"}],"curies":[{"name":"wp","href":"https:\/\/api.w.org\/{rel}","templated":true}]}}