{"id":5597,"date":"2025-10-16T22:58:04","date_gmt":"2025-10-16T22:58:04","guid":{"rendered":"https:\/\/happyinaknit.com\/?post_type=product&#038;p=5597"},"modified":"2025-10-19T15:44:21","modified_gmt":"2025-10-19T15:44:21","slug":"pro-lana-mediniai-kojiniu-blokatoriai","status":"publish","type":"product","link":"https:\/\/happyinaknit.com\/ru\/product\/pro-lana-mediniai-kojiniu-blokatoriai\/","title":{"rendered":"Pro Lana \u0434\u0435\u0440\u0435\u0432\u044f\u043d\u043d\u044b\u0435 \u0431\u043b\u043e\u043a\u0438\u0440\u0430\u0442\u043e\u0440\u044b \u0434\u043b\u044f \u043d\u043e\u0441\u043a\u043e\u0432"},"content":{"rendered":"<p data-start=\"47\" data-end=\"305\"><strong data-start=\"47\" data-end=\"59\">Pro Lana<\/strong> \u0431\u043b\u043e\u043a\u0430\u0442\u043e\u0440\u044b \u0434\u043b\u044f \u043d\u043e\u0441\u043a\u043e\u0432 \u2014 \u044d\u0442\u043e \u0432\u044b\u0441\u043e\u043a\u043e\u043a\u0430\u0447\u0435\u0441\u0442\u0432\u0435\u043d\u043d\u044b\u0435 \u0434\u0435\u0440\u0435\u0432\u044f\u043d\u043d\u044b\u0435 \u0438\u043d\u0441\u0442\u0440\u0443\u043c\u0435\u043d\u0442\u044b \u0434\u043b\u044f \u0444\u043e\u0440\u043c\u0438\u0440\u043e\u0432\u0430\u043d\u0438\u044f \u0438 \u0441\u0443\u0448\u043a\u0438 \u0432\u044f\u0437\u0430\u043d\u044b\u0445 \u043d\u043e\u0441\u043a\u043e\u0432. \u041e\u043d\u0438 \u043f\u043e\u043c\u043e\u0433\u0430\u044e\u0442 \u0441\u043e\u0445\u0440\u0430\u043d\u0438\u0442\u044c \u0438\u0434\u0435\u0430\u043b\u044c\u043d\u0443\u044e \u0444\u043e\u0440\u043c\u0443 \u043f\u043e\u0441\u043b\u0435 \u0441\u0442\u0438\u0440\u043a\u0438 \u0438\u043b\u0438 \u0431\u043b\u043e\u043a\u0438\u0440\u043e\u0432\u0430\u043d\u0438\u044f, \u043f\u043e\u044d\u0442\u043e\u043c\u0443 \u0432\u0430\u0448\u0438 \u043d\u043e\u0441\u043a\u0438 \u0440\u0443\u0447\u043d\u043e\u0439 \u0440\u0430\u0431\u043e\u0442\u044b \u0432\u0441\u0435\u0433\u0434\u0430 \u0431\u0443\u0434\u0443\u0442 \u0432\u044b\u0433\u043b\u044f\u0434\u0435\u0442\u044c \u043f\u0440\u043e\u0444\u0435\u0441\u0441\u0438\u043e\u043d\u0430\u043b\u044c\u043d\u043e.<\/p>\n<p data-start=\"307\" data-end=\"554\">\u0421\u0434\u0435\u043b\u0430\u043d\u044b \u0438\u0437 <strong data-start=\"320\" data-end=\"352\">\u043d\u0430\u0442\u0443\u0440\u0430\u043b\u044c\u043d\u043e\u0433\u043e, \u0442\u0432\u0435\u0440\u0434\u043e\u0433\u043e \u0434\u0435\u0440\u0435\u0432\u0430,<\/strong>\u043e\u043d\u0438 \u043d\u0435 \u0442\u043e\u043b\u044c\u043a\u043e \u0444\u0443\u043d\u043a\u0446\u0438\u043e\u043d\u0430\u043b\u044c\u043d\u044b, \u043d\u043e \u0438 \u044d\u0441\u0442\u0435\u0442\u0438\u0447\u043d\u044b.<br data-start=\"412\" data-end=\"415\" \/>\u0414\u043e\u043f\u043e\u043b\u043d\u0438\u0442\u0435\u043b\u044c\u043d\u043e\u0435 \u043f\u0440\u0435\u0438\u043c\u0443\u0449\u0435\u0441\u0442\u0432\u043e \u2013 <strong data-start=\"439\" data-end=\"496\">\u0438\u0445 \u043c\u043e\u0436\u043d\u043e \u0438\u0441\u043f\u043e\u043b\u044c\u0437\u043e\u0432\u0430\u0442\u044c \u0434\u043b\u044f \u0438\u0437\u043c\u0435\u0440\u0435\u043d\u0438\u044f \u043f\u043b\u043e\u0442\u043d\u043e\u0441\u0442\u0438 \u0432\u044f\u0437\u0430\u043d\u0438\u044f \u0438 \u0440\u0430\u0437\u043c\u0435\u0440\u0430 \u0441\u043f\u0438\u0446<\/strong>, \u0447\u0442\u043e \u0434\u0435\u043b\u0430\u0435\u0442 \u0435\u0433\u043e \u0447\u0440\u0435\u0437\u0432\u044b\u0447\u0430\u0439\u043d\u043e \u043f\u0440\u0430\u043a\u0442\u0438\u0447\u043d\u044b\u043c \u0438\u043d\u0441\u0442\u0440\u0443\u043c\u0435\u043d\u0442\u043e\u043c \u0434\u043b\u044f \u043a\u0430\u0436\u0434\u043e\u0439 \u0432\u044f\u0437\u0430\u043b\u044c\u0449\u0438\u0446\u044b.<\/p>\n<p data-start=\"561\" data-end=\"575\"><strong data-start=\"561\" data-end=\"573\">\u0424\u0443\u043d\u043a\u0446\u0438\u0438:<\/strong><\/p>\n<ul data-start=\"576\" data-end=\"800\">\n<li data-start=\"576\" data-end=\"617\">\n<p data-start=\"578\" data-end=\"617\">\u0418\u0437\u0433\u043e\u0442\u043e\u0432\u043b\u0435\u043d\u043e \u0438\u0437 \u0432\u044b\u0441\u043e\u043a\u043e\u043a\u0430\u0447\u0435\u0441\u0442\u0432\u0435\u043d\u043d\u043e\u0439 \u0434\u0440\u0435\u0432\u0435\u0441\u0438\u043d\u044b.<\/p>\n<\/li>\n<li data-start=\"618\" data-end=\"668\">\n<p data-start=\"620\" data-end=\"668\">\u041f\u043e\u0434\u0445\u043e\u0434\u0438\u0442 \u0434\u043b\u044f \u0444\u043e\u0440\u043c\u0438\u0440\u043e\u0432\u0430\u043d\u0438\u044f \u0438 \u0441\u0443\u0448\u043a\u0438 \u0432\u044f\u0437\u0430\u043d\u044b\u0445 \u043d\u043e\u0441\u043a\u043e\u0432.<\/p>\n<\/li>\n<li data-start=\"669\" data-end=\"741\">\n<p data-start=\"671\" data-end=\"741\">\u041c\u043e\u0436\u043d\u043e \u0438\u0441\u043f\u043e\u043b\u044c\u0437\u043e\u0432\u0430\u0442\u044c \u043a\u0430\u043a \u043b\u0438\u043d\u0435\u0439\u043a\u0443 \u0434\u043b\u044f \u0438\u0437\u043c\u0435\u0440\u0435\u043d\u0438\u044f \u043f\u043b\u043e\u0442\u043d\u043e\u0441\u0442\u0438 \u0438\u043b\u0438 \u0440\u0430\u0437\u043c\u0435\u0440\u0430 \u0441\u043f\u0438\u0446<\/p>\n<\/li>\n<li data-start=\"742\" data-end=\"767\">\n<p data-start=\"744\" data-end=\"767\">\u041f\u0440\u043e\u0447\u043d\u044b\u0439 \u0438 \u044d\u0441\u0442\u0435\u0442\u0438\u0447\u043d\u044b\u0439<\/p>\n<p data-start=\"915\" data-end=\"952\"><strong data-start=\"915\" data-end=\"930\">\u041f\u0440\u043e\u0438\u0437\u0432\u043e\u0434\u0438\u0442\u0435\u043b\u044c:<\/strong> Pro Lana, \u0413\u0435\u0440\u043c\u0430\u043d\u0438\u044f<\/p>\n<p data-start=\"954\" data-end=\"1042\" data-is-last-node=\"\" data-is-only-node=\"\"><strong data-start=\"954\" data-end=\"966\">\u041f\u0440\u0438\u043c\u0435\u0447\u0430\u043d\u0438\u0435:<\/strong> \u0426\u0432\u0435\u0442\u043e\u0432\u044b\u0435 \u043e\u0442\u0442\u0435\u043d\u043a\u0438 \u043c\u043e\u0433\u0443\u0442 \u043d\u0435\u0437\u043d\u0430\u0447\u0438\u0442\u0435\u043b\u044c\u043d\u043e \u043e\u0442\u043b\u0438\u0447\u0430\u0442\u044c\u0441\u044f \u0432 \u0437\u0430\u0432\u0438\u0441\u0438\u043c\u043e\u0441\u0442\u0438 \u043e\u0442 \u044d\u043a\u0440\u0430\u043d\u0430 \u0432\u0430\u0448\u0435\u0433\u043e \u0443\u0441\u0442\u0440\u043e\u0439\u0441\u0442\u0432\u0430.<\/p>\n<p data-start=\"954\" data-end=\"1042\" data-is-last-node=\"\" data-is-only-node=\"\"><strong data-start=\"770\" data-end=\"798\">\u0426\u0435\u043d\u0430 \u0443\u043a\u0430\u0437\u0430\u043d\u0430 \u0437\u0430 1 \u0448\u0442.<\/strong><\/p>\n<\/li>\n<\/ul>","protected":false},"excerpt":{"rendered":"<p>Pro Lana blokatoriai kojin\u0117ms \u2013 tai auk\u0161tos kokyb\u0117s mediniai \u012frankiai, skirti dailiam megzt\u0173 kojini\u0173 formavimui ir d\u017eiovinimui. Jie padeda i\u0161laikyti tobul\u0105 form\u0105 po skalbimo ar blokavimo, kad j\u016bs\u0173 rank\u0173 darbo kojin\u0117s visada atrodyt\u0173 profesionaliai. Pagaminti i\u0161 nat\u016bralios, tvirtos medienos, \u0161ie blokatoriai yra ne tik funkcional\u016bs, bet ir esteti\u0161ki.Papildomas privalumas \u2013 ant j\u0173 galima matuoti mezgimo [&hellip;]<\/p>\n","protected":false},"featured_media":5609,"comment_status":"open","ping_status":"closed","template":"","meta":{"_acf_changed":false},"product_brand":[1073],"product_cat":[15,1082,20],"product_tag":[],"pro-kategorijos":[],"class_list":{"0":"post-5597","1":"product","2":"type-product","3":"status-publish","4":"has-post-thumbnail","6":"product_brand-pro-lana","7":"product_cat-visi-produktai","8":"product_cat-blokavimo-priemones","9":"product_cat-priedai-mezgimui","11":"first","12":"instock","13":"shipping-taxable","14":"purchasable","15":"product-type-variable"},"acf":[],"yoast_head":"<!-- This site is optimized with the Yoast SEO plugin v26.8 - https:\/\/yoast.com\/product\/yoast-seo-wordpress\/ -->\n<title>Pro Lana mediniai kojini\u0173 blokatoriai - Happyinaknit.com<\/title>\n<meta name=\"robots\" content=\"index, follow, max-snippet:-1, max-image-preview:large, max-video-preview:-1\" \/>\n<link rel=\"canonical\" href=\"https:\/\/happyinaknit.com\/ru\/product\/pro-lana-mediniai-kojiniu-blokatoriai\/\" \/>\n<meta property=\"og:locale\" content=\"ru_RU\" \/>\n<meta property=\"og:type\" content=\"article\" \/>\n<meta property=\"og:title\" content=\"Pro Lana mediniai kojini\u0173 blokatoriai - Happyinaknit.com\" \/>\n<meta property=\"og:description\" content=\"Pro Lana blokatoriai kojin\u0117ms \u2013 tai auk\u0161tos kokyb\u0117s mediniai \u012frankiai, skirti dailiam megzt\u0173 kojini\u0173 formavimui ir d\u017eiovinimui. Jie padeda i\u0161laikyti tobul\u0105 form\u0105 po skalbimo ar blokavimo, kad j\u016bs\u0173 rank\u0173 darbo kojin\u0117s visada atrodyt\u0173 profesionaliai. Pagaminti i\u0161 nat\u016bralios, tvirtos medienos, \u0161ie blokatoriai yra ne tik funkcional\u016bs, bet ir esteti\u0161ki.Papildomas privalumas \u2013 ant j\u0173 galima matuoti mezgimo [&hellip;]\" \/>\n<meta property=\"og:url\" content=\"https:\/\/happyinaknit.com\/ru\/product\/pro-lana-mediniai-kojiniu-blokatoriai\/\" \/>\n<meta property=\"og:site_name\" content=\"Happyinaknit.com\" \/>\n<meta property=\"article:modified_time\" content=\"2025-10-19T15:44:21+00:00\" \/>\n<meta property=\"og:image\" content=\"https:\/\/happyinaknit.com\/wp-content\/uploads\/2025\/10\/IMG_9981.webp\" \/>\n\t<meta property=\"og:image:width\" content=\"1500\" \/>\n\t<meta property=\"og:image:height\" content=\"1500\" \/>\n\t<meta property=\"og:image:type\" content=\"image\/webp\" \/>\n<meta name=\"twitter:card\" content=\"summary_large_image\" \/>\n<meta name=\"twitter:label1\" content=\"\u041f\u0440\u0438\u043c\u0435\u0440\u043d\u043e\u0435 \u0432\u0440\u0435\u043c\u044f \u0434\u043b\u044f \u0447\u0442\u0435\u043d\u0438\u044f\" \/>\n\t<meta name=\"twitter:data1\" content=\"1 \u043c\u0438\u043d\u0443\u0442\u0430\" \/>\n<script type=\"application\/ld+json\" class=\"yoast-schema-graph\">{\"@context\":\"https:\/\/schema.org\",\"@graph\":[{\"@type\":\"WebPage\",\"@id\":\"https:\/\/happyinaknit.com\/produktas\/pro-lana-mediniai-kojiniu-blokatoriai\/\",\"url\":\"https:\/\/happyinaknit.com\/produktas\/pro-lana-mediniai-kojiniu-blokatoriai\/\",\"name\":\"Pro Lana mediniai kojini\u0173 blokatoriai - Happyinaknit.com\",\"isPartOf\":{\"@id\":\"https:\/\/happyinaknit.com\/lt\/#website\"},\"primaryImageOfPage\":{\"@id\":\"https:\/\/happyinaknit.com\/produktas\/pro-lana-mediniai-kojiniu-blokatoriai\/#primaryimage\"},\"image\":{\"@id\":\"https:\/\/happyinaknit.com\/produktas\/pro-lana-mediniai-kojiniu-blokatoriai\/#primaryimage\"},\"thumbnailUrl\":\"https:\/\/happyinaknit.com\/wp-content\/uploads\/2025\/10\/IMG_9981.webp\",\"datePublished\":\"2025-10-16T22:58:04+00:00\",\"dateModified\":\"2025-10-19T15:44:21+00:00\",\"breadcrumb\":{\"@id\":\"https:\/\/happyinaknit.com\/produktas\/pro-lana-mediniai-kojiniu-blokatoriai\/#breadcrumb\"},\"inLanguage\":\"ru-RU\",\"potentialAction\":[{\"@type\":\"ReadAction\",\"target\":[\"https:\/\/happyinaknit.com\/produktas\/pro-lana-mediniai-kojiniu-blokatoriai\/\"]}]},{\"@type\":\"ImageObject\",\"inLanguage\":\"ru-RU\",\"@id\":\"https:\/\/happyinaknit.com\/produktas\/pro-lana-mediniai-kojiniu-blokatoriai\/#primaryimage\",\"url\":\"https:\/\/happyinaknit.com\/wp-content\/uploads\/2025\/10\/IMG_9981.webp\",\"contentUrl\":\"https:\/\/happyinaknit.com\/wp-content\/uploads\/2025\/10\/IMG_9981.webp\",\"width\":1500,\"height\":1500},{\"@type\":\"BreadcrumbList\",\"@id\":\"https:\/\/happyinaknit.com\/produktas\/pro-lana-mediniai-kojiniu-blokatoriai\/#breadcrumb\",\"itemListElement\":[{\"@type\":\"ListItem\",\"position\":1,\"name\":\"Home\",\"item\":\"https:\/\/happyinaknit.com\/lt\/\"},{\"@type\":\"ListItem\",\"position\":2,\"name\":\"Parduotuv\u0117\",\"item\":\"https:\/\/happyinaknit.com\/lt\/parduotuve\/\"},{\"@type\":\"ListItem\",\"position\":3,\"name\":\"Pro Lana mediniai kojini\u0173 blokatoriai\"}]},{\"@type\":\"WebSite\",\"@id\":\"https:\/\/happyinaknit.com\/lt\/#website\",\"url\":\"https:\/\/happyinaknit.com\/lt\/\",\"name\":\"Happyinaknit.com\",\"description\":\"\",\"potentialAction\":[{\"@type\":\"SearchAction\",\"target\":{\"@type\":\"EntryPoint\",\"urlTemplate\":\"https:\/\/happyinaknit.com\/lt\/?s={search_term_string}\"},\"query-input\":{\"@type\":\"PropertyValueSpecification\",\"valueRequired\":true,\"valueName\":\"search_term_string\"}}],\"inLanguage\":\"ru-RU\"}]}<\/script>\n<!-- \/ Yoast SEO plugin. -->","yoast_head_json":{"title":"Pro Lana mediniai kojini\u0173 blokatoriai - Happyinaknit.com","robots":{"index":"index","follow":"follow","max-snippet":"max-snippet:-1","max-image-preview":"max-image-preview:large","max-video-preview":"max-video-preview:-1"},"canonical":"https:\/\/happyinaknit.com\/ru\/product\/pro-lana-mediniai-kojiniu-blokatoriai\/","og_locale":"ru_RU","og_type":"article","og_title":"Pro Lana mediniai kojini\u0173 blokatoriai - Happyinaknit.com","og_description":"Pro Lana blokatoriai kojin\u0117ms \u2013 tai auk\u0161tos kokyb\u0117s mediniai \u012frankiai, skirti dailiam megzt\u0173 kojini\u0173 formavimui ir d\u017eiovinimui. Jie padeda i\u0161laikyti tobul\u0105 form\u0105 po skalbimo ar blokavimo, kad j\u016bs\u0173 rank\u0173 darbo kojin\u0117s visada atrodyt\u0173 profesionaliai. Pagaminti i\u0161 nat\u016bralios, tvirtos medienos, \u0161ie blokatoriai yra ne tik funkcional\u016bs, bet ir esteti\u0161ki.Papildomas privalumas \u2013 ant j\u0173 galima matuoti mezgimo [&hellip;]","og_url":"https:\/\/happyinaknit.com\/ru\/product\/pro-lana-mediniai-kojiniu-blokatoriai\/","og_site_name":"Happyinaknit.com","article_modified_time":"2025-10-19T15:44:21+00:00","og_image":[{"width":1500,"height":1500,"url":"https:\/\/happyinaknit.com\/wp-content\/uploads\/2025\/10\/IMG_9981.webp","type":"image\/webp"}],"twitter_card":"summary_large_image","twitter_misc":{"\u041f\u0440\u0438\u043c\u0435\u0440\u043d\u043e\u0435 \u0432\u0440\u0435\u043c\u044f \u0434\u043b\u044f \u0447\u0442\u0435\u043d\u0438\u044f":"1 \u043c\u0438\u043d\u0443\u0442\u0430"},"schema":{"@context":"https:\/\/schema.org","@graph":[{"@type":"WebPage","@id":"https:\/\/happyinaknit.com\/produktas\/pro-lana-mediniai-kojiniu-blokatoriai\/","url":"https:\/\/happyinaknit.com\/produktas\/pro-lana-mediniai-kojiniu-blokatoriai\/","name":"Pro Lana mediniai kojini\u0173 blokatoriai - Happyinaknit.com","isPartOf":{"@id":"https:\/\/happyinaknit.com\/lt\/#website"},"primaryImageOfPage":{"@id":"https:\/\/happyinaknit.com\/produktas\/pro-lana-mediniai-kojiniu-blokatoriai\/#primaryimage"},"image":{"@id":"https:\/\/happyinaknit.com\/produktas\/pro-lana-mediniai-kojiniu-blokatoriai\/#primaryimage"},"thumbnailUrl":"https:\/\/happyinaknit.com\/wp-content\/uploads\/2025\/10\/IMG_9981.webp","datePublished":"2025-10-16T22:58:04+00:00","dateModified":"2025-10-19T15:44:21+00:00","breadcrumb":{"@id":"https:\/\/happyinaknit.com\/produktas\/pro-lana-mediniai-kojiniu-blokatoriai\/#breadcrumb"},"inLanguage":"ru-RU","potentialAction":[{"@type":"ReadAction","target":["https:\/\/happyinaknit.com\/produktas\/pro-lana-mediniai-kojiniu-blokatoriai\/"]}]},{"@type":"ImageObject","inLanguage":"ru-RU","@id":"https:\/\/happyinaknit.com\/produktas\/pro-lana-mediniai-kojiniu-blokatoriai\/#primaryimage","url":"https:\/\/happyinaknit.com\/wp-content\/uploads\/2025\/10\/IMG_9981.webp","contentUrl":"https:\/\/happyinaknit.com\/wp-content\/uploads\/2025\/10\/IMG_9981.webp","width":1500,"height":1500},{"@type":"BreadcrumbList","@id":"https:\/\/happyinaknit.com\/produktas\/pro-lana-mediniai-kojiniu-blokatoriai\/#breadcrumb","itemListElement":[{"@type":"ListItem","position":1,"name":"Home","item":"https:\/\/happyinaknit.com\/lt\/"},{"@type":"ListItem","position":2,"name":"Parduotuv\u0117","item":"https:\/\/happyinaknit.com\/lt\/parduotuve\/"},{"@type":"ListItem","position":3,"name":"Pro Lana mediniai kojini\u0173 blokatoriai"}]},{"@type":"WebSite","@id":"https:\/\/happyinaknit.com\/lt\/#website","url":"https:\/\/happyinaknit.com\/lt\/","name":"Happyinaknit.com","description":"","potentialAction":[{"@type":"SearchAction","target":{"@type":"EntryPoint","urlTemplate":"https:\/\/happyinaknit.com\/lt\/?s={search_term_string}"},"query-input":{"@type":"PropertyValueSpecification","valueRequired":true,"valueName":"search_term_string"}}],"inLanguage":"ru-RU"}]}},"_links":{"self":[{"href":"https:\/\/happyinaknit.com\/ru\/wp-json\/wp\/v2\/product\/5597","targetHints":{"allow":["GET"]}}],"collection":[{"href":"https:\/\/happyinaknit.com\/ru\/wp-json\/wp\/v2\/product"}],"about":[{"href":"https:\/\/happyinaknit.com\/ru\/wp-json\/wp\/v2\/types\/product"}],"replies":[{"embeddable":true,"href":"https:\/\/happyinaknit.com\/ru\/wp-json\/wp\/v2\/comments?post=5597"}],"wp:featuredmedia":[{"embeddable":true,"href":"https:\/\/happyinaknit.com\/ru\/wp-json\/wp\/v2\/media\/5609"}],"wp:attachment":[{"href":"https:\/\/happyinaknit.com\/ru\/wp-json\/wp\/v2\/media?parent=5597"}],"wp:term":[{"taxonomy":"product_brand","embeddable":true,"href":"https:\/\/happyinaknit.com\/ru\/wp-json\/wp\/v2\/product_brand?post=5597"},{"taxonomy":"product_cat","embeddable":true,"href":"https:\/\/happyinaknit.com\/ru\/wp-json\/wp\/v2\/product_cat?post=5597"},{"taxonomy":"product_tag","embeddable":true,"href":"https:\/\/happyinaknit.com\/ru\/wp-json\/wp\/v2\/product_tag?post=5597"},{"taxonomy":"pro-kategorijos","embeddable":true,"href":"https:\/\/happyinaknit.com\/ru\/wp-json\/wp\/v2\/pro-kategorijos?post=5597"}],"curies":[{"name":"wp","href":"https:\/\/api.w.org\/{rel}","templated":true}]}}