{"id":5557,"date":"2025-10-16T21:37:59","date_gmt":"2025-10-16T21:37:59","guid":{"rendered":"https:\/\/happyinaknit.com\/?post_type=product&#038;p=5557"},"modified":"2026-01-06T07:01:15","modified_gmt":"2026-01-06T07:01:15","slug":"tulip-rinkinys-basic-accessories-small-medium","status":"publish","type":"product","link":"https:\/\/happyinaknit.com\/ru\/product\/tulip-rinkinys-basic-accessories-small-medium\/","title":{"rendered":"Tulip \u043d\u0430\u0431\u043e\u0440 \"\u0411\u0430\u0437\u043e\u0432\u044b\u0435 \u0430\u043a\u0441\u0435\u0441\u0441\u0443\u0430\u0440\u044b\" - Small\/Medium"},"content":{"rendered":"<p data-start=\"61\" data-end=\"432\">\u0423\u043d\u0438\u0432\u0435\u0440\u0441\u0430\u043b\u044c\u043d\u044b\u0435 <strong data-start=\"73\" data-end=\"82\">Tulip<\/strong> \u0431\u0430\u0437\u043e\u0432\u044b\u0435 \u043d\u0430\u0431\u043e\u0440\u044b \u0430\u043a\u0441\u0435\u0441\u0441\u0443\u0430\u0440\u043e\u0432 \u2014 \u043e\u0442\u043b\u0438\u0447\u043d\u044b\u0439 \u0432\u044b\u0431\u043e\u0440 \u043a\u0430\u043a \u0434\u043b\u044f \u043d\u0430\u0447\u0438\u043d\u0430\u044e\u0449\u0438\u0445 \u0432\u044f\u0437\u0430\u043b\u044c\u0449\u0438\u0446, \u0442\u0430\u043a \u0438 \u0434\u043b\u044f \u043e\u043f\u044b\u0442\u043d\u044b\u0445 \u0440\u0443\u043a\u043e\u0434\u0435\u043b\u044c\u043d\u0438\u0446. \u041e\u043d\u0438 \u0441\u043e\u0434\u0435\u0440\u0436\u0430\u0442 \u0432\u0441\u0451 \u043d\u0435\u043e\u0431\u0445\u043e\u0434\u0438\u043c\u043e\u0435 \u0434\u043b\u044f \u0435\u0436\u0435\u0434\u043d\u0435\u0432\u043d\u043e\u0439 \u0440\u0430\u0431\u043e\u0442\u044b \u0441\u043f\u0438\u0446\u0430\u043c\u0438 \u0438\u043b\u0438 \u043a\u0440\u044e\u0447\u043a\u043e\u043c. \u041a\u043e\u043c\u043f\u0430\u043a\u0442\u043d\u044b\u0439 \u043f\u043b\u0430\u0441\u0442\u0438\u043a\u043e\u0432\u044b\u0439 \u0444\u0443\u0442\u043b\u044f\u0440 \u0441 \u0442\u0440\u0435\u043c\u044f \u043e\u0442\u0434\u0435\u043b\u044c\u043d\u043e \u043e\u0442\u043a\u0440\u044b\u0432\u0430\u044e\u0449\u0438\u043c\u0438\u0441\u044f \u043e\u0442\u0434\u0435\u043b\u0435\u043d\u0438\u044f\u043c\u0438 \u043f\u043e\u0437\u0432\u043e\u043b\u0438\u0442 \u0430\u043a\u043a\u0443\u0440\u0430\u0442\u043d\u043e \u0445\u0440\u0430\u043d\u0438\u0442\u044c \u0432\u0441\u0435 \u043d\u0435\u043e\u0431\u0445\u043e\u0434\u0438\u043c\u044b\u0435 \u043c\u0435\u043b\u043e\u0447\u0438 \u0438 \u0431\u0440\u0430\u0442\u044c \u0438\u0445 \u0441 \u0441\u043e\u0431\u043e\u0439 \u0432 \u043f\u043e\u0435\u0437\u0434\u043a\u0438.<\/p>\n<h4 data-start=\"439\" data-end=\"470\"><span style=\"font-size: 12pt;\"><strong data-start=\"443\" data-end=\"468\">\u041d\u0430\u0431\u043e\u0440 Small<\/strong> <strong>\u0432\u043a\u043b\u044e\u0447\u0430\u0435\u0442 \u0432 \u0441\u0435\u0431\u044f:<\/strong><\/span><\/h4>\n<ul data-start=\"471\" data-end=\"782\">\n<li data-start=\"471\" data-end=\"521\">\n<p data-start=\"473\" data-end=\"521\">2 \u043c\u0430\u043b\u0435\u043d\u044c\u043a\u0438\u0445 \u043a\u0440\u0430\u0441\u043d\u044b\u0445 \u043c\u0430\u0440\u043a\u0435\u0440\u0430 \u0432 \u0444\u043e\u0440\u043c\u0435 \u0441\u0435\u0440\u0434\u0446\u0430<\/p>\n<\/li>\n<li data-start=\"522\" data-end=\"570\">\n<p data-start=\"524\" data-end=\"570\">6 \u043c\u0430\u043b\u0435\u043d\u044c\u043a\u0438\u0445 \u0431\u0435\u043b\u044b\u0445 \u043c\u0430\u0440\u043a\u0435\u0440\u043e\u0432 \u0432 \u0444\u043e\u0440\u043c\u0435 \u0441\u0435\u0440\u0434\u0446\u0430<\/p>\n<\/li>\n<li data-start=\"571\" data-end=\"625\">\n<p data-start=\"573\" data-end=\"625\">3 \u0440\u043e\u0437\u043e\u0432\u044b\u0445 \u043c\u0430\u0440\u043a\u0435\u0440\u0430 \u0432 \u0444\u043e\u0440\u043c\u0435 \u0442\u044e\u043b\u044c\u043f\u0430\u043d\u0430 \u0441 \u0437\u0430\u0441\u0442\u0435\u0436\u043a\u043e\u0439<\/p>\n<\/li>\n<li data-start=\"626\" data-end=\"689\">\n<p data-start=\"628\" data-end=\"689\">3 \u0442\u0435\u043c\u043d\u043e-\u0441\u0438\u043d\u0438\u0445 \u043c\u0430\u0440\u043a\u0435\u0440\u0430 \u0432 \u0444\u043e\u0440\u043c\u0435 \u0441\u0435\u0440\u0434\u0446\u0430 \u0441 \u0437\u0430\u0441\u0442\u0435\u0436\u043a\u043e\u0439<\/p>\n<\/li>\n<li data-start=\"690\" data-end=\"721\">\n<p data-start=\"692\" data-end=\"721\">1 \u0433\u043e\u0431\u0435\u043b\u0435\u043d\u043e\u0432\u0430\u044f \u0438\u0433\u043b\u0430 \u2116 20<\/p>\n<\/li>\n<li data-start=\"722\" data-end=\"782\">\n<p data-start=\"724\" data-end=\"782\">\u041f\u043b\u0430\u0441\u0442\u0438\u043a\u043e\u0432\u044b\u0439 \u043a\u0435\u0439\u0441 \u0441 3 \u043e\u0442\u0434\u0435\u043b\u044c\u043d\u043e \u043e\u0442\u043a\u0440\u044b\u0432\u0430\u044e\u0449\u0438\u043c\u0438\u0441\u044f \u043e\u0442\u0434\u0435\u043b\u0435\u043d\u0438\u044f\u043c\u0438<\/p>\n<\/li>\n<\/ul>\n<p data-start=\"784\" data-end=\"859\">\u2705 <strong data-start=\"786\" data-end=\"806\">\u041f\u043e\u0434\u0445\u043e\u0434\u0438\u0442 \u0434\u043b\u044f \u0441\u043f\u0438\u0446<\/strong> 2,00\u20133,00 \u043c\u043c<br data-start=\"819\" data-end=\"822\" \/>\u2705 <strong data-start=\"824\" data-end=\"844\">\u041f\u043e\u0434\u0445\u043e\u0434\u0438\u0442  \u0434\u043b\u044f \u043a\u0440\u044e\u0447\u043a\u043e\u0432:<\/strong> 1,80\u20133,50 \u043c\u043c<\/p>\n<p><span style=\"font-size: 12pt;\">\u0412 \u043a\u043e\u043c\u043f\u043b\u0435\u043a\u0442 MEDIUM \u0432\u0445\u043e\u0434\u044f\u0442:<\/span><strong data-start=\"870\" data-end=\"896\">:<\/strong><\/p>\n<ul data-start=\"899\" data-end=\"1233\">\n<li data-start=\"899\" data-end=\"960\">\n<p data-start=\"901\" data-end=\"960\">2 \u0436\u0435\u043b\u0442\u044b\u0445 \u043c\u0430\u0440\u043a\u0435\u0440\u0430 \u0432 \u0444\u043e\u0440\u043c\u0435 \u0441\u0435\u0440\u0434\u0446\u0430 \u0441\u0440\u0435\u0434\u043d\u0435\u0433\u043e \u0440\u0430\u0437\u043c\u0435\u0440\u0430<\/p>\n<\/li>\n<li data-start=\"961\" data-end=\"1027\">\n<p data-start=\"963\" data-end=\"1027\">6 \u043a\u043e\u0440\u0438\u0447\u043d\u0435\u0432\u044b\u0445 \u043c\u0430\u0440\u043a\u0435\u0440\u043e\u0432 \u0441\u0440\u0435\u0434\u043d\u0435\u0433\u043e \u0440\u0430\u0437\u043c\u0435\u0440\u0430 \u0432 \u0444\u043e\u0440\u043c\u0435 \u0441\u0435\u0440\u0434\u0446\u0430<\/p>\n<\/li>\n<li data-start=\"1028\" data-end=\"1084\">\n<p data-start=\"1030\" data-end=\"1084\">3 \u043e\u0440\u0430\u043d\u0436\u0435\u0432\u044b\u0445 \u043c\u0430\u0440\u043a\u0435\u0440\u0430 \u0432 \u0444\u043e\u0440\u043c\u0435 \u0442\u044e\u043b\u044c\u043f\u0430\u043d\u0430 \u0441 \u0437\u0430\u0441\u0442\u0435\u0436\u043a\u043e\u0439<\/p>\n<\/li>\n<li data-start=\"1085\" data-end=\"1140\">\n<p data-start=\"1087\" data-end=\"1140\">3 \u0441\u0438\u043d\u0438\u0445 \u043c\u0430\u0440\u043a\u0435\u0440\u0430 \u0432 \u0444\u043e\u0440\u043c\u0435 \u0441\u0435\u0440\u0434\u0446\u0430 \u0441 \u0437\u0430\u0441\u0442\u0435\u0436\u043a\u043e\u0439<\/p>\n<\/li>\n<li data-start=\"1141\" data-end=\"1172\">\n<p data-start=\"1143\" data-end=\"1172\">1 \u0433\u043e\u0431\u0435\u043b\u0435\u043d\u043e\u0432\u0430\u044f \u0438\u0433\u043b\u0430 \u2116 15<\/p>\n<\/li>\n<li data-start=\"1173\" data-end=\"1233\">\n<p data-start=\"1175\" data-end=\"1233\">\u041f\u043b\u0430\u0441\u0442\u0438\u043a\u043e\u0432\u044b\u0439 \u043a\u0435\u0439\u0441 \u0441 3 \u043e\u0442\u0434\u0435\u043b\u044c\u043d\u043e \u043e\u0442\u043a\u0440\u044b\u0432\u0430\u044e\u0449\u0438\u043c\u0438\u0441\u044f \u043e\u0442\u0434\u0435\u043b\u0435\u043d\u0438\u044f\u043c\u0438<\/p>\n<\/li>\n<\/ul>\n<p data-start=\"1235\" data-end=\"1310\">\u2705 <strong data-start=\"1237\" data-end=\"1257\">\u041f\u043e\u0434\u0445\u043e\u0434\u0438\u0442 \u0434\u043b\u044f \u0441\u043f\u0438\u0446<\/strong> 3,25\u20134,50 \u043c\u043c<br data-start=\"1270\" data-end=\"1273\" \/>\u2705 <strong data-start=\"1275\" data-end=\"1295\">\u041f\u043e\u0434\u0445\u043e\u0434\u0438\u0442  \u0434\u043b\u044f \u043a\u0440\u044e\u0447\u043a\u043e\u0432:<\/strong> 3,50\u20135,00 \u043c\u043c<\/p>\n<p data-start=\"1317\" data-end=\"1350\"><strong data-start=\"1317\" data-end=\"1332\">\u041f\u0440\u043e\u0438\u0437\u0432\u043e\u0434\u0438\u0442\u0435\u043b\u044c:<\/strong> \u0422\u044e\u043b\u044c\u043f\u0430\u043d, \u042f\u043f\u043e\u043d\u0438\u044f<\/p>\n<p data-start=\"1352\" data-end=\"1440\" data-is-last-node=\"\" data-is-only-node=\"\"><strong data-start=\"1352\" data-end=\"1364\">\u041f\u0440\u0438\u043c\u0435\u0447\u0430\u043d\u0438\u0435:<\/strong> \u0426\u0432\u0435\u0442\u043e\u0432\u044b\u0435 \u043e\u0442\u0442\u0435\u043d\u043a\u0438 \u043c\u043e\u0433\u0443\u0442 \u043d\u0435\u0437\u043d\u0430\u0447\u0438\u0442\u0435\u043b\u044c\u043d\u043e \u043e\u0442\u043b\u0438\u0447\u0430\u0442\u044c\u0441\u044f \u0432 \u0437\u0430\u0432\u0438\u0441\u0438\u043c\u043e\u0441\u0442\u0438 \u043e\u0442 \u044d\u043a\u0440\u0430\u043d\u0430 \u0432\u0430\u0448\u0435\u0433\u043e \u0443\u0441\u0442\u0440\u043e\u0439\u0441\u0442\u0432\u0430.<\/p>","protected":false},"excerpt":{"rendered":"<p>Universal\u016bs Tulip bazini\u0173 pried\u0173 rinkiniai \u2013 tai puikus pasirinkimas tiek pradedantiesiems mezg\u0117jams, tiek patyrusiems rankdarbi\u0173 m\u0117g\u0117jams. Juose rasite visk\u0105, ko reikia kasdieniam darbui su virbalais ar v\u0105\u0161eliu. Kompakti\u0161kas plastikinis d\u0117klas su trimis atskirai atsidaran\u010diais skyriais leis tvarkingai laikyti visas smulkmenas ir pasiimti jas su savimi \u012f kelion\u0119. Rinkinys SMALL apima: 2 ma\u017eus raudonus \u0161irdel\u0117s formos [&hellip;]<\/p>\n","protected":false},"featured_media":5562,"comment_status":"open","ping_status":"closed","template":"","meta":{"_acf_changed":false},"product_brand":[757],"product_cat":[15,1080,20,1081],"product_tag":[],"pro-kategorijos":[],"class_list":{"0":"post-5557","1":"product","2":"type-product","3":"status-publish","4":"has-post-thumbnail","6":"product_brand-tulip","7":"product_cat-visi-produktai","8":"product_cat-adatos","9":"product_cat-priedai-mezgimui","10":"product_cat-zymekliai","12":"first","13":"instock","14":"shipping-taxable","15":"purchasable","16":"product-type-variable"},"acf":[],"yoast_head":"<!-- This site is optimized with the Yoast SEO plugin v26.8 - https:\/\/yoast.com\/product\/yoast-seo-wordpress\/ -->\n<title>Tulip rinkinys \u201eBasic Accessories\u201c \u2013 Small \/ Medium - Happyinaknit.com<\/title>\n<meta name=\"robots\" content=\"index, follow, max-snippet:-1, max-image-preview:large, max-video-preview:-1\" \/>\n<link rel=\"canonical\" href=\"https:\/\/happyinaknit.com\/ru\/product\/tulip-rinkinys-basic-accessories-small-medium\/\" \/>\n<meta property=\"og:locale\" content=\"ru_RU\" \/>\n<meta property=\"og:type\" content=\"article\" \/>\n<meta property=\"og:title\" content=\"Tulip rinkinys \u201eBasic Accessories\u201c \u2013 Small \/ Medium - Happyinaknit.com\" \/>\n<meta property=\"og:description\" content=\"Universal\u016bs Tulip bazini\u0173 pried\u0173 rinkiniai \u2013 tai puikus pasirinkimas tiek pradedantiesiems mezg\u0117jams, tiek patyrusiems rankdarbi\u0173 m\u0117g\u0117jams. Juose rasite visk\u0105, ko reikia kasdieniam darbui su virbalais ar v\u0105\u0161eliu. Kompakti\u0161kas plastikinis d\u0117klas su trimis atskirai atsidaran\u010diais skyriais leis tvarkingai laikyti visas smulkmenas ir pasiimti jas su savimi \u012f kelion\u0119. Rinkinys SMALL apima: 2 ma\u017eus raudonus \u0161irdel\u0117s formos [&hellip;]\" \/>\n<meta property=\"og:url\" content=\"https:\/\/happyinaknit.com\/ru\/product\/tulip-rinkinys-basic-accessories-small-medium\/\" \/>\n<meta property=\"og:site_name\" content=\"Happyinaknit.com\" \/>\n<meta property=\"article:modified_time\" content=\"2026-01-06T07:01:15+00:00\" \/>\n<meta property=\"og:image\" content=\"https:\/\/happyinaknit.com\/wp-content\/uploads\/2025\/10\/tulip-basic-accessory-sets-tulip-small-the-little-yarn-store-754248.webp.jpeg\" \/>\n\t<meta property=\"og:image:width\" content=\"870\" \/>\n\t<meta property=\"og:image:height\" content=\"870\" \/>\n\t<meta property=\"og:image:type\" content=\"image\/jpeg\" \/>\n<meta name=\"twitter:card\" content=\"summary_large_image\" \/>\n<meta name=\"twitter:label1\" content=\"\u041f\u0440\u0438\u043c\u0435\u0440\u043d\u043e\u0435 \u0432\u0440\u0435\u043c\u044f \u0434\u043b\u044f \u0447\u0442\u0435\u043d\u0438\u044f\" \/>\n\t<meta name=\"twitter:data1\" content=\"1 \u043c\u0438\u043d\u0443\u0442\u0430\" \/>\n<script type=\"application\/ld+json\" class=\"yoast-schema-graph\">{\"@context\":\"https:\/\/schema.org\",\"@graph\":[{\"@type\":\"WebPage\",\"@id\":\"https:\/\/happyinaknit.com\/produktas\/tulip-rinkinys-basic-accessories-small-medium\/\",\"url\":\"https:\/\/happyinaknit.com\/produktas\/tulip-rinkinys-basic-accessories-small-medium\/\",\"name\":\"Tulip rinkinys \u201eBasic Accessories\u201c \u2013 Small \/ Medium - Happyinaknit.com\",\"isPartOf\":{\"@id\":\"https:\/\/happyinaknit.com\/lt\/#website\"},\"primaryImageOfPage\":{\"@id\":\"https:\/\/happyinaknit.com\/produktas\/tulip-rinkinys-basic-accessories-small-medium\/#primaryimage\"},\"image\":{\"@id\":\"https:\/\/happyinaknit.com\/produktas\/tulip-rinkinys-basic-accessories-small-medium\/#primaryimage\"},\"thumbnailUrl\":\"https:\/\/happyinaknit.com\/wp-content\/uploads\/2025\/10\/tulip-basic-accessory-sets-tulip-small-the-little-yarn-store-754248.webp.jpeg\",\"datePublished\":\"2025-10-16T21:37:59+00:00\",\"dateModified\":\"2026-01-06T07:01:15+00:00\",\"breadcrumb\":{\"@id\":\"https:\/\/happyinaknit.com\/produktas\/tulip-rinkinys-basic-accessories-small-medium\/#breadcrumb\"},\"inLanguage\":\"ru-RU\",\"potentialAction\":[{\"@type\":\"ReadAction\",\"target\":[\"https:\/\/happyinaknit.com\/produktas\/tulip-rinkinys-basic-accessories-small-medium\/\"]}]},{\"@type\":\"ImageObject\",\"inLanguage\":\"ru-RU\",\"@id\":\"https:\/\/happyinaknit.com\/produktas\/tulip-rinkinys-basic-accessories-small-medium\/#primaryimage\",\"url\":\"https:\/\/happyinaknit.com\/wp-content\/uploads\/2025\/10\/tulip-basic-accessory-sets-tulip-small-the-little-yarn-store-754248.webp.jpeg\",\"contentUrl\":\"https:\/\/happyinaknit.com\/wp-content\/uploads\/2025\/10\/tulip-basic-accessory-sets-tulip-small-the-little-yarn-store-754248.webp.jpeg\",\"width\":870,\"height\":870},{\"@type\":\"BreadcrumbList\",\"@id\":\"https:\/\/happyinaknit.com\/produktas\/tulip-rinkinys-basic-accessories-small-medium\/#breadcrumb\",\"itemListElement\":[{\"@type\":\"ListItem\",\"position\":1,\"name\":\"Home\",\"item\":\"https:\/\/happyinaknit.com\/lt\/\"},{\"@type\":\"ListItem\",\"position\":2,\"name\":\"Parduotuv\u0117\",\"item\":\"https:\/\/happyinaknit.com\/lt\/parduotuve\/\"},{\"@type\":\"ListItem\",\"position\":3,\"name\":\"Tulip rinkinys \u201eBasic Accessories\u201c \u2013 Small \/ Medium\"}]},{\"@type\":\"WebSite\",\"@id\":\"https:\/\/happyinaknit.com\/lt\/#website\",\"url\":\"https:\/\/happyinaknit.com\/lt\/\",\"name\":\"Happyinaknit.com\",\"description\":\"\",\"potentialAction\":[{\"@type\":\"SearchAction\",\"target\":{\"@type\":\"EntryPoint\",\"urlTemplate\":\"https:\/\/happyinaknit.com\/lt\/?s={search_term_string}\"},\"query-input\":{\"@type\":\"PropertyValueSpecification\",\"valueRequired\":true,\"valueName\":\"search_term_string\"}}],\"inLanguage\":\"ru-RU\"}]}<\/script>\n<!-- \/ Yoast SEO plugin. -->","yoast_head_json":{"title":"Tulip rinkinys \u201eBasic Accessories\u201c \u2013 Small \/ Medium - Happyinaknit.com","robots":{"index":"index","follow":"follow","max-snippet":"max-snippet:-1","max-image-preview":"max-image-preview:large","max-video-preview":"max-video-preview:-1"},"canonical":"https:\/\/happyinaknit.com\/ru\/product\/tulip-rinkinys-basic-accessories-small-medium\/","og_locale":"ru_RU","og_type":"article","og_title":"Tulip rinkinys \u201eBasic Accessories\u201c \u2013 Small \/ Medium - Happyinaknit.com","og_description":"Universal\u016bs Tulip bazini\u0173 pried\u0173 rinkiniai \u2013 tai puikus pasirinkimas tiek pradedantiesiems mezg\u0117jams, tiek patyrusiems rankdarbi\u0173 m\u0117g\u0117jams. Juose rasite visk\u0105, ko reikia kasdieniam darbui su virbalais ar v\u0105\u0161eliu. Kompakti\u0161kas plastikinis d\u0117klas su trimis atskirai atsidaran\u010diais skyriais leis tvarkingai laikyti visas smulkmenas ir pasiimti jas su savimi \u012f kelion\u0119. Rinkinys SMALL apima: 2 ma\u017eus raudonus \u0161irdel\u0117s formos [&hellip;]","og_url":"https:\/\/happyinaknit.com\/ru\/product\/tulip-rinkinys-basic-accessories-small-medium\/","og_site_name":"Happyinaknit.com","article_modified_time":"2026-01-06T07:01:15+00:00","og_image":[{"width":870,"height":870,"url":"https:\/\/happyinaknit.com\/wp-content\/uploads\/2025\/10\/tulip-basic-accessory-sets-tulip-small-the-little-yarn-store-754248.webp.jpeg","type":"image\/jpeg"}],"twitter_card":"summary_large_image","twitter_misc":{"\u041f\u0440\u0438\u043c\u0435\u0440\u043d\u043e\u0435 \u0432\u0440\u0435\u043c\u044f \u0434\u043b\u044f \u0447\u0442\u0435\u043d\u0438\u044f":"1 \u043c\u0438\u043d\u0443\u0442\u0430"},"schema":{"@context":"https:\/\/schema.org","@graph":[{"@type":"WebPage","@id":"https:\/\/happyinaknit.com\/produktas\/tulip-rinkinys-basic-accessories-small-medium\/","url":"https:\/\/happyinaknit.com\/produktas\/tulip-rinkinys-basic-accessories-small-medium\/","name":"Tulip rinkinys \u201eBasic Accessories\u201c \u2013 Small \/ Medium - Happyinaknit.com","isPartOf":{"@id":"https:\/\/happyinaknit.com\/lt\/#website"},"primaryImageOfPage":{"@id":"https:\/\/happyinaknit.com\/produktas\/tulip-rinkinys-basic-accessories-small-medium\/#primaryimage"},"image":{"@id":"https:\/\/happyinaknit.com\/produktas\/tulip-rinkinys-basic-accessories-small-medium\/#primaryimage"},"thumbnailUrl":"https:\/\/happyinaknit.com\/wp-content\/uploads\/2025\/10\/tulip-basic-accessory-sets-tulip-small-the-little-yarn-store-754248.webp.jpeg","datePublished":"2025-10-16T21:37:59+00:00","dateModified":"2026-01-06T07:01:15+00:00","breadcrumb":{"@id":"https:\/\/happyinaknit.com\/produktas\/tulip-rinkinys-basic-accessories-small-medium\/#breadcrumb"},"inLanguage":"ru-RU","potentialAction":[{"@type":"ReadAction","target":["https:\/\/happyinaknit.com\/produktas\/tulip-rinkinys-basic-accessories-small-medium\/"]}]},{"@type":"ImageObject","inLanguage":"ru-RU","@id":"https:\/\/happyinaknit.com\/produktas\/tulip-rinkinys-basic-accessories-small-medium\/#primaryimage","url":"https:\/\/happyinaknit.com\/wp-content\/uploads\/2025\/10\/tulip-basic-accessory-sets-tulip-small-the-little-yarn-store-754248.webp.jpeg","contentUrl":"https:\/\/happyinaknit.com\/wp-content\/uploads\/2025\/10\/tulip-basic-accessory-sets-tulip-small-the-little-yarn-store-754248.webp.jpeg","width":870,"height":870},{"@type":"BreadcrumbList","@id":"https:\/\/happyinaknit.com\/produktas\/tulip-rinkinys-basic-accessories-small-medium\/#breadcrumb","itemListElement":[{"@type":"ListItem","position":1,"name":"Home","item":"https:\/\/happyinaknit.com\/lt\/"},{"@type":"ListItem","position":2,"name":"Parduotuv\u0117","item":"https:\/\/happyinaknit.com\/lt\/parduotuve\/"},{"@type":"ListItem","position":3,"name":"Tulip rinkinys \u201eBasic Accessories\u201c \u2013 Small \/ Medium"}]},{"@type":"WebSite","@id":"https:\/\/happyinaknit.com\/lt\/#website","url":"https:\/\/happyinaknit.com\/lt\/","name":"Happyinaknit.com","description":"","potentialAction":[{"@type":"SearchAction","target":{"@type":"EntryPoint","urlTemplate":"https:\/\/happyinaknit.com\/lt\/?s={search_term_string}"},"query-input":{"@type":"PropertyValueSpecification","valueRequired":true,"valueName":"search_term_string"}}],"inLanguage":"ru-RU"}]}},"_links":{"self":[{"href":"https:\/\/happyinaknit.com\/ru\/wp-json\/wp\/v2\/product\/5557","targetHints":{"allow":["GET"]}}],"collection":[{"href":"https:\/\/happyinaknit.com\/ru\/wp-json\/wp\/v2\/product"}],"about":[{"href":"https:\/\/happyinaknit.com\/ru\/wp-json\/wp\/v2\/types\/product"}],"replies":[{"embeddable":true,"href":"https:\/\/happyinaknit.com\/ru\/wp-json\/wp\/v2\/comments?post=5557"}],"wp:featuredmedia":[{"embeddable":true,"href":"https:\/\/happyinaknit.com\/ru\/wp-json\/wp\/v2\/media\/5562"}],"wp:attachment":[{"href":"https:\/\/happyinaknit.com\/ru\/wp-json\/wp\/v2\/media?parent=5557"}],"wp:term":[{"taxonomy":"product_brand","embeddable":true,"href":"https:\/\/happyinaknit.com\/ru\/wp-json\/wp\/v2\/product_brand?post=5557"},{"taxonomy":"product_cat","embeddable":true,"href":"https:\/\/happyinaknit.com\/ru\/wp-json\/wp\/v2\/product_cat?post=5557"},{"taxonomy":"product_tag","embeddable":true,"href":"https:\/\/happyinaknit.com\/ru\/wp-json\/wp\/v2\/product_tag?post=5557"},{"taxonomy":"pro-kategorijos","embeddable":true,"href":"https:\/\/happyinaknit.com\/ru\/wp-json\/wp\/v2\/pro-kategorijos?post=5557"}],"curies":[{"name":"wp","href":"https:\/\/api.w.org\/{rel}","templated":true}]}}