{"id":5540,"date":"2025-10-16T21:14:26","date_gmt":"2025-10-16T21:14:26","guid":{"rendered":"https:\/\/happyinaknit.com\/?post_type=product&#038;p=5540"},"modified":"2026-04-05T15:46:34","modified_gmt":"2026-04-05T15:46:34","slug":"addi-crasysnake-kojininiai-virbalai-15-cm","status":"publish","type":"product","link":"https:\/\/happyinaknit.com\/ru\/product\/addi-crasysnake-kojininiai-virbalai-15-cm\/","title":{"rendered":"Addi CrasySnake \u0441\u043f\u0438\u0446\u044b \u0447\u0443\u043b\u043e\u0447\u043d\u044b\u0435 (15 \u0441\u043c)"},"content":{"rendered":"<p data-start=\"53\" data-end=\"423\"><strong data-start=\"53\" data-end=\"72\">Addi CrasySnake<\/strong> \u2013 \u044d\u0442\u043e \u0443\u043d\u0438\u043a\u0430\u043b\u044c\u043d\u044b\u0435 \u0434\u0432\u0443\u0445\u0441\u0442\u043e\u0440\u043e\u043d\u043d\u0438\u0435 \u0441\u043f\u0438\u0446\u044b, \u0440\u0430\u0437\u0440\u0430\u0431\u043e\u0442\u0430\u043d\u043d\u044b\u0435 \u0434\u043b\u044f \u0438\u0441\u043a\u043b\u044e\u0447\u0438\u0442\u0435\u043b\u044c\u043d\u043e\u0433\u043e \u043a\u043e\u043c\u0444\u043e\u0440\u0442\u0430 \u043f\u0440\u0438 \u0432\u044f\u0437\u0430\u043d\u0438\u0438. \u0418\u0437\u0433\u043e\u0442\u043e\u0432\u043b\u0435\u043d\u043d\u044b\u0435 \u0438\u0437 \u043b\u0451\u0433\u043a\u043e\u0433\u043e, \u043d\u043e \u043f\u0440\u043e\u0447\u043d\u043e\u0433\u043e \u0430\u043b\u044e\u043c\u0438\u043d\u0438\u044f, \u043e\u043d\u0438 \u043e\u0431\u0435\u0441\u043f\u0435\u0447\u0438\u0432\u0430\u044e\u0442 \u0440\u0430\u0432\u043d\u043e\u043c\u0435\u0440\u043d\u043e\u0435 \u0438 \u043f\u0440\u0438\u044f\u0442\u043d\u043e\u0435 \u0432\u044f\u0437\u0430\u043d\u0438\u0435. \u0411\u043b\u0430\u0433\u043e\u0434\u0430\u0440\u044f <strong data-start=\"246\" data-end=\"266\">\u0432\u043e\u043b\u043d\u0438\u0441\u0442\u043e\u0439 \u0444\u043e\u0440\u043c\u0435<\/strong> \u044d\u0442\u0438 \u0441\u043f\u0438\u0446\u044b \u0443\u0434\u043e\u0431\u043d\u043e \u043b\u0435\u0436\u0430\u0442 \u0432 \u0440\u0443\u043a\u0435, \u0430 \u043f\u0435\u0442\u043b\u0438 \u043e\u0441\u0442\u0430\u044e\u0442\u0441\u044f \u043d\u0430 \u043c\u0435\u0441\u0442\u0435 \u0434\u0430\u0436\u0435 \u043f\u0440\u0438 \u0431\u044b\u0441\u0442\u0440\u043e\u043c \u0432\u044f\u0437\u0430\u043d\u0438\u0438, \u0447\u0442\u043e \u043e\u0441\u043e\u0431\u0435\u043d\u043d\u043e \u043f\u043e\u043b\u0435\u0437\u043d\u043e \u0434\u043b\u044f \u043d\u043e\u0432\u0438\u0447\u043a\u043e\u0432 \u0438\u043b\u0438 \u0442\u0435\u0445, \u043a\u0442\u043e \u0432\u044f\u0436\u0435\u0442 \u0431\u043e\u043b\u0435\u0435 \u0441\u0432\u043e\u0431\u043e\u0434\u043d\u043e.<\/p>\n<p data-start=\"425\" data-end=\"636\">\u0421\u043f\u0438\u0446\u044b \u0438\u043c\u0435\u044e\u0442 <strong data-start=\"439\" data-end=\"467\">\u0437\u0430\u043e\u0441\u0442\u0440\u0435\u043d\u043d\u044b\u0435 \u00abLace\u00bb \u043a\u043e\u043d\u0447\u0438\u043a\u0438<\/strong>, \u0447\u0442\u043e \u043f\u043e\u0437\u0432\u043e\u043b\u044f\u0435\u0442 \u043b\u0435\u0433\u043a\u043e \u0437\u0430\u0445\u0432\u0430\u0442\u044b\u0432\u0430\u0442\u044c \u043d\u0438\u0442\u044c \u0438 \u0430\u043a\u043a\u0443\u0440\u0430\u0442\u043d\u043e \u0432\u044f\u0437\u0430\u0442\u044c \u0434\u0430\u0436\u0435 \u0441\u043b\u043e\u0436\u043d\u044b\u0435 \u0443\u0437\u043e\u0440\u044b. \u0420\u0430\u0437\u043c\u0435\u0440 <strong data-start=\"556\" data-end=\"589\">\u0447\u0435\u0442\u043a\u043e \u043e\u0431\u043e\u0437\u043d\u0430\u0447\u0435\u043d\u043e \u043d\u0430 \u0441\u043f\u0438\u0446\u0435<\/strong>\u0442\u0430\u043a, \u0447\u0442\u043e \u0432\u0441\u0435\u0433\u0434\u0430 \u043c\u043e\u0436\u043d\u043e \u043b\u0435\u0433\u043a\u043e \u043d\u0430\u0439\u0442\u0438 \u043d\u0443\u0436\u043d\u0443\u044e \u043f\u0430\u0440\u0443.<\/p>\n<p data-start=\"638\" data-end=\"652\"><strong data-start=\"638\" data-end=\"650\">\u0424\u0443\u043d\u043a\u0446\u0438\u0438:<\/strong><\/p>\n<ul data-start=\"653\" data-end=\"913\">\n<li data-start=\"653\" data-end=\"676\">\n<p data-start=\"655\" data-end=\"676\">\u041c\u0430\u0442\u0435\u0440\u0438\u0430\u043b: \u0430\u043b\u044e\u043c\u0438\u043d\u0438\u0439<\/p>\n<\/li>\n<li data-start=\"677\" data-end=\"693\">\n<p data-start=\"679\" data-end=\"693\">\u0414\u043b\u0438\u043d\u0430: 15 \u0441\u043c.<\/p>\n<\/li>\n<li data-start=\"694\" data-end=\"727\">\n<p data-start=\"696\" data-end=\"727\">\u041b\u0435\u0433\u043a\u0438\u0439, \u043f\u0440\u043e\u0447\u043d\u044b\u0439 \u0438 \u044d\u0440\u0433\u043e\u043d\u043e\u043c\u0438\u0447\u043d\u044b\u0439<\/p>\n<\/li>\n<li data-start=\"728\" data-end=\"787\">\n<p data-start=\"730\" data-end=\"787\">\u0412\u043e\u043b\u043d\u0438\u0441\u0442\u0430\u044f \u0444\u043e\u0440\u043c\u0430 \u043f\u0440\u0435\u0434\u043e\u0442\u0432\u0440\u0430\u0449\u0430\u0435\u0442 \u0441\u043e\u0441\u043a\u0430\u043b\u044c\u0437\u044b\u0432\u0430\u043d\u0438\u0435 \u043f\u0435\u0442\u0435\u043b\u044c \u0441\u043e \u0441\u043f\u0438\u0446\u044b.<\/p>\n<\/li>\n<li data-start=\"788\" data-end=\"843\">\n<p data-start=\"790\" data-end=\"843\">\u041e\u0441\u0442\u0440\u044b\u0435 \u043a\u043e\u043d\u0447\u0438\u043a\u0438 Lace  \u0442\u0438\u043f\u0430 \u0434\u043b\u044f \u0431\u043e\u043b\u0435\u0435 \u043a\u043e\u043c\u0444\u043e\u0440\u0442\u043d\u043e\u0433\u043e \u0432\u044f\u0437\u0430\u043d\u0438\u044f<\/p>\n<\/li>\n<li data-start=\"844\" data-end=\"883\">\n<p data-start=\"846\" data-end=\"883\">\u0420\u0430\u0437\u043c\u0435\u0440 \u0447\u0435\u0442\u043a\u043e \u043e\u0431\u043e\u0437\u043d\u0430\u0447\u0435\u043d \u043d\u0430 \u0441\u043f\u0438\u0446\u0435<\/p>\n<\/li>\n<li data-start=\"884\" data-end=\"913\">\n<p data-start=\"886\" data-end=\"913\">\u0412 \u043d\u0430\u0431\u043e\u0440 \u0432\u0445\u043e\u0434\u0438\u0442 5 \u0441\u043f\u0438\u0446<\/p>\n<\/li>\n<\/ul>\n<p data-start=\"981\" data-end=\"1014\"><strong data-start=\"981\" data-end=\"996\">\u041f\u0440\u043e\u0438\u0437\u0432\u043e\u0434\u0438\u0442\u0435\u043b\u044c:<\/strong> Addi, \u0413\u0435\u0440\u043c\u0430\u043d\u0438\u044f<\/p>\n<p data-start=\"1016\" data-end=\"1104\" data-is-last-node=\"\" data-is-only-node=\"\"><strong data-start=\"1016\" data-end=\"1028\">\u041f\u0440\u0438\u043c\u0435\u0447\u0430\u043d\u0438\u0435:<\/strong> \u0426\u0432\u0435\u0442\u043e\u0432\u044b\u0435 \u043e\u0442\u0442\u0435\u043d\u043a\u0438 \u043c\u043e\u0433\u0443\u0442 \u043d\u0435\u0437\u043d\u0430\u0447\u0438\u0442\u0435\u043b\u044c\u043d\u043e \u043e\u0442\u043b\u0438\u0447\u0430\u0442\u044c\u0441\u044f \u0432 \u0437\u0430\u0432\u0438\u0441\u0438\u043c\u043e\u0441\u0442\u0438 \u043e\u0442 \u044d\u043a\u0440\u0430\u043d\u0430 \u0432\u0430\u0448\u0435\u0433\u043e \u0443\u0441\u0442\u0440\u043e\u0439\u0441\u0442\u0432\u0430.<\/p>","protected":false},"excerpt":{"rendered":"<p>Addi CrasySnake \u2013 tai unikalios formos kojininiai virbalai, sukurti ypatingam mezgimo patogumui. Pagaminti i\u0161 lengvo, bet tvirto aliuminio, jie u\u017etikrina tolyg\u0173 ir malon\u0173 mezgim\u0105. D\u0117l savo banguotos formos \u0161ie virbalai patogiai guli rankoje, o akys i\u0161lieka vietoje net ir greito mezgimo metu \u2013 tai ypa\u010d naudinga pradedantiesiems ar tiems, kurie mezga laisviau. Virbalai turi smailius [&hellip;]<\/p>\n","protected":false},"featured_media":5555,"comment_status":"open","ping_status":"closed","template":"","meta":{"_acf_changed":false},"product_brand":[786],"product_cat":[15,19,865],"product_tag":[],"pro-kategorijos":[],"class_list":{"0":"post-5540","1":"product","2":"type-product","3":"status-publish","4":"has-post-thumbnail","6":"product_brand-addi","7":"product_cat-visi-produktai","8":"product_cat-mezgimo-priemones","9":"product_cat-virbalai-kojinems","11":"first","12":"instock","13":"shipping-taxable","14":"purchasable","15":"product-type-variable"},"acf":[],"yoast_head":"<!-- This site is optimized with the Yoast SEO plugin v26.8 - https:\/\/yoast.com\/product\/yoast-seo-wordpress\/ -->\n<title>Addi CrasySnake kojininiai virbalai (15 cm) - Happyinaknit.com<\/title>\n<meta name=\"robots\" content=\"index, follow, max-snippet:-1, max-image-preview:large, max-video-preview:-1\" \/>\n<link rel=\"canonical\" href=\"https:\/\/happyinaknit.com\/ru\/product\/addi-crasysnake-kojininiai-virbalai-15-cm\/\" \/>\n<meta property=\"og:locale\" content=\"ru_RU\" \/>\n<meta property=\"og:type\" content=\"article\" \/>\n<meta property=\"og:title\" content=\"Addi CrasySnake kojininiai virbalai (15 cm) - Happyinaknit.com\" \/>\n<meta property=\"og:description\" content=\"Addi CrasySnake \u2013 tai unikalios formos kojininiai virbalai, sukurti ypatingam mezgimo patogumui. Pagaminti i\u0161 lengvo, bet tvirto aliuminio, jie u\u017etikrina tolyg\u0173 ir malon\u0173 mezgim\u0105. D\u0117l savo banguotos formos \u0161ie virbalai patogiai guli rankoje, o akys i\u0161lieka vietoje net ir greito mezgimo metu \u2013 tai ypa\u010d naudinga pradedantiesiems ar tiems, kurie mezga laisviau. Virbalai turi smailius [&hellip;]\" \/>\n<meta property=\"og:url\" content=\"https:\/\/happyinaknit.com\/ru\/product\/addi-crasysnake-kojininiai-virbalai-15-cm\/\" \/>\n<meta property=\"og:site_name\" content=\"Happyinaknit.com\" \/>\n<meta property=\"article:modified_time\" content=\"2026-04-05T15:46:34+00:00\" \/>\n<meta property=\"og:image\" content=\"https:\/\/happyinaknit.com\/wp-content\/uploads\/2025\/10\/\u0421\u043d\u0438\u043c\u043e\u043a-\u044d\u043a\u0440\u0430\u043d\u0430-2025-10-17-\u0432-00.15.50.png\" \/>\n\t<meta property=\"og:image:width\" content=\"1060\" \/>\n\t<meta property=\"og:image:height\" content=\"958\" \/>\n\t<meta property=\"og:image:type\" content=\"image\/png\" \/>\n<meta name=\"twitter:card\" content=\"summary_large_image\" \/>\n<meta name=\"twitter:label1\" content=\"\u041f\u0440\u0438\u043c\u0435\u0440\u043d\u043e\u0435 \u0432\u0440\u0435\u043c\u044f \u0434\u043b\u044f \u0447\u0442\u0435\u043d\u0438\u044f\" \/>\n\t<meta name=\"twitter:data1\" content=\"1 \u043c\u0438\u043d\u0443\u0442\u0430\" \/>\n<script type=\"application\/ld+json\" class=\"yoast-schema-graph\">{\"@context\":\"https:\/\/schema.org\",\"@graph\":[{\"@type\":\"WebPage\",\"@id\":\"https:\/\/happyinaknit.com\/produktas\/addi-crasysnake-kojininiai-virbalai-15-cm\/\",\"url\":\"https:\/\/happyinaknit.com\/produktas\/addi-crasysnake-kojininiai-virbalai-15-cm\/\",\"name\":\"Addi CrasySnake kojininiai virbalai (15 cm) - Happyinaknit.com\",\"isPartOf\":{\"@id\":\"https:\/\/happyinaknit.com\/lt\/#website\"},\"primaryImageOfPage\":{\"@id\":\"https:\/\/happyinaknit.com\/produktas\/addi-crasysnake-kojininiai-virbalai-15-cm\/#primaryimage\"},\"image\":{\"@id\":\"https:\/\/happyinaknit.com\/produktas\/addi-crasysnake-kojininiai-virbalai-15-cm\/#primaryimage\"},\"thumbnailUrl\":\"https:\/\/happyinaknit.com\/wp-content\/uploads\/2025\/10\/\u0421\u043d\u0438\u043c\u043e\u043a-\u044d\u043a\u0440\u0430\u043d\u0430-2025-10-17-\u0432-00.15.50.png\",\"datePublished\":\"2025-10-16T21:14:26+00:00\",\"dateModified\":\"2026-04-05T15:46:34+00:00\",\"breadcrumb\":{\"@id\":\"https:\/\/happyinaknit.com\/produktas\/addi-crasysnake-kojininiai-virbalai-15-cm\/#breadcrumb\"},\"inLanguage\":\"ru-RU\",\"potentialAction\":[{\"@type\":\"ReadAction\",\"target\":[\"https:\/\/happyinaknit.com\/produktas\/addi-crasysnake-kojininiai-virbalai-15-cm\/\"]}]},{\"@type\":\"ImageObject\",\"inLanguage\":\"ru-RU\",\"@id\":\"https:\/\/happyinaknit.com\/produktas\/addi-crasysnake-kojininiai-virbalai-15-cm\/#primaryimage\",\"url\":\"https:\/\/happyinaknit.com\/wp-content\/uploads\/2025\/10\/\u0421\u043d\u0438\u043c\u043e\u043a-\u044d\u043a\u0440\u0430\u043d\u0430-2025-10-17-\u0432-00.15.50.png\",\"contentUrl\":\"https:\/\/happyinaknit.com\/wp-content\/uploads\/2025\/10\/\u0421\u043d\u0438\u043c\u043e\u043a-\u044d\u043a\u0440\u0430\u043d\u0430-2025-10-17-\u0432-00.15.50.png\",\"width\":1060,\"height\":958},{\"@type\":\"BreadcrumbList\",\"@id\":\"https:\/\/happyinaknit.com\/produktas\/addi-crasysnake-kojininiai-virbalai-15-cm\/#breadcrumb\",\"itemListElement\":[{\"@type\":\"ListItem\",\"position\":1,\"name\":\"Home\",\"item\":\"https:\/\/happyinaknit.com\/lt\/\"},{\"@type\":\"ListItem\",\"position\":2,\"name\":\"Parduotuv\u0117\",\"item\":\"https:\/\/happyinaknit.com\/lt\/parduotuve\/\"},{\"@type\":\"ListItem\",\"position\":3,\"name\":\"Addi CrasySnake kojininiai virbalai (15 cm)\"}]},{\"@type\":\"WebSite\",\"@id\":\"https:\/\/happyinaknit.com\/lt\/#website\",\"url\":\"https:\/\/happyinaknit.com\/lt\/\",\"name\":\"Happyinaknit.com\",\"description\":\"\",\"potentialAction\":[{\"@type\":\"SearchAction\",\"target\":{\"@type\":\"EntryPoint\",\"urlTemplate\":\"https:\/\/happyinaknit.com\/lt\/?s={search_term_string}\"},\"query-input\":{\"@type\":\"PropertyValueSpecification\",\"valueRequired\":true,\"valueName\":\"search_term_string\"}}],\"inLanguage\":\"ru-RU\"}]}<\/script>\n<!-- \/ Yoast SEO plugin. -->","yoast_head_json":{"title":"Addi CrasySnake kojininiai virbalai (15 cm) - Happyinaknit.com","robots":{"index":"index","follow":"follow","max-snippet":"max-snippet:-1","max-image-preview":"max-image-preview:large","max-video-preview":"max-video-preview:-1"},"canonical":"https:\/\/happyinaknit.com\/ru\/product\/addi-crasysnake-kojininiai-virbalai-15-cm\/","og_locale":"ru_RU","og_type":"article","og_title":"Addi CrasySnake kojininiai virbalai (15 cm) - Happyinaknit.com","og_description":"Addi CrasySnake \u2013 tai unikalios formos kojininiai virbalai, sukurti ypatingam mezgimo patogumui. Pagaminti i\u0161 lengvo, bet tvirto aliuminio, jie u\u017etikrina tolyg\u0173 ir malon\u0173 mezgim\u0105. D\u0117l savo banguotos formos \u0161ie virbalai patogiai guli rankoje, o akys i\u0161lieka vietoje net ir greito mezgimo metu \u2013 tai ypa\u010d naudinga pradedantiesiems ar tiems, kurie mezga laisviau. Virbalai turi smailius [&hellip;]","og_url":"https:\/\/happyinaknit.com\/ru\/product\/addi-crasysnake-kojininiai-virbalai-15-cm\/","og_site_name":"Happyinaknit.com","article_modified_time":"2026-04-05T15:46:34+00:00","og_image":[{"width":1060,"height":958,"url":"https:\/\/happyinaknit.com\/wp-content\/uploads\/2025\/10\/\u0421\u043d\u0438\u043c\u043e\u043a-\u044d\u043a\u0440\u0430\u043d\u0430-2025-10-17-\u0432-00.15.50.png","type":"image\/png"}],"twitter_card":"summary_large_image","twitter_misc":{"\u041f\u0440\u0438\u043c\u0435\u0440\u043d\u043e\u0435 \u0432\u0440\u0435\u043c\u044f \u0434\u043b\u044f \u0447\u0442\u0435\u043d\u0438\u044f":"1 \u043c\u0438\u043d\u0443\u0442\u0430"},"schema":{"@context":"https:\/\/schema.org","@graph":[{"@type":"WebPage","@id":"https:\/\/happyinaknit.com\/produktas\/addi-crasysnake-kojininiai-virbalai-15-cm\/","url":"https:\/\/happyinaknit.com\/produktas\/addi-crasysnake-kojininiai-virbalai-15-cm\/","name":"Addi CrasySnake kojininiai virbalai (15 cm) - Happyinaknit.com","isPartOf":{"@id":"https:\/\/happyinaknit.com\/lt\/#website"},"primaryImageOfPage":{"@id":"https:\/\/happyinaknit.com\/produktas\/addi-crasysnake-kojininiai-virbalai-15-cm\/#primaryimage"},"image":{"@id":"https:\/\/happyinaknit.com\/produktas\/addi-crasysnake-kojininiai-virbalai-15-cm\/#primaryimage"},"thumbnailUrl":"https:\/\/happyinaknit.com\/wp-content\/uploads\/2025\/10\/\u0421\u043d\u0438\u043c\u043e\u043a-\u044d\u043a\u0440\u0430\u043d\u0430-2025-10-17-\u0432-00.15.50.png","datePublished":"2025-10-16T21:14:26+00:00","dateModified":"2026-04-05T15:46:34+00:00","breadcrumb":{"@id":"https:\/\/happyinaknit.com\/produktas\/addi-crasysnake-kojininiai-virbalai-15-cm\/#breadcrumb"},"inLanguage":"ru-RU","potentialAction":[{"@type":"ReadAction","target":["https:\/\/happyinaknit.com\/produktas\/addi-crasysnake-kojininiai-virbalai-15-cm\/"]}]},{"@type":"ImageObject","inLanguage":"ru-RU","@id":"https:\/\/happyinaknit.com\/produktas\/addi-crasysnake-kojininiai-virbalai-15-cm\/#primaryimage","url":"https:\/\/happyinaknit.com\/wp-content\/uploads\/2025\/10\/\u0421\u043d\u0438\u043c\u043e\u043a-\u044d\u043a\u0440\u0430\u043d\u0430-2025-10-17-\u0432-00.15.50.png","contentUrl":"https:\/\/happyinaknit.com\/wp-content\/uploads\/2025\/10\/\u0421\u043d\u0438\u043c\u043e\u043a-\u044d\u043a\u0440\u0430\u043d\u0430-2025-10-17-\u0432-00.15.50.png","width":1060,"height":958},{"@type":"BreadcrumbList","@id":"https:\/\/happyinaknit.com\/produktas\/addi-crasysnake-kojininiai-virbalai-15-cm\/#breadcrumb","itemListElement":[{"@type":"ListItem","position":1,"name":"Home","item":"https:\/\/happyinaknit.com\/lt\/"},{"@type":"ListItem","position":2,"name":"Parduotuv\u0117","item":"https:\/\/happyinaknit.com\/lt\/parduotuve\/"},{"@type":"ListItem","position":3,"name":"Addi CrasySnake kojininiai virbalai (15 cm)"}]},{"@type":"WebSite","@id":"https:\/\/happyinaknit.com\/lt\/#website","url":"https:\/\/happyinaknit.com\/lt\/","name":"Happyinaknit.com","description":"","potentialAction":[{"@type":"SearchAction","target":{"@type":"EntryPoint","urlTemplate":"https:\/\/happyinaknit.com\/lt\/?s={search_term_string}"},"query-input":{"@type":"PropertyValueSpecification","valueRequired":true,"valueName":"search_term_string"}}],"inLanguage":"ru-RU"}]}},"_links":{"self":[{"href":"https:\/\/happyinaknit.com\/ru\/wp-json\/wp\/v2\/product\/5540","targetHints":{"allow":["GET"]}}],"collection":[{"href":"https:\/\/happyinaknit.com\/ru\/wp-json\/wp\/v2\/product"}],"about":[{"href":"https:\/\/happyinaknit.com\/ru\/wp-json\/wp\/v2\/types\/product"}],"replies":[{"embeddable":true,"href":"https:\/\/happyinaknit.com\/ru\/wp-json\/wp\/v2\/comments?post=5540"}],"wp:featuredmedia":[{"embeddable":true,"href":"https:\/\/happyinaknit.com\/ru\/wp-json\/wp\/v2\/media\/5555"}],"wp:attachment":[{"href":"https:\/\/happyinaknit.com\/ru\/wp-json\/wp\/v2\/media?parent=5540"}],"wp:term":[{"taxonomy":"product_brand","embeddable":true,"href":"https:\/\/happyinaknit.com\/ru\/wp-json\/wp\/v2\/product_brand?post=5540"},{"taxonomy":"product_cat","embeddable":true,"href":"https:\/\/happyinaknit.com\/ru\/wp-json\/wp\/v2\/product_cat?post=5540"},{"taxonomy":"product_tag","embeddable":true,"href":"https:\/\/happyinaknit.com\/ru\/wp-json\/wp\/v2\/product_tag?post=5540"},{"taxonomy":"pro-kategorijos","embeddable":true,"href":"https:\/\/happyinaknit.com\/ru\/wp-json\/wp\/v2\/pro-kategorijos?post=5540"}],"curies":[{"name":"wp","href":"https:\/\/api.w.org\/{rel}","templated":true}]}}