{"id":5508,"date":"2025-10-16T18:22:29","date_gmt":"2025-10-16T18:22:29","guid":{"rendered":"https:\/\/happyinaknit.com\/?post_type=product&#038;p=5508"},"modified":"2026-04-07T15:03:05","modified_gmt":"2026-04-07T15:03:05","slug":"addi-magic-lace-virbalai-su-valu-80-cm","status":"publish","type":"product","link":"https:\/\/happyinaknit.com\/ru\/product\/addi-magic-lace-virbalai-su-valu-80-cm\/","title":{"rendered":"Addi Mystic Lace \u0441\u043f\u0438\u0446\u044b \u043d\u0430  \u043b\u0435\u0441\u043a\u0435 80 \u0441\u043c"},"content":{"rendered":"<p data-start=\"181\" data-end=\"636\"><strong data-start=\"181\" data-end=\"200\">Addi Mystic Lace<\/strong> \u2013 \u044d\u0442\u043e \u043d\u043e\u0432\u0438\u043d\u043a\u0430 \u043e\u0442 \u0438\u0437\u0432\u0435\u0441\u0442\u043d\u043e\u0433\u043e \u043d\u0435\u043c\u0435\u0446\u043a\u043e\u0433\u043e \u0431\u0440\u0435\u043d\u0434\u0430 <em data-start=\"250\" data-end=\"256\">Addi<\/em>, \u0441\u043e\u0437\u0434\u0430\u043d\u043d\u0430\u044f \u0434\u043b\u044f \u0442\u0435\u0445, \u043a\u0442\u043e \u0446\u0435\u043d\u0438\u0442 \u043c\u044f\u0433\u043a\u043e\u0441\u0442\u044c \u0434\u0435\u0440\u0435\u0432\u0430 \u0438 \u0442\u043e\u0447\u043d\u043e\u0441\u0442\u044c \u043c\u0435\u0442\u0430\u043b\u043b\u0430. \u042d\u0442\u0438 \u0441\u043f\u0438\u0446\u044b \u0438\u043c\u0435\u044e\u0442 \u043c\u044f\u0433\u043a\u0443\u044e \u043c\u0430\u0442\u043e\u0432\u0443\u044e \u043f\u043e\u0432\u0435\u0440\u0445\u043d\u043e\u0441\u0442\u044c, \u043f\u0440\u0438\u044f\u0442\u043d\u0443\u044e \u043d\u0430 \u043e\u0449\u0443\u043f\u044c \u0438 \u043e\u0431\u0435\u0441\u043f\u0435\u0447\u0438\u0432\u0430\u044e\u0449\u0443\u044e \u043f\u0440\u0435\u0432\u043e\u0441\u0445\u043e\u0434\u043d\u043e\u0435 \u0441\u043a\u043e\u043b\u044c\u0436\u0435\u043d\u0438\u0435, \u0447\u0442\u043e \u0434\u0435\u043b\u0430\u0435\u0442 \u0438\u0445 \u0438\u0434\u0435\u0430\u043b\u044c\u043d\u043e\u0439 \u0430\u043b\u044c\u0442\u0435\u0440\u043d\u0430\u0442\u0438\u0432\u043e\u0439 \u0434\u0435\u0440\u0435\u0432\u044f\u043d\u043d\u044b\u043c \u0441\u043f\u0438\u0446\u0430\u043c, \u043a\u043e\u0433\u0434\u0430 \u0432\u0430\u043c \u043d\u0443\u0436\u043d\u044b \u0431\u043e\u043b\u0435\u0435 \u0442\u043e\u043d\u043a\u0438\u0435, \u0442\u043e\u0447\u043d\u044b\u0435 \u0438 \u0433\u043b\u0430\u0434\u043a\u0438\u0435 \u043a\u043e\u043d\u0447\u0438\u043a\u0438.<br data-start=\"524\" data-end=\"527\" \/>\u041f\u043e\u0434\u0445\u043e\u0434\u0438\u0442 \u043a\u0430\u043a \u0434\u043b\u044f \u043d\u0430\u0447\u0438\u043d\u0430\u044e\u0449\u0438\u0445, \u0442\u0430\u043a \u0438 \u0434\u043b\u044f \u043e\u043f\u044b\u0442\u043d\u044b\u0445 \u0432\u044f\u0437\u0430\u043b\u044c\u0449\u0438\u0446, \u043e\u0441\u043e\u0431\u0435\u043d\u043d\u043e \u0442\u0435\u0445, \u043a\u0442\u043e \u043b\u044e\u0431\u0438\u0442 \u0442\u043e\u043d\u043a\u0443\u044e \u043f\u0440\u044f\u0436\u0443 \u0438 \u0430\u0436\u0443\u0440\u043d\u044b\u0435 \u0443\u0437\u043e\u0440\u044b.<\/p>\n<p data-start=\"638\" data-end=\"650\"><strong data-start=\"638\" data-end=\"650\">\u0424\u0443\u043d\u043a\u0446\u0438\u0438:<\/strong><\/p>\n<ul data-start=\"651\" data-end=\"982\">\n<li data-start=\"651\" data-end=\"711\">\n<p data-start=\"653\" data-end=\"711\">\u0418\u0434\u0435\u0430\u043b\u044c\u043d\u043e \u043f\u043e\u0434\u0445\u043e\u0434\u0438\u0442 \u0434\u043b\u044f \u0442\u043e\u043d\u043a\u0438\u0445 \u043d\u0438\u0442\u0435\u0439 \u0438 \u0438\u0437\u044f\u0449\u043d\u044b\u0445 \u0443\u0437\u043e\u0440\u043e\u0432.<\/p>\n<\/li>\n<li data-start=\"712\" data-end=\"777\">\n<p data-start=\"714\" data-end=\"777\">\u041c\u0430\u0442\u043e\u0432\u0430\u044f, \u043d\u0435\u0441\u043a\u043e\u043b\u044c\u0437\u044f\u0449\u0430\u044f \u043f\u043e\u0432\u0435\u0440\u0445\u043d\u043e\u0441\u0442\u044c \u043e\u0431\u0435\u0441\u043f\u0435\u0447\u0438\u0432\u0430\u0435\u0442 \u043a\u043e\u043c\u0444\u043e\u0440\u0442\u043d\u043e\u0435 \u0432\u044f\u0437\u0430\u043d\u0438\u0435.<\/p>\n<\/li>\n<li data-start=\"778\" data-end=\"859\">\n<p data-start=\"780\" data-end=\"859\">\u0422\u043e\u043d\u043a\u0438\u0435, \u0442\u043e\u0447\u043d\u044b\u0435 \u043a\u043e\u043d\u0447\u0438\u043a\u0438 \u043f\u043e\u0437\u0432\u043e\u043b\u044f\u044e\u0442 \u043b\u0435\u0433\u043a\u043e \u0432\u044f\u0437\u0430\u0442\u044c \u0430\u0436\u0443\u0440\u043d\u044b\u0435 \u0443\u0437\u043e\u0440\u044b, \u043a\u043e\u0441\u044b \u0438 \u0430\u0440\u0430\u043d\u044b.<\/p>\n<\/li>\n<li data-start=\"860\" data-end=\"914\">\n<p data-start=\"862\" data-end=\"914\">\u0423\u0434\u043e\u0431\u043d\u043e \u043a\u0430\u043a \u0434\u043b\u044f \u043d\u043e\u0432\u0438\u0447\u043a\u043e\u0432, \u0442\u0430\u043a \u0438 \u0434\u043b\u044f \u043f\u0440\u043e\u0444\u0435\u0441\u0441\u0438\u043e\u043d\u0430\u043b\u043e\u0432<\/p>\n<\/li>\n<li data-start=\"915\" data-end=\"982\">\n<p data-start=\"917\" data-end=\"982\">\u0413\u0438\u0431\u043a\u0430\u044f  \u0438 \u043f\u0440\u043e\u0447\u043d\u0430\u044f \u043b\u0435\u0441\u043a\u0430 \u043e\u0431\u0435\u0441\u043f\u0435\u0447\u0438\u0432\u0430\u0435\u0442 \u043a\u043e\u043c\u0444\u043e\u0440\u0442\u043d\u0443\u044e \u0440\u0430\u0431\u043e\u0442\u0443<\/p>\n<\/li>\n<\/ul>\n<p data-start=\"984\" data-end=\"1135\">","protected":false},"excerpt":{"rendered":"<p>Addi Mystic Lace \u2013 tai naujiena i\u0161 garsiojo voki\u0161ko prek\u0117s \u017eenklo Addi, sukurta tiems, kas vertina med\u017eio \u0161velnum\u0105 ir metalo precizi\u0161kum\u0105. \u0160ie virbalai turi \u0161veln\u0173 matin\u012f pavir\u0161i\u0173, kuris malonus lietimui ir suteikia puik\u0173 slydim\u0105, tod\u0117l jie yra tobula alternatyva mediniams virbalams, kai norisi plonesni\u0173, tikslesni\u0173 ir lygesni\u0173 galiuk\u0173.Tinka tiek pradedantiesiems, tiek patyrusiems mezg\u0117jams, ypa\u010d m\u0117gstantiems [&hellip;]<\/p>\n","protected":false},"featured_media":5539,"comment_status":"open","ping_status":"closed","template":"","meta":{"_acf_changed":false},"product_brand":[786],"product_cat":[15,19,862],"product_tag":[],"pro-kategorijos":[],"class_list":{"0":"post-5508","1":"product","2":"type-product","3":"status-publish","4":"has-post-thumbnail","6":"product_brand-addi","7":"product_cat-visi-produktai","8":"product_cat-mezgimo-priemones","9":"product_cat-virbalai-su-valu","11":"first","12":"instock","13":"shipping-taxable","14":"purchasable","15":"product-type-variable"},"acf":[],"yoast_head":"<!-- This site is optimized with the Yoast SEO plugin v26.8 - https:\/\/yoast.com\/product\/yoast-seo-wordpress\/ -->\n<title>Addi Mystic Lace virbalai su valu 80 cm - Happyinaknit.com<\/title>\n<meta name=\"robots\" content=\"index, follow, max-snippet:-1, max-image-preview:large, max-video-preview:-1\" \/>\n<link rel=\"canonical\" href=\"https:\/\/happyinaknit.com\/ru\/product\/addi-magic-lace-virbalai-su-valu-80-cm\/\" \/>\n<meta property=\"og:locale\" content=\"ru_RU\" \/>\n<meta property=\"og:type\" content=\"article\" \/>\n<meta property=\"og:title\" content=\"Addi Mystic Lace virbalai su valu 80 cm - Happyinaknit.com\" \/>\n<meta property=\"og:description\" content=\"Addi Mystic Lace \u2013 tai naujiena i\u0161 garsiojo voki\u0161ko prek\u0117s \u017eenklo Addi, sukurta tiems, kas vertina med\u017eio \u0161velnum\u0105 ir metalo precizi\u0161kum\u0105. \u0160ie virbalai turi \u0161veln\u0173 matin\u012f pavir\u0161i\u0173, kuris malonus lietimui ir suteikia puik\u0173 slydim\u0105, tod\u0117l jie yra tobula alternatyva mediniams virbalams, kai norisi plonesni\u0173, tikslesni\u0173 ir lygesni\u0173 galiuk\u0173.Tinka tiek pradedantiesiems, tiek patyrusiems mezg\u0117jams, ypa\u010d m\u0117gstantiems [&hellip;]\" \/>\n<meta property=\"og:url\" content=\"https:\/\/happyinaknit.com\/ru\/product\/addi-magic-lace-virbalai-su-valu-80-cm\/\" \/>\n<meta property=\"og:site_name\" content=\"Happyinaknit.com\" \/>\n<meta property=\"article:modified_time\" content=\"2026-04-07T15:03:05+00:00\" \/>\n<meta property=\"og:image\" content=\"https:\/\/happyinaknit.com\/wp-content\/uploads\/2025\/10\/41sp-QZZJ2L.jpg\" \/>\n\t<meta property=\"og:image:width\" content=\"1000\" \/>\n\t<meta property=\"og:image:height\" content=\"1000\" \/>\n\t<meta property=\"og:image:type\" content=\"image\/jpeg\" \/>\n<meta name=\"twitter:card\" content=\"summary_large_image\" \/>\n<meta name=\"twitter:label1\" content=\"\u041f\u0440\u0438\u043c\u0435\u0440\u043d\u043e\u0435 \u0432\u0440\u0435\u043c\u044f \u0434\u043b\u044f \u0447\u0442\u0435\u043d\u0438\u044f\" \/>\n\t<meta name=\"twitter:data1\" content=\"1 \u043c\u0438\u043d\u0443\u0442\u0430\" \/>\n<script type=\"application\/ld+json\" class=\"yoast-schema-graph\">{\"@context\":\"https:\/\/schema.org\",\"@graph\":[{\"@type\":\"WebPage\",\"@id\":\"https:\/\/happyinaknit.com\/produktas\/addi-magic-lace-virbalai-su-valu-80-cm\/\",\"url\":\"https:\/\/happyinaknit.com\/produktas\/addi-magic-lace-virbalai-su-valu-80-cm\/\",\"name\":\"Addi Mystic Lace virbalai su valu 80 cm - Happyinaknit.com\",\"isPartOf\":{\"@id\":\"https:\/\/happyinaknit.com\/lt\/#website\"},\"primaryImageOfPage\":{\"@id\":\"https:\/\/happyinaknit.com\/produktas\/addi-magic-lace-virbalai-su-valu-80-cm\/#primaryimage\"},\"image\":{\"@id\":\"https:\/\/happyinaknit.com\/produktas\/addi-magic-lace-virbalai-su-valu-80-cm\/#primaryimage\"},\"thumbnailUrl\":\"https:\/\/happyinaknit.com\/wp-content\/uploads\/2025\/10\/41sp-QZZJ2L.jpg\",\"datePublished\":\"2025-10-16T18:22:29+00:00\",\"dateModified\":\"2026-04-07T15:03:05+00:00\",\"breadcrumb\":{\"@id\":\"https:\/\/happyinaknit.com\/produktas\/addi-magic-lace-virbalai-su-valu-80-cm\/#breadcrumb\"},\"inLanguage\":\"ru-RU\",\"potentialAction\":[{\"@type\":\"ReadAction\",\"target\":[\"https:\/\/happyinaknit.com\/produktas\/addi-magic-lace-virbalai-su-valu-80-cm\/\"]}]},{\"@type\":\"ImageObject\",\"inLanguage\":\"ru-RU\",\"@id\":\"https:\/\/happyinaknit.com\/produktas\/addi-magic-lace-virbalai-su-valu-80-cm\/#primaryimage\",\"url\":\"https:\/\/happyinaknit.com\/wp-content\/uploads\/2025\/10\/41sp-QZZJ2L.jpg\",\"contentUrl\":\"https:\/\/happyinaknit.com\/wp-content\/uploads\/2025\/10\/41sp-QZZJ2L.jpg\",\"width\":1000,\"height\":1000},{\"@type\":\"BreadcrumbList\",\"@id\":\"https:\/\/happyinaknit.com\/produktas\/addi-magic-lace-virbalai-su-valu-80-cm\/#breadcrumb\",\"itemListElement\":[{\"@type\":\"ListItem\",\"position\":1,\"name\":\"Home\",\"item\":\"https:\/\/happyinaknit.com\/lt\/\"},{\"@type\":\"ListItem\",\"position\":2,\"name\":\"Parduotuv\u0117\",\"item\":\"https:\/\/happyinaknit.com\/lt\/parduotuve\/\"},{\"@type\":\"ListItem\",\"position\":3,\"name\":\"Addi Mystic Lace virbalai su valu 80 cm\"}]},{\"@type\":\"WebSite\",\"@id\":\"https:\/\/happyinaknit.com\/lt\/#website\",\"url\":\"https:\/\/happyinaknit.com\/lt\/\",\"name\":\"Happyinaknit.com\",\"description\":\"\",\"potentialAction\":[{\"@type\":\"SearchAction\",\"target\":{\"@type\":\"EntryPoint\",\"urlTemplate\":\"https:\/\/happyinaknit.com\/lt\/?s={search_term_string}\"},\"query-input\":{\"@type\":\"PropertyValueSpecification\",\"valueRequired\":true,\"valueName\":\"search_term_string\"}}],\"inLanguage\":\"ru-RU\"}]}<\/script>\n<!-- \/ Yoast SEO plugin. -->","yoast_head_json":{"title":"Addi Mystic Lace virbalai su valu 80 cm - Happyinaknit.com","robots":{"index":"index","follow":"follow","max-snippet":"max-snippet:-1","max-image-preview":"max-image-preview:large","max-video-preview":"max-video-preview:-1"},"canonical":"https:\/\/happyinaknit.com\/ru\/product\/addi-magic-lace-virbalai-su-valu-80-cm\/","og_locale":"ru_RU","og_type":"article","og_title":"Addi Mystic Lace virbalai su valu 80 cm - Happyinaknit.com","og_description":"Addi Mystic Lace \u2013 tai naujiena i\u0161 garsiojo voki\u0161ko prek\u0117s \u017eenklo Addi, sukurta tiems, kas vertina med\u017eio \u0161velnum\u0105 ir metalo precizi\u0161kum\u0105. \u0160ie virbalai turi \u0161veln\u0173 matin\u012f pavir\u0161i\u0173, kuris malonus lietimui ir suteikia puik\u0173 slydim\u0105, tod\u0117l jie yra tobula alternatyva mediniams virbalams, kai norisi plonesni\u0173, tikslesni\u0173 ir lygesni\u0173 galiuk\u0173.Tinka tiek pradedantiesiems, tiek patyrusiems mezg\u0117jams, ypa\u010d m\u0117gstantiems [&hellip;]","og_url":"https:\/\/happyinaknit.com\/ru\/product\/addi-magic-lace-virbalai-su-valu-80-cm\/","og_site_name":"Happyinaknit.com","article_modified_time":"2026-04-07T15:03:05+00:00","og_image":[{"width":1000,"height":1000,"url":"https:\/\/happyinaknit.com\/wp-content\/uploads\/2025\/10\/41sp-QZZJ2L.jpg","type":"image\/jpeg"}],"twitter_card":"summary_large_image","twitter_misc":{"\u041f\u0440\u0438\u043c\u0435\u0440\u043d\u043e\u0435 \u0432\u0440\u0435\u043c\u044f \u0434\u043b\u044f \u0447\u0442\u0435\u043d\u0438\u044f":"1 \u043c\u0438\u043d\u0443\u0442\u0430"},"schema":{"@context":"https:\/\/schema.org","@graph":[{"@type":"WebPage","@id":"https:\/\/happyinaknit.com\/produktas\/addi-magic-lace-virbalai-su-valu-80-cm\/","url":"https:\/\/happyinaknit.com\/produktas\/addi-magic-lace-virbalai-su-valu-80-cm\/","name":"Addi Mystic Lace virbalai su valu 80 cm - Happyinaknit.com","isPartOf":{"@id":"https:\/\/happyinaknit.com\/lt\/#website"},"primaryImageOfPage":{"@id":"https:\/\/happyinaknit.com\/produktas\/addi-magic-lace-virbalai-su-valu-80-cm\/#primaryimage"},"image":{"@id":"https:\/\/happyinaknit.com\/produktas\/addi-magic-lace-virbalai-su-valu-80-cm\/#primaryimage"},"thumbnailUrl":"https:\/\/happyinaknit.com\/wp-content\/uploads\/2025\/10\/41sp-QZZJ2L.jpg","datePublished":"2025-10-16T18:22:29+00:00","dateModified":"2026-04-07T15:03:05+00:00","breadcrumb":{"@id":"https:\/\/happyinaknit.com\/produktas\/addi-magic-lace-virbalai-su-valu-80-cm\/#breadcrumb"},"inLanguage":"ru-RU","potentialAction":[{"@type":"ReadAction","target":["https:\/\/happyinaknit.com\/produktas\/addi-magic-lace-virbalai-su-valu-80-cm\/"]}]},{"@type":"ImageObject","inLanguage":"ru-RU","@id":"https:\/\/happyinaknit.com\/produktas\/addi-magic-lace-virbalai-su-valu-80-cm\/#primaryimage","url":"https:\/\/happyinaknit.com\/wp-content\/uploads\/2025\/10\/41sp-QZZJ2L.jpg","contentUrl":"https:\/\/happyinaknit.com\/wp-content\/uploads\/2025\/10\/41sp-QZZJ2L.jpg","width":1000,"height":1000},{"@type":"BreadcrumbList","@id":"https:\/\/happyinaknit.com\/produktas\/addi-magic-lace-virbalai-su-valu-80-cm\/#breadcrumb","itemListElement":[{"@type":"ListItem","position":1,"name":"Home","item":"https:\/\/happyinaknit.com\/lt\/"},{"@type":"ListItem","position":2,"name":"Parduotuv\u0117","item":"https:\/\/happyinaknit.com\/lt\/parduotuve\/"},{"@type":"ListItem","position":3,"name":"Addi Mystic Lace virbalai su valu 80 cm"}]},{"@type":"WebSite","@id":"https:\/\/happyinaknit.com\/lt\/#website","url":"https:\/\/happyinaknit.com\/lt\/","name":"Happyinaknit.com","description":"","potentialAction":[{"@type":"SearchAction","target":{"@type":"EntryPoint","urlTemplate":"https:\/\/happyinaknit.com\/lt\/?s={search_term_string}"},"query-input":{"@type":"PropertyValueSpecification","valueRequired":true,"valueName":"search_term_string"}}],"inLanguage":"ru-RU"}]}},"_links":{"self":[{"href":"https:\/\/happyinaknit.com\/ru\/wp-json\/wp\/v2\/product\/5508","targetHints":{"allow":["GET"]}}],"collection":[{"href":"https:\/\/happyinaknit.com\/ru\/wp-json\/wp\/v2\/product"}],"about":[{"href":"https:\/\/happyinaknit.com\/ru\/wp-json\/wp\/v2\/types\/product"}],"replies":[{"embeddable":true,"href":"https:\/\/happyinaknit.com\/ru\/wp-json\/wp\/v2\/comments?post=5508"}],"wp:featuredmedia":[{"embeddable":true,"href":"https:\/\/happyinaknit.com\/ru\/wp-json\/wp\/v2\/media\/5539"}],"wp:attachment":[{"href":"https:\/\/happyinaknit.com\/ru\/wp-json\/wp\/v2\/media?parent=5508"}],"wp:term":[{"taxonomy":"product_brand","embeddable":true,"href":"https:\/\/happyinaknit.com\/ru\/wp-json\/wp\/v2\/product_brand?post=5508"},{"taxonomy":"product_cat","embeddable":true,"href":"https:\/\/happyinaknit.com\/ru\/wp-json\/wp\/v2\/product_cat?post=5508"},{"taxonomy":"product_tag","embeddable":true,"href":"https:\/\/happyinaknit.com\/ru\/wp-json\/wp\/v2\/product_tag?post=5508"},{"taxonomy":"pro-kategorijos","embeddable":true,"href":"https:\/\/happyinaknit.com\/ru\/wp-json\/wp\/v2\/pro-kategorijos?post=5508"}],"curies":[{"name":"wp","href":"https:\/\/api.w.org\/{rel}","templated":true}]}}