{"id":5455,"date":"2025-10-16T09:50:40","date_gmt":"2025-10-16T09:50:40","guid":{"rendered":"https:\/\/happyinaknit.com\/?post_type=product&#038;p=5455"},"modified":"2026-04-17T16:49:07","modified_gmt":"2026-04-17T16:49:07","slug":"adeles-mohair-extra-fine-boucle-kidmohair","status":"publish","type":"product","link":"https:\/\/happyinaknit.com\/ru\/product\/adeles-mohair-extra-fine-boucle-kidmohair\/","title":{"rendered":"Adele\u2019s Mohair Extra Fine Boucle KidMohair"},"content":{"rendered":"<p data-start=\"0\" data-end=\"274\"><strong data-start=\"0\" data-end=\"18\">Ad\u00e9le\u2019s Mohair<\/strong> \u2014 \u044e\u0436\u043d\u043e\u0430\u0444\u0440\u0438\u043a\u0430\u043d\u0441\u043a\u0438\u0439 \u0431\u0440\u0435\u043d\u0434, \u043f\u0440\u043e\u0438\u0437\u0432\u043e\u0434\u044f\u0449\u0438\u0439 \u0434\u0438\u0437\u0430\u0439\u043d\u0435\u0440\u0441\u043a\u0443\u044e \u043f\u0440\u044f\u0436\u0443 \u0434\u043b\u044f \u0432\u044f\u0437\u0430\u043d\u0438\u044f, \u0430\u043a\u0441\u0435\u0441\u0441\u0443\u0430\u0440\u044b \u0438 \u0434\u043e\u043c\u0430\u0448\u043d\u0438\u0439 \u0442\u0435\u043a\u0441\u0442\u0438\u043b\u044c, \u0442\u0449\u0430\u0442\u0435\u043b\u044c\u043d\u043e \u043e\u0442\u0431\u0438\u0440\u0430\u044f \u043f\u0440\u043e\u0434\u0443\u043a\u0446\u0438\u044e \u0432\u0440\u0443\u0447\u043d\u0443\u044e. \u041a\u043e\u043c\u043f\u0430\u043d\u0438\u044f \u0431\u044b\u043b\u0430 \u043e\u0441\u043d\u043e\u0432\u0430\u043d\u0430 \u0432 1983 \u0433\u043e\u0434\u0443 \u0410\u0434\u0435\u043b\u044c, \u043a\u043e\u0442\u043e\u0440\u0430\u044f \u0434\u043e \u0441\u0438\u0445 \u043f\u043e\u0440 \u0440\u0443\u043a\u043e\u0432\u043e\u0434\u0438\u0442 \u043f\u0440\u043e\u0438\u0437\u0432\u043e\u0434\u0441\u0442\u0432\u043e\u043c, \u043f\u0440\u0438\u0434\u0435\u0440\u0436\u0438\u0432\u0430\u044f\u0441\u044c \u043f\u0440\u0438\u043d\u0446\u0438\u043f\u043e\u0432 \u0441\u043f\u0440\u0430\u0432\u0435\u0434\u043b\u0438\u0432\u043e\u0439 \u0442\u043e\u0440\u0433\u043e\u0432\u043b\u0438 \u0438 \u0443\u0441\u0442\u043e\u0439\u0447\u0438\u0432\u043e\u0433\u043e \u043f\u0440\u043e\u0438\u0437\u0432\u043e\u0434\u0441\u0442\u0432\u0430.<\/p>\n<p data-start=\"276\" data-end=\"571\">\u0420\u043e\u0441\u043a\u043e\u0448\u043d\u044b\u0435 \u043d\u0430\u0442\u0443\u0440\u0430\u043b\u044c\u043d\u044b\u0435 \u0432\u043e\u043b\u043e\u043a\u043d\u0430 \u2013 \u043c\u043e\u0445\u0435\u0440 (\u043e\u0442 \u0430\u043d\u0433\u043e\u0440\u0441\u043a\u0438\u0445 \u043a\u043e\u0437) \u0438 \u043c\u0435\u0440\u0438\u043d\u043e\u0441\u043e\u0432\u0430\u044f \u0448\u0435\u0440\u0441\u0442\u044c (\u043e\u0442 \u043e\u0432\u0435\u0446) \u2013 \u0437\u0430\u043a\u0443\u043f\u0430\u044e\u0442\u0441\u044f \u043d\u0430 \u043c\u0435\u0441\u0442\u0435, \u0447\u0442\u043e \u0433\u0430\u0440\u0430\u043d\u0442\u0438\u0440\u0443\u0435\u0442 \u0432\u044b\u0441\u043e\u0447\u0430\u0439\u0448\u0435\u0435 \u043a\u0430\u0447\u0435\u0441\u0442\u0432\u043e. \u0421\u043e\u0432\u0440\u0435\u043c\u0435\u043d\u043d\u044b\u0435 \u0442\u0435\u043d\u0434\u0435\u043d\u0446\u0438\u0438 \u0432 \u043e\u0431\u043b\u0430\u0441\u0442\u0438 \u043f\u0435\u0440\u0435\u0440\u0430\u0431\u043e\u0442\u043a\u0438 \u0438 \u0443\u0441\u0442\u043e\u0439\u0447\u0438\u0432\u043e\u0433\u043e \u0440\u0430\u0437\u0432\u0438\u0442\u0438\u044f \u0432\u0434\u043e\u0445\u043d\u043e\u0432\u0438\u043b\u0438 Ad\u00e9le&#039;s Mohair \u043d\u0430 \u0441\u043e\u0437\u0434\u0430\u043d\u0438\u0435 \u043d\u043e\u0432\u044b\u0445, \u0441\u043e\u0432\u0440\u0435\u043c\u0435\u043d\u043d\u044b\u0445 \u0438\u0437\u0434\u0435\u043b\u0438\u0439, \u0441\u043e\u0445\u0440\u0430\u043d\u044f\u044f \u043f\u0440\u0438 \u044d\u0442\u043e\u043c \u0431\u0435\u0440\u0435\u0436\u043d\u043e\u0435 \u043e\u0442\u043d\u043e\u0448\u0435\u043d\u0438\u0435 \u043a \u043f\u0440\u0438\u0440\u043e\u0434\u0435 \u0438 \u0442\u0440\u0430\u0434\u0438\u0446\u0438\u043e\u043d\u043d\u043e\u043c\u0443 \u043c\u0430\u0441\u0442\u0435\u0440\u0441\u0442\u0432\u0443.<\/p>\n<p data-start=\"573\" data-end=\"677\" data-is-last-node=\"\" data-is-only-node=\"\">\u041c\u0430\u0441\u0442\u0435\u0440\u0441\u043a\u0430\u044f \u0440\u0430\u0441\u043f\u043e\u043b\u043e\u0436\u0435\u043d\u0430 \u0432 \u0436\u0438\u0432\u043e\u043f\u0438\u0441\u043d\u043e\u043c \u0440\u0430\u0439\u043e\u043d\u0435 \u043c\u0435\u0436\u0434\u0443 \u0433\u043e\u0440\u043e\u0434\u0430\u043c\u0438 \u0418\u0441\u0442-\u041b\u043e\u043d\u0434\u043e\u043d \u0438 \u041f\u043e\u0440\u0442-\u042d\u043b\u0438\u0437\u0430\u0431\u0435\u0442, \u042e\u0436\u043d\u0430\u044f \u0410\u0444\u0440\u0438\u043a\u0430.<\/p>\n<p data-start=\"52\" data-end=\"395\"><strong data-start=\"52\" data-end=\"98\">Adele\u2019s Mohair Extra Fine Boucle Kidmohair<\/strong> \u2013 \u044d\u0442\u043e \u043d\u0435\u0432\u0435\u0440\u043e\u044f\u0442\u043d\u043e \u043b\u0451\u0433\u043a\u0430\u044f, \u043f\u0443\u0448\u0438\u0441\u0442\u0430\u044f \u0438 \u0440\u043e\u0441\u043a\u043e\u0448\u043d\u0430\u044f \u043f\u0440\u044f\u0436\u0430 \u0441 \u044d\u0444\u0444\u0435\u043a\u0442\u043e\u043c \u0441\u0442\u0440\u0443\u043a\u0442\u0443\u0440\u044b \u0431\u0443\u043a\u043b\u0435. \u0418\u0437\u0433\u043e\u0442\u043e\u0432\u043b\u0435\u043d\u043d\u0430\u044f \u0438\u0437 \u0432\u044b\u0441\u043e\u043a\u043e\u043a\u0430\u0447\u0435\u0441\u0442\u0432\u0435\u043d\u043d\u043e\u0433\u043e \u043a\u0438\u0434-\u043c\u043e\u0445\u0435\u0440\u0430, \u043e\u043d\u0430 \u043f\u0440\u0438\u0434\u0430\u0451\u0442 \u0438\u0437\u0434\u0435\u043b\u0438\u044f\u043c \u043c\u044f\u0433\u043a\u043e\u0441\u0442\u044c, \u0442\u0435\u043f\u043b\u043e \u0438 \u043b\u0451\u0433\u043a\u0443\u044e \u043f\u0443\u0448\u0438\u0441\u0442\u043e\u0441\u0442\u044c. \u0418\u0434\u0435\u0430\u043b\u044c\u043d\u043e \u043f\u043e\u0434\u0445\u043e\u0434\u0438\u0442 \u0434\u043b\u044f \u0441\u0432\u0438\u0442\u0435\u0440\u043e\u0432, \u0448\u0430\u0440\u0444\u043e\u0432, \u0448\u0430\u043b\u0435\u0439 \u0438 \u0430\u043a\u0441\u0435\u0441\u0441\u0443\u0430\u0440\u043e\u0432, \u043a\u043e\u0433\u0434\u0430 \u0432\u0430\u043c \u043d\u0443\u0436\u043d\u043e \u043b\u0451\u0433\u043a\u043e\u0435, \u0432\u043e\u0437\u0434\u0443\u0448\u043d\u043e\u0435 \u043f\u043e\u043b\u043e\u0442\u043d\u043e.<\/p>\n<p data-start=\"397\" data-end=\"516\"><strong data-start=\"397\" data-end=\"409\">\u0421\u043e\u0441\u0442\u0430\u0432:<\/strong> 79 % \u043c\u043e\u0445\u0435\u0440, 21 % \u0430\u043a\u0440\u0438\u043b<br data-start=\"436\" data-end=\"439\" \/><strong data-start=\"439\" data-end=\"458\">\u0412\u0435\u0441\/\u0414\u043b\u0438\u043d\u0430:<\/strong> 25 \u0433 \/ 210 \u043c<br data-start=\"471\" data-end=\"474\" \/><strong data-start=\"474\" data-end=\"502\">\u0420\u0435\u043a\u043e\u043c\u0435\u043d\u0434\u0443\u0435\u043c\u044b\u0435 \u0441\u043f\u0438\u0446\u044b:<\/strong> 3,75 \u2013 8 \u043c\u043c<\/p>\n<p data-start=\"518\" data-end=\"697\"><strong data-start=\"518\" data-end=\"530\">\u0424\u0443\u043d\u043a\u0446\u0438\u0438:<\/strong> \u0411\u043b\u0430\u0433\u043e\u0434\u0430\u0440\u044f \u0441\u0432\u043e\u0435\u0439 \u0438\u0441\u043a\u043b\u044e\u0447\u0438\u0442\u0435\u043b\u044c\u043d\u043e \u043c\u044f\u0433\u043a\u043e\u0439 \u0438 \u043b\u0435\u0433\u043a\u043e\u0439 \u0442\u0435\u043a\u0441\u0442\u0443\u0440\u0435 \u044d\u0442\u0430 \u043f\u0440\u044f\u0436\u0430 \u043f\u0440\u0435\u043a\u0440\u0430\u0441\u043d\u043e \u043f\u043e\u0434\u0445\u043e\u0434\u0438\u0442 \u0434\u043b\u044f \u0432\u044f\u0437\u0430\u043d\u0438\u044f \u043a\u0430\u043a \u0441\u0430\u043c\u043e\u0441\u0442\u043e\u044f\u0442\u0435\u043b\u044c\u043d\u043e, \u0442\u0430\u043a \u0438 \u0432 \u0441\u043e\u0447\u0435\u0442\u0430\u043d\u0438\u0438 \u0441 \u0434\u0440\u0443\u0433\u0438\u043c\u0438 \u0432\u0438\u0434\u0430\u043c\u0438 \u043f\u0440\u044f\u0436\u0438, \u043f\u0440\u0438\u0434\u0430\u0432\u0430\u044f \u0438\u0437\u0434\u0435\u043b\u0438\u044f\u043c \u043e\u0431\u044a\u0435\u043c \u0438 \u043d\u0435\u043f\u043e\u0432\u0442\u043e\u0440\u0438\u043c\u043e\u0441\u0442\u044c.<\/p>\n<p data-start=\"699\" data-end=\"787\"><strong data-start=\"699\" data-end=\"713\">\u0421\u043e\u0432\u0435\u0442\u044b \u043f\u043e \u0443\u0445\u043e\u0434\u0443:<\/strong><br data-start=\"713\" data-end=\"716\" \/>\u0420\u0443\u0447\u043d\u0430\u044f \u0441\u0442\u0438\u0440\u043a\u0430 \u0432 \u0445\u043e\u043b\u043e\u0434\u043d\u043e\u0439 \u0432\u043e\u0434\u0435, \u0441\u0443\u0448\u0438\u0442\u044c \u043d\u0430 \u0433\u043e\u0440\u0438\u0437\u043e\u043d\u0442\u0430\u043b\u044c\u043d\u043e\u0439 \u043f\u043e\u0432\u0435\u0440\u0445\u043d\u043e\u0441\u0442\u0438.<\/p>\n<p data-start=\"789\" data-end=\"877\" data-is-last-node=\"\" data-is-only-node=\"\"><strong data-start=\"789\" data-end=\"801\">\u041f\u0440\u0438\u043c\u0435\u0447\u0430\u043d\u0438\u0435:<\/strong> \u0426\u0432\u0435\u0442\u043e\u0432\u044b\u0435 \u043e\u0442\u0442\u0435\u043d\u043a\u0438 \u043c\u043e\u0433\u0443\u0442 \u043d\u0435\u0437\u043d\u0430\u0447\u0438\u0442\u0435\u043b\u044c\u043d\u043e \u043e\u0442\u043b\u0438\u0447\u0430\u0442\u044c\u0441\u044f \u0432 \u0437\u0430\u0432\u0438\u0441\u0438\u043c\u043e\u0441\u0442\u0438 \u043e\u0442 \u044d\u043a\u0440\u0430\u043d\u0430 \u0432\u0430\u0448\u0435\u0433\u043e \u0443\u0441\u0442\u0440\u043e\u0439\u0441\u0442\u0432\u0430.<\/p>","protected":false},"excerpt":{"rendered":"<p>Ad\u00e9le\u2019s Mohair \u2013 tai kruop\u0161taus rank\u0173 darbo piet\u0173 Afrikos prek\u0117s \u017eenklas, gaminantis dizaineri\u0161kus mezgimo si\u016blus, aksesuarus ir nam\u0173 tekstil\u0119. \u012emon\u0119 1983 metais \u012fk\u016br\u0117 Ad\u00e9le, kuri iki \u0161iol vadovauja gamybai, laikydamasi s\u0105\u017einingos prekybos ir tvarios gamybos princip\u0173. Prabang\u016bs nat\u016bral\u016bs pluo\u0161tai \u2013 moheris (i\u0161 angoros o\u017ek\u0173) ir merino vilna (i\u0161 avi\u0173) \u2013 gaunami vietoje, u\u017etikrinant auk\u0161\u010diausi\u0105 kokyb\u0119. [&hellip;]<\/p>\n","protected":false},"featured_media":5443,"comment_status":"open","ping_status":"closed","template":"","meta":{"_acf_changed":false},"product_brand":[97],"product_cat":[15,18],"product_tag":[],"pro-kategorijos":[74,75],"class_list":{"0":"post-5455","1":"product","2":"type-product","3":"status-publish","4":"has-post-thumbnail","6":"product_brand-adeles","7":"product_cat-visi-produktai","8":"product_cat-siulai","9":"pro-kategorijos-moheras","10":"pro-kategorijos-super-kid-mohera","12":"first","13":"instock","14":"shipping-taxable","15":"purchasable","16":"product-type-variable"},"acf":[],"yoast_head":"<!-- This site is optimized with the Yoast SEO plugin v26.8 - https:\/\/yoast.com\/product\/yoast-seo-wordpress\/ -->\n<title>Adele\u2019s Mohair Extra Fine Boucle KidMohair - Happyinaknit.com<\/title>\n<meta name=\"robots\" content=\"index, follow, max-snippet:-1, max-image-preview:large, max-video-preview:-1\" \/>\n<link rel=\"canonical\" href=\"https:\/\/happyinaknit.com\/ru\/product\/adeles-mohair-extra-fine-boucle-kidmohair\/\" \/>\n<meta property=\"og:locale\" content=\"ru_RU\" \/>\n<meta property=\"og:type\" content=\"article\" \/>\n<meta property=\"og:title\" content=\"Adele\u2019s Mohair Extra Fine Boucle KidMohair - Happyinaknit.com\" \/>\n<meta property=\"og:description\" content=\"Ad\u00e9le\u2019s Mohair \u2013 tai kruop\u0161taus rank\u0173 darbo piet\u0173 Afrikos prek\u0117s \u017eenklas, gaminantis dizaineri\u0161kus mezgimo si\u016blus, aksesuarus ir nam\u0173 tekstil\u0119. \u012emon\u0119 1983 metais \u012fk\u016br\u0117 Ad\u00e9le, kuri iki \u0161iol vadovauja gamybai, laikydamasi s\u0105\u017einingos prekybos ir tvarios gamybos princip\u0173. Prabang\u016bs nat\u016bral\u016bs pluo\u0161tai \u2013 moheris (i\u0161 angoros o\u017ek\u0173) ir merino vilna (i\u0161 avi\u0173) \u2013 gaunami vietoje, u\u017etikrinant auk\u0161\u010diausi\u0105 kokyb\u0119. [&hellip;]\" \/>\n<meta property=\"og:url\" content=\"https:\/\/happyinaknit.com\/ru\/product\/adeles-mohair-extra-fine-boucle-kidmohair\/\" \/>\n<meta property=\"og:site_name\" content=\"Happyinaknit.com\" \/>\n<meta property=\"article:modified_time\" content=\"2026-04-17T16:49:07+00:00\" \/>\n<meta property=\"og:image\" content=\"https:\/\/happyinaknit.com\/wp-content\/uploads\/2025\/10\/IMG_9906.jpg\" \/>\n\t<meta property=\"og:image:width\" content=\"1313\" \/>\n\t<meta property=\"og:image:height\" content=\"1326\" \/>\n\t<meta property=\"og:image:type\" content=\"image\/jpeg\" \/>\n<meta name=\"twitter:card\" content=\"summary_large_image\" \/>\n<meta name=\"twitter:label1\" content=\"\u041f\u0440\u0438\u043c\u0435\u0440\u043d\u043e\u0435 \u0432\u0440\u0435\u043c\u044f \u0434\u043b\u044f \u0447\u0442\u0435\u043d\u0438\u044f\" \/>\n\t<meta name=\"twitter:data1\" content=\"1 \u043c\u0438\u043d\u0443\u0442\u0430\" \/>\n<script type=\"application\/ld+json\" class=\"yoast-schema-graph\">{\"@context\":\"https:\/\/schema.org\",\"@graph\":[{\"@type\":\"WebPage\",\"@id\":\"https:\/\/happyinaknit.com\/produktas\/adeles-mohair-extra-fine-boucle-kidmohair\/\",\"url\":\"https:\/\/happyinaknit.com\/produktas\/adeles-mohair-extra-fine-boucle-kidmohair\/\",\"name\":\"Adele\u2019s Mohair Extra Fine Boucle KidMohair - Happyinaknit.com\",\"isPartOf\":{\"@id\":\"https:\/\/happyinaknit.com\/lt\/#website\"},\"primaryImageOfPage\":{\"@id\":\"https:\/\/happyinaknit.com\/produktas\/adeles-mohair-extra-fine-boucle-kidmohair\/#primaryimage\"},\"image\":{\"@id\":\"https:\/\/happyinaknit.com\/produktas\/adeles-mohair-extra-fine-boucle-kidmohair\/#primaryimage\"},\"thumbnailUrl\":\"https:\/\/happyinaknit.com\/wp-content\/uploads\/2025\/10\/IMG_9906.jpg\",\"datePublished\":\"2025-10-16T09:50:40+00:00\",\"dateModified\":\"2026-04-17T16:49:07+00:00\",\"breadcrumb\":{\"@id\":\"https:\/\/happyinaknit.com\/produktas\/adeles-mohair-extra-fine-boucle-kidmohair\/#breadcrumb\"},\"inLanguage\":\"ru-RU\",\"potentialAction\":[{\"@type\":\"ReadAction\",\"target\":[\"https:\/\/happyinaknit.com\/produktas\/adeles-mohair-extra-fine-boucle-kidmohair\/\"]}]},{\"@type\":\"ImageObject\",\"inLanguage\":\"ru-RU\",\"@id\":\"https:\/\/happyinaknit.com\/produktas\/adeles-mohair-extra-fine-boucle-kidmohair\/#primaryimage\",\"url\":\"https:\/\/happyinaknit.com\/wp-content\/uploads\/2025\/10\/IMG_9906.jpg\",\"contentUrl\":\"https:\/\/happyinaknit.com\/wp-content\/uploads\/2025\/10\/IMG_9906.jpg\",\"width\":1313,\"height\":1326},{\"@type\":\"BreadcrumbList\",\"@id\":\"https:\/\/happyinaknit.com\/produktas\/adeles-mohair-extra-fine-boucle-kidmohair\/#breadcrumb\",\"itemListElement\":[{\"@type\":\"ListItem\",\"position\":1,\"name\":\"Home\",\"item\":\"https:\/\/happyinaknit.com\/lt\/\"},{\"@type\":\"ListItem\",\"position\":2,\"name\":\"Parduotuv\u0117\",\"item\":\"https:\/\/happyinaknit.com\/lt\/parduotuve\/\"},{\"@type\":\"ListItem\",\"position\":3,\"name\":\"Adele\u2019s Mohair Extra Fine Boucle KidMohair\"}]},{\"@type\":\"WebSite\",\"@id\":\"https:\/\/happyinaknit.com\/lt\/#website\",\"url\":\"https:\/\/happyinaknit.com\/lt\/\",\"name\":\"Happyinaknit.com\",\"description\":\"\",\"potentialAction\":[{\"@type\":\"SearchAction\",\"target\":{\"@type\":\"EntryPoint\",\"urlTemplate\":\"https:\/\/happyinaknit.com\/lt\/?s={search_term_string}\"},\"query-input\":{\"@type\":\"PropertyValueSpecification\",\"valueRequired\":true,\"valueName\":\"search_term_string\"}}],\"inLanguage\":\"ru-RU\"}]}<\/script>\n<!-- \/ Yoast SEO plugin. -->","yoast_head_json":{"title":"Adele\u2019s Mohair Extra Fine Boucle KidMohair - Happyinaknit.com","robots":{"index":"index","follow":"follow","max-snippet":"max-snippet:-1","max-image-preview":"max-image-preview:large","max-video-preview":"max-video-preview:-1"},"canonical":"https:\/\/happyinaknit.com\/ru\/product\/adeles-mohair-extra-fine-boucle-kidmohair\/","og_locale":"ru_RU","og_type":"article","og_title":"Adele\u2019s Mohair Extra Fine Boucle KidMohair - Happyinaknit.com","og_description":"Ad\u00e9le\u2019s Mohair \u2013 tai kruop\u0161taus rank\u0173 darbo piet\u0173 Afrikos prek\u0117s \u017eenklas, gaminantis dizaineri\u0161kus mezgimo si\u016blus, aksesuarus ir nam\u0173 tekstil\u0119. \u012emon\u0119 1983 metais \u012fk\u016br\u0117 Ad\u00e9le, kuri iki \u0161iol vadovauja gamybai, laikydamasi s\u0105\u017einingos prekybos ir tvarios gamybos princip\u0173. Prabang\u016bs nat\u016bral\u016bs pluo\u0161tai \u2013 moheris (i\u0161 angoros o\u017ek\u0173) ir merino vilna (i\u0161 avi\u0173) \u2013 gaunami vietoje, u\u017etikrinant auk\u0161\u010diausi\u0105 kokyb\u0119. [&hellip;]","og_url":"https:\/\/happyinaknit.com\/ru\/product\/adeles-mohair-extra-fine-boucle-kidmohair\/","og_site_name":"Happyinaknit.com","article_modified_time":"2026-04-17T16:49:07+00:00","og_image":[{"width":1313,"height":1326,"url":"https:\/\/happyinaknit.com\/wp-content\/uploads\/2025\/10\/IMG_9906.jpg","type":"image\/jpeg"}],"twitter_card":"summary_large_image","twitter_misc":{"\u041f\u0440\u0438\u043c\u0435\u0440\u043d\u043e\u0435 \u0432\u0440\u0435\u043c\u044f \u0434\u043b\u044f \u0447\u0442\u0435\u043d\u0438\u044f":"1 \u043c\u0438\u043d\u0443\u0442\u0430"},"schema":{"@context":"https:\/\/schema.org","@graph":[{"@type":"WebPage","@id":"https:\/\/happyinaknit.com\/produktas\/adeles-mohair-extra-fine-boucle-kidmohair\/","url":"https:\/\/happyinaknit.com\/produktas\/adeles-mohair-extra-fine-boucle-kidmohair\/","name":"Adele\u2019s Mohair Extra Fine Boucle KidMohair - Happyinaknit.com","isPartOf":{"@id":"https:\/\/happyinaknit.com\/lt\/#website"},"primaryImageOfPage":{"@id":"https:\/\/happyinaknit.com\/produktas\/adeles-mohair-extra-fine-boucle-kidmohair\/#primaryimage"},"image":{"@id":"https:\/\/happyinaknit.com\/produktas\/adeles-mohair-extra-fine-boucle-kidmohair\/#primaryimage"},"thumbnailUrl":"https:\/\/happyinaknit.com\/wp-content\/uploads\/2025\/10\/IMG_9906.jpg","datePublished":"2025-10-16T09:50:40+00:00","dateModified":"2026-04-17T16:49:07+00:00","breadcrumb":{"@id":"https:\/\/happyinaknit.com\/produktas\/adeles-mohair-extra-fine-boucle-kidmohair\/#breadcrumb"},"inLanguage":"ru-RU","potentialAction":[{"@type":"ReadAction","target":["https:\/\/happyinaknit.com\/produktas\/adeles-mohair-extra-fine-boucle-kidmohair\/"]}]},{"@type":"ImageObject","inLanguage":"ru-RU","@id":"https:\/\/happyinaknit.com\/produktas\/adeles-mohair-extra-fine-boucle-kidmohair\/#primaryimage","url":"https:\/\/happyinaknit.com\/wp-content\/uploads\/2025\/10\/IMG_9906.jpg","contentUrl":"https:\/\/happyinaknit.com\/wp-content\/uploads\/2025\/10\/IMG_9906.jpg","width":1313,"height":1326},{"@type":"BreadcrumbList","@id":"https:\/\/happyinaknit.com\/produktas\/adeles-mohair-extra-fine-boucle-kidmohair\/#breadcrumb","itemListElement":[{"@type":"ListItem","position":1,"name":"Home","item":"https:\/\/happyinaknit.com\/lt\/"},{"@type":"ListItem","position":2,"name":"Parduotuv\u0117","item":"https:\/\/happyinaknit.com\/lt\/parduotuve\/"},{"@type":"ListItem","position":3,"name":"Adele\u2019s Mohair Extra Fine Boucle KidMohair"}]},{"@type":"WebSite","@id":"https:\/\/happyinaknit.com\/lt\/#website","url":"https:\/\/happyinaknit.com\/lt\/","name":"Happyinaknit.com","description":"","potentialAction":[{"@type":"SearchAction","target":{"@type":"EntryPoint","urlTemplate":"https:\/\/happyinaknit.com\/lt\/?s={search_term_string}"},"query-input":{"@type":"PropertyValueSpecification","valueRequired":true,"valueName":"search_term_string"}}],"inLanguage":"ru-RU"}]}},"_links":{"self":[{"href":"https:\/\/happyinaknit.com\/ru\/wp-json\/wp\/v2\/product\/5455","targetHints":{"allow":["GET"]}}],"collection":[{"href":"https:\/\/happyinaknit.com\/ru\/wp-json\/wp\/v2\/product"}],"about":[{"href":"https:\/\/happyinaknit.com\/ru\/wp-json\/wp\/v2\/types\/product"}],"replies":[{"embeddable":true,"href":"https:\/\/happyinaknit.com\/ru\/wp-json\/wp\/v2\/comments?post=5455"}],"wp:featuredmedia":[{"embeddable":true,"href":"https:\/\/happyinaknit.com\/ru\/wp-json\/wp\/v2\/media\/5443"}],"wp:attachment":[{"href":"https:\/\/happyinaknit.com\/ru\/wp-json\/wp\/v2\/media?parent=5455"}],"wp:term":[{"taxonomy":"product_brand","embeddable":true,"href":"https:\/\/happyinaknit.com\/ru\/wp-json\/wp\/v2\/product_brand?post=5455"},{"taxonomy":"product_cat","embeddable":true,"href":"https:\/\/happyinaknit.com\/ru\/wp-json\/wp\/v2\/product_cat?post=5455"},{"taxonomy":"product_tag","embeddable":true,"href":"https:\/\/happyinaknit.com\/ru\/wp-json\/wp\/v2\/product_tag?post=5455"},{"taxonomy":"pro-kategorijos","embeddable":true,"href":"https:\/\/happyinaknit.com\/ru\/wp-json\/wp\/v2\/pro-kategorijos?post=5455"}],"curies":[{"name":"wp","href":"https:\/\/api.w.org\/{rel}","templated":true}]}}