{"id":5437,"date":"2025-10-15T21:33:33","date_gmt":"2025-10-15T21:33:33","guid":{"rendered":"https:\/\/happyinaknit.com\/?post_type=product&#038;p=5437"},"modified":"2026-01-21T06:39:36","modified_gmt":"2026-01-21T06:39:36","slug":"concept-by-katia-pure-alpaca-natural-colors","status":"publish","type":"product","link":"https:\/\/happyinaknit.com\/ru\/product\/concept-by-katia-pure-alpaca-natural-colors\/","title":{"rendered":"Concept by Katia  Pure Alpaca Natural Colors"},"content":{"rendered":"<p data-start=\"53\" data-end=\"432\"><strong data-start=\"53\" data-end=\"100\">Concept by Katia  Pure Alpaca Natural Colors<\/strong> \u2013 \u0440\u043e\u0441\u043a\u043e\u0448\u043d\u0430\u044f \u043d\u0430\u0442\u0443\u0440\u0430\u043b\u044c\u043d\u0430\u044f \u043f\u0440\u044f\u0436\u0430 \u0438\u0437 \u0443\u043b\u044c\u0442\u0440\u0430\u043c\u044f\u0433\u043a\u043e\u0439 \u0448\u0435\u0440\u0441\u0442\u0438 \u0430\u043b\u044c\u043f\u0430\u043a\u0438. \u041e\u043d\u0430 \u043d\u0435 \u043f\u043e\u0434\u0432\u0435\u0440\u0433\u0430\u0435\u0442\u0441\u044f \u043e\u043a\u0440\u0430\u0448\u0438\u0432\u0430\u043d\u0438\u044e, \u0447\u0442\u043e \u043f\u043e\u0437\u0432\u043e\u043b\u044f\u0435\u0442 \u0441\u043e\u0445\u0440\u0430\u043d\u0438\u0442\u044c \u0435\u0441\u0442\u0435\u0441\u0442\u0432\u0435\u043d\u043d\u044b\u0435 \u043e\u0442\u0442\u0435\u043d\u043a\u0438 \u0438 \u0435\u0441\u0442\u0435\u0441\u0442\u0432\u0435\u043d\u043d\u044b\u0439 \u0431\u043b\u0435\u0441\u043a \u0432\u043e\u043b\u043e\u043a\u043e\u043d. \u042d\u0442\u0430 \u043f\u0440\u044f\u0436\u0430 \u043e\u0442\u043b\u0438\u0447\u0430\u0435\u0442\u0441\u044f \u0438\u0441\u043a\u043b\u044e\u0447\u0438\u0442\u0435\u043b\u044c\u043d\u043e\u0439 \u043c\u044f\u0433\u043a\u043e\u0441\u0442\u044c\u044e, \u0442\u0435\u043f\u043b\u043e\u0442\u043e\u0439 \u0438 \u043f\u0443\u0448\u0438\u0441\u0442\u043e\u0441\u0442\u044c\u044e, \u0447\u0442\u043e \u0434\u0435\u043b\u0430\u0435\u0442 \u0435\u0451 \u0438\u0434\u0435\u0430\u043b\u044c\u043d\u044b\u043c \u0432\u044b\u0431\u043e\u0440\u043e\u043c \u0434\u043b\u044f \u0441\u0432\u0438\u0442\u0435\u0440\u043e\u0432, \u0448\u0430\u0440\u0444\u043e\u0432, \u043a\u0430\u0440\u0434\u0438\u0433\u0430\u043d\u043e\u0432 \u0438 \u0434\u0440\u0443\u0433\u043e\u0439 \u0443\u044e\u0442\u043d\u043e\u0439 \u0437\u0438\u043c\u043d\u0435\u0439 \u043e\u0434\u0435\u0436\u0434\u044b \u0438 \u0430\u043a\u0441\u0435\u0441\u0441\u0443\u0430\u0440\u043e\u0432.<\/p>\n<p data-start=\"434\" data-end=\"598\"><strong data-start=\"434\" data-end=\"446\">\u0421\u043e\u0441\u0442\u0430\u0432:<\/strong> 93 % \u0430\u043b\u044c\u043f\u0430\u043a\u0430, 7 % \u043f\u043e\u043b\u0438\u0430\u043c\u0438\u0434<br data-start=\"474\" data-end=\"477\" \/><strong data-start=\"477\" data-end=\"496\">\u0412\u0435\u0441\/\u0414\u043b\u0438\u043d\u0430:<\/strong> 50 \u0433 - 100 \u043c<br data-start=\"509\" data-end=\"512\" \/><strong data-start=\"512\" data-end=\"540\">\u0420\u0435\u043a\u043e\u043c\u0435\u043d\u0434\u0443\u0435\u043c\u044b\u0435 \u0441\u043f\u0438\u0446\u044b:<\/strong> 7 \u2013 8 \u043c\u043c<br data-start=\"549\" data-end=\"552\" data-is-only-node=\"\" \/><strong data-start=\"552\" data-end=\"565\">\u041f\u043b\u043e\u0442\u043d\u043e\u0441\u0442\u044c:<\/strong> 10 \u00d7 10 \u0441\u043c \u2013 9 \u043f\u0435\u0442\u0435\u043b\u044c \u00d7 12 \u0440\u044f\u0434\u043e\u0432<\/p>\n<p data-start=\"600\" data-end=\"671\"><strong data-start=\"600\" data-end=\"627\">\u041f\u0440\u0438\u043c\u0435\u0440\u043d\u044b\u0439 \u0440\u0430\u0441\u0445\u043e\u0434:<\/strong> \u043d\u0430 \u0441\u0432\u0438\u0442\u0435\u0440 (\u0440\u0430\u0437\u043c\u0435\u0440 \u041c) \u2013 \u043e\u043a\u043e\u043b\u043e 7 \u043c\u043e\u0442\u043a\u043e\u0432<\/p>\n<p data-start=\"673\" data-end=\"772\"><strong data-start=\"673\" data-end=\"687\">\u0421\u043e\u0432\u0435\u0442\u044b \u043f\u043e \u0443\u0445\u043e\u0434\u0443:<\/strong><br data-start=\"687\" data-end=\"690\" \/>\u0421\u0442\u0438\u0440\u0430\u0442\u044c \u0432\u0440\u0443\u0447\u043d\u0443\u044e \u0432 \u0445\u043e\u043b\u043e\u0434\u043d\u043e\u0439 \u0432\u043e\u0434\u0435, \u0441\u0443\u0448\u0438\u0442\u044c \u043d\u0430 \u0433\u043e\u0440\u0438\u0437\u043e\u043d\u0442\u0430\u043b\u044c\u043d\u043e\u0439 \u043f\u043e\u0432\u0435\u0440\u0445\u043d\u043e\u0441\u0442\u0438, \u043d\u0435 \u0433\u043b\u0430\u0434\u0438\u0442\u044c.<\/p>\n<p data-start=\"774\" data-end=\"862\" data-is-last-node=\"\" data-is-only-node=\"\"><strong data-start=\"774\" data-end=\"786\">\u041f\u0440\u0438\u043c\u0435\u0447\u0430\u043d\u0438\u0435:<\/strong> \u0426\u0432\u0435\u0442\u043e\u0432\u044b\u0435 \u043e\u0442\u0442\u0435\u043d\u043a\u0438 \u043c\u043e\u0433\u0443\u0442 \u043d\u0435\u0437\u043d\u0430\u0447\u0438\u0442\u0435\u043b\u044c\u043d\u043e \u043e\u0442\u043b\u0438\u0447\u0430\u0442\u044c\u0441\u044f \u0432 \u0437\u0430\u0432\u0438\u0441\u0438\u043c\u043e\u0441\u0442\u0438 \u043e\u0442 \u044d\u043a\u0440\u0430\u043d\u0430 \u0432\u0430\u0448\u0435\u0433\u043e \u0443\u0441\u0442\u0440\u043e\u0439\u0441\u0442\u0432\u0430.<\/p>","protected":false},"excerpt":{"rendered":"<p>Concept by Katia Pure Alpaca Natural Colors \u2013 prabangaus nat\u016bralumo si\u016blai, pagaminti i\u0161 itin \u0161velnios alpakos vilnos. Jie neda\u017eyti, tod\u0117l i\u0161laiko autenti\u0161kus gamtos atspalvius ir nat\u016bral\u0173 pluo\u0161to blizges\u012f. \u0160ie si\u016blai pasi\u017eymi ypatingu \u0161velnumu, \u0161iluma ir purumu, tod\u0117l puikiai tinka megztiniams, \u0161alikams, kardiganams ar kitiems jaukiems \u017eiemos drabu\u017eiams bei aksesuarams. Sud\u0117tis: 93 % alpaka, 7 % [&hellip;]<\/p>\n","protected":false},"featured_media":4660,"comment_status":"open","ping_status":"closed","template":"","meta":{"_acf_changed":false},"product_brand":[69],"product_cat":[15,182,18],"product_tag":[33],"pro-kategorijos":[54],"class_list":{"0":"post-5437","1":"product","2":"type-product","3":"status-publish","4":"has-post-thumbnail","6":"product_brand-concept-by-katia","7":"product_cat-visi-produktai","8":"product_cat-ispardavimas","9":"product_cat-siulai","10":"product_tag-ispardavimas","11":"pro-kategorijos-alpaka","13":"first","14":"instock","15":"sale","16":"shipping-taxable","17":"purchasable","18":"product-type-variable"},"acf":[],"yoast_head":"<!-- This site is optimized with the Yoast SEO plugin v26.8 - https:\/\/yoast.com\/product\/yoast-seo-wordpress\/ -->\n<title>Concept by Katia Pure Alpaca Natural Colors - Happyinaknit.com<\/title>\n<meta name=\"robots\" content=\"index, follow, max-snippet:-1, max-image-preview:large, max-video-preview:-1\" \/>\n<link rel=\"canonical\" href=\"https:\/\/happyinaknit.com\/ru\/product\/concept-by-katia-pure-alpaca-natural-colors\/\" \/>\n<meta property=\"og:locale\" content=\"ru_RU\" \/>\n<meta property=\"og:type\" content=\"article\" \/>\n<meta property=\"og:title\" content=\"Concept by Katia Pure Alpaca Natural Colors - Happyinaknit.com\" \/>\n<meta property=\"og:description\" content=\"Concept by Katia Pure Alpaca Natural Colors \u2013 prabangaus nat\u016bralumo si\u016blai, pagaminti i\u0161 itin \u0161velnios alpakos vilnos. Jie neda\u017eyti, tod\u0117l i\u0161laiko autenti\u0161kus gamtos atspalvius ir nat\u016bral\u0173 pluo\u0161to blizges\u012f. \u0160ie si\u016blai pasi\u017eymi ypatingu \u0161velnumu, \u0161iluma ir purumu, tod\u0117l puikiai tinka megztiniams, \u0161alikams, kardiganams ar kitiems jaukiems \u017eiemos drabu\u017eiams bei aksesuarams. Sud\u0117tis: 93 % alpaka, 7 % [&hellip;]\" \/>\n<meta property=\"og:url\" content=\"https:\/\/happyinaknit.com\/ru\/product\/concept-by-katia-pure-alpaca-natural-colors\/\" \/>\n<meta property=\"og:site_name\" content=\"Happyinaknit.com\" \/>\n<meta property=\"article:modified_time\" content=\"2026-01-21T06:39:36+00:00\" \/>\n<meta property=\"og:image\" content=\"https:\/\/happyinaknit.com\/wp-content\/uploads\/2025\/10\/IMG_9618.jpg\" \/>\n\t<meta property=\"og:image:width\" content=\"1320\" \/>\n\t<meta property=\"og:image:height\" content=\"1169\" \/>\n\t<meta property=\"og:image:type\" content=\"image\/jpeg\" \/>\n<meta name=\"twitter:card\" content=\"summary_large_image\" \/>\n<meta name=\"twitter:label1\" content=\"\u041f\u0440\u0438\u043c\u0435\u0440\u043d\u043e\u0435 \u0432\u0440\u0435\u043c\u044f \u0434\u043b\u044f \u0447\u0442\u0435\u043d\u0438\u044f\" \/>\n\t<meta name=\"twitter:data1\" content=\"1 \u043c\u0438\u043d\u0443\u0442\u0430\" \/>\n<script type=\"application\/ld+json\" class=\"yoast-schema-graph\">{\"@context\":\"https:\/\/schema.org\",\"@graph\":[{\"@type\":\"WebPage\",\"@id\":\"https:\/\/happyinaknit.com\/produktas\/concept-by-katia-pure-alpaca-natural-colors\/\",\"url\":\"https:\/\/happyinaknit.com\/produktas\/concept-by-katia-pure-alpaca-natural-colors\/\",\"name\":\"Concept by Katia Pure Alpaca Natural Colors - Happyinaknit.com\",\"isPartOf\":{\"@id\":\"https:\/\/happyinaknit.com\/lt\/#website\"},\"primaryImageOfPage\":{\"@id\":\"https:\/\/happyinaknit.com\/produktas\/concept-by-katia-pure-alpaca-natural-colors\/#primaryimage\"},\"image\":{\"@id\":\"https:\/\/happyinaknit.com\/produktas\/concept-by-katia-pure-alpaca-natural-colors\/#primaryimage\"},\"thumbnailUrl\":\"https:\/\/happyinaknit.com\/wp-content\/uploads\/2025\/10\/IMG_9618.jpg\",\"datePublished\":\"2025-10-15T21:33:33+00:00\",\"dateModified\":\"2026-01-21T06:39:36+00:00\",\"breadcrumb\":{\"@id\":\"https:\/\/happyinaknit.com\/produktas\/concept-by-katia-pure-alpaca-natural-colors\/#breadcrumb\"},\"inLanguage\":\"ru-RU\",\"potentialAction\":[{\"@type\":\"ReadAction\",\"target\":[\"https:\/\/happyinaknit.com\/produktas\/concept-by-katia-pure-alpaca-natural-colors\/\"]}]},{\"@type\":\"ImageObject\",\"inLanguage\":\"ru-RU\",\"@id\":\"https:\/\/happyinaknit.com\/produktas\/concept-by-katia-pure-alpaca-natural-colors\/#primaryimage\",\"url\":\"https:\/\/happyinaknit.com\/wp-content\/uploads\/2025\/10\/IMG_9618.jpg\",\"contentUrl\":\"https:\/\/happyinaknit.com\/wp-content\/uploads\/2025\/10\/IMG_9618.jpg\",\"width\":1320,\"height\":1169},{\"@type\":\"BreadcrumbList\",\"@id\":\"https:\/\/happyinaknit.com\/produktas\/concept-by-katia-pure-alpaca-natural-colors\/#breadcrumb\",\"itemListElement\":[{\"@type\":\"ListItem\",\"position\":1,\"name\":\"Home\",\"item\":\"https:\/\/happyinaknit.com\/lt\/\"},{\"@type\":\"ListItem\",\"position\":2,\"name\":\"Parduotuv\u0117\",\"item\":\"https:\/\/happyinaknit.com\/lt\/parduotuve\/\"},{\"@type\":\"ListItem\",\"position\":3,\"name\":\"Concept by Katia Pure Alpaca Natural Colors\"}]},{\"@type\":\"WebSite\",\"@id\":\"https:\/\/happyinaknit.com\/lt\/#website\",\"url\":\"https:\/\/happyinaknit.com\/lt\/\",\"name\":\"Happyinaknit.com\",\"description\":\"\",\"potentialAction\":[{\"@type\":\"SearchAction\",\"target\":{\"@type\":\"EntryPoint\",\"urlTemplate\":\"https:\/\/happyinaknit.com\/lt\/?s={search_term_string}\"},\"query-input\":{\"@type\":\"PropertyValueSpecification\",\"valueRequired\":true,\"valueName\":\"search_term_string\"}}],\"inLanguage\":\"ru-RU\"}]}<\/script>\n<!-- \/ Yoast SEO plugin. -->","yoast_head_json":{"title":"Concept by Katia Pure Alpaca Natural Colors - Happyinaknit.com","robots":{"index":"index","follow":"follow","max-snippet":"max-snippet:-1","max-image-preview":"max-image-preview:large","max-video-preview":"max-video-preview:-1"},"canonical":"https:\/\/happyinaknit.com\/ru\/product\/concept-by-katia-pure-alpaca-natural-colors\/","og_locale":"ru_RU","og_type":"article","og_title":"Concept by Katia Pure Alpaca Natural Colors - Happyinaknit.com","og_description":"Concept by Katia Pure Alpaca Natural Colors \u2013 prabangaus nat\u016bralumo si\u016blai, pagaminti i\u0161 itin \u0161velnios alpakos vilnos. Jie neda\u017eyti, tod\u0117l i\u0161laiko autenti\u0161kus gamtos atspalvius ir nat\u016bral\u0173 pluo\u0161to blizges\u012f. \u0160ie si\u016blai pasi\u017eymi ypatingu \u0161velnumu, \u0161iluma ir purumu, tod\u0117l puikiai tinka megztiniams, \u0161alikams, kardiganams ar kitiems jaukiems \u017eiemos drabu\u017eiams bei aksesuarams. Sud\u0117tis: 93 % alpaka, 7 % [&hellip;]","og_url":"https:\/\/happyinaknit.com\/ru\/product\/concept-by-katia-pure-alpaca-natural-colors\/","og_site_name":"Happyinaknit.com","article_modified_time":"2026-01-21T06:39:36+00:00","og_image":[{"width":1320,"height":1169,"url":"https:\/\/happyinaknit.com\/wp-content\/uploads\/2025\/10\/IMG_9618.jpg","type":"image\/jpeg"}],"twitter_card":"summary_large_image","twitter_misc":{"\u041f\u0440\u0438\u043c\u0435\u0440\u043d\u043e\u0435 \u0432\u0440\u0435\u043c\u044f \u0434\u043b\u044f \u0447\u0442\u0435\u043d\u0438\u044f":"1 \u043c\u0438\u043d\u0443\u0442\u0430"},"schema":{"@context":"https:\/\/schema.org","@graph":[{"@type":"WebPage","@id":"https:\/\/happyinaknit.com\/produktas\/concept-by-katia-pure-alpaca-natural-colors\/","url":"https:\/\/happyinaknit.com\/produktas\/concept-by-katia-pure-alpaca-natural-colors\/","name":"Concept by Katia Pure Alpaca Natural Colors - Happyinaknit.com","isPartOf":{"@id":"https:\/\/happyinaknit.com\/lt\/#website"},"primaryImageOfPage":{"@id":"https:\/\/happyinaknit.com\/produktas\/concept-by-katia-pure-alpaca-natural-colors\/#primaryimage"},"image":{"@id":"https:\/\/happyinaknit.com\/produktas\/concept-by-katia-pure-alpaca-natural-colors\/#primaryimage"},"thumbnailUrl":"https:\/\/happyinaknit.com\/wp-content\/uploads\/2025\/10\/IMG_9618.jpg","datePublished":"2025-10-15T21:33:33+00:00","dateModified":"2026-01-21T06:39:36+00:00","breadcrumb":{"@id":"https:\/\/happyinaknit.com\/produktas\/concept-by-katia-pure-alpaca-natural-colors\/#breadcrumb"},"inLanguage":"ru-RU","potentialAction":[{"@type":"ReadAction","target":["https:\/\/happyinaknit.com\/produktas\/concept-by-katia-pure-alpaca-natural-colors\/"]}]},{"@type":"ImageObject","inLanguage":"ru-RU","@id":"https:\/\/happyinaknit.com\/produktas\/concept-by-katia-pure-alpaca-natural-colors\/#primaryimage","url":"https:\/\/happyinaknit.com\/wp-content\/uploads\/2025\/10\/IMG_9618.jpg","contentUrl":"https:\/\/happyinaknit.com\/wp-content\/uploads\/2025\/10\/IMG_9618.jpg","width":1320,"height":1169},{"@type":"BreadcrumbList","@id":"https:\/\/happyinaknit.com\/produktas\/concept-by-katia-pure-alpaca-natural-colors\/#breadcrumb","itemListElement":[{"@type":"ListItem","position":1,"name":"Home","item":"https:\/\/happyinaknit.com\/lt\/"},{"@type":"ListItem","position":2,"name":"Parduotuv\u0117","item":"https:\/\/happyinaknit.com\/lt\/parduotuve\/"},{"@type":"ListItem","position":3,"name":"Concept by Katia Pure Alpaca Natural Colors"}]},{"@type":"WebSite","@id":"https:\/\/happyinaknit.com\/lt\/#website","url":"https:\/\/happyinaknit.com\/lt\/","name":"Happyinaknit.com","description":"","potentialAction":[{"@type":"SearchAction","target":{"@type":"EntryPoint","urlTemplate":"https:\/\/happyinaknit.com\/lt\/?s={search_term_string}"},"query-input":{"@type":"PropertyValueSpecification","valueRequired":true,"valueName":"search_term_string"}}],"inLanguage":"ru-RU"}]}},"_links":{"self":[{"href":"https:\/\/happyinaknit.com\/ru\/wp-json\/wp\/v2\/product\/5437","targetHints":{"allow":["GET"]}}],"collection":[{"href":"https:\/\/happyinaknit.com\/ru\/wp-json\/wp\/v2\/product"}],"about":[{"href":"https:\/\/happyinaknit.com\/ru\/wp-json\/wp\/v2\/types\/product"}],"replies":[{"embeddable":true,"href":"https:\/\/happyinaknit.com\/ru\/wp-json\/wp\/v2\/comments?post=5437"}],"wp:featuredmedia":[{"embeddable":true,"href":"https:\/\/happyinaknit.com\/ru\/wp-json\/wp\/v2\/media\/4660"}],"wp:attachment":[{"href":"https:\/\/happyinaknit.com\/ru\/wp-json\/wp\/v2\/media?parent=5437"}],"wp:term":[{"taxonomy":"product_brand","embeddable":true,"href":"https:\/\/happyinaknit.com\/ru\/wp-json\/wp\/v2\/product_brand?post=5437"},{"taxonomy":"product_cat","embeddable":true,"href":"https:\/\/happyinaknit.com\/ru\/wp-json\/wp\/v2\/product_cat?post=5437"},{"taxonomy":"product_tag","embeddable":true,"href":"https:\/\/happyinaknit.com\/ru\/wp-json\/wp\/v2\/product_tag?post=5437"},{"taxonomy":"pro-kategorijos","embeddable":true,"href":"https:\/\/happyinaknit.com\/ru\/wp-json\/wp\/v2\/pro-kategorijos?post=5437"}],"curies":[{"name":"wp","href":"https:\/\/api.w.org\/{rel}","templated":true}]}}