{"id":5423,"date":"2025-10-15T21:17:55","date_gmt":"2025-10-15T21:17:55","guid":{"rendered":"https:\/\/happyinaknit.com\/?post_type=product&#038;p=5423"},"modified":"2025-11-13T19:52:14","modified_gmt":"2025-11-13T19:52:14","slug":"katia-love-wool","status":"publish","type":"product","link":"https:\/\/happyinaknit.com\/ru\/product\/katia-love-wool\/","title":{"rendered":"Katia Love Wool"},"content":{"rendered":"<p><strong data-start=\"25\" data-end=\"44\">Katia Love Wool<\/strong> \u2013 \u044d\u0442\u043e \u043d\u0430\u0442\u0443\u0440\u0430\u043b\u044c\u043d\u0430\u044f, \u043e\u0447\u0435\u043d\u044c \u0442\u0451\u043f\u043b\u0430\u044f \u0438 \u043f\u0443\u0448\u0438\u0441\u0442\u0430\u044f \u043f\u0440\u044f\u0436\u0430 \u043d\u0430\u0441\u044b\u0449\u0435\u043d\u043d\u044b\u0445, \u044f\u0440\u043a\u0438\u0445 \u0446\u0432\u0435\u0442\u043e\u0432. \u0422\u043e\u043b\u0441\u0442\u0430\u044f \u0438 \u043c\u044f\u0433\u043a\u0430\u044f, \u043e\u043d\u0430 \u0438\u0434\u0435\u0430\u043b\u044c\u043d\u043e \u043f\u043e\u0434\u0445\u043e\u0434\u0438\u0442 \u0434\u043b\u044f \u0432\u044f\u0437\u0430\u043d\u0438\u044f \u043d\u0430 \u0442\u043e\u043b\u0441\u0442\u044b\u0445 \u0441\u043f\u0438\u0446\u0430\u0445 \u0438\u043b\u0438 \u043a\u0440\u044e\u0447\u043a\u043e\u043c. \u0418\u0437 \u044d\u0442\u043e\u0439 \u043f\u0440\u044f\u0436\u0438 \u043b\u0435\u0433\u043a\u043e \u0441\u0432\u044f\u0437\u0430\u0442\u044c \u0441\u0432\u0438\u0442\u0435\u0440\u0430 \u0441 \u043a\u0440\u0443\u043f\u043d\u044b\u043c \u0443\u0437\u043e\u0440\u043e\u043c, \u0442\u0451\u043f\u043b\u044b\u0435 \u043f\u043b\u0435\u0434\u044b, \u043f\u043e\u0434\u0443\u0448\u043a\u0438 \u0438\u043b\u0438 \u0443\u044e\u0442\u043d\u044b\u0435 \u043c\u0443\u0444\u0442\u044b \u2013 \u0438\u0437 \u0434\u0432\u0443\u0445 \u043c\u043e\u0442\u043a\u043e\u0432 \u043c\u043e\u0436\u043d\u043e \u0441\u0432\u044f\u0437\u0430\u0442\u044c \u0441\u043d\u0443\u0434!<\/p>\n<p data-start=\"382\" data-end=\"651\"><strong data-start=\"382\" data-end=\"394\">\u0421\u043e\u0441\u0442\u0430\u0432:<\/strong> 85 % \u0448\u0435\u0440\u0441\u0442\u044c, 15 % \u0430\u043b\u044c\u043f\u0430\u043a\u0430<br data-start=\"418\" data-end=\"421\" \/><strong data-start=\"421\" data-end=\"440\">\u0412\u0435\u0441\/\u0414\u043b\u0438\u043d\u0430:<\/strong> 100 \u0433 - 50 \u043c<br data-start=\"453\" data-end=\"456\" \/><strong data-start=\"456\" data-end=\"484\" data-is-only-node=\"\">\u0420\u0435\u043a\u043e\u043c\u0435\u043d\u0434\u0443\u0435\u043c\u044b\u0435 \u0441\u043f\u0438\u0446\u044b:<\/strong> 12 \u2013 15 \u043c\u043c<br data-start=\"495\" data-end=\"498\" \/><strong data-start=\"498\" data-end=\"526\">\u0420\u0435\u043a\u043e\u043c\u0435\u043d\u0434\u0443\u0435\u043c\u044b\u0439 \u043a\u0440\u044e\u0447\u043e\u043a:<\/strong> 9 \u043c\u043c<br data-start=\"531\" data-end=\"534\" \/><strong data-start=\"534\" data-end=\"547\">\u041f\u043b\u043e\u0442\u043d\u043e\u0441\u0442\u044c:<\/strong> 10 \u00d7 10 \u0441\u043c \u2013 7 \u043f\u0435\u0442\u0435\u043b\u044c \u00d7 9 \u0440\u044f\u0434\u043e\u0432<br data-start=\"577\" data-end=\"580\" \/><strong data-start=\"580\" data-end=\"607\">\u0420\u0430\u0441\u0445\u043e\u0434:<\/strong> \u043d\u0430 \u0441\u0432\u0438\u0442\u0435\u0440 (\u0440\u0430\u0437\u043c\u0435\u0440 \u041c) \u2013 \u043e\u043a\u043e\u043b\u043e 7 \u043c\u043e\u0442\u043a\u043e\u0432<\/p>\n<p data-start=\"653\" data-end=\"764\"><strong data-start=\"653\" data-end=\"667\">\u0421\u043e\u0432\u0435\u0442\u044b \u043f\u043e \u0443\u0445\u043e\u0434\u0443:<\/strong><br data-start=\"667\" data-end=\"670\" \/>\u0420\u0443\u0447\u043d\u0430\u044f \u0441\u0442\u0438\u0440\u043a\u0430 \u043f\u0440\u0438 \u0442\u0435\u043c\u043f\u0435\u0440\u0430\u0442\u0443\u0440\u0435 \u043d\u0435 \u0432\u044b\u0448\u0435 30\u00b0\u0421, \u043d\u0435 \u0441\u0443\u0448\u0438\u0442\u044c \u0432 \u0441\u0442\u0438\u0440\u0430\u043b\u044c\u043d\u043e\u0439 \u043c\u0430\u0448\u0438\u043d\u0435, \u043d\u0435 \u0433\u043b\u0430\u0434\u0438\u0442\u044c.<\/p>\n<p data-start=\"766\" data-end=\"854\" data-is-last-node=\"\" data-is-only-node=\"\"><strong data-start=\"766\" data-end=\"778\">\u041f\u0440\u0438\u043c\u0435\u0447\u0430\u043d\u0438\u0435:<\/strong> \u0426\u0432\u0435\u0442\u043e\u0432\u044b\u0435 \u043e\u0442\u0442\u0435\u043d\u043a\u0438 \u043c\u043e\u0433\u0443\u0442 \u043d\u0435\u0437\u043d\u0430\u0447\u0438\u0442\u0435\u043b\u044c\u043d\u043e \u043e\u0442\u043b\u0438\u0447\u0430\u0442\u044c\u0441\u044f \u0432 \u0437\u0430\u0432\u0438\u0441\u0438\u043c\u043e\u0441\u0442\u0438 \u043e\u0442 \u044d\u043a\u0440\u0430\u043d\u0430 \u0432\u0430\u0448\u0435\u0433\u043e \u0443\u0441\u0442\u0440\u043e\u0439\u0441\u0442\u0432\u0430.<\/p>","protected":false},"excerpt":{"rendered":"<p>Katia Love Wool \u2013 tai nat\u016bralios sud\u0117ties, itin \u0161ilti ir pur\u016bs si\u016blai, pasi\u017eymintys sodriomis, ry\u0161kiomis spalvomis. Stori ir mink\u0161ti, jie idealiai tinka megzti dideliais virbalais ar v\u0105\u0161eliu. I\u0161 \u0161i\u0173 si\u016bl\u0173 lengvai sukursite stambaus ra\u0161to megztinius, \u0161iltas antklodes, pagalv\u0117les ar jaukius kaklo movus \u2013 dviem kamuoliukais galima numegzti vis\u0105 mov\u0105! Sud\u0117tis: 85 % vilna, 15 % [&hellip;]<\/p>\n","protected":false},"featured_media":4671,"comment_status":"open","ping_status":"closed","template":"","meta":{"_acf_changed":false},"product_brand":[69],"product_cat":[15,182,18],"product_tag":[33],"pro-kategorijos":[54,71],"class_list":{"0":"post-5423","1":"product","2":"type-product","3":"status-publish","4":"has-post-thumbnail","6":"product_brand-concept-by-katia","7":"product_cat-visi-produktai","8":"product_cat-ispardavimas","9":"product_cat-siulai","10":"product_tag-ispardavimas","11":"pro-kategorijos-alpaka","12":"pro-kategorijos-merino-vilna","14":"first","15":"instock","16":"sale","17":"shipping-taxable","18":"purchasable","19":"product-type-variable"},"acf":[],"yoast_head":"<!-- This site is optimized with the Yoast SEO plugin v26.8 - https:\/\/yoast.com\/product\/yoast-seo-wordpress\/ -->\n<title>Katia Love Wool - Happyinaknit.com<\/title>\n<meta name=\"robots\" content=\"index, follow, max-snippet:-1, max-image-preview:large, max-video-preview:-1\" \/>\n<link rel=\"canonical\" href=\"https:\/\/happyinaknit.com\/ru\/product\/katia-love-wool\/\" \/>\n<meta property=\"og:locale\" content=\"ru_RU\" \/>\n<meta property=\"og:type\" content=\"article\" \/>\n<meta property=\"og:title\" content=\"Katia Love Wool - Happyinaknit.com\" \/>\n<meta property=\"og:description\" content=\"Katia Love Wool \u2013 tai nat\u016bralios sud\u0117ties, itin \u0161ilti ir pur\u016bs si\u016blai, pasi\u017eymintys sodriomis, ry\u0161kiomis spalvomis. Stori ir mink\u0161ti, jie idealiai tinka megzti dideliais virbalais ar v\u0105\u0161eliu. I\u0161 \u0161i\u0173 si\u016bl\u0173 lengvai sukursite stambaus ra\u0161to megztinius, \u0161iltas antklodes, pagalv\u0117les ar jaukius kaklo movus \u2013 dviem kamuoliukais galima numegzti vis\u0105 mov\u0105! Sud\u0117tis: 85 % vilna, 15 % [&hellip;]\" \/>\n<meta property=\"og:url\" content=\"https:\/\/happyinaknit.com\/ru\/product\/katia-love-wool\/\" \/>\n<meta property=\"og:site_name\" content=\"Happyinaknit.com\" \/>\n<meta property=\"article:modified_time\" content=\"2025-11-13T19:52:14+00:00\" \/>\n<meta property=\"og:image\" content=\"https:\/\/happyinaknit.com\/wp-content\/uploads\/2025\/10\/IMG_9607.jpg\" \/>\n\t<meta property=\"og:image:width\" content=\"1319\" \/>\n\t<meta property=\"og:image:height\" content=\"1276\" \/>\n\t<meta property=\"og:image:type\" content=\"image\/jpeg\" \/>\n<meta name=\"twitter:card\" content=\"summary_large_image\" \/>\n<meta name=\"twitter:label1\" content=\"\u041f\u0440\u0438\u043c\u0435\u0440\u043d\u043e\u0435 \u0432\u0440\u0435\u043c\u044f \u0434\u043b\u044f \u0447\u0442\u0435\u043d\u0438\u044f\" \/>\n\t<meta name=\"twitter:data1\" content=\"1 \u043c\u0438\u043d\u0443\u0442\u0430\" \/>\n<script type=\"application\/ld+json\" class=\"yoast-schema-graph\">{\"@context\":\"https:\/\/schema.org\",\"@graph\":[{\"@type\":\"WebPage\",\"@id\":\"https:\/\/happyinaknit.com\/produktas\/katia-love-wool\/\",\"url\":\"https:\/\/happyinaknit.com\/produktas\/katia-love-wool\/\",\"name\":\"Katia Love Wool - Happyinaknit.com\",\"isPartOf\":{\"@id\":\"https:\/\/happyinaknit.com\/lt\/#website\"},\"primaryImageOfPage\":{\"@id\":\"https:\/\/happyinaknit.com\/produktas\/katia-love-wool\/#primaryimage\"},\"image\":{\"@id\":\"https:\/\/happyinaknit.com\/produktas\/katia-love-wool\/#primaryimage\"},\"thumbnailUrl\":\"https:\/\/happyinaknit.com\/wp-content\/uploads\/2025\/10\/IMG_9607.jpg\",\"datePublished\":\"2025-10-15T21:17:55+00:00\",\"dateModified\":\"2025-11-13T19:52:14+00:00\",\"breadcrumb\":{\"@id\":\"https:\/\/happyinaknit.com\/produktas\/katia-love-wool\/#breadcrumb\"},\"inLanguage\":\"ru-RU\",\"potentialAction\":[{\"@type\":\"ReadAction\",\"target\":[\"https:\/\/happyinaknit.com\/produktas\/katia-love-wool\/\"]}]},{\"@type\":\"ImageObject\",\"inLanguage\":\"ru-RU\",\"@id\":\"https:\/\/happyinaknit.com\/produktas\/katia-love-wool\/#primaryimage\",\"url\":\"https:\/\/happyinaknit.com\/wp-content\/uploads\/2025\/10\/IMG_9607.jpg\",\"contentUrl\":\"https:\/\/happyinaknit.com\/wp-content\/uploads\/2025\/10\/IMG_9607.jpg\",\"width\":1319,\"height\":1276},{\"@type\":\"BreadcrumbList\",\"@id\":\"https:\/\/happyinaknit.com\/produktas\/katia-love-wool\/#breadcrumb\",\"itemListElement\":[{\"@type\":\"ListItem\",\"position\":1,\"name\":\"Home\",\"item\":\"https:\/\/happyinaknit.com\/lt\/\"},{\"@type\":\"ListItem\",\"position\":2,\"name\":\"Parduotuv\u0117\",\"item\":\"https:\/\/happyinaknit.com\/lt\/parduotuve\/\"},{\"@type\":\"ListItem\",\"position\":3,\"name\":\"Katia Love Wool\"}]},{\"@type\":\"WebSite\",\"@id\":\"https:\/\/happyinaknit.com\/lt\/#website\",\"url\":\"https:\/\/happyinaknit.com\/lt\/\",\"name\":\"Happyinaknit.com\",\"description\":\"\",\"potentialAction\":[{\"@type\":\"SearchAction\",\"target\":{\"@type\":\"EntryPoint\",\"urlTemplate\":\"https:\/\/happyinaknit.com\/lt\/?s={search_term_string}\"},\"query-input\":{\"@type\":\"PropertyValueSpecification\",\"valueRequired\":true,\"valueName\":\"search_term_string\"}}],\"inLanguage\":\"ru-RU\"}]}<\/script>\n<!-- \/ Yoast SEO plugin. -->","yoast_head_json":{"title":"Katia Love Wool - Happyinaknit.com","robots":{"index":"index","follow":"follow","max-snippet":"max-snippet:-1","max-image-preview":"max-image-preview:large","max-video-preview":"max-video-preview:-1"},"canonical":"https:\/\/happyinaknit.com\/ru\/product\/katia-love-wool\/","og_locale":"ru_RU","og_type":"article","og_title":"Katia Love Wool - Happyinaknit.com","og_description":"Katia Love Wool \u2013 tai nat\u016bralios sud\u0117ties, itin \u0161ilti ir pur\u016bs si\u016blai, pasi\u017eymintys sodriomis, ry\u0161kiomis spalvomis. Stori ir mink\u0161ti, jie idealiai tinka megzti dideliais virbalais ar v\u0105\u0161eliu. I\u0161 \u0161i\u0173 si\u016bl\u0173 lengvai sukursite stambaus ra\u0161to megztinius, \u0161iltas antklodes, pagalv\u0117les ar jaukius kaklo movus \u2013 dviem kamuoliukais galima numegzti vis\u0105 mov\u0105! Sud\u0117tis: 85 % vilna, 15 % [&hellip;]","og_url":"https:\/\/happyinaknit.com\/ru\/product\/katia-love-wool\/","og_site_name":"Happyinaknit.com","article_modified_time":"2025-11-13T19:52:14+00:00","og_image":[{"width":1319,"height":1276,"url":"https:\/\/happyinaknit.com\/wp-content\/uploads\/2025\/10\/IMG_9607.jpg","type":"image\/jpeg"}],"twitter_card":"summary_large_image","twitter_misc":{"\u041f\u0440\u0438\u043c\u0435\u0440\u043d\u043e\u0435 \u0432\u0440\u0435\u043c\u044f \u0434\u043b\u044f \u0447\u0442\u0435\u043d\u0438\u044f":"1 \u043c\u0438\u043d\u0443\u0442\u0430"},"schema":{"@context":"https:\/\/schema.org","@graph":[{"@type":"WebPage","@id":"https:\/\/happyinaknit.com\/produktas\/katia-love-wool\/","url":"https:\/\/happyinaknit.com\/produktas\/katia-love-wool\/","name":"Katia Love Wool - Happyinaknit.com","isPartOf":{"@id":"https:\/\/happyinaknit.com\/lt\/#website"},"primaryImageOfPage":{"@id":"https:\/\/happyinaknit.com\/produktas\/katia-love-wool\/#primaryimage"},"image":{"@id":"https:\/\/happyinaknit.com\/produktas\/katia-love-wool\/#primaryimage"},"thumbnailUrl":"https:\/\/happyinaknit.com\/wp-content\/uploads\/2025\/10\/IMG_9607.jpg","datePublished":"2025-10-15T21:17:55+00:00","dateModified":"2025-11-13T19:52:14+00:00","breadcrumb":{"@id":"https:\/\/happyinaknit.com\/produktas\/katia-love-wool\/#breadcrumb"},"inLanguage":"ru-RU","potentialAction":[{"@type":"ReadAction","target":["https:\/\/happyinaknit.com\/produktas\/katia-love-wool\/"]}]},{"@type":"ImageObject","inLanguage":"ru-RU","@id":"https:\/\/happyinaknit.com\/produktas\/katia-love-wool\/#primaryimage","url":"https:\/\/happyinaknit.com\/wp-content\/uploads\/2025\/10\/IMG_9607.jpg","contentUrl":"https:\/\/happyinaknit.com\/wp-content\/uploads\/2025\/10\/IMG_9607.jpg","width":1319,"height":1276},{"@type":"BreadcrumbList","@id":"https:\/\/happyinaknit.com\/produktas\/katia-love-wool\/#breadcrumb","itemListElement":[{"@type":"ListItem","position":1,"name":"Home","item":"https:\/\/happyinaknit.com\/lt\/"},{"@type":"ListItem","position":2,"name":"Parduotuv\u0117","item":"https:\/\/happyinaknit.com\/lt\/parduotuve\/"},{"@type":"ListItem","position":3,"name":"Katia Love Wool"}]},{"@type":"WebSite","@id":"https:\/\/happyinaknit.com\/lt\/#website","url":"https:\/\/happyinaknit.com\/lt\/","name":"Happyinaknit.com","description":"","potentialAction":[{"@type":"SearchAction","target":{"@type":"EntryPoint","urlTemplate":"https:\/\/happyinaknit.com\/lt\/?s={search_term_string}"},"query-input":{"@type":"PropertyValueSpecification","valueRequired":true,"valueName":"search_term_string"}}],"inLanguage":"ru-RU"}]}},"_links":{"self":[{"href":"https:\/\/happyinaknit.com\/ru\/wp-json\/wp\/v2\/product\/5423","targetHints":{"allow":["GET"]}}],"collection":[{"href":"https:\/\/happyinaknit.com\/ru\/wp-json\/wp\/v2\/product"}],"about":[{"href":"https:\/\/happyinaknit.com\/ru\/wp-json\/wp\/v2\/types\/product"}],"replies":[{"embeddable":true,"href":"https:\/\/happyinaknit.com\/ru\/wp-json\/wp\/v2\/comments?post=5423"}],"wp:featuredmedia":[{"embeddable":true,"href":"https:\/\/happyinaknit.com\/ru\/wp-json\/wp\/v2\/media\/4671"}],"wp:attachment":[{"href":"https:\/\/happyinaknit.com\/ru\/wp-json\/wp\/v2\/media?parent=5423"}],"wp:term":[{"taxonomy":"product_brand","embeddable":true,"href":"https:\/\/happyinaknit.com\/ru\/wp-json\/wp\/v2\/product_brand?post=5423"},{"taxonomy":"product_cat","embeddable":true,"href":"https:\/\/happyinaknit.com\/ru\/wp-json\/wp\/v2\/product_cat?post=5423"},{"taxonomy":"product_tag","embeddable":true,"href":"https:\/\/happyinaknit.com\/ru\/wp-json\/wp\/v2\/product_tag?post=5423"},{"taxonomy":"pro-kategorijos","embeddable":true,"href":"https:\/\/happyinaknit.com\/ru\/wp-json\/wp\/v2\/pro-kategorijos?post=5423"}],"curies":[{"name":"wp","href":"https:\/\/api.w.org\/{rel}","templated":true}]}}