{"id":5398,"date":"2025-10-15T20:45:56","date_gmt":"2025-10-15T20:45:56","guid":{"rendered":"https:\/\/happyinaknit.com\/?post_type=product&#038;p=5398"},"modified":"2025-12-06T20:55:41","modified_gmt":"2025-12-06T20:55:41","slug":"concept-by-katia-bereber","status":"publish","type":"product","link":"https:\/\/happyinaknit.com\/ru\/product\/concept-by-katia-bereber\/","title":{"rendered":"Concept by Katia Bereber"},"content":{"rendered":"<p data-start=\"34\" data-end=\"406\"><strong data-start=\"34\" data-end=\"62\">Concept by Katia Bereber<\/strong> \u2013 \u044d\u043b\u0435\u0433\u0430\u043d\u0442\u043d\u0430\u044f, \u043c\u044f\u0433\u043a\u043e \u043c\u0435\u0440\u0446\u0430\u044e\u0449\u0430\u044f \u043f\u0440\u044f\u0436\u0430, \u0432 \u043a\u043e\u0442\u043e\u0440\u043e\u0439 \u043d\u0430\u0442\u0443\u0440\u0430\u043b\u044c\u043d\u043e\u0435 \u0441\u043e\u0447\u0435\u0442\u0430\u043d\u0438\u0435 \u0445\u043b\u043e\u043f\u043a\u0430 \u0438 \u0432\u0438\u0441\u043a\u043e\u0437\u044b EcoVero \u0434\u043e\u043f\u043e\u043b\u043d\u044f\u0435\u0442\u0441\u044f \u0442\u043e\u043d\u043a\u0438\u043c \u0431\u043b\u0435\u0441\u043a\u043e\u043c \u043c\u0435\u0442\u0430\u043b\u043b\u0438\u0437\u0438\u0440\u043e\u0432\u0430\u043d\u043d\u043e\u0433\u043e \u043f\u043e\u043b\u0438\u044d\u0441\u0442\u0435\u0440\u0430. \u042d\u0442\u0430 \u043f\u0440\u044f\u0436\u0430 \u043f\u0440\u0435\u0434\u043d\u0430\u0437\u043d\u0430\u0447\u0435\u043d\u0430 \u0434\u043b\u044f \u043b\u0435\u0442\u043d\u0435\u0433\u043e \u0438 \u043c\u0435\u0436\u0441\u0435\u0437\u043e\u043d\u043d\u043e\u0433\u043e \u0442\u0440\u0438\u043a\u043e\u0442\u0430\u0436\u0430 \u2013 \u043e\u043d\u0430 \u043b\u0451\u0433\u043a\u0430\u044f, \u0434\u044b\u0448\u0430\u0449\u0430\u044f \u0438 \u043f\u0440\u0438\u0434\u0430\u0451\u0442 \u0438\u0437\u0434\u0435\u043b\u0438\u044f\u043c \u0441\u0438\u044f\u044e\u0449\u0443\u044e \u0440\u043e\u0441\u043a\u043e\u0448\u044c. \u041f\u043e\u0434\u0445\u043e\u0434\u0438\u0442 \u0434\u043b\u044f \u0441\u0432\u0438\u0442\u0435\u0440\u043e\u0432, \u0431\u043b\u0443\u0437\u043e\u043a \u0438 \u043b\u0451\u0433\u043a\u0438\u0445 \u043a\u0430\u0440\u0434\u0438\u0433\u0430\u043d\u043e\u0432.<\/p>\n<p data-start=\"408\" data-end=\"703\"><strong data-start=\"408\" data-end=\"420\">\u0421\u043e\u0441\u0442\u0430\u0432:<\/strong> 75 % \u0445\u043b\u043e\u043f\u043e\u043a, 18 % \u0432\u0438\u0441\u043a\u043e\u0437\u0430 <em data-start=\"449\" data-end=\"458\">\u042d\u043a\u043e\u0412\u0435\u0440\u043e<\/em>, 5 % \u043f\u043e\u043b\u0438\u044d\u0441\u0442\u0435\u0440, 2 % \u043c\u0435\u0442\u0430\u043b\u043b\u0438\u0437\u0438\u0440\u043e\u0432\u0430\u043d\u043d\u044b\u0439 \u043f\u043e\u043b\u0438\u044d\u0441\u0442\u0435\u0440<br data-start=\"505\" data-end=\"508\" \/><strong data-start=\"508\" data-end=\"527\">\u0412\u0435\u0441\/\u0414\u043b\u0438\u043d\u0430:<\/strong> 50 \u0433 - 130 \u043c<br data-start=\"540\" data-end=\"543\" data-is-only-node=\"\" \/><strong data-start=\"543\" data-end=\"571\">\u0420\u0435\u043a\u043e\u043c\u0435\u043d\u0434\u0443\u0435\u043c\u044b\u0435 \u0441\u043f\u0438\u0446\u044b:<\/strong> 3 \u2013 3,5 \u043c\u043c<br data-start=\"582\" data-end=\"585\" \/><strong data-start=\"585\" data-end=\"598\">\u041f\u043b\u043e\u0442\u043d\u043e\u0441\u0442\u044c:<\/strong> 10 \u00d7 10 \u0441\u043c \u2013 24 \u043f\u0435\u0442\u043b\u0438 \u00d7 31 \u0440\u044f\u0434<br data-start=\"629\" data-end=\"632\" \/><strong data-start=\"632\" data-end=\"659\">\u0420\u0430\u0441\u0445\u043e\u0434:<\/strong> \u0434\u043b\u044f \u0441\u0432\u0438\u0442\u0435\u0440\u0430 (\u0440\u0430\u0437\u043c\u0435\u0440 \u041c) \u2013 \u043e\u043a\u043e\u043b\u043e 8 \u043a\u043b\u0443\u0431\u043a\u043e\u0432<\/p>\n<p data-start=\"705\" data-end=\"850\"><strong data-start=\"705\" data-end=\"719\">\u0421\u043e\u0432\u0435\u0442\u044b \u043f\u043e \u0443\u0445\u043e\u0434\u0443:<\/strong><br data-start=\"719\" data-end=\"722\" \/>\u0421\u0442\u0438\u0440\u0430\u0442\u044c \u0432\u0440\u0443\u0447\u043d\u0443\u044e \u0438\u043b\u0438 \u043d\u0430 \u0440\u0435\u0436\u0438\u043c\u0435 \u00ab\u0448\u0435\u0440\u0441\u0442\u044c\/\u0434\u0435\u043b\u0438\u043a\u0430\u0442\u043d\u044b\u0435 \u0442\u043a\u0430\u043d\u0438\u00bb \u043f\u0440\u0438 \u0442\u0435\u043c\u043f\u0435\u0440\u0430\u0442\u0443\u0440\u0435 \u0434\u043e 30\u00b0C, \u0441\u0443\u0448\u0438\u0442\u044c \u043d\u0430 \u0433\u043e\u0440\u0438\u0437\u043e\u043d\u0442\u0430\u043b\u044c\u043d\u043e\u0439 \u043f\u043e\u0432\u0435\u0440\u0445\u043d\u043e\u0441\u0442\u0438, \u043d\u0435 \u0433\u043b\u0430\u0434\u0438\u0442\u044c \u0433\u043e\u0440\u044f\u0447\u0438\u043c \u0443\u0442\u044e\u0433\u043e\u043c.<\/p>\n<p data-start=\"852\" data-end=\"940\" data-is-last-node=\"\" data-is-only-node=\"\"><strong data-start=\"852\" data-end=\"864\">\u041f\u0440\u0438\u043c\u0435\u0447\u0430\u043d\u0438\u0435:<\/strong> \u0426\u0432\u0435\u0442\u043e\u0432\u044b\u0435 \u043e\u0442\u0442\u0435\u043d\u043a\u0438 \u043c\u043e\u0433\u0443\u0442 \u043d\u0435\u0437\u043d\u0430\u0447\u0438\u0442\u0435\u043b\u044c\u043d\u043e \u043e\u0442\u043b\u0438\u0447\u0430\u0442\u044c\u0441\u044f \u0432 \u0437\u0430\u0432\u0438\u0441\u0438\u043c\u043e\u0441\u0442\u0438 \u043e\u0442 \u044d\u043a\u0440\u0430\u043d\u0430 \u0432\u0430\u0448\u0435\u0433\u043e \u0443\u0441\u0442\u0440\u043e\u0439\u0441\u0442\u0432\u0430.<\/p>","protected":false},"excerpt":{"rendered":"<p>Concept by Katia Bereber \u2013 tai eleganti\u0161ki, \u0161velniai \u017evilgantys si\u016blai, kuriuose nat\u016bralus medviln\u0117s ir viskoz\u0117s \u201eEcoVero\u201c derinys papildytas subtiliu metalizuoto poliesterio blizgesiu. \u0160ie si\u016blai sukurti vasaros ir tarpsezonio mezginiams \u2013 jie lengvi, kv\u0117puojantys ir suteikia gaminiams \u0161vytin\u010dios prabangos. Tinka megztiniams, palaidin\u0117ms ar lengviems kardiganams. Sud\u0117tis: 75 % medviln\u0117, 18 % viskoz\u0117 EcoVero, 5 % poliesteris, [&hellip;]<\/p>\n","protected":false},"featured_media":4689,"comment_status":"open","ping_status":"closed","template":"","meta":{"_acf_changed":false},"product_brand":[69],"product_cat":[15,182,18,323],"product_tag":[33],"pro-kategorijos":[55,78],"class_list":{"0":"post-5398","1":"product","2":"type-product","3":"status-publish","4":"has-post-thumbnail","6":"product_brand-concept-by-katia","7":"product_cat-visi-produktai","8":"product_cat-ispardavimas","9":"product_cat-siulai","10":"product_cat-siulai-su-lureksu-ir-zvyneliais","11":"product_tag-ispardavimas","12":"pro-kategorijos-medvilne","13":"pro-kategorijos-viskoze","15":"first","16":"instock","17":"sale","18":"shipping-taxable","19":"purchasable","20":"product-type-variable"},"acf":[],"yoast_head":"<!-- This site is optimized with the Yoast SEO plugin v26.8 - https:\/\/yoast.com\/product\/yoast-seo-wordpress\/ -->\n<title>Concept by Katia Bereber - Happyinaknit.com<\/title>\n<meta name=\"robots\" content=\"index, follow, max-snippet:-1, max-image-preview:large, max-video-preview:-1\" \/>\n<link rel=\"canonical\" href=\"https:\/\/happyinaknit.com\/ru\/product\/concept-by-katia-bereber\/\" \/>\n<meta property=\"og:locale\" content=\"ru_RU\" \/>\n<meta property=\"og:type\" content=\"article\" \/>\n<meta property=\"og:title\" content=\"Concept by Katia Bereber - Happyinaknit.com\" \/>\n<meta property=\"og:description\" content=\"Concept by Katia Bereber \u2013 tai eleganti\u0161ki, \u0161velniai \u017evilgantys si\u016blai, kuriuose nat\u016bralus medviln\u0117s ir viskoz\u0117s \u201eEcoVero\u201c derinys papildytas subtiliu metalizuoto poliesterio blizgesiu. \u0160ie si\u016blai sukurti vasaros ir tarpsezonio mezginiams \u2013 jie lengvi, kv\u0117puojantys ir suteikia gaminiams \u0161vytin\u010dios prabangos. Tinka megztiniams, palaidin\u0117ms ar lengviems kardiganams. Sud\u0117tis: 75 % medviln\u0117, 18 % viskoz\u0117 EcoVero, 5 % poliesteris, [&hellip;]\" \/>\n<meta property=\"og:url\" content=\"https:\/\/happyinaknit.com\/ru\/product\/concept-by-katia-bereber\/\" \/>\n<meta property=\"og:site_name\" content=\"Happyinaknit.com\" \/>\n<meta property=\"article:modified_time\" content=\"2025-12-06T20:55:41+00:00\" \/>\n<meta property=\"og:image\" content=\"https:\/\/happyinaknit.com\/wp-content\/uploads\/2025\/10\/IMG_9588.jpg\" \/>\n\t<meta property=\"og:image:width\" content=\"1320\" \/>\n\t<meta property=\"og:image:height\" content=\"1420\" \/>\n\t<meta property=\"og:image:type\" content=\"image\/jpeg\" \/>\n<meta name=\"twitter:card\" content=\"summary_large_image\" \/>\n<meta name=\"twitter:label1\" content=\"\u041f\u0440\u0438\u043c\u0435\u0440\u043d\u043e\u0435 \u0432\u0440\u0435\u043c\u044f \u0434\u043b\u044f \u0447\u0442\u0435\u043d\u0438\u044f\" \/>\n\t<meta name=\"twitter:data1\" content=\"1 \u043c\u0438\u043d\u0443\u0442\u0430\" \/>\n<script type=\"application\/ld+json\" class=\"yoast-schema-graph\">{\"@context\":\"https:\/\/schema.org\",\"@graph\":[{\"@type\":\"WebPage\",\"@id\":\"https:\/\/happyinaknit.com\/produktas\/concept-by-katia-bereber\/\",\"url\":\"https:\/\/happyinaknit.com\/produktas\/concept-by-katia-bereber\/\",\"name\":\"Concept by Katia Bereber - Happyinaknit.com\",\"isPartOf\":{\"@id\":\"https:\/\/happyinaknit.com\/lt\/#website\"},\"primaryImageOfPage\":{\"@id\":\"https:\/\/happyinaknit.com\/produktas\/concept-by-katia-bereber\/#primaryimage\"},\"image\":{\"@id\":\"https:\/\/happyinaknit.com\/produktas\/concept-by-katia-bereber\/#primaryimage\"},\"thumbnailUrl\":\"https:\/\/happyinaknit.com\/wp-content\/uploads\/2025\/10\/IMG_9588.jpg\",\"datePublished\":\"2025-10-15T20:45:56+00:00\",\"dateModified\":\"2025-12-06T20:55:41+00:00\",\"breadcrumb\":{\"@id\":\"https:\/\/happyinaknit.com\/produktas\/concept-by-katia-bereber\/#breadcrumb\"},\"inLanguage\":\"ru-RU\",\"potentialAction\":[{\"@type\":\"ReadAction\",\"target\":[\"https:\/\/happyinaknit.com\/produktas\/concept-by-katia-bereber\/\"]}]},{\"@type\":\"ImageObject\",\"inLanguage\":\"ru-RU\",\"@id\":\"https:\/\/happyinaknit.com\/produktas\/concept-by-katia-bereber\/#primaryimage\",\"url\":\"https:\/\/happyinaknit.com\/wp-content\/uploads\/2025\/10\/IMG_9588.jpg\",\"contentUrl\":\"https:\/\/happyinaknit.com\/wp-content\/uploads\/2025\/10\/IMG_9588.jpg\",\"width\":1320,\"height\":1420},{\"@type\":\"BreadcrumbList\",\"@id\":\"https:\/\/happyinaknit.com\/produktas\/concept-by-katia-bereber\/#breadcrumb\",\"itemListElement\":[{\"@type\":\"ListItem\",\"position\":1,\"name\":\"Home\",\"item\":\"https:\/\/happyinaknit.com\/lt\/\"},{\"@type\":\"ListItem\",\"position\":2,\"name\":\"Parduotuv\u0117\",\"item\":\"https:\/\/happyinaknit.com\/lt\/parduotuve\/\"},{\"@type\":\"ListItem\",\"position\":3,\"name\":\"Concept by Katia Bereber\"}]},{\"@type\":\"WebSite\",\"@id\":\"https:\/\/happyinaknit.com\/lt\/#website\",\"url\":\"https:\/\/happyinaknit.com\/lt\/\",\"name\":\"Happyinaknit.com\",\"description\":\"\",\"potentialAction\":[{\"@type\":\"SearchAction\",\"target\":{\"@type\":\"EntryPoint\",\"urlTemplate\":\"https:\/\/happyinaknit.com\/lt\/?s={search_term_string}\"},\"query-input\":{\"@type\":\"PropertyValueSpecification\",\"valueRequired\":true,\"valueName\":\"search_term_string\"}}],\"inLanguage\":\"ru-RU\"}]}<\/script>\n<!-- \/ Yoast SEO plugin. -->","yoast_head_json":{"title":"Concept by Katia Bereber - Happyinaknit.com","robots":{"index":"index","follow":"follow","max-snippet":"max-snippet:-1","max-image-preview":"max-image-preview:large","max-video-preview":"max-video-preview:-1"},"canonical":"https:\/\/happyinaknit.com\/ru\/product\/concept-by-katia-bereber\/","og_locale":"ru_RU","og_type":"article","og_title":"Concept by Katia Bereber - Happyinaknit.com","og_description":"Concept by Katia Bereber \u2013 tai eleganti\u0161ki, \u0161velniai \u017evilgantys si\u016blai, kuriuose nat\u016bralus medviln\u0117s ir viskoz\u0117s \u201eEcoVero\u201c derinys papildytas subtiliu metalizuoto poliesterio blizgesiu. \u0160ie si\u016blai sukurti vasaros ir tarpsezonio mezginiams \u2013 jie lengvi, kv\u0117puojantys ir suteikia gaminiams \u0161vytin\u010dios prabangos. Tinka megztiniams, palaidin\u0117ms ar lengviems kardiganams. Sud\u0117tis: 75 % medviln\u0117, 18 % viskoz\u0117 EcoVero, 5 % poliesteris, [&hellip;]","og_url":"https:\/\/happyinaknit.com\/ru\/product\/concept-by-katia-bereber\/","og_site_name":"Happyinaknit.com","article_modified_time":"2025-12-06T20:55:41+00:00","og_image":[{"width":1320,"height":1420,"url":"https:\/\/happyinaknit.com\/wp-content\/uploads\/2025\/10\/IMG_9588.jpg","type":"image\/jpeg"}],"twitter_card":"summary_large_image","twitter_misc":{"\u041f\u0440\u0438\u043c\u0435\u0440\u043d\u043e\u0435 \u0432\u0440\u0435\u043c\u044f \u0434\u043b\u044f \u0447\u0442\u0435\u043d\u0438\u044f":"1 \u043c\u0438\u043d\u0443\u0442\u0430"},"schema":{"@context":"https:\/\/schema.org","@graph":[{"@type":"WebPage","@id":"https:\/\/happyinaknit.com\/produktas\/concept-by-katia-bereber\/","url":"https:\/\/happyinaknit.com\/produktas\/concept-by-katia-bereber\/","name":"Concept by Katia Bereber - Happyinaknit.com","isPartOf":{"@id":"https:\/\/happyinaknit.com\/lt\/#website"},"primaryImageOfPage":{"@id":"https:\/\/happyinaknit.com\/produktas\/concept-by-katia-bereber\/#primaryimage"},"image":{"@id":"https:\/\/happyinaknit.com\/produktas\/concept-by-katia-bereber\/#primaryimage"},"thumbnailUrl":"https:\/\/happyinaknit.com\/wp-content\/uploads\/2025\/10\/IMG_9588.jpg","datePublished":"2025-10-15T20:45:56+00:00","dateModified":"2025-12-06T20:55:41+00:00","breadcrumb":{"@id":"https:\/\/happyinaknit.com\/produktas\/concept-by-katia-bereber\/#breadcrumb"},"inLanguage":"ru-RU","potentialAction":[{"@type":"ReadAction","target":["https:\/\/happyinaknit.com\/produktas\/concept-by-katia-bereber\/"]}]},{"@type":"ImageObject","inLanguage":"ru-RU","@id":"https:\/\/happyinaknit.com\/produktas\/concept-by-katia-bereber\/#primaryimage","url":"https:\/\/happyinaknit.com\/wp-content\/uploads\/2025\/10\/IMG_9588.jpg","contentUrl":"https:\/\/happyinaknit.com\/wp-content\/uploads\/2025\/10\/IMG_9588.jpg","width":1320,"height":1420},{"@type":"BreadcrumbList","@id":"https:\/\/happyinaknit.com\/produktas\/concept-by-katia-bereber\/#breadcrumb","itemListElement":[{"@type":"ListItem","position":1,"name":"Home","item":"https:\/\/happyinaknit.com\/lt\/"},{"@type":"ListItem","position":2,"name":"Parduotuv\u0117","item":"https:\/\/happyinaknit.com\/lt\/parduotuve\/"},{"@type":"ListItem","position":3,"name":"Concept by Katia Bereber"}]},{"@type":"WebSite","@id":"https:\/\/happyinaknit.com\/lt\/#website","url":"https:\/\/happyinaknit.com\/lt\/","name":"Happyinaknit.com","description":"","potentialAction":[{"@type":"SearchAction","target":{"@type":"EntryPoint","urlTemplate":"https:\/\/happyinaknit.com\/lt\/?s={search_term_string}"},"query-input":{"@type":"PropertyValueSpecification","valueRequired":true,"valueName":"search_term_string"}}],"inLanguage":"ru-RU"}]}},"_links":{"self":[{"href":"https:\/\/happyinaknit.com\/ru\/wp-json\/wp\/v2\/product\/5398","targetHints":{"allow":["GET"]}}],"collection":[{"href":"https:\/\/happyinaknit.com\/ru\/wp-json\/wp\/v2\/product"}],"about":[{"href":"https:\/\/happyinaknit.com\/ru\/wp-json\/wp\/v2\/types\/product"}],"replies":[{"embeddable":true,"href":"https:\/\/happyinaknit.com\/ru\/wp-json\/wp\/v2\/comments?post=5398"}],"wp:featuredmedia":[{"embeddable":true,"href":"https:\/\/happyinaknit.com\/ru\/wp-json\/wp\/v2\/media\/4689"}],"wp:attachment":[{"href":"https:\/\/happyinaknit.com\/ru\/wp-json\/wp\/v2\/media?parent=5398"}],"wp:term":[{"taxonomy":"product_brand","embeddable":true,"href":"https:\/\/happyinaknit.com\/ru\/wp-json\/wp\/v2\/product_brand?post=5398"},{"taxonomy":"product_cat","embeddable":true,"href":"https:\/\/happyinaknit.com\/ru\/wp-json\/wp\/v2\/product_cat?post=5398"},{"taxonomy":"product_tag","embeddable":true,"href":"https:\/\/happyinaknit.com\/ru\/wp-json\/wp\/v2\/product_tag?post=5398"},{"taxonomy":"pro-kategorijos","embeddable":true,"href":"https:\/\/happyinaknit.com\/ru\/wp-json\/wp\/v2\/pro-kategorijos?post=5398"}],"curies":[{"name":"wp","href":"https:\/\/api.w.org\/{rel}","templated":true}]}}