{"id":5390,"date":"2025-10-15T20:28:37","date_gmt":"2025-10-15T20:28:37","guid":{"rendered":"https:\/\/happyinaknit.com\/?post_type=product&#038;p=5390"},"modified":"2025-11-13T19:50:28","modified_gmt":"2025-11-13T19:50:28","slug":"concept-by-katia-soffiato","status":"publish","type":"product","link":"https:\/\/happyinaknit.com\/ru\/product\/concept-by-katia-soffiato\/","title":{"rendered":"Concept by Katia Soffiato"},"content":{"rendered":"<p data-start=\"35\" data-end=\"450\"><strong data-start=\"35\" data-end=\"64\">Concept by Katia Soffiato<\/strong> \u2013 \u043d\u0435\u043e\u0431\u044b\u0447\u0430\u0439\u043d\u043e \u043c\u044f\u0433\u043a\u0430\u044f \u0438 \u043f\u0443\u0448\u0438\u0441\u0442\u0430\u044f \u043f\u0440\u044f\u0436\u0430 \u0438\u0437 \u0432\u044b\u0441\u043e\u043a\u043e\u043a\u0430\u0447\u0435\u0441\u0442\u0432\u0435\u043d\u043d\u043e\u0439 \u0430\u043b\u044c\u043f\u0430\u043a\u0438 \u00ab\u0441\u0443\u043f\u0435\u0440\u0444\u0430\u0439\u043d\u00bb \u0441 \u0434\u043e\u0431\u0430\u0432\u043b\u0435\u043d\u0438\u0435\u043c \u043d\u0435\u0431\u043e\u043b\u044c\u0448\u043e\u0433\u043e \u043a\u043e\u043b\u0438\u0447\u0435\u0441\u0442\u0432\u0430 \u043f\u043e\u043b\u0438\u0430\u043c\u0438\u0434\u0430, \u0447\u0442\u043e \u043f\u0440\u0438\u0434\u0430\u0435\u0442 \u043f\u0440\u044f\u0436\u0435 \u043f\u0440\u043e\u0447\u043d\u043e\u0441\u0442\u044c \u0438 \u043b\u0435\u0433\u043a\u043e\u0441\u0442\u044c. \u0422\u043e\u043b\u0441\u0442\u0430\u044f, \u043c\u044f\u0433\u043a\u0430\u044f \u043d\u0438\u0442\u044c \u043f\u043e\u0437\u0432\u043e\u043b\u044f\u0435\u0442 \u0431\u044b\u0441\u0442\u0440\u043e \u0432\u044f\u0437\u0430\u0442\u044c \u0442\u0435\u043f\u043b\u044b\u0435, \u043f\u0443\u0448\u0438\u0441\u0442\u044b\u0435 \u0438 \u043d\u0430\u0440\u044f\u0434\u043d\u044b\u0435 \u0432\u0435\u0449\u0438 \u2013 \u0441\u0432\u0438\u0442\u0435\u0440\u0430, \u043a\u0430\u0440\u0434\u0438\u0433\u0430\u043d\u044b, \u0448\u0430\u0440\u0444\u044b \u0438\u043b\u0438 \u0448\u0430\u043f\u043a\u0438. \u0411\u043b\u0430\u0433\u043e\u0434\u0430\u0440\u044f \u0441\u0432\u043e\u0435\u043c\u0443 \u043e\u0431\u044a\u0435\u043c\u0443 \u043f\u0440\u044f\u0436\u0430 \u0441\u043e\u0437\u0434\u0430\u0435\u0442 \u044d\u0444\u0444\u0435\u043a\u0442\u043d\u0443\u044e \u0444\u0430\u043a\u0442\u0443\u0440\u0443 \u0432\u044f\u0437\u0430\u043d\u0438\u044f, \u0441\u043e\u0445\u0440\u0430\u043d\u044f\u044f \u043f\u0440\u0438 \u044d\u0442\u043e\u043c \u043d\u0435\u0432\u0435\u0440\u043e\u044f\u0442\u043d\u0443\u044e \u043b\u0435\u0433\u043a\u043e\u0441\u0442\u044c.<\/p>\n<p data-start=\"452\" data-end=\"702\"><strong data-start=\"452\" data-end=\"464\">\u0421\u043e\u0441\u0442\u0430\u0432:<\/strong> 70 % \u0441\u0443\u043f\u0435\u0440\u0442\u043e\u043d\u043a\u0430\u044f \u0430\u043b\u044c\u043f\u0430\u043a\u0430, 30 % \u043f\u043e\u043b\u0438\u0430\u043c\u0438\u0434<br data-start=\"505\" data-end=\"508\" \/><strong data-start=\"508\" data-end=\"527\">\u0412\u0435\u0441\/\u0414\u043b\u0438\u043d\u0430:<\/strong> 100 \u0433 - 80 \u043c<br data-start=\"540\" data-end=\"543\" \/><strong data-start=\"543\" data-end=\"571\" data-is-only-node=\"\">\u0420\u0435\u043a\u043e\u043c\u0435\u043d\u0434\u0443\u0435\u043c\u044b\u0435 \u0441\u043f\u0438\u0446\u044b:<\/strong> 8 \u2013 9 \u043c\u043c<br data-start=\"580\" data-end=\"583\" \/><strong data-start=\"583\" data-end=\"596\">\u041f\u043b\u043e\u0442\u043d\u043e\u0441\u0442\u044c:<\/strong> 10 \u00d7 10 \u0441\u043c \u2013 10 \u043f\u0435\u0442\u0435\u043b\u044c \u00d7 14 \u0440\u044f\u0434\u043e\u0432<br data-start=\"628\" data-end=\"631\" \/><strong data-start=\"631\" data-end=\"658\">\u041f\u0440\u0438\u043c\u0435\u0440\u043d\u044b\u0439 \u0440\u0430\u0441\u0445\u043e\u0434:<\/strong> \u0434\u043b\u044f \u0441\u0432\u0438\u0442\u0435\u0440\u0430 (\u0440\u0430\u0437\u043c\u0435\u0440 \u041c) \u2013 \u043e\u043a\u043e\u043b\u043e 6 \u043c\u043e\u0442\u043a\u043e\u0432<\/p>\n<p data-start=\"704\" data-end=\"803\"><strong data-start=\"704\" data-end=\"718\">\u0421\u043e\u0432\u0435\u0442\u044b \u043f\u043e \u0443\u0445\u043e\u0434\u0443:<\/strong><br data-start=\"718\" data-end=\"721\" \/>\u0421\u0442\u0438\u0440\u0430\u0442\u044c \u0432\u0440\u0443\u0447\u043d\u0443\u044e \u0432 \u043f\u0440\u043e\u0445\u043b\u0430\u0434\u043d\u043e\u0439 \u0432\u043e\u0434\u0435, \u0441\u0443\u0448\u0438\u0442\u044c \u043d\u0430 \u0433\u043e\u0440\u0438\u0437\u043e\u043d\u0442\u0430\u043b\u044c\u043d\u043e\u0439 \u043f\u043e\u0432\u0435\u0440\u0445\u043d\u043e\u0441\u0442\u0438, \u043d\u0435 \u0433\u043b\u0430\u0434\u0438\u0442\u044c.<\/p>\n<p data-start=\"805\" data-end=\"893\" data-is-last-node=\"\" data-is-only-node=\"\"><strong data-start=\"805\" data-end=\"817\">\u041f\u0440\u0438\u043c\u0435\u0447\u0430\u043d\u0438\u0435:<\/strong> \u0426\u0432\u0435\u0442\u043e\u0432\u044b\u0435 \u043e\u0442\u0442\u0435\u043d\u043a\u0438 \u043c\u043e\u0433\u0443\u0442 \u043d\u0435\u0437\u043d\u0430\u0447\u0438\u0442\u0435\u043b\u044c\u043d\u043e \u043e\u0442\u043b\u0438\u0447\u0430\u0442\u044c\u0441\u044f \u0432 \u0437\u0430\u0432\u0438\u0441\u0438\u043c\u043e\u0441\u0442\u0438 \u043e\u0442 \u044d\u043a\u0440\u0430\u043d\u0430 \u0432\u0430\u0448\u0435\u0433\u043e \u0443\u0441\u0442\u0440\u043e\u0439\u0441\u0442\u0432\u0430.<\/p>","protected":false},"excerpt":{"rendered":"<p>Concept by Katia Soffiato \u2013 tai itin \u0161veln\u016bs ir pur\u016bs si\u016blai, pagaminti i\u0161 auk\u0161tos kokyb\u0117s \u201esuperfine\u201c alpakos su nedideliu poliamido kiekiu, suteikian\u010diu si\u016blui tvirtumo ir lengvumo. Stora, mink\u0161ta gija leid\u017eia greitai megzti \u0161iltus, purius ir eleganti\u0161kus drabu\u017eius \u2013 megztinius, kardiganus, \u0161alikus ar kepures. D\u0117l savo apimties si\u016blai sukuria \u012fsp\u016bding\u0105 mezginio tekst\u016br\u0105, i\u0161laikydami ne\u012ftik\u0117tin\u0105 lengvum\u0105. Sud\u0117tis: [&hellip;]<\/p>\n","protected":false},"featured_media":4693,"comment_status":"open","ping_status":"closed","template":"","meta":{"_acf_changed":false},"product_brand":[69],"product_cat":[15,182,18],"product_tag":[33],"pro-kategorijos":[54],"class_list":{"0":"post-5390","1":"product","2":"type-product","3":"status-publish","4":"has-post-thumbnail","6":"product_brand-concept-by-katia","7":"product_cat-visi-produktai","8":"product_cat-ispardavimas","9":"product_cat-siulai","10":"product_tag-ispardavimas","11":"pro-kategorijos-alpaka","13":"first","14":"instock","15":"sale","16":"shipping-taxable","17":"purchasable","18":"product-type-variable"},"acf":[],"yoast_head":"<!-- This site is optimized with the Yoast SEO plugin v26.8 - https:\/\/yoast.com\/product\/yoast-seo-wordpress\/ -->\n<title>Concept by Katia Soffiato - Happyinaknit.com<\/title>\n<meta name=\"robots\" content=\"index, follow, max-snippet:-1, max-image-preview:large, max-video-preview:-1\" \/>\n<link rel=\"canonical\" href=\"https:\/\/happyinaknit.com\/ru\/product\/concept-by-katia-soffiato\/\" \/>\n<meta property=\"og:locale\" content=\"ru_RU\" \/>\n<meta property=\"og:type\" content=\"article\" \/>\n<meta property=\"og:title\" content=\"Concept by Katia Soffiato - Happyinaknit.com\" \/>\n<meta property=\"og:description\" content=\"Concept by Katia Soffiato \u2013 tai itin \u0161veln\u016bs ir pur\u016bs si\u016blai, pagaminti i\u0161 auk\u0161tos kokyb\u0117s \u201esuperfine\u201c alpakos su nedideliu poliamido kiekiu, suteikian\u010diu si\u016blui tvirtumo ir lengvumo. Stora, mink\u0161ta gija leid\u017eia greitai megzti \u0161iltus, purius ir eleganti\u0161kus drabu\u017eius \u2013 megztinius, kardiganus, \u0161alikus ar kepures. D\u0117l savo apimties si\u016blai sukuria \u012fsp\u016bding\u0105 mezginio tekst\u016br\u0105, i\u0161laikydami ne\u012ftik\u0117tin\u0105 lengvum\u0105. Sud\u0117tis: [&hellip;]\" \/>\n<meta property=\"og:url\" content=\"https:\/\/happyinaknit.com\/ru\/product\/concept-by-katia-soffiato\/\" \/>\n<meta property=\"og:site_name\" content=\"Happyinaknit.com\" \/>\n<meta property=\"article:modified_time\" content=\"2025-11-13T19:50:28+00:00\" \/>\n<meta property=\"og:image\" content=\"https:\/\/happyinaknit.com\/wp-content\/uploads\/2025\/10\/IMG_9584.jpg\" \/>\n\t<meta property=\"og:image:width\" content=\"1320\" \/>\n\t<meta property=\"og:image:height\" content=\"1164\" \/>\n\t<meta property=\"og:image:type\" content=\"image\/jpeg\" \/>\n<meta name=\"twitter:card\" content=\"summary_large_image\" \/>\n<meta name=\"twitter:label1\" content=\"\u041f\u0440\u0438\u043c\u0435\u0440\u043d\u043e\u0435 \u0432\u0440\u0435\u043c\u044f \u0434\u043b\u044f \u0447\u0442\u0435\u043d\u0438\u044f\" \/>\n\t<meta name=\"twitter:data1\" content=\"1 \u043c\u0438\u043d\u0443\u0442\u0430\" \/>\n<script type=\"application\/ld+json\" class=\"yoast-schema-graph\">{\"@context\":\"https:\/\/schema.org\",\"@graph\":[{\"@type\":\"WebPage\",\"@id\":\"https:\/\/happyinaknit.com\/produktas\/concept-by-katia-soffiato\/\",\"url\":\"https:\/\/happyinaknit.com\/produktas\/concept-by-katia-soffiato\/\",\"name\":\"Concept by Katia Soffiato - Happyinaknit.com\",\"isPartOf\":{\"@id\":\"https:\/\/happyinaknit.com\/lt\/#website\"},\"primaryImageOfPage\":{\"@id\":\"https:\/\/happyinaknit.com\/produktas\/concept-by-katia-soffiato\/#primaryimage\"},\"image\":{\"@id\":\"https:\/\/happyinaknit.com\/produktas\/concept-by-katia-soffiato\/#primaryimage\"},\"thumbnailUrl\":\"https:\/\/happyinaknit.com\/wp-content\/uploads\/2025\/10\/IMG_9584.jpg\",\"datePublished\":\"2025-10-15T20:28:37+00:00\",\"dateModified\":\"2025-11-13T19:50:28+00:00\",\"breadcrumb\":{\"@id\":\"https:\/\/happyinaknit.com\/produktas\/concept-by-katia-soffiato\/#breadcrumb\"},\"inLanguage\":\"ru-RU\",\"potentialAction\":[{\"@type\":\"ReadAction\",\"target\":[\"https:\/\/happyinaknit.com\/produktas\/concept-by-katia-soffiato\/\"]}]},{\"@type\":\"ImageObject\",\"inLanguage\":\"ru-RU\",\"@id\":\"https:\/\/happyinaknit.com\/produktas\/concept-by-katia-soffiato\/#primaryimage\",\"url\":\"https:\/\/happyinaknit.com\/wp-content\/uploads\/2025\/10\/IMG_9584.jpg\",\"contentUrl\":\"https:\/\/happyinaknit.com\/wp-content\/uploads\/2025\/10\/IMG_9584.jpg\",\"width\":1320,\"height\":1164},{\"@type\":\"BreadcrumbList\",\"@id\":\"https:\/\/happyinaknit.com\/produktas\/concept-by-katia-soffiato\/#breadcrumb\",\"itemListElement\":[{\"@type\":\"ListItem\",\"position\":1,\"name\":\"Home\",\"item\":\"https:\/\/happyinaknit.com\/lt\/\"},{\"@type\":\"ListItem\",\"position\":2,\"name\":\"Parduotuv\u0117\",\"item\":\"https:\/\/happyinaknit.com\/lt\/parduotuve\/\"},{\"@type\":\"ListItem\",\"position\":3,\"name\":\"Concept by Katia Soffiato\"}]},{\"@type\":\"WebSite\",\"@id\":\"https:\/\/happyinaknit.com\/lt\/#website\",\"url\":\"https:\/\/happyinaknit.com\/lt\/\",\"name\":\"Happyinaknit.com\",\"description\":\"\",\"potentialAction\":[{\"@type\":\"SearchAction\",\"target\":{\"@type\":\"EntryPoint\",\"urlTemplate\":\"https:\/\/happyinaknit.com\/lt\/?s={search_term_string}\"},\"query-input\":{\"@type\":\"PropertyValueSpecification\",\"valueRequired\":true,\"valueName\":\"search_term_string\"}}],\"inLanguage\":\"ru-RU\"}]}<\/script>\n<!-- \/ Yoast SEO plugin. -->","yoast_head_json":{"title":"Concept by Katia Soffiato - Happyinaknit.com","robots":{"index":"index","follow":"follow","max-snippet":"max-snippet:-1","max-image-preview":"max-image-preview:large","max-video-preview":"max-video-preview:-1"},"canonical":"https:\/\/happyinaknit.com\/ru\/product\/concept-by-katia-soffiato\/","og_locale":"ru_RU","og_type":"article","og_title":"Concept by Katia Soffiato - Happyinaknit.com","og_description":"Concept by Katia Soffiato \u2013 tai itin \u0161veln\u016bs ir pur\u016bs si\u016blai, pagaminti i\u0161 auk\u0161tos kokyb\u0117s \u201esuperfine\u201c alpakos su nedideliu poliamido kiekiu, suteikian\u010diu si\u016blui tvirtumo ir lengvumo. Stora, mink\u0161ta gija leid\u017eia greitai megzti \u0161iltus, purius ir eleganti\u0161kus drabu\u017eius \u2013 megztinius, kardiganus, \u0161alikus ar kepures. D\u0117l savo apimties si\u016blai sukuria \u012fsp\u016bding\u0105 mezginio tekst\u016br\u0105, i\u0161laikydami ne\u012ftik\u0117tin\u0105 lengvum\u0105. Sud\u0117tis: [&hellip;]","og_url":"https:\/\/happyinaknit.com\/ru\/product\/concept-by-katia-soffiato\/","og_site_name":"Happyinaknit.com","article_modified_time":"2025-11-13T19:50:28+00:00","og_image":[{"width":1320,"height":1164,"url":"https:\/\/happyinaknit.com\/wp-content\/uploads\/2025\/10\/IMG_9584.jpg","type":"image\/jpeg"}],"twitter_card":"summary_large_image","twitter_misc":{"\u041f\u0440\u0438\u043c\u0435\u0440\u043d\u043e\u0435 \u0432\u0440\u0435\u043c\u044f \u0434\u043b\u044f \u0447\u0442\u0435\u043d\u0438\u044f":"1 \u043c\u0438\u043d\u0443\u0442\u0430"},"schema":{"@context":"https:\/\/schema.org","@graph":[{"@type":"WebPage","@id":"https:\/\/happyinaknit.com\/produktas\/concept-by-katia-soffiato\/","url":"https:\/\/happyinaknit.com\/produktas\/concept-by-katia-soffiato\/","name":"Concept by Katia Soffiato - Happyinaknit.com","isPartOf":{"@id":"https:\/\/happyinaknit.com\/lt\/#website"},"primaryImageOfPage":{"@id":"https:\/\/happyinaknit.com\/produktas\/concept-by-katia-soffiato\/#primaryimage"},"image":{"@id":"https:\/\/happyinaknit.com\/produktas\/concept-by-katia-soffiato\/#primaryimage"},"thumbnailUrl":"https:\/\/happyinaknit.com\/wp-content\/uploads\/2025\/10\/IMG_9584.jpg","datePublished":"2025-10-15T20:28:37+00:00","dateModified":"2025-11-13T19:50:28+00:00","breadcrumb":{"@id":"https:\/\/happyinaknit.com\/produktas\/concept-by-katia-soffiato\/#breadcrumb"},"inLanguage":"ru-RU","potentialAction":[{"@type":"ReadAction","target":["https:\/\/happyinaknit.com\/produktas\/concept-by-katia-soffiato\/"]}]},{"@type":"ImageObject","inLanguage":"ru-RU","@id":"https:\/\/happyinaknit.com\/produktas\/concept-by-katia-soffiato\/#primaryimage","url":"https:\/\/happyinaknit.com\/wp-content\/uploads\/2025\/10\/IMG_9584.jpg","contentUrl":"https:\/\/happyinaknit.com\/wp-content\/uploads\/2025\/10\/IMG_9584.jpg","width":1320,"height":1164},{"@type":"BreadcrumbList","@id":"https:\/\/happyinaknit.com\/produktas\/concept-by-katia-soffiato\/#breadcrumb","itemListElement":[{"@type":"ListItem","position":1,"name":"Home","item":"https:\/\/happyinaknit.com\/lt\/"},{"@type":"ListItem","position":2,"name":"Parduotuv\u0117","item":"https:\/\/happyinaknit.com\/lt\/parduotuve\/"},{"@type":"ListItem","position":3,"name":"Concept by Katia Soffiato"}]},{"@type":"WebSite","@id":"https:\/\/happyinaknit.com\/lt\/#website","url":"https:\/\/happyinaknit.com\/lt\/","name":"Happyinaknit.com","description":"","potentialAction":[{"@type":"SearchAction","target":{"@type":"EntryPoint","urlTemplate":"https:\/\/happyinaknit.com\/lt\/?s={search_term_string}"},"query-input":{"@type":"PropertyValueSpecification","valueRequired":true,"valueName":"search_term_string"}}],"inLanguage":"ru-RU"}]}},"_links":{"self":[{"href":"https:\/\/happyinaknit.com\/ru\/wp-json\/wp\/v2\/product\/5390","targetHints":{"allow":["GET"]}}],"collection":[{"href":"https:\/\/happyinaknit.com\/ru\/wp-json\/wp\/v2\/product"}],"about":[{"href":"https:\/\/happyinaknit.com\/ru\/wp-json\/wp\/v2\/types\/product"}],"replies":[{"embeddable":true,"href":"https:\/\/happyinaknit.com\/ru\/wp-json\/wp\/v2\/comments?post=5390"}],"wp:featuredmedia":[{"embeddable":true,"href":"https:\/\/happyinaknit.com\/ru\/wp-json\/wp\/v2\/media\/4693"}],"wp:attachment":[{"href":"https:\/\/happyinaknit.com\/ru\/wp-json\/wp\/v2\/media?parent=5390"}],"wp:term":[{"taxonomy":"product_brand","embeddable":true,"href":"https:\/\/happyinaknit.com\/ru\/wp-json\/wp\/v2\/product_brand?post=5390"},{"taxonomy":"product_cat","embeddable":true,"href":"https:\/\/happyinaknit.com\/ru\/wp-json\/wp\/v2\/product_cat?post=5390"},{"taxonomy":"product_tag","embeddable":true,"href":"https:\/\/happyinaknit.com\/ru\/wp-json\/wp\/v2\/product_tag?post=5390"},{"taxonomy":"pro-kategorijos","embeddable":true,"href":"https:\/\/happyinaknit.com\/ru\/wp-json\/wp\/v2\/pro-kategorijos?post=5390"}],"curies":[{"name":"wp","href":"https:\/\/api.w.org\/{rel}","templated":true}]}}