{"id":5356,"date":"2025-10-15T19:42:05","date_gmt":"2025-10-15T19:42:05","guid":{"rendered":"https:\/\/happyinaknit.com\/?post_type=product&#038;p=5356"},"modified":"2026-03-26T14:41:59","modified_gmt":"2026-03-26T14:41:59","slug":"concept-by-katia-alpaca-silver","status":"publish","type":"product","link":"https:\/\/happyinaknit.com\/ru\/product\/concept-by-katia-alpaca-silver\/","title":{"rendered":"Concept by Katia Alpaca Silver"},"content":{"rendered":"<p data-start=\"40\" data-end=\"400\"><strong data-start=\"40\" data-end=\"74\">Concept by Katia Alpaca Silver<\/strong> \u2013 \u043c\u044f\u0433\u043a\u0430\u044f, \u043b\u0451\u0433\u043a\u0430\u044f \u0438 \u0441\u043b\u0435\u0433\u043a\u0430 \u043c\u0435\u0440\u0446\u0430\u044e\u0449\u0430\u044f \u043f\u0440\u044f\u0436\u0430 \u0438\u0437 \u0440\u043e\u0441\u043a\u043e\u0448\u043d\u043e\u0439 \u0430\u043b\u044c\u043f\u0430\u043a\u0438 Superfine \u0438 \u043f\u043e\u043b\u0438\u044d\u0441\u0442\u0435\u0440\u0430. \u0421\u0435\u0440\u0435\u0431\u0440\u0438\u0441\u0442\u044b\u0439 \u0431\u043b\u0435\u0441\u043a \u043f\u0440\u0438\u0434\u0430\u0451\u0442 \u043f\u0440\u044f\u0436\u0435 \u0438\u0437\u044b\u0441\u043a\u0430\u043d\u043d\u043e\u0441\u0442\u044c, \u0430 \u043f\u0443\u0448\u0438\u0441\u0442\u0430\u044f \u0442\u0435\u043a\u0441\u0442\u0443\u0440\u0430 \u043e\u0431\u0435\u0441\u043f\u0435\u0447\u0438\u0432\u0430\u0435\u0442 \u0442\u0435\u043f\u043b\u043e \u0438 \u0438\u0441\u043a\u043b\u044e\u0447\u0438\u0442\u0435\u043b\u044c\u043d\u044b\u0439 \u043a\u043e\u043c\u0444\u043e\u0440\u0442. \u0418\u0434\u0435\u0430\u043b\u044c\u043d\u043e \u043f\u043e\u0434\u0445\u043e\u0434\u0438\u0442 \u0434\u043b\u044f \u0441\u0432\u0438\u0442\u0435\u0440\u043e\u0432, \u043a\u0430\u0440\u0434\u0438\u0433\u0430\u043d\u043e\u0432, \u0448\u0430\u0440\u0444\u043e\u0432 \u0438 \u0448\u0430\u043b\u0435\u0439 \u2013 \u0432\u044f\u0437\u0430\u043d\u044b\u0435 \u0438\u0437\u0434\u0435\u043b\u0438\u044f \u0432\u044b\u0433\u043b\u044f\u0434\u044f\u0442 \u044d\u043b\u0435\u0433\u0430\u043d\u0442\u043d\u043e \u0438 \u0443\u044e\u0442\u043d\u043e.<\/p>\n<p data-start=\"402\" data-end=\"671\"><strong data-start=\"402\" data-end=\"414\">\u0421\u043e\u0441\u0442\u0430\u0432:<\/strong> 73 % \u0430\u043b\u044c\u043f\u0430\u043a\u0430, 20 % \u043f\u043e\u043b\u0438\u0430\u043c\u0438\u0434, 7 % \u043f\u043e\u043b\u0438\u044d\u0441\u0442\u0435\u0440<br data-start=\"460\" data-end=\"463\" \/><strong data-start=\"463\" data-end=\"482\">\u0412\u0435\u0441\/\u0414\u043b\u0438\u043d\u0430:<\/strong> 25 \u0433 - 120 \u043c<br data-start=\"495\" data-end=\"498\" \/><strong data-start=\"498\" data-end=\"526\" data-is-only-node=\"\">\u0420\u0435\u043a\u043e\u043c\u0435\u043d\u0434\u0443\u0435\u043c\u044b\u0435 \u0441\u043f\u0438\u0446\u044b:<\/strong> 4 \u2013 4,5 \u043c\u043c<br data-start=\"537\" data-end=\"540\" \/><strong data-start=\"540\" data-end=\"553\">\u041f\u043b\u043e\u0442\u043d\u043e\u0441\u0442\u044c:<\/strong> 10 \u00d7 10 \u0441\u043c \u2013 19 \u043f\u0435\u0442\u0435\u043b\u044c \u00d7 28 \u0440\u044f\u0434\u043e\u0432<br data-start=\"585\" data-end=\"588\" \/><strong data-start=\"588\" data-end=\"615\">\u041f\u0440\u0438\u043c\u0435\u0440\u043d\u044b\u0439 \u0440\u0430\u0441\u0445\u043e\u0434:<\/strong> \u0434\u043b\u044f \u0436\u0435\u043d\u0441\u043a\u043e\u0433\u043e \u0441\u0432\u0438\u0442\u0435\u0440\u0430 (\u0440\u0430\u0437\u043c\u0435\u0440 46) \u2013 \u043e\u043a\u043e\u043b\u043e 8 \u043c\u043e\u0442\u043a\u043e\u0432<\/p>\n<p data-start=\"673\" data-end=\"810\"><strong data-start=\"673\" data-end=\"687\">\u0421\u043e\u0432\u0435\u0442\u044b \u043f\u043e \u0443\u0445\u043e\u0434\u0443:<\/strong><br data-start=\"687\" data-end=\"690\" \/>\u0421\u0442\u0438\u0440\u0430\u0442\u044c \u0432\u0440\u0443\u0447\u043d\u0443\u044e \u043f\u0440\u0438 \u0442\u0435\u043c\u043f\u0435\u0440\u0430\u0442\u0443\u0440\u0435 \u043d\u0435 \u0432\u044b\u0448\u0435 30\u00b0\u0421, \u0441\u0443\u0448\u0438\u0442\u044c \u043d\u0430 \u0433\u043e\u0440\u0438\u0437\u043e\u043d\u0442\u0430\u043b\u044c\u043d\u043e\u0439 \u043f\u043e\u0432\u0435\u0440\u0445\u043d\u043e\u0441\u0442\u0438, \u043d\u0435 \u0433\u043b\u0430\u0434\u0438\u0442\u044c \u0433\u043e\u0440\u044f\u0447\u0438\u043c \u0443\u0442\u044e\u0433\u043e\u043c.<\/p>\n<p data-start=\"812\" data-end=\"900\" data-is-last-node=\"\" data-is-only-node=\"\"><strong data-start=\"812\" data-end=\"824\">\u041f\u0440\u0438\u043c\u0435\u0447\u0430\u043d\u0438\u0435:<\/strong> \u0426\u0432\u0435\u0442\u043e\u0432\u044b\u0435 \u043e\u0442\u0442\u0435\u043d\u043a\u0438 \u043c\u043e\u0433\u0443\u0442 \u043d\u0435\u0437\u043d\u0430\u0447\u0438\u0442\u0435\u043b\u044c\u043d\u043e \u043e\u0442\u043b\u0438\u0447\u0430\u0442\u044c\u0441\u044f \u0432 \u0437\u0430\u0432\u0438\u0441\u0438\u043c\u043e\u0441\u0442\u0438 \u043e\u0442 \u044d\u043a\u0440\u0430\u043d\u0430 \u0432\u0430\u0448\u0435\u0433\u043e \u0443\u0441\u0442\u0440\u043e\u0439\u0441\u0442\u0432\u0430.<\/p>","protected":false},"excerpt":{"rendered":"<p>Concept by Katia Alpaca Silver \u2013 tai \u0161veln\u016bs, lengvi ir subtiliai \u017evilgantys si\u016blai, sukurti i\u0161 prabangios \u201eSuperfine\u201c alpakos ir poliesterio. Sidabrinio spindesio gija suteikia si\u016blui rafinuotumo, o puri tekst\u016bra u\u017etikrina \u0161ilum\u0105 ir ypating\u0105 komfort\u0105. Puikiai tinka megztiniams, kardiganams, \u0161alikams ar skaroms \u2013 mezginiai atrodo eleganti\u0161kai ir jaukiai. Sud\u0117tis: 73 % alpaka, 20 % poliamidas, 7 [&hellip;]<\/p>\n","protected":false},"featured_media":4712,"comment_status":"open","ping_status":"closed","template":"","meta":{"_acf_changed":false},"product_brand":[69],"product_cat":[15,18,323],"product_tag":[],"pro-kategorijos":[54],"class_list":{"0":"post-5356","1":"product","2":"type-product","3":"status-publish","4":"has-post-thumbnail","6":"product_brand-concept-by-katia","7":"product_cat-visi-produktai","8":"product_cat-siulai","9":"product_cat-siulai-su-lureksu-ir-zvyneliais","10":"pro-kategorijos-alpaka","12":"first","13":"instock","14":"shipping-taxable","15":"purchasable","16":"product-type-variable"},"acf":[],"yoast_head":"<!-- This site is optimized with the Yoast SEO plugin v26.8 - https:\/\/yoast.com\/product\/yoast-seo-wordpress\/ -->\n<title>Concept by Katia Alpaca Silver - Happyinaknit.com<\/title>\n<meta name=\"robots\" content=\"index, follow, max-snippet:-1, max-image-preview:large, max-video-preview:-1\" \/>\n<link rel=\"canonical\" href=\"https:\/\/happyinaknit.com\/ru\/product\/concept-by-katia-alpaca-silver\/\" \/>\n<meta property=\"og:locale\" content=\"ru_RU\" \/>\n<meta property=\"og:type\" content=\"article\" \/>\n<meta property=\"og:title\" content=\"Concept by Katia Alpaca Silver - Happyinaknit.com\" \/>\n<meta property=\"og:description\" content=\"Concept by Katia Alpaca Silver \u2013 tai \u0161veln\u016bs, lengvi ir subtiliai \u017evilgantys si\u016blai, sukurti i\u0161 prabangios \u201eSuperfine\u201c alpakos ir poliesterio. Sidabrinio spindesio gija suteikia si\u016blui rafinuotumo, o puri tekst\u016bra u\u017etikrina \u0161ilum\u0105 ir ypating\u0105 komfort\u0105. Puikiai tinka megztiniams, kardiganams, \u0161alikams ar skaroms \u2013 mezginiai atrodo eleganti\u0161kai ir jaukiai. Sud\u0117tis: 73 % alpaka, 20 % poliamidas, 7 [&hellip;]\" \/>\n<meta property=\"og:url\" content=\"https:\/\/happyinaknit.com\/ru\/product\/concept-by-katia-alpaca-silver\/\" \/>\n<meta property=\"og:site_name\" content=\"Happyinaknit.com\" \/>\n<meta property=\"article:modified_time\" content=\"2026-03-26T14:41:59+00:00\" \/>\n<meta property=\"og:image\" content=\"https:\/\/happyinaknit.com\/wp-content\/uploads\/2025\/10\/IMG_9564.jpg\" \/>\n\t<meta property=\"og:image:width\" content=\"1320\" \/>\n\t<meta property=\"og:image:height\" content=\"1148\" \/>\n\t<meta property=\"og:image:type\" content=\"image\/jpeg\" \/>\n<meta name=\"twitter:card\" content=\"summary_large_image\" \/>\n<meta name=\"twitter:label1\" content=\"\u041f\u0440\u0438\u043c\u0435\u0440\u043d\u043e\u0435 \u0432\u0440\u0435\u043c\u044f \u0434\u043b\u044f \u0447\u0442\u0435\u043d\u0438\u044f\" \/>\n\t<meta name=\"twitter:data1\" content=\"1 \u043c\u0438\u043d\u0443\u0442\u0430\" \/>\n<script type=\"application\/ld+json\" class=\"yoast-schema-graph\">{\"@context\":\"https:\/\/schema.org\",\"@graph\":[{\"@type\":\"WebPage\",\"@id\":\"https:\/\/happyinaknit.com\/produktas\/concept-by-katia-alpaca-silver\/\",\"url\":\"https:\/\/happyinaknit.com\/produktas\/concept-by-katia-alpaca-silver\/\",\"name\":\"Concept by Katia Alpaca Silver - Happyinaknit.com\",\"isPartOf\":{\"@id\":\"https:\/\/happyinaknit.com\/lt\/#website\"},\"primaryImageOfPage\":{\"@id\":\"https:\/\/happyinaknit.com\/produktas\/concept-by-katia-alpaca-silver\/#primaryimage\"},\"image\":{\"@id\":\"https:\/\/happyinaknit.com\/produktas\/concept-by-katia-alpaca-silver\/#primaryimage\"},\"thumbnailUrl\":\"https:\/\/happyinaknit.com\/wp-content\/uploads\/2025\/10\/IMG_9564.jpg\",\"datePublished\":\"2025-10-15T19:42:05+00:00\",\"dateModified\":\"2026-03-26T14:41:59+00:00\",\"breadcrumb\":{\"@id\":\"https:\/\/happyinaknit.com\/produktas\/concept-by-katia-alpaca-silver\/#breadcrumb\"},\"inLanguage\":\"ru-RU\",\"potentialAction\":[{\"@type\":\"ReadAction\",\"target\":[\"https:\/\/happyinaknit.com\/produktas\/concept-by-katia-alpaca-silver\/\"]}]},{\"@type\":\"ImageObject\",\"inLanguage\":\"ru-RU\",\"@id\":\"https:\/\/happyinaknit.com\/produktas\/concept-by-katia-alpaca-silver\/#primaryimage\",\"url\":\"https:\/\/happyinaknit.com\/wp-content\/uploads\/2025\/10\/IMG_9564.jpg\",\"contentUrl\":\"https:\/\/happyinaknit.com\/wp-content\/uploads\/2025\/10\/IMG_9564.jpg\",\"width\":1320,\"height\":1148},{\"@type\":\"BreadcrumbList\",\"@id\":\"https:\/\/happyinaknit.com\/produktas\/concept-by-katia-alpaca-silver\/#breadcrumb\",\"itemListElement\":[{\"@type\":\"ListItem\",\"position\":1,\"name\":\"Home\",\"item\":\"https:\/\/happyinaknit.com\/lt\/\"},{\"@type\":\"ListItem\",\"position\":2,\"name\":\"Parduotuv\u0117\",\"item\":\"https:\/\/happyinaknit.com\/lt\/parduotuve\/\"},{\"@type\":\"ListItem\",\"position\":3,\"name\":\"Concept by Katia Alpaca Silver\"}]},{\"@type\":\"WebSite\",\"@id\":\"https:\/\/happyinaknit.com\/lt\/#website\",\"url\":\"https:\/\/happyinaknit.com\/lt\/\",\"name\":\"Happyinaknit.com\",\"description\":\"\",\"potentialAction\":[{\"@type\":\"SearchAction\",\"target\":{\"@type\":\"EntryPoint\",\"urlTemplate\":\"https:\/\/happyinaknit.com\/lt\/?s={search_term_string}\"},\"query-input\":{\"@type\":\"PropertyValueSpecification\",\"valueRequired\":true,\"valueName\":\"search_term_string\"}}],\"inLanguage\":\"ru-RU\"}]}<\/script>\n<!-- \/ Yoast SEO plugin. -->","yoast_head_json":{"title":"Concept by Katia Alpaca Silver - Happyinaknit.com","robots":{"index":"index","follow":"follow","max-snippet":"max-snippet:-1","max-image-preview":"max-image-preview:large","max-video-preview":"max-video-preview:-1"},"canonical":"https:\/\/happyinaknit.com\/ru\/product\/concept-by-katia-alpaca-silver\/","og_locale":"ru_RU","og_type":"article","og_title":"Concept by Katia Alpaca Silver - Happyinaknit.com","og_description":"Concept by Katia Alpaca Silver \u2013 tai \u0161veln\u016bs, lengvi ir subtiliai \u017evilgantys si\u016blai, sukurti i\u0161 prabangios \u201eSuperfine\u201c alpakos ir poliesterio. Sidabrinio spindesio gija suteikia si\u016blui rafinuotumo, o puri tekst\u016bra u\u017etikrina \u0161ilum\u0105 ir ypating\u0105 komfort\u0105. Puikiai tinka megztiniams, kardiganams, \u0161alikams ar skaroms \u2013 mezginiai atrodo eleganti\u0161kai ir jaukiai. Sud\u0117tis: 73 % alpaka, 20 % poliamidas, 7 [&hellip;]","og_url":"https:\/\/happyinaknit.com\/ru\/product\/concept-by-katia-alpaca-silver\/","og_site_name":"Happyinaknit.com","article_modified_time":"2026-03-26T14:41:59+00:00","og_image":[{"width":1320,"height":1148,"url":"https:\/\/happyinaknit.com\/wp-content\/uploads\/2025\/10\/IMG_9564.jpg","type":"image\/jpeg"}],"twitter_card":"summary_large_image","twitter_misc":{"\u041f\u0440\u0438\u043c\u0435\u0440\u043d\u043e\u0435 \u0432\u0440\u0435\u043c\u044f \u0434\u043b\u044f \u0447\u0442\u0435\u043d\u0438\u044f":"1 \u043c\u0438\u043d\u0443\u0442\u0430"},"schema":{"@context":"https:\/\/schema.org","@graph":[{"@type":"WebPage","@id":"https:\/\/happyinaknit.com\/produktas\/concept-by-katia-alpaca-silver\/","url":"https:\/\/happyinaknit.com\/produktas\/concept-by-katia-alpaca-silver\/","name":"Concept by Katia Alpaca Silver - Happyinaknit.com","isPartOf":{"@id":"https:\/\/happyinaknit.com\/lt\/#website"},"primaryImageOfPage":{"@id":"https:\/\/happyinaknit.com\/produktas\/concept-by-katia-alpaca-silver\/#primaryimage"},"image":{"@id":"https:\/\/happyinaknit.com\/produktas\/concept-by-katia-alpaca-silver\/#primaryimage"},"thumbnailUrl":"https:\/\/happyinaknit.com\/wp-content\/uploads\/2025\/10\/IMG_9564.jpg","datePublished":"2025-10-15T19:42:05+00:00","dateModified":"2026-03-26T14:41:59+00:00","breadcrumb":{"@id":"https:\/\/happyinaknit.com\/produktas\/concept-by-katia-alpaca-silver\/#breadcrumb"},"inLanguage":"ru-RU","potentialAction":[{"@type":"ReadAction","target":["https:\/\/happyinaknit.com\/produktas\/concept-by-katia-alpaca-silver\/"]}]},{"@type":"ImageObject","inLanguage":"ru-RU","@id":"https:\/\/happyinaknit.com\/produktas\/concept-by-katia-alpaca-silver\/#primaryimage","url":"https:\/\/happyinaknit.com\/wp-content\/uploads\/2025\/10\/IMG_9564.jpg","contentUrl":"https:\/\/happyinaknit.com\/wp-content\/uploads\/2025\/10\/IMG_9564.jpg","width":1320,"height":1148},{"@type":"BreadcrumbList","@id":"https:\/\/happyinaknit.com\/produktas\/concept-by-katia-alpaca-silver\/#breadcrumb","itemListElement":[{"@type":"ListItem","position":1,"name":"Home","item":"https:\/\/happyinaknit.com\/lt\/"},{"@type":"ListItem","position":2,"name":"Parduotuv\u0117","item":"https:\/\/happyinaknit.com\/lt\/parduotuve\/"},{"@type":"ListItem","position":3,"name":"Concept by Katia Alpaca Silver"}]},{"@type":"WebSite","@id":"https:\/\/happyinaknit.com\/lt\/#website","url":"https:\/\/happyinaknit.com\/lt\/","name":"Happyinaknit.com","description":"","potentialAction":[{"@type":"SearchAction","target":{"@type":"EntryPoint","urlTemplate":"https:\/\/happyinaknit.com\/lt\/?s={search_term_string}"},"query-input":{"@type":"PropertyValueSpecification","valueRequired":true,"valueName":"search_term_string"}}],"inLanguage":"ru-RU"}]}},"_links":{"self":[{"href":"https:\/\/happyinaknit.com\/ru\/wp-json\/wp\/v2\/product\/5356","targetHints":{"allow":["GET"]}}],"collection":[{"href":"https:\/\/happyinaknit.com\/ru\/wp-json\/wp\/v2\/product"}],"about":[{"href":"https:\/\/happyinaknit.com\/ru\/wp-json\/wp\/v2\/types\/product"}],"replies":[{"embeddable":true,"href":"https:\/\/happyinaknit.com\/ru\/wp-json\/wp\/v2\/comments?post=5356"}],"wp:featuredmedia":[{"embeddable":true,"href":"https:\/\/happyinaknit.com\/ru\/wp-json\/wp\/v2\/media\/4712"}],"wp:attachment":[{"href":"https:\/\/happyinaknit.com\/ru\/wp-json\/wp\/v2\/media?parent=5356"}],"wp:term":[{"taxonomy":"product_brand","embeddable":true,"href":"https:\/\/happyinaknit.com\/ru\/wp-json\/wp\/v2\/product_brand?post=5356"},{"taxonomy":"product_cat","embeddable":true,"href":"https:\/\/happyinaknit.com\/ru\/wp-json\/wp\/v2\/product_cat?post=5356"},{"taxonomy":"product_tag","embeddable":true,"href":"https:\/\/happyinaknit.com\/ru\/wp-json\/wp\/v2\/product_tag?post=5356"},{"taxonomy":"pro-kategorijos","embeddable":true,"href":"https:\/\/happyinaknit.com\/ru\/wp-json\/wp\/v2\/pro-kategorijos?post=5356"}],"curies":[{"name":"wp","href":"https:\/\/api.w.org\/{rel}","templated":true}]}}