{"id":5341,"date":"2025-10-15T19:10:59","date_gmt":"2025-10-15T19:10:59","guid":{"rendered":"https:\/\/happyinaknit.com\/?post_type=product&#038;p=5341"},"modified":"2025-11-13T19:59:49","modified_gmt":"2025-11-13T19:59:49","slug":"concept-by-katia-pure","status":"publish","type":"product","link":"https:\/\/happyinaknit.com\/ru\/product\/concept-by-katia-pure\/","title":{"rendered":"Concept by Katia Pure"},"content":{"rendered":"<p data-start=\"31\" data-end=\"475\"><strong data-start=\"31\" data-end=\"56\">Concept by Katia Pure<\/strong> \u2013 \u0440\u043e\u0441\u043a\u043e\u0448\u043d\u0430\u044f, \u0443\u043b\u044c\u0442\u0440\u0430\u043c\u044f\u0433\u043a\u0430\u044f \u043f\u0440\u044f\u0436\u0430 \u0438\u0437 100% \u0445\u043b\u043e\u043f\u043a\u0430 \u043f\u0438\u043c\u0430 %, \u0432\u044b\u0440\u0430\u0449\u0435\u043d\u043d\u043e\u0433\u043e \u043d\u0430 \u0441\u0435\u0432\u0435\u0440\u043d\u043e\u043c \u043f\u043e\u0431\u0435\u0440\u0435\u0436\u044c\u0435 \u041f\u0435\u0440\u0443. \u042d\u0442\u0430 \u043f\u0440\u044f\u0436\u0430 \u0441 \u043a\u043e\u0440\u0434\u043e\u0432\u043e\u0439 \u0441\u0442\u0440\u0443\u043a\u0442\u0443\u0440\u043e\u0439 \u043b\u0451\u0433\u043a\u0430\u044f, \u043f\u0443\u0448\u0438\u0441\u0442\u0430\u044f \u0438 \u0432 \u0442\u043e \u0436\u0435 \u0432\u0440\u0435\u043c\u044f \u0434\u043e\u0441\u0442\u0430\u0442\u043e\u0447\u043d\u043e \u043f\u043b\u043e\u0442\u043d\u0430\u044f, \u043f\u043e\u044d\u0442\u043e\u043c\u0443 \u0438\u0437\u0434\u0435\u043b\u0438\u044f \u0438\u0437 \u043d\u0435\u0451 \u0432\u044f\u0436\u0443\u0442\u0441\u044f \u0431\u044b\u0441\u0442\u0440\u043e \u0438 \u043a\u043e\u043c\u0444\u043e\u0440\u0442\u043d\u043e. \u0418\u0434\u0435\u0430\u043b\u044c\u043d\u043e \u043f\u043e\u0434\u0445\u043e\u0434\u0438\u0442 \u0434\u043b\u044f \u043a\u0440\u0443\u0433\u043b\u043e\u0433\u043e\u0434\u0438\u0447\u043d\u043e\u0433\u043e \u0432\u044f\u0437\u0430\u043d\u0438\u044f \u2013 \u043e\u0442 \u043b\u0451\u0433\u043a\u0438\u0445 \u0441\u0432\u0438\u0442\u0435\u0440\u043e\u0432 \u0434\u043e \u043b\u0435\u0442\u043d\u0438\u0445 \u0442\u043e\u043f\u043e\u0432 \u0438 \u043a\u0430\u0440\u0434\u0438\u0433\u0430\u043d\u043e\u0432. \u041f\u0440\u044f\u0436\u0430 \u043c\u044f\u0433\u043a\u043e \u043e\u0431\u043b\u0435\u0433\u0430\u0435\u0442 \u0442\u0435\u043b\u043e, \u043e\u0431\u043b\u0430\u0434\u0430\u0435\u0442 \u043f\u0440\u0438\u044f\u0442\u043d\u044b\u043c \u0435\u0441\u0442\u0435\u0441\u0442\u0432\u0435\u043d\u043d\u044b\u043c \u0431\u043b\u0435\u0441\u043a\u043e\u043c \u0438 \u043e\u0442\u043b\u0438\u0447\u0430\u0435\u0442\u0441\u044f \u0438\u0441\u043a\u043b\u044e\u0447\u0438\u0442\u0435\u043b\u044c\u043d\u044b\u043c \u043a\u0430\u0447\u0435\u0441\u0442\u0432\u043e\u043c.<\/p>\n<p data-start=\"477\" data-end=\"711\"><strong data-start=\"477\" data-end=\"489\">\u0421\u043e\u0441\u0442\u0430\u0432:<\/strong> 100 % \u041f\u0438\u043c\u0430 \u0445\u043b\u043e\u043f\u043e\u043a<br data-start=\"509\" data-end=\"512\" \/><strong data-start=\"512\" data-end=\"531\">\u0412\u0435\u0441\/\u0414\u043b\u0438\u043d\u0430:<\/strong> 50 \u0433 - 100 \u043c<br data-start=\"544\" data-end=\"547\" \/><strong data-start=\"547\" data-end=\"575\" data-is-only-node=\"\">\u0420\u0435\u043a\u043e\u043c\u0435\u043d\u0434\u0443\u0435\u043c\u044b\u0435 \u0441\u043f\u0438\u0446\u044b:<\/strong> 4,5 \u2013 5,0 \u043c\u043c<br data-start=\"588\" data-end=\"591\" \/><strong data-start=\"591\" data-end=\"604\">\u041f\u043b\u043e\u0442\u043d\u043e\u0441\u0442\u044c:<\/strong> 10 \u00d7 10 \u0441\u043c \u2013 19 \u043f\u0435\u0442\u0435\u043b\u044c \u00d7 24 \u0440\u044f\u0434\u0430<br data-start=\"636\" data-end=\"639\" \/><strong data-start=\"639\" data-end=\"666\">\u041f\u0440\u0438\u043c\u0435\u0440\u043d\u044b\u0439 \u0440\u0430\u0441\u0445\u043e\u0434:<\/strong> \u0434\u043b\u044f \u0441\u0432\u0438\u0442\u0435\u0440\u0430 (\u0440\u0430\u0437\u043c\u0435\u0440 42) \u2013 \u043e\u043a\u043e\u043b\u043e 8 \u043c\u043e\u0442\u043a\u043e\u0432<\/p>\n<p data-start=\"713\" data-end=\"850\"><strong data-start=\"713\" data-end=\"727\">\u0421\u043e\u0432\u0435\u0442\u044b \u043f\u043e \u0443\u0445\u043e\u0434\u0443:<\/strong><br data-start=\"727\" data-end=\"730\" \/>\u0421\u0442\u0438\u0440\u0430\u0442\u044c \u0432\u0440\u0443\u0447\u043d\u0443\u044e \u043f\u0440\u0438 \u0442\u0435\u043c\u043f\u0435\u0440\u0430\u0442\u0443\u0440\u0435 \u043d\u0435 \u0432\u044b\u0448\u0435 30\u00b0\u0421, \u0441\u0443\u0448\u0438\u0442\u044c \u043d\u0430 \u0433\u043e\u0440\u0438\u0437\u043e\u043d\u0442\u0430\u043b\u044c\u043d\u043e\u0439 \u043f\u043e\u0432\u0435\u0440\u0445\u043d\u043e\u0441\u0442\u0438, \u043d\u0435 \u0433\u043b\u0430\u0434\u0438\u0442\u044c \u0433\u043e\u0440\u044f\u0447\u0438\u043c \u0443\u0442\u044e\u0433\u043e\u043c.<\/p>\n<p data-start=\"852\" data-end=\"940\" data-is-last-node=\"\" data-is-only-node=\"\"><strong data-start=\"852\" data-end=\"864\">\u041f\u0440\u0438\u043c\u0435\u0447\u0430\u043d\u0438\u0435:<\/strong> \u0426\u0432\u0435\u0442\u043e\u0432\u044b\u0435 \u043e\u0442\u0442\u0435\u043d\u043a\u0438 \u043c\u043e\u0433\u0443\u0442 \u043d\u0435\u0437\u043d\u0430\u0447\u0438\u0442\u0435\u043b\u044c\u043d\u043e \u043e\u0442\u043b\u0438\u0447\u0430\u0442\u044c\u0441\u044f \u0432 \u0437\u0430\u0432\u0438\u0441\u0438\u043c\u043e\u0441\u0442\u0438 \u043e\u0442 \u044d\u043a\u0440\u0430\u043d\u0430 \u0432\u0430\u0448\u0435\u0433\u043e \u0443\u0441\u0442\u0440\u043e\u0439\u0441\u0442\u0432\u0430.<\/p>","protected":false},"excerpt":{"rendered":"<p>Concept by Katia Pure \u2013 tai prabang\u016bs, itin \u0161veln\u016bs si\u016blai i\u0161 100 % Pima medviln\u0117s, augintos \u0161iaurin\u0117je Peru pakrant\u0117je. \u0160ie virvelio strukt\u016bros si\u016blai yra lengvi, pur\u016bs ir tuo pa\u010diu pakankamai stori, tod\u0117l mezginiai i\u0161 j\u0173 mezgami greitai ir patogiai. Puikiai tinka vis\u0173 met\u0173 mezginiams \u2013 nuo lengv\u0173 megztini\u0173 iki vasarini\u0173 top\u0173 ar kardigan\u0173. Si\u016blai \u0161velniai [&hellip;]<\/p>\n","protected":false},"featured_media":4720,"comment_status":"open","ping_status":"closed","template":"","meta":{"_acf_changed":false},"product_brand":[69],"product_cat":[15,182,18],"product_tag":[33],"pro-kategorijos":[55],"class_list":{"0":"post-5341","1":"product","2":"type-product","3":"status-publish","4":"has-post-thumbnail","6":"product_brand-concept-by-katia","7":"product_cat-visi-produktai","8":"product_cat-ispardavimas","9":"product_cat-siulai","10":"product_tag-ispardavimas","11":"pro-kategorijos-medvilne","13":"first","14":"instock","15":"sale","16":"shipping-taxable","17":"purchasable","18":"product-type-variable"},"acf":[],"yoast_head":"<!-- This site is optimized with the Yoast SEO plugin v26.8 - https:\/\/yoast.com\/product\/yoast-seo-wordpress\/ -->\n<title>Concept by Katia Pure - Happyinaknit.com<\/title>\n<meta name=\"robots\" content=\"index, follow, max-snippet:-1, max-image-preview:large, max-video-preview:-1\" \/>\n<link rel=\"canonical\" href=\"https:\/\/happyinaknit.com\/ru\/product\/concept-by-katia-pure\/\" \/>\n<meta property=\"og:locale\" content=\"ru_RU\" \/>\n<meta property=\"og:type\" content=\"article\" \/>\n<meta property=\"og:title\" content=\"Concept by Katia Pure - Happyinaknit.com\" \/>\n<meta property=\"og:description\" content=\"Concept by Katia Pure \u2013 tai prabang\u016bs, itin \u0161veln\u016bs si\u016blai i\u0161 100 % Pima medviln\u0117s, augintos \u0161iaurin\u0117je Peru pakrant\u0117je. \u0160ie virvelio strukt\u016bros si\u016blai yra lengvi, pur\u016bs ir tuo pa\u010diu pakankamai stori, tod\u0117l mezginiai i\u0161 j\u0173 mezgami greitai ir patogiai. Puikiai tinka vis\u0173 met\u0173 mezginiams \u2013 nuo lengv\u0173 megztini\u0173 iki vasarini\u0173 top\u0173 ar kardigan\u0173. Si\u016blai \u0161velniai [&hellip;]\" \/>\n<meta property=\"og:url\" content=\"https:\/\/happyinaknit.com\/ru\/product\/concept-by-katia-pure\/\" \/>\n<meta property=\"og:site_name\" content=\"Happyinaknit.com\" \/>\n<meta property=\"article:modified_time\" content=\"2025-11-13T19:59:49+00:00\" \/>\n<meta property=\"og:image\" content=\"https:\/\/happyinaknit.com\/wp-content\/uploads\/2025\/10\/IMG_9556.jpg\" \/>\n\t<meta property=\"og:image:width\" content=\"1320\" \/>\n\t<meta property=\"og:image:height\" content=\"1125\" \/>\n\t<meta property=\"og:image:type\" content=\"image\/jpeg\" \/>\n<meta name=\"twitter:card\" content=\"summary_large_image\" \/>\n<meta name=\"twitter:label1\" content=\"\u041f\u0440\u0438\u043c\u0435\u0440\u043d\u043e\u0435 \u0432\u0440\u0435\u043c\u044f \u0434\u043b\u044f \u0447\u0442\u0435\u043d\u0438\u044f\" \/>\n\t<meta name=\"twitter:data1\" content=\"1 \u043c\u0438\u043d\u0443\u0442\u0430\" \/>\n<script type=\"application\/ld+json\" class=\"yoast-schema-graph\">{\"@context\":\"https:\/\/schema.org\",\"@graph\":[{\"@type\":\"WebPage\",\"@id\":\"https:\/\/happyinaknit.com\/produktas\/concept-by-katia-pure\/\",\"url\":\"https:\/\/happyinaknit.com\/produktas\/concept-by-katia-pure\/\",\"name\":\"Concept by Katia Pure - Happyinaknit.com\",\"isPartOf\":{\"@id\":\"https:\/\/happyinaknit.com\/lt\/#website\"},\"primaryImageOfPage\":{\"@id\":\"https:\/\/happyinaknit.com\/produktas\/concept-by-katia-pure\/#primaryimage\"},\"image\":{\"@id\":\"https:\/\/happyinaknit.com\/produktas\/concept-by-katia-pure\/#primaryimage\"},\"thumbnailUrl\":\"https:\/\/happyinaknit.com\/wp-content\/uploads\/2025\/10\/IMG_9556.jpg\",\"datePublished\":\"2025-10-15T19:10:59+00:00\",\"dateModified\":\"2025-11-13T19:59:49+00:00\",\"breadcrumb\":{\"@id\":\"https:\/\/happyinaknit.com\/produktas\/concept-by-katia-pure\/#breadcrumb\"},\"inLanguage\":\"ru-RU\",\"potentialAction\":[{\"@type\":\"ReadAction\",\"target\":[\"https:\/\/happyinaknit.com\/produktas\/concept-by-katia-pure\/\"]}]},{\"@type\":\"ImageObject\",\"inLanguage\":\"ru-RU\",\"@id\":\"https:\/\/happyinaknit.com\/produktas\/concept-by-katia-pure\/#primaryimage\",\"url\":\"https:\/\/happyinaknit.com\/wp-content\/uploads\/2025\/10\/IMG_9556.jpg\",\"contentUrl\":\"https:\/\/happyinaknit.com\/wp-content\/uploads\/2025\/10\/IMG_9556.jpg\",\"width\":1320,\"height\":1125},{\"@type\":\"BreadcrumbList\",\"@id\":\"https:\/\/happyinaknit.com\/produktas\/concept-by-katia-pure\/#breadcrumb\",\"itemListElement\":[{\"@type\":\"ListItem\",\"position\":1,\"name\":\"Home\",\"item\":\"https:\/\/happyinaknit.com\/lt\/\"},{\"@type\":\"ListItem\",\"position\":2,\"name\":\"Parduotuv\u0117\",\"item\":\"https:\/\/happyinaknit.com\/lt\/parduotuve\/\"},{\"@type\":\"ListItem\",\"position\":3,\"name\":\"Concept by Katia Pure\"}]},{\"@type\":\"WebSite\",\"@id\":\"https:\/\/happyinaknit.com\/lt\/#website\",\"url\":\"https:\/\/happyinaknit.com\/lt\/\",\"name\":\"Happyinaknit.com\",\"description\":\"\",\"potentialAction\":[{\"@type\":\"SearchAction\",\"target\":{\"@type\":\"EntryPoint\",\"urlTemplate\":\"https:\/\/happyinaknit.com\/lt\/?s={search_term_string}\"},\"query-input\":{\"@type\":\"PropertyValueSpecification\",\"valueRequired\":true,\"valueName\":\"search_term_string\"}}],\"inLanguage\":\"ru-RU\"}]}<\/script>\n<!-- \/ Yoast SEO plugin. -->","yoast_head_json":{"title":"Concept by Katia Pure - Happyinaknit.com","robots":{"index":"index","follow":"follow","max-snippet":"max-snippet:-1","max-image-preview":"max-image-preview:large","max-video-preview":"max-video-preview:-1"},"canonical":"https:\/\/happyinaknit.com\/ru\/product\/concept-by-katia-pure\/","og_locale":"ru_RU","og_type":"article","og_title":"Concept by Katia Pure - Happyinaknit.com","og_description":"Concept by Katia Pure \u2013 tai prabang\u016bs, itin \u0161veln\u016bs si\u016blai i\u0161 100 % Pima medviln\u0117s, augintos \u0161iaurin\u0117je Peru pakrant\u0117je. \u0160ie virvelio strukt\u016bros si\u016blai yra lengvi, pur\u016bs ir tuo pa\u010diu pakankamai stori, tod\u0117l mezginiai i\u0161 j\u0173 mezgami greitai ir patogiai. Puikiai tinka vis\u0173 met\u0173 mezginiams \u2013 nuo lengv\u0173 megztini\u0173 iki vasarini\u0173 top\u0173 ar kardigan\u0173. Si\u016blai \u0161velniai [&hellip;]","og_url":"https:\/\/happyinaknit.com\/ru\/product\/concept-by-katia-pure\/","og_site_name":"Happyinaknit.com","article_modified_time":"2025-11-13T19:59:49+00:00","og_image":[{"width":1320,"height":1125,"url":"https:\/\/happyinaknit.com\/wp-content\/uploads\/2025\/10\/IMG_9556.jpg","type":"image\/jpeg"}],"twitter_card":"summary_large_image","twitter_misc":{"\u041f\u0440\u0438\u043c\u0435\u0440\u043d\u043e\u0435 \u0432\u0440\u0435\u043c\u044f \u0434\u043b\u044f \u0447\u0442\u0435\u043d\u0438\u044f":"1 \u043c\u0438\u043d\u0443\u0442\u0430"},"schema":{"@context":"https:\/\/schema.org","@graph":[{"@type":"WebPage","@id":"https:\/\/happyinaknit.com\/produktas\/concept-by-katia-pure\/","url":"https:\/\/happyinaknit.com\/produktas\/concept-by-katia-pure\/","name":"Concept by Katia Pure - Happyinaknit.com","isPartOf":{"@id":"https:\/\/happyinaknit.com\/lt\/#website"},"primaryImageOfPage":{"@id":"https:\/\/happyinaknit.com\/produktas\/concept-by-katia-pure\/#primaryimage"},"image":{"@id":"https:\/\/happyinaknit.com\/produktas\/concept-by-katia-pure\/#primaryimage"},"thumbnailUrl":"https:\/\/happyinaknit.com\/wp-content\/uploads\/2025\/10\/IMG_9556.jpg","datePublished":"2025-10-15T19:10:59+00:00","dateModified":"2025-11-13T19:59:49+00:00","breadcrumb":{"@id":"https:\/\/happyinaknit.com\/produktas\/concept-by-katia-pure\/#breadcrumb"},"inLanguage":"ru-RU","potentialAction":[{"@type":"ReadAction","target":["https:\/\/happyinaknit.com\/produktas\/concept-by-katia-pure\/"]}]},{"@type":"ImageObject","inLanguage":"ru-RU","@id":"https:\/\/happyinaknit.com\/produktas\/concept-by-katia-pure\/#primaryimage","url":"https:\/\/happyinaknit.com\/wp-content\/uploads\/2025\/10\/IMG_9556.jpg","contentUrl":"https:\/\/happyinaknit.com\/wp-content\/uploads\/2025\/10\/IMG_9556.jpg","width":1320,"height":1125},{"@type":"BreadcrumbList","@id":"https:\/\/happyinaknit.com\/produktas\/concept-by-katia-pure\/#breadcrumb","itemListElement":[{"@type":"ListItem","position":1,"name":"Home","item":"https:\/\/happyinaknit.com\/lt\/"},{"@type":"ListItem","position":2,"name":"Parduotuv\u0117","item":"https:\/\/happyinaknit.com\/lt\/parduotuve\/"},{"@type":"ListItem","position":3,"name":"Concept by Katia Pure"}]},{"@type":"WebSite","@id":"https:\/\/happyinaknit.com\/lt\/#website","url":"https:\/\/happyinaknit.com\/lt\/","name":"Happyinaknit.com","description":"","potentialAction":[{"@type":"SearchAction","target":{"@type":"EntryPoint","urlTemplate":"https:\/\/happyinaknit.com\/lt\/?s={search_term_string}"},"query-input":{"@type":"PropertyValueSpecification","valueRequired":true,"valueName":"search_term_string"}}],"inLanguage":"ru-RU"}]}},"_links":{"self":[{"href":"https:\/\/happyinaknit.com\/ru\/wp-json\/wp\/v2\/product\/5341","targetHints":{"allow":["GET"]}}],"collection":[{"href":"https:\/\/happyinaknit.com\/ru\/wp-json\/wp\/v2\/product"}],"about":[{"href":"https:\/\/happyinaknit.com\/ru\/wp-json\/wp\/v2\/types\/product"}],"replies":[{"embeddable":true,"href":"https:\/\/happyinaknit.com\/ru\/wp-json\/wp\/v2\/comments?post=5341"}],"wp:featuredmedia":[{"embeddable":true,"href":"https:\/\/happyinaknit.com\/ru\/wp-json\/wp\/v2\/media\/4720"}],"wp:attachment":[{"href":"https:\/\/happyinaknit.com\/ru\/wp-json\/wp\/v2\/media?parent=5341"}],"wp:term":[{"taxonomy":"product_brand","embeddable":true,"href":"https:\/\/happyinaknit.com\/ru\/wp-json\/wp\/v2\/product_brand?post=5341"},{"taxonomy":"product_cat","embeddable":true,"href":"https:\/\/happyinaknit.com\/ru\/wp-json\/wp\/v2\/product_cat?post=5341"},{"taxonomy":"product_tag","embeddable":true,"href":"https:\/\/happyinaknit.com\/ru\/wp-json\/wp\/v2\/product_tag?post=5341"},{"taxonomy":"pro-kategorijos","embeddable":true,"href":"https:\/\/happyinaknit.com\/ru\/wp-json\/wp\/v2\/pro-kategorijos?post=5341"}],"curies":[{"name":"wp","href":"https:\/\/api.w.org\/{rel}","templated":true}]}}