{"id":5337,"date":"2025-10-15T18:40:19","date_gmt":"2025-10-15T18:40:19","guid":{"rendered":"https:\/\/happyinaknit.com\/?post_type=product&#038;p=5337"},"modified":"2026-02-08T17:20:45","modified_gmt":"2026-02-08T17:20:45","slug":"dovanu-kuponas","status":"publish","type":"product","link":"https:\/\/happyinaknit.com\/ru\/product\/dovanu-kuponas\/","title":{"rendered":"\u041f\u043e\u0434\u0430\u0440\u043e\u0447\u043d\u044b\u0439 \u0441\u0435\u0440\u0442\u0438\u0444\u0438\u043a\u0430\u0442 \u2014 \u0438\u0434\u0435\u0430\u043b\u044c\u043d\u044b\u0439 \u043f\u043e\u0434\u0430\u0440\u043e\u043a \u043d\u0430 \u043b\u044e\u0431\u043e\u0439 \u0441\u043b\u0443\u0447\u0430\u0439!"},"content":{"rendered":"<p>\u041d\u0435 \u0437\u043d\u0430\u0435\u0442\u0435, \u043a\u0430\u043a\u0438\u0435 \u0446\u0432\u0435\u0442\u0430 \u0438\u043b\u0438 \u043f\u0440\u044f\u0436\u0430 \u043f\u043e\u043d\u0440\u0430\u0432\u044f\u0442\u0441\u044f  \u0431\u043e\u043b\u044c\u0448\u0435 \u0432\u0441\u0435\u0433\u043e \u043d\u0440\u0430\u0432\u044f\u0442\u0441\u044f? \u041f\u043e\u0434\u0430\u0440\u0438\u0442\u0435  \u0432\u043e\u0437\u043c\u043e\u0436\u043d\u043e\u0441\u0442\u044c \u0432\u044b\u0431\u0440\u0430\u0442\u044c \u0441\u0430\u043c\u0438\u043c! \u041f\u043e\u0441\u043b\u0435 \u043e\u043f\u043b\u0430\u0442\u044b \u043f\u043e\u0434\u0430\u0440\u043e\u0447\u043d\u044b\u0439 \u0441\u0435\u0440\u0442\u0438\u0444\u0438\u043a\u0430\u0442 \u0430\u0432\u0442\u043e\u043c\u0430\u0442\u0438\u0447\u0435\u0441\u043a\u0438 \u043e\u0442\u043f\u0440\u0430\u0432\u043b\u044f\u0435\u0442\u0441\u044f \u043d\u0430 \u0443\u043a\u0430\u0437\u0430\u043d\u043d\u044b\u0439 \u0430\u0434\u0440\u0435\u0441 \u044d\u043b\u0435\u043a\u0442\u0440\u043e\u043d\u043d\u043e\u0439 \u043f\u043e\u0447\u0442\u044b. \u041f\u043e\u043b\u0443\u0447\u0430\u0442\u0435\u043b\u044c \u043c\u043e\u0436\u0435\u0442 \u0438\u0441\u043f\u043e\u043b\u044c\u0437\u043e\u0432\u0430\u0442\u044c \u0435\u0433\u043e \u0434\u043b\u044f \u043e\u043f\u043b\u0430\u0442\u044b \u043b\u044e\u0431\u044b\u0445 \u0442\u043e\u0432\u0430\u0440\u043e\u0432 \u0432 \u043d\u0430\u0448\u0435\u043c \u0438\u043d\u0442\u0435\u0440\u043d\u0435\u0442-\u043c\u0430\u0433\u0430\u0437\u0438\u043d\u0435.<\/p>\n<p>\u041f\u043e\u0434\u0440\u043e\u0431\u043d\u043e\u0441\u0442\u0438:<br \/>\n\u2022 \u042d\u043b\u0435\u043a\u0442\u0440\u043e\u043d\u043d\u044b\u0439 \u043a\u0443\u043f\u043e\u043d, \u043e\u0442\u043f\u0440\u0430\u0432\u043b\u0435\u043d\u043d\u044b\u0439 \u043f\u043e \u044d\u043b\u0435\u043a\u0442\u0440\u043e\u043d\u043d\u043e\u0439 \u043f\u043e\u0447\u0442\u0435<br \/>\n\u2022 \u0414\u043e\u0441\u0442\u0443\u043f\u043d\u044b\u0435 \u043d\u043e\u043c\u0438\u043d\u0430\u043b\u044b: 25 \u0435\u0432\u0440\u043e, 50 \u0435\u0432\u0440\u043e, 75 \u0435\u0432\u0440\u043e, 100 \u0435\u0432\u0440\u043e, 150 \u0435\u0432\u0440\u043e<br \/>\n\u2022 \u0421\u0440\u043e\u043a \u0433\u043e\u0434\u043d\u043e\u0441\u0442\u0438 \u2013 12 \u043c\u0435\u0441\u044f\u0446\u0435\u0432 \u0441 \u0434\u0430\u0442\u044b \u043f\u043e\u043a\u0443\u043f\u043a\u0438.<br \/>\n\u2022 \u0414\u0435\u0439\u0441\u0442\u0432\u0443\u0435\u0442 \u043d\u0430 \u0432\u0441\u0435 \u0442\u043e\u0432\u0430\u0440\u044b \u0432 \u043d\u0430\u0448\u0435\u043c \u0438\u043d\u0442\u0435\u0440\u043d\u0435\u0442-\u043c\u0430\u0433\u0430\u0437\u0438\u043d\u0435.<\/p>\n<p>\u041e\u0442\u043b\u0438\u0447\u043d\u044b\u0439 \u043f\u043e\u0434\u0430\u0440\u043e\u043a \u043d\u0430 \u0420\u043e\u0436\u0434\u0435\u0441\u0442\u0432\u043e, \u0414\u0435\u043d\u044c \u0440\u043e\u0436\u0434\u0435\u043d\u0438\u0435 \u0438\u043b\u0438 \u043f\u0440\u043e\u0441\u0442\u043e \u043e\u0442 \u0432\u0441\u0435\u0433\u043e \u0441\u0435\u0440\u0434\u0446\u0430!<\/p>","protected":false},"excerpt":{"rendered":"<p>Ne\u017einote, kokios spalvos ar si\u016blai labiausiai patiks? Padovanokite galimyb\u0119 pasirinkti patiems! Po apmok\u0117jimo dovan\u0173 kuponas automati\u0161kai i\u0161siun\u010diamas nurodytu el. pa\u0161to adresu. Gav\u0117jas gali juo atsiskaityti u\u017e bet kurias prekes m\u016bs\u0173 elektronin\u0117je parduotuv\u0117je. Detal\u0117s: \u2022 Elektroninis kuponas siun\u010diamas el. pa\u0161tu \u2022 Galimi nominalai: 25 \u20ac, 50 \u20ac, 75 \u20ac, 100 \u20ac, 150 \u20ac \u2022 Galiojimo laikas [&hellip;]<\/p>\n","protected":false},"featured_media":5622,"comment_status":"open","ping_status":"closed","template":"","meta":{"_acf_changed":false},"product_brand":[],"product_cat":[15,1276],"product_tag":[],"pro-kategorijos":[],"class_list":{"0":"post-5337","1":"product","2":"type-product","3":"status-publish","4":"has-post-thumbnail","6":"product_cat-visi-produktai","7":"product_cat-dovanu-kuponai","9":"first","10":"instock","11":"shipping-taxable","12":"purchasable","13":"product-type-variable"},"acf":[],"yoast_head":"<!-- This site is optimized with the Yoast SEO plugin v26.8 - https:\/\/yoast.com\/product\/yoast-seo-wordpress\/ -->\n<title>Dovan\u0173 kuponas \u2013 tobula dovana bet kokiai progai! - Happyinaknit.com<\/title>\n<meta name=\"robots\" content=\"index, follow, max-snippet:-1, max-image-preview:large, max-video-preview:-1\" \/>\n<link rel=\"canonical\" href=\"https:\/\/happyinaknit.com\/ru\/product\/dovanu-kuponas\/\" \/>\n<meta property=\"og:locale\" content=\"ru_RU\" \/>\n<meta property=\"og:type\" content=\"article\" \/>\n<meta property=\"og:title\" content=\"Dovan\u0173 kuponas \u2013 tobula dovana bet kokiai progai! - Happyinaknit.com\" \/>\n<meta property=\"og:description\" content=\"Ne\u017einote, kokios spalvos ar si\u016blai labiausiai patiks? Padovanokite galimyb\u0119 pasirinkti patiems! Po apmok\u0117jimo dovan\u0173 kuponas automati\u0161kai i\u0161siun\u010diamas nurodytu el. pa\u0161to adresu. Gav\u0117jas gali juo atsiskaityti u\u017e bet kurias prekes m\u016bs\u0173 elektronin\u0117je parduotuv\u0117je. Detal\u0117s: \u2022 Elektroninis kuponas siun\u010diamas el. pa\u0161tu \u2022 Galimi nominalai: 25 \u20ac, 50 \u20ac, 75 \u20ac, 100 \u20ac, 150 \u20ac \u2022 Galiojimo laikas [&hellip;]\" \/>\n<meta property=\"og:url\" content=\"https:\/\/happyinaknit.com\/ru\/product\/dovanu-kuponas\/\" \/>\n<meta property=\"og:site_name\" content=\"Happyinaknit.com\" \/>\n<meta property=\"article:modified_time\" content=\"2026-02-08T17:20:45+00:00\" \/>\n<meta property=\"og:image\" content=\"https:\/\/happyinaknit.com\/wp-content\/uploads\/2025\/10\/gift-voucher-scaled.jpg\" \/>\n\t<meta property=\"og:image:width\" content=\"2560\" \/>\n\t<meta property=\"og:image:height\" content=\"1920\" \/>\n\t<meta property=\"og:image:type\" content=\"image\/jpeg\" \/>\n<meta name=\"twitter:card\" content=\"summary_large_image\" \/>\n<meta name=\"twitter:label1\" content=\"\u041f\u0440\u0438\u043c\u0435\u0440\u043d\u043e\u0435 \u0432\u0440\u0435\u043c\u044f \u0434\u043b\u044f \u0447\u0442\u0435\u043d\u0438\u044f\" \/>\n\t<meta name=\"twitter:data1\" content=\"1 \u043c\u0438\u043d\u0443\u0442\u0430\" \/>\n<script type=\"application\/ld+json\" class=\"yoast-schema-graph\">{\"@context\":\"https:\/\/schema.org\",\"@graph\":[{\"@type\":\"WebPage\",\"@id\":\"https:\/\/happyinaknit.com\/produktas\/dovanu-kuponas\/\",\"url\":\"https:\/\/happyinaknit.com\/produktas\/dovanu-kuponas\/\",\"name\":\"Dovan\u0173 kuponas \u2013 tobula dovana bet kokiai progai! - Happyinaknit.com\",\"isPartOf\":{\"@id\":\"https:\/\/happyinaknit.com\/lt\/#website\"},\"primaryImageOfPage\":{\"@id\":\"https:\/\/happyinaknit.com\/produktas\/dovanu-kuponas\/#primaryimage\"},\"image\":{\"@id\":\"https:\/\/happyinaknit.com\/produktas\/dovanu-kuponas\/#primaryimage\"},\"thumbnailUrl\":\"https:\/\/happyinaknit.com\/wp-content\/uploads\/2025\/10\/gift-voucher-scaled.jpg\",\"datePublished\":\"2025-10-15T18:40:19+00:00\",\"dateModified\":\"2026-02-08T17:20:45+00:00\",\"breadcrumb\":{\"@id\":\"https:\/\/happyinaknit.com\/produktas\/dovanu-kuponas\/#breadcrumb\"},\"inLanguage\":\"ru-RU\",\"potentialAction\":[{\"@type\":\"ReadAction\",\"target\":[\"https:\/\/happyinaknit.com\/produktas\/dovanu-kuponas\/\"]}]},{\"@type\":\"ImageObject\",\"inLanguage\":\"ru-RU\",\"@id\":\"https:\/\/happyinaknit.com\/produktas\/dovanu-kuponas\/#primaryimage\",\"url\":\"https:\/\/happyinaknit.com\/wp-content\/uploads\/2025\/10\/gift-voucher-scaled.jpg\",\"contentUrl\":\"https:\/\/happyinaknit.com\/wp-content\/uploads\/2025\/10\/gift-voucher-scaled.jpg\",\"width\":2560,\"height\":1920},{\"@type\":\"BreadcrumbList\",\"@id\":\"https:\/\/happyinaknit.com\/produktas\/dovanu-kuponas\/#breadcrumb\",\"itemListElement\":[{\"@type\":\"ListItem\",\"position\":1,\"name\":\"Home\",\"item\":\"https:\/\/happyinaknit.com\/lt\/\"},{\"@type\":\"ListItem\",\"position\":2,\"name\":\"Parduotuv\u0117\",\"item\":\"https:\/\/happyinaknit.com\/lt\/parduotuve\/\"},{\"@type\":\"ListItem\",\"position\":3,\"name\":\"Dovan\u0173 kuponas \u2013 tobula dovana bet kokiai progai!\"}]},{\"@type\":\"WebSite\",\"@id\":\"https:\/\/happyinaknit.com\/lt\/#website\",\"url\":\"https:\/\/happyinaknit.com\/lt\/\",\"name\":\"Happyinaknit.com\",\"description\":\"\",\"potentialAction\":[{\"@type\":\"SearchAction\",\"target\":{\"@type\":\"EntryPoint\",\"urlTemplate\":\"https:\/\/happyinaknit.com\/lt\/?s={search_term_string}\"},\"query-input\":{\"@type\":\"PropertyValueSpecification\",\"valueRequired\":true,\"valueName\":\"search_term_string\"}}],\"inLanguage\":\"ru-RU\"}]}<\/script>\n<!-- \/ Yoast SEO plugin. -->","yoast_head_json":{"title":"Dovan\u0173 kuponas \u2013 tobula dovana bet kokiai progai! - Happyinaknit.com","robots":{"index":"index","follow":"follow","max-snippet":"max-snippet:-1","max-image-preview":"max-image-preview:large","max-video-preview":"max-video-preview:-1"},"canonical":"https:\/\/happyinaknit.com\/ru\/product\/dovanu-kuponas\/","og_locale":"ru_RU","og_type":"article","og_title":"Dovan\u0173 kuponas \u2013 tobula dovana bet kokiai progai! - Happyinaknit.com","og_description":"Ne\u017einote, kokios spalvos ar si\u016blai labiausiai patiks? Padovanokite galimyb\u0119 pasirinkti patiems! Po apmok\u0117jimo dovan\u0173 kuponas automati\u0161kai i\u0161siun\u010diamas nurodytu el. pa\u0161to adresu. Gav\u0117jas gali juo atsiskaityti u\u017e bet kurias prekes m\u016bs\u0173 elektronin\u0117je parduotuv\u0117je. Detal\u0117s: \u2022 Elektroninis kuponas siun\u010diamas el. pa\u0161tu \u2022 Galimi nominalai: 25 \u20ac, 50 \u20ac, 75 \u20ac, 100 \u20ac, 150 \u20ac \u2022 Galiojimo laikas [&hellip;]","og_url":"https:\/\/happyinaknit.com\/ru\/product\/dovanu-kuponas\/","og_site_name":"Happyinaknit.com","article_modified_time":"2026-02-08T17:20:45+00:00","og_image":[{"width":2560,"height":1920,"url":"https:\/\/happyinaknit.com\/wp-content\/uploads\/2025\/10\/gift-voucher-scaled.jpg","type":"image\/jpeg"}],"twitter_card":"summary_large_image","twitter_misc":{"\u041f\u0440\u0438\u043c\u0435\u0440\u043d\u043e\u0435 \u0432\u0440\u0435\u043c\u044f \u0434\u043b\u044f \u0447\u0442\u0435\u043d\u0438\u044f":"1 \u043c\u0438\u043d\u0443\u0442\u0430"},"schema":{"@context":"https:\/\/schema.org","@graph":[{"@type":"WebPage","@id":"https:\/\/happyinaknit.com\/produktas\/dovanu-kuponas\/","url":"https:\/\/happyinaknit.com\/produktas\/dovanu-kuponas\/","name":"Dovan\u0173 kuponas \u2013 tobula dovana bet kokiai progai! - Happyinaknit.com","isPartOf":{"@id":"https:\/\/happyinaknit.com\/lt\/#website"},"primaryImageOfPage":{"@id":"https:\/\/happyinaknit.com\/produktas\/dovanu-kuponas\/#primaryimage"},"image":{"@id":"https:\/\/happyinaknit.com\/produktas\/dovanu-kuponas\/#primaryimage"},"thumbnailUrl":"https:\/\/happyinaknit.com\/wp-content\/uploads\/2025\/10\/gift-voucher-scaled.jpg","datePublished":"2025-10-15T18:40:19+00:00","dateModified":"2026-02-08T17:20:45+00:00","breadcrumb":{"@id":"https:\/\/happyinaknit.com\/produktas\/dovanu-kuponas\/#breadcrumb"},"inLanguage":"ru-RU","potentialAction":[{"@type":"ReadAction","target":["https:\/\/happyinaknit.com\/produktas\/dovanu-kuponas\/"]}]},{"@type":"ImageObject","inLanguage":"ru-RU","@id":"https:\/\/happyinaknit.com\/produktas\/dovanu-kuponas\/#primaryimage","url":"https:\/\/happyinaknit.com\/wp-content\/uploads\/2025\/10\/gift-voucher-scaled.jpg","contentUrl":"https:\/\/happyinaknit.com\/wp-content\/uploads\/2025\/10\/gift-voucher-scaled.jpg","width":2560,"height":1920},{"@type":"BreadcrumbList","@id":"https:\/\/happyinaknit.com\/produktas\/dovanu-kuponas\/#breadcrumb","itemListElement":[{"@type":"ListItem","position":1,"name":"Home","item":"https:\/\/happyinaknit.com\/lt\/"},{"@type":"ListItem","position":2,"name":"Parduotuv\u0117","item":"https:\/\/happyinaknit.com\/lt\/parduotuve\/"},{"@type":"ListItem","position":3,"name":"Dovan\u0173 kuponas \u2013 tobula dovana bet kokiai progai!"}]},{"@type":"WebSite","@id":"https:\/\/happyinaknit.com\/lt\/#website","url":"https:\/\/happyinaknit.com\/lt\/","name":"Happyinaknit.com","description":"","potentialAction":[{"@type":"SearchAction","target":{"@type":"EntryPoint","urlTemplate":"https:\/\/happyinaknit.com\/lt\/?s={search_term_string}"},"query-input":{"@type":"PropertyValueSpecification","valueRequired":true,"valueName":"search_term_string"}}],"inLanguage":"ru-RU"}]}},"_links":{"self":[{"href":"https:\/\/happyinaknit.com\/ru\/wp-json\/wp\/v2\/product\/5337","targetHints":{"allow":["GET"]}}],"collection":[{"href":"https:\/\/happyinaknit.com\/ru\/wp-json\/wp\/v2\/product"}],"about":[{"href":"https:\/\/happyinaknit.com\/ru\/wp-json\/wp\/v2\/types\/product"}],"replies":[{"embeddable":true,"href":"https:\/\/happyinaknit.com\/ru\/wp-json\/wp\/v2\/comments?post=5337"}],"wp:featuredmedia":[{"embeddable":true,"href":"https:\/\/happyinaknit.com\/ru\/wp-json\/wp\/v2\/media\/5622"}],"wp:attachment":[{"href":"https:\/\/happyinaknit.com\/ru\/wp-json\/wp\/v2\/media?parent=5337"}],"wp:term":[{"taxonomy":"product_brand","embeddable":true,"href":"https:\/\/happyinaknit.com\/ru\/wp-json\/wp\/v2\/product_brand?post=5337"},{"taxonomy":"product_cat","embeddable":true,"href":"https:\/\/happyinaknit.com\/ru\/wp-json\/wp\/v2\/product_cat?post=5337"},{"taxonomy":"product_tag","embeddable":true,"href":"https:\/\/happyinaknit.com\/ru\/wp-json\/wp\/v2\/product_tag?post=5337"},{"taxonomy":"pro-kategorijos","embeddable":true,"href":"https:\/\/happyinaknit.com\/ru\/wp-json\/wp\/v2\/pro-kategorijos?post=5337"}],"curies":[{"name":"wp","href":"https:\/\/api.w.org\/{rel}","templated":true}]}}