{"id":5281,"date":"2025-10-15T09:49:18","date_gmt":"2025-10-15T09:49:18","guid":{"rendered":"https:\/\/happyinaknit.com\/?post_type=product&#038;p=5281"},"modified":"2026-03-02T21:55:23","modified_gmt":"2026-03-02T21:55:23","slug":"concept-by-katia-atenea","status":"publish","type":"product","link":"https:\/\/happyinaknit.com\/ru\/product\/concept-by-katia-atenea\/","title":{"rendered":"Concept by Katia Atenea"},"content":{"rendered":"<p data-start=\"33\" data-end=\"434\"><strong data-start=\"33\" data-end=\"60\">Concept by Katia Atenea<\/strong> \u2013 \u043d\u0435\u0432\u0435\u0440\u043e\u044f\u0442\u043d\u043e \u043c\u044f\u0433\u043a\u0430\u044f, \u0440\u043e\u0441\u043a\u043e\u0448\u043d\u0430\u044f \u043f\u0440\u044f\u0436\u0430, \u0441\u043e\u0447\u0435\u0442\u0430\u044e\u0449\u0430\u044f \u0432 \u0441\u0435\u0431\u0435 \u043b\u0443\u0447\u0448\u0438\u0435 \u043a\u0430\u0447\u0435\u0441\u0442\u0432\u0430 \u043d\u0430\u0442\u0443\u0440\u0430\u043b\u044c\u043d\u044b\u0445 \u0432\u043e\u043b\u043e\u043a\u043e\u043d: \u0442\u0435\u043f\u043b\u043e\u0442\u0443 \u043c\u0435\u0440\u0438\u043d\u043e\u0441\u043e\u0432\u043e\u0439 \u0448\u0435\u0440\u0441\u0442\u0438, \u043c\u044f\u0433\u043a\u043e\u0441\u0442\u044c \u043c\u0430\u043a\u043e-\u0445\u043b\u043e\u043f\u043a\u0430 \u0438 \u0440\u043e\u0441\u043a\u043e\u0448\u044c \u043a\u0430\u0448\u0435\u043c\u0438\u0440\u0430. \u041f\u0440\u044f\u0436\u0430 \u043e\u0431\u043b\u0430\u0434\u0430\u0435\u0442 \u043b\u0451\u0433\u043a\u0438\u043c \u043c\u0430\u0442\u043e\u0432\u044b\u043c \u0431\u043b\u0435\u0441\u043a\u043e\u043c \u0438 \u0438\u0434\u0435\u0430\u043b\u044c\u043d\u043e \u0434\u0435\u0440\u0436\u0438\u0442 \u0444\u043e\u0440\u043c\u0443, \u0431\u043b\u0430\u0433\u043e\u0434\u0430\u0440\u044f \u0447\u0435\u043c\u0443 \u0432\u044f\u0437\u0430\u043d\u044b\u0435 \u0438\u0437\u0434\u0435\u043b\u0438\u044f \u0432\u044b\u0433\u043b\u044f\u0434\u044f\u0442 \u044d\u043b\u0435\u0433\u0430\u043d\u0442\u043d\u043e \u0438 \u043e\u0441\u0442\u0430\u044e\u0442\u0441\u044f \u043d\u0435\u0432\u0435\u0440\u043e\u044f\u0442\u043d\u043e \u043f\u0440\u0438\u044f\u0442\u043d\u044b\u043c\u0438 \u0432 \u043d\u043e\u0441\u043a\u0435. \u041e\u0442\u043b\u0438\u0447\u043d\u044b\u0439 \u0432\u044b\u0431\u043e\u0440 \u0434\u043b\u044f \u043b\u0451\u0433\u043a\u0438\u0445 \u0441\u0432\u0438\u0442\u0435\u0440\u043e\u0432, \u043a\u0430\u0440\u0434\u0438\u0433\u0430\u043d\u043e\u0432 \u0438\u043b\u0438 \u0442\u0440\u0438\u043a\u043e\u0442\u0430\u0436\u043d\u044b\u0445 \u0431\u043b\u0443\u0437\u043e\u043a.<\/p>\n<p data-start=\"436\" data-end=\"700\"><strong data-start=\"436\" data-end=\"448\">\u0421\u043e\u0441\u0442\u0430\u0432:<\/strong> 42 % \u043c\u0435\u0440\u0438\u043d\u043e\u0441\u043e\u0432\u0430\u044f \u0448\u0435\u0440\u0441\u0442\u044c, 40 % \u043c\u0430\u043a\u043e-\u0445\u043b\u043e\u043f\u043e\u043a, 18 % \u043a\u0430\u0448\u0435\u043c\u0438\u0440<br data-start=\"501\" data-end=\"504\" \/><strong data-start=\"504\" data-end=\"523\">\u0412\u0435\u0441\/\u0414\u043b\u0438\u043d\u0430:<\/strong> 25 \u0433 - 175 \u043c<br data-start=\"536\" data-end=\"539\" \/><strong data-start=\"539\" data-end=\"567\" data-is-only-node=\"\">\u0420\u0435\u043a\u043e\u043c\u0435\u043d\u0434\u0443\u0435\u043c\u044b\u0435 \u0441\u043f\u0438\u0446\u044b:<\/strong> 3 \u2013 3,5 \u043c\u043c<br data-start=\"578\" data-end=\"581\" \/><strong data-start=\"581\" data-end=\"594\">\u041f\u043b\u043e\u0442\u043d\u043e\u0441\u0442\u044c:<\/strong> 10 \u00d7 10 \u0441\u043c \u2013 25 \u043f\u0435\u0442\u0435\u043b\u044c \u00d7 35 \u0440\u044f\u0434\u043e\u0432<br data-start=\"626\" data-end=\"629\" \/><strong data-start=\"629\" data-end=\"656\">\u041f\u0440\u0438\u043c\u0435\u0440\u043d\u044b\u0439 \u0440\u0430\u0441\u0445\u043e\u0434:<\/strong> \u043d\u0430 \u0441\u0432\u0438\u0442\u0435\u0440 (\u0440\u0430\u0437\u043c\u0435\u0440 \u041c) \u2013 \u043e\u043a\u043e\u043b\u043e 7 \u043c\u043e\u0442\u043a\u043e\u0432<\/p>\n<p data-start=\"702\" data-end=\"839\"><strong data-start=\"702\" data-end=\"716\">\u0421\u043e\u0432\u0435\u0442\u044b \u043f\u043e \u0443\u0445\u043e\u0434\u0443:<\/strong><br data-start=\"716\" data-end=\"719\" \/>\u0421\u0442\u0438\u0440\u0430\u0442\u044c \u0432\u0440\u0443\u0447\u043d\u0443\u044e \u043f\u0440\u0438 \u0442\u0435\u043c\u043f\u0435\u0440\u0430\u0442\u0443\u0440\u0435 \u043d\u0435 \u0432\u044b\u0448\u0435 30\u00b0\u0421, \u0441\u0443\u0448\u0438\u0442\u044c \u043d\u0430 \u0433\u043e\u0440\u0438\u0437\u043e\u043d\u0442\u0430\u043b\u044c\u043d\u043e\u0439 \u043f\u043e\u0432\u0435\u0440\u0445\u043d\u043e\u0441\u0442\u0438, \u043d\u0435 \u0433\u043b\u0430\u0434\u0438\u0442\u044c \u0433\u043e\u0440\u044f\u0447\u0438\u043c \u0443\u0442\u044e\u0433\u043e\u043c.<\/p>\n<p data-start=\"841\" data-end=\"929\" data-is-last-node=\"\" data-is-only-node=\"\"><strong data-start=\"841\" data-end=\"853\">\u041f\u0440\u0438\u043c\u0435\u0447\u0430\u043d\u0438\u0435:<\/strong> \u0426\u0432\u0435\u0442\u043e\u0432\u044b\u0435 \u043e\u0442\u0442\u0435\u043d\u043a\u0438 \u043c\u043e\u0433\u0443\u0442 \u043d\u0435\u0437\u043d\u0430\u0447\u0438\u0442\u0435\u043b\u044c\u043d\u043e \u043e\u0442\u043b\u0438\u0447\u0430\u0442\u044c\u0441\u044f \u0432 \u0437\u0430\u0432\u0438\u0441\u0438\u043c\u043e\u0441\u0442\u0438 \u043e\u0442 \u044d\u043a\u0440\u0430\u043d\u0430 \u0432\u0430\u0448\u0435\u0433\u043e \u0443\u0441\u0442\u0440\u043e\u0439\u0441\u0442\u0432\u0430.<\/p>","protected":false},"excerpt":{"rendered":"<p>Concept by Katia Atenea \u2013 tai itin \u0161veln\u016bs, prabang\u016bs si\u016blai, sujungiantys geriausias nat\u016brali\u0173 pluo\u0161t\u0173 savybes: merino vilnos \u0161ilum\u0105, mako medviln\u0117s \u0161velnum\u0105 ir ka\u0161myro prabang\u0105. Si\u016blai pasi\u017eymi subtiliu matinio blizgesio efektu ir puikia forma, tod\u0117l mezginiai atrodo eleganti\u0161kai bei i\u0161lieka itin malon\u016bs d\u0117v\u0117ti. Puikus pasirinkimas lengviems megztiniams, kardiganams ar megztoms palaidin\u0117ms. Sud\u0117tis: 42 % merino vilna, [&hellip;]<\/p>\n","protected":false},"featured_media":4744,"comment_status":"open","ping_status":"closed","template":"","meta":{"_acf_changed":false},"product_brand":[69],"product_cat":[15,18],"product_tag":[],"pro-kategorijos":[46,55,71],"class_list":{"0":"post-5281","1":"product","2":"type-product","3":"status-publish","4":"has-post-thumbnail","6":"product_brand-concept-by-katia","7":"product_cat-visi-produktai","8":"product_cat-siulai","9":"pro-kategorijos-kasmyras","10":"pro-kategorijos-medvilne","11":"pro-kategorijos-merino-vilna","13":"first","14":"instock","15":"shipping-taxable","16":"purchasable","17":"product-type-variable"},"acf":[],"yoast_head":"<!-- This site is optimized with the Yoast SEO plugin v26.8 - https:\/\/yoast.com\/product\/yoast-seo-wordpress\/ -->\n<title>Concept by Katia Atenea - Happyinaknit.com<\/title>\n<meta name=\"robots\" content=\"index, follow, max-snippet:-1, max-image-preview:large, max-video-preview:-1\" \/>\n<link rel=\"canonical\" href=\"https:\/\/happyinaknit.com\/ru\/product\/concept-by-katia-atenea\/\" \/>\n<meta property=\"og:locale\" content=\"ru_RU\" \/>\n<meta property=\"og:type\" content=\"article\" \/>\n<meta property=\"og:title\" content=\"Concept by Katia Atenea - Happyinaknit.com\" \/>\n<meta property=\"og:description\" content=\"Concept by Katia Atenea \u2013 tai itin \u0161veln\u016bs, prabang\u016bs si\u016blai, sujungiantys geriausias nat\u016brali\u0173 pluo\u0161t\u0173 savybes: merino vilnos \u0161ilum\u0105, mako medviln\u0117s \u0161velnum\u0105 ir ka\u0161myro prabang\u0105. Si\u016blai pasi\u017eymi subtiliu matinio blizgesio efektu ir puikia forma, tod\u0117l mezginiai atrodo eleganti\u0161kai bei i\u0161lieka itin malon\u016bs d\u0117v\u0117ti. Puikus pasirinkimas lengviems megztiniams, kardiganams ar megztoms palaidin\u0117ms. Sud\u0117tis: 42 % merino vilna, [&hellip;]\" \/>\n<meta property=\"og:url\" content=\"https:\/\/happyinaknit.com\/ru\/product\/concept-by-katia-atenea\/\" \/>\n<meta property=\"og:site_name\" content=\"Happyinaknit.com\" \/>\n<meta property=\"article:modified_time\" content=\"2026-03-02T21:55:23+00:00\" \/>\n<meta property=\"og:image\" content=\"https:\/\/happyinaknit.com\/wp-content\/uploads\/2025\/10\/IMG_9532.jpg\" \/>\n\t<meta property=\"og:image:width\" content=\"1320\" \/>\n\t<meta property=\"og:image:height\" content=\"1146\" \/>\n\t<meta property=\"og:image:type\" content=\"image\/jpeg\" \/>\n<meta name=\"twitter:card\" content=\"summary_large_image\" \/>\n<meta name=\"twitter:label1\" content=\"\u041f\u0440\u0438\u043c\u0435\u0440\u043d\u043e\u0435 \u0432\u0440\u0435\u043c\u044f \u0434\u043b\u044f \u0447\u0442\u0435\u043d\u0438\u044f\" \/>\n\t<meta name=\"twitter:data1\" content=\"1 \u043c\u0438\u043d\u0443\u0442\u0430\" \/>\n<script type=\"application\/ld+json\" class=\"yoast-schema-graph\">{\"@context\":\"https:\/\/schema.org\",\"@graph\":[{\"@type\":\"WebPage\",\"@id\":\"https:\/\/happyinaknit.com\/produktas\/concept-by-katia-atenea\/\",\"url\":\"https:\/\/happyinaknit.com\/produktas\/concept-by-katia-atenea\/\",\"name\":\"Concept by Katia Atenea - Happyinaknit.com\",\"isPartOf\":{\"@id\":\"https:\/\/happyinaknit.com\/lt\/#website\"},\"primaryImageOfPage\":{\"@id\":\"https:\/\/happyinaknit.com\/produktas\/concept-by-katia-atenea\/#primaryimage\"},\"image\":{\"@id\":\"https:\/\/happyinaknit.com\/produktas\/concept-by-katia-atenea\/#primaryimage\"},\"thumbnailUrl\":\"https:\/\/happyinaknit.com\/wp-content\/uploads\/2025\/10\/IMG_9532.jpg\",\"datePublished\":\"2025-10-15T09:49:18+00:00\",\"dateModified\":\"2026-03-02T21:55:23+00:00\",\"breadcrumb\":{\"@id\":\"https:\/\/happyinaknit.com\/produktas\/concept-by-katia-atenea\/#breadcrumb\"},\"inLanguage\":\"ru-RU\",\"potentialAction\":[{\"@type\":\"ReadAction\",\"target\":[\"https:\/\/happyinaknit.com\/produktas\/concept-by-katia-atenea\/\"]}]},{\"@type\":\"ImageObject\",\"inLanguage\":\"ru-RU\",\"@id\":\"https:\/\/happyinaknit.com\/produktas\/concept-by-katia-atenea\/#primaryimage\",\"url\":\"https:\/\/happyinaknit.com\/wp-content\/uploads\/2025\/10\/IMG_9532.jpg\",\"contentUrl\":\"https:\/\/happyinaknit.com\/wp-content\/uploads\/2025\/10\/IMG_9532.jpg\",\"width\":1320,\"height\":1146},{\"@type\":\"BreadcrumbList\",\"@id\":\"https:\/\/happyinaknit.com\/produktas\/concept-by-katia-atenea\/#breadcrumb\",\"itemListElement\":[{\"@type\":\"ListItem\",\"position\":1,\"name\":\"Home\",\"item\":\"https:\/\/happyinaknit.com\/lt\/\"},{\"@type\":\"ListItem\",\"position\":2,\"name\":\"Parduotuv\u0117\",\"item\":\"https:\/\/happyinaknit.com\/lt\/parduotuve\/\"},{\"@type\":\"ListItem\",\"position\":3,\"name\":\"Concept by Katia Atenea\"}]},{\"@type\":\"WebSite\",\"@id\":\"https:\/\/happyinaknit.com\/lt\/#website\",\"url\":\"https:\/\/happyinaknit.com\/lt\/\",\"name\":\"Happyinaknit.com\",\"description\":\"\",\"potentialAction\":[{\"@type\":\"SearchAction\",\"target\":{\"@type\":\"EntryPoint\",\"urlTemplate\":\"https:\/\/happyinaknit.com\/lt\/?s={search_term_string}\"},\"query-input\":{\"@type\":\"PropertyValueSpecification\",\"valueRequired\":true,\"valueName\":\"search_term_string\"}}],\"inLanguage\":\"ru-RU\"}]}<\/script>\n<!-- \/ Yoast SEO plugin. -->","yoast_head_json":{"title":"Concept by Katia Atenea - Happyinaknit.com","robots":{"index":"index","follow":"follow","max-snippet":"max-snippet:-1","max-image-preview":"max-image-preview:large","max-video-preview":"max-video-preview:-1"},"canonical":"https:\/\/happyinaknit.com\/ru\/product\/concept-by-katia-atenea\/","og_locale":"ru_RU","og_type":"article","og_title":"Concept by Katia Atenea - Happyinaknit.com","og_description":"Concept by Katia Atenea \u2013 tai itin \u0161veln\u016bs, prabang\u016bs si\u016blai, sujungiantys geriausias nat\u016brali\u0173 pluo\u0161t\u0173 savybes: merino vilnos \u0161ilum\u0105, mako medviln\u0117s \u0161velnum\u0105 ir ka\u0161myro prabang\u0105. Si\u016blai pasi\u017eymi subtiliu matinio blizgesio efektu ir puikia forma, tod\u0117l mezginiai atrodo eleganti\u0161kai bei i\u0161lieka itin malon\u016bs d\u0117v\u0117ti. Puikus pasirinkimas lengviems megztiniams, kardiganams ar megztoms palaidin\u0117ms. Sud\u0117tis: 42 % merino vilna, [&hellip;]","og_url":"https:\/\/happyinaknit.com\/ru\/product\/concept-by-katia-atenea\/","og_site_name":"Happyinaknit.com","article_modified_time":"2026-03-02T21:55:23+00:00","og_image":[{"width":1320,"height":1146,"url":"https:\/\/happyinaknit.com\/wp-content\/uploads\/2025\/10\/IMG_9532.jpg","type":"image\/jpeg"}],"twitter_card":"summary_large_image","twitter_misc":{"\u041f\u0440\u0438\u043c\u0435\u0440\u043d\u043e\u0435 \u0432\u0440\u0435\u043c\u044f \u0434\u043b\u044f \u0447\u0442\u0435\u043d\u0438\u044f":"1 \u043c\u0438\u043d\u0443\u0442\u0430"},"schema":{"@context":"https:\/\/schema.org","@graph":[{"@type":"WebPage","@id":"https:\/\/happyinaknit.com\/produktas\/concept-by-katia-atenea\/","url":"https:\/\/happyinaknit.com\/produktas\/concept-by-katia-atenea\/","name":"Concept by Katia Atenea - Happyinaknit.com","isPartOf":{"@id":"https:\/\/happyinaknit.com\/lt\/#website"},"primaryImageOfPage":{"@id":"https:\/\/happyinaknit.com\/produktas\/concept-by-katia-atenea\/#primaryimage"},"image":{"@id":"https:\/\/happyinaknit.com\/produktas\/concept-by-katia-atenea\/#primaryimage"},"thumbnailUrl":"https:\/\/happyinaknit.com\/wp-content\/uploads\/2025\/10\/IMG_9532.jpg","datePublished":"2025-10-15T09:49:18+00:00","dateModified":"2026-03-02T21:55:23+00:00","breadcrumb":{"@id":"https:\/\/happyinaknit.com\/produktas\/concept-by-katia-atenea\/#breadcrumb"},"inLanguage":"ru-RU","potentialAction":[{"@type":"ReadAction","target":["https:\/\/happyinaknit.com\/produktas\/concept-by-katia-atenea\/"]}]},{"@type":"ImageObject","inLanguage":"ru-RU","@id":"https:\/\/happyinaknit.com\/produktas\/concept-by-katia-atenea\/#primaryimage","url":"https:\/\/happyinaknit.com\/wp-content\/uploads\/2025\/10\/IMG_9532.jpg","contentUrl":"https:\/\/happyinaknit.com\/wp-content\/uploads\/2025\/10\/IMG_9532.jpg","width":1320,"height":1146},{"@type":"BreadcrumbList","@id":"https:\/\/happyinaknit.com\/produktas\/concept-by-katia-atenea\/#breadcrumb","itemListElement":[{"@type":"ListItem","position":1,"name":"Home","item":"https:\/\/happyinaknit.com\/lt\/"},{"@type":"ListItem","position":2,"name":"Parduotuv\u0117","item":"https:\/\/happyinaknit.com\/lt\/parduotuve\/"},{"@type":"ListItem","position":3,"name":"Concept by Katia Atenea"}]},{"@type":"WebSite","@id":"https:\/\/happyinaknit.com\/lt\/#website","url":"https:\/\/happyinaknit.com\/lt\/","name":"Happyinaknit.com","description":"","potentialAction":[{"@type":"SearchAction","target":{"@type":"EntryPoint","urlTemplate":"https:\/\/happyinaknit.com\/lt\/?s={search_term_string}"},"query-input":{"@type":"PropertyValueSpecification","valueRequired":true,"valueName":"search_term_string"}}],"inLanguage":"ru-RU"}]}},"_links":{"self":[{"href":"https:\/\/happyinaknit.com\/ru\/wp-json\/wp\/v2\/product\/5281","targetHints":{"allow":["GET"]}}],"collection":[{"href":"https:\/\/happyinaknit.com\/ru\/wp-json\/wp\/v2\/product"}],"about":[{"href":"https:\/\/happyinaknit.com\/ru\/wp-json\/wp\/v2\/types\/product"}],"replies":[{"embeddable":true,"href":"https:\/\/happyinaknit.com\/ru\/wp-json\/wp\/v2\/comments?post=5281"}],"wp:featuredmedia":[{"embeddable":true,"href":"https:\/\/happyinaknit.com\/ru\/wp-json\/wp\/v2\/media\/4744"}],"wp:attachment":[{"href":"https:\/\/happyinaknit.com\/ru\/wp-json\/wp\/v2\/media?parent=5281"}],"wp:term":[{"taxonomy":"product_brand","embeddable":true,"href":"https:\/\/happyinaknit.com\/ru\/wp-json\/wp\/v2\/product_brand?post=5281"},{"taxonomy":"product_cat","embeddable":true,"href":"https:\/\/happyinaknit.com\/ru\/wp-json\/wp\/v2\/product_cat?post=5281"},{"taxonomy":"product_tag","embeddable":true,"href":"https:\/\/happyinaknit.com\/ru\/wp-json\/wp\/v2\/product_tag?post=5281"},{"taxonomy":"pro-kategorijos","embeddable":true,"href":"https:\/\/happyinaknit.com\/ru\/wp-json\/wp\/v2\/pro-kategorijos?post=5281"}],"curies":[{"name":"wp","href":"https:\/\/api.w.org\/{rel}","templated":true}]}}