{"id":5264,"date":"2025-10-15T09:18:39","date_gmt":"2025-10-15T09:18:39","guid":{"rendered":"https:\/\/happyinaknit.com\/?post_type=product&#038;p=5264"},"modified":"2026-03-20T15:26:08","modified_gmt":"2026-03-20T15:26:08","slug":"concept-by-katia-cotton-merino-glam","status":"publish","type":"product","link":"https:\/\/happyinaknit.com\/ru\/product\/concept-by-katia-cotton-merino-glam\/","title":{"rendered":"Concept by Katia Cotton-Merino Glam"},"content":{"rendered":"<p data-start=\"45\" data-end=\"456\"><strong data-start=\"45\" data-end=\"84\">Concept by Katia Cotton-Merino Glam<\/strong> \u2013 \u0440\u043e\u0441\u043a\u043e\u0448\u043d\u0430\u044f, \u043c\u044f\u0433\u043a\u0430\u044f \u0438 \u0441\u043b\u0435\u0433\u043a\u0430 \u043c\u0435\u0440\u0446\u0430\u044e\u0449\u0430\u044f \u043f\u0440\u044f\u0436\u0430, \u0441\u043e\u0447\u0435\u0442\u0430\u044e\u0449\u0430\u044f \u0432 \u0441\u0435\u0431\u0435 \u043f\u0440\u0438\u0440\u043e\u0434\u043d\u0443\u044e \u043c\u044f\u0433\u043a\u043e\u0441\u0442\u044c \u0445\u043b\u043e\u043f\u043a\u0430 \u0438 \u0448\u0435\u0440\u0441\u0442\u0438 \u0441 \u043b\u0451\u0433\u043a\u0438\u043c \u0431\u043b\u0435\u0441\u043a\u043e\u043c. \u0411\u043b\u0430\u0433\u043e\u0434\u0430\u0440\u044f \u043c\u0435\u0442\u0430\u043b\u043b\u0438\u0437\u0438\u0440\u043e\u0432\u0430\u043d\u043d\u044b\u043c \u0432\u043e\u043b\u043e\u043a\u043d\u0430\u043c \u044d\u0442\u0430 \u043f\u0440\u044f\u0436\u0430 \u043f\u0440\u0438\u0434\u0430\u0451\u0442 \u0442\u0440\u0438\u043a\u043e\u0442\u0430\u0436\u043d\u044b\u043c \u0438\u0437\u0434\u0435\u043b\u0438\u044f\u043c \u044d\u043b\u0435\u0433\u0430\u043d\u0442\u043d\u044b\u0439 \u0431\u043b\u0435\u0441\u043a, \u0441\u043e\u0445\u0440\u0430\u043d\u044f\u044f \u043f\u0440\u0438 \u044d\u0442\u043e\u043c \u0438\u0445 \u0435\u0441\u0442\u0435\u0441\u0442\u0432\u0435\u043d\u043d\u043e\u0441\u0442\u044c. \u0418\u0434\u0435\u0430\u043b\u044c\u043d\u043e \u043f\u043e\u0434\u0445\u043e\u0434\u0438\u0442 \u0434\u043b\u044f \u0441\u0432\u0438\u0442\u0435\u0440\u043e\u0432, \u043a\u0430\u0440\u0434\u0438\u0433\u0430\u043d\u043e\u0432, \u0448\u0430\u0440\u0444\u043e\u0432 \u0438 \u0430\u043a\u0441\u0435\u0441\u0441\u0443\u0430\u0440\u043e\u0432, \u043a\u043e\u0433\u0434\u0430 \u0445\u043e\u0447\u0435\u0442\u0441\u044f \u0434\u043e\u0431\u0430\u0432\u0438\u0442\u044c \u043d\u0435\u043c\u043d\u043e\u0433\u043e \u0440\u043e\u0441\u043a\u043e\u0448\u0438 \u0432 \u043f\u043e\u0432\u0441\u0435\u0434\u043d\u0435\u0432\u043d\u0443\u044e \u043e\u0434\u0435\u0436\u0434\u0443.<\/p>\n<p data-start=\"458\" data-end=\"727\"><strong data-start=\"458\" data-end=\"470\">\u0421\u043e\u0441\u0442\u0430\u0432:<\/strong> 46 % \u0445\u043b\u043e\u043f\u043e\u043a, 34 % \u0448\u0435\u0440\u0441\u0442\u044c, 12 % \u043f\u043e\u043b\u0438\u044d\u0441\u0442\u0435\u0440, 8 % \u043f\u043e\u043b\u0438\u0430\u043c\u0438\u0434<br data-start=\"530\" data-end=\"533\" \/><strong data-start=\"533\" data-end=\"552\">\u0412\u0435\u0441\/\u0414\u043b\u0438\u043d\u0430:<\/strong> 50 \u0433 - 120 \u043c<br data-start=\"565\" data-end=\"568\" \/><strong data-start=\"568\" data-end=\"596\" data-is-only-node=\"\">\u0420\u0435\u043a\u043e\u043c\u0435\u043d\u0434\u0443\u0435\u043c\u044b\u0435 \u0441\u043f\u0438\u0446\u044b:<\/strong> 5 \u2013 6 \u043c\u043c<br data-start=\"605\" data-end=\"608\" \/><strong data-start=\"608\" data-end=\"621\">\u041f\u043b\u043e\u0442\u043d\u043e\u0441\u0442\u044c:<\/strong> 10 \u00d7 10 \u0441\u043c \u2013 17 \u043f\u0435\u0442\u0435\u043b\u044c \u00d7 23 \u0440\u044f\u0434\u0430<br data-start=\"653\" data-end=\"656\" \/><strong data-start=\"656\" data-end=\"683\">\u0420\u0430\u0441\u0445\u043e\u0434:<\/strong> \u0434\u043b\u044f \u0434\u0436\u0435\u043c\u043f\u0435\u0440\u0430 (\u0440\u0430\u0437\u043c\u0435\u0440 S) \u2013 \u043e\u043a\u043e\u043b\u043e 8 \u043c\u043e\u0442\u043a\u043e\u0432<\/p>\n<p data-start=\"729\" data-end=\"874\"><strong data-start=\"729\" data-end=\"743\">\u0421\u043e\u0432\u0435\u0442\u044b \u043f\u043e \u0443\u0445\u043e\u0434\u0443:<\/strong><br data-start=\"743\" data-end=\"746\" \/>\u0420\u0443\u0447\u043d\u0430\u044f \u0441\u0442\u0438\u0440\u043a\u0430 \u043f\u0440\u0438 \u0442\u0435\u043c\u043f\u0435\u0440\u0430\u0442\u0443\u0440\u0435 \u043d\u0435 \u0432\u044b\u0448\u0435 30\u00b0\u0421, \u0441\u0443\u0448\u0438\u0442\u044c \u043d\u0430 \u0433\u043e\u0440\u0438\u0437\u043e\u043d\u0442\u0430\u043b\u044c\u043d\u043e\u0439 \u043f\u043e\u0432\u0435\u0440\u0445\u043d\u043e\u0441\u0442\u0438, \u0438\u0437\u0431\u0435\u0433\u0430\u0442\u044c \u043e\u0442\u0431\u0435\u043b\u0438\u0432\u0430\u043d\u0438\u044f \u0438 \u0433\u043b\u0430\u0436\u0435\u043d\u0438\u044f \u0433\u043e\u0440\u044f\u0447\u0438\u043c \u0443\u0442\u044e\u0433\u043e\u043c.<\/p>\n<p data-start=\"876\" data-end=\"964\" data-is-last-node=\"\" data-is-only-node=\"\"><strong data-start=\"876\" data-end=\"888\">\u041f\u0440\u0438\u043c\u0435\u0447\u0430\u043d\u0438\u0435:<\/strong> \u0426\u0432\u0435\u0442\u043e\u0432\u044b\u0435 \u043e\u0442\u0442\u0435\u043d\u043a\u0438 \u043c\u043e\u0433\u0443\u0442 \u043d\u0435\u0437\u043d\u0430\u0447\u0438\u0442\u0435\u043b\u044c\u043d\u043e \u043e\u0442\u043b\u0438\u0447\u0430\u0442\u044c\u0441\u044f \u0432 \u0437\u0430\u0432\u0438\u0441\u0438\u043c\u043e\u0441\u0442\u0438 \u043e\u0442 \u044d\u043a\u0440\u0430\u043d\u0430 \u0432\u0430\u0448\u0435\u0433\u043e \u0443\u0441\u0442\u0440\u043e\u0439\u0441\u0442\u0432\u0430.<\/p>","protected":false},"excerpt":{"rendered":"<p>Concept by Katia Cotton-Merino Glam \u2013 tai prabang\u016bs, \u0161veln\u016bs ir lengvai \u017evilgantys si\u016blai, kuriuose derinamas nat\u016bralus medviln\u0117s ir vilnos \u0161velnumas su subtiliu blizgesiu. D\u0117l metalizuoto pluo\u0161to \u0161ie si\u016blai suteikia mezginiams eleganti\u0161k\u0105 spindes\u012f, i\u0161laikydami nat\u016bral\u0173 poj\u016bt\u012f. Puikiai tinka megztiniams, kardiganams, skaroms ir aksesuarams, kai norisi prid\u0117ti \u0161iek tiek prabangos kasdieniams drabu\u017eiams. Sud\u0117tis: 46 % medviln\u0117, 34 [&hellip;]<\/p>\n","protected":false},"featured_media":4763,"comment_status":"open","ping_status":"closed","template":"","meta":{"_acf_changed":false},"product_brand":[69],"product_cat":[15,182,18],"product_tag":[33],"pro-kategorijos":[55,56],"class_list":{"0":"post-5264","1":"product","2":"type-product","3":"status-publish","4":"has-post-thumbnail","6":"product_brand-concept-by-katia","7":"product_cat-visi-produktai","8":"product_cat-ispardavimas","9":"product_cat-siulai","10":"product_tag-ispardavimas","11":"pro-kategorijos-medvilne","12":"pro-kategorijos-vilna","14":"first","15":"instock","16":"sale","17":"shipping-taxable","18":"purchasable","19":"product-type-variable"},"acf":[],"yoast_head":"<!-- This site is optimized with the Yoast SEO plugin v26.8 - https:\/\/yoast.com\/product\/yoast-seo-wordpress\/ -->\n<title>Concept by Katia Cotton-Merino Glam - Happyinaknit.com<\/title>\n<meta name=\"robots\" content=\"index, follow, max-snippet:-1, max-image-preview:large, max-video-preview:-1\" \/>\n<link rel=\"canonical\" href=\"https:\/\/happyinaknit.com\/ru\/product\/concept-by-katia-cotton-merino-glam\/\" \/>\n<meta property=\"og:locale\" content=\"ru_RU\" \/>\n<meta property=\"og:type\" content=\"article\" \/>\n<meta property=\"og:title\" content=\"Concept by Katia Cotton-Merino Glam - Happyinaknit.com\" \/>\n<meta property=\"og:description\" content=\"Concept by Katia Cotton-Merino Glam \u2013 tai prabang\u016bs, \u0161veln\u016bs ir lengvai \u017evilgantys si\u016blai, kuriuose derinamas nat\u016bralus medviln\u0117s ir vilnos \u0161velnumas su subtiliu blizgesiu. D\u0117l metalizuoto pluo\u0161to \u0161ie si\u016blai suteikia mezginiams eleganti\u0161k\u0105 spindes\u012f, i\u0161laikydami nat\u016bral\u0173 poj\u016bt\u012f. Puikiai tinka megztiniams, kardiganams, skaroms ir aksesuarams, kai norisi prid\u0117ti \u0161iek tiek prabangos kasdieniams drabu\u017eiams. Sud\u0117tis: 46 % medviln\u0117, 34 [&hellip;]\" \/>\n<meta property=\"og:url\" content=\"https:\/\/happyinaknit.com\/ru\/product\/concept-by-katia-cotton-merino-glam\/\" \/>\n<meta property=\"og:site_name\" content=\"Happyinaknit.com\" \/>\n<meta property=\"article:modified_time\" content=\"2026-03-20T15:26:08+00:00\" \/>\n<meta property=\"og:image\" content=\"https:\/\/happyinaknit.com\/wp-content\/uploads\/2025\/10\/IMG_9513.jpg\" \/>\n\t<meta property=\"og:image:width\" content=\"1320\" \/>\n\t<meta property=\"og:image:height\" content=\"1121\" \/>\n\t<meta property=\"og:image:type\" content=\"image\/jpeg\" \/>\n<meta name=\"twitter:card\" content=\"summary_large_image\" \/>\n<meta name=\"twitter:label1\" content=\"\u041f\u0440\u0438\u043c\u0435\u0440\u043d\u043e\u0435 \u0432\u0440\u0435\u043c\u044f \u0434\u043b\u044f \u0447\u0442\u0435\u043d\u0438\u044f\" \/>\n\t<meta name=\"twitter:data1\" content=\"1 \u043c\u0438\u043d\u0443\u0442\u0430\" \/>\n<script type=\"application\/ld+json\" class=\"yoast-schema-graph\">{\"@context\":\"https:\/\/schema.org\",\"@graph\":[{\"@type\":\"WebPage\",\"@id\":\"https:\/\/happyinaknit.com\/produktas\/concept-by-katia-cotton-merino-glam\/\",\"url\":\"https:\/\/happyinaknit.com\/produktas\/concept-by-katia-cotton-merino-glam\/\",\"name\":\"Concept by Katia Cotton-Merino Glam - Happyinaknit.com\",\"isPartOf\":{\"@id\":\"https:\/\/happyinaknit.com\/lt\/#website\"},\"primaryImageOfPage\":{\"@id\":\"https:\/\/happyinaknit.com\/produktas\/concept-by-katia-cotton-merino-glam\/#primaryimage\"},\"image\":{\"@id\":\"https:\/\/happyinaknit.com\/produktas\/concept-by-katia-cotton-merino-glam\/#primaryimage\"},\"thumbnailUrl\":\"https:\/\/happyinaknit.com\/wp-content\/uploads\/2025\/10\/IMG_9513.jpg\",\"datePublished\":\"2025-10-15T09:18:39+00:00\",\"dateModified\":\"2026-03-20T15:26:08+00:00\",\"breadcrumb\":{\"@id\":\"https:\/\/happyinaknit.com\/produktas\/concept-by-katia-cotton-merino-glam\/#breadcrumb\"},\"inLanguage\":\"ru-RU\",\"potentialAction\":[{\"@type\":\"ReadAction\",\"target\":[\"https:\/\/happyinaknit.com\/produktas\/concept-by-katia-cotton-merino-glam\/\"]}]},{\"@type\":\"ImageObject\",\"inLanguage\":\"ru-RU\",\"@id\":\"https:\/\/happyinaknit.com\/produktas\/concept-by-katia-cotton-merino-glam\/#primaryimage\",\"url\":\"https:\/\/happyinaknit.com\/wp-content\/uploads\/2025\/10\/IMG_9513.jpg\",\"contentUrl\":\"https:\/\/happyinaknit.com\/wp-content\/uploads\/2025\/10\/IMG_9513.jpg\",\"width\":1320,\"height\":1121},{\"@type\":\"BreadcrumbList\",\"@id\":\"https:\/\/happyinaknit.com\/produktas\/concept-by-katia-cotton-merino-glam\/#breadcrumb\",\"itemListElement\":[{\"@type\":\"ListItem\",\"position\":1,\"name\":\"Home\",\"item\":\"https:\/\/happyinaknit.com\/lt\/\"},{\"@type\":\"ListItem\",\"position\":2,\"name\":\"Parduotuv\u0117\",\"item\":\"https:\/\/happyinaknit.com\/lt\/parduotuve\/\"},{\"@type\":\"ListItem\",\"position\":3,\"name\":\"Concept by Katia Cotton-Merino Glam\"}]},{\"@type\":\"WebSite\",\"@id\":\"https:\/\/happyinaknit.com\/lt\/#website\",\"url\":\"https:\/\/happyinaknit.com\/lt\/\",\"name\":\"Happyinaknit.com\",\"description\":\"\",\"potentialAction\":[{\"@type\":\"SearchAction\",\"target\":{\"@type\":\"EntryPoint\",\"urlTemplate\":\"https:\/\/happyinaknit.com\/lt\/?s={search_term_string}\"},\"query-input\":{\"@type\":\"PropertyValueSpecification\",\"valueRequired\":true,\"valueName\":\"search_term_string\"}}],\"inLanguage\":\"ru-RU\"}]}<\/script>\n<!-- \/ Yoast SEO plugin. -->","yoast_head_json":{"title":"Concept by Katia Cotton-Merino Glam - Happyinaknit.com","robots":{"index":"index","follow":"follow","max-snippet":"max-snippet:-1","max-image-preview":"max-image-preview:large","max-video-preview":"max-video-preview:-1"},"canonical":"https:\/\/happyinaknit.com\/ru\/product\/concept-by-katia-cotton-merino-glam\/","og_locale":"ru_RU","og_type":"article","og_title":"Concept by Katia Cotton-Merino Glam - Happyinaknit.com","og_description":"Concept by Katia Cotton-Merino Glam \u2013 tai prabang\u016bs, \u0161veln\u016bs ir lengvai \u017evilgantys si\u016blai, kuriuose derinamas nat\u016bralus medviln\u0117s ir vilnos \u0161velnumas su subtiliu blizgesiu. D\u0117l metalizuoto pluo\u0161to \u0161ie si\u016blai suteikia mezginiams eleganti\u0161k\u0105 spindes\u012f, i\u0161laikydami nat\u016bral\u0173 poj\u016bt\u012f. Puikiai tinka megztiniams, kardiganams, skaroms ir aksesuarams, kai norisi prid\u0117ti \u0161iek tiek prabangos kasdieniams drabu\u017eiams. Sud\u0117tis: 46 % medviln\u0117, 34 [&hellip;]","og_url":"https:\/\/happyinaknit.com\/ru\/product\/concept-by-katia-cotton-merino-glam\/","og_site_name":"Happyinaknit.com","article_modified_time":"2026-03-20T15:26:08+00:00","og_image":[{"width":1320,"height":1121,"url":"https:\/\/happyinaknit.com\/wp-content\/uploads\/2025\/10\/IMG_9513.jpg","type":"image\/jpeg"}],"twitter_card":"summary_large_image","twitter_misc":{"\u041f\u0440\u0438\u043c\u0435\u0440\u043d\u043e\u0435 \u0432\u0440\u0435\u043c\u044f \u0434\u043b\u044f \u0447\u0442\u0435\u043d\u0438\u044f":"1 \u043c\u0438\u043d\u0443\u0442\u0430"},"schema":{"@context":"https:\/\/schema.org","@graph":[{"@type":"WebPage","@id":"https:\/\/happyinaknit.com\/produktas\/concept-by-katia-cotton-merino-glam\/","url":"https:\/\/happyinaknit.com\/produktas\/concept-by-katia-cotton-merino-glam\/","name":"Concept by Katia Cotton-Merino Glam - Happyinaknit.com","isPartOf":{"@id":"https:\/\/happyinaknit.com\/lt\/#website"},"primaryImageOfPage":{"@id":"https:\/\/happyinaknit.com\/produktas\/concept-by-katia-cotton-merino-glam\/#primaryimage"},"image":{"@id":"https:\/\/happyinaknit.com\/produktas\/concept-by-katia-cotton-merino-glam\/#primaryimage"},"thumbnailUrl":"https:\/\/happyinaknit.com\/wp-content\/uploads\/2025\/10\/IMG_9513.jpg","datePublished":"2025-10-15T09:18:39+00:00","dateModified":"2026-03-20T15:26:08+00:00","breadcrumb":{"@id":"https:\/\/happyinaknit.com\/produktas\/concept-by-katia-cotton-merino-glam\/#breadcrumb"},"inLanguage":"ru-RU","potentialAction":[{"@type":"ReadAction","target":["https:\/\/happyinaknit.com\/produktas\/concept-by-katia-cotton-merino-glam\/"]}]},{"@type":"ImageObject","inLanguage":"ru-RU","@id":"https:\/\/happyinaknit.com\/produktas\/concept-by-katia-cotton-merino-glam\/#primaryimage","url":"https:\/\/happyinaknit.com\/wp-content\/uploads\/2025\/10\/IMG_9513.jpg","contentUrl":"https:\/\/happyinaknit.com\/wp-content\/uploads\/2025\/10\/IMG_9513.jpg","width":1320,"height":1121},{"@type":"BreadcrumbList","@id":"https:\/\/happyinaknit.com\/produktas\/concept-by-katia-cotton-merino-glam\/#breadcrumb","itemListElement":[{"@type":"ListItem","position":1,"name":"Home","item":"https:\/\/happyinaknit.com\/lt\/"},{"@type":"ListItem","position":2,"name":"Parduotuv\u0117","item":"https:\/\/happyinaknit.com\/lt\/parduotuve\/"},{"@type":"ListItem","position":3,"name":"Concept by Katia Cotton-Merino Glam"}]},{"@type":"WebSite","@id":"https:\/\/happyinaknit.com\/lt\/#website","url":"https:\/\/happyinaknit.com\/lt\/","name":"Happyinaknit.com","description":"","potentialAction":[{"@type":"SearchAction","target":{"@type":"EntryPoint","urlTemplate":"https:\/\/happyinaknit.com\/lt\/?s={search_term_string}"},"query-input":{"@type":"PropertyValueSpecification","valueRequired":true,"valueName":"search_term_string"}}],"inLanguage":"ru-RU"}]}},"_links":{"self":[{"href":"https:\/\/happyinaknit.com\/ru\/wp-json\/wp\/v2\/product\/5264","targetHints":{"allow":["GET"]}}],"collection":[{"href":"https:\/\/happyinaknit.com\/ru\/wp-json\/wp\/v2\/product"}],"about":[{"href":"https:\/\/happyinaknit.com\/ru\/wp-json\/wp\/v2\/types\/product"}],"replies":[{"embeddable":true,"href":"https:\/\/happyinaknit.com\/ru\/wp-json\/wp\/v2\/comments?post=5264"}],"wp:featuredmedia":[{"embeddable":true,"href":"https:\/\/happyinaknit.com\/ru\/wp-json\/wp\/v2\/media\/4763"}],"wp:attachment":[{"href":"https:\/\/happyinaknit.com\/ru\/wp-json\/wp\/v2\/media?parent=5264"}],"wp:term":[{"taxonomy":"product_brand","embeddable":true,"href":"https:\/\/happyinaknit.com\/ru\/wp-json\/wp\/v2\/product_brand?post=5264"},{"taxonomy":"product_cat","embeddable":true,"href":"https:\/\/happyinaknit.com\/ru\/wp-json\/wp\/v2\/product_cat?post=5264"},{"taxonomy":"product_tag","embeddable":true,"href":"https:\/\/happyinaknit.com\/ru\/wp-json\/wp\/v2\/product_tag?post=5264"},{"taxonomy":"pro-kategorijos","embeddable":true,"href":"https:\/\/happyinaknit.com\/ru\/wp-json\/wp\/v2\/pro-kategorijos?post=5264"}],"curies":[{"name":"wp","href":"https:\/\/api.w.org\/{rel}","templated":true}]}}