{"id":5228,"date":"2025-10-15T07:42:22","date_gmt":"2025-10-15T07:42:22","guid":{"rendered":"https:\/\/happyinaknit.com\/?post_type=product&#038;p=5228"},"modified":"2025-11-13T20:08:24","modified_gmt":"2025-11-13T20:08:24","slug":"katia-alexandria","status":"publish","type":"product","link":"https:\/\/happyinaknit.com\/ru\/product\/katia-alexandria\/","title":{"rendered":"Katia Alexandria"},"content":{"rendered":"<p data-start=\"26\" data-end=\"338\"><strong data-start=\"26\" data-end=\"46\">Katia Alexandria<\/strong> \u2013 \u043a\u043b\u0430\u0441\u0441\u0438\u0447\u0435\u0441\u043a\u0430\u044f, \u0442\u043e\u043d\u043a\u0430\u044f \u043f\u0440\u044f\u0436\u0430 \u0438\u0437 \u043c\u0435\u0440\u0441\u0435\u0440\u0438\u0437\u043e\u0432\u0430\u043d\u043d\u043e\u0433\u043e \u0445\u043b\u043e\u043f\u043a\u0430 100 %, \u0438\u0434\u0435\u0430\u043b\u044c\u043d\u043e \u043f\u043e\u0434\u0445\u043e\u0434\u044f\u0449\u0430\u044f \u0434\u043b\u044f \u0432\u044f\u0437\u0430\u043d\u0438\u044f \u043a\u0440\u044e\u0447\u043a\u043e\u043c. \u042d\u0442\u0430 \u043f\u0440\u044f\u0436\u0430 \u043e\u0431\u043b\u0430\u0434\u0430\u0435\u0442 \u043b\u0451\u0433\u043a\u0438\u043c \u0431\u043b\u0435\u0441\u043a\u043e\u043c, \u043f\u0440\u043e\u0447\u043d\u043e\u0441\u0442\u044c\u044e \u0438 \u0438\u0441\u043a\u043b\u044e\u0447\u0438\u0442\u0435\u043b\u044c\u043d\u043e \u0433\u043b\u0430\u0434\u043a\u043e\u0439 \u0441\u0442\u0440\u0443\u043a\u0442\u0443\u0440\u043e\u0439, \u043f\u043e\u044d\u0442\u043e\u043c\u0443 \u0435\u0451 \u043c\u043e\u0436\u043d\u043e \u0438\u0441\u043f\u043e\u043b\u044c\u0437\u043e\u0432\u0430\u0442\u044c \u0434\u043b\u044f \u0441\u043e\u0437\u0434\u0430\u043d\u0438\u044f \u043b\u0451\u0433\u043a\u0438\u0445 \u0438 \u044d\u043b\u0435\u0433\u0430\u043d\u0442\u043d\u044b\u0445 \u0442\u0440\u0438\u043a\u043e\u0442\u0430\u0436\u043d\u044b\u0445 \u0438\u0437\u0434\u0435\u043b\u0438\u0439 \u2013 \u0441\u043a\u0430\u0442\u0435\u0440\u0442\u0435\u0439, \u0441\u0430\u043b\u0444\u0435\u0442\u043e\u043a, \u043b\u0435\u0442\u043d\u0435\u0439 \u043e\u0434\u0435\u0436\u0434\u044b \u0438\u043b\u0438 \u0430\u043a\u0441\u0435\u0441\u0441\u0443\u0430\u0440\u043e\u0432.<\/p>\n<p data-start=\"340\" data-end=\"501\"><strong data-start=\"340\" data-end=\"352\">\u0421\u043e\u0441\u0442\u0430\u0432:<\/strong> 100 % \u043c\u0435\u0440\u0441\u0435\u0440\u0438\u0437\u043e\u0432\u0430\u043d\u043d\u044b\u0439 \u0445\u043b\u043e\u043f\u043e\u043a<br data-start=\"380\" data-end=\"383\" \/><strong data-start=\"383\" data-end=\"402\">\u0412\u0435\u0441\/\u0414\u043b\u0438\u043d\u0430:<\/strong> 100 \u0433 - 400 \u043c<br data-start=\"416\" data-end=\"419\" \/><strong data-start=\"419\" data-end=\"447\" data-is-only-node=\"\">\u0420\u0435\u043a\u043e\u043c\u0435\u043d\u0434\u0443\u0435\u043c\u044b\u0435 \u0441\u043f\u0438\u0446\u044b:<\/strong> 2,5 \u043c\u043c<br data-start=\"454\" data-end=\"457\" \/><strong data-start=\"457\" data-end=\"485\">\u0420\u0435\u043a\u043e\u043c\u0435\u043d\u0434\u0443\u0435\u043c\u044b\u0439 \u043a\u0440\u044e\u0447\u043e\u043a:<\/strong> 1,75 \u2013 2,0 \u043c\u043c<\/p>\n<p data-start=\"503\" data-end=\"633\"><strong data-start=\"503\" data-end=\"517\">\u0421\u043e\u0432\u0435\u0442\u044b \u043f\u043e \u0443\u0445\u043e\u0434\u0443:<\/strong><br data-start=\"517\" data-end=\"520\" \/>\u0421\u0442\u0438\u0440\u0430\u0442\u044c \u043d\u0430 \u0449\u0430\u0434\u044f\u0449\u0435\u043c \u0440\u0435\u0436\u0438\u043c\u0435 \u043f\u0440\u0438 \u0442\u0435\u043c\u043f\u0435\u0440\u0430\u0442\u0443\u0440\u0435 \u0434\u043e 30\u00b0\u0421, \u043d\u0435 \u0438\u0441\u043f\u043e\u043b\u044c\u0437\u043e\u0432\u0430\u0442\u044c \u0445\u043b\u043e\u0440 \u0438 \u043e\u0442\u0431\u0435\u043b\u0438\u0432\u0430\u0442\u0435\u043b\u044c, \u0441\u0443\u0448\u0438\u0442\u044c \u043d\u0430 \u0433\u043e\u0440\u0438\u0437\u043e\u043d\u0442\u0430\u043b\u044c\u043d\u043e\u0439 \u043f\u043e\u0432\u0435\u0440\u0445\u043d\u043e\u0441\u0442\u0438.<\/p>\n<p data-start=\"635\" data-end=\"723\" data-is-last-node=\"\" data-is-only-node=\"\"><strong data-start=\"635\" data-end=\"647\">\u041f\u0440\u0438\u043c\u0435\u0447\u0430\u043d\u0438\u0435:<\/strong> \u0426\u0432\u0435\u0442\u043e\u0432\u044b\u0435 \u043e\u0442\u0442\u0435\u043d\u043a\u0438 \u043c\u043e\u0433\u0443\u0442 \u043d\u0435\u0437\u043d\u0430\u0447\u0438\u0442\u0435\u043b\u044c\u043d\u043e \u043e\u0442\u043b\u0438\u0447\u0430\u0442\u044c\u0441\u044f \u0432 \u0437\u0430\u0432\u0438\u0441\u0438\u043c\u043e\u0441\u0442\u0438 \u043e\u0442 \u044d\u043a\u0440\u0430\u043d\u0430 \u0432\u0430\u0448\u0435\u0433\u043e \u0443\u0441\u0442\u0440\u043e\u0439\u0441\u0442\u0432\u0430.<\/p>","protected":false},"excerpt":{"rendered":"<p>Katia Alexandria \u2013 klasikiniai, ploni 100 % merserizuotos medviln\u0117s si\u016blai, puikiai tinkantys n\u0117rimui v\u0105\u0161eliu. \u0160ie si\u016blai pasi\u017eymi subtiliu blizgesiu, tvirtumu ir itin lygia strukt\u016bra, tod\u0117l i\u0161 j\u0173 galima kurti lengvus bei eleganti\u0161kus mezginius \u2013 staltieses, servet\u0117les, vasarinius drabu\u017eius ar aksesuarus. Sud\u0117tis: 100 % merserizuota medviln\u0117Svoris \/ ilgis: 100 g &#8211; 400 mRekomenduojami virbalai: 2,5 mmRekomenduojamas [&hellip;]<\/p>\n","protected":false},"featured_media":4788,"comment_status":"open","ping_status":"closed","template":"","meta":{"_acf_changed":false},"product_brand":[69],"product_cat":[15,18],"product_tag":[],"pro-kategorijos":[55],"class_list":{"0":"post-5228","1":"product","2":"type-product","3":"status-publish","4":"has-post-thumbnail","6":"product_brand-concept-by-katia","7":"product_cat-visi-produktai","8":"product_cat-siulai","9":"pro-kategorijos-medvilne","11":"first","12":"instock","13":"shipping-taxable","14":"purchasable","15":"product-type-simple"},"acf":[],"yoast_head":"<!-- This site is optimized with the Yoast SEO plugin v26.8 - https:\/\/yoast.com\/product\/yoast-seo-wordpress\/ -->\n<title>Katia Alexandria - Happyinaknit.com<\/title>\n<meta name=\"robots\" content=\"index, follow, max-snippet:-1, max-image-preview:large, max-video-preview:-1\" \/>\n<link rel=\"canonical\" href=\"https:\/\/happyinaknit.com\/ru\/product\/katia-alexandria\/\" \/>\n<meta property=\"og:locale\" content=\"ru_RU\" \/>\n<meta property=\"og:type\" content=\"article\" \/>\n<meta property=\"og:title\" content=\"Katia Alexandria - Happyinaknit.com\" \/>\n<meta property=\"og:description\" content=\"Katia Alexandria \u2013 klasikiniai, ploni 100 % merserizuotos medviln\u0117s si\u016blai, puikiai tinkantys n\u0117rimui v\u0105\u0161eliu. \u0160ie si\u016blai pasi\u017eymi subtiliu blizgesiu, tvirtumu ir itin lygia strukt\u016bra, tod\u0117l i\u0161 j\u0173 galima kurti lengvus bei eleganti\u0161kus mezginius \u2013 staltieses, servet\u0117les, vasarinius drabu\u017eius ar aksesuarus. Sud\u0117tis: 100 % merserizuota medviln\u0117Svoris \/ ilgis: 100 g &#8211; 400 mRekomenduojami virbalai: 2,5 mmRekomenduojamas [&hellip;]\" \/>\n<meta property=\"og:url\" content=\"https:\/\/happyinaknit.com\/ru\/product\/katia-alexandria\/\" \/>\n<meta property=\"og:site_name\" content=\"Happyinaknit.com\" \/>\n<meta property=\"article:modified_time\" content=\"2025-11-13T20:08:24+00:00\" \/>\n<meta property=\"og:image\" content=\"https:\/\/happyinaknit.com\/wp-content\/uploads\/2025\/10\/IMG_9488.jpg\" \/>\n\t<meta property=\"og:image:width\" content=\"1320\" \/>\n\t<meta property=\"og:image:height\" content=\"1161\" \/>\n\t<meta property=\"og:image:type\" content=\"image\/jpeg\" \/>\n<meta name=\"twitter:card\" content=\"summary_large_image\" \/>\n<script type=\"application\/ld+json\" class=\"yoast-schema-graph\">{\"@context\":\"https:\/\/schema.org\",\"@graph\":[{\"@type\":\"WebPage\",\"@id\":\"https:\/\/happyinaknit.com\/produktas\/katia-alexandria\/\",\"url\":\"https:\/\/happyinaknit.com\/produktas\/katia-alexandria\/\",\"name\":\"Katia Alexandria - Happyinaknit.com\",\"isPartOf\":{\"@id\":\"https:\/\/happyinaknit.com\/lt\/#website\"},\"primaryImageOfPage\":{\"@id\":\"https:\/\/happyinaknit.com\/produktas\/katia-alexandria\/#primaryimage\"},\"image\":{\"@id\":\"https:\/\/happyinaknit.com\/produktas\/katia-alexandria\/#primaryimage\"},\"thumbnailUrl\":\"https:\/\/happyinaknit.com\/wp-content\/uploads\/2025\/10\/IMG_9488.jpg\",\"datePublished\":\"2025-10-15T07:42:22+00:00\",\"dateModified\":\"2025-11-13T20:08:24+00:00\",\"breadcrumb\":{\"@id\":\"https:\/\/happyinaknit.com\/produktas\/katia-alexandria\/#breadcrumb\"},\"inLanguage\":\"ru-RU\",\"potentialAction\":[{\"@type\":\"ReadAction\",\"target\":[\"https:\/\/happyinaknit.com\/produktas\/katia-alexandria\/\"]}]},{\"@type\":\"ImageObject\",\"inLanguage\":\"ru-RU\",\"@id\":\"https:\/\/happyinaknit.com\/produktas\/katia-alexandria\/#primaryimage\",\"url\":\"https:\/\/happyinaknit.com\/wp-content\/uploads\/2025\/10\/IMG_9488.jpg\",\"contentUrl\":\"https:\/\/happyinaknit.com\/wp-content\/uploads\/2025\/10\/IMG_9488.jpg\",\"width\":1320,\"height\":1161},{\"@type\":\"BreadcrumbList\",\"@id\":\"https:\/\/happyinaknit.com\/produktas\/katia-alexandria\/#breadcrumb\",\"itemListElement\":[{\"@type\":\"ListItem\",\"position\":1,\"name\":\"Home\",\"item\":\"https:\/\/happyinaknit.com\/lt\/\"},{\"@type\":\"ListItem\",\"position\":2,\"name\":\"Parduotuv\u0117\",\"item\":\"https:\/\/happyinaknit.com\/lt\/parduotuve\/\"},{\"@type\":\"ListItem\",\"position\":3,\"name\":\"Katia Alexandria\"}]},{\"@type\":\"WebSite\",\"@id\":\"https:\/\/happyinaknit.com\/lt\/#website\",\"url\":\"https:\/\/happyinaknit.com\/lt\/\",\"name\":\"Happyinaknit.com\",\"description\":\"\",\"potentialAction\":[{\"@type\":\"SearchAction\",\"target\":{\"@type\":\"EntryPoint\",\"urlTemplate\":\"https:\/\/happyinaknit.com\/lt\/?s={search_term_string}\"},\"query-input\":{\"@type\":\"PropertyValueSpecification\",\"valueRequired\":true,\"valueName\":\"search_term_string\"}}],\"inLanguage\":\"ru-RU\"}]}<\/script>\n<!-- \/ Yoast SEO plugin. -->","yoast_head_json":{"title":"Katia Alexandria - Happyinaknit.com","robots":{"index":"index","follow":"follow","max-snippet":"max-snippet:-1","max-image-preview":"max-image-preview:large","max-video-preview":"max-video-preview:-1"},"canonical":"https:\/\/happyinaknit.com\/ru\/product\/katia-alexandria\/","og_locale":"ru_RU","og_type":"article","og_title":"Katia Alexandria - Happyinaknit.com","og_description":"Katia Alexandria \u2013 klasikiniai, ploni 100 % merserizuotos medviln\u0117s si\u016blai, puikiai tinkantys n\u0117rimui v\u0105\u0161eliu. \u0160ie si\u016blai pasi\u017eymi subtiliu blizgesiu, tvirtumu ir itin lygia strukt\u016bra, tod\u0117l i\u0161 j\u0173 galima kurti lengvus bei eleganti\u0161kus mezginius \u2013 staltieses, servet\u0117les, vasarinius drabu\u017eius ar aksesuarus. Sud\u0117tis: 100 % merserizuota medviln\u0117Svoris \/ ilgis: 100 g &#8211; 400 mRekomenduojami virbalai: 2,5 mmRekomenduojamas [&hellip;]","og_url":"https:\/\/happyinaknit.com\/ru\/product\/katia-alexandria\/","og_site_name":"Happyinaknit.com","article_modified_time":"2025-11-13T20:08:24+00:00","og_image":[{"width":1320,"height":1161,"url":"https:\/\/happyinaknit.com\/wp-content\/uploads\/2025\/10\/IMG_9488.jpg","type":"image\/jpeg"}],"twitter_card":"summary_large_image","schema":{"@context":"https:\/\/schema.org","@graph":[{"@type":"WebPage","@id":"https:\/\/happyinaknit.com\/produktas\/katia-alexandria\/","url":"https:\/\/happyinaknit.com\/produktas\/katia-alexandria\/","name":"Katia Alexandria - Happyinaknit.com","isPartOf":{"@id":"https:\/\/happyinaknit.com\/lt\/#website"},"primaryImageOfPage":{"@id":"https:\/\/happyinaknit.com\/produktas\/katia-alexandria\/#primaryimage"},"image":{"@id":"https:\/\/happyinaknit.com\/produktas\/katia-alexandria\/#primaryimage"},"thumbnailUrl":"https:\/\/happyinaknit.com\/wp-content\/uploads\/2025\/10\/IMG_9488.jpg","datePublished":"2025-10-15T07:42:22+00:00","dateModified":"2025-11-13T20:08:24+00:00","breadcrumb":{"@id":"https:\/\/happyinaknit.com\/produktas\/katia-alexandria\/#breadcrumb"},"inLanguage":"ru-RU","potentialAction":[{"@type":"ReadAction","target":["https:\/\/happyinaknit.com\/produktas\/katia-alexandria\/"]}]},{"@type":"ImageObject","inLanguage":"ru-RU","@id":"https:\/\/happyinaknit.com\/produktas\/katia-alexandria\/#primaryimage","url":"https:\/\/happyinaknit.com\/wp-content\/uploads\/2025\/10\/IMG_9488.jpg","contentUrl":"https:\/\/happyinaknit.com\/wp-content\/uploads\/2025\/10\/IMG_9488.jpg","width":1320,"height":1161},{"@type":"BreadcrumbList","@id":"https:\/\/happyinaknit.com\/produktas\/katia-alexandria\/#breadcrumb","itemListElement":[{"@type":"ListItem","position":1,"name":"Home","item":"https:\/\/happyinaknit.com\/lt\/"},{"@type":"ListItem","position":2,"name":"Parduotuv\u0117","item":"https:\/\/happyinaknit.com\/lt\/parduotuve\/"},{"@type":"ListItem","position":3,"name":"Katia Alexandria"}]},{"@type":"WebSite","@id":"https:\/\/happyinaknit.com\/lt\/#website","url":"https:\/\/happyinaknit.com\/lt\/","name":"Happyinaknit.com","description":"","potentialAction":[{"@type":"SearchAction","target":{"@type":"EntryPoint","urlTemplate":"https:\/\/happyinaknit.com\/lt\/?s={search_term_string}"},"query-input":{"@type":"PropertyValueSpecification","valueRequired":true,"valueName":"search_term_string"}}],"inLanguage":"ru-RU"}]}},"_links":{"self":[{"href":"https:\/\/happyinaknit.com\/ru\/wp-json\/wp\/v2\/product\/5228","targetHints":{"allow":["GET"]}}],"collection":[{"href":"https:\/\/happyinaknit.com\/ru\/wp-json\/wp\/v2\/product"}],"about":[{"href":"https:\/\/happyinaknit.com\/ru\/wp-json\/wp\/v2\/types\/product"}],"replies":[{"embeddable":true,"href":"https:\/\/happyinaknit.com\/ru\/wp-json\/wp\/v2\/comments?post=5228"}],"wp:featuredmedia":[{"embeddable":true,"href":"https:\/\/happyinaknit.com\/ru\/wp-json\/wp\/v2\/media\/4788"}],"wp:attachment":[{"href":"https:\/\/happyinaknit.com\/ru\/wp-json\/wp\/v2\/media?parent=5228"}],"wp:term":[{"taxonomy":"product_brand","embeddable":true,"href":"https:\/\/happyinaknit.com\/ru\/wp-json\/wp\/v2\/product_brand?post=5228"},{"taxonomy":"product_cat","embeddable":true,"href":"https:\/\/happyinaknit.com\/ru\/wp-json\/wp\/v2\/product_cat?post=5228"},{"taxonomy":"product_tag","embeddable":true,"href":"https:\/\/happyinaknit.com\/ru\/wp-json\/wp\/v2\/product_tag?post=5228"},{"taxonomy":"pro-kategorijos","embeddable":true,"href":"https:\/\/happyinaknit.com\/ru\/wp-json\/wp\/v2\/pro-kategorijos?post=5228"}],"curies":[{"name":"wp","href":"https:\/\/api.w.org\/{rel}","templated":true}]}}