{"id":5217,"date":"2025-10-15T07:31:04","date_gmt":"2025-10-15T07:31:04","guid":{"rendered":"https:\/\/happyinaknit.com\/?post_type=product&#038;p=5217"},"modified":"2025-11-17T16:12:52","modified_gmt":"2025-11-17T16:12:52","slug":"concept-by-katia-camboya","status":"publish","type":"product","link":"https:\/\/happyinaknit.com\/ru\/product\/concept-by-katia-camboya\/","title":{"rendered":"Concept by Katia Camboya"},"content":{"rendered":"<p data-start=\"34\" data-end=\"352\"><strong data-start=\"34\" data-end=\"62\">Concept by Katia Camboya<\/strong> \u2013 \u044d\u0442\u043e \u043d\u0430\u0442\u0443\u0440\u0430\u043b\u044c\u043d\u0430\u044f \u0445\u043b\u043e\u043f\u043a\u043e\u0432\u0430\u044f \u043f\u0440\u044f\u0436\u0430 100 %, \u043e\u0442\u043b\u0438\u0447\u0430\u044e\u0449\u0430\u044f\u0441\u044f \u0438\u0441\u043a\u043b\u044e\u0447\u0438\u0442\u0435\u043b\u044c\u043d\u043e\u0439 \u043c\u044f\u0433\u043a\u043e\u0441\u0442\u044c\u044e \u0438 \u0442\u043e\u043d\u043a\u0438\u043c, \u0441\u043b\u0435\u0433\u043a\u0430 \u043c\u0430\u0442\u043e\u0432\u044b\u043c \u044d\u0444\u0444\u0435\u043a\u0442\u043e\u043c \u043f\u043e\u0432\u0435\u0440\u0445\u043d\u043e\u0441\u0442\u0438. \u042d\u0442\u0430 \u043f\u0440\u044f\u0436\u0430 \u0438\u0434\u0435\u0430\u043b\u044c\u043d\u043e \u043f\u043e\u0434\u0445\u043e\u0434\u0438\u0442 \u0434\u043b\u044f \u043b\u0435\u0442\u043d\u0438\u0445 \u0441\u0432\u0438\u0442\u0435\u0440\u043e\u0432, \u0436\u0438\u043b\u0435\u0442\u043e\u0432 \u0438\u043b\u0438 \u0430\u043a\u0441\u0435\u0441\u0441\u0443\u0430\u0440\u043e\u0432 \u2013 \u0438\u0437\u0434\u0435\u043b\u0438\u044f \u0438\u0437 \u043d\u0435\u0451 \u0431\u0443\u0434\u0443\u0442 \u0434\u044b\u0448\u0430\u0449\u0438\u043c\u0438, \u043c\u044f\u0433\u043a\u0438\u043c\u0438 \u0438 \u043f\u0440\u0438\u044f\u0442\u043d\u044b\u043c\u0438 \u043d\u0430 \u043e\u0449\u0443\u043f\u044c \u0434\u0430\u0436\u0435 \u0432 \u0436\u0430\u0440\u043a\u0438\u0435 \u0434\u043d\u0438.<\/p>\n<p data-start=\"354\" data-end=\"509\"><strong data-start=\"354\" data-end=\"366\">\u0421\u043e\u0441\u0442\u0430\u0432:<\/strong> 100 % \u0445\u043b\u043e\u043f\u043e\u043a<br data-start=\"381\" data-end=\"384\" \/><strong data-start=\"384\" data-end=\"403\">\u0412\u0435\u0441\/\u0414\u043b\u0438\u043d\u0430:<\/strong> 50 \u0433 - 85 \u043c<br data-start=\"415\" data-end=\"418\" \/><strong data-start=\"418\" data-end=\"446\" data-is-only-node=\"\">\u0420\u0435\u043a\u043e\u043c\u0435\u043d\u0434\u0443\u0435\u043c\u044b\u0435 \u0441\u043f\u0438\u0446\u044b:<\/strong> 5,0 \u2013 5,5 \u043c\u043c<br data-start=\"459\" data-end=\"462\" \/><strong data-start=\"462\" data-end=\"475\">\u041f\u043b\u043e\u0442\u043d\u043e\u0441\u0442\u044c:<\/strong> 10 \u00d7 10 \u0441\u043c \u2013 17 \u043f\u0435\u0442\u0435\u043b\u044c \u00d7 22 \u0440\u044f\u0434\u0430<\/p>\n<p data-start=\"511\" data-end=\"633\"><strong data-start=\"511\" data-end=\"525\">\u0421\u043e\u0432\u0435\u0442\u044b \u043f\u043e \u0443\u0445\u043e\u0434\u0443:<\/strong><br data-start=\"525\" data-end=\"528\" \/>\u0421\u0442\u0438\u0440\u0430\u0442\u044c \u043f\u0440\u0438 \u0442\u0435\u043c\u043f\u0435\u0440\u0430\u0442\u0443\u0440\u0435 \u0434\u043e 30 \u00b0C, \u0441\u0443\u0448\u0438\u0442\u044c \u043d\u0430 \u0433\u043e\u0440\u0438\u0437\u043e\u043d\u0442\u0430\u043b\u044c\u043d\u043e\u0439 \u043f\u043e\u0432\u0435\u0440\u0445\u043d\u043e\u0441\u0442\u0438, \u0433\u043b\u0430\u0434\u0438\u0442\u044c \u043c\u043e\u0436\u043d\u043e \u043f\u0440\u0438 \u043d\u0438\u0437\u043a\u043e\u0439 \u0442\u0435\u043c\u043f\u0435\u0440\u0430\u0442\u0443\u0440\u0435.<\/p>\n<p data-start=\"635\" data-end=\"723\" data-is-last-node=\"\" data-is-only-node=\"\"><strong data-start=\"635\" data-end=\"647\">\u041f\u0440\u0438\u043c\u0435\u0447\u0430\u043d\u0438\u0435:<\/strong> \u0426\u0432\u0435\u0442\u043e\u0432\u044b\u0435 \u043e\u0442\u0442\u0435\u043d\u043a\u0438 \u043c\u043e\u0433\u0443\u0442 \u043d\u0435\u0437\u043d\u0430\u0447\u0438\u0442\u0435\u043b\u044c\u043d\u043e \u043e\u0442\u043b\u0438\u0447\u0430\u0442\u044c\u0441\u044f \u0432 \u0437\u0430\u0432\u0438\u0441\u0438\u043c\u043e\u0441\u0442\u0438 \u043e\u0442 \u044d\u043a\u0440\u0430\u043d\u0430 \u0432\u0430\u0448\u0435\u0433\u043e \u0443\u0441\u0442\u0440\u043e\u0439\u0441\u0442\u0432\u0430.<\/p>","protected":false},"excerpt":{"rendered":"<p>Concept by Katia Camboya \u2013 tai nat\u016bral\u016bs 100 % medvilniniai si\u016blai, pasi\u017eymintys i\u0161skirtiniu mink\u0161tumu ir subtiliu, lengvai matinio pavir\u0161iaus efektu. \u0160ie si\u016blai tobulai tinka vasariniams megztiniams, liemen\u0117ms ar aksesuarams \u2013 gaminiai i\u0161 j\u0173 bus pralaid\u016bs orui, \u0161veln\u016bs ir malon\u016bs d\u0117v\u0117ti net kar\u0161tomis dienomis. Sud\u0117tis: 100 % medviln\u0117Svoris \/ ilgis: 50 g &#8211; 85 mRekomenduojami virbalai: [&hellip;]<\/p>\n","protected":false},"featured_media":4793,"comment_status":"open","ping_status":"closed","template":"","meta":{"_acf_changed":false},"product_brand":[69],"product_cat":[15,182,18],"product_tag":[33],"pro-kategorijos":[55],"class_list":{"0":"post-5217","1":"product","2":"type-product","3":"status-publish","4":"has-post-thumbnail","6":"product_brand-concept-by-katia","7":"product_cat-visi-produktai","8":"product_cat-ispardavimas","9":"product_cat-siulai","10":"product_tag-ispardavimas","11":"pro-kategorijos-medvilne","13":"first","14":"instock","15":"sale","16":"shipping-taxable","17":"purchasable","18":"product-type-variable"},"acf":[],"yoast_head":"<!-- This site is optimized with the Yoast SEO plugin v26.8 - https:\/\/yoast.com\/product\/yoast-seo-wordpress\/ -->\n<title>Concept by Katia Camboya - Happyinaknit.com<\/title>\n<meta name=\"robots\" content=\"index, follow, max-snippet:-1, max-image-preview:large, max-video-preview:-1\" \/>\n<link rel=\"canonical\" href=\"https:\/\/happyinaknit.com\/ru\/product\/concept-by-katia-camboya\/\" \/>\n<meta property=\"og:locale\" content=\"ru_RU\" \/>\n<meta property=\"og:type\" content=\"article\" \/>\n<meta property=\"og:title\" content=\"Concept by Katia Camboya - Happyinaknit.com\" \/>\n<meta property=\"og:description\" content=\"Concept by Katia Camboya \u2013 tai nat\u016bral\u016bs 100 % medvilniniai si\u016blai, pasi\u017eymintys i\u0161skirtiniu mink\u0161tumu ir subtiliu, lengvai matinio pavir\u0161iaus efektu. \u0160ie si\u016blai tobulai tinka vasariniams megztiniams, liemen\u0117ms ar aksesuarams \u2013 gaminiai i\u0161 j\u0173 bus pralaid\u016bs orui, \u0161veln\u016bs ir malon\u016bs d\u0117v\u0117ti net kar\u0161tomis dienomis. Sud\u0117tis: 100 % medviln\u0117Svoris \/ ilgis: 50 g &#8211; 85 mRekomenduojami virbalai: [&hellip;]\" \/>\n<meta property=\"og:url\" content=\"https:\/\/happyinaknit.com\/ru\/product\/concept-by-katia-camboya\/\" \/>\n<meta property=\"og:site_name\" content=\"Happyinaknit.com\" \/>\n<meta property=\"article:modified_time\" content=\"2025-11-17T16:12:52+00:00\" \/>\n<meta property=\"og:image\" content=\"https:\/\/happyinaknit.com\/wp-content\/uploads\/2025\/10\/IMG_9483.jpg\" \/>\n\t<meta property=\"og:image:width\" content=\"1320\" \/>\n\t<meta property=\"og:image:height\" content=\"1132\" \/>\n\t<meta property=\"og:image:type\" content=\"image\/jpeg\" \/>\n<meta name=\"twitter:card\" content=\"summary_large_image\" \/>\n<script type=\"application\/ld+json\" class=\"yoast-schema-graph\">{\"@context\":\"https:\/\/schema.org\",\"@graph\":[{\"@type\":\"WebPage\",\"@id\":\"https:\/\/happyinaknit.com\/produktas\/concept-by-katia-camboya\/\",\"url\":\"https:\/\/happyinaknit.com\/produktas\/concept-by-katia-camboya\/\",\"name\":\"Concept by Katia Camboya - Happyinaknit.com\",\"isPartOf\":{\"@id\":\"https:\/\/happyinaknit.com\/lt\/#website\"},\"primaryImageOfPage\":{\"@id\":\"https:\/\/happyinaknit.com\/produktas\/concept-by-katia-camboya\/#primaryimage\"},\"image\":{\"@id\":\"https:\/\/happyinaknit.com\/produktas\/concept-by-katia-camboya\/#primaryimage\"},\"thumbnailUrl\":\"https:\/\/happyinaknit.com\/wp-content\/uploads\/2025\/10\/IMG_9483.jpg\",\"datePublished\":\"2025-10-15T07:31:04+00:00\",\"dateModified\":\"2025-11-17T16:12:52+00:00\",\"breadcrumb\":{\"@id\":\"https:\/\/happyinaknit.com\/produktas\/concept-by-katia-camboya\/#breadcrumb\"},\"inLanguage\":\"ru-RU\",\"potentialAction\":[{\"@type\":\"ReadAction\",\"target\":[\"https:\/\/happyinaknit.com\/produktas\/concept-by-katia-camboya\/\"]}]},{\"@type\":\"ImageObject\",\"inLanguage\":\"ru-RU\",\"@id\":\"https:\/\/happyinaknit.com\/produktas\/concept-by-katia-camboya\/#primaryimage\",\"url\":\"https:\/\/happyinaknit.com\/wp-content\/uploads\/2025\/10\/IMG_9483.jpg\",\"contentUrl\":\"https:\/\/happyinaknit.com\/wp-content\/uploads\/2025\/10\/IMG_9483.jpg\",\"width\":1320,\"height\":1132},{\"@type\":\"BreadcrumbList\",\"@id\":\"https:\/\/happyinaknit.com\/produktas\/concept-by-katia-camboya\/#breadcrumb\",\"itemListElement\":[{\"@type\":\"ListItem\",\"position\":1,\"name\":\"Home\",\"item\":\"https:\/\/happyinaknit.com\/lt\/\"},{\"@type\":\"ListItem\",\"position\":2,\"name\":\"Parduotuv\u0117\",\"item\":\"https:\/\/happyinaknit.com\/lt\/parduotuve\/\"},{\"@type\":\"ListItem\",\"position\":3,\"name\":\"Concept by Katia Camboya\"}]},{\"@type\":\"WebSite\",\"@id\":\"https:\/\/happyinaknit.com\/lt\/#website\",\"url\":\"https:\/\/happyinaknit.com\/lt\/\",\"name\":\"Happyinaknit.com\",\"description\":\"\",\"potentialAction\":[{\"@type\":\"SearchAction\",\"target\":{\"@type\":\"EntryPoint\",\"urlTemplate\":\"https:\/\/happyinaknit.com\/lt\/?s={search_term_string}\"},\"query-input\":{\"@type\":\"PropertyValueSpecification\",\"valueRequired\":true,\"valueName\":\"search_term_string\"}}],\"inLanguage\":\"ru-RU\"}]}<\/script>\n<!-- \/ Yoast SEO plugin. -->","yoast_head_json":{"title":"Concept by Katia Camboya - Happyinaknit.com","robots":{"index":"index","follow":"follow","max-snippet":"max-snippet:-1","max-image-preview":"max-image-preview:large","max-video-preview":"max-video-preview:-1"},"canonical":"https:\/\/happyinaknit.com\/ru\/product\/concept-by-katia-camboya\/","og_locale":"ru_RU","og_type":"article","og_title":"Concept by Katia Camboya - Happyinaknit.com","og_description":"Concept by Katia Camboya \u2013 tai nat\u016bral\u016bs 100 % medvilniniai si\u016blai, pasi\u017eymintys i\u0161skirtiniu mink\u0161tumu ir subtiliu, lengvai matinio pavir\u0161iaus efektu. \u0160ie si\u016blai tobulai tinka vasariniams megztiniams, liemen\u0117ms ar aksesuarams \u2013 gaminiai i\u0161 j\u0173 bus pralaid\u016bs orui, \u0161veln\u016bs ir malon\u016bs d\u0117v\u0117ti net kar\u0161tomis dienomis. Sud\u0117tis: 100 % medviln\u0117Svoris \/ ilgis: 50 g &#8211; 85 mRekomenduojami virbalai: [&hellip;]","og_url":"https:\/\/happyinaknit.com\/ru\/product\/concept-by-katia-camboya\/","og_site_name":"Happyinaknit.com","article_modified_time":"2025-11-17T16:12:52+00:00","og_image":[{"width":1320,"height":1132,"url":"https:\/\/happyinaknit.com\/wp-content\/uploads\/2025\/10\/IMG_9483.jpg","type":"image\/jpeg"}],"twitter_card":"summary_large_image","schema":{"@context":"https:\/\/schema.org","@graph":[{"@type":"WebPage","@id":"https:\/\/happyinaknit.com\/produktas\/concept-by-katia-camboya\/","url":"https:\/\/happyinaknit.com\/produktas\/concept-by-katia-camboya\/","name":"Concept by Katia Camboya - Happyinaknit.com","isPartOf":{"@id":"https:\/\/happyinaknit.com\/lt\/#website"},"primaryImageOfPage":{"@id":"https:\/\/happyinaknit.com\/produktas\/concept-by-katia-camboya\/#primaryimage"},"image":{"@id":"https:\/\/happyinaknit.com\/produktas\/concept-by-katia-camboya\/#primaryimage"},"thumbnailUrl":"https:\/\/happyinaknit.com\/wp-content\/uploads\/2025\/10\/IMG_9483.jpg","datePublished":"2025-10-15T07:31:04+00:00","dateModified":"2025-11-17T16:12:52+00:00","breadcrumb":{"@id":"https:\/\/happyinaknit.com\/produktas\/concept-by-katia-camboya\/#breadcrumb"},"inLanguage":"ru-RU","potentialAction":[{"@type":"ReadAction","target":["https:\/\/happyinaknit.com\/produktas\/concept-by-katia-camboya\/"]}]},{"@type":"ImageObject","inLanguage":"ru-RU","@id":"https:\/\/happyinaknit.com\/produktas\/concept-by-katia-camboya\/#primaryimage","url":"https:\/\/happyinaknit.com\/wp-content\/uploads\/2025\/10\/IMG_9483.jpg","contentUrl":"https:\/\/happyinaknit.com\/wp-content\/uploads\/2025\/10\/IMG_9483.jpg","width":1320,"height":1132},{"@type":"BreadcrumbList","@id":"https:\/\/happyinaknit.com\/produktas\/concept-by-katia-camboya\/#breadcrumb","itemListElement":[{"@type":"ListItem","position":1,"name":"Home","item":"https:\/\/happyinaknit.com\/lt\/"},{"@type":"ListItem","position":2,"name":"Parduotuv\u0117","item":"https:\/\/happyinaknit.com\/lt\/parduotuve\/"},{"@type":"ListItem","position":3,"name":"Concept by Katia Camboya"}]},{"@type":"WebSite","@id":"https:\/\/happyinaknit.com\/lt\/#website","url":"https:\/\/happyinaknit.com\/lt\/","name":"Happyinaknit.com","description":"","potentialAction":[{"@type":"SearchAction","target":{"@type":"EntryPoint","urlTemplate":"https:\/\/happyinaknit.com\/lt\/?s={search_term_string}"},"query-input":{"@type":"PropertyValueSpecification","valueRequired":true,"valueName":"search_term_string"}}],"inLanguage":"ru-RU"}]}},"_links":{"self":[{"href":"https:\/\/happyinaknit.com\/ru\/wp-json\/wp\/v2\/product\/5217","targetHints":{"allow":["GET"]}}],"collection":[{"href":"https:\/\/happyinaknit.com\/ru\/wp-json\/wp\/v2\/product"}],"about":[{"href":"https:\/\/happyinaknit.com\/ru\/wp-json\/wp\/v2\/types\/product"}],"replies":[{"embeddable":true,"href":"https:\/\/happyinaknit.com\/ru\/wp-json\/wp\/v2\/comments?post=5217"}],"wp:featuredmedia":[{"embeddable":true,"href":"https:\/\/happyinaknit.com\/ru\/wp-json\/wp\/v2\/media\/4793"}],"wp:attachment":[{"href":"https:\/\/happyinaknit.com\/ru\/wp-json\/wp\/v2\/media?parent=5217"}],"wp:term":[{"taxonomy":"product_brand","embeddable":true,"href":"https:\/\/happyinaknit.com\/ru\/wp-json\/wp\/v2\/product_brand?post=5217"},{"taxonomy":"product_cat","embeddable":true,"href":"https:\/\/happyinaknit.com\/ru\/wp-json\/wp\/v2\/product_cat?post=5217"},{"taxonomy":"product_tag","embeddable":true,"href":"https:\/\/happyinaknit.com\/ru\/wp-json\/wp\/v2\/product_tag?post=5217"},{"taxonomy":"pro-kategorijos","embeddable":true,"href":"https:\/\/happyinaknit.com\/ru\/wp-json\/wp\/v2\/pro-kategorijos?post=5217"}],"curies":[{"name":"wp","href":"https:\/\/api.w.org\/{rel}","templated":true}]}}