{"id":5212,"date":"2025-10-15T07:18:39","date_gmt":"2025-10-15T07:18:39","guid":{"rendered":"https:\/\/happyinaknit.com\/?post_type=product&#038;p=5212"},"modified":"2025-11-13T20:04:30","modified_gmt":"2025-11-13T20:04:30","slug":"concept-by-katia-linum","status":"publish","type":"product","link":"https:\/\/happyinaknit.com\/ru\/product\/concept-by-katia-linum\/","title":{"rendered":"Concept by Katia Linum"},"content":{"rendered":"<p data-start=\"32\" data-end=\"392\"><strong data-start=\"32\" data-end=\"58\">Concept by Katia Linum<\/strong> \u2013 \u043d\u0430\u0442\u0443\u0440\u0430\u043b\u044c\u043d\u0430\u044f \u043b\u0435\u0442\u043d\u044f\u044f \u043f\u0440\u044f\u0436\u0430, \u0433\u0430\u0440\u043c\u043e\u043d\u0438\u0447\u043d\u043e \u0441\u043e\u0447\u0435\u0442\u0430\u044e\u0449\u0430\u044f \u0445\u043b\u043e\u043f\u043e\u043a \u0438 \u043f\u0435\u0440\u0435\u0440\u0430\u0431\u043e\u0442\u0430\u043d\u043d\u044b\u0439 \u043b\u0451\u043d. \u0422\u0430\u043a\u043e\u0439 \u0441\u043e\u0441\u0442\u0430\u0432 \u043f\u0440\u0438\u0434\u0430\u0451\u0442 \u043f\u0440\u044f\u0436\u0435 \u0435\u0441\u0442\u0435\u0441\u0442\u0432\u0435\u043d\u043d\u044b\u0439, \u0441\u043b\u0435\u0433\u043a\u0430 \u0434\u0435\u0440\u0435\u0432\u0435\u043d\u0441\u043a\u0438\u0439 \u044d\u0444\u0444\u0435\u043a\u0442, \u0441\u043e\u0445\u0440\u0430\u043d\u044f\u044f \u043f\u0440\u0438 \u044d\u0442\u043e\u043c \u043c\u044f\u0433\u043a\u043e\u0441\u0442\u044c \u0438 \u044d\u043b\u0430\u0441\u0442\u0438\u0447\u043d\u043e\u0441\u0442\u044c. \u00ab\u041b\u0438\u043d\u0443\u043c\u00bb \u0438\u0434\u0435\u0430\u043b\u044c\u043d\u043e \u043f\u043e\u0434\u0445\u043e\u0434\u0438\u0442 \u0434\u043b\u044f \u0441\u0432\u0438\u0442\u0435\u0440\u043e\u0432, \u0444\u0443\u0442\u0431\u043e\u043b\u043e\u043a \u0438\u043b\u0438 \u043b\u0435\u0442\u043d\u0438\u0445 \u0431\u043b\u0443\u0437\u043e\u043a \u2013 \u0438\u0437\u0434\u0435\u043b\u0438\u044f \u0431\u0443\u0434\u0443\u0442 \u043b\u0451\u0433\u043a\u0438\u043c\u0438, \u0434\u044b\u0448\u0430\u0449\u0438\u043c\u0438 \u0438 \u043f\u0440\u0438\u044f\u0442\u043d\u044b\u043c\u0438 \u043a \u0442\u0435\u043b\u0443.<\/p>\n<p data-start=\"394\" data-end=\"661\"><strong data-start=\"394\" data-end=\"406\">\u0421\u043e\u0441\u0442\u0430\u0432:<\/strong> 70 % \u0445\u043b\u043e\u043f\u043e\u043a, 20 % \u043f\u0435\u0440\u0435\u0440\u0430\u0431\u043e\u0442\u0430\u043d\u043d\u044b\u0439 \u043b\u0435\u043d, 10 % \u043f\u043e\u043b\u0438\u0430\u043c\u0438\u0434<br data-start=\"460\" data-end=\"463\" \/><strong data-start=\"463\" data-end=\"482\">\u0412\u0435\u0441\/\u0414\u043b\u0438\u043d\u0430:<\/strong> 50 \u0433 - 100 \u043c<br data-start=\"495\" data-end=\"498\" \/><strong data-start=\"498\" data-end=\"526\" data-is-only-node=\"\">\u0420\u0435\u043a\u043e\u043c\u0435\u043d\u0434\u0443\u0435\u043c\u044b\u0435 \u0441\u043f\u0438\u0446\u044b:<\/strong> 4,5 \u2013 5,0 \u043c\u043c<br data-start=\"539\" data-end=\"542\" \/><strong data-start=\"542\" data-end=\"555\">\u041f\u043b\u043e\u0442\u043d\u043e\u0441\u0442\u044c:<\/strong> 10 \u00d7 10 \u0441\u043c \u2013 19 \u043f\u0435\u0442\u0435\u043b\u044c \u00d7 25 \u0440\u044f\u0434\u043e\u0432<br data-start=\"587\" data-end=\"590\" \/><strong data-start=\"590\" data-end=\"617\">\u041f\u0440\u0438\u043c\u0435\u0440\u043d\u044b\u0439 \u0440\u0430\u0441\u0445\u043e\u0434:<\/strong> \u0434\u043b\u044f \u0441\u0432\u0438\u0442\u0435\u0440\u0430 (\u0440\u0430\u0437\u043c\u0435\u0440 \u041c) \u2013 \u043e\u043a\u043e\u043b\u043e 8 \u043a\u043b\u0443\u0431\u043a\u043e\u0432<\/p>\n<p data-start=\"663\" data-end=\"777\"><strong data-start=\"663\" data-end=\"677\">\u0421\u043e\u0432\u0435\u0442\u044b \u043f\u043e \u0443\u0445\u043e\u0434\u0443:<\/strong><br data-start=\"677\" data-end=\"680\" \/>\u0421\u0442\u0438\u0440\u0430\u0442\u044c \u043d\u0430 \u0449\u0430\u0434\u044f\u0449\u0435\u043c \u0440\u0435\u0436\u0438\u043c\u0435 \u043f\u0440\u0438 \u0442\u0435\u043c\u043f\u0435\u0440\u0430\u0442\u0443\u0440\u0435 \u0434\u043e 30\u00b0\u0421, \u0441\u0443\u0448\u0438\u0442\u044c \u043d\u0430 \u0433\u043e\u0440\u0438\u0437\u043e\u043d\u0442\u0430\u043b\u044c\u043d\u043e\u0439 \u043f\u043e\u0432\u0435\u0440\u0445\u043d\u043e\u0441\u0442\u0438, \u043d\u0435 \u0433\u043b\u0430\u0434\u0438\u0442\u044c \u0433\u043e\u0440\u044f\u0447\u0438\u043c \u0443\u0442\u044e\u0433\u043e\u043c.<\/p>\n<p data-start=\"779\" data-end=\"867\" data-is-last-node=\"\" data-is-only-node=\"\"><strong data-start=\"779\" data-end=\"791\">\u041f\u0440\u0438\u043c\u0435\u0447\u0430\u043d\u0438\u0435:<\/strong> \u0426\u0432\u0435\u0442\u043e\u0432\u044b\u0435 \u043e\u0442\u0442\u0435\u043d\u043a\u0438 \u043c\u043e\u0433\u0443\u0442 \u043d\u0435\u0437\u043d\u0430\u0447\u0438\u0442\u0435\u043b\u044c\u043d\u043e \u043e\u0442\u043b\u0438\u0447\u0430\u0442\u044c\u0441\u044f \u0432 \u0437\u0430\u0432\u0438\u0441\u0438\u043c\u043e\u0441\u0442\u0438 \u043e\u0442 \u044d\u043a\u0440\u0430\u043d\u0430 \u0432\u0430\u0448\u0435\u0433\u043e \u0443\u0441\u0442\u0440\u043e\u0439\u0441\u0442\u0432\u0430.<\/p>","protected":false},"excerpt":{"rendered":"<p>Concept by Katia Linum \u2013 nat\u016bral\u016bs, vasari\u0161ki si\u016blai, kuriuose harmoningai dera medviln\u0117 ir perdirbtas linas. \u0160i sud\u0117tis suteikia si\u016blui nat\u016bral\u0173, \u0161iek tiek rusti\u0161k\u0105 efekt\u0105, tuo pa\u010diu i\u0161laikant \u0161velnum\u0105 ir elastingum\u0105. \u201eLinum\u201c idealiai tinka megztiniams, mar\u0161kin\u0117liams ar vasarin\u0117ms palaidin\u0117ms \u2013 gaminiai bus lengvi, pralaid\u016bs orui ir malon\u016bs prie k\u016bno. Sud\u0117tis: 70 % medviln\u0117, 20 % perdirbtas [&hellip;]<\/p>\n","protected":false},"featured_media":4795,"comment_status":"open","ping_status":"closed","template":"","meta":{"_acf_changed":false},"product_brand":[69],"product_cat":[15,18],"product_tag":[],"pro-kategorijos":[80,55],"class_list":{"0":"post-5212","1":"product","2":"type-product","3":"status-publish","4":"has-post-thumbnail","6":"product_brand-concept-by-katia","7":"product_cat-visi-produktai","8":"product_cat-siulai","9":"pro-kategorijos-linas","10":"pro-kategorijos-medvilne","12":"first","13":"instock","14":"shipping-taxable","15":"purchasable","16":"product-type-variable"},"acf":[],"yoast_head":"<!-- This site is optimized with the Yoast SEO plugin v26.8 - https:\/\/yoast.com\/product\/yoast-seo-wordpress\/ -->\n<title>Concept by Katia Linum - Happyinaknit.com<\/title>\n<meta name=\"robots\" content=\"index, follow, max-snippet:-1, max-image-preview:large, max-video-preview:-1\" \/>\n<link rel=\"canonical\" href=\"https:\/\/happyinaknit.com\/ru\/product\/concept-by-katia-linum\/\" \/>\n<meta property=\"og:locale\" content=\"ru_RU\" \/>\n<meta property=\"og:type\" content=\"article\" \/>\n<meta property=\"og:title\" content=\"Concept by Katia Linum - Happyinaknit.com\" \/>\n<meta property=\"og:description\" content=\"Concept by Katia Linum \u2013 nat\u016bral\u016bs, vasari\u0161ki si\u016blai, kuriuose harmoningai dera medviln\u0117 ir perdirbtas linas. \u0160i sud\u0117tis suteikia si\u016blui nat\u016bral\u0173, \u0161iek tiek rusti\u0161k\u0105 efekt\u0105, tuo pa\u010diu i\u0161laikant \u0161velnum\u0105 ir elastingum\u0105. \u201eLinum\u201c idealiai tinka megztiniams, mar\u0161kin\u0117liams ar vasarin\u0117ms palaidin\u0117ms \u2013 gaminiai bus lengvi, pralaid\u016bs orui ir malon\u016bs prie k\u016bno. Sud\u0117tis: 70 % medviln\u0117, 20 % perdirbtas [&hellip;]\" \/>\n<meta property=\"og:url\" content=\"https:\/\/happyinaknit.com\/ru\/product\/concept-by-katia-linum\/\" \/>\n<meta property=\"og:site_name\" content=\"Happyinaknit.com\" \/>\n<meta property=\"article:modified_time\" content=\"2025-11-13T20:04:30+00:00\" \/>\n<meta property=\"og:image\" content=\"https:\/\/happyinaknit.com\/wp-content\/uploads\/2025\/10\/IMG_9481.jpg\" \/>\n\t<meta property=\"og:image:width\" content=\"1320\" \/>\n\t<meta property=\"og:image:height\" content=\"1127\" \/>\n\t<meta property=\"og:image:type\" content=\"image\/jpeg\" \/>\n<meta name=\"twitter:card\" content=\"summary_large_image\" \/>\n<meta name=\"twitter:label1\" content=\"\u041f\u0440\u0438\u043c\u0435\u0440\u043d\u043e\u0435 \u0432\u0440\u0435\u043c\u044f \u0434\u043b\u044f \u0447\u0442\u0435\u043d\u0438\u044f\" \/>\n\t<meta name=\"twitter:data1\" content=\"1 \u043c\u0438\u043d\u0443\u0442\u0430\" \/>\n<script type=\"application\/ld+json\" class=\"yoast-schema-graph\">{\"@context\":\"https:\/\/schema.org\",\"@graph\":[{\"@type\":\"WebPage\",\"@id\":\"https:\/\/happyinaknit.com\/produktas\/concept-by-katia-linum\/\",\"url\":\"https:\/\/happyinaknit.com\/produktas\/concept-by-katia-linum\/\",\"name\":\"Concept by Katia Linum - Happyinaknit.com\",\"isPartOf\":{\"@id\":\"https:\/\/happyinaknit.com\/lt\/#website\"},\"primaryImageOfPage\":{\"@id\":\"https:\/\/happyinaknit.com\/produktas\/concept-by-katia-linum\/#primaryimage\"},\"image\":{\"@id\":\"https:\/\/happyinaknit.com\/produktas\/concept-by-katia-linum\/#primaryimage\"},\"thumbnailUrl\":\"https:\/\/happyinaknit.com\/wp-content\/uploads\/2025\/10\/IMG_9481.jpg\",\"datePublished\":\"2025-10-15T07:18:39+00:00\",\"dateModified\":\"2025-11-13T20:04:30+00:00\",\"breadcrumb\":{\"@id\":\"https:\/\/happyinaknit.com\/produktas\/concept-by-katia-linum\/#breadcrumb\"},\"inLanguage\":\"ru-RU\",\"potentialAction\":[{\"@type\":\"ReadAction\",\"target\":[\"https:\/\/happyinaknit.com\/produktas\/concept-by-katia-linum\/\"]}]},{\"@type\":\"ImageObject\",\"inLanguage\":\"ru-RU\",\"@id\":\"https:\/\/happyinaknit.com\/produktas\/concept-by-katia-linum\/#primaryimage\",\"url\":\"https:\/\/happyinaknit.com\/wp-content\/uploads\/2025\/10\/IMG_9481.jpg\",\"contentUrl\":\"https:\/\/happyinaknit.com\/wp-content\/uploads\/2025\/10\/IMG_9481.jpg\",\"width\":1320,\"height\":1127},{\"@type\":\"BreadcrumbList\",\"@id\":\"https:\/\/happyinaknit.com\/produktas\/concept-by-katia-linum\/#breadcrumb\",\"itemListElement\":[{\"@type\":\"ListItem\",\"position\":1,\"name\":\"Home\",\"item\":\"https:\/\/happyinaknit.com\/lt\/\"},{\"@type\":\"ListItem\",\"position\":2,\"name\":\"Parduotuv\u0117\",\"item\":\"https:\/\/happyinaknit.com\/lt\/parduotuve\/\"},{\"@type\":\"ListItem\",\"position\":3,\"name\":\"Concept by Katia Linum\"}]},{\"@type\":\"WebSite\",\"@id\":\"https:\/\/happyinaknit.com\/lt\/#website\",\"url\":\"https:\/\/happyinaknit.com\/lt\/\",\"name\":\"Happyinaknit.com\",\"description\":\"\",\"potentialAction\":[{\"@type\":\"SearchAction\",\"target\":{\"@type\":\"EntryPoint\",\"urlTemplate\":\"https:\/\/happyinaknit.com\/lt\/?s={search_term_string}\"},\"query-input\":{\"@type\":\"PropertyValueSpecification\",\"valueRequired\":true,\"valueName\":\"search_term_string\"}}],\"inLanguage\":\"ru-RU\"}]}<\/script>\n<!-- \/ Yoast SEO plugin. -->","yoast_head_json":{"title":"Concept by Katia Linum - Happyinaknit.com","robots":{"index":"index","follow":"follow","max-snippet":"max-snippet:-1","max-image-preview":"max-image-preview:large","max-video-preview":"max-video-preview:-1"},"canonical":"https:\/\/happyinaknit.com\/ru\/product\/concept-by-katia-linum\/","og_locale":"ru_RU","og_type":"article","og_title":"Concept by Katia Linum - Happyinaknit.com","og_description":"Concept by Katia Linum \u2013 nat\u016bral\u016bs, vasari\u0161ki si\u016blai, kuriuose harmoningai dera medviln\u0117 ir perdirbtas linas. \u0160i sud\u0117tis suteikia si\u016blui nat\u016bral\u0173, \u0161iek tiek rusti\u0161k\u0105 efekt\u0105, tuo pa\u010diu i\u0161laikant \u0161velnum\u0105 ir elastingum\u0105. \u201eLinum\u201c idealiai tinka megztiniams, mar\u0161kin\u0117liams ar vasarin\u0117ms palaidin\u0117ms \u2013 gaminiai bus lengvi, pralaid\u016bs orui ir malon\u016bs prie k\u016bno. Sud\u0117tis: 70 % medviln\u0117, 20 % perdirbtas [&hellip;]","og_url":"https:\/\/happyinaknit.com\/ru\/product\/concept-by-katia-linum\/","og_site_name":"Happyinaknit.com","article_modified_time":"2025-11-13T20:04:30+00:00","og_image":[{"width":1320,"height":1127,"url":"https:\/\/happyinaknit.com\/wp-content\/uploads\/2025\/10\/IMG_9481.jpg","type":"image\/jpeg"}],"twitter_card":"summary_large_image","twitter_misc":{"\u041f\u0440\u0438\u043c\u0435\u0440\u043d\u043e\u0435 \u0432\u0440\u0435\u043c\u044f \u0434\u043b\u044f \u0447\u0442\u0435\u043d\u0438\u044f":"1 \u043c\u0438\u043d\u0443\u0442\u0430"},"schema":{"@context":"https:\/\/schema.org","@graph":[{"@type":"WebPage","@id":"https:\/\/happyinaknit.com\/produktas\/concept-by-katia-linum\/","url":"https:\/\/happyinaknit.com\/produktas\/concept-by-katia-linum\/","name":"Concept by Katia Linum - Happyinaknit.com","isPartOf":{"@id":"https:\/\/happyinaknit.com\/lt\/#website"},"primaryImageOfPage":{"@id":"https:\/\/happyinaknit.com\/produktas\/concept-by-katia-linum\/#primaryimage"},"image":{"@id":"https:\/\/happyinaknit.com\/produktas\/concept-by-katia-linum\/#primaryimage"},"thumbnailUrl":"https:\/\/happyinaknit.com\/wp-content\/uploads\/2025\/10\/IMG_9481.jpg","datePublished":"2025-10-15T07:18:39+00:00","dateModified":"2025-11-13T20:04:30+00:00","breadcrumb":{"@id":"https:\/\/happyinaknit.com\/produktas\/concept-by-katia-linum\/#breadcrumb"},"inLanguage":"ru-RU","potentialAction":[{"@type":"ReadAction","target":["https:\/\/happyinaknit.com\/produktas\/concept-by-katia-linum\/"]}]},{"@type":"ImageObject","inLanguage":"ru-RU","@id":"https:\/\/happyinaknit.com\/produktas\/concept-by-katia-linum\/#primaryimage","url":"https:\/\/happyinaknit.com\/wp-content\/uploads\/2025\/10\/IMG_9481.jpg","contentUrl":"https:\/\/happyinaknit.com\/wp-content\/uploads\/2025\/10\/IMG_9481.jpg","width":1320,"height":1127},{"@type":"BreadcrumbList","@id":"https:\/\/happyinaknit.com\/produktas\/concept-by-katia-linum\/#breadcrumb","itemListElement":[{"@type":"ListItem","position":1,"name":"Home","item":"https:\/\/happyinaknit.com\/lt\/"},{"@type":"ListItem","position":2,"name":"Parduotuv\u0117","item":"https:\/\/happyinaknit.com\/lt\/parduotuve\/"},{"@type":"ListItem","position":3,"name":"Concept by Katia Linum"}]},{"@type":"WebSite","@id":"https:\/\/happyinaknit.com\/lt\/#website","url":"https:\/\/happyinaknit.com\/lt\/","name":"Happyinaknit.com","description":"","potentialAction":[{"@type":"SearchAction","target":{"@type":"EntryPoint","urlTemplate":"https:\/\/happyinaknit.com\/lt\/?s={search_term_string}"},"query-input":{"@type":"PropertyValueSpecification","valueRequired":true,"valueName":"search_term_string"}}],"inLanguage":"ru-RU"}]}},"_links":{"self":[{"href":"https:\/\/happyinaknit.com\/ru\/wp-json\/wp\/v2\/product\/5212","targetHints":{"allow":["GET"]}}],"collection":[{"href":"https:\/\/happyinaknit.com\/ru\/wp-json\/wp\/v2\/product"}],"about":[{"href":"https:\/\/happyinaknit.com\/ru\/wp-json\/wp\/v2\/types\/product"}],"replies":[{"embeddable":true,"href":"https:\/\/happyinaknit.com\/ru\/wp-json\/wp\/v2\/comments?post=5212"}],"wp:featuredmedia":[{"embeddable":true,"href":"https:\/\/happyinaknit.com\/ru\/wp-json\/wp\/v2\/media\/4795"}],"wp:attachment":[{"href":"https:\/\/happyinaknit.com\/ru\/wp-json\/wp\/v2\/media?parent=5212"}],"wp:term":[{"taxonomy":"product_brand","embeddable":true,"href":"https:\/\/happyinaknit.com\/ru\/wp-json\/wp\/v2\/product_brand?post=5212"},{"taxonomy":"product_cat","embeddable":true,"href":"https:\/\/happyinaknit.com\/ru\/wp-json\/wp\/v2\/product_cat?post=5212"},{"taxonomy":"product_tag","embeddable":true,"href":"https:\/\/happyinaknit.com\/ru\/wp-json\/wp\/v2\/product_tag?post=5212"},{"taxonomy":"pro-kategorijos","embeddable":true,"href":"https:\/\/happyinaknit.com\/ru\/wp-json\/wp\/v2\/pro-kategorijos?post=5212"}],"curies":[{"name":"wp","href":"https:\/\/api.w.org\/{rel}","templated":true}]}}