{"id":5178,"date":"2025-10-15T06:58:18","date_gmt":"2025-10-15T06:58:18","guid":{"rendered":"https:\/\/happyinaknit.com\/?post_type=product&#038;p=5178"},"modified":"2025-11-28T11:05:42","modified_gmt":"2025-11-28T11:05:42","slug":"concept-by-kati-reiki","status":"publish","type":"product","link":"https:\/\/happyinaknit.com\/ru\/product\/concept-by-kati-reiki\/","title":{"rendered":"Concept by Kati Reiki"},"content":{"rendered":"<p data-start=\"32\" data-end=\"429\"><strong data-start=\"32\" data-end=\"58\">Concept by Katia Reiki<\/strong> \u2013 \u0440\u043e\u0441\u043a\u043e\u0448\u043d\u0430\u044f, \u0443\u043b\u044c\u0442\u0440\u0430\u043c\u044f\u0433\u043a\u0430\u044f \u043f\u0440\u044f\u0436\u0430 \u0438\u0437 \u0432\u044b\u0441\u043e\u043a\u043e\u043a\u0430\u0447\u0435\u0441\u0442\u0432\u0435\u043d\u043d\u043e\u0439 \u0448\u0435\u0440\u0441\u0442\u0438 \u0430\u043b\u044c\u043f\u0430\u043a\u0438 \u0438 \u043c\u0435\u0440\u0438\u043d\u043e\u0441\u0430. \u0415\u0451 \u043e\u0442\u043b\u0438\u0447\u0430\u044e\u0442 \u043d\u0435\u0436\u043d\u044b\u0435 \u043c\u043e\u043d\u043e\u0445\u0440\u043e\u043c\u043d\u044b\u0435 \u043e\u0442\u0442\u0435\u043d\u043a\u0438 \u0438 \u0432\u044b\u0440\u0430\u0437\u0438\u0442\u0435\u043b\u044c\u043d\u044b\u0435 \u043f\u0435\u0441\u0442\u0440\u044b\u0435 \u043f\u043e\u043b\u043e\u0441\u043a\u0438, \u0433\u0430\u0440\u043c\u043e\u043d\u0438\u0447\u043d\u043e \u0441\u043e\u0447\u0435\u0442\u0430\u044e\u0449\u0438\u0435\u0441\u044f \u0434\u0440\u0443\u0433 \u0441 \u0434\u0440\u0443\u0433\u043e\u043c. \u042d\u0442\u0430 \u043f\u0440\u044f\u0436\u0430 \u043f\u0440\u0438\u0434\u0430\u0451\u0442 \u0438\u0437\u0434\u0435\u043b\u0438\u044f\u043c \u043b\u0451\u0433\u043a\u043e\u0441\u0442\u044c, \u0442\u0435\u043f\u043b\u043e \u0438 \u043d\u0435\u043f\u043e\u0432\u0442\u043e\u0440\u0438\u043c\u044b\u0439 \u0441\u0442\u0438\u043b\u044c \u2013 \u0438\u0434\u0435\u0430\u043b\u044c\u043d\u043e \u043f\u043e\u0434\u0445\u043e\u0434\u0438\u0442 \u0434\u043b\u044f \u0441\u0432\u0438\u0442\u0435\u0440\u043e\u0432, \u0436\u0438\u043b\u0435\u0442\u043e\u0432 \u0438 \u0430\u043a\u0441\u0435\u0441\u0441\u0443\u0430\u0440\u043e\u0432, \u043a\u043e\u0442\u043e\u0440\u044b\u0435 \u0431\u0443\u0434\u0443\u0442 \u043f\u0440\u0438\u0432\u043b\u0435\u043a\u0430\u0442\u044c \u0432\u043d\u0438\u043c\u0430\u043d\u0438\u0435, \u0433\u0434\u0435 \u0431\u044b \u0432\u044b \u043d\u0438 \u043d\u0430\u0445\u043e\u0434\u0438\u043b\u0438\u0441\u044c.<\/p>\n<p data-start=\"431\" data-end=\"703\"><strong data-start=\"431\" data-end=\"443\">\u0421\u043e\u0441\u0442\u0430\u0432:<\/strong> 60 % \u0430\u043b\u044c\u043f\u0430\u043a\u0430, 29 % \u043c\u0435\u0440\u0438\u043d\u043e\u0441\u043e\u0432\u0430\u044f \u0448\u0435\u0440\u0441\u0442\u044c, 11 % \u043f\u043e\u043b\u0438\u0430\u043c\u0438\u0434<br data-start=\"491\" data-end=\"494\" \/><strong data-start=\"494\" data-end=\"513\">\u0412\u0435\u0441\/\u0414\u043b\u0438\u043d\u0430:<\/strong> 50 \u0433 - 110 \u043c<br data-start=\"526\" data-end=\"529\" \/><strong data-start=\"529\" data-end=\"557\" data-is-only-node=\"\">\u0420\u0435\u043a\u043e\u043c\u0435\u043d\u0434\u0443\u0435\u043c\u044b\u0435 \u0441\u043f\u0438\u0446\u044b:<\/strong> 5,5 \u2013 6,0 \u043c\u043c<br data-start=\"570\" data-end=\"573\" \/><strong data-start=\"573\" data-end=\"586\">\u041f\u043b\u043e\u0442\u043d\u043e\u0441\u0442\u044c:<\/strong> 10 \u00d7 10 \u0441\u043c \u2013 13 \u043f\u0435\u0442\u0435\u043b\u044c \u00d7 20 \u0440\u044f\u0434\u043e\u0432<br data-start=\"618\" data-end=\"621\" \/><strong data-start=\"621\" data-end=\"648\">\u041f\u0440\u0438\u043c\u0435\u0440\u043d\u044b\u0439 \u0440\u0430\u0441\u0445\u043e\u0434:<\/strong> \u0434\u043b\u044f \u0436\u0435\u043d\u0441\u043a\u043e\u0433\u043e \u0438\u0437\u0434\u0435\u043b\u0438\u044f  (\u0440\u0430\u0437\u043c\u0435\u0440 \u041c) \u2013 \u043e\u043a\u043e\u043b\u043e 8 \u043c\u043e\u0442\u043a\u043e\u0432<\/p>\n<p data-start=\"705\" data-end=\"819\"><strong data-start=\"705\" data-end=\"719\">\u0421\u043e\u0432\u0435\u0442\u044b \u043f\u043e \u0443\u0445\u043e\u0434\u0443:<\/strong><br data-start=\"719\" data-end=\"722\" \/>\u0421\u0442\u0438\u0440\u0430\u0442\u044c \u0432\u0440\u0443\u0447\u043d\u0443\u044e \u0438\u043b\u0438 \u043d\u0430 \u0449\u0430\u0434\u044f\u0449\u0435\u043c \u0440\u0435\u0436\u0438\u043c\u0435 \u043f\u0440\u0438 \u0442\u0435\u043c\u043f\u0435\u0440\u0430\u0442\u0443\u0440\u0435 \u0434\u043e 30\u00b0C, \u0441\u0443\u0448\u0438\u0442\u044c \u043d\u0430 \u0433\u043e\u0440\u0438\u0437\u043e\u043d\u0442\u0430\u043b\u044c\u043d\u043e\u0439 \u043f\u043e\u0432\u0435\u0440\u0445\u043d\u043e\u0441\u0442\u0438.<\/p>\n<p data-start=\"821\" data-end=\"909\" data-is-last-node=\"\" data-is-only-node=\"\"><strong data-start=\"821\" data-end=\"833\">\u041f\u0440\u0438\u043c\u0435\u0447\u0430\u043d\u0438\u0435:<\/strong> \u0426\u0432\u0435\u0442\u043e\u0432\u044b\u0435 \u043e\u0442\u0442\u0435\u043d\u043a\u0438 \u043c\u043e\u0433\u0443\u0442 \u043d\u0435\u0437\u043d\u0430\u0447\u0438\u0442\u0435\u043b\u044c\u043d\u043e \u043e\u0442\u043b\u0438\u0447\u0430\u0442\u044c\u0441\u044f \u0432 \u0437\u0430\u0432\u0438\u0441\u0438\u043c\u043e\u0441\u0442\u0438 \u043e\u0442 \u044d\u043a\u0440\u0430\u043d\u0430 \u0432\u0430\u0448\u0435\u0433\u043e \u0443\u0441\u0442\u0440\u043e\u0439\u0441\u0442\u0432\u0430.<\/p>","protected":false},"excerpt":{"rendered":"<p>Concept by Katia Reiki \u2013 prabang\u016bs, itin \u0161veln\u016bs si\u016blai su auk\u0161tos kokyb\u0117s alpakos ir merino vilna. Jie i\u0161siskiria subtiliais vienspalviais atspalviais ir i\u0161rai\u0161kingais margais dry\u017eiais, kurie harmoningai dera tarpusavyje. \u0160ie si\u016blai suteikia mezginiams lengvumo, \u0161ilumos ir i\u0161skirtinio stiliaus \u2013 idealiai tinka megztiniams, liemen\u0117ms ar aksesuarams, kurie trauks ak\u012f visur, kur beb\u016btum\u0117te. Sud\u0117tis: 60 % alpaka, [&hellip;]<\/p>\n","protected":false},"featured_media":4816,"comment_status":"open","ping_status":"closed","template":"","meta":{"_acf_changed":false},"product_brand":[69],"product_cat":[15,18],"product_tag":[],"pro-kategorijos":[],"class_list":{"0":"post-5178","1":"product","2":"type-product","3":"status-publish","4":"has-post-thumbnail","6":"product_brand-concept-by-katia","7":"product_cat-visi-produktai","8":"product_cat-siulai","10":"first","11":"instock","12":"shipping-taxable","13":"purchasable","14":"product-type-variable"},"acf":[],"yoast_head":"<!-- This site is optimized with the Yoast SEO plugin v26.8 - https:\/\/yoast.com\/product\/yoast-seo-wordpress\/ -->\n<title>Concept by Kati Reiki - Happyinaknit.com<\/title>\n<meta name=\"robots\" content=\"index, follow, max-snippet:-1, max-image-preview:large, max-video-preview:-1\" \/>\n<link rel=\"canonical\" href=\"https:\/\/happyinaknit.com\/ru\/product\/concept-by-kati-reiki\/\" \/>\n<meta property=\"og:locale\" content=\"ru_RU\" \/>\n<meta property=\"og:type\" content=\"article\" \/>\n<meta property=\"og:title\" content=\"Concept by Kati Reiki - Happyinaknit.com\" \/>\n<meta property=\"og:description\" content=\"Concept by Katia Reiki \u2013 prabang\u016bs, itin \u0161veln\u016bs si\u016blai su auk\u0161tos kokyb\u0117s alpakos ir merino vilna. Jie i\u0161siskiria subtiliais vienspalviais atspalviais ir i\u0161rai\u0161kingais margais dry\u017eiais, kurie harmoningai dera tarpusavyje. \u0160ie si\u016blai suteikia mezginiams lengvumo, \u0161ilumos ir i\u0161skirtinio stiliaus \u2013 idealiai tinka megztiniams, liemen\u0117ms ar aksesuarams, kurie trauks ak\u012f visur, kur beb\u016btum\u0117te. Sud\u0117tis: 60 % alpaka, [&hellip;]\" \/>\n<meta property=\"og:url\" content=\"https:\/\/happyinaknit.com\/ru\/product\/concept-by-kati-reiki\/\" \/>\n<meta property=\"og:site_name\" content=\"Happyinaknit.com\" \/>\n<meta property=\"article:modified_time\" content=\"2025-11-28T11:05:42+00:00\" \/>\n<meta property=\"og:image\" content=\"https:\/\/happyinaknit.com\/wp-content\/uploads\/2025\/10\/IMG_9460.jpg\" \/>\n\t<meta property=\"og:image:width\" content=\"1320\" \/>\n\t<meta property=\"og:image:height\" content=\"1215\" \/>\n\t<meta property=\"og:image:type\" content=\"image\/jpeg\" \/>\n<meta name=\"twitter:card\" content=\"summary_large_image\" \/>\n<meta name=\"twitter:label1\" content=\"\u041f\u0440\u0438\u043c\u0435\u0440\u043d\u043e\u0435 \u0432\u0440\u0435\u043c\u044f \u0434\u043b\u044f \u0447\u0442\u0435\u043d\u0438\u044f\" \/>\n\t<meta name=\"twitter:data1\" content=\"1 \u043c\u0438\u043d\u0443\u0442\u0430\" \/>\n<script type=\"application\/ld+json\" class=\"yoast-schema-graph\">{\"@context\":\"https:\/\/schema.org\",\"@graph\":[{\"@type\":\"WebPage\",\"@id\":\"https:\/\/happyinaknit.com\/produktas\/concept-by-kati-reiki\/\",\"url\":\"https:\/\/happyinaknit.com\/produktas\/concept-by-kati-reiki\/\",\"name\":\"Concept by Kati Reiki - Happyinaknit.com\",\"isPartOf\":{\"@id\":\"https:\/\/happyinaknit.com\/lt\/#website\"},\"primaryImageOfPage\":{\"@id\":\"https:\/\/happyinaknit.com\/produktas\/concept-by-kati-reiki\/#primaryimage\"},\"image\":{\"@id\":\"https:\/\/happyinaknit.com\/produktas\/concept-by-kati-reiki\/#primaryimage\"},\"thumbnailUrl\":\"https:\/\/happyinaknit.com\/wp-content\/uploads\/2025\/10\/IMG_9460.jpg\",\"datePublished\":\"2025-10-15T06:58:18+00:00\",\"dateModified\":\"2025-11-28T11:05:42+00:00\",\"breadcrumb\":{\"@id\":\"https:\/\/happyinaknit.com\/produktas\/concept-by-kati-reiki\/#breadcrumb\"},\"inLanguage\":\"ru-RU\",\"potentialAction\":[{\"@type\":\"ReadAction\",\"target\":[\"https:\/\/happyinaknit.com\/produktas\/concept-by-kati-reiki\/\"]}]},{\"@type\":\"ImageObject\",\"inLanguage\":\"ru-RU\",\"@id\":\"https:\/\/happyinaknit.com\/produktas\/concept-by-kati-reiki\/#primaryimage\",\"url\":\"https:\/\/happyinaknit.com\/wp-content\/uploads\/2025\/10\/IMG_9460.jpg\",\"contentUrl\":\"https:\/\/happyinaknit.com\/wp-content\/uploads\/2025\/10\/IMG_9460.jpg\",\"width\":1320,\"height\":1215},{\"@type\":\"BreadcrumbList\",\"@id\":\"https:\/\/happyinaknit.com\/produktas\/concept-by-kati-reiki\/#breadcrumb\",\"itemListElement\":[{\"@type\":\"ListItem\",\"position\":1,\"name\":\"Home\",\"item\":\"https:\/\/happyinaknit.com\/lt\/\"},{\"@type\":\"ListItem\",\"position\":2,\"name\":\"Parduotuv\u0117\",\"item\":\"https:\/\/happyinaknit.com\/lt\/parduotuve\/\"},{\"@type\":\"ListItem\",\"position\":3,\"name\":\"Concept by Kati Reiki\"}]},{\"@type\":\"WebSite\",\"@id\":\"https:\/\/happyinaknit.com\/lt\/#website\",\"url\":\"https:\/\/happyinaknit.com\/lt\/\",\"name\":\"Happyinaknit.com\",\"description\":\"\",\"potentialAction\":[{\"@type\":\"SearchAction\",\"target\":{\"@type\":\"EntryPoint\",\"urlTemplate\":\"https:\/\/happyinaknit.com\/lt\/?s={search_term_string}\"},\"query-input\":{\"@type\":\"PropertyValueSpecification\",\"valueRequired\":true,\"valueName\":\"search_term_string\"}}],\"inLanguage\":\"ru-RU\"}]}<\/script>\n<!-- \/ Yoast SEO plugin. -->","yoast_head_json":{"title":"Concept by Kati Reiki - Happyinaknit.com","robots":{"index":"index","follow":"follow","max-snippet":"max-snippet:-1","max-image-preview":"max-image-preview:large","max-video-preview":"max-video-preview:-1"},"canonical":"https:\/\/happyinaknit.com\/ru\/product\/concept-by-kati-reiki\/","og_locale":"ru_RU","og_type":"article","og_title":"Concept by Kati Reiki - Happyinaknit.com","og_description":"Concept by Katia Reiki \u2013 prabang\u016bs, itin \u0161veln\u016bs si\u016blai su auk\u0161tos kokyb\u0117s alpakos ir merino vilna. Jie i\u0161siskiria subtiliais vienspalviais atspalviais ir i\u0161rai\u0161kingais margais dry\u017eiais, kurie harmoningai dera tarpusavyje. \u0160ie si\u016blai suteikia mezginiams lengvumo, \u0161ilumos ir i\u0161skirtinio stiliaus \u2013 idealiai tinka megztiniams, liemen\u0117ms ar aksesuarams, kurie trauks ak\u012f visur, kur beb\u016btum\u0117te. Sud\u0117tis: 60 % alpaka, [&hellip;]","og_url":"https:\/\/happyinaknit.com\/ru\/product\/concept-by-kati-reiki\/","og_site_name":"Happyinaknit.com","article_modified_time":"2025-11-28T11:05:42+00:00","og_image":[{"width":1320,"height":1215,"url":"https:\/\/happyinaknit.com\/wp-content\/uploads\/2025\/10\/IMG_9460.jpg","type":"image\/jpeg"}],"twitter_card":"summary_large_image","twitter_misc":{"\u041f\u0440\u0438\u043c\u0435\u0440\u043d\u043e\u0435 \u0432\u0440\u0435\u043c\u044f \u0434\u043b\u044f \u0447\u0442\u0435\u043d\u0438\u044f":"1 \u043c\u0438\u043d\u0443\u0442\u0430"},"schema":{"@context":"https:\/\/schema.org","@graph":[{"@type":"WebPage","@id":"https:\/\/happyinaknit.com\/produktas\/concept-by-kati-reiki\/","url":"https:\/\/happyinaknit.com\/produktas\/concept-by-kati-reiki\/","name":"Concept by Kati Reiki - Happyinaknit.com","isPartOf":{"@id":"https:\/\/happyinaknit.com\/lt\/#website"},"primaryImageOfPage":{"@id":"https:\/\/happyinaknit.com\/produktas\/concept-by-kati-reiki\/#primaryimage"},"image":{"@id":"https:\/\/happyinaknit.com\/produktas\/concept-by-kati-reiki\/#primaryimage"},"thumbnailUrl":"https:\/\/happyinaknit.com\/wp-content\/uploads\/2025\/10\/IMG_9460.jpg","datePublished":"2025-10-15T06:58:18+00:00","dateModified":"2025-11-28T11:05:42+00:00","breadcrumb":{"@id":"https:\/\/happyinaknit.com\/produktas\/concept-by-kati-reiki\/#breadcrumb"},"inLanguage":"ru-RU","potentialAction":[{"@type":"ReadAction","target":["https:\/\/happyinaknit.com\/produktas\/concept-by-kati-reiki\/"]}]},{"@type":"ImageObject","inLanguage":"ru-RU","@id":"https:\/\/happyinaknit.com\/produktas\/concept-by-kati-reiki\/#primaryimage","url":"https:\/\/happyinaknit.com\/wp-content\/uploads\/2025\/10\/IMG_9460.jpg","contentUrl":"https:\/\/happyinaknit.com\/wp-content\/uploads\/2025\/10\/IMG_9460.jpg","width":1320,"height":1215},{"@type":"BreadcrumbList","@id":"https:\/\/happyinaknit.com\/produktas\/concept-by-kati-reiki\/#breadcrumb","itemListElement":[{"@type":"ListItem","position":1,"name":"Home","item":"https:\/\/happyinaknit.com\/lt\/"},{"@type":"ListItem","position":2,"name":"Parduotuv\u0117","item":"https:\/\/happyinaknit.com\/lt\/parduotuve\/"},{"@type":"ListItem","position":3,"name":"Concept by Kati Reiki"}]},{"@type":"WebSite","@id":"https:\/\/happyinaknit.com\/lt\/#website","url":"https:\/\/happyinaknit.com\/lt\/","name":"Happyinaknit.com","description":"","potentialAction":[{"@type":"SearchAction","target":{"@type":"EntryPoint","urlTemplate":"https:\/\/happyinaknit.com\/lt\/?s={search_term_string}"},"query-input":{"@type":"PropertyValueSpecification","valueRequired":true,"valueName":"search_term_string"}}],"inLanguage":"ru-RU"}]}},"_links":{"self":[{"href":"https:\/\/happyinaknit.com\/ru\/wp-json\/wp\/v2\/product\/5178","targetHints":{"allow":["GET"]}}],"collection":[{"href":"https:\/\/happyinaknit.com\/ru\/wp-json\/wp\/v2\/product"}],"about":[{"href":"https:\/\/happyinaknit.com\/ru\/wp-json\/wp\/v2\/types\/product"}],"replies":[{"embeddable":true,"href":"https:\/\/happyinaknit.com\/ru\/wp-json\/wp\/v2\/comments?post=5178"}],"wp:featuredmedia":[{"embeddable":true,"href":"https:\/\/happyinaknit.com\/ru\/wp-json\/wp\/v2\/media\/4816"}],"wp:attachment":[{"href":"https:\/\/happyinaknit.com\/ru\/wp-json\/wp\/v2\/media?parent=5178"}],"wp:term":[{"taxonomy":"product_brand","embeddable":true,"href":"https:\/\/happyinaknit.com\/ru\/wp-json\/wp\/v2\/product_brand?post=5178"},{"taxonomy":"product_cat","embeddable":true,"href":"https:\/\/happyinaknit.com\/ru\/wp-json\/wp\/v2\/product_cat?post=5178"},{"taxonomy":"product_tag","embeddable":true,"href":"https:\/\/happyinaknit.com\/ru\/wp-json\/wp\/v2\/product_tag?post=5178"},{"taxonomy":"pro-kategorijos","embeddable":true,"href":"https:\/\/happyinaknit.com\/ru\/wp-json\/wp\/v2\/pro-kategorijos?post=5178"}],"curies":[{"name":"wp","href":"https:\/\/api.w.org\/{rel}","templated":true}]}}