{"id":5174,"date":"2025-10-14T22:59:24","date_gmt":"2025-10-14T22:59:24","guid":{"rendered":"https:\/\/happyinaknit.com\/?post_type=product&#038;p=5174"},"modified":"2026-03-28T12:21:32","modified_gmt":"2026-03-28T12:21:32","slug":"concept-by-katia-lua","status":"publish","type":"product","link":"https:\/\/happyinaknit.com\/ru\/product\/concept-by-katia-lua\/","title":{"rendered":"Concept by Katia Lua"},"content":{"rendered":"<p data-start=\"30\" data-end=\"412\"><strong data-start=\"30\" data-end=\"54\">Concept by Katia Lua<\/strong> \u2013 \u044d\u0442\u043e \u043d\u0430\u0442\u0443\u0440\u0430\u043b\u044c\u043d\u0430\u044f, \u043b\u0451\u0433\u043a\u0430\u044f \u0438 \u0434\u044b\u0448\u0430\u0449\u0430\u044f \u043f\u0440\u044f\u0436\u0430, \u0441\u043e\u0447\u0435\u0442\u0430\u044e\u0449\u0430\u044f \u0445\u043b\u043e\u043f\u043e\u043a, \u0432\u0438\u0441\u043a\u043e\u0437\u0443, \u043b\u0451\u043d \u0438 \u043d\u0435\u0431\u043e\u043b\u044c\u0448\u043e\u0435 \u043a\u043e\u043b\u0438\u0447\u0435\u0441\u0442\u0432\u043e \u043f\u043e\u043b\u0438\u0430\u043c\u0438\u0434\u0430. \u042d\u0442\u0430 \u043f\u0440\u044f\u0436\u0430 \u043e\u0431\u043b\u0430\u0434\u0430\u0435\u0442 \u043b\u0451\u0433\u043a\u0438\u043c \u0431\u043b\u0435\u0441\u043a\u043e\u043c, \u043c\u044f\u0433\u043a\u043e\u0439 \u0434\u0440\u0430\u043f\u0438\u0440\u0443\u0435\u043c\u043e\u0441\u0442\u044c\u044e \u0438 \u043f\u0440\u0438\u044f\u0442\u043d\u043e\u0439 \u0442\u0435\u043a\u0441\u0442\u0443\u0440\u043e\u0439, \u0447\u0442\u043e \u0434\u0435\u043b\u0430\u0435\u0442 \u0435\u0451 \u0438\u0434\u0435\u0430\u043b\u044c\u043d\u043e\u0439 \u0434\u043b\u044f \u043b\u0435\u0442\u043d\u0438\u0445 \u0441\u0432\u0438\u0442\u0435\u0440\u043e\u0432, \u0431\u043b\u0443\u0437\u043e\u043a \u0438 \u043b\u0451\u0433\u043a\u0438\u0445 \u043a\u0443\u0440\u0442\u043e\u043a. \u0421\u043e\u0447\u0435\u0442\u0430\u043d\u0438\u0435 \u043b\u044c\u043d\u0430 \u0438 \u0432\u0438\u0441\u043a\u043e\u0437\u044b \u043f\u0440\u0438\u0434\u0430\u0451\u0442 \u0442\u0440\u0438\u043a\u043e\u0442\u0430\u0436\u0443 \u044d\u043b\u0435\u0433\u0430\u043d\u0442\u043d\u044b\u0439 \u0432\u0438\u0434 \u0438 \u0445\u043e\u0440\u043e\u0448\u043e \u0434\u0435\u0440\u0436\u0438\u0442 \u0444\u043e\u0440\u043c\u0443.<\/p>\n<p data-start=\"414\" data-end=\"702\"><strong data-start=\"414\" data-end=\"426\">\u0421\u043e\u0441\u0442\u0430\u0432:<\/strong> 52 % \u0445\u043b\u043e\u043f\u043e\u043a, 26 % \u0432\u0438\u0441\u043a\u043e\u0437\u0430, 12 % \u043b\u0435\u043d, 10 % \u043f\u043e\u043b\u0438\u0430\u043c\u0438\u0434<br data-start=\"483\" data-end=\"486\" \/><strong data-start=\"486\" data-end=\"505\">\u0412\u0435\u0441\/\u0414\u043b\u0438\u043d\u0430:<\/strong> 50 \u0433 - 160 \u043c<br data-start=\"518\" data-end=\"521\" \/><strong data-start=\"521\" data-end=\"549\" data-is-only-node=\"\">\u0420\u0435\u043a\u043e\u043c\u0435\u043d\u0434\u0443\u0435\u043c\u044b\u0435 \u0441\u043f\u0438\u0446\u044b:<\/strong> 3 \u2013 3,5 \u043c\u043c<br data-start=\"560\" data-end=\"563\" \/><strong data-start=\"563\" data-end=\"576\">\u041f\u043b\u043e\u0442\u043d\u043e\u0441\u0442\u044c:<\/strong> 10 \u00d7 10 \u0441\u043c \u2013 23 \u043f\u0435\u0442\u043b\u0438 \u00d7 35 \u0440\u044f\u0434\u043e\u0432<br data-start=\"608\" data-end=\"611\" \/><strong data-start=\"611\" data-end=\"638\">\u041f\u0440\u0438\u043c\u0435\u0440\u043d\u044b\u0439 \u0440\u0430\u0441\u0445\u043e\u0434:<\/strong> \u0434\u043b\u044f \u0436\u0435\u043d\u0441\u043a\u043e\u0433\u043e \u0441\u0432\u0438\u0442\u0435\u0440\u0430 (\u0440\u0430\u0437\u043c\u0435\u0440 48) \u2013 \u043e\u043a\u043e\u043b\u043e 400 \u0433 (8 \u043c\u043e\u0442\u043a\u043e\u0432)<\/p>\n<p data-start=\"704\" data-end=\"818\"><strong data-start=\"704\" data-end=\"718\">\u0421\u043e\u0432\u0435\u0442\u044b \u043f\u043e \u0443\u0445\u043e\u0434\u0443:<\/strong><br data-start=\"718\" data-end=\"721\" \/>\u0421\u0442\u0438\u0440\u0430\u0442\u044c \u0432\u0440\u0443\u0447\u043d\u0443\u044e \u0438\u043b\u0438 \u043d\u0430 \u0449\u0430\u0434\u044f\u0449\u0435\u043c \u0440\u0435\u0436\u0438\u043c\u0435 \u043f\u0440\u0438 \u0442\u0435\u043c\u043f\u0435\u0440\u0430\u0442\u0443\u0440\u0435 \u0434\u043e 30\u00b0C, \u0441\u0443\u0448\u0438\u0442\u044c \u043d\u0430 \u0433\u043e\u0440\u0438\u0437\u043e\u043d\u0442\u0430\u043b\u044c\u043d\u043e\u0439 \u043f\u043e\u0432\u0435\u0440\u0445\u043d\u043e\u0441\u0442\u0438.<\/p>\n<p data-start=\"820\" data-end=\"908\" data-is-last-node=\"\" data-is-only-node=\"\"><strong data-start=\"820\" data-end=\"832\">\u041f\u0440\u0438\u043c\u0435\u0447\u0430\u043d\u0438\u0435:<\/strong> \u0426\u0432\u0435\u0442\u043e\u0432\u044b\u0435 \u043e\u0442\u0442\u0435\u043d\u043a\u0438 \u043c\u043e\u0433\u0443\u0442 \u043d\u0435\u0437\u043d\u0430\u0447\u0438\u0442\u0435\u043b\u044c\u043d\u043e \u043e\u0442\u043b\u0438\u0447\u0430\u0442\u044c\u0441\u044f \u0432 \u0437\u0430\u0432\u0438\u0441\u0438\u043c\u043e\u0441\u0442\u0438 \u043e\u0442 \u044d\u043a\u0440\u0430\u043d\u0430 \u0432\u0430\u0448\u0435\u0433\u043e \u0443\u0441\u0442\u0440\u043e\u0439\u0441\u0442\u0432\u0430.<\/p>","protected":false},"excerpt":{"rendered":"<p>Concept by Katia Lua \u2013 tai nat\u016brali, lengva ir kv\u0117puojanti si\u016bl\u0173 sud\u0117tis, kurioje derinami medviln\u0117, viskoz\u0117, linas ir \u0161iek tiek poliamido. \u0160ie si\u016blai pasi\u017eymi subtiliu blizgesiu, \u0161velniu kritimu ir malonia tekst\u016bra, tod\u0117l puikiai tinka vasariniams megztiniams, palaidin\u0117ms ar lengviems \u0161varkeliams. D\u0117l lino ir viskoz\u0117s derinio mezginiai atrodo eleganti\u0161kai ir i\u0161laiko form\u0105. Sud\u0117tis: 52 % medviln\u0117, [&hellip;]<\/p>\n","protected":false},"featured_media":4832,"comment_status":"open","ping_status":"closed","template":"","meta":{"_acf_changed":false},"product_brand":[69],"product_cat":[15,182,18],"product_tag":[33],"pro-kategorijos":[80,55,78],"class_list":{"0":"post-5174","1":"product","2":"type-product","3":"status-publish","4":"has-post-thumbnail","6":"product_brand-concept-by-katia","7":"product_cat-visi-produktai","8":"product_cat-ispardavimas","9":"product_cat-siulai","10":"product_tag-ispardavimas","11":"pro-kategorijos-linas","12":"pro-kategorijos-medvilne","13":"pro-kategorijos-viskoze","15":"first","16":"instock","17":"sale","18":"shipping-taxable","19":"purchasable","20":"product-type-variable"},"acf":[],"yoast_head":"<!-- This site is optimized with the Yoast SEO plugin v26.8 - https:\/\/yoast.com\/product\/yoast-seo-wordpress\/ -->\n<title>Concept by Katia Lua - Happyinaknit.com<\/title>\n<meta name=\"robots\" content=\"index, follow, max-snippet:-1, max-image-preview:large, max-video-preview:-1\" \/>\n<link rel=\"canonical\" href=\"https:\/\/happyinaknit.com\/ru\/product\/concept-by-katia-lua\/\" \/>\n<meta property=\"og:locale\" content=\"ru_RU\" \/>\n<meta property=\"og:type\" content=\"article\" \/>\n<meta property=\"og:title\" content=\"Concept by Katia Lua - Happyinaknit.com\" \/>\n<meta property=\"og:description\" content=\"Concept by Katia Lua \u2013 tai nat\u016brali, lengva ir kv\u0117puojanti si\u016bl\u0173 sud\u0117tis, kurioje derinami medviln\u0117, viskoz\u0117, linas ir \u0161iek tiek poliamido. \u0160ie si\u016blai pasi\u017eymi subtiliu blizgesiu, \u0161velniu kritimu ir malonia tekst\u016bra, tod\u0117l puikiai tinka vasariniams megztiniams, palaidin\u0117ms ar lengviems \u0161varkeliams. D\u0117l lino ir viskoz\u0117s derinio mezginiai atrodo eleganti\u0161kai ir i\u0161laiko form\u0105. Sud\u0117tis: 52 % medviln\u0117, [&hellip;]\" \/>\n<meta property=\"og:url\" content=\"https:\/\/happyinaknit.com\/ru\/product\/concept-by-katia-lua\/\" \/>\n<meta property=\"og:site_name\" content=\"Happyinaknit.com\" \/>\n<meta property=\"article:modified_time\" content=\"2026-03-28T12:21:32+00:00\" \/>\n<meta property=\"og:image\" content=\"https:\/\/happyinaknit.com\/wp-content\/uploads\/2025\/10\/IMG_9444.jpg\" \/>\n\t<meta property=\"og:image:width\" content=\"1320\" \/>\n\t<meta property=\"og:image:height\" content=\"1117\" \/>\n\t<meta property=\"og:image:type\" content=\"image\/jpeg\" \/>\n<meta name=\"twitter:card\" content=\"summary_large_image\" \/>\n<meta name=\"twitter:label1\" content=\"\u041f\u0440\u0438\u043c\u0435\u0440\u043d\u043e\u0435 \u0432\u0440\u0435\u043c\u044f \u0434\u043b\u044f \u0447\u0442\u0435\u043d\u0438\u044f\" \/>\n\t<meta name=\"twitter:data1\" content=\"1 \u043c\u0438\u043d\u0443\u0442\u0430\" \/>\n<script type=\"application\/ld+json\" class=\"yoast-schema-graph\">{\"@context\":\"https:\/\/schema.org\",\"@graph\":[{\"@type\":\"WebPage\",\"@id\":\"https:\/\/happyinaknit.com\/produktas\/concept-by-katia-lua\/\",\"url\":\"https:\/\/happyinaknit.com\/produktas\/concept-by-katia-lua\/\",\"name\":\"Concept by Katia Lua - Happyinaknit.com\",\"isPartOf\":{\"@id\":\"https:\/\/happyinaknit.com\/lt\/#website\"},\"primaryImageOfPage\":{\"@id\":\"https:\/\/happyinaknit.com\/produktas\/concept-by-katia-lua\/#primaryimage\"},\"image\":{\"@id\":\"https:\/\/happyinaknit.com\/produktas\/concept-by-katia-lua\/#primaryimage\"},\"thumbnailUrl\":\"https:\/\/happyinaknit.com\/wp-content\/uploads\/2025\/10\/IMG_9444.jpg\",\"datePublished\":\"2025-10-14T22:59:24+00:00\",\"dateModified\":\"2026-03-28T12:21:32+00:00\",\"breadcrumb\":{\"@id\":\"https:\/\/happyinaknit.com\/produktas\/concept-by-katia-lua\/#breadcrumb\"},\"inLanguage\":\"ru-RU\",\"potentialAction\":[{\"@type\":\"ReadAction\",\"target\":[\"https:\/\/happyinaknit.com\/produktas\/concept-by-katia-lua\/\"]}]},{\"@type\":\"ImageObject\",\"inLanguage\":\"ru-RU\",\"@id\":\"https:\/\/happyinaknit.com\/produktas\/concept-by-katia-lua\/#primaryimage\",\"url\":\"https:\/\/happyinaknit.com\/wp-content\/uploads\/2025\/10\/IMG_9444.jpg\",\"contentUrl\":\"https:\/\/happyinaknit.com\/wp-content\/uploads\/2025\/10\/IMG_9444.jpg\",\"width\":1320,\"height\":1117},{\"@type\":\"BreadcrumbList\",\"@id\":\"https:\/\/happyinaknit.com\/produktas\/concept-by-katia-lua\/#breadcrumb\",\"itemListElement\":[{\"@type\":\"ListItem\",\"position\":1,\"name\":\"Home\",\"item\":\"https:\/\/happyinaknit.com\/lt\/\"},{\"@type\":\"ListItem\",\"position\":2,\"name\":\"Parduotuv\u0117\",\"item\":\"https:\/\/happyinaknit.com\/lt\/parduotuve\/\"},{\"@type\":\"ListItem\",\"position\":3,\"name\":\"Concept by Katia Lua\"}]},{\"@type\":\"WebSite\",\"@id\":\"https:\/\/happyinaknit.com\/lt\/#website\",\"url\":\"https:\/\/happyinaknit.com\/lt\/\",\"name\":\"Happyinaknit.com\",\"description\":\"\",\"potentialAction\":[{\"@type\":\"SearchAction\",\"target\":{\"@type\":\"EntryPoint\",\"urlTemplate\":\"https:\/\/happyinaknit.com\/lt\/?s={search_term_string}\"},\"query-input\":{\"@type\":\"PropertyValueSpecification\",\"valueRequired\":true,\"valueName\":\"search_term_string\"}}],\"inLanguage\":\"ru-RU\"}]}<\/script>\n<!-- \/ Yoast SEO plugin. -->","yoast_head_json":{"title":"Concept by Katia Lua - Happyinaknit.com","robots":{"index":"index","follow":"follow","max-snippet":"max-snippet:-1","max-image-preview":"max-image-preview:large","max-video-preview":"max-video-preview:-1"},"canonical":"https:\/\/happyinaknit.com\/ru\/product\/concept-by-katia-lua\/","og_locale":"ru_RU","og_type":"article","og_title":"Concept by Katia Lua - Happyinaknit.com","og_description":"Concept by Katia Lua \u2013 tai nat\u016brali, lengva ir kv\u0117puojanti si\u016bl\u0173 sud\u0117tis, kurioje derinami medviln\u0117, viskoz\u0117, linas ir \u0161iek tiek poliamido. \u0160ie si\u016blai pasi\u017eymi subtiliu blizgesiu, \u0161velniu kritimu ir malonia tekst\u016bra, tod\u0117l puikiai tinka vasariniams megztiniams, palaidin\u0117ms ar lengviems \u0161varkeliams. D\u0117l lino ir viskoz\u0117s derinio mezginiai atrodo eleganti\u0161kai ir i\u0161laiko form\u0105. Sud\u0117tis: 52 % medviln\u0117, [&hellip;]","og_url":"https:\/\/happyinaknit.com\/ru\/product\/concept-by-katia-lua\/","og_site_name":"Happyinaknit.com","article_modified_time":"2026-03-28T12:21:32+00:00","og_image":[{"width":1320,"height":1117,"url":"https:\/\/happyinaknit.com\/wp-content\/uploads\/2025\/10\/IMG_9444.jpg","type":"image\/jpeg"}],"twitter_card":"summary_large_image","twitter_misc":{"\u041f\u0440\u0438\u043c\u0435\u0440\u043d\u043e\u0435 \u0432\u0440\u0435\u043c\u044f \u0434\u043b\u044f \u0447\u0442\u0435\u043d\u0438\u044f":"1 \u043c\u0438\u043d\u0443\u0442\u0430"},"schema":{"@context":"https:\/\/schema.org","@graph":[{"@type":"WebPage","@id":"https:\/\/happyinaknit.com\/produktas\/concept-by-katia-lua\/","url":"https:\/\/happyinaknit.com\/produktas\/concept-by-katia-lua\/","name":"Concept by Katia Lua - Happyinaknit.com","isPartOf":{"@id":"https:\/\/happyinaknit.com\/lt\/#website"},"primaryImageOfPage":{"@id":"https:\/\/happyinaknit.com\/produktas\/concept-by-katia-lua\/#primaryimage"},"image":{"@id":"https:\/\/happyinaknit.com\/produktas\/concept-by-katia-lua\/#primaryimage"},"thumbnailUrl":"https:\/\/happyinaknit.com\/wp-content\/uploads\/2025\/10\/IMG_9444.jpg","datePublished":"2025-10-14T22:59:24+00:00","dateModified":"2026-03-28T12:21:32+00:00","breadcrumb":{"@id":"https:\/\/happyinaknit.com\/produktas\/concept-by-katia-lua\/#breadcrumb"},"inLanguage":"ru-RU","potentialAction":[{"@type":"ReadAction","target":["https:\/\/happyinaknit.com\/produktas\/concept-by-katia-lua\/"]}]},{"@type":"ImageObject","inLanguage":"ru-RU","@id":"https:\/\/happyinaknit.com\/produktas\/concept-by-katia-lua\/#primaryimage","url":"https:\/\/happyinaknit.com\/wp-content\/uploads\/2025\/10\/IMG_9444.jpg","contentUrl":"https:\/\/happyinaknit.com\/wp-content\/uploads\/2025\/10\/IMG_9444.jpg","width":1320,"height":1117},{"@type":"BreadcrumbList","@id":"https:\/\/happyinaknit.com\/produktas\/concept-by-katia-lua\/#breadcrumb","itemListElement":[{"@type":"ListItem","position":1,"name":"Home","item":"https:\/\/happyinaknit.com\/lt\/"},{"@type":"ListItem","position":2,"name":"Parduotuv\u0117","item":"https:\/\/happyinaknit.com\/lt\/parduotuve\/"},{"@type":"ListItem","position":3,"name":"Concept by Katia Lua"}]},{"@type":"WebSite","@id":"https:\/\/happyinaknit.com\/lt\/#website","url":"https:\/\/happyinaknit.com\/lt\/","name":"Happyinaknit.com","description":"","potentialAction":[{"@type":"SearchAction","target":{"@type":"EntryPoint","urlTemplate":"https:\/\/happyinaknit.com\/lt\/?s={search_term_string}"},"query-input":{"@type":"PropertyValueSpecification","valueRequired":true,"valueName":"search_term_string"}}],"inLanguage":"ru-RU"}]}},"_links":{"self":[{"href":"https:\/\/happyinaknit.com\/ru\/wp-json\/wp\/v2\/product\/5174","targetHints":{"allow":["GET"]}}],"collection":[{"href":"https:\/\/happyinaknit.com\/ru\/wp-json\/wp\/v2\/product"}],"about":[{"href":"https:\/\/happyinaknit.com\/ru\/wp-json\/wp\/v2\/types\/product"}],"replies":[{"embeddable":true,"href":"https:\/\/happyinaknit.com\/ru\/wp-json\/wp\/v2\/comments?post=5174"}],"wp:featuredmedia":[{"embeddable":true,"href":"https:\/\/happyinaknit.com\/ru\/wp-json\/wp\/v2\/media\/4832"}],"wp:attachment":[{"href":"https:\/\/happyinaknit.com\/ru\/wp-json\/wp\/v2\/media?parent=5174"}],"wp:term":[{"taxonomy":"product_brand","embeddable":true,"href":"https:\/\/happyinaknit.com\/ru\/wp-json\/wp\/v2\/product_brand?post=5174"},{"taxonomy":"product_cat","embeddable":true,"href":"https:\/\/happyinaknit.com\/ru\/wp-json\/wp\/v2\/product_cat?post=5174"},{"taxonomy":"product_tag","embeddable":true,"href":"https:\/\/happyinaknit.com\/ru\/wp-json\/wp\/v2\/product_tag?post=5174"},{"taxonomy":"pro-kategorijos","embeddable":true,"href":"https:\/\/happyinaknit.com\/ru\/wp-json\/wp\/v2\/pro-kategorijos?post=5174"}],"curies":[{"name":"wp","href":"https:\/\/api.w.org\/{rel}","templated":true}]}}