{"id":5103,"date":"2025-10-14T21:17:25","date_gmt":"2025-10-14T21:17:25","guid":{"rendered":"https:\/\/happyinaknit.com\/?post_type=product&#038;p=5103"},"modified":"2025-11-13T20:01:43","modified_gmt":"2025-11-13T20:01:43","slug":"katia-linen","status":"publish","type":"product","link":"https:\/\/happyinaknit.com\/ru\/product\/katia-linen\/","title":{"rendered":"Katia Linen"},"content":{"rendered":"<p data-start=\"21\" data-end=\"367\"><strong data-start=\"21\" data-end=\"36\">Katia Linen<\/strong> \u2013 \u044d\u0442\u043e \u043c\u044f\u0433\u043a\u0430\u044f, \u043d\u0430\u0442\u0443\u0440\u0430\u043b\u044c\u043d\u0430\u044f \u043f\u0440\u044f\u0436\u0430 \u0438\u0437 \u043b\u044c\u043d\u0430 \u0438 \u0445\u043b\u043e\u043f\u043a\u0430, \u043e\u0442\u043b\u0438\u0447\u0430\u044e\u0449\u0430\u044f\u0441\u044f \u0441\u0432\u0435\u0436\u0435\u0441\u0442\u044c\u044e \u0438 \u0435\u0441\u0442\u0435\u0441\u0442\u0432\u0435\u043d\u043d\u043e\u0439 \u043c\u044f\u0433\u043a\u043e\u0439 \u0448\u0435\u0440\u0448\u0430\u0432\u043e\u0441\u0442\u044c\u044e, \u0441\u0432\u043e\u0439\u0441\u0442\u0432\u0435\u043d\u043d\u043e\u0439 \u043b\u044c\u043d\u0443. \u042d\u0442\u0430 \u043f\u0440\u044f\u0436\u0430 \u0438\u0434\u0435\u0430\u043b\u044c\u043d\u043e \u043f\u043e\u0434\u0445\u043e\u0434\u0438\u0442 \u0434\u043b\u044f \u043b\u0451\u0433\u043a\u0438\u0445 \u043b\u0435\u0442\u043d\u0438\u0445 \u0438\u0437\u0434\u0435\u043b\u0438\u0439 \u2013 \u0441\u0432\u0438\u0442\u0435\u0440\u043e\u0432, \u0442\u043e\u043f\u043e\u0432 \u0438\u043b\u0438 \u0448\u0430\u0440\u0444\u043e\u0432. \u041f\u043e\u0441\u043b\u0435 \u0441\u0442\u0438\u0440\u043a\u0438 \u043f\u0440\u044f\u0436\u0430 \u0441\u0442\u0430\u043d\u043e\u0432\u0438\u0442\u0441\u044f \u0435\u0449\u0451 \u043c\u044f\u0433\u0447\u0435, \u043f\u043e\u044d\u0442\u043e\u043c\u0443 \u0441\u0432\u044f\u0437\u0430\u043d\u043d\u0443\u044e \u0438\u0437 \u043d\u0435\u0451 \u043e\u0434\u0435\u0436\u0434\u0443 \u043d\u0435\u0432\u0435\u0440\u043e\u044f\u0442\u043d\u043e \u043f\u0440\u0438\u044f\u0442\u043d\u043e \u043d\u043e\u0441\u0438\u0442\u044c \u0434\u0430\u0436\u0435 \u0432 \u0436\u0430\u0440\u043a\u0438\u0435 \u0434\u043d\u0438.<\/p>\n<p data-start=\"369\" data-end=\"608\"><strong data-start=\"369\" data-end=\"381\">\u0421\u043e\u0441\u0442\u0430\u0432:<\/strong> 53 % \u0445\u043b\u043e\u043f\u043e\u043a, 47 % \u043b\u0435\u043d<br data-start=\"407\" data-end=\"410\" \/><strong data-start=\"410\" data-end=\"429\">\u0412\u0435\u0441\/\u0414\u043b\u0438\u043d\u0430:<\/strong> 50 \u0433 - 112 \u043c<br data-start=\"442\" data-end=\"445\" \/><strong data-start=\"445\" data-end=\"473\" data-is-only-node=\"\">\u0420\u0435\u043a\u043e\u043c\u0435\u043d\u0434\u0443\u0435\u043c\u044b\u0435 \u0441\u043f\u0438\u0446\u044b:<\/strong> 3,5 \u2013 4,0 \u043c\u043c<br data-start=\"486\" data-end=\"489\" \/><strong data-start=\"489\" data-end=\"502\">\u041f\u043b\u043e\u0442\u043d\u043e\u0441\u0442\u044c:<\/strong> 10 \u00d7 10 \u0441\u043c \u2013 22 \u043f\u0435\u0442\u043b\u0438 \u00d7 29 \u0440\u044f\u0434\u043e\u0432<br data-start=\"534\" data-end=\"537\" \/><strong data-start=\"537\" data-end=\"564\">\u0420\u0430\u0441\u0445\u043e\u0434:<\/strong> \u0434\u043b\u044f \u0441\u0432\u0438\u0442\u0435\u0440\u0430 (\u0440\u0430\u0437\u043c\u0435\u0440 \u041c) \u2013 \u043e\u043a\u043e\u043b\u043e 8 \u043a\u043b\u0443\u0431\u043a\u043e\u0432<\/p>\n<p data-start=\"610\" data-end=\"719\"><strong data-start=\"610\" data-end=\"624\">\u0421\u043e\u0432\u0435\u0442\u044b \u043f\u043e \u0443\u0445\u043e\u0434\u0443:<\/strong><br data-start=\"624\" data-end=\"627\" \/>\u0421\u0442\u0438\u0440\u0430\u0442\u044c \u0432\u0440\u0443\u0447\u043d\u0443\u044e \u043f\u0440\u0438 \u0442\u0435\u043c\u043f\u0435\u0440\u0430\u0442\u0443\u0440\u0435 \u043d\u0435 \u0432\u044b\u0448\u0435 30\u00b0\u0421, \u0441\u0443\u0448\u0438\u0442\u044c \u043d\u0430 \u0433\u043e\u0440\u0438\u0437\u043e\u043d\u0442\u0430\u043b\u044c\u043d\u043e\u0439 \u043f\u043e\u0432\u0435\u0440\u0445\u043d\u043e\u0441\u0442\u0438.<\/p>\n<p data-start=\"721\" data-end=\"809\" data-is-last-node=\"\" data-is-only-node=\"\"><strong data-start=\"721\" data-end=\"733\">\u041f\u0440\u0438\u043c\u0435\u0447\u0430\u043d\u0438\u0435:<\/strong> \u0426\u0432\u0435\u0442\u043e\u0432\u044b\u0435 \u043e\u0442\u0442\u0435\u043d\u043a\u0438 \u043c\u043e\u0433\u0443\u0442 \u043d\u0435\u0437\u043d\u0430\u0447\u0438\u0442\u0435\u043b\u044c\u043d\u043e \u043e\u0442\u043b\u0438\u0447\u0430\u0442\u044c\u0441\u044f \u0432 \u0437\u0430\u0432\u0438\u0441\u0438\u043c\u043e\u0441\u0442\u0438 \u043e\u0442 \u044d\u043a\u0440\u0430\u043d\u0430 \u0432\u0430\u0448\u0435\u0433\u043e \u0443\u0441\u0442\u0440\u043e\u0439\u0441\u0442\u0432\u0430.<\/p>","protected":false},"excerpt":{"rendered":"<p>Katia Linen \u2013 tai \u0161veln\u016bs, nat\u016bral\u016bs si\u016blai i\u0161 lino ir medviln\u0117s, pasi\u017eymintys gaivumu ir nat\u016braliu \u0161velniu \u0161iurk\u0161tumu, b\u016bdingu linui. \u0160ie si\u016blai idealiai tinka lengviems vasariniams mezginiams \u2013 megztiniams, topams ar skaroms. Po plovimo si\u016blai tampa dar mink\u0161tesni, tod\u0117l i\u0161 j\u0173 megzti drabu\u017eiai itin malon\u016bs d\u0117v\u0117ti net kar\u0161tomis dienomis. Sud\u0117tis: 53 % medviln\u0117, 47 % linasSvoris [&hellip;]<\/p>\n","protected":false},"featured_media":4863,"comment_status":"open","ping_status":"closed","template":"","meta":{"_acf_changed":false},"product_brand":[69],"product_cat":[15,18],"product_tag":[],"pro-kategorijos":[80,55],"class_list":{"0":"post-5103","1":"product","2":"type-product","3":"status-publish","4":"has-post-thumbnail","6":"product_brand-concept-by-katia","7":"product_cat-visi-produktai","8":"product_cat-siulai","9":"pro-kategorijos-linas","10":"pro-kategorijos-medvilne","12":"first","13":"instock","14":"shipping-taxable","15":"purchasable","16":"product-type-variable"},"acf":[],"yoast_head":"<!-- This site is optimized with the Yoast SEO plugin v26.8 - https:\/\/yoast.com\/product\/yoast-seo-wordpress\/ -->\n<title>Katia Linen - Happyinaknit.com<\/title>\n<meta name=\"robots\" content=\"index, follow, max-snippet:-1, max-image-preview:large, max-video-preview:-1\" \/>\n<link rel=\"canonical\" href=\"https:\/\/happyinaknit.com\/ru\/product\/katia-linen\/\" \/>\n<meta property=\"og:locale\" content=\"ru_RU\" \/>\n<meta property=\"og:type\" content=\"article\" \/>\n<meta property=\"og:title\" content=\"Katia Linen - Happyinaknit.com\" \/>\n<meta property=\"og:description\" content=\"Katia Linen \u2013 tai \u0161veln\u016bs, nat\u016bral\u016bs si\u016blai i\u0161 lino ir medviln\u0117s, pasi\u017eymintys gaivumu ir nat\u016braliu \u0161velniu \u0161iurk\u0161tumu, b\u016bdingu linui. \u0160ie si\u016blai idealiai tinka lengviems vasariniams mezginiams \u2013 megztiniams, topams ar skaroms. Po plovimo si\u016blai tampa dar mink\u0161tesni, tod\u0117l i\u0161 j\u0173 megzti drabu\u017eiai itin malon\u016bs d\u0117v\u0117ti net kar\u0161tomis dienomis. Sud\u0117tis: 53 % medviln\u0117, 47 % linasSvoris [&hellip;]\" \/>\n<meta property=\"og:url\" content=\"https:\/\/happyinaknit.com\/ru\/product\/katia-linen\/\" \/>\n<meta property=\"og:site_name\" content=\"Happyinaknit.com\" \/>\n<meta property=\"article:modified_time\" content=\"2025-11-13T20:01:43+00:00\" \/>\n<meta property=\"og:image\" content=\"https:\/\/happyinaknit.com\/wp-content\/uploads\/2025\/10\/IMG_9410.jpg\" \/>\n\t<meta property=\"og:image:width\" content=\"1319\" \/>\n\t<meta property=\"og:image:height\" content=\"1189\" \/>\n\t<meta property=\"og:image:type\" content=\"image\/jpeg\" \/>\n<meta name=\"twitter:card\" content=\"summary_large_image\" \/>\n<meta name=\"twitter:label1\" content=\"\u041f\u0440\u0438\u043c\u0435\u0440\u043d\u043e\u0435 \u0432\u0440\u0435\u043c\u044f \u0434\u043b\u044f \u0447\u0442\u0435\u043d\u0438\u044f\" \/>\n\t<meta name=\"twitter:data1\" content=\"1 \u043c\u0438\u043d\u0443\u0442\u0430\" \/>\n<script type=\"application\/ld+json\" class=\"yoast-schema-graph\">{\"@context\":\"https:\/\/schema.org\",\"@graph\":[{\"@type\":\"WebPage\",\"@id\":\"https:\/\/happyinaknit.com\/produktas\/katia-linen\/\",\"url\":\"https:\/\/happyinaknit.com\/produktas\/katia-linen\/\",\"name\":\"Katia Linen - Happyinaknit.com\",\"isPartOf\":{\"@id\":\"https:\/\/happyinaknit.com\/lt\/#website\"},\"primaryImageOfPage\":{\"@id\":\"https:\/\/happyinaknit.com\/produktas\/katia-linen\/#primaryimage\"},\"image\":{\"@id\":\"https:\/\/happyinaknit.com\/produktas\/katia-linen\/#primaryimage\"},\"thumbnailUrl\":\"https:\/\/happyinaknit.com\/wp-content\/uploads\/2025\/10\/IMG_9410.jpg\",\"datePublished\":\"2025-10-14T21:17:25+00:00\",\"dateModified\":\"2025-11-13T20:01:43+00:00\",\"breadcrumb\":{\"@id\":\"https:\/\/happyinaknit.com\/produktas\/katia-linen\/#breadcrumb\"},\"inLanguage\":\"ru-RU\",\"potentialAction\":[{\"@type\":\"ReadAction\",\"target\":[\"https:\/\/happyinaknit.com\/produktas\/katia-linen\/\"]}]},{\"@type\":\"ImageObject\",\"inLanguage\":\"ru-RU\",\"@id\":\"https:\/\/happyinaknit.com\/produktas\/katia-linen\/#primaryimage\",\"url\":\"https:\/\/happyinaknit.com\/wp-content\/uploads\/2025\/10\/IMG_9410.jpg\",\"contentUrl\":\"https:\/\/happyinaknit.com\/wp-content\/uploads\/2025\/10\/IMG_9410.jpg\",\"width\":1319,\"height\":1189},{\"@type\":\"BreadcrumbList\",\"@id\":\"https:\/\/happyinaknit.com\/produktas\/katia-linen\/#breadcrumb\",\"itemListElement\":[{\"@type\":\"ListItem\",\"position\":1,\"name\":\"Home\",\"item\":\"https:\/\/happyinaknit.com\/lt\/\"},{\"@type\":\"ListItem\",\"position\":2,\"name\":\"Parduotuv\u0117\",\"item\":\"https:\/\/happyinaknit.com\/lt\/parduotuve\/\"},{\"@type\":\"ListItem\",\"position\":3,\"name\":\"Katia Linen\"}]},{\"@type\":\"WebSite\",\"@id\":\"https:\/\/happyinaknit.com\/lt\/#website\",\"url\":\"https:\/\/happyinaknit.com\/lt\/\",\"name\":\"Happyinaknit.com\",\"description\":\"\",\"potentialAction\":[{\"@type\":\"SearchAction\",\"target\":{\"@type\":\"EntryPoint\",\"urlTemplate\":\"https:\/\/happyinaknit.com\/lt\/?s={search_term_string}\"},\"query-input\":{\"@type\":\"PropertyValueSpecification\",\"valueRequired\":true,\"valueName\":\"search_term_string\"}}],\"inLanguage\":\"ru-RU\"}]}<\/script>\n<!-- \/ Yoast SEO plugin. -->","yoast_head_json":{"title":"Katia Linen - Happyinaknit.com","robots":{"index":"index","follow":"follow","max-snippet":"max-snippet:-1","max-image-preview":"max-image-preview:large","max-video-preview":"max-video-preview:-1"},"canonical":"https:\/\/happyinaknit.com\/ru\/product\/katia-linen\/","og_locale":"ru_RU","og_type":"article","og_title":"Katia Linen - Happyinaknit.com","og_description":"Katia Linen \u2013 tai \u0161veln\u016bs, nat\u016bral\u016bs si\u016blai i\u0161 lino ir medviln\u0117s, pasi\u017eymintys gaivumu ir nat\u016braliu \u0161velniu \u0161iurk\u0161tumu, b\u016bdingu linui. \u0160ie si\u016blai idealiai tinka lengviems vasariniams mezginiams \u2013 megztiniams, topams ar skaroms. Po plovimo si\u016blai tampa dar mink\u0161tesni, tod\u0117l i\u0161 j\u0173 megzti drabu\u017eiai itin malon\u016bs d\u0117v\u0117ti net kar\u0161tomis dienomis. Sud\u0117tis: 53 % medviln\u0117, 47 % linasSvoris [&hellip;]","og_url":"https:\/\/happyinaknit.com\/ru\/product\/katia-linen\/","og_site_name":"Happyinaknit.com","article_modified_time":"2025-11-13T20:01:43+00:00","og_image":[{"width":1319,"height":1189,"url":"https:\/\/happyinaknit.com\/wp-content\/uploads\/2025\/10\/IMG_9410.jpg","type":"image\/jpeg"}],"twitter_card":"summary_large_image","twitter_misc":{"\u041f\u0440\u0438\u043c\u0435\u0440\u043d\u043e\u0435 \u0432\u0440\u0435\u043c\u044f \u0434\u043b\u044f \u0447\u0442\u0435\u043d\u0438\u044f":"1 \u043c\u0438\u043d\u0443\u0442\u0430"},"schema":{"@context":"https:\/\/schema.org","@graph":[{"@type":"WebPage","@id":"https:\/\/happyinaknit.com\/produktas\/katia-linen\/","url":"https:\/\/happyinaknit.com\/produktas\/katia-linen\/","name":"Katia Linen - Happyinaknit.com","isPartOf":{"@id":"https:\/\/happyinaknit.com\/lt\/#website"},"primaryImageOfPage":{"@id":"https:\/\/happyinaknit.com\/produktas\/katia-linen\/#primaryimage"},"image":{"@id":"https:\/\/happyinaknit.com\/produktas\/katia-linen\/#primaryimage"},"thumbnailUrl":"https:\/\/happyinaknit.com\/wp-content\/uploads\/2025\/10\/IMG_9410.jpg","datePublished":"2025-10-14T21:17:25+00:00","dateModified":"2025-11-13T20:01:43+00:00","breadcrumb":{"@id":"https:\/\/happyinaknit.com\/produktas\/katia-linen\/#breadcrumb"},"inLanguage":"ru-RU","potentialAction":[{"@type":"ReadAction","target":["https:\/\/happyinaknit.com\/produktas\/katia-linen\/"]}]},{"@type":"ImageObject","inLanguage":"ru-RU","@id":"https:\/\/happyinaknit.com\/produktas\/katia-linen\/#primaryimage","url":"https:\/\/happyinaknit.com\/wp-content\/uploads\/2025\/10\/IMG_9410.jpg","contentUrl":"https:\/\/happyinaknit.com\/wp-content\/uploads\/2025\/10\/IMG_9410.jpg","width":1319,"height":1189},{"@type":"BreadcrumbList","@id":"https:\/\/happyinaknit.com\/produktas\/katia-linen\/#breadcrumb","itemListElement":[{"@type":"ListItem","position":1,"name":"Home","item":"https:\/\/happyinaknit.com\/lt\/"},{"@type":"ListItem","position":2,"name":"Parduotuv\u0117","item":"https:\/\/happyinaknit.com\/lt\/parduotuve\/"},{"@type":"ListItem","position":3,"name":"Katia Linen"}]},{"@type":"WebSite","@id":"https:\/\/happyinaknit.com\/lt\/#website","url":"https:\/\/happyinaknit.com\/lt\/","name":"Happyinaknit.com","description":"","potentialAction":[{"@type":"SearchAction","target":{"@type":"EntryPoint","urlTemplate":"https:\/\/happyinaknit.com\/lt\/?s={search_term_string}"},"query-input":{"@type":"PropertyValueSpecification","valueRequired":true,"valueName":"search_term_string"}}],"inLanguage":"ru-RU"}]}},"_links":{"self":[{"href":"https:\/\/happyinaknit.com\/ru\/wp-json\/wp\/v2\/product\/5103","targetHints":{"allow":["GET"]}}],"collection":[{"href":"https:\/\/happyinaknit.com\/ru\/wp-json\/wp\/v2\/product"}],"about":[{"href":"https:\/\/happyinaknit.com\/ru\/wp-json\/wp\/v2\/types\/product"}],"replies":[{"embeddable":true,"href":"https:\/\/happyinaknit.com\/ru\/wp-json\/wp\/v2\/comments?post=5103"}],"wp:featuredmedia":[{"embeddable":true,"href":"https:\/\/happyinaknit.com\/ru\/wp-json\/wp\/v2\/media\/4863"}],"wp:attachment":[{"href":"https:\/\/happyinaknit.com\/ru\/wp-json\/wp\/v2\/media?parent=5103"}],"wp:term":[{"taxonomy":"product_brand","embeddable":true,"href":"https:\/\/happyinaknit.com\/ru\/wp-json\/wp\/v2\/product_brand?post=5103"},{"taxonomy":"product_cat","embeddable":true,"href":"https:\/\/happyinaknit.com\/ru\/wp-json\/wp\/v2\/product_cat?post=5103"},{"taxonomy":"product_tag","embeddable":true,"href":"https:\/\/happyinaknit.com\/ru\/wp-json\/wp\/v2\/product_tag?post=5103"},{"taxonomy":"pro-kategorijos","embeddable":true,"href":"https:\/\/happyinaknit.com\/ru\/wp-json\/wp\/v2\/pro-kategorijos?post=5103"}],"curies":[{"name":"wp","href":"https:\/\/api.w.org\/{rel}","templated":true}]}}