{"id":5074,"date":"2025-10-14T18:40:33","date_gmt":"2025-10-14T18:40:33","guid":{"rendered":"https:\/\/happyinaknit.com\/?post_type=product&#038;p=5074"},"modified":"2026-01-12T16:21:00","modified_gmt":"2026-01-12T16:21:00","slug":"lana-grossa-orsetto-nera","status":"publish","type":"product","link":"https:\/\/happyinaknit.com\/ru\/product\/lana-grossa-orsetto-nera\/","title":{"rendered":"Lana Grossa Orsetto (Nera)"},"content":{"rendered":"<p data-start=\"38\" data-end=\"301\"><strong data-start=\"38\" data-end=\"68\">Lana Grossa Orsetto (Nera)<\/strong> \u2013 \u044d\u0442\u043e \u0447\u0440\u0435\u0437\u0432\u044b\u0447\u0430\u0439\u043d\u043e \u043c\u044f\u0433\u043a\u0430\u044f, \u043f\u0443\u0448\u0438\u0441\u0442\u0430\u044f \u043f\u0440\u044f\u0436\u0430 \u0441 \u044d\u0444\u0444\u0435\u043a\u0442\u043e\u043c \u0431\u0443\u043a\u043b\u0435, \u0438\u0434\u0435\u0430\u043b\u044c\u043d\u043e \u043f\u043e\u0434\u0445\u043e\u0434\u044f\u0449\u0430\u044f \u0434\u043b\u044f \u0442\u0451\u043f\u043b\u044b\u0445 \u0441\u0432\u0438\u0442\u0435\u0440\u043e\u0432, \u0436\u0438\u043b\u0435\u0442\u043e\u0432 \u0438 \u0430\u043a\u0441\u0435\u0441\u0441\u0443\u0430\u0440\u043e\u0432. \u041b\u0451\u0433\u043a\u0430\u044f, \u0443\u044e\u0442\u043d\u0430\u044f \u0438 \u043f\u0440\u0438\u044f\u0442\u043d\u0430\u044f \u043a \u0442\u0435\u043b\u0443, \u044d\u0442\u0430 \u043f\u0440\u044f\u0436\u0430 \u043f\u0440\u0438\u0434\u0430\u0451\u0442 \u0442\u0440\u0438\u043a\u043e\u0442\u0430\u0436\u043d\u044b\u043c \u0438\u0437\u0434\u0435\u043b\u0438\u044f\u043c \u0443\u0442\u043e\u043d\u0447\u0451\u043d\u043d\u0443\u044e \u0440\u043e\u0441\u043a\u043e\u0448\u044c \u0438 \u0438\u0441\u043a\u043b\u044e\u0447\u0438\u0442\u0435\u043b\u044c\u043d\u0443\u044e \u043c\u044f\u0433\u043a\u043e\u0441\u0442\u044c.<\/p>\n<p data-start=\"303\" data-end=\"565\"><strong data-start=\"303\" data-end=\"315\">\u0421\u043e\u0441\u0442\u0430\u0432:<\/strong> 60 % \u043c\u0435\u0440\u0438\u043d\u043e\u0441\u043e\u0432\u043e\u0439 \u0448\u0435\u0440\u0441\u0442\u0438, 40 % \u0430\u043b\u044c\u043f\u0430\u043a\u0430<br data-start=\"364\" data-end=\"367\" \/><strong data-start=\"367\" data-end=\"386\">\u0412\u0435\u0441\/\u0414\u043b\u0438\u043d\u0430:<\/strong> 50 \u0433 - 75 \u043c<br data-start=\"399\" data-end=\"402\" \/><strong data-start=\"402\" data-end=\"430\" data-is-only-node=\"\">\u0420\u0435\u043a\u043e\u043c\u0435\u043d\u0434\u0443\u0435\u043c\u044b\u0435 \u0441\u043f\u0438\u0446\u044b:<\/strong> 6,0 - 7,0 \u043c\u043c<br data-start=\"443\" data-end=\"446\" \/><strong data-start=\"446\" data-end=\"459\">\u041f\u043b\u043e\u0442\u043d\u043e\u0441\u0442\u044c:<\/strong> 10 \u00d7 10 \u0441\u043c - 12 \u0441\u0442\u0435\u0436\u043a\u043e\u0432 \u00d7 16 \u0440\u044f\u0434\u043e\u0432<br data-start=\"491\" data-end=\"494\" \/><strong data-start=\"494\" data-end=\"521\">\u041f\u0440\u0438\u043c\u0435\u0440\u043d\u044b\u0439 \u0440\u0430\u0441\u0445\u043e\u0434:<\/strong> \u0434\u043b\u044f \u0434\u0436\u0435\u043c\u043f\u0435\u0440\u0430 (\u0440\u0430\u0437\u043c\u0435\u0440 M) - \u043e\u043a\u043e\u043b\u043e 8-10 \u0448\u0430\u0440\u0438\u043a\u043e\u0432<\/p>\n<p data-start=\"567\" data-end=\"673\"><strong data-start=\"567\" data-end=\"581\">\u0421\u043e\u0432\u0435\u0442\u044b \u043f\u043e \u0443\u0445\u043e\u0434\u0443:<\/strong><br data-start=\"581\" data-end=\"584\" \/>\u0421\u0442\u0438\u0440\u0430\u0442\u044c \u0432\u0440\u0443\u0447\u043d\u0443\u044e \u0438\u043b\u0438 \u0432 \u0441\u0442\u0438\u0440\u0430\u043b\u044c\u043d\u043e\u0439 \u043c\u0430\u0448\u0438\u043d\u0435 \u0432 \u0445\u043e\u043b\u043e\u0434\u043d\u043e\u0439 \u0432\u043e\u0434\u0435 \u043d\u0430 \u0434\u0435\u043b\u0438\u043a\u0430\u0442\u043d\u043e\u043c \u0440\u0435\u0436\u0438\u043c\u0435. \u0421\u0443\u0448\u0438\u0442\u044c \u043d\u0430 \u0433\u043e\u0440\u0438\u0437\u043e\u043d\u0442\u0430\u043b\u044c\u043d\u043e\u0439 \u043f\u043e\u0432\u0435\u0440\u0445\u043d\u043e\u0441\u0442\u0438.<\/p>\n<p data-start=\"675\" data-end=\"763\" data-is-last-node=\"\" data-is-only-node=\"\"><strong data-start=\"675\" data-end=\"687\">\u041f\u0440\u0438\u043c\u0435\u0447\u0430\u043d\u0438\u0435:<\/strong> \u0426\u0432\u0435\u0442\u043e\u0432\u044b\u0435 \u043e\u0442\u0442\u0435\u043d\u043a\u0438 \u043c\u043e\u0433\u0443\u0442 \u043d\u0435\u0437\u043d\u0430\u0447\u0438\u0442\u0435\u043b\u044c\u043d\u043e \u043e\u0442\u043b\u0438\u0447\u0430\u0442\u044c\u0441\u044f \u0432 \u0437\u0430\u0432\u0438\u0441\u0438\u043c\u043e\u0441\u0442\u0438 \u043e\u0442 \u044d\u043a\u0440\u0430\u043d\u0430 \u0432\u0430\u0448\u0435\u0433\u043e \u0443\u0441\u0442\u0440\u043e\u0439\u0441\u0442\u0432\u0430.<\/p>","protected":false},"excerpt":{"rendered":"<p>Lana Grossa Orsetto (Nera) \u2013 tai itin \u0161veln\u016bs, pur\u016bs si\u016blai su bukl\u0117 efektu, idealiai tinkantys \u0161iltiems megztiniams, liemen\u0117ms ir aksesuarams. Lengvi, jauk\u016bs ir malon\u016bs prie k\u016bno, \u0161ie si\u016blai suteikia mezginiams subtilios prabangos ir i\u0161skirtinio mink\u0161tumo. Sud\u0117tis: 60 % merino vilna, 40 % alpakaSvoris \/ ilgis: 50 g &#8211; 75 mRekomenduojami virbalai: 6,0 \u2013 7,0 mmTankumas: [&hellip;]<\/p>\n","protected":false},"featured_media":5080,"comment_status":"open","ping_status":"closed","template":"","meta":{"_acf_changed":false},"product_brand":[67],"product_cat":[15,18],"product_tag":[],"pro-kategorijos":[54,71],"class_list":{"0":"post-5074","1":"product","2":"type-product","3":"status-publish","4":"has-post-thumbnail","6":"product_brand-lana-grossa","7":"product_cat-visi-produktai","8":"product_cat-siulai","9":"pro-kategorijos-alpaka","10":"pro-kategorijos-merino-vilna","12":"first","13":"instock","14":"shipping-taxable","15":"purchasable","16":"product-type-variable"},"acf":[],"yoast_head":"<!-- This site is optimized with the Yoast SEO plugin v26.8 - https:\/\/yoast.com\/product\/yoast-seo-wordpress\/ -->\n<title>Lana Grossa Orsetto (Nera) - Happyinaknit.com<\/title>\n<meta name=\"robots\" content=\"index, follow, max-snippet:-1, max-image-preview:large, max-video-preview:-1\" \/>\n<link rel=\"canonical\" href=\"https:\/\/happyinaknit.com\/ru\/product\/lana-grossa-orsetto-nera\/\" \/>\n<meta property=\"og:locale\" content=\"ru_RU\" \/>\n<meta property=\"og:type\" content=\"article\" \/>\n<meta property=\"og:title\" content=\"Lana Grossa Orsetto (Nera) - Happyinaknit.com\" \/>\n<meta property=\"og:description\" content=\"Lana Grossa Orsetto (Nera) \u2013 tai itin \u0161veln\u016bs, pur\u016bs si\u016blai su bukl\u0117 efektu, idealiai tinkantys \u0161iltiems megztiniams, liemen\u0117ms ir aksesuarams. Lengvi, jauk\u016bs ir malon\u016bs prie k\u016bno, \u0161ie si\u016blai suteikia mezginiams subtilios prabangos ir i\u0161skirtinio mink\u0161tumo. Sud\u0117tis: 60 % merino vilna, 40 % alpakaSvoris \/ ilgis: 50 g &#8211; 75 mRekomenduojami virbalai: 6,0 \u2013 7,0 mmTankumas: [&hellip;]\" \/>\n<meta property=\"og:url\" content=\"https:\/\/happyinaknit.com\/ru\/product\/lana-grossa-orsetto-nera\/\" \/>\n<meta property=\"og:site_name\" content=\"Happyinaknit.com\" \/>\n<meta property=\"article:modified_time\" content=\"2026-01-12T16:21:00+00:00\" \/>\n<meta property=\"og:image\" content=\"https:\/\/happyinaknit.com\/wp-content\/uploads\/2025\/10\/IMG_9795.jpg\" \/>\n\t<meta property=\"og:image:width\" content=\"1301\" \/>\n\t<meta property=\"og:image:height\" content=\"1365\" \/>\n\t<meta property=\"og:image:type\" content=\"image\/jpeg\" \/>\n<meta name=\"twitter:card\" content=\"summary_large_image\" \/>\n<script type=\"application\/ld+json\" class=\"yoast-schema-graph\">{\"@context\":\"https:\/\/schema.org\",\"@graph\":[{\"@type\":\"WebPage\",\"@id\":\"https:\/\/happyinaknit.com\/produktas\/lana-grossa-orsetto-nera\/\",\"url\":\"https:\/\/happyinaknit.com\/produktas\/lana-grossa-orsetto-nera\/\",\"name\":\"Lana Grossa Orsetto (Nera) - Happyinaknit.com\",\"isPartOf\":{\"@id\":\"https:\/\/happyinaknit.com\/lt\/#website\"},\"primaryImageOfPage\":{\"@id\":\"https:\/\/happyinaknit.com\/produktas\/lana-grossa-orsetto-nera\/#primaryimage\"},\"image\":{\"@id\":\"https:\/\/happyinaknit.com\/produktas\/lana-grossa-orsetto-nera\/#primaryimage\"},\"thumbnailUrl\":\"https:\/\/happyinaknit.com\/wp-content\/uploads\/2025\/10\/IMG_9795.jpg\",\"datePublished\":\"2025-10-14T18:40:33+00:00\",\"dateModified\":\"2026-01-12T16:21:00+00:00\",\"breadcrumb\":{\"@id\":\"https:\/\/happyinaknit.com\/produktas\/lana-grossa-orsetto-nera\/#breadcrumb\"},\"inLanguage\":\"ru-RU\",\"potentialAction\":[{\"@type\":\"ReadAction\",\"target\":[\"https:\/\/happyinaknit.com\/produktas\/lana-grossa-orsetto-nera\/\"]}]},{\"@type\":\"ImageObject\",\"inLanguage\":\"ru-RU\",\"@id\":\"https:\/\/happyinaknit.com\/produktas\/lana-grossa-orsetto-nera\/#primaryimage\",\"url\":\"https:\/\/happyinaknit.com\/wp-content\/uploads\/2025\/10\/IMG_9795.jpg\",\"contentUrl\":\"https:\/\/happyinaknit.com\/wp-content\/uploads\/2025\/10\/IMG_9795.jpg\",\"width\":1301,\"height\":1365},{\"@type\":\"BreadcrumbList\",\"@id\":\"https:\/\/happyinaknit.com\/produktas\/lana-grossa-orsetto-nera\/#breadcrumb\",\"itemListElement\":[{\"@type\":\"ListItem\",\"position\":1,\"name\":\"Home\",\"item\":\"https:\/\/happyinaknit.com\/lt\/\"},{\"@type\":\"ListItem\",\"position\":2,\"name\":\"Parduotuv\u0117\",\"item\":\"https:\/\/happyinaknit.com\/lt\/parduotuve\/\"},{\"@type\":\"ListItem\",\"position\":3,\"name\":\"Lana Grossa Orsetto (Nera)\"}]},{\"@type\":\"WebSite\",\"@id\":\"https:\/\/happyinaknit.com\/lt\/#website\",\"url\":\"https:\/\/happyinaknit.com\/lt\/\",\"name\":\"Happyinaknit.com\",\"description\":\"\",\"potentialAction\":[{\"@type\":\"SearchAction\",\"target\":{\"@type\":\"EntryPoint\",\"urlTemplate\":\"https:\/\/happyinaknit.com\/lt\/?s={search_term_string}\"},\"query-input\":{\"@type\":\"PropertyValueSpecification\",\"valueRequired\":true,\"valueName\":\"search_term_string\"}}],\"inLanguage\":\"ru-RU\"}]}<\/script>\n<!-- \/ Yoast SEO plugin. -->","yoast_head_json":{"title":"Lana Grossa Orsetto (Nera) - Happyinaknit.com","robots":{"index":"index","follow":"follow","max-snippet":"max-snippet:-1","max-image-preview":"max-image-preview:large","max-video-preview":"max-video-preview:-1"},"canonical":"https:\/\/happyinaknit.com\/ru\/product\/lana-grossa-orsetto-nera\/","og_locale":"ru_RU","og_type":"article","og_title":"Lana Grossa Orsetto (Nera) - Happyinaknit.com","og_description":"Lana Grossa Orsetto (Nera) \u2013 tai itin \u0161veln\u016bs, pur\u016bs si\u016blai su bukl\u0117 efektu, idealiai tinkantys \u0161iltiems megztiniams, liemen\u0117ms ir aksesuarams. Lengvi, jauk\u016bs ir malon\u016bs prie k\u016bno, \u0161ie si\u016blai suteikia mezginiams subtilios prabangos ir i\u0161skirtinio mink\u0161tumo. Sud\u0117tis: 60 % merino vilna, 40 % alpakaSvoris \/ ilgis: 50 g &#8211; 75 mRekomenduojami virbalai: 6,0 \u2013 7,0 mmTankumas: [&hellip;]","og_url":"https:\/\/happyinaknit.com\/ru\/product\/lana-grossa-orsetto-nera\/","og_site_name":"Happyinaknit.com","article_modified_time":"2026-01-12T16:21:00+00:00","og_image":[{"width":1301,"height":1365,"url":"https:\/\/happyinaknit.com\/wp-content\/uploads\/2025\/10\/IMG_9795.jpg","type":"image\/jpeg"}],"twitter_card":"summary_large_image","schema":{"@context":"https:\/\/schema.org","@graph":[{"@type":"WebPage","@id":"https:\/\/happyinaknit.com\/produktas\/lana-grossa-orsetto-nera\/","url":"https:\/\/happyinaknit.com\/produktas\/lana-grossa-orsetto-nera\/","name":"Lana Grossa Orsetto (Nera) - Happyinaknit.com","isPartOf":{"@id":"https:\/\/happyinaknit.com\/lt\/#website"},"primaryImageOfPage":{"@id":"https:\/\/happyinaknit.com\/produktas\/lana-grossa-orsetto-nera\/#primaryimage"},"image":{"@id":"https:\/\/happyinaknit.com\/produktas\/lana-grossa-orsetto-nera\/#primaryimage"},"thumbnailUrl":"https:\/\/happyinaknit.com\/wp-content\/uploads\/2025\/10\/IMG_9795.jpg","datePublished":"2025-10-14T18:40:33+00:00","dateModified":"2026-01-12T16:21:00+00:00","breadcrumb":{"@id":"https:\/\/happyinaknit.com\/produktas\/lana-grossa-orsetto-nera\/#breadcrumb"},"inLanguage":"ru-RU","potentialAction":[{"@type":"ReadAction","target":["https:\/\/happyinaknit.com\/produktas\/lana-grossa-orsetto-nera\/"]}]},{"@type":"ImageObject","inLanguage":"ru-RU","@id":"https:\/\/happyinaknit.com\/produktas\/lana-grossa-orsetto-nera\/#primaryimage","url":"https:\/\/happyinaknit.com\/wp-content\/uploads\/2025\/10\/IMG_9795.jpg","contentUrl":"https:\/\/happyinaknit.com\/wp-content\/uploads\/2025\/10\/IMG_9795.jpg","width":1301,"height":1365},{"@type":"BreadcrumbList","@id":"https:\/\/happyinaknit.com\/produktas\/lana-grossa-orsetto-nera\/#breadcrumb","itemListElement":[{"@type":"ListItem","position":1,"name":"Home","item":"https:\/\/happyinaknit.com\/lt\/"},{"@type":"ListItem","position":2,"name":"Parduotuv\u0117","item":"https:\/\/happyinaknit.com\/lt\/parduotuve\/"},{"@type":"ListItem","position":3,"name":"Lana Grossa Orsetto (Nera)"}]},{"@type":"WebSite","@id":"https:\/\/happyinaknit.com\/lt\/#website","url":"https:\/\/happyinaknit.com\/lt\/","name":"Happyinaknit.com","description":"","potentialAction":[{"@type":"SearchAction","target":{"@type":"EntryPoint","urlTemplate":"https:\/\/happyinaknit.com\/lt\/?s={search_term_string}"},"query-input":{"@type":"PropertyValueSpecification","valueRequired":true,"valueName":"search_term_string"}}],"inLanguage":"ru-RU"}]}},"_links":{"self":[{"href":"https:\/\/happyinaknit.com\/ru\/wp-json\/wp\/v2\/product\/5074","targetHints":{"allow":["GET"]}}],"collection":[{"href":"https:\/\/happyinaknit.com\/ru\/wp-json\/wp\/v2\/product"}],"about":[{"href":"https:\/\/happyinaknit.com\/ru\/wp-json\/wp\/v2\/types\/product"}],"replies":[{"embeddable":true,"href":"https:\/\/happyinaknit.com\/ru\/wp-json\/wp\/v2\/comments?post=5074"}],"wp:featuredmedia":[{"embeddable":true,"href":"https:\/\/happyinaknit.com\/ru\/wp-json\/wp\/v2\/media\/5080"}],"wp:attachment":[{"href":"https:\/\/happyinaknit.com\/ru\/wp-json\/wp\/v2\/media?parent=5074"}],"wp:term":[{"taxonomy":"product_brand","embeddable":true,"href":"https:\/\/happyinaknit.com\/ru\/wp-json\/wp\/v2\/product_brand?post=5074"},{"taxonomy":"product_cat","embeddable":true,"href":"https:\/\/happyinaknit.com\/ru\/wp-json\/wp\/v2\/product_cat?post=5074"},{"taxonomy":"product_tag","embeddable":true,"href":"https:\/\/happyinaknit.com\/ru\/wp-json\/wp\/v2\/product_tag?post=5074"},{"taxonomy":"pro-kategorijos","embeddable":true,"href":"https:\/\/happyinaknit.com\/ru\/wp-json\/wp\/v2\/pro-kategorijos?post=5074"}],"curies":[{"name":"wp","href":"https:\/\/api.w.org\/{rel}","templated":true}]}}