{"id":5009,"date":"2025-10-14T09:46:19","date_gmt":"2025-10-14T09:46:19","guid":{"rendered":"https:\/\/happyinaknit.com\/?post_type=product&#038;p=5009"},"modified":"2025-10-31T12:32:26","modified_gmt":"2025-10-31T12:32:26","slug":"addi-novel-virbalai-su-valu-50-cm","status":"publish","type":"product","link":"https:\/\/happyinaknit.com\/ru\/product\/addi-novel-virbalai-su-valu-50-cm\/","title":{"rendered":"Addi Novel \u0441\u043f\u0438\u0446\u044b \u043d\u0430  \u043b\u0435\u0441\u043a\u0435 50 \u0441\u043c"},"content":{"rendered":"<p data-start=\"278\" data-end=\"700\">\u042d\u0442\u0438 \u0443\u043d\u0438\u043a\u0430\u043b\u044c\u043d\u044b\u0435<strong data-start=\"282\" data-end=\"314\"> \u0441\u043f\u0438\u0446\u044b \u0434\u043b\u044f \u0432\u044f\u0437\u0430\u043d\u0438\u044f Addi Novel<\/strong> \u0438\u043c\u0435\u0442\u044c <strong data-start=\"320\" data-end=\"339\">\u0442\u043e\u043d\u043a\u0438\u0435 \u043a\u043e\u043d\u0447\u0438\u043a\u0438<\/strong>, <strong data-start=\"341\" data-end=\"382\">\u043a\u0443\u0431\u0438\u0447\u0435\u0441\u043a\u0443\u044e \u0444\u043e\u0440\u043c\u0443 \u0441 \u0437\u0430\u043a\u0440\u0443\u0433\u043b\u0435\u043d\u043d\u044b\u043c\u0438 \u0443\u0433\u043b\u0430\u043c\u0438<\/strong> \u0438 <strong data-start=\"386\" data-end=\"416\">\u0441\u043b\u0435\u0433\u043a\u0430 \u0440\u0435\u043b\u044c\u0435\u0444\u043d\u0443\u044e \u043f\u043e\u0432\u0435\u0440\u0445\u043d\u043e\u0441\u0442\u044c<\/strong>, \u0447\u0442\u043e \u0434\u0430\u0435\u0442 <strong data-start=\"433\" data-end=\"475\">\u043f\u0440\u0438\u044f\u0442\u043d\u044b\u0439 \u043c\u0430\u0441\u0441\u0430\u0436\u043d\u044b\u0439 \u0438 \u043f\u0440\u0435\u0434\u043e\u0442\u0432\u0440\u0430\u0449\u0430\u0435\u0442 \u0441\u043a\u043e\u043b\u044c\u0436\u0435\u043d\u0438\u0435.<\/strong>\u041e\u043d\u0438 \u043e\u0447\u0435\u043d\u044c \u0443\u0434\u043e\u0431\u043d\u044b \u0432 \u0440\u0443\u043a\u0430\u0445, \u0438 \u0438\u0434\u0435\u0430\u043b\u044c\u043d\u043e \u043f\u043e\u0434\u0445\u043e\u0434\u044f\u0442 \u0434\u043b\u044f \u043b\u044e\u0434\u0435\u0439 \u0441 <strong data-start=\"547\" data-end=\"583\">\u043f\u0440\u043e\u0431\u043b\u0435\u043c\u0430\u043c\u0438 \u0441\u0443\u0441\u0442\u0430\u0432\u043e\u0432 \u043a\u0438\u0441\u0442\u0435\u0439 \u0438\u043b\u0438 \u043f\u0430\u043b\u044c\u0446\u0435\u0432<\/strong>.<br data-start=\"584\" data-end=\"587\" \/>\u041e\u0442\u043b\u0438\u0447\u043d\u044b\u0439 \u0432\u044b\u0431\u043e\u0440 \u043a\u0430\u043a \u0434\u043b\u044f \u043d\u0430\u0447\u0438\u043d\u0430\u044e\u0449\u0438\u0445, \u0442\u0430\u043a \u0438 \u0434\u043b\u044f \u043e\u043f\u044b\u0442\u043d\u044b\u0445 \u0432\u044f\u0437\u0430\u043b\u044c\u0449\u0438\u0446, \u0438\u0449\u0443\u0449\u0438\u0445 \u043a\u043e\u043c\u0444\u043e\u0440\u0442 \u0438 \u0442\u043e\u0447\u043d\u043e\u0441\u0442\u044c \u0432\u043e \u0432\u0440\u0435\u043c\u044f \u0432\u044f\u0437\u0430\u043d\u0438\u044f.<\/p>\n<h3 data-start=\"707\" data-end=\"736\"><strong data-start=\"711\" data-end=\"736\">\u0422\u0435\u0445\u043d\u0438\u0447\u0435\u0441\u043a\u0430\u044f \u0438\u043d\u0444\u043e\u0440\u043c\u0430\u0446\u0438\u044f:<\/strong><\/h3>\n<ul data-start=\"737\" data-end=\"944\">\n<li data-start=\"737\" data-end=\"791\">\n<p data-start=\"739\" data-end=\"791\">\u041c\u0430\u0442\u0435\u0440\u0438\u0430\u043b: \u0441\u043f\u0438\u0446\u044b  \u0438\u0437 \u043e\u0442\u0431\u0435\u043b\u0435\u043d\u043d\u043e\u0439 \u043b\u0430\u0442\u0443\u043d\u0438<\/p>\n<\/li>\n<li data-start=\"792\" data-end=\"834\">\n<p data-start=\"794\" data-end=\"834\">\u0424\u043e\u0440\u043c\u0430: \u043a\u0443\u0431\u0438\u0447\u0435\u0441\u043a\u0430\u044f \u0441 \u0437\u0430\u043a\u0440\u0443\u0433\u043b\u0435\u043d\u043d\u044b\u043c\u0438 \u0443\u0433\u043b\u0430\u043c\u0438<\/p>\n<\/li>\n<li data-start=\"835\" data-end=\"890\">\n<p data-start=\"837\" data-end=\"890\">\u041f\u043e\u0432\u0435\u0440\u0445\u043d\u043e\u0441\u0442\u044c: \u0441\u043b\u0435\u0433\u043a\u0430 \u0442\u0435\u043a\u0441\u0442\u0443\u0440\u0438\u0440\u043e\u0432\u0430\u043d\u043d\u0430\u044f (\u043c\u0430\u0441\u0441\u0430\u0436\u043d\u044b\u0439 \u044d\u0444\u0444\u0435\u043a\u0442)<\/p>\n<\/li>\n<li data-start=\"891\" data-end=\"918\">\n<p data-start=\"893\" data-end=\"918\">\u0413\u0438\u0431\u043a\u0430\u044f, \u043f\u0440\u043e\u0447\u043d\u0430\u044f \u043b\u0435\u0441\u043a\u0430<\/p>\n<\/li>\n<li data-start=\"919\" data-end=\"944\">\n<p data-start=\"921\" data-end=\"944\">\u0421\u0434\u0435\u043b\u0430\u043d\u043e \u0432 \u0413\u0435\u0440\u043c\u0430\u043d\u0438\u0438<\/p>\n<\/li>\n<\/ul>","protected":false},"excerpt":{"rendered":"<p>\u0160ie unikal\u016bs Addi Novel virbalai turi plonus galiukus, kubin\u0119 form\u0105 su suapvalintais kampais ir lengvai reljefin\u012f pavir\u0161i\u0173, kuris suteikia malon\u0173 masa\u017ein\u012f bei neslystant\u012f efekt\u0105. Jie itin patog\u016bs laikyti rankose ir puikiai tinka \u017emon\u0117ms, turintiems rank\u0173 ar pir\u0161t\u0173 s\u0105nari\u0173 problem\u0173.Puikus pasirinkimas tiek pradedantiesiems, tiek patyrusiems mezg\u0117jams, siekiantiems komforto ir tikslumo mezgant. Technin\u0117 informacija: Med\u017eiaga: : balinto [&hellip;]<\/p>\n","protected":false},"featured_media":4996,"comment_status":"open","ping_status":"closed","template":"","meta":{"_acf_changed":false},"product_brand":[786],"product_cat":[15,19,862],"product_tag":[],"pro-kategorijos":[],"class_list":{"0":"post-5009","1":"product","2":"type-product","3":"status-publish","4":"has-post-thumbnail","6":"product_brand-addi","7":"product_cat-visi-produktai","8":"product_cat-mezgimo-priemones","9":"product_cat-virbalai-su-valu","11":"first","12":"instock","13":"shipping-taxable","14":"purchasable","15":"product-type-variable"},"acf":[],"yoast_head":"<!-- This site is optimized with the Yoast SEO plugin v26.8 - https:\/\/yoast.com\/product\/yoast-seo-wordpress\/ -->\n<title>Addi Novel virbalai su valu 50 cm - Happyinaknit.com<\/title>\n<meta name=\"robots\" content=\"index, follow, max-snippet:-1, max-image-preview:large, max-video-preview:-1\" \/>\n<link rel=\"canonical\" href=\"https:\/\/happyinaknit.com\/ru\/product\/addi-novel-virbalai-su-valu-50-cm\/\" \/>\n<meta property=\"og:locale\" content=\"ru_RU\" \/>\n<meta property=\"og:type\" content=\"article\" \/>\n<meta property=\"og:title\" content=\"Addi Novel virbalai su valu 50 cm - Happyinaknit.com\" \/>\n<meta property=\"og:description\" content=\"\u0160ie unikal\u016bs Addi Novel virbalai turi plonus galiukus, kubin\u0119 form\u0105 su suapvalintais kampais ir lengvai reljefin\u012f pavir\u0161i\u0173, kuris suteikia malon\u0173 masa\u017ein\u012f bei neslystant\u012f efekt\u0105. Jie itin patog\u016bs laikyti rankose ir puikiai tinka \u017emon\u0117ms, turintiems rank\u0173 ar pir\u0161t\u0173 s\u0105nari\u0173 problem\u0173.Puikus pasirinkimas tiek pradedantiesiems, tiek patyrusiems mezg\u0117jams, siekiantiems komforto ir tikslumo mezgant. Technin\u0117 informacija: Med\u017eiaga: : balinto [&hellip;]\" \/>\n<meta property=\"og:url\" content=\"https:\/\/happyinaknit.com\/ru\/product\/addi-novel-virbalai-su-valu-50-cm\/\" \/>\n<meta property=\"og:site_name\" content=\"Happyinaknit.com\" \/>\n<meta property=\"article:modified_time\" content=\"2025-10-31T12:32:26+00:00\" \/>\n<meta property=\"og:image\" content=\"https:\/\/happyinaknit.com\/wp-content\/uploads\/2025\/10\/addinovel-ergonomic-lace-circular-knitting-needles-length-80cm-size-2.0mm-3365-p.png\" \/>\n\t<meta property=\"og:image:width\" content=\"1600\" \/>\n\t<meta property=\"og:image:height\" content=\"1600\" \/>\n\t<meta property=\"og:image:type\" content=\"image\/png\" \/>\n<meta name=\"twitter:card\" content=\"summary_large_image\" \/>\n<script type=\"application\/ld+json\" class=\"yoast-schema-graph\">{\"@context\":\"https:\/\/schema.org\",\"@graph\":[{\"@type\":\"WebPage\",\"@id\":\"https:\/\/happyinaknit.com\/produktas\/addi-novel-virbalai-su-valu-50-cm\/\",\"url\":\"https:\/\/happyinaknit.com\/produktas\/addi-novel-virbalai-su-valu-50-cm\/\",\"name\":\"Addi Novel virbalai su valu 50 cm - Happyinaknit.com\",\"isPartOf\":{\"@id\":\"https:\/\/happyinaknit.com\/lt\/#website\"},\"primaryImageOfPage\":{\"@id\":\"https:\/\/happyinaknit.com\/produktas\/addi-novel-virbalai-su-valu-50-cm\/#primaryimage\"},\"image\":{\"@id\":\"https:\/\/happyinaknit.com\/produktas\/addi-novel-virbalai-su-valu-50-cm\/#primaryimage\"},\"thumbnailUrl\":\"https:\/\/happyinaknit.com\/wp-content\/uploads\/2025\/10\/addinovel-ergonomic-lace-circular-knitting-needles-length-80cm-size-2.0mm-3365-p.png\",\"datePublished\":\"2025-10-14T09:46:19+00:00\",\"dateModified\":\"2025-10-31T12:32:26+00:00\",\"breadcrumb\":{\"@id\":\"https:\/\/happyinaknit.com\/produktas\/addi-novel-virbalai-su-valu-50-cm\/#breadcrumb\"},\"inLanguage\":\"ru-RU\",\"potentialAction\":[{\"@type\":\"ReadAction\",\"target\":[\"https:\/\/happyinaknit.com\/produktas\/addi-novel-virbalai-su-valu-50-cm\/\"]}]},{\"@type\":\"ImageObject\",\"inLanguage\":\"ru-RU\",\"@id\":\"https:\/\/happyinaknit.com\/produktas\/addi-novel-virbalai-su-valu-50-cm\/#primaryimage\",\"url\":\"https:\/\/happyinaknit.com\/wp-content\/uploads\/2025\/10\/addinovel-ergonomic-lace-circular-knitting-needles-length-80cm-size-2.0mm-3365-p.png\",\"contentUrl\":\"https:\/\/happyinaknit.com\/wp-content\/uploads\/2025\/10\/addinovel-ergonomic-lace-circular-knitting-needles-length-80cm-size-2.0mm-3365-p.png\",\"width\":1600,\"height\":1600},{\"@type\":\"BreadcrumbList\",\"@id\":\"https:\/\/happyinaknit.com\/produktas\/addi-novel-virbalai-su-valu-50-cm\/#breadcrumb\",\"itemListElement\":[{\"@type\":\"ListItem\",\"position\":1,\"name\":\"Home\",\"item\":\"https:\/\/happyinaknit.com\/lt\/\"},{\"@type\":\"ListItem\",\"position\":2,\"name\":\"Parduotuv\u0117\",\"item\":\"https:\/\/happyinaknit.com\/lt\/parduotuve\/\"},{\"@type\":\"ListItem\",\"position\":3,\"name\":\"Addi Novel virbalai su valu 50 cm\"}]},{\"@type\":\"WebSite\",\"@id\":\"https:\/\/happyinaknit.com\/lt\/#website\",\"url\":\"https:\/\/happyinaknit.com\/lt\/\",\"name\":\"Happyinaknit.com\",\"description\":\"\",\"potentialAction\":[{\"@type\":\"SearchAction\",\"target\":{\"@type\":\"EntryPoint\",\"urlTemplate\":\"https:\/\/happyinaknit.com\/lt\/?s={search_term_string}\"},\"query-input\":{\"@type\":\"PropertyValueSpecification\",\"valueRequired\":true,\"valueName\":\"search_term_string\"}}],\"inLanguage\":\"ru-RU\"}]}<\/script>\n<!-- \/ Yoast SEO plugin. -->","yoast_head_json":{"title":"Addi Novel virbalai su valu 50 cm - Happyinaknit.com","robots":{"index":"index","follow":"follow","max-snippet":"max-snippet:-1","max-image-preview":"max-image-preview:large","max-video-preview":"max-video-preview:-1"},"canonical":"https:\/\/happyinaknit.com\/ru\/product\/addi-novel-virbalai-su-valu-50-cm\/","og_locale":"ru_RU","og_type":"article","og_title":"Addi Novel virbalai su valu 50 cm - Happyinaknit.com","og_description":"\u0160ie unikal\u016bs Addi Novel virbalai turi plonus galiukus, kubin\u0119 form\u0105 su suapvalintais kampais ir lengvai reljefin\u012f pavir\u0161i\u0173, kuris suteikia malon\u0173 masa\u017ein\u012f bei neslystant\u012f efekt\u0105. Jie itin patog\u016bs laikyti rankose ir puikiai tinka \u017emon\u0117ms, turintiems rank\u0173 ar pir\u0161t\u0173 s\u0105nari\u0173 problem\u0173.Puikus pasirinkimas tiek pradedantiesiems, tiek patyrusiems mezg\u0117jams, siekiantiems komforto ir tikslumo mezgant. Technin\u0117 informacija: Med\u017eiaga: : balinto [&hellip;]","og_url":"https:\/\/happyinaknit.com\/ru\/product\/addi-novel-virbalai-su-valu-50-cm\/","og_site_name":"Happyinaknit.com","article_modified_time":"2025-10-31T12:32:26+00:00","og_image":[{"width":1600,"height":1600,"url":"https:\/\/happyinaknit.com\/wp-content\/uploads\/2025\/10\/addinovel-ergonomic-lace-circular-knitting-needles-length-80cm-size-2.0mm-3365-p.png","type":"image\/png"}],"twitter_card":"summary_large_image","schema":{"@context":"https:\/\/schema.org","@graph":[{"@type":"WebPage","@id":"https:\/\/happyinaknit.com\/produktas\/addi-novel-virbalai-su-valu-50-cm\/","url":"https:\/\/happyinaknit.com\/produktas\/addi-novel-virbalai-su-valu-50-cm\/","name":"Addi Novel virbalai su valu 50 cm - Happyinaknit.com","isPartOf":{"@id":"https:\/\/happyinaknit.com\/lt\/#website"},"primaryImageOfPage":{"@id":"https:\/\/happyinaknit.com\/produktas\/addi-novel-virbalai-su-valu-50-cm\/#primaryimage"},"image":{"@id":"https:\/\/happyinaknit.com\/produktas\/addi-novel-virbalai-su-valu-50-cm\/#primaryimage"},"thumbnailUrl":"https:\/\/happyinaknit.com\/wp-content\/uploads\/2025\/10\/addinovel-ergonomic-lace-circular-knitting-needles-length-80cm-size-2.0mm-3365-p.png","datePublished":"2025-10-14T09:46:19+00:00","dateModified":"2025-10-31T12:32:26+00:00","breadcrumb":{"@id":"https:\/\/happyinaknit.com\/produktas\/addi-novel-virbalai-su-valu-50-cm\/#breadcrumb"},"inLanguage":"ru-RU","potentialAction":[{"@type":"ReadAction","target":["https:\/\/happyinaknit.com\/produktas\/addi-novel-virbalai-su-valu-50-cm\/"]}]},{"@type":"ImageObject","inLanguage":"ru-RU","@id":"https:\/\/happyinaknit.com\/produktas\/addi-novel-virbalai-su-valu-50-cm\/#primaryimage","url":"https:\/\/happyinaknit.com\/wp-content\/uploads\/2025\/10\/addinovel-ergonomic-lace-circular-knitting-needles-length-80cm-size-2.0mm-3365-p.png","contentUrl":"https:\/\/happyinaknit.com\/wp-content\/uploads\/2025\/10\/addinovel-ergonomic-lace-circular-knitting-needles-length-80cm-size-2.0mm-3365-p.png","width":1600,"height":1600},{"@type":"BreadcrumbList","@id":"https:\/\/happyinaknit.com\/produktas\/addi-novel-virbalai-su-valu-50-cm\/#breadcrumb","itemListElement":[{"@type":"ListItem","position":1,"name":"Home","item":"https:\/\/happyinaknit.com\/lt\/"},{"@type":"ListItem","position":2,"name":"Parduotuv\u0117","item":"https:\/\/happyinaknit.com\/lt\/parduotuve\/"},{"@type":"ListItem","position":3,"name":"Addi Novel virbalai su valu 50 cm"}]},{"@type":"WebSite","@id":"https:\/\/happyinaknit.com\/lt\/#website","url":"https:\/\/happyinaknit.com\/lt\/","name":"Happyinaknit.com","description":"","potentialAction":[{"@type":"SearchAction","target":{"@type":"EntryPoint","urlTemplate":"https:\/\/happyinaknit.com\/lt\/?s={search_term_string}"},"query-input":{"@type":"PropertyValueSpecification","valueRequired":true,"valueName":"search_term_string"}}],"inLanguage":"ru-RU"}]}},"_links":{"self":[{"href":"https:\/\/happyinaknit.com\/ru\/wp-json\/wp\/v2\/product\/5009","targetHints":{"allow":["GET"]}}],"collection":[{"href":"https:\/\/happyinaknit.com\/ru\/wp-json\/wp\/v2\/product"}],"about":[{"href":"https:\/\/happyinaknit.com\/ru\/wp-json\/wp\/v2\/types\/product"}],"replies":[{"embeddable":true,"href":"https:\/\/happyinaknit.com\/ru\/wp-json\/wp\/v2\/comments?post=5009"}],"wp:featuredmedia":[{"embeddable":true,"href":"https:\/\/happyinaknit.com\/ru\/wp-json\/wp\/v2\/media\/4996"}],"wp:attachment":[{"href":"https:\/\/happyinaknit.com\/ru\/wp-json\/wp\/v2\/media?parent=5009"}],"wp:term":[{"taxonomy":"product_brand","embeddable":true,"href":"https:\/\/happyinaknit.com\/ru\/wp-json\/wp\/v2\/product_brand?post=5009"},{"taxonomy":"product_cat","embeddable":true,"href":"https:\/\/happyinaknit.com\/ru\/wp-json\/wp\/v2\/product_cat?post=5009"},{"taxonomy":"product_tag","embeddable":true,"href":"https:\/\/happyinaknit.com\/ru\/wp-json\/wp\/v2\/product_tag?post=5009"},{"taxonomy":"pro-kategorijos","embeddable":true,"href":"https:\/\/happyinaknit.com\/ru\/wp-json\/wp\/v2\/pro-kategorijos?post=5009"}],"curies":[{"name":"wp","href":"https:\/\/api.w.org\/{rel}","templated":true}]}}