{"id":4990,"date":"2025-10-14T07:42:51","date_gmt":"2025-10-14T07:42:51","guid":{"rendered":"https:\/\/happyinaknit.com\/?post_type=product&#038;p=4990"},"modified":"2026-02-25T07:08:49","modified_gmt":"2026-02-25T07:08:49","slug":"concept-by-katia-eliseo","status":"publish","type":"product","link":"https:\/\/happyinaknit.com\/ru\/product\/concept-by-katia-eliseo\/","title":{"rendered":"Concept by Katia Eliseo"},"content":{"rendered":"<p data-start=\"0\" data-end=\"408\"><strong data-start=\"0\" data-end=\"34\">\u041a\u043e\u043d\u0446\u0435\u043f\u0446\u0438\u044f \u043f\u0440\u044f\u0436\u0438 \u041a\u0430\u0442\u0438 \u042d\u043b\u0438\u0441\u0435\u043e<\/strong> \u2013 \u044d\u0442\u043e \u043c\u044f\u0433\u043a\u0438\u0435, \u0434\u044b\u0448\u0430\u0449\u0438\u0435 \u0438 \u0441\u043b\u0435\u0433\u043a\u0430 \u0431\u043b\u0435\u0441\u0442\u044f\u0449\u0438\u0435 \u043d\u0438\u0442\u043a\u0438, \u0432 \u0441\u043e\u0441\u0442\u0430\u0432\u0435 \u043a\u043e\u0442\u043e\u0440\u044b\u0445 \u043f\u0440\u0435\u043e\u0431\u043b\u0430\u0434\u0430\u0435\u0442 \u0445\u043b\u043e\u043f\u043e\u043a. \u041d\u0435\u0431\u043e\u043b\u044c\u0448\u043e\u0435 \u043a\u043e\u043b\u0438\u0447\u0435\u0441\u0442\u0432\u043e \u043f\u043e\u043b\u0438\u044d\u0441\u0442\u0435\u0440\u0430 \u0438 \u043f\u043e\u043b\u0438\u0430\u043c\u0438\u0434\u0430 \u043f\u0440\u0438\u0434\u0430\u0451\u0442 \u043d\u0438\u0442\u043a\u0430\u043c \u044d\u043b\u0430\u0441\u0442\u0438\u0447\u043d\u043e\u0441\u0442\u044c \u0438 \u043b\u0451\u0433\u043a\u0438\u0439 \u0431\u043b\u0435\u0441\u043a. \u0411\u043b\u0430\u0433\u043e\u0434\u0430\u0440\u044f \u0441\u0432\u043e\u0435\u043c\u0443 \u0441\u043e\u0441\u0442\u0430\u0432\u0443 \u044d\u0442\u0438 \u043d\u0438\u0442\u043a\u0438 \u0438\u0434\u0435\u0430\u043b\u044c\u043d\u043e \u043f\u043e\u0434\u0445\u043e\u0434\u044f\u0442 \u0434\u043b\u044f <strong data-start=\"262\" data-end=\"336\">\u0434\u043b\u044f \u043b\u0435\u0442\u043d\u0438\u0445 \u0441\u0432\u0438\u0442\u0435\u0440\u043e\u0432, \u0431\u043b\u0443\u0437\u043e\u043a, \u0448\u0430\u0440\u0444\u043e\u0432 \u0438\u043b\u0438 \u043b\u0435\u0433\u043a\u0438\u0445 \u043a\u0430\u0440\u0434\u0438\u0433\u0430\u043d\u043e\u0432<\/strong> \u2013 \u0438\u0437\u0434\u0435\u043b\u0438\u044f \u0438\u0437 \u043d\u0438\u0445 \u043f\u0440\u0438\u044f\u0442\u043d\u043e \u043e\u0431\u043b\u0435\u0433\u0430\u044e\u0442 \u0442\u0435\u043b\u043e \u0438 \u0434\u043e\u043b\u0433\u043e \u0441\u043e\u0445\u0440\u0430\u043d\u044f\u044e\u0442 \u0444\u043e\u0440\u043c\u0443.<\/p>\n<p data-start=\"410\" data-end=\"698\"><strong data-start=\"410\" data-end=\"422\">\u0421\u043e\u0441\u0442\u0430\u0432:<\/strong> 90 % \u0445\u043b\u043e\u043f\u043e\u043a, 9 % \u043f\u043e\u043b\u0438\u044d\u0441\u0442\u0435\u0440, 1 % \u043f\u043e\u043b\u0438\u0430\u043c\u0438\u0434<br data-start=\"469\" data-end=\"472\" \/><strong data-start=\"472\" data-end=\"491\">\u0412\u0435\u0441\/\u0414\u043b\u0438\u043d\u0430:<\/strong> 50 \u0433 - 130 \u043c<br data-start=\"504\" data-end=\"507\" data-is-only-node=\"\" \/><strong data-start=\"507\" data-end=\"535\">\u0420\u0435\u043a\u043e\u043c\u0435\u043d\u0434\u0443\u0435\u043c\u044b\u0435 \u0441\u043f\u0438\u0446\u044b:<\/strong> 3,5 \u2013 4,0 \u043c\u043c<br data-start=\"548\" data-end=\"551\" \/><strong data-start=\"551\" data-end=\"564\">\u041f\u043b\u043e\u0442\u043d\u043e\u0441\u0442\u044c:<\/strong> 10 \u00d7 10 \u0441\u043c \u2013 20 \u043f\u0435\u0442\u0435\u043b\u044c \u00d7 26 \u0440\u044f\u0434\u043e\u0432 (\u0441\u043f\u0438\u0446\u044b 4,0 \u043c\u043c)<br data-start=\"624\" data-end=\"627\" \/><strong data-start=\"627\" data-end=\"654\">\u041f\u0440\u0438\u043c\u0435\u0440\u043d\u044b\u0439 \u0440\u0430\u0441\u0445\u043e\u0434:<\/strong> \u0414\u043b\u044f \u0441\u0432\u0438\u0442\u0435\u0440\u0430 42 \u0440\u0430\u0437\u043c\u0435\u0440\u0430 \u2013 \u043e\u043a\u043e\u043b\u043e 6 \u043a\u043b\u0443\u0431\u043a\u043e\u0432.<\/p>\n<p data-start=\"700\" data-end=\"805\">\u041b\u0435\u0433\u043a\u0438\u0439, \u043c\u044f\u0433\u043a\u0438\u0439 \u0438 \u044d\u043b\u0435\u0433\u0430\u043d\u0442\u043d\u044b\u0439 \u2013 <strong data-start=\"733\" data-end=\"743\">\u0415\u043b\u0438\u0441\u0435\u0439<\/strong> \u041f\u0440\u044f\u0436\u0430 \u043f\u0440\u0438\u0434\u0430\u0441\u0442 \u0432\u0430\u0448\u0438\u043c \u0432\u044f\u0437\u0430\u043d\u044b\u043c \u0438\u0437\u0434\u0435\u043b\u0438\u044f\u043c \u043d\u0435\u043f\u043e\u0432\u0442\u043e\u0440\u0438\u043c\u044b\u0439 \u043b\u0435\u0442\u043d\u0438\u0439 \u0448\u0430\u0440\u043c.<\/p>\n<p data-start=\"807\" data-end=\"895\" data-is-last-node=\"\" data-is-only-node=\"\"><strong data-start=\"807\" data-end=\"819\">\u041f\u0440\u0438\u043c\u0435\u0447\u0430\u043d\u0438\u0435:<\/strong> \u0426\u0432\u0435\u0442\u043e\u0432\u044b\u0435 \u043e\u0442\u0442\u0435\u043d\u043a\u0438 \u043c\u043e\u0433\u0443\u0442 \u043d\u0435\u0437\u043d\u0430\u0447\u0438\u0442\u0435\u043b\u044c\u043d\u043e \u043e\u0442\u043b\u0438\u0447\u0430\u0442\u044c\u0441\u044f \u0432 \u0437\u0430\u0432\u0438\u0441\u0438\u043c\u043e\u0441\u0442\u0438 \u043e\u0442 \u044d\u043a\u0440\u0430\u043d\u0430 \u0432\u0430\u0448\u0435\u0433\u043e \u0443\u0441\u0442\u0440\u043e\u0439\u0441\u0442\u0432\u0430.<\/p>","protected":false},"excerpt":{"rendered":"<p>Concept by Katia Eliseo si\u016blai \u2013 tai \u0161veln\u016bs, kv\u0117puojantys ir \u0161iek tiek \u017evilgantys si\u016blai, kuriuose dominuoja medviln\u0117. Nedidelis poliesterio ir poliamido kiekis suteikia si\u016blui elastingumo bei subtilaus blizgesio. D\u0117l savo sud\u0117ties \u0161ie si\u016blai puikiai tinka vasariniams megztiniams, palaidin\u0117ms, skaroms ar lengviems kardiganams \u2013 gaminiai i\u0161 j\u0173 maloniai priglunda prie k\u016bno ir ilgai i\u0161laiko form\u0105. Sud\u0117tis: [&hellip;]<\/p>\n","protected":false},"featured_media":4878,"comment_status":"open","ping_status":"closed","template":"","meta":{"_acf_changed":false},"product_brand":[69],"product_cat":[15,182,18],"product_tag":[33],"pro-kategorijos":[87,55,81,79],"class_list":{"0":"post-4990","1":"product","2":"type-product","3":"status-publish","4":"has-post-thumbnail","6":"product_brand-concept-by-katia","7":"product_cat-visi-produktai","8":"product_cat-ispardavimas","9":"product_cat-siulai","10":"product_tag-ispardavimas","11":"pro-kategorijos-liureksas","12":"pro-kategorijos-medvilne","13":"pro-kategorijos-poliamidas-zvyneliai","14":"pro-kategorijos-poliesteris","16":"first","17":"instock","18":"sale","19":"shipping-taxable","20":"purchasable","21":"product-type-variable"},"acf":[],"yoast_head":"<!-- This site is optimized with the Yoast SEO plugin v26.8 - https:\/\/yoast.com\/product\/yoast-seo-wordpress\/ -->\n<title>Concept by Katia Eliseo - Happyinaknit.com<\/title>\n<meta name=\"robots\" content=\"index, follow, max-snippet:-1, max-image-preview:large, max-video-preview:-1\" \/>\n<link rel=\"canonical\" href=\"https:\/\/happyinaknit.com\/ru\/product\/concept-by-katia-eliseo\/\" \/>\n<meta property=\"og:locale\" content=\"ru_RU\" \/>\n<meta property=\"og:type\" content=\"article\" \/>\n<meta property=\"og:title\" content=\"Concept by Katia Eliseo - Happyinaknit.com\" \/>\n<meta property=\"og:description\" content=\"Concept by Katia Eliseo si\u016blai \u2013 tai \u0161veln\u016bs, kv\u0117puojantys ir \u0161iek tiek \u017evilgantys si\u016blai, kuriuose dominuoja medviln\u0117. Nedidelis poliesterio ir poliamido kiekis suteikia si\u016blui elastingumo bei subtilaus blizgesio. D\u0117l savo sud\u0117ties \u0161ie si\u016blai puikiai tinka vasariniams megztiniams, palaidin\u0117ms, skaroms ar lengviems kardiganams \u2013 gaminiai i\u0161 j\u0173 maloniai priglunda prie k\u016bno ir ilgai i\u0161laiko form\u0105. Sud\u0117tis: [&hellip;]\" \/>\n<meta property=\"og:url\" content=\"https:\/\/happyinaknit.com\/ru\/product\/concept-by-katia-eliseo\/\" \/>\n<meta property=\"og:site_name\" content=\"Happyinaknit.com\" \/>\n<meta property=\"article:modified_time\" content=\"2026-02-25T07:08:49+00:00\" \/>\n<meta property=\"og:image\" content=\"https:\/\/happyinaknit.com\/wp-content\/uploads\/2025\/10\/IMG_9395.jpg\" \/>\n\t<meta property=\"og:image:width\" content=\"1320\" \/>\n\t<meta property=\"og:image:height\" content=\"1179\" \/>\n\t<meta property=\"og:image:type\" content=\"image\/jpeg\" \/>\n<meta name=\"twitter:card\" content=\"summary_large_image\" \/>\n<meta name=\"twitter:label1\" content=\"\u041f\u0440\u0438\u043c\u0435\u0440\u043d\u043e\u0435 \u0432\u0440\u0435\u043c\u044f \u0434\u043b\u044f \u0447\u0442\u0435\u043d\u0438\u044f\" \/>\n\t<meta name=\"twitter:data1\" content=\"1 \u043c\u0438\u043d\u0443\u0442\u0430\" \/>\n<script type=\"application\/ld+json\" class=\"yoast-schema-graph\">{\"@context\":\"https:\/\/schema.org\",\"@graph\":[{\"@type\":\"WebPage\",\"@id\":\"https:\/\/happyinaknit.com\/produktas\/concept-by-katia-eliseo\/\",\"url\":\"https:\/\/happyinaknit.com\/produktas\/concept-by-katia-eliseo\/\",\"name\":\"Concept by Katia Eliseo - Happyinaknit.com\",\"isPartOf\":{\"@id\":\"https:\/\/happyinaknit.com\/lt\/#website\"},\"primaryImageOfPage\":{\"@id\":\"https:\/\/happyinaknit.com\/produktas\/concept-by-katia-eliseo\/#primaryimage\"},\"image\":{\"@id\":\"https:\/\/happyinaknit.com\/produktas\/concept-by-katia-eliseo\/#primaryimage\"},\"thumbnailUrl\":\"https:\/\/happyinaknit.com\/wp-content\/uploads\/2025\/10\/IMG_9395.jpg\",\"datePublished\":\"2025-10-14T07:42:51+00:00\",\"dateModified\":\"2026-02-25T07:08:49+00:00\",\"breadcrumb\":{\"@id\":\"https:\/\/happyinaknit.com\/produktas\/concept-by-katia-eliseo\/#breadcrumb\"},\"inLanguage\":\"ru-RU\",\"potentialAction\":[{\"@type\":\"ReadAction\",\"target\":[\"https:\/\/happyinaknit.com\/produktas\/concept-by-katia-eliseo\/\"]}]},{\"@type\":\"ImageObject\",\"inLanguage\":\"ru-RU\",\"@id\":\"https:\/\/happyinaknit.com\/produktas\/concept-by-katia-eliseo\/#primaryimage\",\"url\":\"https:\/\/happyinaknit.com\/wp-content\/uploads\/2025\/10\/IMG_9395.jpg\",\"contentUrl\":\"https:\/\/happyinaknit.com\/wp-content\/uploads\/2025\/10\/IMG_9395.jpg\",\"width\":1320,\"height\":1179},{\"@type\":\"BreadcrumbList\",\"@id\":\"https:\/\/happyinaknit.com\/produktas\/concept-by-katia-eliseo\/#breadcrumb\",\"itemListElement\":[{\"@type\":\"ListItem\",\"position\":1,\"name\":\"Home\",\"item\":\"https:\/\/happyinaknit.com\/lt\/\"},{\"@type\":\"ListItem\",\"position\":2,\"name\":\"Parduotuv\u0117\",\"item\":\"https:\/\/happyinaknit.com\/lt\/parduotuve\/\"},{\"@type\":\"ListItem\",\"position\":3,\"name\":\"Concept by Katia Eliseo\"}]},{\"@type\":\"WebSite\",\"@id\":\"https:\/\/happyinaknit.com\/lt\/#website\",\"url\":\"https:\/\/happyinaknit.com\/lt\/\",\"name\":\"Happyinaknit.com\",\"description\":\"\",\"potentialAction\":[{\"@type\":\"SearchAction\",\"target\":{\"@type\":\"EntryPoint\",\"urlTemplate\":\"https:\/\/happyinaknit.com\/lt\/?s={search_term_string}\"},\"query-input\":{\"@type\":\"PropertyValueSpecification\",\"valueRequired\":true,\"valueName\":\"search_term_string\"}}],\"inLanguage\":\"ru-RU\"}]}<\/script>\n<!-- \/ Yoast SEO plugin. -->","yoast_head_json":{"title":"Concept by Katia Eliseo - Happyinaknit.com","robots":{"index":"index","follow":"follow","max-snippet":"max-snippet:-1","max-image-preview":"max-image-preview:large","max-video-preview":"max-video-preview:-1"},"canonical":"https:\/\/happyinaknit.com\/ru\/product\/concept-by-katia-eliseo\/","og_locale":"ru_RU","og_type":"article","og_title":"Concept by Katia Eliseo - Happyinaknit.com","og_description":"Concept by Katia Eliseo si\u016blai \u2013 tai \u0161veln\u016bs, kv\u0117puojantys ir \u0161iek tiek \u017evilgantys si\u016blai, kuriuose dominuoja medviln\u0117. Nedidelis poliesterio ir poliamido kiekis suteikia si\u016blui elastingumo bei subtilaus blizgesio. D\u0117l savo sud\u0117ties \u0161ie si\u016blai puikiai tinka vasariniams megztiniams, palaidin\u0117ms, skaroms ar lengviems kardiganams \u2013 gaminiai i\u0161 j\u0173 maloniai priglunda prie k\u016bno ir ilgai i\u0161laiko form\u0105. Sud\u0117tis: [&hellip;]","og_url":"https:\/\/happyinaknit.com\/ru\/product\/concept-by-katia-eliseo\/","og_site_name":"Happyinaknit.com","article_modified_time":"2026-02-25T07:08:49+00:00","og_image":[{"width":1320,"height":1179,"url":"https:\/\/happyinaknit.com\/wp-content\/uploads\/2025\/10\/IMG_9395.jpg","type":"image\/jpeg"}],"twitter_card":"summary_large_image","twitter_misc":{"\u041f\u0440\u0438\u043c\u0435\u0440\u043d\u043e\u0435 \u0432\u0440\u0435\u043c\u044f \u0434\u043b\u044f \u0447\u0442\u0435\u043d\u0438\u044f":"1 \u043c\u0438\u043d\u0443\u0442\u0430"},"schema":{"@context":"https:\/\/schema.org","@graph":[{"@type":"WebPage","@id":"https:\/\/happyinaknit.com\/produktas\/concept-by-katia-eliseo\/","url":"https:\/\/happyinaknit.com\/produktas\/concept-by-katia-eliseo\/","name":"Concept by Katia Eliseo - Happyinaknit.com","isPartOf":{"@id":"https:\/\/happyinaknit.com\/lt\/#website"},"primaryImageOfPage":{"@id":"https:\/\/happyinaknit.com\/produktas\/concept-by-katia-eliseo\/#primaryimage"},"image":{"@id":"https:\/\/happyinaknit.com\/produktas\/concept-by-katia-eliseo\/#primaryimage"},"thumbnailUrl":"https:\/\/happyinaknit.com\/wp-content\/uploads\/2025\/10\/IMG_9395.jpg","datePublished":"2025-10-14T07:42:51+00:00","dateModified":"2026-02-25T07:08:49+00:00","breadcrumb":{"@id":"https:\/\/happyinaknit.com\/produktas\/concept-by-katia-eliseo\/#breadcrumb"},"inLanguage":"ru-RU","potentialAction":[{"@type":"ReadAction","target":["https:\/\/happyinaknit.com\/produktas\/concept-by-katia-eliseo\/"]}]},{"@type":"ImageObject","inLanguage":"ru-RU","@id":"https:\/\/happyinaknit.com\/produktas\/concept-by-katia-eliseo\/#primaryimage","url":"https:\/\/happyinaknit.com\/wp-content\/uploads\/2025\/10\/IMG_9395.jpg","contentUrl":"https:\/\/happyinaknit.com\/wp-content\/uploads\/2025\/10\/IMG_9395.jpg","width":1320,"height":1179},{"@type":"BreadcrumbList","@id":"https:\/\/happyinaknit.com\/produktas\/concept-by-katia-eliseo\/#breadcrumb","itemListElement":[{"@type":"ListItem","position":1,"name":"Home","item":"https:\/\/happyinaknit.com\/lt\/"},{"@type":"ListItem","position":2,"name":"Parduotuv\u0117","item":"https:\/\/happyinaknit.com\/lt\/parduotuve\/"},{"@type":"ListItem","position":3,"name":"Concept by Katia Eliseo"}]},{"@type":"WebSite","@id":"https:\/\/happyinaknit.com\/lt\/#website","url":"https:\/\/happyinaknit.com\/lt\/","name":"Happyinaknit.com","description":"","potentialAction":[{"@type":"SearchAction","target":{"@type":"EntryPoint","urlTemplate":"https:\/\/happyinaknit.com\/lt\/?s={search_term_string}"},"query-input":{"@type":"PropertyValueSpecification","valueRequired":true,"valueName":"search_term_string"}}],"inLanguage":"ru-RU"}]}},"_links":{"self":[{"href":"https:\/\/happyinaknit.com\/ru\/wp-json\/wp\/v2\/product\/4990","targetHints":{"allow":["GET"]}}],"collection":[{"href":"https:\/\/happyinaknit.com\/ru\/wp-json\/wp\/v2\/product"}],"about":[{"href":"https:\/\/happyinaknit.com\/ru\/wp-json\/wp\/v2\/types\/product"}],"replies":[{"embeddable":true,"href":"https:\/\/happyinaknit.com\/ru\/wp-json\/wp\/v2\/comments?post=4990"}],"wp:featuredmedia":[{"embeddable":true,"href":"https:\/\/happyinaknit.com\/ru\/wp-json\/wp\/v2\/media\/4878"}],"wp:attachment":[{"href":"https:\/\/happyinaknit.com\/ru\/wp-json\/wp\/v2\/media?parent=4990"}],"wp:term":[{"taxonomy":"product_brand","embeddable":true,"href":"https:\/\/happyinaknit.com\/ru\/wp-json\/wp\/v2\/product_brand?post=4990"},{"taxonomy":"product_cat","embeddable":true,"href":"https:\/\/happyinaknit.com\/ru\/wp-json\/wp\/v2\/product_cat?post=4990"},{"taxonomy":"product_tag","embeddable":true,"href":"https:\/\/happyinaknit.com\/ru\/wp-json\/wp\/v2\/product_tag?post=4990"},{"taxonomy":"pro-kategorijos","embeddable":true,"href":"https:\/\/happyinaknit.com\/ru\/wp-json\/wp\/v2\/pro-kategorijos?post=4990"}],"curies":[{"name":"wp","href":"https:\/\/api.w.org\/{rel}","templated":true}]}}